{"id":69528,"date":"2025-02-15T12:16:57","date_gmt":"2025-02-15T11:16:57","guid":{"rendered":"https:\/\/www2.adfc-wiesbaden.de\/?page_id=69528"},"modified":"2025-10-15T07:53:23","modified_gmt":"2025-10-15T05:53:23","slug":"lilja","status":"publish","type":"page","link":"https:\/\/www.adfc-wiesbaden.de\/ar\/service\/lilja\/","title":{"rendered":"\u062a\u0623\u062c\u064a\u0631 \u062f\u0631\u0627\u062c\u0629 \u0627\u0644\u0628\u0636\u0627\u0626\u0639 \u0644\u064a\u0644\u062c\u0627"},"content":{"rendered":"<!--themify_builder_content-->\n<div id=\"themify_builder_content-69528\" data-postid=\"69528\" class=\"themify_builder_content themify_builder_content-69528 themify_builder tf_clear\">\n                    <div  data-lazy=\"1\" class=\"module_row themify_builder_row tb_xt4e383 tb_first tf_w\">\n                        <div class=\"row_inner col_align_top tb_col_count_1 tf_box tf_rel\">\n                        <div  data-lazy=\"1\" class=\"module_column tb-column col-full tb_u1b1383 first\">\n                    <!-- module image -->\n<div  class=\"module module-image tb_7k78383 image-top   tf_mw tb_gs2677162d\" data-lazy=\"1\">\n        <div class=\"image-wrap tf_rel tf_mw\">\n            <img decoding=\"async\" src=\"\/wp-content\/uploads\/2025\/02\/Kamilla.jpg\" title=\"\u062a\u0623\u062c\u064a\u0631 \u062f\u0631\u0627\u062c\u0629 \u0627\u0644\u0628\u0636\u0627\u0626\u0639 \u0644\u064a\u0644\u062c\u0627\" alt=\"\u062a\u0623\u062c\u064a\u0631 \u062f\u0631\u0627\u062c\u0629 \u0627\u0644\u0628\u0636\u0627\u0626\u0639 \u0644\u064a\u0644\u062c\u0627\">    \n        <\/div>\n    <!-- \/image-wrap -->\n    \n        <\/div>\n<!-- \/module image -->        <div  data-lazy=\"1\" class=\"module_subrow themify_builder_sub_row tf_w col_align_top tb_col_count_3 tb_1qyl383\">\n                <div  data-lazy=\"1\" class=\"module_column sub_column col3-1 tb_y2wt383 first\">\n                    <!-- module image -->\n<div  class=\"module module-image tb_e964453 image-center   tf_mw\" data-lazy=\"1\">\n        <div class=\"image-wrap tf_rel tf_mw\">\n            <img decoding=\"async\" src=\"\/wp-content\/uploads\/2025\/02\/Dreieck_Orange.png\" width=\"44\" title=\"\u062a\u0623\u062c\u064a\u0631 \u062f\u0631\u0627\u062c\u0629 \u0627\u0644\u0628\u0636\u0627\u0626\u0639 \u0644\u064a\u0644\u062c\u0627\" alt=\"\u062a\u0623\u062c\u064a\u0631 \u062f\u0631\u0627\u062c\u0629 \u0627\u0644\u0628\u0636\u0627\u0626\u0639 \u0644\u064a\u0644\u062c\u0627\">    \n        <\/div>\n    <!-- \/image-wrap -->\n    \n        <\/div>\n<!-- \/module image -->        <\/div>\n                    <div  data-lazy=\"1\" class=\"module_column sub_column col3-1 tb_fwdm383\">\n                            <\/div>\n                    <div  data-lazy=\"1\" class=\"module_column sub_column col3-1 tb_utjq383 last\">\n                            <\/div>\n                    <\/div>\n        <!-- module plain text -->\n<div  class=\"module module-plain-text tb_kj68383 bild_header_h1 adfc_orange tb_gs4151609\" data-lazy=\"1\">\n        <div class=\"tb_text_wrap\">\n    <span style=\"font-size:28px; line-height:34px;\" >\u0644\u064a\u0644\u062c\u0627 \u0643\u0627\u0645\u064a\u0644\u0627<\/span><span style=\"float:right;font-size:14px; line-height:34px;margin-right:5px;\">\u00a9 \u0633\u062a\u064a\u0641\u064a\u0646 Gleichck<\/span>    <\/div>\n<\/div>\n<!-- \/module plain text -->        <\/div>\n                        <\/div>\n        <\/div>\n                        <div  data-lazy=\"1\" class=\"module_row themify_builder_row tb_0pue910 tf_w\">\n                        <div class=\"row_inner col_align_top tb_col_count_2 tf_box tf_rel\">\n                        <div  data-lazy=\"1\" class=\"module_column tb-column col4-2 tb_w7ln911 first\">\n                    <!-- module text -->\n<div  class=\"module module-text tb_acuq78    tb_gs678604\" data-lazy=\"1\">\n        <div  class=\"tb_text_wrap\">\n        <h1 class=\"\">Lilja - \u062f\u0631\u0627\u062c\u0629 \u0627\u0644\u0628\u0636\u0627\u0626\u0639 \u0644 Wiesbaden<\/h1>\n<p><b>\u0625\u0630\u0627 \u0643\u0646\u062a \u062a\u0631\u063a\u0628 \u0641\u064a \u0646\u0642\u0644 \u0645\u0634\u062a\u0631\u064a\u0627\u062a \u0643\u0628\u064a\u0631\u0629 \u0623\u0648 \u0623\u0634\u064a\u0627\u0621 \u0636\u062e\u0645\u0629 \u0628\u062f\u0648\u0646 \u0633\u064a\u0627\u0631\u0629 \u060c \u064a\u0645\u0643\u0646\u0643 \u0627\u0633\u062a\u0626\u062c\u0627\u0631 \u062f\u0631\u0627\u062c\u0627\u062a \u0627\u0644\u0628\u0636\u0627\u0626\u0639 \u0645\u0646 \u0639\u0627\u0626\u0644\u0629 LILJA \u0645\u062c\u0627\u0646\u064b\u0627 \u0641\u064a Wiesbaden.<\/b><\/p>\n<p>\u064a\u0645\u0643\u0646 \u0627\u0633\u062a\u0626\u062c\u0627\u0631 \u062f\u0631\u0627\u062c\u0627\u062a \u0627\u0644\u0634\u062d\u0646 \u0644\u0645\u062f\u0629 \u062a\u0635\u0644 \u0625\u0644\u0649 \u064a\u0648\u0645\u064a\u0646 \u0645\u062a\u062a\u0627\u0644\u064a\u064a\u0646 \u0628\u0639\u062f \u0627\u0644\u062a\u0633\u062c\u064a\u0644 \u0648\u0627\u0644\u062d\u062c\u0632 \u0639\u0628\u0631\u00a0<b><a href=\"http:\/\/www.lilja-wiesbaden.de\/\" target=\"_blank\" rel=\"noopener\">www.lilja-wiesbaden.de<\/a>\u00a0<\/b>. \u0633\u062a\u062c\u062f \u0647\u0646\u0627 \u062c\u0645\u064a\u0639 \u0627\u0644\u0645\u0639\u0644\u0648\u0645\u0627\u062a \u062d\u0648\u0644 \u0627\u0644\u0641\u0643\u0631\u0629 \u0648\u0627\u0644\u062f\u0631\u0627\u062c\u0627\u062a \u0648\u0627\u0644\u0625\u064a\u062c\u0627\u0631 \u0648\u0627\u0644\u0645\u0648\u0627\u0642\u0639.<\/p>\n<p>\u0634\u0631\u0627\u0621 \u0623\u0648\u0644 \u062f\u0631\u0627\u062c\u0629 \u0634\u062d\u0646 \u0645\u0646 ADFC \u0648\u0628\u0627\u0644\u062a\u0627\u0644\u064a \u0627\u0644\u0645\u0634\u0631\u0648\u0639 <b>Lilja - \u062f\u0631\u0627\u062c\u0629 \u0627\u0644\u0628\u0636\u0627\u0626\u0639 \u0644 Wiesbaden<\/b> \u0648\u0642\u062f \u0623\u0635\u0628\u062d \u0630\u0644\u0643 \u0645\u0645\u0643\u0646\u0627 \u0645\u0646 \u062e\u0644\u0627\u0644 \u0627\u0644\u062f\u0639\u0645 \u0627\u0644\u0645\u0627\u0644\u064a \u0645\u0646 \u0633\u0628\u0627\u0631\u062f\u0627 \u0641\u064a\u0631\u064a\u0646\u062a \u0641\u0636\u0644\u0627 \u0639\u0646 \u0627\u0644\u062a\u0645\u0648\u064a\u0644 \u0645\u0646 \u0627\u0644\u0645\u062c\u0627\u0644\u0633 \u0627\u0644\u0627\u0633\u062a\u0634\u0627\u0631\u064a\u0629 \u0627\u0644\u0645\u062d\u0644\u064a\u0629 \u0648\u064a\u0633\u062a\u0646\u062f \u0648\u0631\u064a\u0646\u063a\u0648\u0641\u064a\u0631\u062a\u0644.<\/p>\n<p>\u062a\u0645\u0648\u064a\u0644 \u062f\u0631\u0627\u062c\u0629 \u0627\u0644\u0634\u062d\u0646 \u0627\u0644\u062b\u0627\u0646\u064a\u0629\u00a0<b>\u0644\u064a\u0644\u062c\u0627 \u0643\u0627\u0645\u064a\u0644\u0627\u00a0<\/b>\u0627\u0639\u062a\u0645\u062f \u0641\u0631\u064a\u0642 \u0627\u0644\u0645\u0634\u0631\u0648\u0639 \u0639\u0644\u0649 \u0627\u0644\u062f\u0639\u0645 \u0645\u0646 \u0627\u0644\u0645\u0648\u0627\u0637\u0646\u064a\u0646 \u0648\u0628\u062f\u0623 \u0645\u0627 \u064a\u0633\u0645\u0649 \u0628\u0627\u0644\u062a\u0645\u0648\u064a\u0644 \u0627\u0644\u062c\u0645\u0627\u0639\u064a \u0645\u0639 Wiesbaden Crowd \u060c \u0648\u0647\u064a \u0645\u0646\u0635\u0629 \u062a\u0645\u0648\u064a\u0644 LH Wiesbaden \u0645\u0646 ESWE Versorgungs. \u0628\u0641\u0636\u0644 74 \u0645\u0627\u0646\u062d\u064b\u0627 \u0628\u0627\u0644\u0625\u0636\u0627\u0641\u0629 \u0625\u0644\u0649 \u0627\u0644\u062f\u0639\u0645 \u0627\u0644\u0645\u0642\u062f\u0645 \u0645\u0646 ESWE Versorgungs \u060c \u064a\u0645\u0643\u0646 \u062c\u0645\u0639 \u0623\u0643\u062b\u0631 \u0645\u0646 3000 \u064a\u0648\u0631\u0648 \u060c \u0628\u0627\u0644\u0625\u0636\u0627\u0641\u0629 \u0625\u0644\u0649 \u0627\u0644\u0645\u0628\u0644\u063a \u0627\u0644\u0623\u0633\u0627\u0633\u064a \u0645\u0646 \u0627\u0644\u062c\u0645\u0639\u064a\u0629.<\/p>\n<p>\u0627\u0644\u0625\u064a\u062c\u0627\u0631 \u0645\u062c\u0627\u0646\u064a \u060c <a href=\"https:\/\/www.adfc-wiesbaden.de\/ar\/den-adfc-unterstuetzen\/spenden\/\">\u062a\u0635\u0646\u064a\u0641: \u062a\u0628\u0631\u0639\u0627\u062a<\/a>, \u0639\u0644\u0649 \u0633\u0628\u064a\u0644 \u0627\u0644\u0645\u062b\u0627\u0644 \u0644\u0644\u0635\u064a\u0627\u0646\u0629 \u0648\u0627\u0644\u0625\u0635\u0644\u0627\u062d \u060c \u0648\u0644\u0643\u0646 \u0646\u0631\u062d\u0628 \u062a\u0631\u062d\u064a\u0628\u0627 \u062d\u0627\u0631\u0627. \u0646\u062d\u0646 \u0633\u0639\u062f\u0627\u0621 \u0623\u064a\u0636\u064b\u0627 \u0625\u0630\u0627 \u0643\u0627\u0646 \u0645\u0633\u062a\u062e\u062f\u0645\u0648 LILJA: <a href=\"https:\/\/www2.adfc-wiesbaden.de\/den-adfc-unterstuetzen\/\">\u0627\u0644\u0639\u0636\u0648\u064a\u0629 \u0641\u064a \u0627\u0644\u062c\u0645\u0639\u064a\u0629<\/a> \u202b - \u0627\u0644\u062f\u0639\u0645.<\/p>    <\/div>\n<\/div>\n<!-- \/module text -->        <\/div>\n                    <div  data-lazy=\"1\" class=\"module_column tb-column col4-2 tb_ci23719 last\">\n                    <!-- module text -->\n<div  class=\"module module-text tb_ag48964    tb_gs678604\" data-lazy=\"1\">\n        <div  class=\"tb_text_wrap\">\n            <\/div>\n<\/div>\n<!-- \/module text --><!-- module plain text -->\n<div  class=\"module module-plain-text tb_4usk609  tb_gs678604\" data-lazy=\"1\">\n        <div class=\"tb_text_wrap\">\n    <iframe loading=\"lazy\" frameborder=\"0\" marginheight=\"0\" marginwidth=\"0\" src=\"https:\/\/project-widget.betterplace.org\/projects\/158073?l=de\" width=\"100%\" height=\"320\" style=\"border: 0; padding:0; margin:0;\">\u0625\u0639\u0644\u0627\u0645 \u0648\u062a\u0628\u0631\u0639 \u0628\u0645\u0627 \u064a\u0644\u064a: &lt;a href=&#039;https:\/\/www.betterplace.org\/de\/projects\/158073-lilja-dein-kostenloses-lastenrad-fuer-wiesbaden-rheingau-taunus&#039; target=&#039;_blank&#039;&gt;&quot;\u0644\u064a\u0644\u062c\u0627 - \u062f\u0631\u0627\u062c\u0629 \u0627\u0644\u0634\u062d\u0646 \u0627\u0644\u0645\u062c\u0627\u0646\u064a\u0629 \u0644\u0640 Wiesbaden \/ Rheingau-Taunus&quot;&lt;\/a&gt; \u0627\u0641\u062a\u062d \u0639\u0644\u0649 betterplace.org.<\/iframe>    <\/div>\n<\/div>\n<!-- \/module plain text -->        <\/div>\n                        <\/div>\n        <\/div>\n        <\/div>\n<!--\/themify_builder_content-->\n\n\n<p><\/p>","protected":false},"excerpt":{"rendered":"<p>\u0645\u0639\u0644\u0648\u0645\u0627\u062a \u062d\u0648\u0644 \u0645\u0646\u0635\u0629 Lilja \u0644\u062a\u0623\u062c\u064a\u0631 \u0627\u0644\u062f\u0631\u0627\u062c\u0627\u062a \u0627\u0644\u0628\u0636\u0627\u0626\u0639 \u0645\u062c\u0627\u0646\u0627 \u0641\u064a \u0641\u064a\u0633\u0628\u0627\u062f\u0646<\/p>","protected":false},"author":50,"featured_media":69530,"parent":69773,"menu_order":0,"comment_status":"closed","ping_status":"closed","template":"","meta":{"footnotes":""},"tags":[],"class_list":["post-69528","page","type-page","status-publish","has-post-thumbnail","hentry","has-post-title","has-post-date","has-post-category","has-post-tag","has-post-comment","has-post-author",""],"builder_content":"<img src=\"\/wp-content\/uploads\/2025\/02\/Kamilla.jpg\" title=\"Lastenradverleih Lilja\" alt=\"Lastenradverleih Lilja\">\n<img src=\"\/wp-content\/uploads\/2025\/02\/Dreieck_Orange.png\" width=\"44\" title=\"Lastenradverleih Lilja\" alt=\"Lastenradverleih Lilja\">\nLILJA Kamilla&copy; Steffen Genauck\n<h1>LILJA - Lastenrad f\u00fcr Wiesbaden<\/h1> <p><b>Wer gro\u00dfe Eink\u00e4ufe oder sperrige Sachen ohne Auto transportieren will, kann sich in Wiesbaden kostenfrei Lastenfahrr\u00e4der der LILJA-Familie ausleihen.<\/b><\/p> <p>Ausleihbar sind die Lastenr\u00e4der f\u00fcr bis zu zwei zusammenh\u00e4ngende Tage nach einer Registrierung und Buchung \u00fcber\u00a0<b><a href=\"http:\/\/www.lilja-wiesbaden.de\/\" target=\"_blank\" rel=\"noopener\">www.lilja-wiesbaden.de<\/a>\u00a0<\/b>. Hier findet ihr alle Informationen zur Idee, den R\u00e4dern, der Leihe und den Standorten.<\/p> <p>Die Anschaffung des ersten Lastenrads des ADFC und damit das Projekt <b>LILJA - Lastenrad f\u00fcr Wiesbaden<\/b> wurde m\u00f6glich durch eine finanzielle Unterst\u00fctzung von Sparda-Vereint sowie Finanzmittel der Ortsbeir\u00e4te Westend und Rheingauviertel.<\/p> <p>Zur Finanzierung des zweiten Lastenrads\u00a0<b>LILJA Kamilla\u00a0<\/b>hat das Projektteam auf Unterst\u00fctzung aus der B\u00fcrgerschaft gesetzt und mit Wiesbaden Crowd, der F\u00f6rderplattform der LH Wiesbaden von ESWE Versorgung, ein sogenanntes Crowdfunding initiiert. Dank 74 Spenderinnen und Spendern plus dem Zuschuss von ESWE Versorgung konnten so \u00fcber 3.000 Euro gesammelt werden, dazu noch der Sockelbetrag vom Verein.<\/p> <p>Der Verleih ist kostenfrei, <a href=\"\/den-adfc-unterstuetzen\/spenden\">Spenden<\/a>, etwa f\u00fcr Wartung und Reparatur, sind aber herzlich willkommen. Wir freuen uns auch, wenn LILJA-Nutzer:innen uns mit einer <a href=\"https:\/\/www2.adfc-wiesbaden.de\/den-adfc-unterstuetzen\/\">Mitgliedschaft im Verein<\/a> unterst\u00fctzen.<\/p>\n\n<iframe loading=\"lazy\" frameborder=\"0\" marginheight=\"0\" marginwidth=\"0\" src=\"https:\/\/project-widget.betterplace.org\/projects\/158073?l=de\" width=\"100%\" height=\"320\" style=\"border: 0; padding:0; margin:0;\">Informieren und spenden: &lt;a href=&#39;https:\/\/www.betterplace.org\/de\/projects\/158073-lilja-dein-kostenloses-lastenrad-fuer-wiesbaden-rheingau-taunus&#39; target=&#39;_blank&#39;&gt;\u201eLILJA - Dein kostenloses Lastenrad f\u00fcr Wiesbaden \/ Rheingau-Taunus\u201c&lt;\/a&gt; auf betterplace.org \u00f6ffnen.<\/iframe>","_links":{"self":[{"href":"https:\/\/www.adfc-wiesbaden.de\/ar\/wp-json\/wp\/v2\/pages\/69528","targetHints":{"allow":["GET"]}}],"collection":[{"href":"https:\/\/www.adfc-wiesbaden.de\/ar\/wp-json\/wp\/v2\/pages"}],"about":[{"href":"https:\/\/www.adfc-wiesbaden.de\/ar\/wp-json\/wp\/v2\/types\/page"}],"author":[{"embeddable":true,"href":"https:\/\/www.adfc-wiesbaden.de\/ar\/wp-json\/wp\/v2\/users\/50"}],"replies":[{"embeddable":true,"href":"https:\/\/www.adfc-wiesbaden.de\/ar\/wp-json\/wp\/v2\/comments?post=69528"}],"version-history":[{"count":20,"href":"https:\/\/www.adfc-wiesbaden.de\/ar\/wp-json\/wp\/v2\/pages\/69528\/revisions"}],"predecessor-version":[{"id":74247,"href":"https:\/\/www.adfc-wiesbaden.de\/ar\/wp-json\/wp\/v2\/pages\/69528\/revisions\/74247"}],"up":[{"embeddable":true,"href":"https:\/\/www.adfc-wiesbaden.de\/ar\/wp-json\/wp\/v2\/pages\/69773"}],"wp:featuredmedia":[{"embeddable":true,"href":"https:\/\/www.adfc-wiesbaden.de\/ar\/wp-json\/wp\/v2\/media\/69530"}],"wp:attachment":[{"href":"https:\/\/www.adfc-wiesbaden.de\/ar\/wp-json\/wp\/v2\/media?parent=69528"}],"wp:term":[{"taxonomy":"post_tag","embeddable":true,"href":"https:\/\/www.adfc-wiesbaden.de\/ar\/wp-json\/wp\/v2\/tags?post=69528"}],"curies":[{"name":"wp","href":"https:\/\/api.w.org\/{rel}","templated":true}]}}