{"id":69543,"date":"2025-02-15T12:18:51","date_gmt":"2025-02-15T11:18:51","guid":{"rendered":"https:\/\/www2.adfc-wiesbaden.de\/?page_id=69543"},"modified":"2026-03-17T06:23:31","modified_gmt":"2026-03-17T05:23:31","slug":"fahrradboersen","status":"publish","type":"page","link":"https:\/\/www.adfc-wiesbaden.de\/ar\/service\/fahrradboersen\/","title":{"rendered":"\u062a\u0628\u0627\u062f\u0644 \u0627\u0644\u062f\u0631\u0627\u062c\u0627\u062a \u0627\u0644\u0647\u0648\u0627\u0626\u064a\u0629"},"content":{"rendered":"<!--themify_builder_content-->\n<div id=\"themify_builder_content-69543\" data-postid=\"69543\" class=\"themify_builder_content themify_builder_content-69543 themify_builder tf_clear\">\n                    <div  data-lazy=\"1\" class=\"module_row themify_builder_row tb_vykx741 tb_first tf_w\">\n                        <div class=\"row_inner col_align_top tb_col_count_1 tf_box tf_rel\">\n                        <div  data-lazy=\"1\" class=\"module_column tb-column col-full tb_w16r741 first\">\n                    <!-- module image -->\n<div  class=\"module module-image tb_jgt2741 image-top   tf_mw tb_gs2677162d\" data-lazy=\"1\">\n        <div class=\"image-wrap tf_rel tf_mw\">\n            <img decoding=\"async\" src=\"\/wp-content\/uploads\/2025\/03\/2025-03-10_5923-scaled.jpg\" title=\"\u062a\u0628\u0627\u062f\u0644 \u0627\u0644\u062f\u0631\u0627\u062c\u0627\u062a \u0627\u0644\u0647\u0648\u0627\u0626\u064a\u0629\" alt=\"\u062a\u0628\u0627\u062f\u0644 \u0627\u0644\u062f\u0631\u0627\u062c\u0627\u062a \u0627\u0644\u0647\u0648\u0627\u0626\u064a\u0629\">    \n        <\/div>\n    <!-- \/image-wrap -->\n    \n        <\/div>\n<!-- \/module image -->        <div  data-lazy=\"1\" class=\"module_subrow themify_builder_sub_row tf_w col_align_top tb_col_count_3 tb_9ml0741\">\n                <div  data-lazy=\"1\" class=\"module_column sub_column col3-1 tb_edyg741 first\">\n                    <!-- module image -->\n<div  class=\"module module-image tb_yins878 image-center   tf_mw\" data-lazy=\"1\">\n        <div class=\"image-wrap tf_rel tf_mw\">\n            <img decoding=\"async\" src=\"\/wp-content\/uploads\/2025\/02\/Dreieck_Orange.png\" width=\"44\" title=\"\u062a\u0628\u0627\u062f\u0644 \u0627\u0644\u062f\u0631\u0627\u062c\u0627\u062a \u0627\u0644\u0647\u0648\u0627\u0626\u064a\u0629\" alt=\"\u062a\u0628\u0627\u062f\u0644 \u0627\u0644\u062f\u0631\u0627\u062c\u0627\u062a \u0627\u0644\u0647\u0648\u0627\u0626\u064a\u0629\">    \n        <\/div>\n    <!-- \/image-wrap -->\n    \n        <\/div>\n<!-- \/module image -->        <\/div>\n                    <div  data-lazy=\"1\" class=\"module_column sub_column col3-1 tb_fdtf741\">\n                            <\/div>\n                    <div  data-lazy=\"1\" class=\"module_column sub_column col3-1 tb_cops741 last\">\n                            <\/div>\n                    <\/div>\n        <!-- module plain text -->\n<div  class=\"module module-plain-text tb_n012741 bild_header_h1 adfc_orange tb_gs4151609\" data-lazy=\"1\">\n        <div class=\"tb_text_wrap\">\n    <span style=\"font-size:28px;line-height:34px\"> \u062a\u0628\u0627\u062f\u0644 \u0627\u0644\u062f\u0631\u0627\u062c\u0627\u062a \u0641\u064a Slaughterhouse<\/span><span style=\"float:right;font-size:14px;line-height:34px;margin-right:5px\">\u00a9 \u0623\u0648\u0644\u064a\u0641\u0631 \u0643\u064a\u0633\u0644\u0631<\/span>    <\/div>\n<\/div>\n<!-- \/module plain text --><!-- module text -->\n<div  class=\"module module-text tb_h5jh260    tb_gs678604\" data-lazy=\"1\">\n        <div  class=\"tb_text_wrap\">\n        <h1>\u0646\u0627\u062f\u064a \u0623\u0628\u0648\u0638\u0628\u064a \u0627\u0644\u0645\u0627\u0644\u064a \u0644\u0644\u062f\u0631\u0627\u062c\u0627\u062a<\/h1>\n<p>\u0639\u0644\u0649 \u0623\u0631\u0636 \u0627\u0644\u062d\u062f\u064a\u0642\u0629 \u0627\u0644\u062b\u0642\u0627\u0641\u064a\u0629 \u0641\u064a \u0627\u0644\u0645\u0633\u0644\u062e \u060c \u062b\u0644\u0627\u062b\u0629 <a href=\"https:\/\/www.adfc-wiesbaden.de\/ar\/2026\/02\/veranstaltungen\/fahrradboersen-termine-2026\/\">\u062a\u0648\u0627\u0631\u064a\u062e 2026<\/a> \u062a\u0628\u0627\u062f\u0644 \u062f\u0631\u0627\u062c\u0627\u062a Wiesbaden \u0645\u0648\u0627\u0632\u064a\u0629 \u0644\u0633\u0648\u0642 \u0634\u0644\u0627\u062a\u0634\u0647\u0648\u0641 \u0644\u0644\u0628\u0631\u0627\u063a\u064a\u062b.<\/p>\n<p>\u0628\u0627\u0644\u0625\u0636\u0627\u0641\u0629 \u0625\u0644\u0649 \u0630\u0644\u0643 \u060c \u0639\u0627\u062f\u0629 \u0645\u0627 \u0646\u0642\u062f\u0645 \u0645\u0648\u0642\u0641 \u0645\u0639\u0644\u0648\u0645\u0627\u062a \u0645\u0646 ADFC \u0648 <a href=\"https:\/\/www.adfc-wiesbaden.de\/ar\/service\/codierung\/\">\u0631\u0645\u0648\u0632 \u0627\u0644\u062f\u0631\u0627\u062c\u0627\u062a \u0627\u0644\u0647\u0648\u0627\u0626\u064a\u0629<\/a> \u202b - \u0625\u0644\u0649 \u0627\u0644\u0644\u0642\u0627\u0621.\u00a0<\/p>\n<p>\u0628\u0627\u0644\u0646\u0633\u0628\u0629 \u0644\u0644\u0628\u0627\u0626\u0639\u064a\u0646 \u0627\u0644\u062e\u0627\u0635\u064a\u0646 \u062d\u0635\u0631\u064a\u064b\u0627 \u060c \u0644\u0627 \u062a\u0648\u062c\u062f \u0631\u0633\u0648\u0645 \u0641\u064a \u062a\u0628\u0627\u062f\u0644 \u0627\u0644\u062f\u0631\u0627\u062c\u0627\u062a \u0648\u0644\u0627 \u064a\u0644\u0632\u0645 \u0627\u0644\u062a\u0633\u062c\u064a\u0644. \u0645\u0627 \u0639\u0644\u064a\u0643 \u0633\u0648\u0649 \u0625\u062d\u0636\u0627\u0631 \u062f\u0631\u0627\u062c\u062a\u0643 \u060c \u0648\u0627\u0644\u0639\u062b\u0648\u0631 \u0639\u0644\u0649 \u0645\u0643\u0627\u0646 \u0648\u0625\u0631\u0641\u0627\u0642 \u0639\u0644\u0627\u0645\u0629 \u0627\u0644\u0633\u0639\u0631.\u00a0<br \/>\u064a\u0645\u0643\u0646 \u0644\u0644\u0645\u0634\u062a\u0631\u064a\u0646 \u0623\u0646 \u064a\u0623\u062a\u064a\u0648\u0627 \u0628\u0633\u0647\u0648\u0644\u0629 \u060c \u0648\u064a\u0628\u062d\u062b\u0648\u0646 \u0639\u0646 \u0639\u062c\u0644\u0627\u062a \u0645\u0646\u0627\u0633\u0628\u0629 \u060c \u0648\u0627\u062e\u062a\u0628\u0627\u0631 \u0627\u0644\u0642\u064a\u0627\u062f\u0629 \u0648\u0627\u0644\u062a\u062c\u0627\u0631\u0629. \u0644\u062f\u064a\u0646\u0627 \u0645\u0639\u0644\u0648\u0645\u0627\u062a \u0648\u0639\u0642\u0648\u062f \u0645\u0628\u064a\u0639\u0627\u062a Blanco \u0641\u064a \u0645\u0646\u0635\u0629 \u0645\u0639\u0644\u0648\u0645\u0627\u062a ADFC \u0627\u0644\u062e\u0627\u0635\u0629 \u0628\u0646\u0627.<\/p>\n<p>\u0628\u0627\u0644\u0646\u0633\u0628\u0629 \u0644\u0633\u0648\u0642 \u0627\u0644\u0628\u0631\u0627\u063a\u064a\u062b \u0627\u0644\u0645\u0633\u0644\u062e \u060c \u062a\u0646\u0637\u0628\u0642 \u0634\u0631\u0648\u0637 \u0627\u0644\u0645\u0646\u0638\u0645 \u060c \u0648\u0627\u0644\u062a\u064a \u0647\u064a <a href=\"https:\/\/schlachthof-wiesbaden.de\/suche\/flohmarkt\">\u0633\u0648\u0642 \u0627\u0644\u0633\u0644\u0639 \u0627\u0644\u0645\u0633\u062a\u0639\u0645\u0644\u0629<\/a> \u064a\u0645\u0643\u0646 \u0627\u0644\u0639\u062b\u0648\u0631 \u0639\u0644\u064a\u0647\u0627 \u0641\u064a \u0627\u0644\u062a\u0627\u0631\u064a\u062e \u0627\u0644\u0645\u0639\u0646\u064a. \u0639\u0627\u062f\u0629 \u0645\u0627 \u062a\u0643\u0648\u0646 \u0627\u0644\u0631\u0633\u0648\u0645 \u0648\u0627\u0644\u062a\u0633\u062c\u064a\u0644 \u0645\u0637\u0644\u0648\u0628\u0629 \u0647\u0646\u0627!<\/p>\n<p>\u064a\u062a\u0645 \u062a\u0628\u0627\u062f\u0644 \u0627\u0644\u062f\u0631\u0627\u062c\u0627\u062a \u0645\u0646 \u0627\u0644\u0633\u0627\u0639\u0629 10 \u0635\u0628\u0627\u062d\u064b\u0627 \u0625\u0644\u0649 \u0627\u0644\u0633\u0627\u0639\u0629 2 \u0645\u0633\u0627\u0621\u064b \u0641\u064a Bouleplatz \u0639\u0644\u0649 Murnaustra\u00dfe.<\/p>    <\/div>\n<\/div>\n<!-- \/module text --><!-- module box -->\n<div  class=\"module module-box tb_fxs5446\" data-lazy=\"1\">\n    <div class=\"module-box-content ui  tb_default_color\">\n                <div class=\"tb_text_wrap\"><p>\u0647\u0646\u0627 \u064a\u0645\u0643\u0646\u0643 \u0627\u0644\u0639\u062b\u0648\u0631 \u0639\u0644\u0649 \u062a\u0642\u0631\u064a\u0631 \u0639\u0646 \u0623\u0648\u0644 \u062a\u0628\u0627\u062f\u0644 \u0644\u0644\u062f\u0631\u0627\u062c\u0627\u062a \u0641\u064a \u0627\u0644\u0645\u0633\u0644\u062e:<br \/>\n<article class=\"menu_as_tiles_post post\"><div class=\"menu_as_tiles_image\"><a href=\"\/ar\/fahrradboerse-erstmals-am-schlachthof-ein-kurzer-rueckblick\/\"><img decoding=\"async\" src=\"https:\/\/www.adfc-wiesbaden.de\/wp-content\/uploads\/2025\/04\/Fahrradboerse_Infostand_mitmachen_2025_4_3-700x525.jpg\" class=\"menu_as_tiles_image\" width=\"300\" srcset=\"https:\/\/www.adfc-wiesbaden.de\/wp-content\/uploads\/2025\/04\/Fahrradboerse_Infostand_mitmachen_2025_4_3-700x525.jpg 700w, https:\/\/www.adfc-wiesbaden.de\/wp-content\/uploads\/2025\/04\/Fahrradboerse_Infostand_mitmachen_2025_4_3-1400x1050.jpg 1400w, https:\/\/www.adfc-wiesbaden.de\/wp-content\/uploads\/2025\/04\/Fahrradboerse_Infostand_mitmachen_2025_4_3-200x150.jpg 200w, https:\/\/www.adfc-wiesbaden.de\/wp-content\/uploads\/2025\/04\/Fahrradboerse_Infostand_mitmachen_2025_4_3-768x576.jpg 768w, https:\/\/www.adfc-wiesbaden.de\/wp-content\/uploads\/2025\/04\/Fahrradboerse_Infostand_mitmachen_2025_4_3-1536x1152.jpg 1536w, https:\/\/www.adfc-wiesbaden.de\/wp-content\/uploads\/2025\/04\/Fahrradboerse_Infostand_mitmachen_2025_4_3-2048x1536.jpg 2048w\" sizes=\"auto, (max-width: 700px) 100vw, 700px\" loading=\"lazy\" \/><\/a><\/div><div class=\"menu_as_tiles_date\">21.04.2025<\/div><h3 class=\"menu_as_tiles_title\">\u062a\u0628\u0627\u062f\u0644 \u0627\u0644\u062f\u0631\u0627\u062c\u0627\u062a \u0641\u064a \u0627\u0644\u0645\u0633\u0644\u062e \u0644\u0623\u0648\u0644 \u0645\u0631\u0629: \u0645\u0631\u0627\u062c\u0639\u0629 \u0645\u0648\u062c\u0632\u0629<\/h3><div class=\"menu_as_tiles_details\">  <span class=\"menu_as_tiles_excerpt\">\u0623\u0642\u064a\u0645 \u0645\u0639\u0631\u0636 \u0627\u0644\u062f\u0631\u0627\u062c\u0627\u062a \u0644\u0623\u0648\u0644 \u0645\u0631\u0629 \u0641\u064a \u0627\u0644\u0645\u0633\u0644\u062e \u0645\u0639 \u0633\u0648\u0642 \u0627\u0644\u0633\u0644\u0639 \u0627\u0644\u0645\u0633\u062a\u0639\u0645\u0644\u0629 \u0641\u064a \u0627\u0644\u0645\u0633\u0644\u062e. \u0648\u0643\u0627\u0646\u062a \u0627\u0644\u062a\u062c\u0627\u0631\u0628 \u0627\u0644\u0623\u0648\u0644\u0649 \u0625\u064a\u062c\u0627\u0628\u064a\u0629 \u0628\u0627\u0633\u062a\u0645\u0631\u0627\u0631. <\/span><\/div><div class=\"menu_as_tiles_button\"><a href=\"\/ar\/fahrradboerse-erstmals-am-schlachthof-ein-kurzer-rueckblick\/\">\u0625\u0642\u0631\u0623 \u0627\u0644\u0645\u0632\u064a\u062f<\/a><\/div><div class=\"menu_as_tiles_tag_category_container\"> <div class=\"menu_as_tiles_tag\"><a href=\"\/ar\/tag\/codierung\/\">\u062a\u0635\u0646\u064a\u0641: \u062a\u0631\u0645\u064a\u0632<\/a><\/div> <div class=\"menu_as_tiles_tag\"><a href=\"\/ar\/tag\/fahrradboerse\/\">\u062a\u0628\u0627\u062f\u0644 \u0627\u0644\u062f\u0631\u0627\u062c\u0627\u062a \u0627\u0644\u0647\u0648\u0627\u0626\u064a\u0629<\/a><\/div> <div class=\"menu_as_tiles_tag\"><a href=\"\/ar\/tag\/veranstaltung\/\">\u062a\u0635\u0646\u064a\u0641: \u062d\u062f\u062b<\/a><\/div><\/div><\/article>\n<\/p><\/div>\n    <\/div>\n<\/div>\n<!-- \/module box -->\n<!-- module gallery -->\n<div  class=\"module gallery module-gallery tb_p6ig803 layout-grid\" data-lazy=\"1\">\n    <div class=\"module-gallery-grid\" style=\"--gald:4;--galt:4;--galm:4\">\n            <dl class=\"gallery-item\">\n            <dt class=\"gallery-icon\">\n            <a data-title=\"\" title=\"\u0627\u0644\u0639\u062f\u064a\u062f \u0645\u0646 \u0627\u0644\u062f\u0631\u0627\u062c\u0627\u062a \u0641\u064a \u062a\u0628\u0627\u062f\u0644 \u0627\u0644\u062f\u0631\u0627\u062c\u0627\u062a | \u00a9 \u0623\u0648\u0644\u064a\u0641\u0631 \u0643\u064a\u0633\u0644\u0631\" href=\"https:\/\/www.adfc-wiesbaden.de\/wp-content\/uploads\/2025\/04\/2025-04-05_7097-scaled.jpg\" data-rel=\"tb_p6ig803\" class=\"themify_lightbox\"><img loading=\"lazy\" decoding=\"async\" src=\"https:\/\/www.adfc-wiesbaden.de\/wp-content\/uploads\/2025\/04\/2025-04-05_7097-1400x934-300x200.jpg\" width=\"300\" height=\"200\" class=\"wp-post-image wp-image-72145\" title=\"2025 \u062a\u0628\u0627\u062f\u0644 \u0627\u0644\u062f\u0631\u0627\u062c\u0629 \u0641\u064a Slaughterhouse\" alt=\"\u062a\u0628\u0627\u062f\u0644 \u0627\u0644\u062f\u0631\u0627\u062c\u0627\u062a \u0645\u0639 \u0645\u062e\u062a\u0644\u0641 \u0627\u0644\u062f\u0631\u0627\u062c\u0627\u062a \u0648\u0627\u0644\u0645\u0639\u0644\u0648\u0645\u0627\u062a \u0645\u0648\u0642\u0641 \u0641\u064a \u0627\u0644\u062e\u0644\u0641\u064a\u0629\" srcset=\"https:\/\/www.adfc-wiesbaden.de\/wp-content\/uploads\/2025\/04\/2025-04-05_7097-1400x934-300x200.jpg 300w, https:\/\/www.adfc-wiesbaden.de\/wp-content\/uploads\/2025\/04\/2025-04-05_7097-700x467.jpg 700w, https:\/\/www.adfc-wiesbaden.de\/wp-content\/uploads\/2025\/04\/2025-04-05_7097-1400x934.jpg 1400w, https:\/\/www.adfc-wiesbaden.de\/wp-content\/uploads\/2025\/04\/2025-04-05_7097-200x133.jpg 200w, https:\/\/www.adfc-wiesbaden.de\/wp-content\/uploads\/2025\/04\/2025-04-05_7097-768x512.jpg 768w, https:\/\/www.adfc-wiesbaden.de\/wp-content\/uploads\/2025\/04\/2025-04-05_7097-1536x1024.jpg 1536w, https:\/\/www.adfc-wiesbaden.de\/wp-content\/uploads\/2025\/04\/2025-04-05_7097-2048x1366.jpg 2048w\" sizes=\"auto, (max-width: 300px) 100vw, 300px\" \/><\/a>            <\/dt>\n             \n                <dd class=\"wp-caption-text gallery-caption\">\n                                                                <span class=\"themify_image_caption\">\u0627\u0644\u0639\u062f\u064a\u062f \u0645\u0646 \u0627\u0644\u062f\u0631\u0627\u062c\u0627\u062a \u0641\u064a \u062a\u0628\u0627\u062f\u0644 \u0627\u0644\u062f\u0631\u0627\u062c\u0627\u062a | \u00a9 \u0623\u0648\u0644\u064a\u0641\u0631 \u0643\u064a\u0633\u0644\u0631<\/span>\n                                    <\/dd>\n                    <\/dl>\n            <dl class=\"gallery-item\">\n            <dt class=\"gallery-icon\">\n            <a data-title=\"\" title=\"\u0642\u0637\u0639 \u063a\u064a\u0627\u0631 \u0627\u0644\u062f\u0631\u0627\u062c\u0627\u062a \u0648\u0645\u0644\u062d\u0642\u0627\u062a\u0647\u0627 | \u00a9 \u0623\u0648\u0644\u064a\u0641\u0631 \u0643\u064a\u0633\u0644\u0631\" href=\"https:\/\/www.adfc-wiesbaden.de\/wp-content\/uploads\/2025\/04\/2025-04-05_7100-scaled.jpg\" data-rel=\"tb_p6ig803\" class=\"themify_lightbox\"><img loading=\"lazy\" decoding=\"async\" src=\"https:\/\/www.adfc-wiesbaden.de\/wp-content\/uploads\/2025\/04\/2025-04-05_7100-1400x934-300x200.jpg\" width=\"300\" height=\"200\" class=\"wp-post-image wp-image-72144\" title=\"2025 _Bicycle Exchange _ \u0627\u0644\u0645\u0644\u062d\u0642\u0627\u062a\" alt=\"\u0645\u0644\u062d\u0642\u0627\u062a \u0648\u0623\u062c\u0632\u0627\u0621 \u0645\u062a\u0646\u0648\u0639\u0629 \u0644\u0644\u062f\u0631\u0627\u062c\u0627\u062a\" srcset=\"https:\/\/www.adfc-wiesbaden.de\/wp-content\/uploads\/2025\/04\/2025-04-05_7100-1400x934-300x200.jpg 300w, https:\/\/www.adfc-wiesbaden.de\/wp-content\/uploads\/2025\/04\/2025-04-05_7100-700x467.jpg 700w, https:\/\/www.adfc-wiesbaden.de\/wp-content\/uploads\/2025\/04\/2025-04-05_7100-1400x934.jpg 1400w, https:\/\/www.adfc-wiesbaden.de\/wp-content\/uploads\/2025\/04\/2025-04-05_7100-200x133.jpg 200w, https:\/\/www.adfc-wiesbaden.de\/wp-content\/uploads\/2025\/04\/2025-04-05_7100-768x512.jpg 768w, https:\/\/www.adfc-wiesbaden.de\/wp-content\/uploads\/2025\/04\/2025-04-05_7100-1536x1024.jpg 1536w, https:\/\/www.adfc-wiesbaden.de\/wp-content\/uploads\/2025\/04\/2025-04-05_7100-2048x1366.jpg 2048w\" sizes=\"auto, (max-width: 300px) 100vw, 300px\" \/><\/a>            <\/dt>\n             \n                <dd class=\"wp-caption-text gallery-caption\">\n                                                                <span class=\"themify_image_caption\">\u0642\u0637\u0639 \u063a\u064a\u0627\u0631 \u0627\u0644\u062f\u0631\u0627\u062c\u0627\u062a \u0648\u0645\u0644\u062d\u0642\u0627\u062a\u0647\u0627 | \u00a9 \u0623\u0648\u0644\u064a\u0641\u0631 \u0643\u064a\u0633\u0644\u0631<\/span>\n                                    <\/dd>\n                    <\/dl>\n            <dl class=\"gallery-item\">\n            <dt class=\"gallery-icon\">\n            <a data-title=\"\" title=\"Lilja am Schlachthof 2025 | \u00a9 \u0623\u0648\u0644\u064a\u0641\u0631 \u0643\u064a\u0633\u0644\u0631\" href=\"https:\/\/www.adfc-wiesbaden.de\/wp-content\/uploads\/2025\/04\/2025-04-05_7207-scaled.jpg\" data-rel=\"tb_p6ig803\" class=\"themify_lightbox\"><img loading=\"lazy\" decoding=\"async\" src=\"https:\/\/www.adfc-wiesbaden.de\/wp-content\/uploads\/2025\/04\/2025-04-05_7207-1400x933-300x200.jpg\" width=\"300\" height=\"200\" class=\"wp-post-image wp-image-72140\" title=\"2025 _ \u0644\u064a\u0644\u062c\u0627 _ \u0633\u0644\u0648\u062a\u0631\u0647\u0627\u0648\u0633\" alt=\"2025 _ \u0644\u064a\u0644\u062c\u0627 _ \u0633\u0644\u0648\u062a\u0631\u0647\u0627\u0648\u0633\" srcset=\"https:\/\/www.adfc-wiesbaden.de\/wp-content\/uploads\/2025\/04\/2025-04-05_7207-1400x933-300x200.jpg 300w, https:\/\/www.adfc-wiesbaden.de\/wp-content\/uploads\/2025\/04\/2025-04-05_7207-700x467.jpg 700w, https:\/\/www.adfc-wiesbaden.de\/wp-content\/uploads\/2025\/04\/2025-04-05_7207-1400x933.jpg 1400w, https:\/\/www.adfc-wiesbaden.de\/wp-content\/uploads\/2025\/04\/2025-04-05_7207-200x133.jpg 200w, https:\/\/www.adfc-wiesbaden.de\/wp-content\/uploads\/2025\/04\/2025-04-05_7207-768x512.jpg 768w, https:\/\/www.adfc-wiesbaden.de\/wp-content\/uploads\/2025\/04\/2025-04-05_7207-1536x1024.jpg 1536w, https:\/\/www.adfc-wiesbaden.de\/wp-content\/uploads\/2025\/04\/2025-04-05_7207-2048x1365.jpg 2048w\" sizes=\"auto, (max-width: 300px) 100vw, 300px\" \/><\/a>            <\/dt>\n             \n                <dd class=\"wp-caption-text gallery-caption\">\n                                                                <span class=\"themify_image_caption\">Lilja am Schlachthof 2025 | \u00a9 \u0623\u0648\u0644\u064a\u0641\u0631 \u0643\u064a\u0633\u0644\u0631<\/span>\n                                    <\/dd>\n                    <\/dl>\n            <dl class=\"gallery-item\">\n            <dt class=\"gallery-icon\">\n            <a data-title=\"\" title=\"ADFC Infostand | \u00a9 \u0623\u0648\u0644\u064a\u0641\u0631 \u0643\u064a\u0633\u0644\u0631\" href=\"https:\/\/www.adfc-wiesbaden.de\/wp-content\/uploads\/2025\/04\/Fahrradboerse_Infostand_2025_4_3-scaled.jpg\" data-rel=\"tb_p6ig803\" class=\"themify_lightbox\"><img loading=\"lazy\" decoding=\"async\" src=\"https:\/\/www.adfc-wiesbaden.de\/wp-content\/uploads\/2025\/04\/Fahrradboerse_Infostand_2025_4_3-1400x1050-300x200.jpg\" width=\"300\" height=\"200\" class=\"wp-post-image wp-image-72148\" title=\"\u062a\u0628\u0627\u062f\u0644 \u0627\u0644\u062f\u0631\u0627\u062c\u0627\u062a _Infostand _2025 _4 _3\" alt=\"\u0645\u0648\u0642\u0641 \u0645\u0639\u0644\u0648\u0645\u0627\u062a ADFC \u0645\u0639 \u0627\u0644\u0636\u064a\u0648\u0641 \u0627\u0644\u0645\u0647\u062a\u0645\u064a\u0646\"><\/a>            <\/dt>\n             \n                <dd class=\"wp-caption-text gallery-caption\">\n                                                                <span class=\"themify_image_caption\">ADFC Infostand | \u00a9 \u0623\u0648\u0644\u064a\u0641\u0631 \u0643\u064a\u0633\u0644\u0631<\/span>\n                                    <\/dd>\n                    <\/dl>\n    <\/div>\n<\/div>\n<!-- \/module gallery --><!-- module image -->\n<div  class=\"module module-image tb_oqql342 image-top   tf_mw tb_gs2677162d\" data-lazy=\"1\">\n        <div class=\"image-wrap tf_rel tf_mw\">\n            <a href=\"https:\/\/schlachthof-wiesbaden.de\/suche\/flohmarkt\">\n                   <img decoding=\"async\" src=\"\/wp-content\/uploads\/2025\/02\/Schlachthof_Flohmarkt.jpg\" title=\"\u00a9 \u0627\u0644\u062b\u0642\u0627\u0641\u0629 \u0641\u064a \u0627\u0644\u062d\u062f\u064a\u0642\u0629\" alt=\"\u00a9 \u0627\u0644\u062b\u0642\u0627\u0641\u0629 \u0641\u064a \u0627\u0644\u062d\u062f\u064a\u0642\u0629\">        <\/a>\n    \n        <\/div>\n    <!-- \/image-wrap -->\n    \n        <div class=\"image-content\">\n                    <h3 class=\"image-title\">\n                                    <a href=\"https:\/\/schlachthof-wiesbaden.de\/suche\/flohmarkt\">\n                        \u00a9 \u0627\u0644\u062b\u0642\u0627\u0641\u0629 \u0641\u064a \u0627\u0644\u062d\u062f\u064a\u0642\u0629                    <\/a>\n                            <\/h3>\n                    <\/div>\n    <!-- \/image-content -->\n        <\/div>\n<!-- \/module image -->        <\/div>\n                        <\/div>\n        <\/div>\n        <\/div>\n<!--\/themify_builder_content-->","protected":false},"excerpt":{"rendered":"<p>\u062a\u0628\u0627\u062f\u0644 \u0627\u0644\u062f\u0631\u0627\u062c\u0627\u062a \u0644\u0634\u0631\u0627\u0621 \u0648\u0628\u064a\u0639 \u0627\u0644\u062f\u0631\u0627\u062c\u0627\u062a \u0627\u0644\u0645\u0633\u062a\u0639\u0645\u0644\u0629 \u0648\u0627\u0644\u0627\u0643\u0633\u0633\u0648\u0627\u0631\u0627\u062a<\/p>","protected":false},"author":50,"featured_media":71289,"parent":69773,"menu_order":0,"comment_status":"closed","ping_status":"closed","template":"","meta":{"footnotes":""},"tags":[765,853,847,848],"class_list":["post-69543","page","type-page","status-publish","has-post-thumbnail","hentry","tag-codierung","tag-fahrradboerse","tag-flohmarkt","tag-kultur-im-park","has-post-title","has-post-date","has-post-category","has-post-tag","has-post-comment","has-post-author",""],"builder_content":"<img src=\"\/wp-content\/uploads\/2025\/03\/2025-03-10_5923-scaled.jpg\" title=\"Fahrradb\u00f6rsen\" alt=\"Fahrradb\u00f6rsen\">\n<img src=\"\/wp-content\/uploads\/2025\/02\/Dreieck_Orange.png\" width=\"44\" title=\"Fahrradb\u00f6rsen\" alt=\"Fahrradb\u00f6rsen\">\nFahrradb\u00f6rse am Schlachthof&copy; Oliver Kessler\n<h1>ADFC-Fahrradb\u00f6rse<\/h1> <p>Auf dem Gel\u00e4nde des Kulturparks am Schlachthof findet an drei <a href=\"https:\/\/www.adfc-wiesbaden.de\/2026\/02\/veranstaltungen\/fahrradboersen-termine-2026\/\">Terminen in 2026<\/a> die Wiesbadener Fahrradb\u00f6rse parallel zum Schlachthof-Flohmarkt statt.<\/p> <p>Zus\u00e4tzlich bieten wir vom ADFC in der Regel einen Infostand und <a href=\"https:\/\/www.adfc-wiesbaden.de\/service\/codierung\/\">Fahrradcodierungen<\/a> an.\u00a0<\/p> <p>F\u00fcr die ausschlie\u00dflich privaten Verk\u00e4ufer:innen gibt es bei der Fahrradb\u00f6rse keine Geb\u00fchren und es ist keine Anmeldung notwendig. Einfach Fahrrad mitbringen, einen Platz suchen und Preisschild anbringen.\u00a0<br \/>K\u00e4ufer:innen k\u00f6nnen einfach kommen, nach geeigneten R\u00e4dern suchen, Probefahren und handeln. Informationen und Blanco-Kaufvertr\u00e4ge haben wir an unserem Infostand des ADFC.<\/p> <p>F\u00fcr den Schlachthof Flohmarkt gelten die Bedingungen des Veranstalters, die unter <a href=\"https:\/\/schlachthof-wiesbaden.de\/suche\/flohmarkt\">Schlachthof Flohmarkt<\/a> im jeweiligen Termin zu finden sind. Hier sind in der Regel Geb\u00fchren und Anmeldung erforderlich!<\/p> <p>Die Fahrradb\u00f6rsen finden von 10 bis 14 Uhr auf dem Bouleplatz an der Murnaustra\u00dfe statt.<\/p>\n<p>Hier findet ihr einen Bericht zur ersten Fahrradb\u00f6rse am Schlachthof:<br \/>[mat_show_tile postid=\"72248\"]<\/p>\n[gallery ids=\"72145,72144,72140,72148\"]\n<a href=\"https:\/\/schlachthof-wiesbaden.de\/suche\/flohmarkt\"> <img src=\"\/wp-content\/uploads\/2025\/02\/Schlachthof_Flohmarkt.jpg\" title=\"&copy; Kultur im Park\" alt=\"&copy; Kultur im Park\"> <\/a> <h3> <a href=\"https:\/\/schlachthof-wiesbaden.de\/suche\/flohmarkt\"> &copy; Kultur im Park <\/a> <\/h3>","_links":{"self":[{"href":"https:\/\/www.adfc-wiesbaden.de\/ar\/wp-json\/wp\/v2\/pages\/69543","targetHints":{"allow":["GET"]}}],"collection":[{"href":"https:\/\/www.adfc-wiesbaden.de\/ar\/wp-json\/wp\/v2\/pages"}],"about":[{"href":"https:\/\/www.adfc-wiesbaden.de\/ar\/wp-json\/wp\/v2\/types\/page"}],"author":[{"embeddable":true,"href":"https:\/\/www.adfc-wiesbaden.de\/ar\/wp-json\/wp\/v2\/users\/50"}],"replies":[{"embeddable":true,"href":"https:\/\/www.adfc-wiesbaden.de\/ar\/wp-json\/wp\/v2\/comments?post=69543"}],"version-history":[{"count":72,"href":"https:\/\/www.adfc-wiesbaden.de\/ar\/wp-json\/wp\/v2\/pages\/69543\/revisions"}],"predecessor-version":[{"id":75648,"href":"https:\/\/www.adfc-wiesbaden.de\/ar\/wp-json\/wp\/v2\/pages\/69543\/revisions\/75648"}],"up":[{"embeddable":true,"href":"https:\/\/www.adfc-wiesbaden.de\/ar\/wp-json\/wp\/v2\/pages\/69773"}],"wp:featuredmedia":[{"embeddable":true,"href":"https:\/\/www.adfc-wiesbaden.de\/ar\/wp-json\/wp\/v2\/media\/71289"}],"wp:attachment":[{"href":"https:\/\/www.adfc-wiesbaden.de\/ar\/wp-json\/wp\/v2\/media?parent=69543"}],"wp:term":[{"taxonomy":"post_tag","embeddable":true,"href":"https:\/\/www.adfc-wiesbaden.de\/ar\/wp-json\/wp\/v2\/tags?post=69543"}],"curies":[{"name":"wp","href":"https:\/\/api.w.org\/{rel}","templated":true}]}}