{"id":69552,"date":"2025-02-15T12:26:32","date_gmt":"2025-02-15T11:26:32","guid":{"rendered":"https:\/\/www2.adfc-wiesbaden.de\/?page_id=69552"},"modified":"2026-04-15T21:33:20","modified_gmt":"2026-04-15T19:33:20","slug":"verleih","status":"publish","type":"page","link":"https:\/\/www.adfc-wiesbaden.de\/ar\/service\/verleih\/","title":{"rendered":")\u0628(\u0627\u0633\u062a\u0626"},"content":{"rendered":"<!--themify_builder_content-->\n<div id=\"themify_builder_content-69552\" data-postid=\"69552\" class=\"themify_builder_content themify_builder_content-69552 themify_builder tf_clear\">\n                    <div  data-lazy=\"1\" class=\"module_row themify_builder_row tb_fuip376 tb_first tf_w\">\n                        <div class=\"row_inner col_align_top tb_col_count_1 tf_box tf_rel\">\n                        <div  data-lazy=\"1\" class=\"module_column tb-column col-full tb_rup4376 first\">\n                    <!-- module image -->\n<div  class=\"module module-image tb_oeuh376 image-top   tf_mw\" data-lazy=\"1\">\n        <div class=\"image-wrap tf_rel tf_mw\">\n            <img decoding=\"async\" src=\"\/wp-content\/uploads\/2025\/02\/Tandem_Goebenstrasse-scaled.jpg\" alt=\"\u0644\u062f\u064a\u0646\u0627 \u062c\u0646\u0628\u0627 \u0625\u0644\u0649 \u062c\u0646\u0628 \u0623\u0645\u0627\u0645 \u0627\u0644\u0645\u0643\u062a\u0628\">    \n        <\/div>\n    <!-- \/image-wrap -->\n    \n        <\/div>\n<!-- \/module image -->        <div  data-lazy=\"1\" class=\"module_subrow themify_builder_sub_row tf_w col_align_top tb_col_count_3 tb_rzxv376\">\n                <div  data-lazy=\"1\" class=\"module_column sub_column col3-1 tb_9fe9376 first\">\n                    <!-- module image -->\n<div  class=\"module module-image tb_mwa1191 image-center   tf_mw\" data-lazy=\"1\">\n        <div class=\"image-wrap tf_rel tf_mw\">\n            <img decoding=\"async\" src=\"\/wp-content\/uploads\/2025\/02\/Dreieck_Orange.png\" width=\"44\" title=\")\u0628(\u0627\u0633\u062a\u0626\" alt=\")\u0628(\u0627\u0633\u062a\u0626\">    \n        <\/div>\n    <!-- \/image-wrap -->\n    \n        <\/div>\n<!-- \/module image -->        <\/div>\n                    <div  data-lazy=\"1\" class=\"module_column sub_column col3-1 tb_royb376\">\n                            <\/div>\n                    <div  data-lazy=\"1\" class=\"module_column sub_column col3-1 tb_j6ht376 last\">\n                            <\/div>\n                    <\/div>\n        <!-- module plain text -->\n<div  class=\"module module-plain-text tb_889e376 bild_header_h1 adfc_orange tb_gs4151609\" data-lazy=\"1\">\n        <div class=\"tb_text_wrap\">\n    <span style=\"font-size:28px; line-height:34px;\" >\u0644\u062f\u064a\u0646\u0627 \u062c\u0646\u0628\u0627 \u0625\u0644\u0649 \u062c\u0646\u0628 \u0623\u0645\u0627\u0645 \u0627\u0644\u0645\u0643\u062a\u0628<\/span>\n<span style=\"float:right;font-size:14px; line-height:34px;margin-right:5px;\">\u00a9 \u0645\u064a\u0634\u064a\u0644 \u0641\u0644\u064a\u0643\u0646\u0634\u062a\u0627\u064a\u0646<\/span>    <\/div>\n<\/div>\n<!-- \/module plain text -->        <\/div>\n                        <\/div>\n        <\/div>\n                        <div  data-lazy=\"1\" class=\"module_row themify_builder_row tb_kp6l556 tf_w\">\n                        <div class=\"row_inner col_align_top tb_col_count_1 tf_box tf_rel\">\n                        <div  data-lazy=\"1\" class=\"module_column tb-column col-full tb_757k556 first\">\n                    <!-- module text -->\n<div  class=\"module module-text tb_dzgl486    tb_gs678604\" data-lazy=\"1\">\n        <div  class=\"tb_text_wrap\">\n        <h1>\u062a\u0623\u062c\u064a\u0631 \u062c\u0646\u0628\u0627 \u0625\u0644\u0649 \u062c\u0646\u0628<\/h1>\n<p><b>\u0647\u0644 \u062a\u0631\u063a\u0628 \u0641\u064a \u062f\u0648\u0627\u0633\u0629 \u0627\u0644\u062f\u0648\u0627\u0633\u0629 \u0645\u062a\u0632\u0627\u0645\u0646\u0629 \u0644\u0634\u062e\u0635\u064a\u0646\u061f \u0644\u0627 \u0645\u0634\u0643\u0644\u0629 \u0645\u0639 \u062c\u0646\u0628\u0627 \u0625\u0644\u0649 \u062c\u0646\u0628 \u0645\u0646 ADFC Wiesbaden \/ Rheingau-Taunus!<\/b><\/p>\n<p>\u064a\u0645\u0643\u0646\u0643 \u062a\u062c\u0631\u0628\u0629 \u062a\u062c\u0631\u0628\u0629 \u063a\u064a\u0631 \u0639\u0627\u062f\u064a\u0629 \u0645\u0646 \u0631\u0643\u0648\u0628 \u062c\u0646\u0628\u0627 \u0625\u0644\u0649 \u062c\u0646\u0628 \u0645\u0639 ADFC \u062c\u0646\u0628\u0627 \u0625\u0644\u0649 \u062c\u0646\u0628. \u202b\u0627\u0644\u0627\u0633\u062a\u0644\u0627\u0645 \u0641\u064a \u0648\u0633\u0637 \u0645\u062f\u064a\u0646\u0629 \"\u0641\u064a\u0633\u0628\u0627\u062f\u0646\".\u202c<\/p>\n<p><strong>)\u0623(\u0627\u0644\u062a\u0643\u0627\u0644\u064a\u0641:<\/strong><\/p>\n<ul>\n<li><b>\u0644\u0623\u0639\u0636\u0627\u0621 ADFC<\/b><br \/>20 \u064a\u0648\u0631\u0648 \u0641\u064a \u0627\u0644\u064a\u0648\u0645 Mo-Fr \/ 40 \u064a\u0648\u0631\u0648 \u0644\u0639\u0637\u0644\u0629 \u0646\u0647\u0627\u064a\u0629 \u0627\u0644\u0623\u0633\u0628\u0648\u0639 *<\/li>\n<li><b>\u0628\u0627\u0644\u0646\u0633\u0628\u0629 \u0644\u063a\u064a\u0631 \u0627\u0644\u0623\u0639\u0636\u0627\u0621<\/b><br \/>40 \u064a\u0648\u0631\u0648 \u0641\u064a \u0627\u0644\u064a\u0648\u0645 Mo-Fr \/ 70 \u064a\u0648\u0631\u0648 \u0644\u0639\u0637\u0644\u0629 \u0646\u0647\u0627\u064a\u0629 \u0627\u0644\u0623\u0633\u0628\u0648\u0639 *<br \/><br \/>* \u0639\u0637\u0644\u0629 \u0646\u0647\u0627\u064a\u0629 \u0627\u0644\u0623\u0633\u0628\u0648\u0639: \u0628\u0639\u062f \u0638\u0647\u0631 \u0627\u0644\u062c\u0645\u0639\u0629 \u0625\u0644\u0649 \u0635\u0628\u0627\u062d \u0627\u0644\u0627\u062b\u0646\u064a\u0646<\/li>\n<\/ul>\n<p>\u064a\u062c\u0628 \u0625\u064a\u062f\u0627\u0639 \u0648\u062f\u064a\u0639\u0629 \u0642\u062f\u0631\u0647\u0627 200 \u064a\u0648\u0631\u0648.<br \/>\u0646\u0648\u0635\u064a \u0628\u0627\u0644\u062a\u0633\u062c\u064a\u0644 \u0627\u0644\u0645\u0633\u0628\u0642 \u0641\u064a \u0627\u0644\u0648\u0642\u062a \u0627\u0644\u0645\u0646\u0627\u0633\u0628.<\/p>\n<p>\u0627\u062a\u0635\u0644 \u0628\u0646\u0627: <a href=\"\/ar\/&\/#x6d;a&#x69;&#108;&#x74;&#111;&#x3a;&#x69;n&#x66;&#111;&#x40;&#97;&#x64;&#102;c&#x2d;&#119;&#x69;&#101;&#x73;&#98;a&#x64;&#101;&#x6e;&#46;&#x64;&#101;\">\u0645\u0639\u0644\u0648\u0645\u0627\u062a @adfc-wiesbaden.de<\/a><\/p>    <\/div>\n<\/div>\n<!-- \/module text -->        <\/div>\n                        <\/div>\n        <\/div>\n                        <div  data-lazy=\"1\" class=\"module_row themify_builder_row tb_3e2x50 tf_w\">\n                        <div class=\"row_inner col_align_top tb_col_count_2 tf_box tf_rel\">\n                        <div  data-lazy=\"1\" class=\"module_column tb-column col4-2 tb_gecn50 first\">\n                    <!-- module text -->\n<div  class=\"module module-text tb_83sk100    tb_gs678604\" data-lazy=\"1\">\n        <div  class=\"tb_text_wrap\">\n        <h1 class=\"\">\u062a\u0623\u062c\u064a\u0631 \u062d\u0642\u0627\u0626\u0628 \u0627\u0644\u062a\u0639\u0628\u0626\u0629<\/h1>\n<p><b>\u0647\u0644 \u0633\u062a\u0630\u0647\u0628 \u0641\u064a \u062c\u0648\u0644\u0629 \u0628\u0627\u0644\u062f\u0631\u0627\u062c\u0629 \u0648\u062a\u062d\u062a\u0627\u062c \u0625\u0644\u0649 \u062d\u0642\u0627\u0626\u0628\u061f \u0644\u064a\u0633 \u0639\u0644\u064a\u0643 \u0634\u0631\u0627\u0626\u0647\u0627 \u0639\u0644\u0649 \u0627\u0644\u0641\u0648\u0631. \u0646\u062d\u0646 \u0646\u0642\u0631\u0636 \u062d\u0642\u0627\u0626\u0628 ADFC \u060c \u0628\u0634\u0643\u0644 \u0641\u0631\u062f\u064a \u0623\u0648 \u0643\u0632\u0648\u062c!<\/b><\/p>\n<p>\u064a\u0648\u0641\u0631 Kreisverband Wiesbaden \/ Rheingau-Taunus \u0623\u0643\u064a\u0627\u0633 \u0642\u0648\u064a\u0629 \u0648\u0645\u0642\u0627\u0648\u0645\u0629 \u0644\u062a\u0633\u0631\u0628 \u0627\u0644\u0645\u0627\u0621 - \u0646\u0645\u0648\u0630\u062c Backroller \u0627\u0644\u0643\u0644\u0627\u0633\u064a\u0643\u064a\u0629 \u0645\u0646 \u0634\u0631\u0643\u0629 ORTLIEB.<br \/><br \/>\u0627\u0644\u062d\u0642\u0627\u0626\u0628 \u0628\u0627\u0644\u0644\u0648\u0646 \u0627\u0644\u0623\u0632\u0631\u0642 \/ \u0627\u0644\u0628\u0631\u062a\u0642\u0627\u0644\u064a \u0645\u0646 ADFC \u060c \u0641\u0647\u064a \u0645\u0642\u0627\u0648\u0645\u0629 \u0644\u0644\u0645\u0627\u0621 \u0648\u062a\u0646\u0627\u0633\u0628 \u0623\u064a \u0646\u0627\u0642\u0644 \u0623\u0645\u062a\u0639\u0629. \u0645\u0632\u064a\u062f \u0645\u0646 \u0627\u0644\u0645\u0639\u0644\u0648\u0645\u0627\u062a \u0639\u0646 \u0627\u0644\u0645\u0646\u062a\u062c: <a href=\"https:\/\/www.ortlieb.com\/de\/back-roller-classic\" target=\"_blank\" rel=\"noopener\">https:\/\/www.ortlieb.com\/de\/back-roller-classic<\/a><br \/><br \/>\u064a\u0645\u0643\u0646\u0643 \u0627\u0633\u062a\u0639\u0627\u0631\u0629 \u0627\u0644\u062d\u0642\u0627\u0626\u0628 \u0628\u0634\u0643\u0644 \u0641\u0631\u062f\u064a \u0623\u0648 \u0643\u0632\u0648\u062c.<\/p>\n<p><strong>)\u0623(\u0627\u0644\u062a\u0643\u0627\u0644\u064a\u0641:<\/strong><\/p>\n<ul>\n<li><b>\u0644\u0623\u0639\u0636\u0627\u0621 ADFC<\/b><br \/>2 \u064a\u0648\u0631\u0648 \u0641\u064a \u0627\u0644\u064a\u0648\u0645 \/ 5 \u064a\u0648\u0631\u0648 \u0641\u064a \u0627\u0644\u0623\u0633\u0628\u0648\u0639 \u0644\u0643\u0644 \u0643\u064a\u0633<\/li>\n<li><b>\u0628\u0627\u0644\u0646\u0633\u0628\u0629 \u0644\u063a\u064a\u0631 \u0627\u0644\u0623\u0639\u0636\u0627\u0621<\/b><br \/>4 \u064a\u0648\u0631\u0648 \u0641\u064a \u0627\u0644\u064a\u0648\u0645 \/ 8 \u064a\u0648\u0631\u0648 \u0641\u064a \u0627\u0644\u0623\u0633\u0628\u0648\u0639 \u0644\u0643\u0644 \u0643\u064a\u0633<\/li>\n<\/ul>\n<p>\u064a\u062c\u0628 \u0625\u064a\u062f\u0627\u0639 \u0625\u064a\u062f\u0627\u0639 100 \u064a\u0648\u0631\u0648.<br \/>\u0646\u0648\u0635\u064a \u0628\u0627\u0644\u062a\u0633\u062c\u064a\u0644 \u0627\u0644\u0645\u0633\u0628\u0642 \u0641\u064a \u0627\u0644\u0648\u0642\u062a \u0627\u0644\u0645\u0646\u0627\u0633\u0628.<br \/><br \/>\u0627\u062a\u0635\u0644 \u0628\u0646\u0627: <a href=\"\/ar\/&\/#x6d;&#x61;&#x69;&#x6c;&#x74;&#x6f;&#x3a;&#x69;&#x6e;&#x66;&#x6f;&#x40;&#x61;&#x64;&#x66;&#x63;&#x2d;&#x77;&#x69;&#x65;&#x73;&#x62;&#x61;&#x64;&#x65;&#x6e;&#x2e;&#x64;&#x65;\">\u0645\u0639\u0644\u0648\u0645\u0627\u062a @adfc-wiesbaden.de<\/a><\/p>    <\/div>\n<\/div>\n<!-- \/module text -->        <\/div>\n                    <div  data-lazy=\"1\" class=\"module_column tb-column col4-2 tb_jgdb583 last\">\n                    <!-- module image -->\n<div  class=\"module module-image tb_ux8l583 image-top   tf_mw tb_gs2677162d\" data-lazy=\"1\">\n        <div class=\"image-wrap tf_rel tf_mw\">\n            <img decoding=\"async\" src=\"\/wp-content\/uploads\/2025\/02\/FahrradMitPacktasche.jpg\" title=\"\u062f\u0631\u0627\u062c\u0629 \u0645\u0639 \u0623\u0643\u064a\u0627\u0633 \u00a9 \u0623\u0648\u0644\u0627 \u0628\u0627\u064a\" alt=\"\u062f\u0631\u0627\u062c\u0629 \u0645\u0639 \u0623\u0643\u064a\u0627\u0633 \u00a9 \u0623\u0648\u0644\u0627 \u0628\u0627\u064a\">    \n        <\/div>\n    <!-- \/image-wrap -->\n    \n        <div class=\"image-content\">\n                    <h3 class=\"image-title\">\n                                    \u062f\u0631\u0627\u062c\u0629 \u0645\u0639 \u0623\u0643\u064a\u0627\u0633 \u00a9 \u0623\u0648\u0644\u0627 \u0628\u0627\u064a                            <\/h3>\n                    <\/div>\n    <!-- \/image-content -->\n        <\/div>\n<!-- \/module image -->        <\/div>\n                        <\/div>\n        <\/div>\n        <\/div>\n<!--\/themify_builder_content-->","protected":false},"excerpt":{"rendered":"<p>\u0645\u0639\u0644\u0648\u0645\u0627\u062a \u062d\u0648\u0644 \u0627\u0633\u062a\u0626\u062c\u0627\u0631 \u0627\u0644\u062d\u0642\u0627\u0626\u0628 \u0648\u0627\u0644\u062a\u0631\u0627\u062f\u0641 \u0645\u0646 ADFC Wiesbaden <\/p>","protected":false},"author":50,"featured_media":69554,"parent":69773,"menu_order":0,"comment_status":"closed","ping_status":"closed","template":"","meta":{"footnotes":""},"tags":[],"class_list":["post-69552","page","type-page","status-publish","has-post-thumbnail","hentry","has-post-title","has-post-date","has-post-category","has-post-tag","has-post-comment","has-post-author",""],"builder_content":"<img src=\"\/wp-content\/uploads\/2025\/02\/Tandem_Goebenstrasse-scaled.jpg\" alt=\"Unser Tandem vor der Gesch\u00e4ftsstelle\">\n<img src=\"\/wp-content\/uploads\/2025\/02\/Dreieck_Orange.png\" width=\"44\" title=\"Verleih\" alt=\"Verleih\">\nUnser Tandem vor der Gesch\u00e4ftsstelle \u00a9 Michele Fleckenstein\n<h1>Tandem-Verleih<\/h1> <p><b>Lust, mal zu zweit synchron in die Pedale zu treten? Mit dem Tandem des ADFC Wiesbaden\/Rheingau-Taunus kein Problem!<\/b><\/p> <p>Das au\u00dfergew\u00f6hnliche Erlebnis, mal Tandem zu fahren, k\u00f6nnen Sie mit dem ADFC-Tandem ausprobieren. Abholung in der Innenstadt von Wiesbaden.<\/p> <p><strong>Kosten:<\/strong><\/p> <ul> <li><b>f\u00fcr ADFC-Mitglieder<\/b><br \/>20 Euro pro Tag Mo\u2013Fr\u00a0 \u00a0\/\u00a0 40 Euro f\u00fcr das Wochenende*<\/li> <li><b>f\u00fcr Nicht-Mitglieder<\/b><br \/>40 Euro pro Tag Mo\u2013Fr\u00a0 \u00a0\/\u00a0 70 Euro f\u00fcr das Wochenende*<br \/><br \/>*Wochenende: Freitag Nachmittag bis Montag Vormittag<\/li> <\/ul> <p>Hinterlegt werden muss eine Kaution von 200 Euro.<br \/>Wir empfehlen rechtzeitige Voranmeldung.<\/p> <p>Kontakt: <a href=\"mailto:info@adfc-wiesbaden.de\">info\u200d@adfc-wiesbaden.de<\/a><\/p>\n<h1>Packtaschen-Verleih<\/h1> <p><b>Sie gehen auf eine Radtour und ben\u00f6tigen Packtaschen? Die m\u00fcssen Sie sich nicht gleich kaufen. Wir verleihen ADFC-Packtaschen, einzeln oder als Paar!<\/b><\/p> <p>Der Kreisverband Wiesbaden\/Rheingau-Taunus verleiht robuste und wetterfeste Packtaschen - Modell BackRoller classic von der Firma ORTLIEB.<br \/><br \/>Die Packtaschen sind in den ADFC-Farben blau\/orange, sie sind wasserdicht und passen auf jeden Gep\u00e4cktr\u00e4ger. Mehr Produktinfos: <a href=\"https:\/\/www.ortlieb.com\/de\/back-roller-classic\" target=\"_blank\" rel=\"noopener\">https:\/\/www.ortlieb.com\/de\/back-roller-classic<\/a><br \/><br \/>Sie k\u00f6nnen die Packtaschen einzeln oder als Paar leihen.<\/p> <p><strong>Kosten:<\/strong><\/p> <ul> <li><b>f\u00fcr ADFC-Mitglieder<\/b><br \/>2 Euro pro Tag\u00a0 \/\u00a0 5 Euro pro Woche je Tasche<\/li> <li><b>f\u00fcr Nicht-Mitglieder<\/b><br \/>4 Euro pro Tag\u00a0 \/\u00a0 8 Euro pro Woche je Tasche<\/li> <\/ul> <p>Hinterlegt werden muss eine Kaution von 100 Euro.<br \/>Wir empfehlen rechtzeitige Voranmeldung.<br \/><br \/>Kontakt: <a href=\"mailto:info@adfc-wiesbaden.de\">info\u200d@adfc-wiesbaden.de<\/a><\/p>\n<img src=\"\/wp-content\/uploads\/2025\/02\/FahrradMitPacktasche.jpg\" title=\"Fahrrad mit Packtaschen &copy; Ulla Bai\" alt=\"Fahrrad mit Packtaschen &copy; Ulla Bai\"> <h3> Fahrrad mit Packtaschen &copy; Ulla Bai <\/h3>","_links":{"self":[{"href":"https:\/\/www.adfc-wiesbaden.de\/ar\/wp-json\/wp\/v2\/pages\/69552","targetHints":{"allow":["GET"]}}],"collection":[{"href":"https:\/\/www.adfc-wiesbaden.de\/ar\/wp-json\/wp\/v2\/pages"}],"about":[{"href":"https:\/\/www.adfc-wiesbaden.de\/ar\/wp-json\/wp\/v2\/types\/page"}],"author":[{"embeddable":true,"href":"https:\/\/www.adfc-wiesbaden.de\/ar\/wp-json\/wp\/v2\/users\/50"}],"replies":[{"embeddable":true,"href":"https:\/\/www.adfc-wiesbaden.de\/ar\/wp-json\/wp\/v2\/comments?post=69552"}],"version-history":[{"count":39,"href":"https:\/\/www.adfc-wiesbaden.de\/ar\/wp-json\/wp\/v2\/pages\/69552\/revisions"}],"predecessor-version":[{"id":75868,"href":"https:\/\/www.adfc-wiesbaden.de\/ar\/wp-json\/wp\/v2\/pages\/69552\/revisions\/75868"}],"up":[{"embeddable":true,"href":"https:\/\/www.adfc-wiesbaden.de\/ar\/wp-json\/wp\/v2\/pages\/69773"}],"wp:featuredmedia":[{"embeddable":true,"href":"https:\/\/www.adfc-wiesbaden.de\/ar\/wp-json\/wp\/v2\/media\/69554"}],"wp:attachment":[{"href":"https:\/\/www.adfc-wiesbaden.de\/ar\/wp-json\/wp\/v2\/media?parent=69552"}],"wp:term":[{"taxonomy":"post_tag","embeddable":true,"href":"https:\/\/www.adfc-wiesbaden.de\/ar\/wp-json\/wp\/v2\/tags?post=69552"}],"curies":[{"name":"wp","href":"https:\/\/api.w.org\/{rel}","templated":true}]}}