{"id":69559,"date":"2025-02-15T12:29:44","date_gmt":"2025-02-15T11:29:44","guid":{"rendered":"https:\/\/www2.adfc-wiesbaden.de\/?page_id=69559"},"modified":"2025-03-14T14:36:43","modified_gmt":"2025-03-14T13:36:43","slug":"radpolitik","status":"publish","type":"page","link":"https:\/\/www.adfc-wiesbaden.de\/ar\/radverkehr\/radpolitik\/","title":{"rendered":"\u062a\u0635\u0646\u064a\u0641: \u0633\u064a\u0627\u0633\u0629 \u0631\u0627\u062f\u064a\u0643\u0627\u0644\u064a\u0629"},"content":{"rendered":"<!--themify_builder_content-->\n<div id=\"themify_builder_content-69559\" data-postid=\"69559\" class=\"themify_builder_content themify_builder_content-69559 themify_builder tf_clear\">\n                    <div  data-lazy=\"1\" class=\"module_row themify_builder_row tb_5m86973 tb_first tf_w\">\n                        <div class=\"row_inner col_align_top tb_col_count_1 tf_box tf_rel\">\n                        <div  data-lazy=\"1\" class=\"module_column tb-column col-full tb_gsi7973 first\">\n                            <div  data-lazy=\"1\" class=\"module_subrow themify_builder_sub_row tf_w col_align_top tb_col_count_2 tb_ufrz936\">\n                <div  data-lazy=\"1\" class=\"module_column sub_column col4-2 tb_lbtx937 first\">\n                    <!-- module text -->\n<div  class=\"module module-text tb_deay81    tb_gs678604\" data-lazy=\"1\">\n        <div  class=\"tb_text_wrap\">\n        <h1>\u0627\u0644\u0641\u0631\u064a\u0642 \u0627\u0644\u0639\u0627\u0645\u0644 \u0627\u0644\u0645\u0639\u0646\u064a \u0628\u0633\u064a\u0627\u0633\u0629 \u0631\u0643\u0648\u0628 \u0627\u0644\u062f\u0631\u0627\u062c\u0627\u062a<\/h1>\n<p>\u0642\u0628\u0644 \u0628\u0636\u0639 \u0633\u0646\u0648\u0627\u062a \u060c \u062a\u0645 \u062a\u0634\u0643\u064a\u0644 \u0645\u062c\u0645\u0648\u0639\u0629 \u0639\u0645\u0644 \u0641\u064a ADFC Wiesbaden \/ Rheingau-Taunus \u060c \u0648\u0627\u0644\u062a\u064a \u062a\u0631\u064a\u062f \u0627\u0644\u0645\u0633\u0627\u0647\u0645\u0629 \u0641\u064a \u062a\u062d\u0633\u064a\u0646 \u0631\u0643\u0648\u0628 \u0627\u0644\u062f\u0631\u0627\u062c\u0627\u062a \u0648\u062c\u0639\u0644\u0647\u0627 \u0623\u0643\u062b\u0631 \u0623\u0645\u0627\u0646\u064b\u0627 \u0644\u062c\u0645\u064a\u0639 \u0631\u0627\u0643\u0628\u064a \u0627\u0644\u062f\u0631\u0627\u062c\u0627\u062a \u0645\u0646 \u062e\u0644\u0627\u0644 \u0627\u0644\u0625\u062c\u0631\u0627\u0621\u0627\u062a \u0648\u0627\u0644\u0628\u064a\u0627\u0646\u0627\u062a \u0627\u0644\u0635\u062d\u0641\u064a\u0629 \u0648\u0627\u0644\u0645\u0642\u062a\u0631\u062d\u0627\u062a \u0625\u0644\u0649 \u0627\u0644\u0645\u062c\u0627\u0644\u0633 \u0627\u0644\u0627\u0633\u062a\u0634\u0627\u0631\u064a\u0629 \u0627\u0644\u0645\u062d\u0644\u064a\u0629.\u00a0<\/p>\n<p>\u0623\u062d\u062f \u0627\u0644\u0645\u0634\u0627\u0631\u064a\u0639 \u0627\u0644\u0631\u0626\u064a\u0633\u064a\u0629 \u0644\u0640 WG Radpolitik \u0647\u0648\u00a0<a href=\"https:\/\/www2.adfc-wiesbaden.de\/radverkehr\/radstern\/\">\u0642\u0627\u0644\u0628: \u0639\u062c\u0644\u0629 \u0646\u062c\u0645\u0629<\/a>. \u064a\u0645\u0643\u0646 \u0627\u0644\u0639\u062b\u0648\u0631 \u0639\u0644\u0649 \u0645\u0632\u064a\u062f \u0645\u0646 \u0627\u0644\u0645\u0639\u0644\u0648\u0645\u0627\u062a \u0639\u0644\u0649 \u0627\u0644\u0635\u0641\u062d\u0629 \u0627\u0644\u0645\u0631\u062a\u0628\u0637\u0629.\u00a0<\/p>\n<p>\u0625\u0630\u0627 \u0643\u0646\u062a \u0645\u0647\u062a\u0645\u064b\u0627 \u0628\u062a\u062d\u0633\u064a\u0646 \u0638\u0631\u0648\u0641 \u0631\u0643\u0648\u0628 \u0627\u0644\u062f\u0631\u0627\u062c\u0627\u062a \u060c \u0641\u064a\u0631\u062c\u0649 \u0627\u0644\u0627\u062a\u0635\u0627\u0644\u00a0<a href=\"\/ar\/radpolitik&\/#64;adfc-wiesbade&#110;&#46;&#100;&#101;\">radpolitik@adfc-wiesbaden.de<\/a><\/p>    <\/div>\n<\/div>\n<!-- \/module text -->        <\/div>\n                    <div  data-lazy=\"1\" class=\"module_column sub_column col4-2 tb_9kbr937 last\">\n                    <!-- module image -->\n<div  class=\"module module-image tb_zjtf344 image-top   tf_mw tb_gs2677162d\" data-lazy=\"1\">\n        <div class=\"image-wrap tf_rel tf_mw\">\n            <img decoding=\"async\" src=\"\/wp-content\/uploads\/2025\/02\/EOS_4_3.jpg\" title=\"\u0635\u0648\u0631\u0629 \u0644\u0645\u0633\u0627\u0631 \u0627\u0644\u062f\u0648\u0631\u0629 \u0627\u0644\u062c\u062f\u064a\u062f \u0641\u064a Erich Ollenauer Stra\u00dfe | \u00a9 Michele Fleckenstein\" alt=\"\u0635\u0648\u0631\u0629 \u0644\u0645\u0633\u0627\u0631 \u0627\u0644\u062f\u0648\u0631\u0629 \u0627\u0644\u062c\u062f\u064a\u062f \u0641\u064a Erich Ollenauer Stra\u00dfe | \u00a9 Michele Fleckenstein\">    \n        <\/div>\n    <!-- \/image-wrap -->\n    \n        <div class=\"image-content\">\n                    <h3 class=\"image-title\">\n                                    \u0635\u0648\u0631\u0629 \u0644\u0645\u0633\u0627\u0631 \u0627\u0644\u062f\u0648\u0631\u0629 \u0627\u0644\u062c\u062f\u064a\u062f \u0641\u064a Erich Ollenauer Stra\u00dfe | \u00a9 Michele Fleckenstein                            <\/h3>\n                    <\/div>\n    <!-- \/image-content -->\n        <\/div>\n<!-- \/module image -->        <\/div>\n                    <\/div>\n                <\/div>\n                        <\/div>\n        <\/div>\n        <\/div>\n<!--\/themify_builder_content-->","protected":false},"excerpt":{"rendered":"<p>\u0627\u0644\u0641\u0631\u064a\u0642 \u0627\u0644\u0639\u0627\u0645\u0644 \u0627\u0644\u0645\u0639\u0646\u064a \u0628\u0633\u064a\u0627\u0633\u0629 \u0631\u0643\u0648\u0628 \u0627\u0644\u062f\u0631\u0627\u062c\u0627\u062a \u0641\u064a \u0646\u0627\u062f\u064a \u0623\u0628\u0648\u0638\u0628\u064a \u0644\u0643\u0631\u0629 \u0627\u0644\u0642\u062f\u0645 \u0641\u064a\u0633\u0628\u0627\u062f\u0646 \/ \u0631\u064a\u0646\u063a\u0648-\u062a\u0627\u0648\u0646\u0633<\/p>","protected":false},"author":50,"featured_media":70034,"parent":69777,"menu_order":0,"comment_status":"closed","ping_status":"closed","template":"","meta":{"footnotes":""},"tags":[],"class_list":["post-69559","page","type-page","status-publish","has-post-thumbnail","hentry","has-post-title","has-post-date","has-post-category","has-post-tag","has-post-comment","has-post-author",""],"builder_content":"<h1>AG Radpolitik<\/h1> <p>Im ADFC Wiesbaden \/ Rheingau-Taunus hat sich vor einigen Jahren eine Arbeitsgruppe gebildet, die mit Aktionen, Pressemitteilungen und Vorschl\u00e4gen an Ortsbeir\u00e4te dazu beitragen m\u00f6chte, den Radverkehr zu verbessern und f\u00fcr alle Radfahrenden sicherer zu machen.\u00a0<\/p> <p>Ein gro\u00dfes Projekt der AG Radpolitik ist der\u00a0<a href=\"https:\/\/www2.adfc-wiesbaden.de\/radverkehr\/radstern\/\">Radstern<\/a>. Weitere Informationen dazu finden Sie auf der verlinkten Seite.\u00a0<\/p> <p>Wenn sie Interesse daran haben, die Gegebenheiten des Radverkehrs zu verbessern, melden Sie sich gerne unter\u00a0<a href=\"radpolitik@adfc-wiesbaden.de\">radpolitik@adfc-wiesbaden.de<\/a><\/p>\n<img src=\"\/wp-content\/uploads\/2025\/02\/EOS_4_3.jpg\" title=\"Bild des neuen Radwegs in der Erich Ollenauer Stra\u00dfe | &copy; Michele Fleckenstein\" alt=\"Bild des neuen Radwegs in der Erich Ollenauer Stra\u00dfe | &copy; Michele Fleckenstein\"> <h3> Bild des neuen Radwegs in der Erich Ollenauer Stra\u00dfe | &copy; Michele Fleckenstein <\/h3>\n[mat_show_tile postid=\"69562\"]","_links":{"self":[{"href":"https:\/\/www.adfc-wiesbaden.de\/ar\/wp-json\/wp\/v2\/pages\/69559","targetHints":{"allow":["GET"]}}],"collection":[{"href":"https:\/\/www.adfc-wiesbaden.de\/ar\/wp-json\/wp\/v2\/pages"}],"about":[{"href":"https:\/\/www.adfc-wiesbaden.de\/ar\/wp-json\/wp\/v2\/types\/page"}],"author":[{"embeddable":true,"href":"https:\/\/www.adfc-wiesbaden.de\/ar\/wp-json\/wp\/v2\/users\/50"}],"replies":[{"embeddable":true,"href":"https:\/\/www.adfc-wiesbaden.de\/ar\/wp-json\/wp\/v2\/comments?post=69559"}],"version-history":[{"count":29,"href":"https:\/\/www.adfc-wiesbaden.de\/ar\/wp-json\/wp\/v2\/pages\/69559\/revisions"}],"predecessor-version":[{"id":71526,"href":"https:\/\/www.adfc-wiesbaden.de\/ar\/wp-json\/wp\/v2\/pages\/69559\/revisions\/71526"}],"up":[{"embeddable":true,"href":"https:\/\/www.adfc-wiesbaden.de\/ar\/wp-json\/wp\/v2\/pages\/69777"}],"wp:featuredmedia":[{"embeddable":true,"href":"https:\/\/www.adfc-wiesbaden.de\/ar\/wp-json\/wp\/v2\/media\/70034"}],"wp:attachment":[{"href":"https:\/\/www.adfc-wiesbaden.de\/ar\/wp-json\/wp\/v2\/media?parent=69559"}],"wp:term":[{"taxonomy":"post_tag","embeddable":true,"href":"https:\/\/www.adfc-wiesbaden.de\/ar\/wp-json\/wp\/v2\/tags?post=69559"}],"curies":[{"name":"wp","href":"https:\/\/api.w.org\/{rel}","templated":true}]}}