{"id":69702,"date":"2025-02-16T16:04:36","date_gmt":"2025-02-16T15:04:36","guid":{"rendered":"https:\/\/www2.adfc-wiesbaden.de\/?page_id=69702"},"modified":"2025-10-22T17:55:08","modified_gmt":"2025-10-22T15:55:08","slug":"impressum","status":"publish","type":"page","link":"https:\/\/www.adfc-wiesbaden.de\/ar\/ueber-uns\/impressum\/","title":{"rendered":"\u0625\u062e\u0644\u0627\u0621 \u0627\u0644\u0645\u0633\u0624\u0648\u0644\u064a\u0629"},"content":{"rendered":"<!--themify_builder_content-->\n<div id=\"themify_builder_content-69702\" data-postid=\"69702\" class=\"themify_builder_content themify_builder_content-69702 themify_builder tf_clear\">\n                    <div  data-lazy=\"1\" class=\"module_row themify_builder_row tb_vpjr783 tb_first tf_w\">\n                        <div class=\"row_inner col_align_top tb_col_count_1 tf_box tf_rel\">\n                        <div  data-lazy=\"1\" class=\"module_column tb-column col-full tb_ts1t784 first\">\n                    <!-- module text -->\n<div  class=\"module module-text tb_cmse696    tb_gs678604\" data-lazy=\"1\">\n        <div  class=\"tb_text_wrap\">\n        <p>\u0645\u0627\u0644\u0643\u0648 \u0627\u0644\u0645\u0648\u0627\u0642\u0639 \u0648\u0627\u0644\u0646\u0627\u0634\u0631\u0648\u0646 \u0648\u0641\u0642\u064b\u0627 \u0644\u0644\u0645\u0627\u062f\u0629 5 \u0645\u0646 \u0642\u0627\u0646\u0648\u0646 \u062a\u064a\u0644\u064a\u0645\u064a\u062f\u064a\u0627 (TMG):<br \/>Deutscher Fahrrad-Club Kreisverband Wiesbaden \/ Rheingau-Taunus e.V.<\/p>\n<p><strong>\u0645\u0645\u062b\u0644 \u0642\u0627\u0646\u0648\u0646\u064a\u0627\u064b \u0628\u0645\u062c\u0644\u0633 \u0627\u0644\u0625\u062f\u0627\u0631\u0629<br \/><\/strong>Goebenstra\u00dfe 1<br \/>65195 \u0641\u064a\u0633\u0628\u0627\u062f\u0646<br \/>info@adfc-wiesbaden.de<\/p>\n<p><strong>\u0627\u0644\u0645\u0633\u0624\u0648\u0644 \u0648\u0641\u0642\u0627 \u00a7 6 MStV:<br \/><\/strong>Mich\u00e9le Fleckenstein (\u0639\u0636\u0648 \u0645\u062c\u0644\u0633 \u0627\u0644\u0625\u062f\u0627\u0631\u0629\u060c \u0627\u0644\u0639\u0646\u0648\u0627\u0646 \u0639\u0644\u0649 \u0627\u0644\u0646\u062d\u0648 \u0627\u0644\u0648\u0627\u0631\u062f \u0623\u0639\u0644\u0627\u0647)<\/p>\n<p><b>\u0633\u062c\u0644 \u0627\u0644\u062c\u0645\u0639\u064a\u0627\u062a \u0641\u064a\u0633\u0628\u0627\u062f\u0646 \u0631\u0642\u0645 \u0627\u0644\u062a\u0633\u062c\u064a\u0644: VR 6087<\/b><\/p>\n<p><strong>\u0641\u0631\u064a\u0642 \u062a\u062d\u0631\u064a\u0631 \u0627\u0644\u0625\u0646\u062a\u0631\u0646\u062a:<br \/><\/strong>\u0627\u0644\u0628\u0631\u064a\u062f \u0627\u0644\u0625\u0644\u0643\u062a\u0631\u0648\u0646\u064a: webteam@adfc-wiesbaden.de<br \/>\u0645\u064a\u062e\u0627\u0626\u064a\u0644 \u0641\u0644\u064a\u0643\u0646\u0633\u062a\u0627\u064a\u0646<\/p>\n<p><strong>\u062a\u0637\u0648\u064a\u0631 \u0627\u0644\u0634\u0628\u0643\u0627\u062a \u0648\u0627\u0644\u062a\u0637\u0628\u064a\u0642\u0627\u062a<br \/><\/strong>\u0645\u0627\u064a\u0643\u0644 \u0643\u0644\u064a\u0645<\/p>\n<p>\u0647\u0646\u0627 \u0633\u062a\u062c\u062f \u0633\u064a\u0627\u0633\u0629 \u0627\u0644\u062e\u0635\u0648\u0635\u064a\u0629 \u0627\u0644\u062e\u0627\u0635\u0629 \u0628\u0646\u0627:<\/p>\n<div class=\"button_container\">\n<div class=\"margin_0-16-8-0\"><a class=\"button1\" href=\"\/ar\/datenschutzerkl\u00e4rung\/\" rel=\"noopener\"> \u0633\u064a\u0627\u0633\u0629 \u0627\u0644\u062e\u0635\u0648\u0635\u064a\u0629<\/a><\/div>\n<\/div>    <\/div>\n<\/div>\n<!-- \/module text --><!-- module text -->\n<div  class=\"module module-text tb_f1gi13    tb_gs678604\" data-lazy=\"1\">\n        <div  class=\"tb_text_wrap\">\n        <div class=\"module module-text tb_8q9w22 tb_gs678604\">\n<div class=\"tb_text_wrap\">\n<h2><strong>\u0627\u0644\u0645\u0633\u0624\u0648\u0644\u064a\u0629 \u0639\u0646 \u0627\u0644\u0645\u062d\u062a\u0648\u0649<\/strong><\/h2>\n<p>\u062a\u0645 \u0625\u0646\u0634\u0627\u0621 \u0645\u062d\u062a\u0648\u064a\u0627\u062a \u0635\u0641\u062d\u0627\u062a\u0646\u0627 \u0628\u0623\u0642\u0635\u0649 \u0642\u062f\u0631 \u0645\u0646 \u0627\u0644\u0639\u0646\u0627\u064a\u0629. \u0648\u0645\u0639 \u0630\u0644\u0643 \u060c \u0644\u0627 \u064a\u0645\u0643\u0646\u0646\u0627 \u062a\u062d\u0645\u0644 \u0623\u064a \u0645\u0633\u0624\u0648\u0644\u064a\u0629 \u0639\u0646 \u0635\u062d\u0629 \u0648\u0627\u0643\u062a\u0645\u0627\u0644 \u0648\u062d\u062f\u0627\u062b\u0629 \u0627\u0644\u0645\u062d\u062a\u0648\u064a\u0627\u062a. \u0628\u0635\u0641\u062a\u0646\u0627 \u0645\u0632\u0648\u062f \u062e\u062f\u0645\u0629 \u060c \u0641\u0625\u0646\u0646\u0627 \u0645\u0633\u0624\u0648\u0644\u0648\u0646 \u0648\u0641\u0642\u064b\u0627 \u0644\u0644\u0645\u0627\u062f\u0629 7 Abs.1 TMG \u0639\u0646 \u0627\u0644\u0645\u062d\u062a\u0648\u0649 \u0627\u0644\u062e\u0627\u0635 \u0628\u0646\u0627 \u0639\u0644\u0649 \u0647\u0630\u0647 \u0627\u0644\u0635\u0641\u062d\u0627\u062a \u0648\u0641\u0642\u064b\u0627 \u0644\u0644\u0642\u0648\u0627\u0646\u064a\u0646 \u0627\u0644\u0639\u0627\u0645\u0629. \u0648\u0641\u0642\u064b\u0627 \u0644\u0644\u0641\u0642\u0631\u0627\u062a \u0645\u0646 8 \u0625\u0644\u0649 10 TMG \u060c \u0641\u0625\u0646\u0646\u0627 \u0643\u0645\u0632\u0648\u062f \u062e\u062f\u0645\u0629 \u0644\u0633\u0646\u0627 \u0645\u0644\u0632\u0645\u064a\u0646 \u0628\u0645\u0631\u0627\u0642\u0628\u0629 \u0645\u0639\u0644\u0648\u0645\u0627\u062a \u0627\u0644\u0637\u0631\u0641 \u0627\u0644\u062b\u0627\u0644\u062b \u0627\u0644\u0645\u0646\u0642\u0648\u0644\u0629 \u0623\u0648 \u0627\u0644\u0645\u062e\u0632\u0646\u0629 \u0623\u0648 \u0644\u0644\u062a\u062d\u0642\u064a\u0642 \u0641\u064a \u0627\u0644\u0638\u0631\u0648\u0641 \u0627\u0644\u062a\u064a \u062a\u0634\u064a\u0631 \u0625\u0644\u0649 \u0646\u0634\u0627\u0637 \u063a\u064a\u0631 \u0642\u0627\u0646\u0648\u0646\u064a. \u0644\u0627 \u062a\u0632\u0627\u0644 \u0627\u0644\u062a\u0632\u0627\u0645\u0627\u062a \u0625\u0632\u0627\u0644\u0629 \u0623\u0648 \u062d\u0638\u0631 \u0627\u0633\u062a\u062e\u062f\u0627\u0645 \u0627\u0644\u0645\u0639\u0644\u0648\u0645\u0627\u062a \u0628\u0645\u0648\u062c\u0628 \u0627\u0644\u0642\u0648\u0627\u0646\u064a\u0646 \u0627\u0644\u0639\u0627\u0645\u0629 \u063a\u064a\u0631 \u0645\u062a\u0623\u062b\u0631\u0629. \u0648\u0645\u0639 \u0630\u0644\u0643 \u060c \u0641\u0625\u0646 \u0627\u0644\u0645\u0633\u0624\u0648\u0644\u064a\u0629 \u0641\u064a \u0647\u0630\u0627 \u0627\u0644\u0635\u062f\u062f \u0645\u0645\u0643\u0646\u0629 \u0641\u0642\u0637 \u0645\u0646 \u0648\u0642\u062a \u0645\u0639\u0631\u0641\u0629 \u0627\u0646\u062a\u0647\u0627\u0643 \u0645\u0639\u064a\u0646. \u0625\u0630\u0627 \u0639\u0644\u0645\u0646\u0627 \u0628\u0627\u0644\u0627\u0646\u062a\u0647\u0627\u0643\u0627\u062a \u0627\u0644\u0642\u0627\u0646\u0648\u0646\u064a\u0629 \u0627\u0644\u0645\u0642\u0627\u0628\u0644\u0629 \u060c \u0641\u0633\u0646\u0642\u0648\u0645 \u0628\u0625\u0632\u0627\u0644\u0629 \u0647\u0630\u0627 \u0627\u0644\u0645\u062d\u062a\u0648\u0649 \u0639\u0644\u0649 \u0627\u0644\u0641\u0648\u0631.<\/p>\n<h2><strong>\u0627\u0644\u0645\u0633\u0624\u0648\u0644\u064a\u0629 \u0639\u0646 \u0627\u0644\u0631\u0648\u0627\u0628\u0637<\/strong><\/h2>\n<p>\u064a\u062d\u062a\u0648\u064a \u0639\u0631\u0636\u0646\u0627 \u0639\u0644\u0649 \u0631\u0648\u0627\u0628\u0637 \u0644\u0645\u0648\u0627\u0642\u0639 \u0648\u064a\u0628 \u062e\u0627\u0631\u062c\u064a\u0629 \u0644\u0623\u0637\u0631\u0627\u0641 \u062b\u0627\u0644\u062b\u0629 \u0644\u064a\u0633 \u0644\u062f\u064a\u0646\u0627 \u0623\u064a \u062a\u0623\u062b\u064a\u0631 \u0639\u0644\u0649 \u0645\u062d\u062a\u0648\u064a\u0627\u062a\u0647\u0627. \u0644\u0630\u0644\u0643 \u060c \u0644\u0627 \u064a\u0645\u0643\u0646\u0646\u0627 \u062a\u062d\u0645\u0644 \u0623\u064a \u0645\u0633\u0624\u0648\u0644\u064a\u0629 \u0639\u0646 \u0647\u0630\u0627 \u0627\u0644\u0645\u062d\u062a\u0648\u0649 \u0627\u0644\u062e\u0627\u0631\u062c\u064a. \u064a\u0643\u0648\u0646 \u0645\u0632\u0648\u062f \u0623\u0648 \u0645\u0634\u063a\u0644 \u0627\u0644\u0635\u0641\u062d\u0627\u062a \u0627\u0644\u0645\u0639\u0646\u064a \u0645\u0633\u0624\u0648\u0644\u064b\u0627 \u062f\u0627\u0626\u0645\u064b\u0627 \u0639\u0646 \u0645\u062d\u062a\u0648\u064a\u0627\u062a \u0627\u0644\u0635\u0641\u062d\u0627\u062a \u0627\u0644\u0645\u0631\u062a\u0628\u0637\u0629. \u062a\u0645 \u0627\u0644\u062a\u062d\u0642\u0642 \u0645\u0646 \u0627\u0644\u0635\u0641\u062d\u0627\u062a \u0627\u0644\u0645\u0631\u062a\u0628\u0637\u0629 \u0644\u0645\u0639\u0631\u0641\u0629 \u0627\u0644\u0627\u0646\u062a\u0647\u0627\u0643\u0627\u062a \u0627\u0644\u0642\u0627\u0646\u0648\u0646\u064a\u0629 \u0627\u0644\u0645\u062d\u062a\u0645\u0644\u0629 \u0641\u064a \u0648\u0642\u062a \u0627\u0644\u0631\u0628\u0637. \u0644\u0645 \u064a\u0643\u0646 \u0627\u0644\u0645\u062d\u062a\u0648\u0649 \u063a\u064a\u0631 \u0627\u0644\u0642\u0627\u0646\u0648\u0646\u064a \u0645\u0639\u0631\u0648\u0641\u064b\u0627 \u0641\u064a \u0648\u0642\u062a \u0627\u0644\u0631\u0628\u0637. \u0648\u0645\u0639 \u0630\u0644\u0643 \u060c \u0641\u0625\u0646 \u0627\u0644\u062a\u062d\u0643\u0645 \u0627\u0644\u062f\u0627\u0626\u0645 \u0641\u064a \u0645\u062d\u062a\u0648\u0649 \u0627\u0644\u0635\u0641\u062d\u0627\u062a \u0627\u0644\u0645\u0631\u062a\u0628\u0637\u0629 \u0644\u064a\u0633 \u0645\u0639\u0642\u0648\u0644\u064b\u0627 \u062f\u0648\u0646 \u0645\u0624\u0634\u0631\u0627\u062a \u0645\u0644\u0645\u0648\u0633\u0629 \u0639\u0644\u0649 \u0627\u0646\u062a\u0647\u0627\u0643 \u0627\u0644\u0642\u0627\u0646\u0648\u0646. \u0639\u0646\u062f \u0639\u0644\u0645\u0646\u0627 \u0628\u0627\u0644\u0627\u0646\u062a\u0647\u0627\u0643\u0627\u062a \u0627\u0644\u0642\u0627\u0646\u0648\u0646\u064a\u0629 \u060c \u0633\u0646\u0642\u0648\u0645 \u0628\u0625\u0632\u0627\u0644\u0629 \u0647\u0630\u0647 \u0627\u0644\u0631\u0648\u0627\u0628\u0637 \u0639\u0644\u0649 \u0627\u0644\u0641\u0648\u0631.<\/p>\n<p>\u064a\u062a\u0645 \u0627\u0633\u062a\u0628\u0639\u0627\u062f \u0627\u0644\u0645\u0633\u0624\u0648\u0644\u064a\u0629 \u0623\u0648 \u0627\u0644\u0636\u0645\u0627\u0646 \u0639\u0646 \u0645\u0648\u0636\u0648\u0639\u064a\u0629 \u0648\u0635\u062d\u0629 \u0648\u0627\u0643\u062a\u0645\u0627\u0644 \u0627\u0644\u0645\u0639\u0644\u0648\u0645\u0627\u062a \u0648\u0627\u0644\u0628\u064a\u0627\u0646\u0627\u062a \u0627\u0644\u0645\u0642\u062f\u0645\u0629. \u0644\u0646 \u0646\u0643\u0648\u0646 \u0641\u064a \u0623\u064a \u062d\u0627\u0644 \u0645\u0646 \u0627\u0644\u0623\u062d\u0648\u0627\u0644 \u0645\u0633\u0624\u0648\u0644\u064a\u0646 \u062a\u062c\u0627\u0647\u0643 \u0623\u0648 \u062a\u062c\u0627\u0647 \u0623\u064a \u0637\u0631\u0641 \u062b\u0627\u0644\u062b \u0639\u0646 \u0623\u064a \u0623\u0636\u0631\u0627\u0631 \u0645\u0628\u0627\u0634\u0631\u0629 \u0623\u0648 \u063a\u064a\u0631 \u0645\u0628\u0627\u0634\u0631\u0629 \u0623\u0648 \u062e\u0627\u0635\u0629 \u0623\u0648 \u063a\u064a\u0631\u0647\u0627 \u0645\u0646 \u0627\u0644\u0623\u0636\u0631\u0627\u0631 \u0627\u0644\u0646\u0627\u062c\u0645\u0629 \u0639\u0646 \u0627\u0633\u062a\u062e\u062f\u0627\u0645 \u0647\u0630\u0627 \u0627\u0644\u0645\u0648\u0642\u0639 \u0623\u0648 \u0623\u064a \u0645\u0648\u0642\u0639 \u0645\u0631\u062a\u0628\u0637. \u064a\u062a\u0645 \u0623\u064a\u0636\u064b\u0627 \u0627\u0633\u062a\u0628\u0639\u0627\u062f \u0623\u064a \u0645\u0633\u0624\u0648\u0644\u064a\u0629 \u0639\u0646 \u062e\u0633\u0627\u0631\u0629 \u0627\u0644\u0631\u0628\u062d \u0623\u0648 \u0627\u0646\u0642\u0637\u0627\u0639 \u0627\u0644\u0623\u0639\u0645\u0627\u0644 \u0623\u0648 \u0641\u0642\u062f\u0627\u0646 \u0627\u0644\u0628\u0631\u0627\u0645\u062c \u0623\u0648 \u0627\u0644\u0628\u064a\u0627\u0646\u0627\u062a \u0627\u0644\u0623\u062e\u0631\u0649 \u0641\u064a \u0623\u0646\u0638\u0645\u0629 \u0627\u0644\u0645\u0639\u0644\u0648\u0645\u0627\u062a \u0627\u0644\u062e\u0627\u0635\u0629 \u0628\u0643.<\/p>\n<\/div>\n<\/div>\n<div class=\"module module-text tb_21n6721 tb_gs678604\">\n<div class=\"tb_text_wrap\">\n<h2><strong>\u062d\u0642\u0648\u0642 \u0627\u0644\u0637\u0628\u0639 \u0648\u0627\u0644\u0646\u0634\u0631<\/strong><\/h2>\n<p>\u064a\u0645\u0643\u0646 \u0631\u0628\u0637 \u0647\u0630\u0647 \u0627\u0644\u0635\u0641\u062d\u0627\u062a \u062f\u0648\u0646 \u0625\u0630\u0646.<br \/>\u064a\u062e\u0636\u0639 \u0627\u0644\u0645\u062d\u062a\u0648\u0649 \u0648\u0627\u0644\u0623\u0639\u0645\u0627\u0644 \u0627\u0644\u062a\u064a \u0623\u0646\u0634\u0623\u0647\u0627 \u0645\u0634\u063a\u0644\u0648 \u0627\u0644\u0645\u0648\u0642\u0639 \u0639\u0644\u0649 \u0647\u0630\u0647 \u0627\u0644\u0635\u0641\u062d\u0627\u062a \u0644\u0642\u0627\u0646\u0648\u0646 \u062d\u0642\u0648\u0642 \u0627\u0644\u0646\u0634\u0631 \u0627\u0644\u0623\u0644\u0645\u0627\u0646\u064a. \u064a\u062a\u0637\u0644\u0628 \u0627\u0644\u0627\u0633\u062a\u0646\u0633\u0627\u062e \u0648\u0627\u0644\u0645\u0639\u0627\u0644\u062c\u0629 \u0648\u0627\u0644\u062a\u0648\u0632\u064a\u0639 \u0648\u0623\u064a \u0646\u0648\u0639 \u0645\u0646 \u0627\u0644\u0627\u0633\u062a\u063a\u0644\u0627\u0644 \u062e\u0627\u0631\u062c \u062d\u062f\u0648\u062f \u0642\u0627\u0646\u0648\u0646 \u062d\u0642\u0648\u0642 \u0627\u0644\u062a\u0623\u0644\u064a\u0641 \u0648\u0627\u0644\u0646\u0634\u0631 \u0645\u0648\u0627\u0641\u0642\u0629 \u062e\u0637\u064a\u0629 \u0645\u0646 \u0627\u0644\u0645\u0624\u0644\u0641 \u0623\u0648 \u0627\u0644\u0645\u0646\u0634\u0626 \u0627\u0644\u0645\u0639\u0646\u064a. \u0627\u0644\u062a\u0646\u0632\u064a\u0644\u0627\u062a \u0648\u0627\u0644\u0646\u0633\u062e \u0645\u0646 \u0647\u0630\u0647 \u0627\u0644\u0635\u0641\u062d\u0629 \u0645\u0633\u0645\u0648\u062d \u0628\u0647\u0627 \u0641\u0642\u0637 \u0644\u0644\u0627\u0633\u062a\u062e\u062f\u0627\u0645 \u0627\u0644\u062e\u0627\u0635 \u0648\u063a\u064a\u0631 \u0627\u0644\u062a\u062c\u0627\u0631\u064a \u060c \u0645\u0639 \u0630\u0643\u0631 \u0627\u0644\u0645\u0635\u062f\u0631. \u0623\u064a \u0627\u0633\u062a\u062e\u062f\u0627\u0645 \u0622\u062e\u0631 \u0628\u0623\u064a \u0634\u0643\u0644 \u0645\u0646 \u0627\u0644\u0623\u0634\u0643\u0627\u0644 \u060c \u0627\u0644\u0627\u0632\u062f\u0648\u0627\u062c\u064a\u0629 \u060c \u0627\u0644\u062a\u062d\u0631\u064a\u0631 \u060c \u0627\u0644\u062a\u0648\u0632\u064a\u0639 \u0648\u0643\u0630\u0644\u0643 \u0623\u064a \u0646\u0648\u0639 \u0645\u0646 \u0627\u0633\u062a\u063a\u0644\u0627\u0644 \u0627\u0644\u0645\u062d\u062a\u0648\u064a\u0627\u062a \u062e\u0627\u0631\u062c \u062d\u062f\u0648\u062f \u062d\u0642\u0648\u0642 \u0627\u0644\u0637\u0628\u0639 \u0648\u0627\u0644\u0646\u0634\u0631 - \u062d\u062a\u0649 \u0641\u064a \u0645\u0642\u062a\u0637\u0641\u0627\u062a - \u064a\u062a\u0637\u0644\u0628 \u0645\u0648\u0627\u0641\u0642\u0629 \u0643\u062a\u0627\u0628\u064a\u0629 \u0645\u0646 Allgemeine Deutscher Fahrrad-Club Wiesbaden \/ Rheingau-Taunus e.V. \u0648\u0644\u0627 \u064a\u062c\u0648\u0632 \u0625\u0644\u0627 \u0628\u0627\u0644\u0631\u062c\u0648\u0639 \u0625\u0644\u0649 \u0627\u0644\u0645\u0635\u062f\u0631. \u0637\u0627\u0644\u0645\u0627 \u0644\u0645 \u064a\u062a\u0645 \u0625\u0646\u0634\u0627\u0621 \u0627\u0644\u0645\u062d\u062a\u0648\u0649 \u0639\u0644\u0649 \u0647\u0630\u0647 \u0627\u0644\u0635\u0641\u062d\u0629 \u0645\u0646 \u0642\u0628\u0644 \u0627\u0644\u0645\u0634\u063a\u0644 \u060c \u064a\u062a\u0645 \u0645\u0644\u0627\u062d\u0638\u0629 \u062d\u0642\u0648\u0642 \u0627\u0644\u0637\u0628\u0639 \u0648\u0627\u0644\u0646\u0634\u0631 \u0644\u0623\u0637\u0631\u0627\u0641 \u062b\u0627\u0644\u062b\u0629. \u0639\u0644\u0649 \u0648\u062c\u0647 \u0627\u0644\u062e\u0635\u0648\u0635 \u060c \u064a\u062a\u0645 \u0648\u0636\u0639 \u0639\u0644\u0627\u0645\u0629 \u0639\u0644\u0649 \u0645\u062d\u062a\u0648\u0649 \u0627\u0644\u0637\u0631\u0641 \u0627\u0644\u062b\u0627\u0644\u062b \u0639\u0644\u0649 \u0647\u0630\u0627 \u0627\u0644\u0646\u062d\u0648. \u0625\u0630\u0627 \u0623\u0635\u0628\u062d\u062a \u0639\u0644\u0649 \u0639\u0644\u0645 \u0628\u0627\u0646\u062a\u0647\u0627\u0643 \u062d\u0642\u0648\u0642 \u0627\u0644\u0637\u0628\u0639 \u0648\u0627\u0644\u0646\u0634\u0631 \u060c \u0641\u0625\u0646\u0646\u0627 \u0646\u0637\u0644\u0628 \u0625\u0634\u0639\u0627\u0631\u064b\u0627 \u0645\u0645\u0627\u062b\u0644\u064b\u0627. \u0639\u0646\u062f \u0639\u0644\u0645\u0646\u0627 \u0628\u0627\u0644\u0627\u0646\u062a\u0647\u0627\u0643\u0627\u062a \u0627\u0644\u0642\u0627\u0646\u0648\u0646\u064a\u0629 \u060c \u0633\u0646\u0642\u0648\u0645 \u0628\u0625\u0632\u0627\u0644\u0629 \u0647\u0630\u0627 \u0627\u0644\u0645\u062d\u062a\u0648\u0649 \u0639\u0644\u0649 \u0627\u0644\u0641\u0648\u0631.<\/p>\n<p><i>(\u0623) \u0627\u0644\u0645\u0635\u0627\u062f\u0631:\u00a0<a href=\"http:\/\/www.e-recht24.de\/muster-disclaimer.htm\" target=\"_blank\" rel=\"noopener\">\u0625\u062e\u0644\u0627\u0621 \u0627\u0644\u0645\u0633\u0624\u0648\u0644\u064a\u0629 \u0645\u0646 eRecht24<\/a>, \u0628\u0648\u0627\u0628\u0629 \u0642\u0627\u0646\u0648\u0646 \u0627\u0644\u0625\u0646\u062a\u0631\u0646\u062a \u0644\u0644\u0645\u062d\u0627\u0645\u064a \u0633\u0648\u0631\u064a\u0646 \u0633\u064a\u0628\u064a\u0631\u062a.<\/i><\/p>\n<\/div>\n<\/div>    <\/div>\n<\/div>\n<!-- \/module text -->        <\/div>\n                        <\/div>\n        <\/div>\n        <\/div>\n<!--\/themify_builder_content-->","protected":false},"excerpt":{"rendered":"<p>\u0645\u0627\u0644\u0643 \u0648\u0646\u0627\u0634\u0631 \u0627\u0644\u0645\u0648\u0642\u0639 \u0648\u0641\u0642\u064b\u0627 \u0644\u0644\u0645\u0627\u062f\u0629 5 Telemediengesetz (TMG): Allgemeiner Deutscher Fahrrad-Club Kreisverband Wiesbaden \/ Rheingau-Taunus e.V. \u064a\u0645\u062b\u0644\u0647\u0627 \u0645\u062c\u0644\u0633 \u0627\u0644\u0625\u062f\u0627\u0631\u0629Goebenstra\u00dfe 165195 Wiesbadeninfo@adfc-wiesbaden.de \u0627\u0644\u0645\u0633\u0624\u0648\u0644 \u0648\u0641\u0642\u064b\u0627 \u0644\u0644\u0645\u0627\u062f\u0629 6 MStV:Mich\u00e9le Fleckenstein (\u0639\u0636\u0648 \u0645\u062c\u0644\u0633 \u0627\u0644\u0625\u062f\u0627\u0631\u0629\u060c \u0627\u0644\u0639\u0646\u0648\u0627\u0646 \u0639\u0644\u0649 \u0627\u0644\u0646\u062d\u0648 \u0627\u0644\u0648\u0627\u0631\u062f \u0623\u0639\u0644\u0627\u0647) \u062a\u0633\u062c\u064a\u0644 \u062c\u0645\u0639\u064a\u0629 \u0641\u064a\u0633\u0628\u0627\u062f\u0646 \u0631\u0642\u0645 \u0627\u0644\u062a\u0633\u062c\u064a\u0644: VR 6087 \u0641\u0631\u064a\u0642 \u062a\u062d\u0631\u064a\u0631 \u0627\u0644\u0625\u0646\u062a\u0631\u0646\u062a: \u0627\u0644\u0628\u0631\u064a\u062f \u0627\u0644\u0625\u0644\u0643\u062a\u0631\u0648\u0646\u064a: webteam@adfc-wiesbaden.deMich\u00e9le Fleckenstein \u062a\u0637\u0648\u064a\u0631 \u0627\u0644\u0634\u0628\u0643\u0627\u062a \u0648\u0627\u0644\u062a\u0637\u0628\u064a\u0642\u0627\u062a\u0645\u0627\u064a\u0643\u0644 \u0643\u0644\u064a\u0645 \u0647\u0646\u0627 \u0633\u062a\u062c\u062f \u0633\u064a\u0627\u0633\u0629 \u0627\u0644\u062e\u0635\u0648\u0635\u064a\u0629 \u0627\u0644\u062e\u0627\u0635\u0629 \u0628\u0646\u0627: \u0633\u064a\u0627\u0633\u0629 \u0627\u0644\u062e\u0635\u0648\u0635\u064a\u0629<\/p>","protected":false},"author":50,"featured_media":0,"parent":69915,"menu_order":6,"comment_status":"closed","ping_status":"closed","template":"","meta":{"footnotes":""},"tags":[],"class_list":["post-69702","page","type-page","status-publish","hentry","has-post-title","has-post-date","has-post-category","has-post-tag","has-post-comment","has-post-author",""],"builder_content":"<p>Seiteneigent\u00fcmer und Herausgeber gem\u00e4\u00df \u00a7 5 Telemediengesetz (TMG):<br \/>Allgemeiner Deutscher Fahrrad-Club Kreisverband Wiesbaden \/ Rheingau-Taunus e.V.<\/p> <p><strong>gesetzlich vertreten durch den Vorstand<br \/><\/strong>Goebenstra\u00dfe 1<br \/>65195 Wiesbaden<br \/>info@adfc-wiesbaden.de<\/p> <p><strong>Verantwortlich gem\u00e4\u00df \u00a7 6 MStV:<br \/><\/strong>Mich\u00e9le Fleckenstein (Mitglied des Vorstands, Adresse wie oben)<\/p> <p><b>Vereinsregister Wiesbaden Registernummer: VR 6087<\/b><\/p> <p><strong>Internet-Redaktion:<br \/><\/strong>E-Mail: webteam@adfc-wiesbaden.de<br \/>Mich\u00e9le Fleckenstein<\/p> <p><strong>Netzwerk und Anwendungsentwicklung<br \/><\/strong>Michael Klemme<\/p> <p>Hier finden Sie unsere Datenschutzerkl\u00e4rung:<\/p>\n<a href=\"\/datenschutzerkl\u00e4rung\" rel=\"noopener\"> Datenschutzerkl\u00e4rung<\/a>\n<h2><strong>Haftung f\u00fcr Inhalte<\/strong><\/h2> <p>Die Inhalte unserer Seiten wurden mit gr\u00f6\u00dfter Sorgfalt erstellt. F\u00fcr die Richtigkeit, Vollst\u00e4ndigkeit und Aktualit\u00e4t der Inhalte k\u00f6nnen wir jedoch keine Gew\u00e4hr \u00fcbernehmen. Als Diensteanbieter sind wir gem\u00e4\u00df \u00a7 7 Abs.1 TMG f\u00fcr eigene Inhalte auf diesen Seiten nach den allgemeinen Gesetzen verantwortlich. Nach \u00a7\u00a7 8 bis 10 TMG sind wir als Diensteanbieter jedoch nicht verpflichtet, \u00fcbermittelte oder gespeicherte fremde Informationen zu \u00fcberwachen oder nach Umst\u00e4nden zu forschen, die auf eine rechtswidrige T\u00e4tigkeit hinweisen. Verpflichtungen zur Entfernung oder Sperrung der Nutzung von Informationen nach den allgemeinen Gesetzen bleiben hiervon unber\u00fchrt. Eine diesbez\u00fcgliche Haftung ist jedoch erst ab dem Zeitpunkt der Kenntnis einer konkreten Rechtsverletzung m\u00f6glich. Bei Bekanntwerden von entsprechenden Rechtsverletzungen werden wir diese Inhalte umgehend entfernen.<\/p> <h2><strong>Haftung f\u00fcr Links<\/strong><\/h2> <p>Unser Angebot enth\u00e4lt Links zu externen Webseiten Dritter, auf deren Inhalte wir keinen Einfluss haben. Deshalb k\u00f6nnen wir f\u00fcr diese fremden Inhalte auch keine Gew\u00e4hr \u00fcbernehmen. F\u00fcr die Inhalte der verlinkten Seiten ist stets der jeweilige Anbieter oder Betreiber der Seiten verantwortlich. Die verlinkten Seiten wurden zum Zeitpunkt der Verlinkung auf m\u00f6gliche Rechtsverst\u00f6\u00dfe \u00fcberpr\u00fcft. Rechtswidrige Inhalte waren zum Zeitpunkt der Verlinkung nicht erkennbar. Eine permanente inhaltliche Kontrolle der verlinkten Seiten ist jedoch ohne konkrete Anhaltspunkte einer Rechtsverletzung nicht zumutbar. Bei Bekanntwerden von Rechtsverletzungen werden wir derartige Links umgehend entfernen.<\/p> <p>Eine Haftung oder Garantie f\u00fcr die Aktualit\u00e4t, Richtigkeit und Vollst\u00e4ndigkeit der zur Verf\u00fcgung gestellten Informationen und Daten ist ausgeschlossen. In keinem Fall haften wir Ihnen oder Dritten gegen\u00fcber f\u00fcr irgendwelche direkten, indirekten, speziellen oder sonstigen Folgesch\u00e4den, die sich aus der Nutzung dieser oder einer damit verlinkten Website ergeben. Ausgeschlossen ist auch jegliche Haftung f\u00fcr entgangenen Gewinn, Betriebsunterbrechung, Verlust von Programmen oder sonstigen Daten in Ihren Informationssystemen.<\/p>\n<h2><strong>Urheberrecht<\/strong><\/h2> <p>Auf diese Seiten darf ohne Genehmigung gelinkt werden.<br \/>Die durch die Seitenbetreiber erstellten Inhalte und Werke auf diesen Seiten unterliegen dem deutschen Urheberrecht. Die Vervielf\u00e4ltigung, Bearbeitung, Verbreitung und jede Art der Verwertung au\u00dferhalb der Grenzen des Urheberrechtes bed\u00fcrfen der schriftlichen Zustimmung des jeweiligen Autors bzw. Erstellers. Downloads und Kopien dieser Seite sind nur f\u00fcr den privaten, nicht kommerziellen Gebrauch unter Angabe der Quelle gestattet. Jedwede sonstige Verwendung in jedweder Art und Weise, Vervielf\u00e4ltigung, Bearbeitung, Verbreitung sowie jede Art der Verwertung der Inhalte au\u00dferhalb der Grenzen des Urheberrechts \u2013 auch auszugsweise \u2013, bedarf der schriftlichen Zustimmung durch den Allgemeine Deutscher Fahrrad-Club Wiesbaden\/Rheingau-Taunus e.V. und darf nur unter Hinweis auf die Quelle erfolgen. Soweit die Inhalte auf dieser Seite nicht vom Betreiber erstellt wurden, werden die Urheberrechte Dritter beachtet. Insbesondere werden Inhalte Dritter als solche gekennzeichnet. Sollten Sie trotzdem auf eine Urheberrechtsverletzung aufmerksam werden, bitten wir um einen entsprechenden Hinweis. Bei Bekanntwerden von Rechtsverletzungen werden wir derartige Inhalte umgehend entfernen.<\/p> <p><i>Quellenangaben:\u00a0<a href=\"http:\/\/www.e-recht24.de\/muster-disclaimer.htm\" target=\"_blank\" rel=\"noopener\">Disclaimer von eRecht24<\/a>, dem Portal zum Internetrecht von Rechtsanwalt S\u00f6ren Siebert.<\/i><\/p>","_links":{"self":[{"href":"https:\/\/www.adfc-wiesbaden.de\/ar\/wp-json\/wp\/v2\/pages\/69702","targetHints":{"allow":["GET"]}}],"collection":[{"href":"https:\/\/www.adfc-wiesbaden.de\/ar\/wp-json\/wp\/v2\/pages"}],"about":[{"href":"https:\/\/www.adfc-wiesbaden.de\/ar\/wp-json\/wp\/v2\/types\/page"}],"author":[{"embeddable":true,"href":"https:\/\/www.adfc-wiesbaden.de\/ar\/wp-json\/wp\/v2\/users\/50"}],"replies":[{"embeddable":true,"href":"https:\/\/www.adfc-wiesbaden.de\/ar\/wp-json\/wp\/v2\/comments?post=69702"}],"version-history":[{"count":33,"href":"https:\/\/www.adfc-wiesbaden.de\/ar\/wp-json\/wp\/v2\/pages\/69702\/revisions"}],"predecessor-version":[{"id":74275,"href":"https:\/\/www.adfc-wiesbaden.de\/ar\/wp-json\/wp\/v2\/pages\/69702\/revisions\/74275"}],"up":[{"embeddable":true,"href":"https:\/\/www.adfc-wiesbaden.de\/ar\/wp-json\/wp\/v2\/pages\/69915"}],"wp:attachment":[{"href":"https:\/\/www.adfc-wiesbaden.de\/ar\/wp-json\/wp\/v2\/media?parent=69702"}],"wp:term":[{"taxonomy":"post_tag","embeddable":true,"href":"https:\/\/www.adfc-wiesbaden.de\/ar\/wp-json\/wp\/v2\/tags?post=69702"}],"curies":[{"name":"wp","href":"https:\/\/api.w.org\/{rel}","templated":true}]}}