{"id":74832,"date":"2026-01-07T16:58:00","date_gmt":"2026-01-07T15:58:00","guid":{"rendered":"https:\/\/www.adfc-wiesbaden.de\/?page_id=74832"},"modified":"2026-03-08T10:40:27","modified_gmt":"2026-03-08T09:40:27","slug":"kidical-mass-unterstuetzen","status":"publish","type":"page","link":"https:\/\/www.adfc-wiesbaden.de\/ar\/kidical-mass\/kidical-mass-unterstuetzen\/","title":{"rendered":"\u062f\u0639\u0645 \u0627\u0644\u0642\u062f\u0627\u0633 \u0627\u0644\u0637\u0641\u0648\u0644\u064a"},"content":{"rendered":"<!--themify_builder_content-->\n<div id=\"themify_builder_content-74832\" data-postid=\"74832\" class=\"themify_builder_content themify_builder_content-74832 themify_builder tf_clear\">\n                    <div  data-lazy=\"1\" class=\"module_row themify_builder_row tb_shct620 tb_first tf_w\">\n                        <div class=\"row_inner col_align_top tb_col_count_1 tf_box tf_rel\">\n                        <div  data-lazy=\"1\" class=\"module_column tb-column col-full tb_m93a620 first\">\n                    <!-- module image -->\n<div  class=\"module module-image tb_i76z378 image-top   tf_mw tb_gs2677162d\" data-lazy=\"1\">\n        <div class=\"image-wrap tf_rel tf_mw\">\n            <img loading=\"lazy\" decoding=\"async\" width=\"2560\" height=\"1707\" src=\"https:\/\/www.adfc-wiesbaden.de\/wp-content\/uploads\/2025\/09\/2025_adfc_biebricher_fahrradtage_ntannreuther_044-scaled.jpg\" class=\"wp-post-image wp-image-73634\" title=\"\u0627\u0644\u0645\u0644\u0635\u0642 \u0627\u0644\u062a\u062c\u0631\u064a\u0628\u064a Kidical Mass | \u00a9 \u0646\u0627\u062f\u064a\u0646 Tannreuther\" alt=\"\u0627\u0644\u0645\u0644\u0635\u0642 \u0627\u0644\u062a\u062c\u0631\u064a\u0628\u064a Kidical Mass | \u00a9 \u0646\u0627\u062f\u064a\u0646 Tannreuther\" srcset=\"https:\/\/www.adfc-wiesbaden.de\/wp-content\/uploads\/2025\/09\/2025_adfc_biebricher_fahrradtage_ntannreuther_044-scaled.jpg 2560w, https:\/\/www.adfc-wiesbaden.de\/wp-content\/uploads\/2025\/09\/2025_adfc_biebricher_fahrradtage_ntannreuther_044-700x467.jpg 700w, https:\/\/www.adfc-wiesbaden.de\/wp-content\/uploads\/2025\/09\/2025_adfc_biebricher_fahrradtage_ntannreuther_044-1400x933.jpg 1400w, https:\/\/www.adfc-wiesbaden.de\/wp-content\/uploads\/2025\/09\/2025_adfc_biebricher_fahrradtage_ntannreuther_044-200x133.jpg 200w, https:\/\/www.adfc-wiesbaden.de\/wp-content\/uploads\/2025\/09\/2025_adfc_biebricher_fahrradtage_ntannreuther_044-768x512.jpg 768w, https:\/\/www.adfc-wiesbaden.de\/wp-content\/uploads\/2025\/09\/2025_adfc_biebricher_fahrradtage_ntannreuther_044-1536x1024.jpg 1536w, https:\/\/www.adfc-wiesbaden.de\/wp-content\/uploads\/2025\/09\/2025_adfc_biebricher_fahrradtage_ntannreuther_044-2048x1365.jpg 2048w\" sizes=\"auto, (max-width: 2560px) 100vw, 2560px\" \/>    \n        <\/div>\n    <!-- \/image-wrap -->\n    \n        <div class=\"image-content\">\n                    <h3 class=\"image-title\">\n                                    \u0627\u0644\u0645\u0644\u0635\u0642 \u0627\u0644\u062a\u062c\u0631\u064a\u0628\u064a Kidical Mass | \u00a9 \u0646\u0627\u062f\u064a\u0646 Tannreuther                            <\/h3>\n                    <\/div>\n    <!-- \/image-content -->\n        <\/div>\n<!-- \/module image --><!-- module text -->\n<div  class=\"module module-text tb_ug7g869    tb_gs678604\" data-lazy=\"1\">\n        <div  class=\"tb_text_wrap\">\n        <h1>\u0647\u0644 \u062a\u0631\u064a\u062f \u062f\u0639\u0645 \u0642\u062f\u0627\u0633 \u0627\u0644\u0623\u0637\u0641\u0627\u0644\u061f \u202b - \u0647\u0630\u0627 \u0631\u0627\u0626\u0639!<\/h1>\n<p>\u0644\u062f\u064a\u0646\u0627 \u0645\u062a\u0639\u0629 \u062a\u0646\u0638\u064a\u0645 \u062d\u062f\u062b \u062f\u0631\u0627\u062c\u0629 \u062c\u0645\u064a\u0644\u0629 \u0648\u0622\u0645\u0646\u0629 \u0644\u0644\u0623\u0637\u0641\u0627\u0644 \u0648\u0627\u0644\u0639\u0645\u0644 \u0645\u0639\u0627 \u0639\u0644\u0649 \u062f\u0631\u0627\u062c\u0629 \u0641\u064a\u0633\u0628\u0627\u062f\u0646 \u0635\u062f\u064a\u0642\u0629 \u0644\u0644\u062f\u0631\u0627\u062c\u0627\u062a.<\/p>\n<p><strong>\u0643\u0646 \u0645\u062c\u0644\u062f\u064b\u0627 \u0623\u062b\u0646\u0627\u0621 \u0627\u0644\u0639\u0631\u0636 \u0627\u0644\u062a\u0648\u0636\u064a\u062d\u064a<\/strong><br \/>\u0643\u0645\u062c\u0644\u062f \u060c \u062a\u0623\u0643\u062f \u0645\u0646 \u0645\u0631\u0627\u0639\u0627\u0629 \u0642\u0648\u0627\u0639\u062f \u0627\u0644\u0639\u0631\u0636 \u0627\u0644\u062a\u0648\u0636\u064a\u062d\u064a - \u0639\u0644\u0649 \u0633\u0628\u064a\u0644 \u0627\u0644\u0645\u062b\u0627\u0644 \u060c \u0644\u0627 \u0623\u062d\u062f \u064a\u0642\u0648\u062f \u0639\u0644\u0649 \u0627\u0644\u0631\u0635\u064a\u0641 \u0648\u0623\u0646 \u0639\u0631\u0636 \u0645\u0645\u0631 \u0627\u0644\u0639\u062c\u0644\u0629 \u0644\u0627 \u064a\u0632\u0627\u0644 \u0645\u062c\u0627\u0646\u064a\u064b\u0627 \u0639\u0644\u0649 \u0627\u0644\u064a\u0645\u064a\u0646. \u064a\u0645\u0643\u0646 \u0627\u0644\u062a\u0639\u0631\u0641 \u0639\u0644\u0649 \u0627\u0644\u0645\u062c\u0644\u062f\u0627\u062a \u0628\u0648\u0627\u0633\u0637\u0629 \u0627\u0644\u0647\u064a\u0626\u0627\u062a \u0627\u0644\u062d\u0645\u0631\u0627\u0621 \u0648\u0631\u0628\u0637 \u0627\u0644\u0645\u062c\u0644\u062f\u0627\u062a. \u0625\u0630\u0627 \u0643\u0646\u062a \u0645\u0647\u062a\u0645\u0627\u060c \u064a\u0631\u062c\u0649 \u0627\u0644\u0627\u062a\u0635\u0627\u0644 <a href=\"\/ar\/&\/#x6d;&#x61;&#x69;&#x6c;&#x74;&#111;&#58;&#103;&#117;enn&#x69;&#x40;&#x61;&#x64;&#x66;&#x63;&#45;&#119;&#105;esb&#x61;&#x64;&#x65;&#x6e;&#x2e;&#x64;&#101;\">guenni@adfc-wiesbaden.de<\/a>.<\/p>\n<p><strong>\u062a\u0642\u062f\u064a\u0645 \u0645\u063a\u0630\u064a\u0629<\/strong><br \/>\u0645\u0646 \u0623\u062c\u0644 \u0645\u0634\u0627\u0631\u0643\u0629 \u0627\u0644\u0645\u0632\u064a\u062f \u0645\u0646 \u0627\u0644\u0623\u0637\u0641\u0627\u0644 \u0641\u064a \u0627\u0644\u0642\u062f\u0627\u0633 \u0627\u0644\u0623\u0637\u0641\u0627\u0644\u064a \u0641\u064a\u0633\u0628\u0627\u062f\u0646 \u060c \u0646\u0648\u062f \u0623\u0646 \u0646\u0642\u062f\u0645 \u0645\u063a\u0630\u064a\u0627\u062a \u0645\u0646 \u0627\u0644\u0645\u0642\u0627\u0637\u0639\u0627\u062a. \u0641\u064a \u0647\u0630\u0647 \u0627\u0644\u0639\u0645\u0644\u064a\u0629 \u060c \u062a\u0642\u0648\u062f\u0627\u0646 \u0645\u0639\u064b\u0627 \u0645\u0646 \u0645\u0646\u0637\u0642\u062a\u0643 \u0625\u0644\u0649 \u0646\u0642\u0637\u0629 \u0627\u0646\u0637\u0644\u0627\u0642 \u0642\u062f\u0627\u0633 \u0627\u0644\u0623\u0637\u0641\u0627\u0644. \u0625\u0630\u0627 \u0643\u0646\u062a \u062a\u0631\u063a\u0628 \u0641\u064a \u062a\u0648\u062c\u064a\u0647 \u0645\u062b\u0644 \u0647\u0630\u0647 \u0627\u0644\u062c\u0648\u0644\u0629 \u060c \u064a\u0631\u062c\u0649 \u0627\u0644\u0627\u062a\u0635\u0627\u0644 <a href=\"\/ar\/&\/#x6d;&#x61;&#x69;&#x6c;&#x74;&#x6f;&#x3a;&#x6b;&#x69;&#x64;&#x69;&#99;&#97;&#108;&#109;&#97;&#115;&#115;&#64;adfc-&#x77;&#x69;&#x65;&#x73;&#x62;&#x61;&#x64;&#x65;&#x6e;&#x2e;&#x64;&#x65;\">kidicalmass@adfc-wiesbaden.de<\/a>.<\/p>\n<p><strong>\u0643\u0646 \u062c\u0632\u0621\u064b\u0627 \u0645\u0646 \u0627\u0644\u0641\u0631\u064a\u0642<\/strong><br \/>\u0648\u0646\u062d\u0646 \u0646\u062a\u0637\u0644\u0639 \u062f\u0627\u0626\u0645\u0627 \u0625\u0644\u0649 \u0627\u0644\u0646\u0645\u0648 \u0641\u064a \u0641\u0631\u064a\u0642 \u0623\u0648\u0631\u063a\u0627. \u0625\u0630\u0627 \u0643\u0646\u062a \u0645\u0647\u062a\u0645\u064b\u0627 \u0628\u0627\u0644\u0645\u0634\u0627\u0631\u0643\u0629 \u0641\u064a \u062a\u0646\u0638\u064a\u0645 \u0627\u0644\u0642\u062f\u0627\u0633 \u0627\u0644\u0637\u0641\u0648\u0644\u064a \u0623\u0648 \u062a\u0631\u063a\u0628 \u0641\u0642\u0637 \u0641\u064a \u062a\u0630\u0648\u0642\u0647 \u060c \u0641\u064a\u0631\u062c\u0649 \u0627\u0644\u0627\u062a\u0635\u0627\u0644 <a href=\"\/ar\/&\/#109;&#x61;i&#x6c;&#x74;&#111;&#x3a;k&#105;&#x64;&#105;&#x63;a&#108;&#x6d;a&#x73;s&#64;&#x61;d&#x66;&#x63;&#45;&#x77;i&#101;&#x73;&#98;&#x61;d&#101;&#x6e;&#46;&#x64;e\">kidicalmass@adfc-wiesbaden.de<\/a>.<\/p>\n<p><strong>\u062f\u0639\u0648\u0646\u0627 \u0646\u062c\u0639\u0644 \u0641\u064a\u0633\u0628\u0627\u062f\u0646 \u0645\u062f\u064a\u0646\u0629 \u0644\u0644\u062f\u0631\u0627\u062c\u0627\u062a<\/strong><br \/>\u0646\u062d\u0646 \u0646\u062f\u0639\u0645\u0643 \u0625\u0630\u0627 \u0643\u0646\u062a \u062a\u0631\u063a\u0628 \u0641\u064a \u062c\u0639\u0644 \u0645\u062f\u0631\u0633\u0629 \u0623\u0637\u0641\u0627\u0644\u0643 \u0623\u0643\u062b\u0631 \u0645\u0644\u0627\u0621\u0645\u0629 \u0644\u0644\u062f\u0631\u0627\u062c\u0627\u062a - \u0639\u0644\u0649 \u0633\u0628\u064a\u0644 \u0627\u0644\u0645\u062b\u0627\u0644 \u060c \u0625\u0630\u0627 \u0643\u0646\u062a \u062a\u0631\u063a\u0628 \u0641\u064a \u0625\u0639\u062f\u0627\u062f \u0648\u062a\u064a\u0631\u0629 30 \u062f\u0642\u064a\u0642\u0629 \u0642\u0628\u0644 \u0627\u0644\u0645\u062f\u0631\u0633\u0629 \u060c \u0625\u0630\u0627 \u0644\u0645 \u062a\u0643\u0646 \u0647\u0646\u0627\u0643 \u0631\u0641\u0648\u0641 \u0644\u0644\u062f\u0631\u0627\u062c\u0627\u062a \u060c \u0623\u0648 \u0625\u0630\u0627 \u0643\u0627\u0646\u062a \u0633\u064a\u0627\u0631\u0627\u062a \u0627\u0644\u0623\u062c\u0631\u0629 \u0627\u0644\u062e\u0627\u0635\u0629 \u0628\u0627\u0644\u0648\u0627\u0644\u062f\u064a\u0646 \u062a\u0633\u0628\u0628 \u0627\u0646\u0639\u062f\u0627\u0645 \u0627\u0644\u0623\u0645\u0646 \u0641\u064a \u0627\u0644\u0635\u0628\u0627\u062d \u0623\u0648 \u0625\u0630\u0627 \u0643\u0646\u062a \u062a\u0631\u063a\u0628 \u0641\u064a \u0625\u0639\u062f\u0627\u062f \u0634\u0627\u0631\u0639 \u0627\u0644\u0645\u062f\u0631\u0633\u0629. \u0644\u0627 \u062a\u062a\u0631\u062f\u062f \u0641\u064a \u0627\u0644\u0627\u062a\u0635\u0627\u0644 \u0628\u0646\u0627 \u0645\u0639 \u0645\u062e\u0627\u0648\u0641\u0643 <a href=\"\/ar\/&\/#109;&#x61;&#105;&#x6c;t&#x6f;:&#107;&#x69;&#100;&#x69;&#99;&#x61;l&#x6d;a&#115;&#x73;&#64;&#x61;d&#x66;c&#x2d;&#x77;&#105;&#x65;&#115;&#x62;a&#x64;e&#110;&#x2e;&#100;&#x65;\">kidicalmass@adfc-wiesbaden.de<\/a>.<\/p>    <\/div>\n<\/div>\n<!-- \/module text -->        <\/div>\n                        <\/div>\n        <\/div>\n        <\/div>\n<!--\/themify_builder_content-->\n\n\n<p><\/p>","protected":false},"excerpt":{"rendered":"<p>\u0647\u0644 \u062a\u0631\u064a\u062f \u062f\u0639\u0645 \u0642\u062f\u0627\u0633 \u0627\u0644\u0623\u0637\u0641\u0627\u0644\u061f \u202b - \u0647\u0630\u0627 \u0631\u0627\u0626\u0639!<\/p>\n<p>\u0644\u062f\u064a\u0646\u0627 \u0645\u062a\u0639\u0629 \u062a\u0646\u0638\u064a\u0645 \u062d\u062f\u062b \u062f\u0631\u0627\u062c\u0629 \u062c\u0645\u064a\u0644\u0629 \u0648\u0622\u0645\u0646\u0629 \u0644\u0644\u0623\u0637\u0641\u0627\u0644 \u0648\u0627\u0644\u0639\u0645\u0644 \u0645\u0639\u0627 \u0639\u0644\u0649 \u062f\u0631\u0627\u062c\u0629 \u0641\u064a\u0633\u0628\u0627\u062f\u0646 \u0635\u062f\u064a\u0642\u0629 \u0644\u0644\u062f\u0631\u0627\u062c\u0627\u062a.<\/p>","protected":false},"author":50,"featured_media":75249,"parent":74799,"menu_order":0,"comment_status":"closed","ping_status":"closed","template":"","meta":{"footnotes":""},"tags":[516,206,807],"class_list":["post-74832","page","type-page","status-publish","has-post-thumbnail","hentry","tag-kidical-mass","tag-radtouren","tag-veranstaltung","has-post-title","has-post-date","has-post-category","has-post-tag","has-post-comment","has-post-author",""],"builder_content":"<img src=\"https:\/\/www.adfc-wiesbaden.de\/wp-content\/uploads\/2025\/09\/2025_adfc_biebricher_fahrradtage_ntannreuther_044-scaled.jpg\" title=\"Demoplakat Kidical Mass | &copy; Nadine Tannreuther\" alt=\"Demoplakat Kidical Mass | &copy; Nadine Tannreuther\" srcset=\"https:\/\/www.adfc-wiesbaden.de\/wp-content\/uploads\/2025\/09\/2025_adfc_biebricher_fahrradtage_ntannreuther_044-scaled.jpg 2560w, https:\/\/www.adfc-wiesbaden.de\/wp-content\/uploads\/2025\/09\/2025_adfc_biebricher_fahrradtage_ntannreuther_044-700x467.jpg 700w, https:\/\/www.adfc-wiesbaden.de\/wp-content\/uploads\/2025\/09\/2025_adfc_biebricher_fahrradtage_ntannreuther_044-1400x933.jpg 1400w, https:\/\/www.adfc-wiesbaden.de\/wp-content\/uploads\/2025\/09\/2025_adfc_biebricher_fahrradtage_ntannreuther_044-200x133.jpg 200w, https:\/\/www.adfc-wiesbaden.de\/wp-content\/uploads\/2025\/09\/2025_adfc_biebricher_fahrradtage_ntannreuther_044-768x512.jpg 768w, https:\/\/www.adfc-wiesbaden.de\/wp-content\/uploads\/2025\/09\/2025_adfc_biebricher_fahrradtage_ntannreuther_044-1536x1024.jpg 1536w, https:\/\/www.adfc-wiesbaden.de\/wp-content\/uploads\/2025\/09\/2025_adfc_biebricher_fahrradtage_ntannreuther_044-2048x1365.jpg 2048w\" sizes=\"(max-width: 2560px) 100vw, 2560px\" \/> <h3> Demoplakat Kidical Mass | &copy; Nadine Tannreuther <\/h3>\n<h1>Du willst die Kidical Mass unterst\u00fctzen? Gro\u00dfartig!<\/h1> <p>Wir haben Spa\u00df daran, einen sch\u00f6nen und sicheren Fahrradevent f\u00fcr Kinder zu organisieren und gemeinsam an einem fahrradfreundlichen Wiesbaden zu arbeiten.<\/p> <p><strong>Sei Ordner w\u00e4hrend der Demonstration<\/strong><br \/>Als Ordner achtest du darauf, dass die Regeln der Demonstration eingehalten werden \u2013 zum Beispiel, dass niemand auf dem Gehweg f\u00e4hrt und rechts etwa eine Radspurbreite frei bleibt. Ordner sind an roten Leibchen und einer Ordnerbinde erkennbar. Bei Interesse melde dich unter <a href=\"mailto:guenni@adfc-wiesbaden.de\">guenni@adfc-wiesbaden.de<\/a>.<\/p> <p><strong>Biete einen Zubringer an<\/strong><br \/>Damit noch mehr Kinder an der Kidical Mass Wiesbaden teilnehmen, m\u00f6chten wir Zubringer aus den Stadtteilen anbieten. Dabei fahrt ihr gemeinsam von eurem Stadtteil aus zum Startpunkt der Kidical Mass. Wenn du eine solche Tour anleiten m\u00f6chtest, melde dich unter <a href=\"mailto:kidicalmass@adfc-wiesbaden.de\">kidicalmass@adfc-wiesbaden.de<\/a>.<\/p> <p><strong>Werde Teil des Teams<\/strong><br \/>Wir freuen uns immer \u00fcber Zuwachs im Orga-Team. Wenn du Interesse hast, bei der Organisation der Kidical Mass mitzuwirken oder einfach einmal reinschnuppern m\u00f6chtest, melde dich unter <a href=\"mailto:kidicalmass@adfc-wiesbaden.de\">kidicalmass@adfc-wiesbaden.de<\/a>.<\/p> <p><strong>Lass uns Wiesbaden zur Fahrradstadt machen<\/strong><br \/>Wir unterst\u00fctzen euch, wenn ihr die Schule eurer Kinder fahrradfreundlicher machen wollt \u2013 zum Beispiel, wenn Tempo 30 vor der Schule eingerichtet werden soll, Fahrradst\u00e4nder fehlen, Eltern-Taxis morgens f\u00fcr Unsicherheit sorgen oder ihr eine Schulstra\u00dfe einrichten m\u00f6chtet. Kommt gerne mit euren Anliegen auf uns zu unter <a href=\"mailto:kidicalmass@adfc-wiesbaden.de\">kidicalmass@adfc-wiesbaden.de<\/a>.<\/p>","_links":{"self":[{"href":"https:\/\/www.adfc-wiesbaden.de\/ar\/wp-json\/wp\/v2\/pages\/74832","targetHints":{"allow":["GET"]}}],"collection":[{"href":"https:\/\/www.adfc-wiesbaden.de\/ar\/wp-json\/wp\/v2\/pages"}],"about":[{"href":"https:\/\/www.adfc-wiesbaden.de\/ar\/wp-json\/wp\/v2\/types\/page"}],"author":[{"embeddable":true,"href":"https:\/\/www.adfc-wiesbaden.de\/ar\/wp-json\/wp\/v2\/users\/50"}],"replies":[{"embeddable":true,"href":"https:\/\/www.adfc-wiesbaden.de\/ar\/wp-json\/wp\/v2\/comments?post=74832"}],"version-history":[{"count":19,"href":"https:\/\/www.adfc-wiesbaden.de\/ar\/wp-json\/wp\/v2\/pages\/74832\/revisions"}],"predecessor-version":[{"id":75604,"href":"https:\/\/www.adfc-wiesbaden.de\/ar\/wp-json\/wp\/v2\/pages\/74832\/revisions\/75604"}],"up":[{"embeddable":true,"href":"https:\/\/www.adfc-wiesbaden.de\/ar\/wp-json\/wp\/v2\/pages\/74799"}],"wp:featuredmedia":[{"embeddable":true,"href":"https:\/\/www.adfc-wiesbaden.de\/ar\/wp-json\/wp\/v2\/media\/75249"}],"wp:attachment":[{"href":"https:\/\/www.adfc-wiesbaden.de\/ar\/wp-json\/wp\/v2\/media?parent=74832"}],"wp:term":[{"taxonomy":"post_tag","embeddable":true,"href":"https:\/\/www.adfc-wiesbaden.de\/ar\/wp-json\/wp\/v2\/tags?post=74832"}],"curies":[{"name":"wp","href":"https:\/\/api.w.org\/{rel}","templated":true}]}}