{"id":69431,"date":"2025-02-14T21:34:37","date_gmt":"2025-02-14T20:34:37","guid":{"rendered":"https:\/\/www2.adfc-wiesbaden.de\/?page_id=69431"},"modified":"2025-05-17T07:52:13","modified_gmt":"2025-05-17T05:52:13","slug":"die-adfc-mittwochsradler-in-wiesbaden","status":"publish","type":"page","link":"https:\/\/www.adfc-wiesbaden.de\/en\/radtouren\/die-adfc-mittwochsradler-in-wiesbaden\/","title":{"rendered":"The ADFC Wednesday cyclists in Wiesbaden"},"content":{"rendered":"<!--themify_builder_content-->\n<div id=\"themify_builder_content-69431\" data-postid=\"69431\" class=\"themify_builder_content themify_builder_content-69431 themify_builder tf_clear\">\n                    <div  data-lazy=\"1\" class=\"module_row themify_builder_row tb_fuip376 tb_first tf_w\">\n                        <div class=\"row_inner col_align_top tb_col_count_1 tf_box tf_rel\">\n                        <div  data-lazy=\"1\" class=\"module_column tb-column col-full tb_rup4376 first\">\n                    <!-- module image -->\n<div  class=\"module module-image tb_oeuh376 image-top   tf_mw\" data-lazy=\"1\">\n        <div class=\"image-wrap tf_rel tf_mw\">\n            <img loading=\"lazy\" decoding=\"async\" width=\"2560\" height=\"1441\" src=\"https:\/\/www.adfc-wiesbaden.de\/wp-content\/uploads\/2025\/04\/20250409_Mittwochsradler-Bertramstrasse_Zuschnitt_Lukas-Fleckenstein-scaled.jpg\" class=\"wp-post-image wp-image-71992\" title=\"20250409 _Wednesday cyclists-Bertramstra\u00dfe _Cutting _Lukas Fleckenstein\" alt=\"A group of cyclists in the city waiting at a traffic light\" srcset=\"https:\/\/www.adfc-wiesbaden.de\/wp-content\/uploads\/2025\/04\/20250409_Mittwochsradler-Bertramstrasse_Zuschnitt_Lukas-Fleckenstein-scaled.jpg 2560w, https:\/\/www.adfc-wiesbaden.de\/wp-content\/uploads\/2025\/04\/20250409_Mittwochsradler-Bertramstrasse_Zuschnitt_Lukas-Fleckenstein-700x394.jpg 700w, https:\/\/www.adfc-wiesbaden.de\/wp-content\/uploads\/2025\/04\/20250409_Mittwochsradler-Bertramstrasse_Zuschnitt_Lukas-Fleckenstein-1400x788.jpg 1400w, https:\/\/www.adfc-wiesbaden.de\/wp-content\/uploads\/2025\/04\/20250409_Mittwochsradler-Bertramstrasse_Zuschnitt_Lukas-Fleckenstein-200x113.jpg 200w, https:\/\/www.adfc-wiesbaden.de\/wp-content\/uploads\/2025\/04\/20250409_Mittwochsradler-Bertramstrasse_Zuschnitt_Lukas-Fleckenstein-768x432.jpg 768w, https:\/\/www.adfc-wiesbaden.de\/wp-content\/uploads\/2025\/04\/20250409_Mittwochsradler-Bertramstrasse_Zuschnitt_Lukas-Fleckenstein-1536x864.jpg 1536w, https:\/\/www.adfc-wiesbaden.de\/wp-content\/uploads\/2025\/04\/20250409_Mittwochsradler-Bertramstrasse_Zuschnitt_Lukas-Fleckenstein-2048x1153.jpg 2048w\" sizes=\"auto, (max-width: 2560px) 100vw, 2560px\" \/>    \n        <\/div>\n    <!-- \/image-wrap -->\n    \n        <\/div>\n<!-- \/module image -->        <div  data-lazy=\"1\" class=\"module_subrow themify_builder_sub_row tf_w col_align_top tb_col_count_3 tb_rzxv376\">\n                <div  data-lazy=\"1\" class=\"module_column sub_column col3-1 tb_9fe9376 first\">\n                    <!-- module image -->\n<div  class=\"module module-image tb_3pvk849 image-center   tf_mw\" data-lazy=\"1\">\n        <div class=\"image-wrap tf_rel tf_mw\">\n            <img decoding=\"async\" src=\"\/wp-content\/uploads\/2025\/02\/Dreieck_Orange.png\" width=\"44\" title=\"The ADFC Wednesday cyclists in Wiesbaden\" alt=\"The ADFC Wednesday cyclists in Wiesbaden\">    \n        <\/div>\n    <!-- \/image-wrap -->\n    \n        <\/div>\n<!-- \/module image -->        <\/div>\n                    <div  data-lazy=\"1\" class=\"module_column sub_column col3-1 tb_royb376\">\n                            <\/div>\n                    <div  data-lazy=\"1\" class=\"module_column sub_column col3-1 tb_j6ht376 last\">\n                            <\/div>\n                    <\/div>\n        <!-- module plain text -->\n<div  class=\"module module-plain-text tb_889e376 bild_header_h1 adfc_orange tb_gs4151609\" data-lazy=\"1\">\n        <div class=\"tb_text_wrap\">\n    <span style=\"font-size:28px; line-height:34px;\" >After-work tours with the Wednesday cyclists<\/span><span style=\"float:right;font-size:14px; line-height:34px;margin-right:5px;\">\u00a9 Lukas Fleckenstein<\/span>    <\/div>\n<\/div>\n<!-- \/module plain text -->        <\/div>\n                        <\/div>\n        <\/div>\n                        <div  data-lazy=\"1\" class=\"module_row themify_builder_row tb_kp6l556 tf_w\">\n                        <div class=\"row_inner col_align_top tb_col_count_1 tf_box tf_rel\">\n                        <div  data-lazy=\"1\" class=\"module_column tb-column col-full tb_757k556 first\">\n                    <!-- module text -->\n<div  class=\"module module-text tb_dzgl486    tb_gs678604\" data-lazy=\"1\">\n        <div  class=\"tb_text_wrap\">\n        <h1>The ADFC Wednesday cyclists in Wiesbaden<\/h1>    <\/div>\n<\/div>\n<!-- \/module text -->        <\/div>\n                        <\/div>\n        <\/div>\n                        <div  data-lazy=\"1\" class=\"module_row themify_builder_row tb_3e2x50 tf_w\">\n                        <div class=\"row_inner col_align_top tb_col_count_2 tf_box tf_rel\">\n                        <div  data-lazy=\"1\" class=\"module_column tb-column col4-2 tb_gecn50 first\">\n                    <!-- module text -->\n<div  class=\"module module-text tb_83sk100    tb_gs678604\" data-lazy=\"1\">\n        <div  class=\"tb_text_wrap\">\n        <h5>Weekly after-work tours from April to October<\/h5>\n<p>From April to October, the ADFC Wiesbaden organizes its after-work tour every Wednesday for all ADFC members who want to enjoy their deserved after-work together with others on the bike. These after-work tours of the \"Wednesday cyclists\" are guided tours and last about 3 hours (incl. stopover).<\/p>\n<p><b>Start: Wed, 5.30 pm (Oct. 16:30) at the Schillerdenkmal (Warmer Damm) behind the Staatstheater.<\/b><\/p>\n<p><b>Wednesday tours are exclusive to ADFC members. Anyone can get a taste of it \u2013 with regular participation, the ADFC membership is a prerequisite for joining the race.<\/b><\/p>\n<p>The after-work tours are usually led by a different ADFC member every Wednesday. The tour destination usually determines the tour guide.<\/p>\n<p>Usually, about 25 to 30 kilometers are driven on a Wednesday. It all depends on the route and the destination. This means that all participants should have a basic condition or a bicycle with at least 7 or 21 gears.<\/p>\n<p>It is driven at a normal and not too high speed. For larger climbs, the group waits together until all participants have moved up and rejoined. During the journey, sufficient drinking breaks are made.<\/p>\n<p>After the stop, the group also drives back together in the direction of Wiesbaden. However, not to the starting point \u00bbSchillerdenkmal\u00ab but everyone leaves where he lives or where the way home is the shortest for him.<\/p>\n<h2>The conditions of participation in an ADFC festive evening tour<\/h2>\n<p>Only those who bring a road-safe bike to the tour can participate. Light, brakes and the bell should definitely work. It is advisable to always have a suitable spare hose, rainwear and a drinking bottle with you.<\/p>\n<p>Each participant must abide by the traffic rules and drive at their own risk.<\/p>\n<p>If you do not follow the traffic rules during the tour or otherwise become conspicuous and possibly endanger other passengers, you can be excluded from the tour by the tour management.<\/p>    <\/div>\n<\/div>\n<!-- \/module text -->        <\/div>\n                    <div  data-lazy=\"1\" class=\"module_column tb-column col4-2 tb_jgdb583 last\">\n                    <!-- module box -->\n<div  class=\"module module-box tb_n5bs583  tb_gs678604\" data-lazy=\"1\">\n    <div class=\"module-box-content ui  tb_default_color\">\n                <div class=\"tb_text_wrap\"><div class=\"tb_layout_part_wrap tf_w\"><!--themify_builder_content-->\n    <div  class=\"themify_builder_content themify_builder_content-69641 themify_builder not_editable_builder in_the_loop\" data-postid=\"69641\">\n                        <div  data-lazy=\"1\" class=\"module_row themify_builder_row blue_right_menu_box tb_pon9441 tf_w\">\n                        <div class=\"row_inner col_align_top tb_col_count_1 tf_box tf_rel\">\n                        <div  data-lazy=\"1\" class=\"module_column tb-column col-full tb_imf9000 first\">\n                    <!-- module text -->\n<div  class=\"module module-text tb_ozup006\" data-lazy=\"1\">\n        <div  class=\"tb_text_wrap\">\n        <h2>Other links<\/h2>    <\/div>\n<\/div>\n<!-- \/module text --><!-- module buttons -->\n<div  class=\"module module-buttons tb_7dgc555 buttons-horizontal transparent\" data-lazy=\"1\">\n        <div class=\"module-buttons-item tf_in_flx\">\n                        <a href=\"https:\/\/www.adfc-wiesbaden.de\/en\/radtouren\/adfc-rennradgruppe\/\" class=\"ui builder_button tf_in_flx tb_default_color\" >\n                                    <em><svg  class=\"tf_fa tf-ti-new-window\" xmlns:xlink=\"http:\/\/www.w3.org\/1999\/xlink\" aria-hidden=\"true\"><use href=\"#tf-ti-new-window\" xlink:href=\"#tf-ti-new-window\"><\/use><\/svg><\/em>                                        Road bike group                                        <\/a>\n                <\/div>\n            <\/div>\n<!-- \/module buttons -->\n        <div  data-lazy=\"1\" class=\"module_subrow themify_builder_sub_row tf_w col_align_top tb_col_count_1 tb_it7n050\">\n                <div  data-lazy=\"1\" class=\"module_column sub_column col-full tb_umat066 first\">\n                    <!-- module divider -->\n<div  class=\"module tf_mw module-divider tb_vly7050 solid\" style=\"border-width: 1px;border-color: #ffffff;margin-top: 1px;margin-bottom: 1px;\" data-lazy=\"1\">\n    <\/div>\n<!-- \/module divider -->\n        <\/div>\n                    <\/div>\n        <!-- module buttons -->\n<div  class=\"module module-buttons tb_qhca060 buttons-horizontal transparent\" data-lazy=\"1\">\n        <div class=\"module-buttons-item tf_in_flx\">\n                        <a href=\"https:\/\/www.adfc-wiesbaden.de\/en\/radtouren\/die-adfc-mittwochsradler-in-wiesbaden\/\" class=\"ui builder_button tf_in_flx tb_default_color\" >\n                                    <em><svg  class=\"tf_fa tf-ti-new-window\" xmlns:xlink=\"http:\/\/www.w3.org\/1999\/xlink\" aria-hidden=\"true\"><use href=\"#tf-ti-new-window\" xlink:href=\"#tf-ti-new-window\"><\/use><\/svg><\/em>                                        Wednesday cyclists                                        <\/a>\n                <\/div>\n            <\/div>\n<!-- \/module buttons -->\n        <div  data-lazy=\"1\" class=\"module_subrow themify_builder_sub_row tf_w col_align_top tb_col_count_1 tb_625t600\">\n                <div  data-lazy=\"1\" class=\"module_column sub_column col-full tb_fr90130 first\">\n                    <!-- module divider -->\n<div  class=\"module tf_mw module-divider tb_s4pu150 solid\" style=\"border-width: 1px;border-color: #ffffff;margin-top: 1px;margin-bottom: 1px;\" data-lazy=\"1\">\n    <\/div>\n<!-- \/module divider -->\n        <\/div>\n                    <\/div>\n        <!-- module buttons -->\n<div  class=\"module module-buttons tb_e0xb166 buttons-horizontal transparent\" data-lazy=\"1\">\n        <div class=\"module-buttons-item tf_in_flx\">\n                        <a href=\"\/en\/tag\/radtourenbericht\/\" class=\"ui builder_button tf_in_flx tb_default_color\" >\n                                    <em><svg  class=\"tf_fa tf-ti-new-window\" xmlns:xlink=\"http:\/\/www.w3.org\/1999\/xlink\" aria-hidden=\"true\"><use href=\"#tf-ti-new-window\" xlink:href=\"#tf-ti-new-window\"><\/use><\/svg><\/em>                                        Cycling tour reports                                        <\/a>\n                <\/div>\n            <\/div>\n<!-- \/module buttons -->\n        <div  data-lazy=\"1\" class=\"module_subrow themify_builder_sub_row tf_w col_align_top tb_col_count_1 tb_gd7v606\">\n                <div  data-lazy=\"1\" class=\"module_column sub_column col-full tb_owtx005 first\">\n                    <!-- module divider -->\n<div  class=\"module tf_mw module-divider tb_w7u6006 solid\" style=\"border-width: 1px;border-color: #ffffff;margin-top: 1px;margin-bottom: 1px;\" data-lazy=\"1\">\n    <\/div>\n<!-- \/module divider -->\n        <\/div>\n                    <\/div>\n        <!-- module buttons -->\n<div  class=\"module module-buttons tb_n5xl376 buttons-horizontal transparent\" data-lazy=\"1\">\n        <div class=\"module-buttons-item tf_in_flx\">\n                        <a href=\"\/en\/tourenprogramm\/\" class=\"ui builder_button tf_in_flx tb_default_color\" >\n                                    <em><svg  class=\"tf_fa tf-ti-new-window\" xmlns:xlink=\"http:\/\/www.w3.org\/1999\/xlink\" aria-hidden=\"true\"><use href=\"#tf-ti-new-window\" xlink:href=\"#tf-ti-new-window\"><\/use><\/svg><\/em>                                        Cycle tour program                                        <\/a>\n                <\/div>\n            <\/div>\n<!-- \/module buttons -->\n        <div  data-lazy=\"1\" class=\"module_subrow themify_builder_sub_row tf_w col_align_top tb_col_count_1 tb_jzkx459\">\n                <div  data-lazy=\"1\" class=\"module_column sub_column col-full tb_g1gs459 first\">\n                    <!-- module divider -->\n<div  class=\"module tf_mw module-divider tb_qhro459 solid\" style=\"border-width: 1px;border-color: #ffffff;margin-top: 1px;margin-bottom: 1px;\" data-lazy=\"1\">\n    <\/div>\n<!-- \/module divider -->\n        <\/div>\n                    <\/div>\n        <!-- module buttons -->\n<div  class=\"module module-buttons tb_nvai813 buttons-horizontal transparent\" data-lazy=\"1\">\n        <div class=\"module-buttons-item tf_in_flx\">\n                        <a href=\"https:\/\/www.adfc-wiesbaden.de\/en\/tourenprogramm-als-pdf\/\" class=\"ui builder_button tf_in_flx tb_default_color\" >\n                                    <em><svg  class=\"tf_fa tf-ti-new-window\" xmlns:xlink=\"http:\/\/www.w3.org\/1999\/xlink\" aria-hidden=\"true\"><use href=\"#tf-ti-new-window\" xlink:href=\"#tf-ti-new-window\"><\/use><\/svg><\/em>                                        Bike tour program as PDF                                        <\/a>\n                <\/div>\n            <\/div>\n<!-- \/module buttons -->\n        <div  data-lazy=\"1\" class=\"module_subrow themify_builder_sub_row tf_w col_align_top tb_col_count_1 tb_ww1w469\">\n                <div  data-lazy=\"1\" class=\"module_column sub_column col-full tb_xm56469 first\">\n                    <!-- module divider -->\n<div  class=\"module tf_mw module-divider tb_gdt0469 solid\" style=\"border-width: 1px;border-color: #ffffff;margin-top: 1px;margin-bottom: 1px;\" data-lazy=\"1\">\n    <\/div>\n<!-- \/module divider -->\n        <\/div>\n                    <\/div>\n        <!-- module buttons -->\n<div  class=\"module module-buttons tb_367r972 buttons-horizontal transparent\" data-lazy=\"1\">\n        <div class=\"module-buttons-item tf_in_flx\">\n                        <a href=\"https:\/\/www.adfc-wiesbaden.de\/en\/radtouren\/tourenprogramm\/teilnahmebedingungen\/\" class=\"ui builder_button tf_in_flx tb_default_color\" >\n                                    <em><svg  class=\"tf_fa tf-ti-new-window\" xmlns:xlink=\"http:\/\/www.w3.org\/1999\/xlink\" aria-hidden=\"true\"><use href=\"#tf-ti-new-window\" xlink:href=\"#tf-ti-new-window\"><\/use><\/svg><\/em>                                        Conditions of participation Bike tours                                        <\/a>\n                <\/div>\n            <\/div>\n<!-- \/module buttons -->\n        <div  data-lazy=\"1\" class=\"module_subrow themify_builder_sub_row tf_w col_align_top tb_col_count_1 tb_nrr0578\">\n                <div  data-lazy=\"1\" class=\"module_column sub_column col-full tb_6fo6578 first\">\n                    <!-- module divider -->\n<div  class=\"module tf_mw module-divider tb_yoja578 solid\" style=\"border-width: 1px;border-color: #ffffff;margin-top: 1px;margin-bottom: 1px;\" data-lazy=\"1\">\n    <\/div>\n<!-- \/module divider -->\n        <\/div>\n                    <\/div>\n                <\/div>\n                        <\/div>\n        <\/div>\n            <\/div>\n<!--\/themify_builder_content--><\/div>\n<\/div>\n    <\/div>\n<\/div>\n<!-- \/module box -->\n        <\/div>\n                        <\/div>\n        <\/div>\n        <\/div>\n<!--\/themify_builder_content-->\n\n\n<p><\/p>","protected":false},"excerpt":{"rendered":"<p><b>Weekly after-work tours from April to October<\/b><\/p>\n<p>Start: MI, 5.30 pm (Oct. 16:30) at the Schillerdenkmal (Warmer Damm) behind the Staatstheater.<\/p>","protected":false},"author":18,"featured_media":69681,"parent":69427,"menu_order":12,"comment_status":"closed","ping_status":"closed","template":"","meta":{"footnotes":""},"tags":[761,206],"class_list":["post-69431","page","type-page","status-publish","has-post-thumbnail","hentry","tag-mittwochsradler","tag-radtouren","has-post-title","has-post-date","has-post-category","has-post-tag","has-post-comment","has-post-author",""],"builder_content":"<img src=\"https:\/\/www.adfc-wiesbaden.de\/wp-content\/uploads\/2025\/04\/20250409_Mittwochsradler-Bertramstrasse_Zuschnitt_Lukas-Fleckenstein-scaled.jpg\" title=\"20250409_Mittwochsradler-Bertramstra\u00dfe_Zuschnitt_Lukas Fleckenstein\" alt=\"Eine Gruppe Radfahrende in der Stadt, die an einer Ampel warten\" srcset=\"https:\/\/www.adfc-wiesbaden.de\/wp-content\/uploads\/2025\/04\/20250409_Mittwochsradler-Bertramstrasse_Zuschnitt_Lukas-Fleckenstein-scaled.jpg 2560w, https:\/\/www.adfc-wiesbaden.de\/wp-content\/uploads\/2025\/04\/20250409_Mittwochsradler-Bertramstrasse_Zuschnitt_Lukas-Fleckenstein-700x394.jpg 700w, https:\/\/www.adfc-wiesbaden.de\/wp-content\/uploads\/2025\/04\/20250409_Mittwochsradler-Bertramstrasse_Zuschnitt_Lukas-Fleckenstein-1400x788.jpg 1400w, https:\/\/www.adfc-wiesbaden.de\/wp-content\/uploads\/2025\/04\/20250409_Mittwochsradler-Bertramstrasse_Zuschnitt_Lukas-Fleckenstein-200x113.jpg 200w, https:\/\/www.adfc-wiesbaden.de\/wp-content\/uploads\/2025\/04\/20250409_Mittwochsradler-Bertramstrasse_Zuschnitt_Lukas-Fleckenstein-768x432.jpg 768w, https:\/\/www.adfc-wiesbaden.de\/wp-content\/uploads\/2025\/04\/20250409_Mittwochsradler-Bertramstrasse_Zuschnitt_Lukas-Fleckenstein-1536x864.jpg 1536w, https:\/\/www.adfc-wiesbaden.de\/wp-content\/uploads\/2025\/04\/20250409_Mittwochsradler-Bertramstrasse_Zuschnitt_Lukas-Fleckenstein-2048x1153.jpg 2048w\" sizes=\"(max-width: 2560px) 100vw, 2560px\" \/>\n<img src=\"\/wp-content\/uploads\/2025\/02\/Dreieck_Orange.png\" width=\"44\" title=\"Die ADFC-Mittwochsradler in Wiesbaden\" alt=\"Die ADFC-Mittwochsradler in Wiesbaden\">\nFeierabendtouren mit den Mittwochsradlern&copy; Lukas Fleckenstein\n<h1>Die ADFC-Mittwochsradler in Wiesbaden<\/h1>\n<h5>W\u00f6chentliche Feierabendtouren von April bis Oktober<\/h5> <p>Von April bis Oktober veranstaltet der ADFC Wiesbaden jeden Mittwoch seine Feierabendtour f\u00fcr alle ADFC-Mitglieder, die gerne zusammen mit anderen auf dem Fahrrad ihren verdienten Feierabend genie\u00dfen wollen. Diese Feierabendtouren der \u00bbMittwochsradler\u00ab sind gef\u00fchrte Touren und dauern ca. 3 Stunden (inkl. Einkehr).<\/p> <p><b>Start: Mi, 17.30 Uhr (im Okt. 16.30 Uhr) am Schillerdenkmal (Warmer Damm) hinter dem Staatstheater.<\/b><\/p> <p><b>Die Mittwochstouren sind exklusiv f\u00fcr ADFC-Mitglieder. Schnuppern kann jede\/r mal - bei regelm\u00e4\u00dfiger Teilnahme ist die ADFC-Mitgliedschaft Voraussetzung f\u00fcrs Mitfahren.<\/b><\/p> <p>Die Feierabendtouren werden in der Regel jeden Mittwoch von einem anderen ADFC-Mitglied gef\u00fchrt. Das Touren-Ziel bestimmt in der Regel die Tourenleitung.<\/p> <p>In der Regel werden an einem Mittwoch etwa 25 bis 30 Kilometer gefahren. Das h\u00e4ngt ganz von der Strecke und dem Ziel ab. Das bedeutet, dass alle Teilnehmer eine Grundkondition haben sollten bzw. ein Fahrrad mit mindestens 7 oder 21 G\u00e4ngen.<\/p> <p>Es wird mit normalem und nicht zu hohem Tempo gefahren. Bei gr\u00f6\u00dferen Anstiegen wartet die Gruppe gemeinsam, bis alle Teilnehmer aufger\u00fcckt und wieder beisammen sind. W\u00e4hrend der Fahrt werden ausreichend Trinkpausen gemacht.<\/p> <p>Nach der Einkehr f\u00e4hrt die Gruppe auch gemeinsam wieder in Richtung Wiesbaden zur\u00fcck. Allerdings nicht zum Ausgangspunkt \u00bbSchillerdenkmal\u00ab sondern jeder f\u00e4hrt da ab, wo er wohnt bzw. wo der Heimweg f\u00fcr ihn am k\u00fcrzesten ist.<\/p> <h2>Die Teilnahmebedingungen an einer ADFC-Feierabendtour<\/h2> <p>Teilnehmen kann nur, wer ein verkehrssicheres Fahrrad zur Tour mitbringt. Licht, Bremsen und die Klingel sollten unbedingt funktionieren. Es empfiehlt sich, immer einen passenden Ersatzschlauch, Regenkleidung und eine Trinkflasche dabei zu haben.<\/p> <p>Jeder Teilnehmer muss sich an die Verkehrsregeln halten und f\u00e4hrt auf eigene Gefahr.<\/p> <p>Wer sich w\u00e4hrend der Tour nicht an die Verkehrsregeln h\u00e4lt oder sonst auff\u00e4llig wird und vielleicht dadurch andere Mitfahrer gef\u00e4hrdet, kann von der Tour von der Tourenleitung ausgeschlossen werden.<\/p>\n<p>[themify_layout_part id=\"69641\"]<\/p>","_links":{"self":[{"href":"https:\/\/www.adfc-wiesbaden.de\/en\/wp-json\/wp\/v2\/pages\/69431","targetHints":{"allow":["GET"]}}],"collection":[{"href":"https:\/\/www.adfc-wiesbaden.de\/en\/wp-json\/wp\/v2\/pages"}],"about":[{"href":"https:\/\/www.adfc-wiesbaden.de\/en\/wp-json\/wp\/v2\/types\/page"}],"author":[{"embeddable":true,"href":"https:\/\/www.adfc-wiesbaden.de\/en\/wp-json\/wp\/v2\/users\/18"}],"replies":[{"embeddable":true,"href":"https:\/\/www.adfc-wiesbaden.de\/en\/wp-json\/wp\/v2\/comments?post=69431"}],"version-history":[{"count":62,"href":"https:\/\/www.adfc-wiesbaden.de\/en\/wp-json\/wp\/v2\/pages\/69431\/revisions"}],"predecessor-version":[{"id":72508,"href":"https:\/\/www.adfc-wiesbaden.de\/en\/wp-json\/wp\/v2\/pages\/69431\/revisions\/72508"}],"up":[{"embeddable":true,"href":"https:\/\/www.adfc-wiesbaden.de\/en\/wp-json\/wp\/v2\/pages\/69427"}],"wp:featuredmedia":[{"embeddable":true,"href":"https:\/\/www.adfc-wiesbaden.de\/en\/wp-json\/wp\/v2\/media\/69681"}],"wp:attachment":[{"href":"https:\/\/www.adfc-wiesbaden.de\/en\/wp-json\/wp\/v2\/media?parent=69431"}],"wp:term":[{"taxonomy":"post_tag","embeddable":true,"href":"https:\/\/www.adfc-wiesbaden.de\/en\/wp-json\/wp\/v2\/tags?post=69431"}],"curies":[{"name":"wp","href":"https:\/\/api.w.org\/{rel}","templated":true}]}}