{"id":69440,"date":"2025-02-14T21:38:20","date_gmt":"2025-02-14T20:38:20","guid":{"rendered":"https:\/\/www2.adfc-wiesbaden.de\/?page_id=69440"},"modified":"2025-05-17T07:52:04","modified_gmt":"2025-05-17T05:52:04","slug":"adfc-rennradgruppe","status":"publish","type":"page","link":"https:\/\/www.adfc-wiesbaden.de\/en\/radtouren\/adfc-rennradgruppe\/","title":{"rendered":"ADFC Road Bike Group"},"content":{"rendered":"<!--themify_builder_content-->\n<div id=\"themify_builder_content-69440\" data-postid=\"69440\" class=\"themify_builder_content themify_builder_content-69440 themify_builder tf_clear\">\n                    <div  data-lazy=\"1\" class=\"module_row themify_builder_row tb_31ds282 tb_first tf_w\">\n                        <div class=\"row_inner col_align_top tb_col_count_1 tf_box tf_rel\">\n                        <div  data-lazy=\"1\" class=\"module_column tb-column col-full tb_qe3j282 first\">\n                    <!-- module image -->\n<div  class=\"module module-image tb_tffq282 image-top   tf_mw\" data-lazy=\"1\">\n        <div class=\"image-wrap tf_rel tf_mw\">\n            <img decoding=\"async\" src=\"\/wp-content\/uploads\/2025\/02\/ennradgruppe_2_w1600.webp\" title=\"ADFC Road Bike Group\" alt=\"ADFC Road Bike Group\">    \n        <\/div>\n    <!-- \/image-wrap -->\n    \n        <\/div>\n<!-- \/module image -->        <div  data-lazy=\"1\" class=\"module_subrow themify_builder_sub_row tf_w col_align_top tb_col_count_3 tb_4b00282\">\n                <div  data-lazy=\"1\" class=\"module_column sub_column col3-1 tb_z7r0282 first\">\n                    <!-- module image -->\n<div  class=\"module module-image tb_olyz282 image-center   tf_mw\" data-lazy=\"1\">\n        <div class=\"image-wrap tf_rel tf_mw\">\n            <img decoding=\"async\" src=\"\/wp-content\/uploads\/2025\/02\/Dreieck_Orange.png\" width=\"44\" title=\"ADFC Road Bike Group\" alt=\"ADFC Road Bike Group\">    \n        <\/div>\n    <!-- \/image-wrap -->\n    \n        <\/div>\n<!-- \/module image -->        <\/div>\n                    <div  data-lazy=\"1\" class=\"module_column sub_column col3-1 tb_z2iv282\">\n                            <\/div>\n                    <div  data-lazy=\"1\" class=\"module_column sub_column col3-1 tb_u5bq282 last\">\n                            <\/div>\n                    <\/div>\n        <!-- module plain text -->\n<div  class=\"module module-plain-text tb_t527282 bild_header_h1 adfc_orange tb_gs4151609\" data-lazy=\"1\">\n        <div class=\"tb_text_wrap\">\n    <span style=\"font-size:28px; line-height:34px;\" >Road bike group<\/span><span style=\"float:right;font-size:14px; line-height:34px;margin-right:5px;\">\u00a9 Ansgar Schiffler <\/span>    <\/div>\n<\/div>\n<!-- \/module plain text -->        <\/div>\n                        <\/div>\n        <\/div>\n                        <div  data-lazy=\"1\" class=\"module_row themify_builder_row tb_5se3623 tf_w\">\n                        <div class=\"row_inner col_align_top tb_col_count_1 tf_box tf_rel\">\n                        <div  data-lazy=\"1\" class=\"module_column tb-column col-full tb_q1la623 first\">\n                    <!-- module text -->\n<div  class=\"module module-text tb_ugre579\" data-lazy=\"1\">\n        <div  class=\"tb_text_wrap\">\n        <h1 class=\"\">ADFC Road Bike Group<\/h1>    <\/div>\n<\/div>\n<!-- \/module text -->        <\/div>\n                        <\/div>\n        <\/div>\n                        <div  data-lazy=\"1\" class=\"module_row themify_builder_row tb_8qf0372 tf_w\">\n                        <div class=\"row_inner col_align_top tb_col_count_2 tf_box tf_rel\">\n                        <div  data-lazy=\"1\" class=\"module_column tb-column col4-2 tb_olh5372 first\">\n                    <!-- module text -->\n<div  class=\"module module-text tb_763t663\" data-lazy=\"1\">\n        <div  class=\"tb_text_wrap\">\n        <p><b>Since 2014, there has been a road bike group in our ADFC district association that meets regularly for rides. Within the ADFC, a road bike group is still something special. Our Wiesbaden initiative is the only one in Hesse so far.<\/b><\/p>\n<h2>Regular road bike meeting on the banks of the Rhine in Biebrich<\/h2>\n<p>The road bike group meets:<\/p>\n<p style=\"text-align: left;\"><strong>In the summer half-year usually 1-2 times a week on the banks of the Rhine in Biebrich (at the KD jetty\/level tower). Dates and routes will be distributed by e-mail in advance.<\/strong><\/p>\n<p>The starting point on the Rhine was also chosen to include road bike enthusiasts from Mainz. As a rule, 40 to 70 kilometers are driven on the after-work tours. In doing so, mainly flat routes are selected and larger inclines are avoided. The pace is moderate and also suitable for road bike beginners. It's about fun on fast wheels, not competition. Popular destinations are the Rheingau, the Ried, Rheinhessen and the Wiesbaden \"L\u00e4ndchen\".<\/p>\n<p>On the weekends, occasionally longer road bike trips are organised in the summer half-year. On the one hand, own tours are offered, which are led by active people from the road bike group. On the other hand, we also like to participate in the cycling tours (RTF) and cycling marathons of the cycling clubs.<\/p>\n<p style=\"text-align: left;\"><strong>In the winter half-year (with suitable weather conditions) smaller road bike tours are driven<br \/>Start: Biebricher Rheinufer (at KD-Anleger\/Pegelturm)<br \/><\/strong><\/p>\n<p>There is no proper season break.<\/p>\n<h3>Contact:<\/h3>\n<p>If you are interested in the road bike group, you can register in our e-mail mailing list.<br \/>Simply send an e-mail to:<br \/><strong>E-mail:\u00a0 <a href=\"\/en\/&\/#109;&#x61;&#105;&#x6c;&#116;&#x6f;&#58;&#x72;e&#x6e;n&#x72;a&#x64;\u200d&#64;&#x61;&#100;&#x66;&#99;&#x2d;&#119;&#x69;e&#x73;b&#x61;d&#x65;n&#46;&#x64;&#101;\">rennrad\u200d(at)adfc-wiesbaden.de<\/a><\/strong><\/p>\n<p>This distributor will inform you about each tour in advance. Further information on ADFC's road bike offers can be obtained by calling <strong>Thomas Fuchs (tel. no. 0160\/94837314).<\/strong><\/p>\n<h2>Regular road bike meeting in Mainz at Fort Malakoff<\/h2>\n<p>Since 2019 there is a second road bike meeting:<\/p>\n<p style=\"text-align: left;\"><strong> In summer time <\/strong><strong>Wednesdays at 6 p.m. <\/strong><strong>the Fort Malakoff in Mainz<\/strong><\/p>\n<p>These tours are offered by Heike Lang. If you would like to travel with her, please contact her:<br \/><strong>E-mail: <a href=\"\/en\/&\/#109;&#x61;&#105;&#x6c;&#116;&#x6f;&#58;&#x68;e&#x69;k&#x65;-&#x6c;a&#110;&#x67;&#46;&#x36;&#56;\u200d&#64;&#x74;-&#x6f;n&#x6c;i&#x6e;e&#46;&#x64;&#101;\">Heike-Lang.68\u00ac(\u200cat \u200c)\u00act-online.de<\/a> or tel.: 01578 1798799<\/strong><\/p>    <\/div>\n<\/div>\n<!-- \/module text -->        <\/div>\n                    <div  data-lazy=\"1\" class=\"module_column tb-column col4-2 tb_zy7v353 last\">\n                    <!-- module box -->\n<div  class=\"module module-box tb_qgt6649  tb_gs678604\" data-lazy=\"1\">\n    <div class=\"module-box-content ui  tb_default_color\">\n                <div class=\"tb_text_wrap\"><div class=\"tb_layout_part_wrap tf_w\"><!--themify_builder_content-->\n    <div  class=\"themify_builder_content themify_builder_content-69641 themify_builder not_editable_builder in_the_loop\" data-postid=\"69641\">\n                        <div  data-lazy=\"1\" class=\"module_row themify_builder_row blue_right_menu_box tb_pon9441 tf_w\">\n                        <div class=\"row_inner col_align_top tb_col_count_1 tf_box tf_rel\">\n                        <div  data-lazy=\"1\" class=\"module_column tb-column col-full tb_imf9000 first\">\n                    <!-- module text -->\n<div  class=\"module module-text tb_ozup006\" data-lazy=\"1\">\n        <div  class=\"tb_text_wrap\">\n        <h2>Other links<\/h2>    <\/div>\n<\/div>\n<!-- \/module text --><!-- module buttons -->\n<div  class=\"module module-buttons tb_7dgc555 buttons-horizontal transparent\" data-lazy=\"1\">\n        <div class=\"module-buttons-item tf_in_flx\">\n                        <a href=\"https:\/\/www.adfc-wiesbaden.de\/en\/radtouren\/adfc-rennradgruppe\/\" class=\"ui builder_button tf_in_flx tb_default_color\" >\n                                    <em><svg  class=\"tf_fa tf-ti-new-window\" xmlns:xlink=\"http:\/\/www.w3.org\/1999\/xlink\" aria-hidden=\"true\"><use href=\"#tf-ti-new-window\" xlink:href=\"#tf-ti-new-window\"><\/use><\/svg><\/em>                                        Road bike group                                        <\/a>\n                <\/div>\n            <\/div>\n<!-- \/module buttons -->\n        <div  data-lazy=\"1\" class=\"module_subrow themify_builder_sub_row tf_w col_align_top tb_col_count_1 tb_it7n050\">\n                <div  data-lazy=\"1\" class=\"module_column sub_column col-full tb_umat066 first\">\n                    <!-- module divider -->\n<div  class=\"module tf_mw module-divider tb_vly7050 solid\" style=\"border-width: 1px;border-color: #ffffff;margin-top: 1px;margin-bottom: 1px;\" data-lazy=\"1\">\n    <\/div>\n<!-- \/module divider -->\n        <\/div>\n                    <\/div>\n        <!-- module buttons -->\n<div  class=\"module module-buttons tb_qhca060 buttons-horizontal transparent\" data-lazy=\"1\">\n        <div class=\"module-buttons-item tf_in_flx\">\n                        <a href=\"https:\/\/www.adfc-wiesbaden.de\/en\/radtouren\/die-adfc-mittwochsradler-in-wiesbaden\/\" class=\"ui builder_button tf_in_flx tb_default_color\" >\n                                    <em><svg  class=\"tf_fa tf-ti-new-window\" xmlns:xlink=\"http:\/\/www.w3.org\/1999\/xlink\" aria-hidden=\"true\"><use href=\"#tf-ti-new-window\" xlink:href=\"#tf-ti-new-window\"><\/use><\/svg><\/em>                                        Wednesday cyclists                                        <\/a>\n                <\/div>\n            <\/div>\n<!-- \/module buttons -->\n        <div  data-lazy=\"1\" class=\"module_subrow themify_builder_sub_row tf_w col_align_top tb_col_count_1 tb_625t600\">\n                <div  data-lazy=\"1\" class=\"module_column sub_column col-full tb_fr90130 first\">\n                    <!-- module divider -->\n<div  class=\"module tf_mw module-divider tb_s4pu150 solid\" style=\"border-width: 1px;border-color: #ffffff;margin-top: 1px;margin-bottom: 1px;\" data-lazy=\"1\">\n    <\/div>\n<!-- \/module divider -->\n        <\/div>\n                    <\/div>\n        <!-- module buttons -->\n<div  class=\"module module-buttons tb_e0xb166 buttons-horizontal transparent\" data-lazy=\"1\">\n        <div class=\"module-buttons-item tf_in_flx\">\n                        <a href=\"\/en\/tag\/radtourenbericht\/\" class=\"ui builder_button tf_in_flx tb_default_color\" >\n                                    <em><svg  class=\"tf_fa tf-ti-new-window\" xmlns:xlink=\"http:\/\/www.w3.org\/1999\/xlink\" aria-hidden=\"true\"><use href=\"#tf-ti-new-window\" xlink:href=\"#tf-ti-new-window\"><\/use><\/svg><\/em>                                        Cycling tour reports                                        <\/a>\n                <\/div>\n            <\/div>\n<!-- \/module buttons -->\n        <div  data-lazy=\"1\" class=\"module_subrow themify_builder_sub_row tf_w col_align_top tb_col_count_1 tb_gd7v606\">\n                <div  data-lazy=\"1\" class=\"module_column sub_column col-full tb_owtx005 first\">\n                    <!-- module divider -->\n<div  class=\"module tf_mw module-divider tb_w7u6006 solid\" style=\"border-width: 1px;border-color: #ffffff;margin-top: 1px;margin-bottom: 1px;\" data-lazy=\"1\">\n    <\/div>\n<!-- \/module divider -->\n        <\/div>\n                    <\/div>\n        <!-- module buttons -->\n<div  class=\"module module-buttons tb_n5xl376 buttons-horizontal transparent\" data-lazy=\"1\">\n        <div class=\"module-buttons-item tf_in_flx\">\n                        <a href=\"\/en\/tourenprogramm\/\" class=\"ui builder_button tf_in_flx tb_default_color\" >\n                                    <em><svg  class=\"tf_fa tf-ti-new-window\" xmlns:xlink=\"http:\/\/www.w3.org\/1999\/xlink\" aria-hidden=\"true\"><use href=\"#tf-ti-new-window\" xlink:href=\"#tf-ti-new-window\"><\/use><\/svg><\/em>                                        Cycle tour program                                        <\/a>\n                <\/div>\n            <\/div>\n<!-- \/module buttons -->\n        <div  data-lazy=\"1\" class=\"module_subrow themify_builder_sub_row tf_w col_align_top tb_col_count_1 tb_jzkx459\">\n                <div  data-lazy=\"1\" class=\"module_column sub_column col-full tb_g1gs459 first\">\n                    <!-- module divider -->\n<div  class=\"module tf_mw module-divider tb_qhro459 solid\" style=\"border-width: 1px;border-color: #ffffff;margin-top: 1px;margin-bottom: 1px;\" data-lazy=\"1\">\n    <\/div>\n<!-- \/module divider -->\n        <\/div>\n                    <\/div>\n        <!-- module buttons -->\n<div  class=\"module module-buttons tb_nvai813 buttons-horizontal transparent\" data-lazy=\"1\">\n        <div class=\"module-buttons-item tf_in_flx\">\n                        <a href=\"https:\/\/www.adfc-wiesbaden.de\/en\/tourenprogramm-als-pdf\/\" class=\"ui builder_button tf_in_flx tb_default_color\" >\n                                    <em><svg  class=\"tf_fa tf-ti-new-window\" xmlns:xlink=\"http:\/\/www.w3.org\/1999\/xlink\" aria-hidden=\"true\"><use href=\"#tf-ti-new-window\" xlink:href=\"#tf-ti-new-window\"><\/use><\/svg><\/em>                                        Bike tour program as PDF                                        <\/a>\n                <\/div>\n            <\/div>\n<!-- \/module buttons -->\n        <div  data-lazy=\"1\" class=\"module_subrow themify_builder_sub_row tf_w col_align_top tb_col_count_1 tb_ww1w469\">\n                <div  data-lazy=\"1\" class=\"module_column sub_column col-full tb_xm56469 first\">\n                    <!-- module divider -->\n<div  class=\"module tf_mw module-divider tb_gdt0469 solid\" style=\"border-width: 1px;border-color: #ffffff;margin-top: 1px;margin-bottom: 1px;\" data-lazy=\"1\">\n    <\/div>\n<!-- \/module divider -->\n        <\/div>\n                    <\/div>\n        <!-- module buttons -->\n<div  class=\"module module-buttons tb_367r972 buttons-horizontal transparent\" data-lazy=\"1\">\n        <div class=\"module-buttons-item tf_in_flx\">\n                        <a href=\"https:\/\/www.adfc-wiesbaden.de\/en\/radtouren\/tourenprogramm\/teilnahmebedingungen\/\" class=\"ui builder_button tf_in_flx tb_default_color\" >\n                                    <em><svg  class=\"tf_fa tf-ti-new-window\" xmlns:xlink=\"http:\/\/www.w3.org\/1999\/xlink\" aria-hidden=\"true\"><use href=\"#tf-ti-new-window\" xlink:href=\"#tf-ti-new-window\"><\/use><\/svg><\/em>                                        Conditions of participation Bike tours                                        <\/a>\n                <\/div>\n            <\/div>\n<!-- \/module buttons -->\n        <div  data-lazy=\"1\" class=\"module_subrow themify_builder_sub_row tf_w col_align_top tb_col_count_1 tb_nrr0578\">\n                <div  data-lazy=\"1\" class=\"module_column sub_column col-full tb_6fo6578 first\">\n                    <!-- module divider -->\n<div  class=\"module tf_mw module-divider tb_yoja578 solid\" style=\"border-width: 1px;border-color: #ffffff;margin-top: 1px;margin-bottom: 1px;\" data-lazy=\"1\">\n    <\/div>\n<!-- \/module divider -->\n        <\/div>\n                    <\/div>\n                <\/div>\n                        <\/div>\n        <\/div>\n            <\/div>\n<!--\/themify_builder_content--><\/div>\n<\/div>\n    <\/div>\n<\/div>\n<!-- \/module box -->\n        <\/div>\n                        <\/div>\n        <\/div>\n        <\/div>\n<!--\/themify_builder_content-->\n\n\n<p><\/p>","protected":false},"excerpt":{"rendered":"<p><b>Since 2014, there has been a road bike group in our ADFC district association that meets regularly for rides.<\/b><br \/>\nWithin the ADFC, a road bike group is still something special. Our Wiesbaden initiative is the only one in Hesse so far.<\/p>","protected":false},"author":18,"featured_media":69668,"parent":69427,"menu_order":7,"comment_status":"closed","ping_status":"closed","template":"","meta":{"footnotes":""},"tags":[762,763],"class_list":["post-69440","page","type-page","status-publish","has-post-thumbnail","hentry","tag-radfahren","tag-rennrad","has-post-title","has-post-date","has-post-category","has-post-tag","has-post-comment","has-post-author",""],"builder_content":"<img src=\"\/wp-content\/uploads\/2025\/02\/ennradgruppe_2_w1600.webp\" title=\"ADFC Rennradgruppe\" alt=\"ADFC Rennradgruppe\">\n<img src=\"\/wp-content\/uploads\/2025\/02\/Dreieck_Orange.png\" width=\"44\" title=\"ADFC Rennradgruppe\" alt=\"ADFC Rennradgruppe\">\nRennradgruppe&copy; Ansgar Schiffler\n<h1>ADFC Rennradgruppe<\/h1>\n<p><b>Seit 2014 gibt es in unserem ADFC-Kreisverband eine Rennradgruppe, die sich regelm\u00e4\u00dfig zu Ausfahrten trifft. Innerhalb des ADFC ist eine Rennradgruppe immer noch etwas Besonderes. Unsere Wiesbadener Initiative ist bislang die einzige in Hessen.<\/b><\/p> <h2>Regelm\u00e4\u00dfiger Rennradtreff am Biebricher Rheinufer<\/h2> <p>Die Rennradgruppe trifft sich:<\/p> <p style=\"text-align: left;\"><strong>Im Sommerhalbjahr in der Regel 1-2 mal pro Woche am Biebricher Rheinufer (am KD-Anleger\/Pegelturm). Termine und Routen werden vorher per E-Mail verteilt.<\/strong><\/p> <p>Der Startort am Rhein wurde auch gew\u00e4hlt, um die Rennradfreunde aus Mainz einzubeziehen. In der Regel werden bei den Feierabendtouren 40 bis 70 Kilometer gefahren. Dabei werden vorwiegend flache Strecken ausgew\u00e4hlt und gr\u00f6\u00dfere Steigungen vermieden. Das Tempo ist moderat und auch f\u00fcr Rennrad-Anf\u00e4nger geeignet. Es geht dabei um Spa\u00df auf flotten R\u00e4dern, nicht um Wettkampf. Beliebte Ziele sind der Rheingau, das Ried, Rheinhessen und das Wiesbadener \u201eL\u00e4ndchen\u201c.<\/p> <p>An den Wochenenden werden im Sommerhalbjahr vereinzelt l\u00e4ngere Rennradausfl\u00fcge veranstaltet. Zum einen werden eigene Touren angeboten, die die von Aktiven aus der Rennradgruppe gef\u00fchrt werden. Zum anderen fahren wir auch gerne bei den Radtourenfahrten (RTF) und Radmarathons der Radsportvereine mit.<\/p> <p style=\"text-align: left;\"><strong>Im Winterhalbjahr (bei geeigneten Witterungsbedingungen) werden kleinere Rennradtouren gefahren<br \/>Start: Biebricher Rheinufer (am KD-Anleger\/Pegelturm)<br \/><\/strong><\/p> <p>Eine richtige Saisonpause gibt es nicht.<\/p> <h3>Kontakt:<\/h3> <p>Wer Interesse an der Rennradgruppe hat, kann sich in unserer E-Mail-Verteiler eintragen lassen.<br \/>Einfach Mail an:<br \/><strong>E-Mail:\u00a0 <a href=\"mailto:rennrad\u200d@adfc-wiesbaden.de\">rennrad\u200d(at)adfc-wiesbaden.de<\/a><\/strong><\/p> <p>\u00dcber diesen Verteiler wird vorab \u00fcber jede Tour informiert. Weitere Informationen zu den Rennrad-Angeboten des ADFC k\u00f6nnen telefonisch erfragt werden bei <strong>Thomas Fuchs (Tel.-Nr. 0160\/94837314).<\/strong><\/p> <h2>Regelm\u00e4\u00dfiger Rennradtreff in Mainz am Fort Malakoff<\/h2> <p>Seit 2019 gibt es einen zweiten Rennradtreff:<\/p> <p style=\"text-align: left;\"><strong> In der Sommerzeit <\/strong><strong>mittwochs um 18 Uhr <\/strong><strong>am Fort Malakoff in Mainz<\/strong><\/p> <p>Diese Touren werden von Heike Lang angeboten. Wenn Du mitfahren m\u00f6chtest, nimm bitte mit ihr Kontakt auf:<br \/><strong>E-Mail: <a href=\"mailto:heike-lang.68\u200d@t-online.de\">Heike-Lang.68\u200d(\u200cat\u200c)\u200dt-online.de<\/a> oder Tel.: 01578 1798799<\/strong><\/p>\n<p>[themify_layout_part id=\"69641\"]<\/p>","_links":{"self":[{"href":"https:\/\/www.adfc-wiesbaden.de\/en\/wp-json\/wp\/v2\/pages\/69440","targetHints":{"allow":["GET"]}}],"collection":[{"href":"https:\/\/www.adfc-wiesbaden.de\/en\/wp-json\/wp\/v2\/pages"}],"about":[{"href":"https:\/\/www.adfc-wiesbaden.de\/en\/wp-json\/wp\/v2\/types\/page"}],"author":[{"embeddable":true,"href":"https:\/\/www.adfc-wiesbaden.de\/en\/wp-json\/wp\/v2\/users\/18"}],"replies":[{"embeddable":true,"href":"https:\/\/www.adfc-wiesbaden.de\/en\/wp-json\/wp\/v2\/comments?post=69440"}],"version-history":[{"count":79,"href":"https:\/\/www.adfc-wiesbaden.de\/en\/wp-json\/wp\/v2\/pages\/69440\/revisions"}],"predecessor-version":[{"id":72504,"href":"https:\/\/www.adfc-wiesbaden.de\/en\/wp-json\/wp\/v2\/pages\/69440\/revisions\/72504"}],"up":[{"embeddable":true,"href":"https:\/\/www.adfc-wiesbaden.de\/en\/wp-json\/wp\/v2\/pages\/69427"}],"wp:featuredmedia":[{"embeddable":true,"href":"https:\/\/www.adfc-wiesbaden.de\/en\/wp-json\/wp\/v2\/media\/69668"}],"wp:attachment":[{"href":"https:\/\/www.adfc-wiesbaden.de\/en\/wp-json\/wp\/v2\/media?parent=69440"}],"wp:term":[{"taxonomy":"post_tag","embeddable":true,"href":"https:\/\/www.adfc-wiesbaden.de\/en\/wp-json\/wp\/v2\/tags?post=69440"}],"curies":[{"name":"wp","href":"https:\/\/api.w.org\/{rel}","templated":true}]}}