{"id":69523,"date":"2025-02-15T12:10:25","date_gmt":"2025-02-15T11:10:25","guid":{"rendered":"https:\/\/www2.adfc-wiesbaden.de\/?page_id=69523"},"modified":"2026-05-10T22:37:20","modified_gmt":"2026-05-10T20:37:20","slug":"codierung","status":"publish","type":"page","link":"https:\/\/www.adfc-wiesbaden.de\/en\/service\/codierung\/","title":{"rendered":"encoding"},"content":{"rendered":"<!--themify_builder_content-->\n<div id=\"themify_builder_content-69523\" data-postid=\"69523\" class=\"themify_builder_content themify_builder_content-69523 themify_builder tf_clear\">\n                    <div  data-lazy=\"1\" class=\"module_row themify_builder_row tb_31ds282 tb_first tf_w\">\n                        <div class=\"row_inner col_align_top tb_col_count_1 tf_box tf_rel\">\n                        <div  data-lazy=\"1\" class=\"module_column tb-column col-full tb_qe3j282 first\">\n                    <!-- module image -->\n<div  class=\"module module-image tb_tffq282 image-top   tf_mw tb_gs2677162d\" data-lazy=\"1\">\n        <div class=\"image-wrap tf_rel tf_mw\">\n            <img loading=\"lazy\" decoding=\"async\" width=\"1920\" height=\"1280\" src=\"https:\/\/www.adfc-wiesbaden.de\/wp-content\/uploads\/2026\/04\/2025-fahrrad-codierung_ok.jpg\" class=\"wp-post-image wp-image-76211\" title=\"Needle encoder for bicycle encoding\" alt=\"Needle encoder for bicycle encoding\" srcset=\"https:\/\/www.adfc-wiesbaden.de\/wp-content\/uploads\/2026\/04\/2025-fahrrad-codierung_ok.jpg 1920w, https:\/\/www.adfc-wiesbaden.de\/wp-content\/uploads\/2026\/04\/2025-fahrrad-codierung_ok-700x467.jpg 700w, https:\/\/www.adfc-wiesbaden.de\/wp-content\/uploads\/2026\/04\/2025-fahrrad-codierung_ok-1400x933.jpg 1400w, https:\/\/www.adfc-wiesbaden.de\/wp-content\/uploads\/2026\/04\/2025-fahrrad-codierung_ok-200x133.jpg 200w, https:\/\/www.adfc-wiesbaden.de\/wp-content\/uploads\/2026\/04\/2025-fahrrad-codierung_ok-768x512.jpg 768w, https:\/\/www.adfc-wiesbaden.de\/wp-content\/uploads\/2026\/04\/2025-fahrrad-codierung_ok-1536x1024.jpg 1536w, https:\/\/www.adfc-wiesbaden.de\/wp-content\/uploads\/2026\/04\/2025-fahrrad-codierung_ok-18x12.jpg 18w\" sizes=\"auto, (max-width: 1920px) 100vw, 1920px\" \/>    \n        <\/div>\n    <!-- \/image-wrap -->\n    \n        <div class=\"image-content\">\n                    <h3 class=\"image-title\">\n                                    Needle encoder for bicycle encoding                            <\/h3>\n                    <\/div>\n    <!-- \/image-content -->\n        <\/div>\n<!-- \/module image -->        <\/div>\n                        <\/div>\n        <\/div>\n                        <div  data-lazy=\"1\" class=\"module_row themify_builder_row tb_5se3623 tf_w\">\n                        <div class=\"row_inner col_align_top tb_col_count_1 tf_box tf_rel\">\n                        <div  data-lazy=\"1\" class=\"module_column tb-column col-full tb_q1la623 first\">\n                    <!-- module text -->\n<div  class=\"module module-text tb_763t663\" data-lazy=\"1\">\n        <div  class=\"tb_text_wrap\">\n        <h1 class=\"\">Bicycle encoding<\/h1>\n<p><strong>The ADFC Wiesbaden regularly offers bicycle coding. Here we explain what the coding is and why it makes sense to have your bike coded.<\/strong><\/p>    <\/div>\n<\/div>\n<!-- \/module text -->        <\/div>\n                        <\/div>\n        <\/div>\n                        <div  data-lazy=\"1\" class=\"module_row themify_builder_row tb_8qf0372 tf_w\">\n                        <div class=\"row_inner col_align_top tb_col_count_2 tf_box tf_rel\">\n                        <div  data-lazy=\"1\" class=\"module_column tb-column col4-2 tb_olh5372 first\">\n                    <!-- module text -->\n<div  class=\"module module-text tb_ugre579    tb_gs678604\" data-lazy=\"1\">\n        <div  class=\"tb_text_wrap\">\n        <h6>What is bicycle coding?<\/h6>\n<p>Bicycle coding is a system developed by the police and used nationwide to protect its property from loss. A code consisting of the encrypted address and the initials of the owner is visibly engraved into the bicycle frame and sealed against corrosion. Removing this code requires a lot of effort.<\/p>\n<h6>Why should you have your bike coded?<\/h6>\n<p>If you have your bike coded, long fingers make life difficult. Without proof of ownership, they cannot get far with the two-wheeled stolen goods: the coding immediately shows who is the owner of the stolen wheel. The coding therefore makes it more difficult than just resale, especially via flea markets or via the Internet.<\/p>\n<p>The sale value of the stolen goods decreases significantly, while the degree of deterrence and the inhibition threshold for potential thieves increases. As experience has shown, coding can significantly reduce the number of thefts and increase the rate of reconnaissance.<\/p>\n<h6>Where and when can I have my bike coded?<\/h6>\n<p>The ADFC Wiesbaden \/ Rheingau-Taunus usually offers bicycle coding at the bicycle exchanges. All upcoming coding dates can be found at the bottom of this page.<\/p>\n<p>Our cooperation partner \u2018DER RADLER\u2019 can be contacted from April to October on the 1st of each year. Have your bike coded on Saturday of the month by appointment. Contact: 0611 98819555, der-radler\u200d@bauhaus-wiesbaden.de<br><br>Here you will find a <a href=\"\/wp-content\/uploads\/2025\/02\/2022er_Codierauftrag-vom-Bundesverband-1.pdf\">Form coding order<\/a>, which you can bring with you twice and pre-filled and thus shorten your waiting time.<\/p>\n<h6>How much does it cost to have my bike coded?<\/h6>\n<p>The prices for coding are as follows:<br>10,- EUR for ADFC members (against ID)<br>15,- EUR for non-members.<\/p>\n<p>A separate coding of pedelec batteries is possible and is charged at 5 EUR extra.<\/p>\n<p>It is encoded with a nail embosser that resembles a needle printer, except that it writes on metal and not on paper.<\/p>\n<p>Unfortunately, we cannot code wheels with carbon frames and leasing wheels.<\/p>    <\/div>\n<\/div>\n<!-- \/module text -->        <\/div>\n                    <div  data-lazy=\"1\" class=\"module_column tb-column col4-2 tb_zy7v353 last\">\n                    <!-- module box -->\n<div  class=\"module module-box tb_qgt6649  tb_gs678604\" data-lazy=\"1\">\n    <div class=\"module-box-content ui  tb_default_color\">\n                <div class=\"tb_text_wrap\"><div class=\"tb_layout_part_wrap tf_w\"><!--themify_builder_content-->\n    <div  class=\"themify_builder_content themify_builder_content-70491 themify_builder not_editable_builder in_the_loop\" data-postid=\"70491\">\n                        <div  data-lazy=\"1\" class=\"module_row themify_builder_row blue_right_menu_box tb_eys8121 tf_w\">\n                        <div class=\"row_inner col_align_top tb_col_count_1 tf_box tf_rel\">\n                        <div  data-lazy=\"1\" class=\"module_column tb-column col-full tb_os8l212 first\">\n                    <!-- module text -->\n<div  class=\"module module-text tb_sgrx519\" data-lazy=\"1\">\n        <div  class=\"tb_text_wrap\">\n        <h2>Other links<\/h2>    <\/div>\n<\/div>\n<!-- \/module text --><!-- module buttons -->\n<div  class=\"module module-buttons tb_d38f121 buttons-horizontal transparent\" data-lazy=\"1\">\n        <div class=\"module-buttons-item tf_in_flx\">\n                        <a href=\"\/wp-content\/uploads\/2025\/02\/2022er_Codierauftrag-vom-Bundesverband-1.pdf\" class=\"ui builder_button tf_in_flx tb_default_color\" target=\"_blank\" rel=\"noopener\">\n                                    <em><svg  class=\"tf_fa tf-ti-download\" xmlns:xlink=\"http:\/\/www.w3.org\/1999\/xlink\" aria-hidden=\"true\"><use href=\"#tf-ti-download\" xlink:href=\"#tf-ti-download\"><\/use><\/svg><\/em>                                        Coding order                                        <\/a>\n                <\/div>\n            <\/div>\n<!-- \/module buttons -->\n        <div  data-lazy=\"1\" class=\"module_subrow themify_builder_sub_row tf_w col_align_top tb_col_count_1 tb_2rvk030\">\n                <div  data-lazy=\"1\" class=\"module_column sub_column col-full tb_o44r031 first\">\n                    <!-- module divider -->\n<div  class=\"module tf_mw module-divider tb_6ql2022 solid\" style=\"border-width: 1px;border-color: #ffffff;margin-top: 1px;margin-bottom: 1px;\" data-lazy=\"1\">\n    <\/div>\n<!-- \/module divider -->\n        <\/div>\n                    <\/div>\n        <!-- module buttons -->\n<div  class=\"module module-buttons tb_dr82109 buttons-horizontal transparent\" data-lazy=\"1\">\n        <div class=\"module-buttons-item tf_in_flx\">\n                        <a href=\"https:\/\/www.fa-technik-adfc.de\/ein\" class=\"ui builder_button tf_in_flx tb_default_color\" target=\"_blank\" rel=\"noopener\">\n                                    <em><svg  class=\"tf_fa tf-ti-new-window\" xmlns:xlink=\"http:\/\/www.w3.org\/1999\/xlink\" aria-hidden=\"true\"><use href=\"#tf-ti-new-window\" xlink:href=\"#tf-ti-new-window\"><\/use><\/svg><\/em>                                        Code generator                                        <\/a>\n                <\/div>\n            <\/div>\n<!-- \/module buttons -->\n        <div  data-lazy=\"1\" class=\"module_subrow themify_builder_sub_row tf_w col_align_top tb_col_count_1 tb_53gd77\">\n                <div  data-lazy=\"1\" class=\"module_column sub_column col-full tb_miag77 first\">\n                    <!-- module divider -->\n<div  class=\"module tf_mw module-divider tb_sxz177 solid\" style=\"border-width: 1px;border-color: #ffffff;margin-top: 1px;margin-bottom: 1px;\" data-lazy=\"1\">\n    <\/div>\n<!-- \/module divider -->\n        <\/div>\n                    <\/div>\n        <!-- module buttons -->\n<div  class=\"module module-buttons tb_ppca222 buttons-horizontal transparent\" data-lazy=\"1\">\n        <div class=\"module-buttons-item tf_in_flx\">\n                        <a href=\"http:\/\/codierung.adfc.de\/\" class=\"ui builder_button tf_in_flx tb_default_color\" target=\"_blank\" rel=\"noopener\">\n                                    <em><svg  class=\"tf_fa tf-ti-new-window\" xmlns:xlink=\"http:\/\/www.w3.org\/1999\/xlink\" aria-hidden=\"true\"><use href=\"#tf-ti-new-window\" xlink:href=\"#tf-ti-new-window\"><\/use><\/svg><\/em>                                        WG Coding Federal Association                                         <\/a>\n                <\/div>\n            <\/div>\n<!-- \/module buttons -->\n        <div  data-lazy=\"1\" class=\"module_subrow themify_builder_sub_row tf_w col_align_top tb_col_count_1 tb_dfib58\">\n                <div  data-lazy=\"1\" class=\"module_column sub_column col-full tb_986w58 first\">\n                    <!-- module divider -->\n<div  class=\"module tf_mw module-divider tb_suk658 solid\" style=\"border-width: 1px;border-color: #ffffff;margin-top: 1px;margin-bottom: 1px;\" data-lazy=\"1\">\n    <\/div>\n<!-- \/module divider -->\n        <\/div>\n                    <\/div>\n        <!-- module buttons -->\n<div  class=\"module module-buttons tb_lecx007 buttons-horizontal transparent\" data-lazy=\"1\">\n        <div class=\"module-buttons-item tf_in_flx\">\n                        <a href=\"https:\/\/touren-termine.adfc.de\/suche?eventType=Termin&#038;includedTags=6\" class=\"ui builder_button tf_in_flx tb_default_color\" target=\"_blank\" rel=\"noopener\">\n                                    <em><svg  class=\"tf_fa tf-ti-new-window\" xmlns:xlink=\"http:\/\/www.w3.org\/1999\/xlink\" aria-hidden=\"true\"><use href=\"#tf-ti-new-window\" xlink:href=\"#tf-ti-new-window\"><\/use><\/svg><\/em>                                        Coding dates nationwide                                        <\/a>\n                <\/div>\n            <\/div>\n<!-- \/module buttons -->\n        <div  data-lazy=\"1\" class=\"module_subrow themify_builder_sub_row tf_w col_align_top tb_col_count_1 tb_s503101\">\n                <div  data-lazy=\"1\" class=\"module_column sub_column col-full tb_h04r001 first\">\n                    <!-- module divider -->\n<div  class=\"module tf_mw module-divider tb_mx94244 solid\" style=\"border-width: 1px;border-color: #ffffff;margin-top: 1px;margin-bottom: 1px;\" data-lazy=\"1\">\n    <\/div>\n<!-- \/module divider -->\n        <\/div>\n                    <\/div>\n        <!-- module buttons -->\n<div  class=\"module module-buttons tb_71aq604 buttons-horizontal transparent\" data-lazy=\"1\">\n        <div class=\"module-buttons-item tf_in_flx\">\n                        <a href=\"https:\/\/mainz-bingen.adfc.de\/ueber-uns#c58891\" class=\"ui builder_button tf_in_flx tb_default_color\" >\n                                    <em><svg  class=\"tf_fa tf-ti-new-window\" xmlns:xlink=\"http:\/\/www.w3.org\/1999\/xlink\" aria-hidden=\"true\"><use href=\"#tf-ti-new-window\" xlink:href=\"#tf-ti-new-window\"><\/use><\/svg><\/em>                                        Coding ADFC Mainz-Bingen                                        <\/a>\n                <\/div>\n            <\/div>\n<!-- \/module buttons -->\n        <div  data-lazy=\"1\" class=\"module_subrow themify_builder_sub_row tf_w col_align_top tb_col_count_1 tb_2imb102\">\n                <div  data-lazy=\"1\" class=\"module_column sub_column col-full tb_9plj000 first\">\n                    <!-- module divider -->\n<div  class=\"module tf_mw module-divider tb_iyh1212 solid\" style=\"border-width: 1px;border-color: #ffffff;margin-top: 1px;margin-bottom: 1px;\" data-lazy=\"1\">\n    <\/div>\n<!-- \/module divider -->\n        <\/div>\n                    <\/div>\n        <!-- module buttons -->\n<div  class=\"module module-buttons tb_zqnw111 buttons-horizontal transparent\" data-lazy=\"1\">\n        <div class=\"module-buttons-item tf_in_flx\">\n                        <a href=\"https:\/\/hessen.adfc.de\/artikel\/alles-zur-fahrrad-codierung\" class=\"ui builder_button tf_in_flx tb_default_color\" >\n                                    <em><svg  class=\"tf_fa tf-ti-new-window\" xmlns:xlink=\"http:\/\/www.w3.org\/1999\/xlink\" aria-hidden=\"true\"><use href=\"#tf-ti-new-window\" xlink:href=\"#tf-ti-new-window\"><\/use><\/svg><\/em>                                        Information from ADFC Hessen                                        <\/a>\n                <\/div>\n            <\/div>\n<!-- \/module buttons -->\n        <div  data-lazy=\"1\" class=\"module_subrow themify_builder_sub_row tf_w col_align_top tb_col_count_1 tb_m2dn512\">\n                <div  data-lazy=\"1\" class=\"module_column sub_column col-full tb_9xa1851 first\">\n                    <!-- module divider -->\n<div  class=\"module tf_mw module-divider tb_ij2s111 solid\" style=\"border-width: 1px;border-color: #ffffff;margin-top: 1px;margin-bottom: 1px;\" data-lazy=\"1\">\n    <\/div>\n<!-- \/module divider -->\n        <\/div>\n                    <\/div>\n                <\/div>\n                        <\/div>\n        <\/div>\n            <\/div>\n<!--\/themify_builder_content--><\/div>\n<\/div>\n    <\/div>\n<\/div>\n<!-- \/module box -->\n        <\/div>\n                        <\/div>\n        <\/div>\n                        <div  data-lazy=\"1\" class=\"module_row themify_builder_row tb_lxtv192 tf_w\">\n                        <div class=\"row_inner col_align_top tb_col_count_1 tf_box tf_rel\">\n                        <div  data-lazy=\"1\" class=\"module_column tb-column col-full tb_xrvv193 first\">\n                    <!-- module text -->\n<div  class=\"module module-text tb_ofox322\" data-lazy=\"1\" id=\"Codiertermine\">\n        <div  class=\"tb_text_wrap\">\n        <h3>Overview of the next coding dates of the ADFC Wiesbaden \/ Rheingau-Taunus<\/h3>    <\/div>\n<\/div>\n<!-- \/module text --><!-- module plain text -->\n<div  class=\"module module-plain-text tb_md2z722 cloud-kalender\" data-lazy=\"1\">\n        <div class=\"tb_text_wrap\">\n    <div class=\"veranstaltungsliste\"><!--Start Veranstaltungsliste-->\n<div class=\"veranstaltung\"  itemscope=\"itemscope\" itemtype=\"http:\/\/schema.org\/Event\">\n<h3 itemprop=\"name\">OPEN DOOR in ADFC with coding offer<\/h3>\n<!--20260601T160000 - 20260601T190000-->\n<meta itemprop=\"startDate\" content=\"2026-06-01T16:00:00+0200\"><meta itemprop=\"endDate\" content=\"2026-06-01T19:00:00+0200\">\n<p class=\"datum\"><span class=\"start\">Mo.\u00a001.06.2026 16:00<\/span> \uff0d <span class=\"ende\">19:00<\/span>, <span class=\"kategorie\">web _ coding<\/span><\/p> <p class=\"ort\" itemprop=\"location\" itemscope=\"itemscope\" itemtype=\"http:\/\/schema.org\/Place\">ADFC Office, Goebenstra\u00dfe 1, 65195 Wiesbaden, Germany<\/p><p class=\"beschreibung\" itemprop=\"description\"><a href=\"https:\/\/www.adfc-wiesbaden.de\/en\/service\/codierung\/\" target=\"_blank\">Information on coding<\/a><\/p>\n\n<\/div>\n<div class=\"veranstaltung\"  itemscope=\"itemscope\" itemtype=\"http:\/\/schema.org\/Event\">\n<h3 itemprop=\"name\">Bicycle exchange with coding<\/h3>\n<!--20260606T100000 - 20260606T140000-->\n<meta itemprop=\"startDate\" content=\"2026-06-06T10:00:00+0200\"><meta itemprop=\"endDate\" content=\"2026-06-06T14:00:00+0200\">\n<p class=\"datum\"><span class=\"start\">Sa.\u00a006.06.2026 10:00<\/span> \uff0d <span class=\"ende\">14:00<\/span>, <span class=\"kategorie\">web_general, web_b\u00f6rse, web_coding<\/span><\/p> <p class=\"ort\" itemprop=\"location\" itemscope=\"itemscope\" itemtype=\"http:\/\/schema.org\/Place\">Bike fair in the cultural park at the slaughterhouse<\/p><p class=\"beschreibung\" itemprop=\"description\">Used bicycles and bicycle parts can be bought and sold, from private to private. For sellers: Just come, find a place, put up price tags. For buyers: Just come, choose, test drive, act. Whether it can be coded is still unclear.<br\/><a href=\"https:\/\/www.adfc-wiesbaden.de\/en\/service\/fahrradboersen\/\" target=\"_blank\">More information<\/a><\/p>\n\n<\/div>\n<div class=\"veranstaltung\"  itemscope=\"itemscope\" itemtype=\"http:\/\/schema.org\/Event\">\n<h3 itemprop=\"name\">Bicycle coding at the bicycle festival on 20 June<\/h3>\n<!--20260620T160000 - 20260620T190000-->\n<meta itemprop=\"startDate\" content=\"2026-06-20T16:00:00+0200\"><meta itemprop=\"endDate\" content=\"2026-06-20T19:00:00+0200\">\n<p class=\"datum\"><span class=\"start\">Sa.\u00a020.06.2026 16:00<\/span> \uff0d <span class=\"ende\">19:00<\/span>, <span class=\"kategorie\">web_general, web_b\u00f6rse, web_coding<\/span><\/p> <p class=\"ort\" itemprop=\"location\" itemscope=\"itemscope\" itemtype=\"http:\/\/schema.org\/Place\">Dern'sches Gel\u00e4nde, Wiesbaden<\/p><p class=\"beschreibung\" itemprop=\"description\">At the bicycle festival for the finale of the STADTRADELN in Wiesbaden, we offer an information stand and bicycle coding.<br\/><a href=\"https:\/\/www.adfc-wiesbaden.de\/en\/service\/codierung\/\" target=\"_blank\">More information<\/a><\/p>\n\n<\/div>\n<div class=\"veranstaltung\"  itemscope=\"itemscope\" itemtype=\"http:\/\/schema.org\/Event\">\n<h3 itemprop=\"name\">Bicycle exchange with coding<\/h3>\n<!--20260905T100000 - 20260905T150000-->\n<meta itemprop=\"startDate\" content=\"2026-09-05T10:00:00+0200\"><meta itemprop=\"endDate\" content=\"2026-09-05T15:00:00+0200\">\n<p class=\"datum\"><span class=\"start\">Sa.\u00a005.09.2026 10:00<\/span> \uff0d <span class=\"ende\">15:00<\/span>, <span class=\"kategorie\">web_general, web_b\u00f6rse, web_coding<\/span><\/p> <p class=\"ort\" itemprop=\"location\" itemscope=\"itemscope\" itemtype=\"http:\/\/schema.org\/Place\">Flea market in the cultural park at the slaughterhouse<\/p><p class=\"beschreibung\" itemprop=\"description\">Used bicycles and bicycle parts can be bought and sold, from private to private. For sellers: just come, look for space, attach price tags. For buyers: just come, choose, test drive, trade. In addition, we offer an information stand and bicycle codes.<br\/><a href=\"https:\/\/www.adfc-wiesbaden.de\/en\/service\/fahrradboersen\/\" target=\"_blank\">More information<\/a><\/p>\n\n<\/div>\n<p>4 events found<\/p>\n<\/div>\n<!--Ende Veranstaltungsliste-->\n    <\/div>\n<\/div>\n<!-- \/module plain text -->        <\/div>\n                        <\/div>\n        <\/div>\n        <\/div>\n<!--\/themify_builder_content-->","protected":false},"excerpt":{"rendered":"<p>The ADFC Wiesbaden regularly offers bicycle coding. Here we explain what the coding is and why it makes sense to have your bike coded.<\/p>","protected":false},"author":50,"featured_media":70201,"parent":69773,"menu_order":0,"comment_status":"closed","ping_status":"closed","template":"","meta":{"footnotes":""},"tags":[765],"class_list":["post-69523","page","type-page","status-publish","has-post-thumbnail","hentry","tag-codierung","has-post-title","has-post-date","has-post-category","has-post-tag","has-post-comment","has-post-author",""],"builder_content":"<img src=\"https:\/\/www.adfc-wiesbaden.de\/wp-content\/uploads\/2026\/04\/2025-fahrrad-codierung_ok.jpg\" title=\"Nadel-Codierger\u00e4t bei der Fahrrad-Codierung\" alt=\"Nadel-Codierger\u00e4t bei der Fahrrad-Codierung\" srcset=\"https:\/\/www.adfc-wiesbaden.de\/wp-content\/uploads\/2026\/04\/2025-fahrrad-codierung_ok.jpg 1920w, https:\/\/www.adfc-wiesbaden.de\/wp-content\/uploads\/2026\/04\/2025-fahrrad-codierung_ok-700x467.jpg 700w, https:\/\/www.adfc-wiesbaden.de\/wp-content\/uploads\/2026\/04\/2025-fahrrad-codierung_ok-1400x933.jpg 1400w, https:\/\/www.adfc-wiesbaden.de\/wp-content\/uploads\/2026\/04\/2025-fahrrad-codierung_ok-200x133.jpg 200w, https:\/\/www.adfc-wiesbaden.de\/wp-content\/uploads\/2026\/04\/2025-fahrrad-codierung_ok-768x512.jpg 768w, https:\/\/www.adfc-wiesbaden.de\/wp-content\/uploads\/2026\/04\/2025-fahrrad-codierung_ok-1536x1024.jpg 1536w, https:\/\/www.adfc-wiesbaden.de\/wp-content\/uploads\/2026\/04\/2025-fahrrad-codierung_ok-18x12.jpg 18w\" sizes=\"(max-width: 1920px) 100vw, 1920px\" \/> <h3> Nadel-Codierger\u00e4t bei der Fahrrad-Codierung <\/h3>\n<h1>Fahrrad-Codierung<\/h1> <p><strong>Der ADFC Wiesbaden bietet regelm\u00e4\u00dfig Fahrradcodierungen an. Hier erkl\u00e4ren wir, was die Codierung ist und warum es sinnvoll ist, sein Fahrrad codieren zu lassen.<\/strong><\/p>\n<h6>Was ist eine Fahrradcodierung?<\/h6> <p>Fahrradcodierung ist ein von der Polizei entwickeltes und bundesweit angewandtes System, um sein Eigentum vor Verlust zu sch\u00fctzen. Ein Code, bestehend aus der verschl\u00fcsselten Adresse und den Initialen des Eigent\u00fcmers, wird in den Fahrradrahmen deutlich sichtbar eingraviert und gegen Korrosion versiegelt. Diesen Code wieder zu entfernen bedarf eines gr\u00f6\u00dferen Aufwandes.<\/p> <h6>Wieso sollte man sein Fahrrad codieren lassen?<\/h6> <p>Wer sein Fahrrad codieren l\u00e4sst, macht Langfingern das Leben schwer. Denn ohne Eigentumsnachweis kommen sie mit dem zweir\u00e4drigen Diebesgut nicht weit: Die Codierung zeigt sofort, wer der Eigent\u00fcmer des geklauten Rads ist. Die Codierung erschwert also mehr als nur den Weiterverkauf, insbesondere den \u00fcber Flohm\u00e4rkte oder via Internet.<\/p> <p>Der Verkaufswert des Diebesguts sinkt erheblich, w\u00e4hrend der Grad der Abschreckung und die Hemmschwelle f\u00fcr potenzielle Diebe steigt. Eine Codierung kann, wie die bisherige Erfahrung lehrt, die Zahl der Diebst\u00e4hle also deutlich senken und die Aufkl\u00e4rungsquote erh\u00f6hen.<\/p> <h6>Wo und wann kann ich mein Fahrrad codieren lassen?<\/h6> <p>Der ADFC Wiesbaden \/ Rheingau-Taunus bietet in der Regel bei den Fahrradb\u00f6rsen die Fahrradcodierung an. Alle kommenden Codiertermine finden Sie unten auf dieser Seite.<\/p> <p>Bei unserem Kooperationspartner \"DER RADLER\" kann man von April bis Oktober\u00a0jeweils am 1. Samstag des Monats sein Fahrrad nach Voranmeldung codieren lassen. Kontakt: 0611 98819555, der-radler\u200d@bauhaus-wiesbaden.de<br><br>Hier finden Sie einen <a href=\"\/wp-content\/uploads\/2025\/02\/2022er_Codierauftrag-vom-Bundesverband-1.pdf\">Vordruck Codierauftrag<\/a>, den Sie zweifach und vorausgef\u00fcllt mitbringen und damit Ihre Wartezeit verk\u00fcrzen k\u00f6nnen.<\/p> <h6>Was kostet es, mein Fahrrad codieren zu lassen?<\/h6> <p>Die Preise f\u00fcr das Codieren sind wie folgt:<br>10,\u2013 EUR f\u00fcr ADFC-Mitglieder (gegen Ausweis)<br>15,\u2013 EUR f\u00fcr Nicht-Mitglieder.<\/p> <p>Eine separate Codierung von Pedelec-Akkus ist m\u00f6glich und wird mit 5 EUR extra berechnet.<\/p> <p>Codiert wird mit einem Nagelpr\u00e4ger, der einem Nadeldrucker \u00e4hnelt, nur dass er auf Metall und nicht auf Papier schreibt.<\/p> <p>R\u00e4der mit Carbon-Rahmen und Leasingr\u00e4der k\u00f6nnen wir leider nicht codieren.<\/p>\n<p>[themify_layout_part id=\"70491\"]<\/p>\n<h3>\u00dcbersicht der n\u00e4chsten Codiertermine des ADFC Wiesbaden \/ Rheingau-Taunus<\/h3>\n[adfc_kalender_liste interval=\"6 month\" kategorie=\"web_codierung\"]","_links":{"self":[{"href":"https:\/\/www.adfc-wiesbaden.de\/en\/wp-json\/wp\/v2\/pages\/69523","targetHints":{"allow":["GET"]}}],"collection":[{"href":"https:\/\/www.adfc-wiesbaden.de\/en\/wp-json\/wp\/v2\/pages"}],"about":[{"href":"https:\/\/www.adfc-wiesbaden.de\/en\/wp-json\/wp\/v2\/types\/page"}],"author":[{"embeddable":true,"href":"https:\/\/www.adfc-wiesbaden.de\/en\/wp-json\/wp\/v2\/users\/50"}],"replies":[{"embeddable":true,"href":"https:\/\/www.adfc-wiesbaden.de\/en\/wp-json\/wp\/v2\/comments?post=69523"}],"version-history":[{"count":71,"href":"https:\/\/www.adfc-wiesbaden.de\/en\/wp-json\/wp\/v2\/pages\/69523\/revisions"}],"predecessor-version":[{"id":77182,"href":"https:\/\/www.adfc-wiesbaden.de\/en\/wp-json\/wp\/v2\/pages\/69523\/revisions\/77182"}],"up":[{"embeddable":true,"href":"https:\/\/www.adfc-wiesbaden.de\/en\/wp-json\/wp\/v2\/pages\/69773"}],"wp:featuredmedia":[{"embeddable":true,"href":"https:\/\/www.adfc-wiesbaden.de\/en\/wp-json\/wp\/v2\/media\/70201"}],"wp:attachment":[{"href":"https:\/\/www.adfc-wiesbaden.de\/en\/wp-json\/wp\/v2\/media?parent=69523"}],"wp:term":[{"taxonomy":"post_tag","embeddable":true,"href":"https:\/\/www.adfc-wiesbaden.de\/en\/wp-json\/wp\/v2\/tags?post=69523"}],"curies":[{"name":"wp","href":"https:\/\/api.w.org\/{rel}","templated":true}]}}