{"id":69543,"date":"2025-02-15T12:18:51","date_gmt":"2025-02-15T11:18:51","guid":{"rendered":"https:\/\/www2.adfc-wiesbaden.de\/?page_id=69543"},"modified":"2026-03-17T06:23:31","modified_gmt":"2026-03-17T05:23:31","slug":"fahrradboersen","status":"publish","type":"page","link":"https:\/\/www.adfc-wiesbaden.de\/en\/service\/fahrradboersen\/","title":{"rendered":"Bicycle exchanges"},"content":{"rendered":"<!--themify_builder_content-->\n<div id=\"themify_builder_content-69543\" data-postid=\"69543\" class=\"themify_builder_content themify_builder_content-69543 themify_builder tf_clear\">\n                    <div  data-lazy=\"1\" class=\"module_row themify_builder_row tb_vykx741 tb_first tf_w\">\n                        <div class=\"row_inner col_align_top tb_col_count_1 tf_box tf_rel\">\n                        <div  data-lazy=\"1\" class=\"module_column tb-column col-full tb_w16r741 first\">\n                    <!-- module image -->\n<div  class=\"module module-image tb_jgt2741 image-top   tf_mw tb_gs2677162d\" data-lazy=\"1\">\n        <div class=\"image-wrap tf_rel tf_mw\">\n            <img decoding=\"async\" src=\"\/wp-content\/uploads\/2025\/03\/2025-03-10_5923-scaled.jpg\" title=\"Bicycle exchanges\" alt=\"Bicycle exchanges\">    \n        <\/div>\n    <!-- \/image-wrap -->\n    \n        <\/div>\n<!-- \/module image -->        <div  data-lazy=\"1\" class=\"module_subrow themify_builder_sub_row tf_w col_align_top tb_col_count_3 tb_9ml0741\">\n                <div  data-lazy=\"1\" class=\"module_column sub_column col3-1 tb_edyg741 first\">\n                    <!-- module image -->\n<div  class=\"module module-image tb_yins878 image-center   tf_mw\" data-lazy=\"1\">\n        <div class=\"image-wrap tf_rel tf_mw\">\n            <img decoding=\"async\" src=\"\/wp-content\/uploads\/2025\/02\/Dreieck_Orange.png\" width=\"44\" title=\"Bicycle exchanges\" alt=\"Bicycle exchanges\">    \n        <\/div>\n    <!-- \/image-wrap -->\n    \n        <\/div>\n<!-- \/module image -->        <\/div>\n                    <div  data-lazy=\"1\" class=\"module_column sub_column col3-1 tb_fdtf741\">\n                            <\/div>\n                    <div  data-lazy=\"1\" class=\"module_column sub_column col3-1 tb_cops741 last\">\n                            <\/div>\n                    <\/div>\n        <!-- module plain text -->\n<div  class=\"module module-plain-text tb_n012741 bild_header_h1 adfc_orange tb_gs4151609\" data-lazy=\"1\">\n        <div class=\"tb_text_wrap\">\n    <span style=\"font-size:28px;line-height:34px\"> Bicycle Exchange at the Slaughterhouse<\/span><span style=\"float:right;font-size:14px;line-height:34px;margin-right:5px\">\u00a9 Oliver Kessler<\/span>    <\/div>\n<\/div>\n<!-- \/module plain text --><!-- module text -->\n<div  class=\"module module-text tb_h5jh260    tb_gs678604\" data-lazy=\"1\">\n        <div  class=\"tb_text_wrap\">\n        <h1>ADFC Bike Exchange<\/h1>\n<p>On the grounds of the cultural park at the slaughterhouse, three <a href=\"https:\/\/www.adfc-wiesbaden.de\/en\/2026\/02\/veranstaltungen\/fahrradboersen-termine-2026\/\">Dates in 2026<\/a> the Wiesbaden Bicycle Exchange parallel to the Schlachthof Flea Market.<\/p>\n<p>In addition, we usually offer an information stand from the ADFC and <a href=\"https:\/\/www.adfc-wiesbaden.de\/en\/service\/codierung\/\">Bicycle codes<\/a> to.\u00a0<\/p>\n<p>For the exclusively private sellers, there are no fees at the bicycle exchange and no registration is necessary. Just bring your bike, find a place and attach a price tag.\u00a0<br \/>Buyers can easily come, look for suitable wheels, test drive and trade. We have information and Blanco sales contracts at our ADFC information stand.<\/p>\n<p>For the slaughterhouse flea market, the conditions of the organizer apply, which are <a href=\"https:\/\/schlachthof-wiesbaden.de\/suche\/flohmarkt\">Slaughterhouse flea market<\/a> can be found in the respective date. Fees and registration are usually required here!<\/p>\n<p>The bicycle exchanges take place from 10 a.m. to 2 p.m. on the Bouleplatz on Murnaustra\u00dfe.<\/p>    <\/div>\n<\/div>\n<!-- \/module text --><!-- module box -->\n<div  class=\"module module-box tb_fxs5446\" data-lazy=\"1\">\n    <div class=\"module-box-content ui  tb_default_color\">\n                <div class=\"tb_text_wrap\"><p>Here you can find a report on the first bicycle exchange at the slaughterhouse:<br \/>\n<article class=\"menu_as_tiles_post post\"><div class=\"menu_as_tiles_image\"><a href=\"\/en\/fahrradboerse-erstmals-am-schlachthof-ein-kurzer-rueckblick\/\"><img decoding=\"async\" src=\"https:\/\/www.adfc-wiesbaden.de\/wp-content\/uploads\/2025\/04\/Fahrradboerse_Infostand_mitmachen_2025_4_3-700x525.jpg\" class=\"menu_as_tiles_image\" width=\"300\" srcset=\"https:\/\/www.adfc-wiesbaden.de\/wp-content\/uploads\/2025\/04\/Fahrradboerse_Infostand_mitmachen_2025_4_3-700x525.jpg 700w, https:\/\/www.adfc-wiesbaden.de\/wp-content\/uploads\/2025\/04\/Fahrradboerse_Infostand_mitmachen_2025_4_3-1400x1050.jpg 1400w, https:\/\/www.adfc-wiesbaden.de\/wp-content\/uploads\/2025\/04\/Fahrradboerse_Infostand_mitmachen_2025_4_3-200x150.jpg 200w, https:\/\/www.adfc-wiesbaden.de\/wp-content\/uploads\/2025\/04\/Fahrradboerse_Infostand_mitmachen_2025_4_3-768x576.jpg 768w, https:\/\/www.adfc-wiesbaden.de\/wp-content\/uploads\/2025\/04\/Fahrradboerse_Infostand_mitmachen_2025_4_3-1536x1152.jpg 1536w, https:\/\/www.adfc-wiesbaden.de\/wp-content\/uploads\/2025\/04\/Fahrradboerse_Infostand_mitmachen_2025_4_3-2048x1536.jpg 2048w\" sizes=\"auto, (max-width: 700px) 100vw, 700px\" loading=\"lazy\" \/><\/a><\/div><div class=\"menu_as_tiles_date\">21.04.2025<\/div><h3 class=\"menu_as_tiles_title\">Bicycle Exchange at the Slaughterhouse for the First Time: A Brief Review<\/h3><div class=\"menu_as_tiles_details\">  <span class=\"menu_as_tiles_excerpt\">The bicycle fair took place for the first time at the slaughterhouse together with the slaughterhouse flea market. The first experiences were consistently positive. <\/span><\/div><div class=\"menu_as_tiles_button\"><a href=\"\/en\/fahrradboerse-erstmals-am-schlachthof-ein-kurzer-rueckblick\/\">Read more<\/a><\/div><div class=\"menu_as_tiles_tag_category_container\"> <div class=\"menu_as_tiles_tag\"><a href=\"\/en\/tag\/codierung\/\">encoding<\/a><\/div> <div class=\"menu_as_tiles_tag\"><a href=\"\/en\/tag\/fahrradboerse\/\">Bicycle exchange<\/a><\/div> <div class=\"menu_as_tiles_tag\"><a href=\"\/en\/tag\/veranstaltung\/\">event<\/a><\/div><\/div><\/article>\n<\/p><\/div>\n    <\/div>\n<\/div>\n<!-- \/module box -->\n<!-- module gallery -->\n<div  class=\"module gallery module-gallery tb_p6ig803 layout-grid\" data-lazy=\"1\">\n    <div class=\"module-gallery-grid\" style=\"--gald:4;--galt:4;--galm:4\">\n            <dl class=\"gallery-item\">\n            <dt class=\"gallery-icon\">\n            <a data-title=\"\" title=\"Many bicycles at the bicycle exchange | \u00a9 Oliver Kessler\" href=\"https:\/\/www.adfc-wiesbaden.de\/wp-content\/uploads\/2025\/04\/2025-04-05_7097-scaled.jpg\" data-rel=\"tb_p6ig803\" class=\"themify_lightbox\"><img loading=\"lazy\" decoding=\"async\" src=\"https:\/\/www.adfc-wiesbaden.de\/wp-content\/uploads\/2025\/04\/2025-04-05_7097-1400x934-300x200.jpg\" width=\"300\" height=\"200\" class=\"wp-post-image wp-image-72145\" title=\"2025 Bike Exchange at the Slaughterhouse\" alt=\"Bicycle exchange with various bicycles and information stand in the background\" srcset=\"https:\/\/www.adfc-wiesbaden.de\/wp-content\/uploads\/2025\/04\/2025-04-05_7097-1400x934-300x200.jpg 300w, https:\/\/www.adfc-wiesbaden.de\/wp-content\/uploads\/2025\/04\/2025-04-05_7097-700x467.jpg 700w, https:\/\/www.adfc-wiesbaden.de\/wp-content\/uploads\/2025\/04\/2025-04-05_7097-1400x934.jpg 1400w, https:\/\/www.adfc-wiesbaden.de\/wp-content\/uploads\/2025\/04\/2025-04-05_7097-200x133.jpg 200w, https:\/\/www.adfc-wiesbaden.de\/wp-content\/uploads\/2025\/04\/2025-04-05_7097-768x512.jpg 768w, https:\/\/www.adfc-wiesbaden.de\/wp-content\/uploads\/2025\/04\/2025-04-05_7097-1536x1024.jpg 1536w, https:\/\/www.adfc-wiesbaden.de\/wp-content\/uploads\/2025\/04\/2025-04-05_7097-2048x1366.jpg 2048w\" sizes=\"auto, (max-width: 300px) 100vw, 300px\" \/><\/a>            <\/dt>\n             \n                <dd class=\"wp-caption-text gallery-caption\">\n                                                                <span class=\"themify_image_caption\">Many bicycles at the bicycle exchange | \u00a9 Oliver Kessler<\/span>\n                                    <\/dd>\n                    <\/dl>\n            <dl class=\"gallery-item\">\n            <dt class=\"gallery-icon\">\n            <a data-title=\"\" title=\"Bicycle parts and accessories | \u00a9 Oliver Kessler\" href=\"https:\/\/www.adfc-wiesbaden.de\/wp-content\/uploads\/2025\/04\/2025-04-05_7100-scaled.jpg\" data-rel=\"tb_p6ig803\" class=\"themify_lightbox\"><img loading=\"lazy\" decoding=\"async\" src=\"https:\/\/www.adfc-wiesbaden.de\/wp-content\/uploads\/2025\/04\/2025-04-05_7100-1400x934-300x200.jpg\" width=\"300\" height=\"200\" class=\"wp-post-image wp-image-72144\" title=\"2025 _Bicycle Exchange _Accessories\" alt=\"Miscellaneous accessories and parts for bicycles\" srcset=\"https:\/\/www.adfc-wiesbaden.de\/wp-content\/uploads\/2025\/04\/2025-04-05_7100-1400x934-300x200.jpg 300w, https:\/\/www.adfc-wiesbaden.de\/wp-content\/uploads\/2025\/04\/2025-04-05_7100-700x467.jpg 700w, https:\/\/www.adfc-wiesbaden.de\/wp-content\/uploads\/2025\/04\/2025-04-05_7100-1400x934.jpg 1400w, https:\/\/www.adfc-wiesbaden.de\/wp-content\/uploads\/2025\/04\/2025-04-05_7100-200x133.jpg 200w, https:\/\/www.adfc-wiesbaden.de\/wp-content\/uploads\/2025\/04\/2025-04-05_7100-768x512.jpg 768w, https:\/\/www.adfc-wiesbaden.de\/wp-content\/uploads\/2025\/04\/2025-04-05_7100-1536x1024.jpg 1536w, https:\/\/www.adfc-wiesbaden.de\/wp-content\/uploads\/2025\/04\/2025-04-05_7100-2048x1366.jpg 2048w\" sizes=\"auto, (max-width: 300px) 100vw, 300px\" \/><\/a>            <\/dt>\n             \n                <dd class=\"wp-caption-text gallery-caption\">\n                                                                <span class=\"themify_image_caption\">Bicycle parts and accessories | \u00a9 Oliver Kessler<\/span>\n                                    <\/dd>\n                    <\/dl>\n            <dl class=\"gallery-item\">\n            <dt class=\"gallery-icon\">\n            <a data-title=\"\" title=\"Lilja am Schlachthof 2025 | \u00a9 Oliver Kessler\" href=\"https:\/\/www.adfc-wiesbaden.de\/wp-content\/uploads\/2025\/04\/2025-04-05_7207-scaled.jpg\" data-rel=\"tb_p6ig803\" class=\"themify_lightbox\"><img loading=\"lazy\" decoding=\"async\" src=\"https:\/\/www.adfc-wiesbaden.de\/wp-content\/uploads\/2025\/04\/2025-04-05_7207-1400x933-300x200.jpg\" width=\"300\" height=\"200\" class=\"wp-post-image wp-image-72140\" title=\"2025 _Lilja _Slaughterhouse\" alt=\"2025 _Lilja _Slaughterhouse\" srcset=\"https:\/\/www.adfc-wiesbaden.de\/wp-content\/uploads\/2025\/04\/2025-04-05_7207-1400x933-300x200.jpg 300w, https:\/\/www.adfc-wiesbaden.de\/wp-content\/uploads\/2025\/04\/2025-04-05_7207-700x467.jpg 700w, https:\/\/www.adfc-wiesbaden.de\/wp-content\/uploads\/2025\/04\/2025-04-05_7207-1400x933.jpg 1400w, https:\/\/www.adfc-wiesbaden.de\/wp-content\/uploads\/2025\/04\/2025-04-05_7207-200x133.jpg 200w, https:\/\/www.adfc-wiesbaden.de\/wp-content\/uploads\/2025\/04\/2025-04-05_7207-768x512.jpg 768w, https:\/\/www.adfc-wiesbaden.de\/wp-content\/uploads\/2025\/04\/2025-04-05_7207-1536x1024.jpg 1536w, https:\/\/www.adfc-wiesbaden.de\/wp-content\/uploads\/2025\/04\/2025-04-05_7207-2048x1365.jpg 2048w\" sizes=\"auto, (max-width: 300px) 100vw, 300px\" \/><\/a>            <\/dt>\n             \n                <dd class=\"wp-caption-text gallery-caption\">\n                                                                <span class=\"themify_image_caption\">Lilja am Schlachthof 2025 | \u00a9 Oliver Kessler<\/span>\n                                    <\/dd>\n                    <\/dl>\n            <dl class=\"gallery-item\">\n            <dt class=\"gallery-icon\">\n            <a data-title=\"\" title=\"ADFC Infostand | \u00a9 Oliver Kessler\" href=\"https:\/\/www.adfc-wiesbaden.de\/wp-content\/uploads\/2025\/04\/Fahrradboerse_Infostand_2025_4_3-scaled.jpg\" data-rel=\"tb_p6ig803\" class=\"themify_lightbox\"><img loading=\"lazy\" decoding=\"async\" src=\"https:\/\/www.adfc-wiesbaden.de\/wp-content\/uploads\/2025\/04\/Fahrradboerse_Infostand_2025_4_3-1400x1050-300x200.jpg\" width=\"300\" height=\"200\" class=\"wp-post-image wp-image-72148\" title=\"Bicycle exchange _Infostand _2025 _4 _3\" alt=\"ADFC information stand with interested guests\"><\/a>            <\/dt>\n             \n                <dd class=\"wp-caption-text gallery-caption\">\n                                                                <span class=\"themify_image_caption\">ADFC Infostand | \u00a9 Oliver Kessler<\/span>\n                                    <\/dd>\n                    <\/dl>\n    <\/div>\n<\/div>\n<!-- \/module gallery --><!-- module image -->\n<div  class=\"module module-image tb_oqql342 image-top   tf_mw tb_gs2677162d\" data-lazy=\"1\">\n        <div class=\"image-wrap tf_rel tf_mw\">\n            <a href=\"https:\/\/schlachthof-wiesbaden.de\/suche\/flohmarkt\">\n                   <img decoding=\"async\" src=\"\/wp-content\/uploads\/2025\/02\/Schlachthof_Flohmarkt.jpg\" title=\"\u00a9 Culture in the park\" alt=\"\u00a9 Culture in the park\">        <\/a>\n    \n        <\/div>\n    <!-- \/image-wrap -->\n    \n        <div class=\"image-content\">\n                    <h3 class=\"image-title\">\n                                    <a href=\"https:\/\/schlachthof-wiesbaden.de\/suche\/flohmarkt\">\n                        \u00a9 Culture in the park                    <\/a>\n                            <\/h3>\n                    <\/div>\n    <!-- \/image-content -->\n        <\/div>\n<!-- \/module image -->        <\/div>\n                        <\/div>\n        <\/div>\n        <\/div>\n<!--\/themify_builder_content-->","protected":false},"excerpt":{"rendered":"<p>Bicycle exchanges for private purchase and sale of used bicycles &amp; accessories<\/p>","protected":false},"author":50,"featured_media":71289,"parent":69773,"menu_order":0,"comment_status":"closed","ping_status":"closed","template":"","meta":{"footnotes":""},"tags":[765,853,847,848],"class_list":["post-69543","page","type-page","status-publish","has-post-thumbnail","hentry","tag-codierung","tag-fahrradboerse","tag-flohmarkt","tag-kultur-im-park","has-post-title","has-post-date","has-post-category","has-post-tag","has-post-comment","has-post-author",""],"builder_content":"<img src=\"\/wp-content\/uploads\/2025\/03\/2025-03-10_5923-scaled.jpg\" title=\"Fahrradb\u00f6rsen\" alt=\"Fahrradb\u00f6rsen\">\n<img src=\"\/wp-content\/uploads\/2025\/02\/Dreieck_Orange.png\" width=\"44\" title=\"Fahrradb\u00f6rsen\" alt=\"Fahrradb\u00f6rsen\">\nFahrradb\u00f6rse am Schlachthof&copy; Oliver Kessler\n<h1>ADFC-Fahrradb\u00f6rse<\/h1> <p>Auf dem Gel\u00e4nde des Kulturparks am Schlachthof findet an drei <a href=\"https:\/\/www.adfc-wiesbaden.de\/2026\/02\/veranstaltungen\/fahrradboersen-termine-2026\/\">Terminen in 2026<\/a> die Wiesbadener Fahrradb\u00f6rse parallel zum Schlachthof-Flohmarkt statt.<\/p> <p>Zus\u00e4tzlich bieten wir vom ADFC in der Regel einen Infostand und <a href=\"https:\/\/www.adfc-wiesbaden.de\/service\/codierung\/\">Fahrradcodierungen<\/a> an.\u00a0<\/p> <p>F\u00fcr die ausschlie\u00dflich privaten Verk\u00e4ufer:innen gibt es bei der Fahrradb\u00f6rse keine Geb\u00fchren und es ist keine Anmeldung notwendig. Einfach Fahrrad mitbringen, einen Platz suchen und Preisschild anbringen.\u00a0<br \/>K\u00e4ufer:innen k\u00f6nnen einfach kommen, nach geeigneten R\u00e4dern suchen, Probefahren und handeln. Informationen und Blanco-Kaufvertr\u00e4ge haben wir an unserem Infostand des ADFC.<\/p> <p>F\u00fcr den Schlachthof Flohmarkt gelten die Bedingungen des Veranstalters, die unter <a href=\"https:\/\/schlachthof-wiesbaden.de\/suche\/flohmarkt\">Schlachthof Flohmarkt<\/a> im jeweiligen Termin zu finden sind. Hier sind in der Regel Geb\u00fchren und Anmeldung erforderlich!<\/p> <p>Die Fahrradb\u00f6rsen finden von 10 bis 14 Uhr auf dem Bouleplatz an der Murnaustra\u00dfe statt.<\/p>\n<p>Hier findet ihr einen Bericht zur ersten Fahrradb\u00f6rse am Schlachthof:<br \/>[mat_show_tile postid=\"72248\"]<\/p>\n[gallery ids=\"72145,72144,72140,72148\"]\n<a href=\"https:\/\/schlachthof-wiesbaden.de\/suche\/flohmarkt\"> <img src=\"\/wp-content\/uploads\/2025\/02\/Schlachthof_Flohmarkt.jpg\" title=\"&copy; Kultur im Park\" alt=\"&copy; Kultur im Park\"> <\/a> <h3> <a href=\"https:\/\/schlachthof-wiesbaden.de\/suche\/flohmarkt\"> &copy; Kultur im Park <\/a> <\/h3>","_links":{"self":[{"href":"https:\/\/www.adfc-wiesbaden.de\/en\/wp-json\/wp\/v2\/pages\/69543","targetHints":{"allow":["GET"]}}],"collection":[{"href":"https:\/\/www.adfc-wiesbaden.de\/en\/wp-json\/wp\/v2\/pages"}],"about":[{"href":"https:\/\/www.adfc-wiesbaden.de\/en\/wp-json\/wp\/v2\/types\/page"}],"author":[{"embeddable":true,"href":"https:\/\/www.adfc-wiesbaden.de\/en\/wp-json\/wp\/v2\/users\/50"}],"replies":[{"embeddable":true,"href":"https:\/\/www.adfc-wiesbaden.de\/en\/wp-json\/wp\/v2\/comments?post=69543"}],"version-history":[{"count":72,"href":"https:\/\/www.adfc-wiesbaden.de\/en\/wp-json\/wp\/v2\/pages\/69543\/revisions"}],"predecessor-version":[{"id":75648,"href":"https:\/\/www.adfc-wiesbaden.de\/en\/wp-json\/wp\/v2\/pages\/69543\/revisions\/75648"}],"up":[{"embeddable":true,"href":"https:\/\/www.adfc-wiesbaden.de\/en\/wp-json\/wp\/v2\/pages\/69773"}],"wp:featuredmedia":[{"embeddable":true,"href":"https:\/\/www.adfc-wiesbaden.de\/en\/wp-json\/wp\/v2\/media\/71289"}],"wp:attachment":[{"href":"https:\/\/www.adfc-wiesbaden.de\/en\/wp-json\/wp\/v2\/media?parent=69543"}],"wp:term":[{"taxonomy":"post_tag","embeddable":true,"href":"https:\/\/www.adfc-wiesbaden.de\/en\/wp-json\/wp\/v2\/tags?post=69543"}],"curies":[{"name":"wp","href":"https:\/\/api.w.org\/{rel}","templated":true}]}}