{"id":69709,"date":"2025-02-16T16:16:13","date_gmt":"2025-02-16T15:16:13","guid":{"rendered":"https:\/\/www2.adfc-wiesbaden.de\/?page_id=69709"},"modified":"2026-05-01T20:28:01","modified_gmt":"2026-05-01T18:28:01","slug":"datenschutzerklaerung","status":"publish","type":"page","link":"https:\/\/www.adfc-wiesbaden.de\/en\/ueber-uns\/datenschutzerklaerung\/","title":{"rendered":"Privacy policy"},"content":{"rendered":"<!--themify_builder_content-->\n<div id=\"themify_builder_content-69709\" data-postid=\"69709\" class=\"themify_builder_content themify_builder_content-69709 themify_builder tf_clear\">\n                    <div  data-lazy=\"1\" class=\"module_row themify_builder_row tb_xq28284 tb_first tf_w\">\n                        <div class=\"row_inner col_align_top tb_col_count_1 tf_box tf_rel\">\n                        <div  data-lazy=\"1\" class=\"module_column tb-column col-full tb_8svc284 first\">\n                    <!-- module text -->\n<div  class=\"module module-text tb_62yw31    tb_gs678604\" data-lazy=\"1\">\n        <div  class=\"tb_text_wrap\">\n        <h1>Privacy policy<\/h1>\n<h2>Information about the person responsible<\/h2>\n<p>ADFC Wiesbaden\/Rheingau-Taunus e.V.<br \/>Goebenstra\u00dfe 1<br \/>65195 Wiesbaden<br \/><a href=\"\/en\/&\/#109;a&#x69;l&#x74;o&#x3a;&#105;&#x6e;&#102;&#x6f;&#64;a&#x64;f&#x63;-&#x77;&#105;&#x65;&#115;&#x62;&#97;&#x64;&#101;n&#x2e;d&#x65;\">info@adfc-wiesbaden.de<\/a><\/p>\n<p>If you have any questions about data protection, please contact us at the e-mail address or postal address provided above.<\/p>\n<h2>Processing of your personal data - purposes and legal bases<\/h2>\n<h2>Data processing when using our association website:<\/h2>\n<h3>a) Log files<\/h3>\n<p>The use of our association website is possible without you actively entering personal data. However, every time you use our association website, log files are recorded on the servers provided by ADFC Hessen e.V.. In the log files, the provider of the pages automatically collects and stores information that your browser automatically transmits to the provider of the pages. These are:<\/p>\n<ul>\n<li>fixed or dynamic IP address of the calling user,<\/li>\n<li>pages accessed,<\/li>\n<li>Browser type\/browser version,<\/li>\n<li>referrer addresses (URL),<\/li>\n<li>operating system used,<\/li>\n<li>hostname of the accessing computer,<\/li>\n<li>Access date and access time.<\/li>\n<\/ul>\n<p>The ADFC Hessen e.V. can retrieve this data. The data contained in the log files are used exclusively for statistical purposes. An identification of the user does not take place, unless required by law. For us, the data cannot be assigned to specific persons. We reserve the right to inspect and check this data if we become aware of concrete indications of illegal use of the association website. The legal basis is a legitimate interest pursuant to Art. 6 (1) sentence 1 lit. b) GDPR in being able to detect and defend against unlawful use or attacks.<\/p>\n<h3>b) Access data \/ server log files<\/h3>\n<p>Our web space provider collects data about each access to the offer (so-called server log files). Access data includes:<\/p>\n<ul>\n<li>the name of the website accessed,<\/li>\n<li>file,<\/li>\n<li>Date and time of retrieval<\/li>\n<li>Amount of data transferred<\/li>\n<li>Notification of successful retrieval<\/li>\n<li>Browser type and version<\/li>\n<li>the user's operating system<\/li>\n<li>Referrer URL (the previously visited page)<\/li>\n<li>IP address and<\/li>\n<li>the requesting provider<\/li>\n<\/ul>\n<p>We use the log data only for statistical evaluations for the purpose of operation, security and optimisation of the offer. However, we reserve the right to subsequently check the log data if there is a justified suspicion of unlawful use on the basis of concrete indications.<\/p>\n<h3>c) Use of cookies<\/h3>\n<p>Cookies are small text files that are stored on your device by your browser. We deliberately refrain from the use of analysis, marketing or tracking cookies as well as third-party cookies. The cookies we use are purely functional and strictly necessary to ensure the operation, security and basic functions of our website (e.g. to store language settings, log-in status or to distribute the load of the servers).<\/p>\n<p>The legal basis is our legitimate interest in the technically error-free provision and optimised design of our website (Art. 6 (1) (f) GDPR).\u00a0<\/p>\n<p>You can set your browser so that you are informed about the setting of cookies, only allow cookies in individual cases or exclude the acceptance of cookies for certain cases or in general.<\/p>\n<h3>d) Newsletter<\/h3>\n<p>If you have subscribed to the newsletter on our association website, personal data will be collected, processed and used. Processed:<\/p>\n<ul>\n<li>First name, surname<\/li>\n<li>Your e-mail address<\/li>\n<li>residence<\/li>\n<\/ul>\n<p>We use your e-mail address to regularly send you the newsletter and to provide you with interesting information about the association. We use the information of the place of residence to provide you with locally relevant information. The legal basis for sending the newsletter is your consent (Article 6 (1) sentence 1 a) GDPR). This consent can be revoked at any time for the future. To do so, you can click on \"unsubscribe from the newsletter\" at the bottom of the newsletter e-mail or contact us at <a href=\"\/en\/ma&\/#105;&#108;&#116;&#111;&#x3a;&#x69;&#x6e;&#x66;&#x6f;&#64;a&#100;&#102;&#99;&#45;&#x77;&#x69;&#x65;&#x73;&#x62;ad&#101;&#110;&#46;&#100;&#x65;\">info@adfc-wiesbaden.de<\/a> writing.<\/p>\n<p>We use the Brevo dispatch tool to send the newsletter.<\/p>\n<h3>Photos and videos<\/h3>\n<p>Photos and videos about our association and events in which the association participates are recorded, stored and published for the purpose of informing our members or the public or for external presentation, e.g. on our website, in traditional or digital media.<\/p>\n<p>The recording, storage and publication of photos or videos generally takes place with the consent of the person concerned, i.e. the person who is photographed or filmed (Art. 6 (1) sentence 1 letter a) GDPR). This consent can be revoked at any time for the future.<\/p>\n<p>The recording, storage and publication of photos or videos is<strong>n certain cases possible without consent<\/strong>, if it is based on a legitimate interest of the ADFC Wiesbaden\/Rheingau-Taunus (Article 6(1)(f) GDPR). This is generally the case for photos or videos on which people appear only as a supplement, or for photos or videos of public events or events in which the people depicted have participated. The <strong>reasonable expectations<\/strong>\u00a0the persons concerned, whether they have to expect to be included in the respective context and that recordings will be published, shall be taken into account.<\/p>\n<p>You have the possibility to object to the use of a photo or video on which you can be seen in accordance with Article 21(1) GDPR. The association will check whether there are compelling legitimate grounds for processing that outweigh your interests, rights and freedoms. If not, the corresponding photo or video will be deleted.<\/p>\n<h3>Participant management<\/h3>\n<p>When you register for our events or participate in our activities, personal data is sometimes collected, processed and used. Processed depending on the type of event or activity:<\/p>\n<ul>\n<li>First name, surname<\/li>\n<li>Your e-mail address<\/li>\n<li>Place of residence with postal code<\/li>\n<li>Previous knowledge<\/li>\n<li>Account details and payment information<\/li>\n<li>Preferences for food (e.g. vegetarians)<\/li>\n<li>Bicycle data (e.g. manufacturer, frame number)<\/li>\n<\/ul>\n<p>We use this information to organize the event or activity. The legal basis is your consent (Article 6 (1) sentence 1 a) GDPR). This consent can be revoked at any time for the future. For this purpose, you can contact us at <a href=\"\/en\/&\/#x6d;a&#x69;&#108;t&#x6f;&#58;&#x69;&#110;f&#x6f;&#64;&#x61;&#100;f&#x63;&#45;&#x77;&#x69;e&#x73;&#98;a&#x64;&#101;&#x6e;&#46;d&#x65;\">info@adfc-wiesbaden.de<\/a> writing.<\/p>\n<h3>Data processing of member data<\/h3>\n<p>Membership data will be provided by<\/p>\n<p>General German Bicycle Club e.V. (ADFC (Berlin))<br \/>Room street 26\/27<br \/>10969 Berlin<br \/>Tel.: +49 30 2091498-0<br \/><a href=\"https:\/\/www.adfc.de\/datenschutz\">kontakt@adfc.de<\/a>\u00a0<\/p>\n<p>processed as responsible person.<\/p>\n<p>Member data will only be processed by ADFC Wiesbaden\/Rheingau-Taunus for the task assigned to it.<\/p>\n<p>The purpose for the processing of member data by the ADFC Wiesbaden\/Rheingau-Taunus is the pursuit of the purpose of the association, in particular the organization of events, the cooperation of members in project groups, the networking of members in groups of digital media such as \"Signal\", information about the association's activities, e.g. with a newsletter. The legal basis is membership of the association (Article 6(1)(b) GDPR) or a legitimate interest (Article 6(1)(f) GDPR).<\/p>\n<h2>Storage period<\/h2>\n<ul>\n<li>When using our association website, ADFC Hessen e.V. temporarily stores the IP addresses and log files for a maximum of 14 days.<\/li>\n<li>Most of the cookies we use are so-called \"session cookies\", which are automatically deleted at the end of your visit. Others remain stored on your device until you delete them manually or the storage period expires.<\/li>\n<li>Data that you have provided for the subscription to the newsletter (e.g. name, e-mail address) will be deleted as soon as you revoke your consent to the newsletter.<\/li>\n<li>Data collected for events or activities will be deleted no later than 2 years after the event, unless there are special reasons to store them longer.<\/li>\n<li>The ADFC at the federal level (Berlin) is responsible for the deletion of the member data.<\/li>\n<\/ul>\n<h2>Rights of data subjects<\/h2>\n<p>If we process personal data about you, you have the following data subject rights:<\/p>\n<ul>\n<li>a right to information about the processed data and to a copy,<\/li>\n<li>a right to rectification if we process incorrect data about you,<\/li>\n<li>a right to erasure, unless there are still exceptions to why we still store the data, e.g. retention obligations or limitation periods<\/li>\n<li>a right to restriction of processing,<\/li>\n<li>a right to withdraw consent to data processing at any time,<\/li>\n<li>a right to object to processing in the public or legitimate interest,<\/li>\n<li>a right to data portability,<\/li>\n<li>a right to lodge a complaint with a data protection supervisory authority if you find that we are not processing your data properly.<\/li>\n<\/ul>\n<p>The competent authority shall be:<\/p>\n<p><strong>for member data:<\/strong><br \/>Berlin Commissioner for Data Protection and Freedom of Information<br \/>Alt-Moabit 59-61, 10555 Berlin<br \/><a href=\"\/en\/&\/#x6d;&#x61;&#x69;&#x6c;&#x74;&#x6f;&#x3a;&#x6d;&#x61;&#x69;&#x6c;&#x62;&#x6f;&#x78;&#x40;&#x64;&#x61;&#x74;&#x65;&#x6e;&#x73;&#x63;&#x68;&#x75;&#x74;&#x7a;&#x2d;&#x62;&#x65;&#x72;&#x6c;&#x69;&#x6e;&#x2e;&#x64;&#x65;\">mailbox@datenschutz-berlin.de<\/a><\/p>\n<p><strong>for all other personal data:<\/strong><br \/>Hessian Commissioner for Data Protection and Freedom of Information<br \/>Wilhelmstra\u00dfe 7, 65185 Wiesbaden<br \/><a href=\"https:\/\/datenschutz.hessen.de\/kontakt\">https:\/\/datenschutz.hessen.de\/kontakt<\/a><\/p>    <\/div>\n<\/div>\n<!-- \/module text -->        <\/div>\n                        <\/div>\n        <\/div>\n                        <div  data-lazy=\"1\" class=\"module_row themify_builder_row tb_ztji159 tf_w\">\n                        <div class=\"row_inner col_align_top tb_col_count_1 tf_box tf_rel\">\n                        <div  data-lazy=\"1\" class=\"module_column tb-column col-full tb_q2mt159 first\">\n                            <\/div>\n                        <\/div>\n        <\/div>\n        <\/div>\n<!--\/themify_builder_content-->\n\n\n<p><\/p>","protected":false},"excerpt":{"rendered":"","protected":false},"author":50,"featured_media":0,"parent":69915,"menu_order":6,"comment_status":"closed","ping_status":"closed","template":"","meta":{"footnotes":""},"tags":[],"class_list":["post-69709","page","type-page","status-publish","hentry","has-post-title","has-post-date","has-post-category","has-post-tag","has-post-comment","has-post-author",""],"builder_content":"<h1>Datenschutzerkl\u00e4rung<\/h1> <h2>Angaben zum Verantwortlichen<\/h2> <p>ADFC Wiesbaden\/Rheingau-Taunus e.V.<br \/>Goebenstra\u00dfe 1<br \/>65195 Wiesbaden<br \/><a href=\"mailto:info@adfc-wiesbaden.de\">info@adfc-wiesbaden.de<\/a><\/p> <p>Bei Fragen zum Datenschutz stehen wir Ihnen unter der oben angegebenen E-Mail-Adresse oder postalischen Anschrift zur Verf\u00fcgung.<\/p> <h2>Verarbeitung Ihrer personenbezogenen Daten \u2013 Zwecke und Rechtsgrundlagen<\/h2> <h2>Datenverarbeitung bei Nutzung unserer Vereinswebsite:<\/h2> <h3>a) Logfiles<\/h3> <p>Die Nutzung unserer Vereinswebseite ist m\u00f6glich, ohne dass Sie aktiv personenbezogene Daten eingeben. Allerdings werden bei jeder Nutzung unserer Vereinswebseite auf den Servern, die vom ADFC Hessen e.V. bereitgestellt werden, Logfiles aufgezeichnet. In den Logfiles erhebt und speichert der Provider der Seiten automatisch Informationen, die Ihr Browser automatisch an den Provider der Seiten \u00fcbermittelt. Dies sind:<\/p> <ul> <li>feste bzw. dynamische IP-Adresse des aufrufenden Nutzers,<\/li> <li>aufgerufene Seiten,<\/li> <li>Browser-Typ\/Browserversion,<\/li> <li>Referrer-Adressen (URL),<\/li> <li>verwendetes Betriebssystem,<\/li> <li>Hostname des zugreifenden Rechners,<\/li> <li>Zugriffsdatum und Zugriffszeit.<\/li> <\/ul> <p>Der ADFC Hessen e.V. kann diese Daten abrufen. Die in den Logfiles enthaltenen Daten werden ausschlie\u00dflich zu statistischen Zwecken verwendet. Eine Identifizierung des Nutzers findet, sofern nicht gesetzlich vorgeschrieben, nicht statt. F\u00fcr uns sind die Daten nicht bestimmten Personen zuordenbar. Wir behalten uns vor, diese Daten einzusehen und zu pr\u00fcfen, wenn uns konkrete Anhaltspunkte f\u00fcr eine rechtswidrige Nutzung der Vereinswebsite bekannt werden. Rechtsgrundlage ist ein berechtigtes Interesse nach Art. 6 Abs. 1 S. 1 lit. b) DSGVO daran, eine rechtswidrige Nutzung oder Angriffe erkennen und abwehren zu k\u00f6nnen.<\/p> <h3>b) Zugriffsdaten\/ Server-Logfiles<\/h3> <p>Unser Webspace-Provider erhebt Daten \u00fcber jeden Zugriff auf das Angebot (so genannte Serverlogfiles). Zu den Zugriffsdaten geh\u00f6ren:<\/p> <ul> <li>Name der abgerufenen Webseite,<\/li> <li>Datei,<\/li> <li>Datum und Uhrzeit des Abrufs<\/li> <li>\u00fcbertragene Datenmenge<\/li> <li>Meldung \u00fcber erfolgreichen Abruf<\/li> <li>Browsertyp nebst Version<\/li> <li>das Betriebssystem des Nutzers<\/li> <li>Referrer URL (die zuvor besuchte Seite)<\/li> <li>IP-Adresse und<\/li> <li>der anfragende Provider<\/li> <\/ul> <p>Wir verwenden die Protokolldaten nur f\u00fcr statistische Auswertungen zum Zweck des Betriebs, der Sicherheit und der Optimierung des Angebotes. Wir behalten uns jedoch vor, die Protokolldaten nachtr\u00e4glich zu \u00fcberpr\u00fcfen, wenn aufgrund konkreter Anhaltspunkte der berechtigte Verdacht einer rechtswidrigen Nutzung besteht.<\/p> <h3>c) Verwendung von Cookies<\/h3> <p>Cookies sind kleine Textdateien, die durch Ihren Browser auf Ihrem Endger\u00e4t gespeichert werden. Wir verzichten bewusst auf den Einsatz von Analyse-, Marketing- oder Tracking-Cookies sowie auf Cookies von Drittanbietern. Die von uns eingesetzten Cookies sind rein funktionaler Natur und zwingend erforderlich, um den Betrieb, die Sicherheit und die grundlegenden Funktionen unserer Website zu gew\u00e4hrleisten (z. B. zur Speicherung von Spracheinstellungen, Log-in-Status oder zur Lastverteilung der Server).<\/p> <p>Rechtsgrundlage ist unser berechtigtes Interesse an der technisch fehlerfreien Bereitstellung und optimierten Gestaltung unserer Website (Art. 6 Abs. 1 lit. f DSGVO).\u00a0<\/p> <p>Sie k\u00f6nnen Ihren Browser so einstellen, dass Sie \u00fcber das Setzen von Cookies informiert werden, Cookies nur im Einzelfall erlauben oder die Annahme von Cookies f\u00fcr bestimmte F\u00e4lle oder generell ausschlie\u00dfen.<\/p> <h3>d) Newsletter<\/h3> <p>Wenn Sie auf unserer Vereinswebseite den Newsletter abonniert haben, werden personenbezogene Daten erhoben, verarbeitet und genutzt. Verarbeitet werden:<\/p> <ul> <li>Vorname, Name<\/li> <li>Ihre E-Mail-Adresse<\/li> <li>Wohnort<\/li> <\/ul> <p>Wir verwenden Ihre E-Mail-Adresse, um Ihnen regelm\u00e4\u00dfig den Newsletter zuzusenden und Sie mit Wissenswertem \u00fcber den Verein zu versorgen. Die Angaben des Wohnortes nutzen wir, um Ihnen gezielt \u00f6rtlich relevante Informationen zukommen zu lassen. Die Rechtsgrundlage f\u00fcr den Newsletter-Versand ist Ihre Einwilligung (Artikel 6 Absatz 1 Satz 1 a) DSGVO). Diese Einwilligung kann jederzeit f\u00fcr die Zukunft widerrufen werden. Dazu k\u00f6nnen Sie unten in der Newsletter-E-Mail auf \u201evom Newsletter abmelden\u201c klicken oder uns an <a href=\"mailto:info@adfc-wiesbaden.de\">info@adfc-wiesbaden.de<\/a> schreiben.<\/p> <p>F\u00fcr den Versand des Newsletters verwenden wir das Versandtool Brevo.<\/p> <h3>Fotos und Videos<\/h3> <p>Fotos und Videos \u00fcber unser Vereinsgeschehen und Veranstaltungen, an denen der Verein mitwirkt, werden zum Zweck der Information unserer Mitglieder oder der \u00d6ffentlichkeit oder zur Au\u00dfendarstellung z.B. auf unserer Webseite, in traditionellen oder digitalen Medien aufgenommen, gespeichert und ver\u00f6ffentlicht.<\/p> <p>Die Aufnahme, Speicherung und Ver\u00f6ffentlichung von Fotos oder Videos geschieht grunds\u00e4tzlich mit einer Einwilligung des Betroffenen, also der Person, die fotografiert oder gefilmt wird (Art. 6 Abs. 1 S. 1 Buchstabe a) DSGVO). Diese Einwilligung kann jederzeit f\u00fcr die Zukunft widerrufen werden.<\/p> <p>Die Aufnahme, Speicherung und Ver\u00f6ffentlichung von Fotos oder Videos ist i<strong>n bestimmten F\u00e4llen ohne Einwilligung m\u00f6glich<\/strong>, wenn sie auf einem berechtigten Interesse des ADFC Wiesbaden\/Rheingau-Taunus beruht (Art. 6 Abs. 1 lit. f DSGVO). Dies ist im Allgemeinen der Fall bei Fotos oder Videos, auf denen Personen nur als Beiwerk erscheinen, oder bei Fotos oder Videos von \u00f6ffentlichen Veranstaltungen oder Events an denen die dargestellten Personen teilgenommen haben. Die <strong>vern\u00fcnftigen Erwartungen<\/strong>\u00a0der betroffenen Personen, ob sie damit rechnen m\u00fcssen, dass sie in dem jeweiligen Kontext aufgenommen zu werden und dass Aufnahmen ver\u00f6ffentlicht werden, sind zu ber\u00fccksichtigen.<\/p> <p>Sie haben die M\u00f6glichkeit, der Verwendung eines Fotos oder Videos, auf dem Sie zu sehen sind, gem\u00e4\u00df Artikel 21 Absatz 1 DSGVO zu widersprechen. Der Verein wird pr\u00fcfen, ob es zwingende schutzw\u00fcrdige Gr\u00fcnde f\u00fcr die Verarbeitung gibt, die Ihre Interessen, Rechte und Freiheiten \u00fcberwiegen. Wenn nicht, wird das entsprechende Foto oder Video gel\u00f6scht.<\/p> <h3>Teilnehmerverwaltung<\/h3> <p>Wenn Sie sich zu unseren Veranstaltungen anmelden oder an unseren Aktivit\u00e4ten teilnehmen, werden manchmal personenbezogene Daten erhoben, verarbeitet und genutzt. Verarbeitet werden abh\u00e4ngig von der Art der Veranstaltung oder der Aktivit\u00e4t:<\/p> <ul> <li>Vorname, Name<\/li> <li>Ihre E-Mail-Adresse<\/li> <li>Wohnort mit Postleitzahl<\/li> <li>Vorkenntnisse<\/li> <li>Kontoverbindung und Zahlungsinformationen<\/li> <li>Pr\u00e4ferenzen bei Nahrungsmitteln (z.B. Vegetarier)<\/li> <li>Fahrraddaten (z.B. Hersteller, Rahmennummer)<\/li> <\/ul> <p>Wir verwenden diese Informationen um die Veranstaltung oder Aktivit\u00e4t zu organisieren. Die Rechtsgrundlage ist Ihre Einwilligung (Artikel 6 Absatz 1 Satz 1 a) DSGVO). Diese Einwilligung kann jederzeit f\u00fcr die Zukunft widerrufen werden. Dazu k\u00f6nnen Sie uns an <a href=\"mailto:info@adfc-wiesbaden.de\">info@adfc-wiesbaden.de<\/a> schreiben.<\/p> <h3>Datenverarbeitung der Mitgliedsdaten<\/h3> <p>Die Mitgliedsdaten werden vom<\/p> <p>Allgemeiner Deutscher Fahrrad-Club e. V. (ADFC (Berlin))<br \/>Zimmerstra\u00dfe 26\/27<br \/>10969 Berlin<br \/>Tel.: +49 30 2091498-0<br \/><a href=\"https:\/\/www.adfc.de\/datenschutz\">kontakt@adfc.de<\/a>\u00a0<\/p> <p>als Verantwortlichem verarbeitet.<\/p> <p>Mitgliedsdaten werden vom ADFC\u00a0Wiesbaden\/Rheingau-Taunus nur f\u00fcr die ihm zugeordnete Aufgabenerf\u00fcllung verarbeitet.<\/p> <p>Zweck f\u00fcr die Verarbeitung der Mitgliedsdaten durch den ADFC Wiesbaden\/Rheingau-Taunus ist die Verfolgung des Vereinszwecks, insbesondere die Organisation von Veranstaltungen, die Zusammenarbeit von Mitgliedern in Projektgruppen, die Vernetzung von Mitgliedern in Gruppen digitaler Medien wie \"Signal\", Information \u00fcber das Vereinsgeschehen, z.B. mit einem Newsletter. Rechtsgrundlage ist die Vereinsmitgliedschaft (Artikel 6 Absatz 1 b) DS-GVO) oder ein berechtigtes Interesse (Art. 6 Abs. 1 lit f. DSGVO).<\/p> <h2>Speicherdauer<\/h2> <ul> <li>Bei der Nutzung unserer Vereinswebseite speichert der ADFC Hessen e.V. vor\u00fcbergehend die IP-Adressen und die Logfiles f\u00fcr l\u00e4ngstens 14 Tage.<\/li> <li>Die meisten der von uns verwendeten Cookies sind sogenannte \u201eSession-Cookies\u201c, die nach Ende Ihres Besuchs automatisch gel\u00f6scht werden. Andere bleiben auf Ihrem Endger\u00e4t gespeichert, bis Sie diese manuell l\u00f6schen oder die Speicherdauer abl\u00e4uft.<\/li> <li>Daten, die sie f\u00fcr das Abonnement des Newsletters angegeben haben (z.B. Name, E-Mail-Adresse) werden gel\u00f6scht, sobald Sie Ihre Einwilligung in den Newsletter widerrufen.<\/li> <li>Daten, die f\u00fcr Veranstaltungen oder Aktivit\u00e4ten erhoben wurden, werden sp\u00e4testens 2 Jahre nach der Veranstaltung gel\u00f6scht, es sei denn es gibt besondere Gr\u00fcnde, sie l\u00e4nger zu speichern.<\/li> <li>Der ADFC auf Bundesebene (Berlin) ist f\u00fcr die L\u00f6schung der Mitgliedsdaten zust\u00e4ndig.<\/li> <\/ul> <h2>Betroffenenrechte<\/h2> <p>Wenn wir personenbezogene Daten von Ihnen verarbeiten, haben Sie folgende Betroffenenrechte:<\/p> <ul> <li>ein Recht auf Auskunft \u00fcber die verarbeiteten Daten und auf Kopie,<\/li> <li>ein Berichtigungsrecht, wenn wir falsche Daten \u00fcber Sie verarbeiten,<\/li> <li>ein Recht auf L\u00f6schung, es sei denn, dass noch Ausnahmen greifen, warum wir die Daten noch speichern, also zum Beispiel Aufbewahrungspflichten oder Verj\u00e4hrungsfristen<\/li> <li>ein Recht auf Einschr\u00e4nkung der Verarbeitung,<\/li> <li>ein jederzeitiges Recht, Einwilligungen in die Datenverarbeitung zu widerrufen,<\/li> <li>ein Widerspruchsrecht gegen eine Verarbeitung im \u00f6ffentlichen oder bei berechtigtem Interesse,<\/li> <li>ein Recht auf Daten\u00fcbertragbarkeit,<\/li> <li>ein Beschwerderecht bei einer Datenschutz-Aufsichtsbeh\u00f6rde, wenn Sie finden, dass wir Ihre Daten nicht ordnungsgem\u00e4\u00df verarbeiten.<\/li> <\/ul> <p>Zust\u00e4ndig ist<\/p> <p><strong>f\u00fcr Mitgliederdaten:<\/strong><br \/>Berliner Beauftragte f\u00fcr Datenschutz und Informationsfreiheit<br \/>Alt-Moabit 59-61, 10555 Berlin<br \/><a href=\"mailto:mailbox@datenschutz-berlin.de\">mailbox@datenschutz-berlin.de<\/a><\/p> <p><strong>f\u00fcr alle anderen personenbezogenen Daten:<\/strong><br \/>Hessische Beauftragte f\u00fcr Datenschutz und Informationsfreiheit<br \/>Wilhelmstra\u00dfe 7, 65185 Wiesbaden<br \/><a href=\"https:\/\/datenschutz.hessen.de\/kontakt\">https:\/\/datenschutz.hessen.de\/kontakt<\/a><\/p>","_links":{"self":[{"href":"https:\/\/www.adfc-wiesbaden.de\/en\/wp-json\/wp\/v2\/pages\/69709","targetHints":{"allow":["GET"]}}],"collection":[{"href":"https:\/\/www.adfc-wiesbaden.de\/en\/wp-json\/wp\/v2\/pages"}],"about":[{"href":"https:\/\/www.adfc-wiesbaden.de\/en\/wp-json\/wp\/v2\/types\/page"}],"author":[{"embeddable":true,"href":"https:\/\/www.adfc-wiesbaden.de\/en\/wp-json\/wp\/v2\/users\/50"}],"replies":[{"embeddable":true,"href":"https:\/\/www.adfc-wiesbaden.de\/en\/wp-json\/wp\/v2\/comments?post=69709"}],"version-history":[{"count":31,"href":"https:\/\/www.adfc-wiesbaden.de\/en\/wp-json\/wp\/v2\/pages\/69709\/revisions"}],"predecessor-version":[{"id":76685,"href":"https:\/\/www.adfc-wiesbaden.de\/en\/wp-json\/wp\/v2\/pages\/69709\/revisions\/76685"}],"up":[{"embeddable":true,"href":"https:\/\/www.adfc-wiesbaden.de\/en\/wp-json\/wp\/v2\/pages\/69915"}],"wp:attachment":[{"href":"https:\/\/www.adfc-wiesbaden.de\/en\/wp-json\/wp\/v2\/media?parent=69709"}],"wp:term":[{"taxonomy":"post_tag","embeddable":true,"href":"https:\/\/www.adfc-wiesbaden.de\/en\/wp-json\/wp\/v2\/tags?post=69709"}],"curies":[{"name":"wp","href":"https:\/\/api.w.org\/{rel}","templated":true}]}}