{"id":71580,"date":"2025-03-15T14:17:22","date_gmt":"2025-03-15T13:17:22","guid":{"rendered":"https:\/\/www.adfc-wiesbaden.de\/?page_id=71580"},"modified":"2025-04-17T20:47:24","modified_gmt":"2025-04-17T18:47:24","slug":"radplus","status":"publish","type":"page","link":"https:\/\/www.adfc-wiesbaden.de\/en\/weiterleitungen\/radplus\/","title":{"rendered":"DB Rad+"},"content":{"rendered":"<!--themify_builder_content-->\n<div id=\"themify_builder_content-71580\" data-postid=\"71580\" class=\"themify_builder_content themify_builder_content-71580 themify_builder tf_clear\">\n                    <div  data-lazy=\"1\" class=\"module_row themify_builder_row tb_g383312 tb_first tf_w\">\n                        <div class=\"row_inner col_align_top tb_col_count_2 tf_box tf_rel\">\n                        <div  data-lazy=\"1\" class=\"module_column tb-column col4-2 tb_d3v4312 first\">\n                    <!-- module image -->\n<div  class=\"module module-image tb_5pgp717 image-top   tf_mw tb_gs2677162d\" data-lazy=\"1\">\n        <div class=\"image-wrap tf_rel tf_mw\">\n            <img loading=\"lazy\" decoding=\"async\" width=\"1320\" height=\"838\" src=\"https:\/\/www.adfc-wiesbaden.de\/wp-content\/uploads\/2025\/04\/2023-11-16-Lastenrad1-1320x838-1.jpg\" class=\"wp-post-image wp-image-72131\" title=\"Bike+ cargo bike at the environmental store | \u00a9 Umweltladen Wiesbaden \" alt=\"Bike+ cargo bike at the environmental store | \u00a9 Umweltladen Wiesbaden \" srcset=\"https:\/\/www.adfc-wiesbaden.de\/wp-content\/uploads\/2025\/04\/2023-11-16-Lastenrad1-1320x838-1.jpg 1320w, https:\/\/www.adfc-wiesbaden.de\/wp-content\/uploads\/2025\/04\/2023-11-16-Lastenrad1-1320x838-1-700x444.jpg 700w, https:\/\/www.adfc-wiesbaden.de\/wp-content\/uploads\/2025\/04\/2023-11-16-Lastenrad1-1320x838-1-200x127.jpg 200w, https:\/\/www.adfc-wiesbaden.de\/wp-content\/uploads\/2025\/04\/2023-11-16-Lastenrad1-1320x838-1-768x488.jpg 768w\" sizes=\"auto, (max-width: 1320px) 100vw, 1320px\" \/>    \n        <\/div>\n    <!-- \/image-wrap -->\n    \n        <div class=\"image-content\">\n                    <h3 class=\"image-title\">\n                                    Bike+ cargo bike at the environmental store | \u00a9 Umweltladen Wiesbaden                             <\/h3>\n                    <\/div>\n    <!-- \/image-content -->\n        <\/div>\n<!-- \/module image --><!-- module text -->\n<div  class=\"module module-text tb_tg5f870    tb_gs678604\" data-lazy=\"1\">\n        <div  class=\"tb_text_wrap\">\n        <h1>DB Rad+ App<\/h1>\n<h3>With the DB Rad+ app, the switch to the bike is rewarded!<\/h3>\n<p>The app records the cycled kilometers, which can be exchanged for attractive rewards and discounts at participating partner stores in the city or online. For example, we offer a discount on our <a href=\"https:\/\/www.adfc-wiesbaden.de\/en\/service\/codierung\/\">encoding.<\/a>\u00a0<\/p>\n<p>Simply download the DB Rad+ app, activate it while cycling and collect miles! But that's not all: In cooperation with the municipalities, various measures to celebrate milestones achieved are being implemented for the kilometres of all participants that are cycled together. At the beginning of April 2025, in Wiesbaden, the <a href=\"https:\/\/www.adfc-wiesbaden.de\/en\/2025\/03\/veranstaltungen\/meilenstein8\/\">8. Rad+ milestone<\/a> instead. Another milestone was the provision of a cargo bike at the <a href=\"https:\/\/www.wiesbaden.de\/zh\/leben-in-wiesbaden\/umwelt-natur-klima\/umweltberatung\/umweltladen\" target=\"_blank\" rel=\"noopener\">Environmental store<\/a> in Luisenstra\u00dfe, which is accessible via our platform <a href=\"https:\/\/www.adfc-wiesbaden.de\/en\/service\/lilja\/\">Lilja<\/a> can be borrowed.<\/p>\n<p>An additional plus: You can share your route data in the app and help to improve the cycling infrastructure in Wiesbaden!<\/p>\n<p>More information can be found on the app's page at:<br \/><a href=\"https:\/\/radplus.bahnhof.de\/\" target=\"_blank\" rel=\"noopener\">https:\/\/radplus.bahnhof.de\/<\/a><\/p>    <\/div>\n<\/div>\n<!-- \/module text -->        <\/div>\n                    <div  data-lazy=\"1\" class=\"module_column tb-column col4-2 tb_g34e113 last\">\n                    <!-- module image -->\n<div  class=\"module module-image tb_u069566 image-top   tf_mw tb_gs2677162d\" data-lazy=\"1\">\n        <div class=\"image-wrap tf_rel tf_mw\">\n            <a href=\"https:\/\/radplus.bahnhof.de\/\" rel=\"noopener\" target=\"_blank\">\n                   <img loading=\"lazy\" decoding=\"async\" width=\"1008\" height=\"756\" src=\"https:\/\/www.adfc-wiesbaden.de\/wp-content\/uploads\/2025\/03\/DB_Rad_plus.png\" class=\"wp-post-image wp-image-71581\" title=\"DB Rad+ \" alt=\"DB Rad+ \" srcset=\"https:\/\/www.adfc-wiesbaden.de\/wp-content\/uploads\/2025\/03\/DB_Rad_plus.png 1008w, https:\/\/www.adfc-wiesbaden.de\/wp-content\/uploads\/2025\/03\/DB_Rad_plus-700x525.png 700w, https:\/\/www.adfc-wiesbaden.de\/wp-content\/uploads\/2025\/03\/DB_Rad_plus-200x150.png 200w, https:\/\/www.adfc-wiesbaden.de\/wp-content\/uploads\/2025\/03\/DB_Rad_plus-768x576.png 768w\" sizes=\"auto, (max-width: 1008px) 100vw, 1008px\" \/>        <\/a>\n    \n        <\/div>\n    <!-- \/image-wrap -->\n    \n        <div class=\"image-content\">\n                    <h3 class=\"image-title\">\n                                    <a href=\"https:\/\/radplus.bahnhof.de\/\" rel=\"noopener\" target=\"_blank\">\n                        DB Rad+                     <\/a>\n                            <\/h3>\n                    <\/div>\n    <!-- \/image-content -->\n        <\/div>\n<!-- \/module image -->        <\/div>\n                        <\/div>\n        <\/div>\n        <\/div>\n<!--\/themify_builder_content-->","protected":false},"excerpt":{"rendered":"<p>With the DB Rad+ app, the switch to the bike is rewarded!<br \/>\nThe app records the cycled kilometers, which can be exchanged for attractive rewards and discounts at participating partner stores in the city or online.<\/p>","protected":false},"author":50,"featured_media":71581,"parent":69913,"menu_order":0,"comment_status":"closed","ping_status":"closed","template":"","meta":{"footnotes":""},"tags":[765,849,790],"class_list":["post-71580","page","type-page","status-publish","has-post-thumbnail","hentry","tag-codierung","tag-db-rad","tag-tipps","has-post-title","has-post-date","has-post-category","has-post-tag","has-post-comment","has-post-author",""],"builder_content":"<img src=\"https:\/\/www.adfc-wiesbaden.de\/wp-content\/uploads\/2025\/04\/2023-11-16-Lastenrad1-1320x838-1.jpg\" title=\"Rad+ Lastenrad am Umweltladen | &copy; Umweltladen Wiesbaden \" alt=\"Rad+ Lastenrad am Umweltladen | &copy; Umweltladen Wiesbaden \" srcset=\"https:\/\/www.adfc-wiesbaden.de\/wp-content\/uploads\/2025\/04\/2023-11-16-Lastenrad1-1320x838-1.jpg 1320w, https:\/\/www.adfc-wiesbaden.de\/wp-content\/uploads\/2025\/04\/2023-11-16-Lastenrad1-1320x838-1-700x444.jpg 700w, https:\/\/www.adfc-wiesbaden.de\/wp-content\/uploads\/2025\/04\/2023-11-16-Lastenrad1-1320x838-1-200x127.jpg 200w, https:\/\/www.adfc-wiesbaden.de\/wp-content\/uploads\/2025\/04\/2023-11-16-Lastenrad1-1320x838-1-768x488.jpg 768w\" sizes=\"(max-width: 1320px) 100vw, 1320px\" \/> <h3> Rad+ Lastenrad am Umweltladen | &copy; Umweltladen Wiesbaden <\/h3>\n<h1>DB Rad+ App<\/h1> <h3>Mit der DB Rad+ App wird der Umstieg aufs Fahrrad belohnt!<\/h3> <p>Die App zeichnet die geradelten Kilometer auf, die man bei teilnehmenden Partnergesch\u00e4ften in der Stadt oder Online gegen attraktive Pr\u00e4mien und Rabatte eintauschen kann. Bei uns gibt es beispielsweise einen Preisnachlass f\u00fcr unsere <a href=\"https:\/\/www.adfc-wiesbaden.de\/service\/codierung\/\">Codierung.<\/a>\u00a0<\/p> <p>Einfach die DB Rad+ App herunterladen, w\u00e4hrend des Radfahrens aktivieren und Kilometer sammeln! Doch das ist nicht alles: F\u00fcr die gemeinsam geradelten Kilometer aller Teilnehmenden werden in Zusammenarbeit mit den Kommunen, verschiedene Ma\u00dfnahmen zur Feier von erreichten Meilensteinen umgesetzt. So fand Anfang April 2025 in Wiesbaden bereits der <a href=\"https:\/\/www.adfc-wiesbaden.de\/2025\/03\/veranstaltungen\/meilenstein8\/\">8. Rad+ Meilenstein<\/a> statt. Ein weiterer Meilenstein war die Bereitstellung eines Lastenrades beim <a href=\"https:\/\/www.wiesbaden.de\/zh\/leben-in-wiesbaden\/umwelt-natur-klima\/umweltberatung\/umweltladen\" target=\"_blank\" rel=\"noopener\">Umweltladen<\/a> in der Luisenstra\u00dfe, das \u00fcber unsere Plattform <a href=\"https:\/\/www.adfc-wiesbaden.de\/service\/lilja\/\">Lilja<\/a> ausgeliehen werden kann.<\/p> <p>Ein zus\u00e4tzliches Plus: Ihr k\u00f6nnt Eure Routendaten in der App teilen und so dabei mithelfen, die Radinfrastruktur in Wiesbaden zu verbessern!<\/p> <p>Weitere Informationen findet Ihr auf der Seite der App unter:<br \/><a href=\"https:\/\/radplus.bahnhof.de\/\" target=\"_blank\" rel=\"noopener\">https:\/\/radplus.bahnhof.de\/<\/a><\/p>\n<a href=\"https:\/\/radplus.bahnhof.de\/\" rel=\"noopener\" target=\"_blank\"> <img src=\"https:\/\/www.adfc-wiesbaden.de\/wp-content\/uploads\/2025\/03\/DB_Rad_plus.png\" title=\"DB Rad+ \" alt=\"DB Rad+ \" srcset=\"https:\/\/www.adfc-wiesbaden.de\/wp-content\/uploads\/2025\/03\/DB_Rad_plus.png 1008w, https:\/\/www.adfc-wiesbaden.de\/wp-content\/uploads\/2025\/03\/DB_Rad_plus-700x525.png 700w, https:\/\/www.adfc-wiesbaden.de\/wp-content\/uploads\/2025\/03\/DB_Rad_plus-200x150.png 200w, https:\/\/www.adfc-wiesbaden.de\/wp-content\/uploads\/2025\/03\/DB_Rad_plus-768x576.png 768w\" sizes=\"(max-width: 1008px) 100vw, 1008px\" \/> <\/a> <h3> <a href=\"https:\/\/radplus.bahnhof.de\/\" rel=\"noopener\" target=\"_blank\"> DB Rad+ <\/a> <\/h3>","_links":{"self":[{"href":"https:\/\/www.adfc-wiesbaden.de\/en\/wp-json\/wp\/v2\/pages\/71580","targetHints":{"allow":["GET"]}}],"collection":[{"href":"https:\/\/www.adfc-wiesbaden.de\/en\/wp-json\/wp\/v2\/pages"}],"about":[{"href":"https:\/\/www.adfc-wiesbaden.de\/en\/wp-json\/wp\/v2\/types\/page"}],"author":[{"embeddable":true,"href":"https:\/\/www.adfc-wiesbaden.de\/en\/wp-json\/wp\/v2\/users\/50"}],"replies":[{"embeddable":true,"href":"https:\/\/www.adfc-wiesbaden.de\/en\/wp-json\/wp\/v2\/comments?post=71580"}],"version-history":[{"count":30,"href":"https:\/\/www.adfc-wiesbaden.de\/en\/wp-json\/wp\/v2\/pages\/71580\/revisions"}],"predecessor-version":[{"id":72139,"href":"https:\/\/www.adfc-wiesbaden.de\/en\/wp-json\/wp\/v2\/pages\/71580\/revisions\/72139"}],"up":[{"embeddable":true,"href":"https:\/\/www.adfc-wiesbaden.de\/en\/wp-json\/wp\/v2\/pages\/69913"}],"wp:featuredmedia":[{"embeddable":true,"href":"https:\/\/www.adfc-wiesbaden.de\/en\/wp-json\/wp\/v2\/media\/71581"}],"wp:attachment":[{"href":"https:\/\/www.adfc-wiesbaden.de\/en\/wp-json\/wp\/v2\/media?parent=71580"}],"wp:term":[{"taxonomy":"post_tag","embeddable":true,"href":"https:\/\/www.adfc-wiesbaden.de\/en\/wp-json\/wp\/v2\/tags?post=71580"}],"curies":[{"name":"wp","href":"https:\/\/api.w.org\/{rel}","templated":true}]}}