{"id":71640,"date":"2025-03-16T16:26:16","date_gmt":"2025-03-16T15:26:16","guid":{"rendered":"https:\/\/www.adfc-wiesbaden.de\/?page_id=71640"},"modified":"2026-04-19T18:26:03","modified_gmt":"2026-04-19T16:26:03","slug":"teilnahmebedingungen","status":"publish","type":"page","link":"https:\/\/www.adfc-wiesbaden.de\/en\/radtouren\/tourenprogramm\/teilnahmebedingungen\/","title":{"rendered":"Conditions of participation"},"content":{"rendered":"<!--themify_builder_content-->\n<div id=\"themify_builder_content-71640\" data-postid=\"71640\" class=\"themify_builder_content themify_builder_content-71640 themify_builder tf_clear\">\n                    <div  data-lazy=\"1\" class=\"module_row themify_builder_row tb_tvvd17 tb_first tf_w\">\n                        <div class=\"row_inner col_align_top tb_col_count_1 tf_box tf_rel\">\n                        <div  data-lazy=\"1\" class=\"module_column tb-column col-full tb_88h517 first\">\n                    <!-- module text -->\n<div  class=\"module module-text tb_2cvr742    tb_gs678604\" data-lazy=\"1\">\n        <div  class=\"tb_text_wrap\">\n        <h1>Guided cycling tours with the ADFC<\/h1>\n<p>We want to inspire people for the bike and offer many bike tours to discover the surroundings. The bike tours are carried out by experienced tour guides, many of whom are certified ADFC TourGuides. Our tour guides offer an interesting range of cycling tours: for families, for the less experienced, for the sporty, for recreational cyclists, for e-bikers, for road cyclists and many others. All adventure tours can also be ridden by e-bike. However, the speed depends on cyclists who do not have an e-bike! <br \/>With our <strong>E-bike tours<\/strong> The indicated level of difficulty refers to participation with an e-bike. Experienced cyclists can also participate in these tours without an e-bike. Provided, however, is a good condition.<\/p>\n<h2>Conditions of participation and interesting facts<\/h2>\n<ul>\n<li>All ADFC tours are provided with difficulty levels, route lengths and altitude information. If you have any questions about the tour, please contact the tour guide.<\/li>\n<li>Adults and children (up to 16 years old accompanied by adults) can participate in the ADFC adventure tours on weekends.<\/li>\n<li>Only ADFC members can participate in the tours of the \u00bbADFC race cyclists\u00ab and the \u00bbADFC Wednesday cyclists\u00ab in Wiesbaden! <br \/>If you are not yet an ADFC member, you are welcome to take part in a free trial tour of the respective cycling groups. After that, however, you should decide to become a member of the ADFC. The benefits for ADFC members can be found at <a href=\"https:\/\/www.adfc.de\/mitgliedschaft\">www.adfc.de<\/a><\/li>\n<li>All ADFC tours of our district association are free of charge. Additional costs, such as train rides, admission, etc. are indicated.<\/li>\n<li>Participation in the tours is at your own risk. The road traffic regulations apply.<\/li>\n<li>For road safety (control of your own bike, also in connection with alcohol) each:r is responsible himself.<\/li>\n<li>We recommend that you bring weatherproof clothing, drinks, provisions, some money and a spare hose for each tour.<\/li>\n<li>Registration is required for most tours. Please contact the tour guide.<\/li>\n<li>In individual cases, there may be short-term adjustments or cancellation of tours. Changes are communicated on our websites.<\/li>\n<li>In extreme weather conditions, tours can also be shortened or modified. In addition, the tour guide can exclude participants from the tour, if this seems necessary for the further and safe course of the tour.<\/li>\n<\/ul>\n<h2>Our difficulty levels<\/h2>\n<p>\u2605 \u2013 tours without significant gradients, family-friendly and also suitable for beginners.<br \/>\u2605\u2605 \u2013 tours with gradients and, if necessary, longer routes.<br \/>\u2605\u2605\u2605 \u2013 Long-distance tours and gradients. Condition is required!<br \/>\u2605\u2605\u2605\u2605 - tours for high-performance riders, with large differences in altitude, long distances and, if necessary, increased speed.<\/p>    <\/div>\n<\/div>\n<!-- \/module text -->        <\/div>\n                        <\/div>\n        <\/div>\n        <\/div>\n<!--\/themify_builder_content-->","protected":false},"excerpt":{"rendered":"<p>Guided bike tours with the ADFC We want to inspire people for the bike and offer many bike tours to discover the surroundings. The bike tours are carried out by experienced tour guides, many of whom are certified ADFC TourGuides. Our tour guides offer an interesting range of cycling tours: for families, for the less experienced, for the sporty, for recreational cyclists, for e-bikers, [\u2026]<\/p>","protected":false},"author":50,"featured_media":0,"parent":69567,"menu_order":0,"comment_status":"closed","ping_status":"closed","template":"","meta":{"footnotes":""},"tags":[],"class_list":["post-71640","page","type-page","status-publish","hentry","has-post-title","has-post-date","has-post-category","has-post-tag","has-post-comment","has-post-author",""],"builder_content":"<h1>Gef\u00fchrte Radtouren mit dem ADFC<\/h1> <p>Wir wollen Menschen f\u00fcr das Fahrrad begeistern und bieten viele Radtouren an, um so die Umgebung zu entdecken. Die Radtouren werden von erfahrenen Tourenleiter:innen durchgef\u00fchrt, viele davon sind zertifizierte ADFC-TourGuides. Unsere Tourenleiter:innen bieten ein interessantes Spektrum von Radtouren an: f\u00fcr Familien, f\u00fcr weniger Ge\u00fcbte, f\u00fcr Sportliche, f\u00fcr Genussradler:innen, f\u00fcr E-Biker:innen, f\u00fcr Rennradler:innen und viele andere. Alle Erlebnistouren k\u00f6nnen auch mit dem E-Bike gefahren werden. Die Geschwindigkeit richtet sich dann aber nach Radlern, die kein E-Bike haben! <br \/>Bei unseren <strong>E-Bike-Touren<\/strong> bezieht sich der angegebene Schwierigkeitsgrad auf die Teilnahme mit einem E-Bike. Ge\u00fcbte Radler:innen k\u00f6nnen aber auch ohne E-Bike an diesen Touren teilnehmen. Vorausgesetzt ist dann aber eine gute Kondition.<\/p> <h2>Teilnahmebedingungen und Wissenswertes<\/h2> <ul> <li>Alle ADFC-Touren sind mit Schwierigkeitsgraden, Streckenl\u00e4ngen und H\u00f6henangaben versehen. Bei Fragen rund um die Tour wenden Sie sich bitte an die Tourenleitung.<\/li> <li>An den ADFC-Erlebnistouren am Wochenende k\u00f6nnen Erwachsene und Kinder (bis 16 J. in Begleitung von Erwachsenen) teilnehmen.<\/li> <li>An den Touren der \u00bbADFC-Rennradler\u00ab und der \u00bbADFC-Mittwochsradler\u00ab in Wiesbaden k\u00f6nnen nur ADFC-Mitglieder teilnehmen! <br \/>Wenn Sie noch kein ADFC-Mitglied sind, k\u00f6nnen Sie aber gerne kostenlos an einer Schnuppertour der entsprechenden Radelgruppen teilnehmen. Danach sollten Sie sich aber f\u00fcr eine Mitgliedschaft im ADFC entscheiden. Die Vorteile f\u00fcr ADFC-Mitglieder finden Sie auf <a href=\"https:\/\/www.adfc.de\/mitgliedschaft\">www.adfc.de<\/a><\/li> <li>Alle ADFC-Touren unseres Kreisverbands sind kostenfrei. Zus\u00e4tzliche Kosten, wie Bahnfahrten, Eintritt etc. werden angegeben.<\/li> <li>Die Teilnahme an den Touren erfolgt auf eigene Gefahr. Es gilt die Stra\u00dfenverkehrsordnung.<\/li> <li>F\u00fcr die Verkehrssicherheit (Beherrschung des eigenen Fahrrads, auch in Verbindung mit Alkohol) ist jede:r selbst verantwortlich.<\/li> <li>Wir empfehlen f\u00fcr jede Tour die Mitnahme wetterfester Kleidung, Getr\u00e4nke, Proviant, etwas Geld und einen Ersatzschlauch.<\/li> <li>Bei den meisten Touren ist eine Anmeldung erforderlich. Bitte kontaktieren Sie hierzu die Tourenleitung.<\/li> <li>In einzelnen F\u00e4llen kann es zu kurzfristigen Anpassungen oder zum Entfall von Touren kommen. \u00c4nderungen werden auf unseren Websites kommuniziert.<\/li> <li>Bei extremen Wetterbedingungen k\u00f6nnen Touren auch verk\u00fcrzt oder abge\u00e4ndert werden. Au\u00dferdem kann die Tourenleitung Teilnehmende von der Tour ausschlie\u00dfen, sofern dies f\u00fcr den weiteren und sicheren Verlauf der Tour notwendig erscheint.<\/li> <\/ul> <h2>Unsere Schwierigkeitsstufen<\/h2> <p>\u2605\u00a0 - Touren ohne nennenswerte Steigungen, familienfreundlich und auch f\u00fcr Anf\u00e4nger:innen geeignet.<br \/>\u2605\u2605\u00a0 - Touren mit Steigungen und ggf. auch l\u00e4ngeren Strecken.<br \/>\u2605\u2605\u2605 \u00a0- Touren mit langen Strecken und Steigungen. Kondition erforderlich!<br \/>\u2605\u2605\u2605\u2605 \u00a0- Touren f\u00fcr konditionsstarke Fahrer:innen, mit gro\u00dfen H\u00f6henunterschieden, langen Strecken und ggf. auch erh\u00f6htem Tempo.<\/p>","_links":{"self":[{"href":"https:\/\/www.adfc-wiesbaden.de\/en\/wp-json\/wp\/v2\/pages\/71640","targetHints":{"allow":["GET"]}}],"collection":[{"href":"https:\/\/www.adfc-wiesbaden.de\/en\/wp-json\/wp\/v2\/pages"}],"about":[{"href":"https:\/\/www.adfc-wiesbaden.de\/en\/wp-json\/wp\/v2\/types\/page"}],"author":[{"embeddable":true,"href":"https:\/\/www.adfc-wiesbaden.de\/en\/wp-json\/wp\/v2\/users\/50"}],"replies":[{"embeddable":true,"href":"https:\/\/www.adfc-wiesbaden.de\/en\/wp-json\/wp\/v2\/comments?post=71640"}],"version-history":[{"count":25,"href":"https:\/\/www.adfc-wiesbaden.de\/en\/wp-json\/wp\/v2\/pages\/71640\/revisions"}],"predecessor-version":[{"id":76135,"href":"https:\/\/www.adfc-wiesbaden.de\/en\/wp-json\/wp\/v2\/pages\/71640\/revisions\/76135"}],"up":[{"embeddable":true,"href":"https:\/\/www.adfc-wiesbaden.de\/en\/wp-json\/wp\/v2\/pages\/69567"}],"wp:attachment":[{"href":"https:\/\/www.adfc-wiesbaden.de\/en\/wp-json\/wp\/v2\/media?parent=71640"}],"wp:term":[{"taxonomy":"post_tag","embeddable":true,"href":"https:\/\/www.adfc-wiesbaden.de\/en\/wp-json\/wp\/v2\/tags?post=71640"}],"curies":[{"name":"wp","href":"https:\/\/api.w.org\/{rel}","templated":true}]}}