{"id":74832,"date":"2026-01-07T16:58:00","date_gmt":"2026-01-07T15:58:00","guid":{"rendered":"https:\/\/www.adfc-wiesbaden.de\/?page_id=74832"},"modified":"2026-03-08T10:40:27","modified_gmt":"2026-03-08T09:40:27","slug":"kidical-mass-unterstuetzen","status":"publish","type":"page","link":"https:\/\/www.adfc-wiesbaden.de\/en\/kidical-mass\/kidical-mass-unterstuetzen\/","title":{"rendered":"Support Kidical Mass"},"content":{"rendered":"<!--themify_builder_content-->\n<div id=\"themify_builder_content-74832\" data-postid=\"74832\" class=\"themify_builder_content themify_builder_content-74832 themify_builder tf_clear\">\n                    <div  data-lazy=\"1\" class=\"module_row themify_builder_row tb_shct620 tb_first tf_w\">\n                        <div class=\"row_inner col_align_top tb_col_count_1 tf_box tf_rel\">\n                        <div  data-lazy=\"1\" class=\"module_column tb-column col-full tb_m93a620 first\">\n                    <!-- module image -->\n<div  class=\"module module-image tb_i76z378 image-top   tf_mw tb_gs2677162d\" data-lazy=\"1\">\n        <div class=\"image-wrap tf_rel tf_mw\">\n            <img loading=\"lazy\" decoding=\"async\" width=\"2560\" height=\"1707\" src=\"https:\/\/www.adfc-wiesbaden.de\/wp-content\/uploads\/2025\/09\/2025_adfc_biebricher_fahrradtage_ntannreuther_044-scaled.jpg\" class=\"wp-post-image wp-image-73634\" title=\"Demo poster Kidical Mass | \u00a9 Nadine Tannreuther\" alt=\"Demo poster Kidical Mass | \u00a9 Nadine Tannreuther\" srcset=\"https:\/\/www.adfc-wiesbaden.de\/wp-content\/uploads\/2025\/09\/2025_adfc_biebricher_fahrradtage_ntannreuther_044-scaled.jpg 2560w, https:\/\/www.adfc-wiesbaden.de\/wp-content\/uploads\/2025\/09\/2025_adfc_biebricher_fahrradtage_ntannreuther_044-700x467.jpg 700w, https:\/\/www.adfc-wiesbaden.de\/wp-content\/uploads\/2025\/09\/2025_adfc_biebricher_fahrradtage_ntannreuther_044-1400x933.jpg 1400w, https:\/\/www.adfc-wiesbaden.de\/wp-content\/uploads\/2025\/09\/2025_adfc_biebricher_fahrradtage_ntannreuther_044-200x133.jpg 200w, https:\/\/www.adfc-wiesbaden.de\/wp-content\/uploads\/2025\/09\/2025_adfc_biebricher_fahrradtage_ntannreuther_044-768x512.jpg 768w, https:\/\/www.adfc-wiesbaden.de\/wp-content\/uploads\/2025\/09\/2025_adfc_biebricher_fahrradtage_ntannreuther_044-1536x1024.jpg 1536w, https:\/\/www.adfc-wiesbaden.de\/wp-content\/uploads\/2025\/09\/2025_adfc_biebricher_fahrradtage_ntannreuther_044-2048x1365.jpg 2048w\" sizes=\"auto, (max-width: 2560px) 100vw, 2560px\" \/>    \n        <\/div>\n    <!-- \/image-wrap -->\n    \n        <div class=\"image-content\">\n                    <h3 class=\"image-title\">\n                                    Demo poster Kidical Mass | \u00a9 Nadine Tannreuther                            <\/h3>\n                    <\/div>\n    <!-- \/image-content -->\n        <\/div>\n<!-- \/module image --><!-- module text -->\n<div  class=\"module module-text tb_ug7g869    tb_gs678604\" data-lazy=\"1\">\n        <div  class=\"tb_text_wrap\">\n        <h1>You want to support the Kidical Mass? It's great!<\/h1>\n<p>We have fun organizing a beautiful and safe bicycle event for children and working together on a bicycle-friendly Wiesbaden.<\/p>\n<p><strong>Be a folder during the demonstration<\/strong><br \/>As a folder, make sure that the rules of the demonstration are observed \u2013 for example, that no one drives on the sidewalk and that a wheel lane width remains free on the right. Folders are recognizable by red bodies and a folder binding. If you are interested, please contact <a href=\"\/en\/&\/#x6d;&#x61;&#x69;&#108;&#116;o:&#x67;&#x75;&#x65;&#110;&#110;i&#64;&#x61;&#x64;&#x66;&#99;&#45;wi&#x65;&#x73;&#x62;&#97;&#100;en&#x2e;&#x64;&#x65;\">guenni@adfc-wiesbaden.de<\/a>.<\/p>\n<p><strong>Offer a feeder<\/strong><br \/>In order for even more children to participate in the Kidical Mass Wiesbaden, we would like to offer feeders from the districts. In the process, you drive together from your district to the starting point of the Kidical Mass. If you would like to guide such a tour, please contact <a href=\"\/en\/&\/#x6d;&#x61;&#105;&#108;to&#x3a;&#x6b;&#x69;&#100;ic&#x61;&#x6c;&#x6d;&#97;&#115;s&#x40;&#x61;&#x64;&#102;&#99;-&#x77;&#x69;&#x65;&#115;&#98;ad&#x65;&#x6e;&#x2e;&#100;e\">kidicalmass@adfc-wiesbaden.de<\/a>.<\/p>\n<p><strong>Become part of the team<\/strong><br \/>We are always looking forward to growth in the orga team. If you are interested in participating in the organization of the Kidical Mass or just want to get a taste of it, please contact <a href=\"\/en\/&\/#x6d;&#97;&#x69;&#x6c;t&#x6f;&#58;k&#x69;&#100;i&#x63;&#97;&#x6c;&#x6d;a&#x73;&#115;&#64;&#x61;&#100;f&#x63;&#45;&#x77;&#x69;&#101;&#x73;&#x62;a&#x64;&#101;n&#x2e;&#100;e\">kidicalmass@adfc-wiesbaden.de<\/a>.<\/p>\n<p><strong>Let's make Wiesbaden a bicycle city<\/strong><br \/>We support you if you want to make your children\u2019s school more bike-friendly \u2013 for example, if you want to set up a 30-minute pace before school, if there are no bike racks, if parents\u2019 taxis cause insecurity in the morning or if you want to set up a school street. Please feel free to contact us with your concerns <a href=\"\/en\/&\/#109;&#x61;&#105;&#x6c;&#116;&#x6f;&#58;&#x6b;&#105;&#x64;&#105;&#x63;&#97;&#x6c;&#109;&#x61;&#115;&#x73;&#64;&#x61;&#100;&#x66;&#99;&#x2d;&#119;&#x69;&#101;&#x73;&#98;&#x61;&#100;&#x65;&#110;&#x2e;&#100;&#x65;\">kidicalmass@adfc-wiesbaden.de<\/a>.<\/p>    <\/div>\n<\/div>\n<!-- \/module text -->        <\/div>\n                        <\/div>\n        <\/div>\n        <\/div>\n<!--\/themify_builder_content-->\n\n\n<p><\/p>","protected":false},"excerpt":{"rendered":"<p>You want to support the Kidical Mass? It's great!<\/p>\n<p>We have fun organizing a beautiful and safe bicycle event for children and working together on a bicycle-friendly Wiesbaden.<\/p>","protected":false},"author":50,"featured_media":75249,"parent":74799,"menu_order":0,"comment_status":"closed","ping_status":"closed","template":"","meta":{"footnotes":""},"tags":[516,206,807],"class_list":["post-74832","page","type-page","status-publish","has-post-thumbnail","hentry","tag-kidical-mass","tag-radtouren","tag-veranstaltung","has-post-title","has-post-date","has-post-category","has-post-tag","has-post-comment","has-post-author",""],"builder_content":"<img src=\"https:\/\/www.adfc-wiesbaden.de\/wp-content\/uploads\/2025\/09\/2025_adfc_biebricher_fahrradtage_ntannreuther_044-scaled.jpg\" title=\"Demoplakat Kidical Mass | &copy; Nadine Tannreuther\" alt=\"Demoplakat Kidical Mass | &copy; Nadine Tannreuther\" srcset=\"https:\/\/www.adfc-wiesbaden.de\/wp-content\/uploads\/2025\/09\/2025_adfc_biebricher_fahrradtage_ntannreuther_044-scaled.jpg 2560w, https:\/\/www.adfc-wiesbaden.de\/wp-content\/uploads\/2025\/09\/2025_adfc_biebricher_fahrradtage_ntannreuther_044-700x467.jpg 700w, https:\/\/www.adfc-wiesbaden.de\/wp-content\/uploads\/2025\/09\/2025_adfc_biebricher_fahrradtage_ntannreuther_044-1400x933.jpg 1400w, https:\/\/www.adfc-wiesbaden.de\/wp-content\/uploads\/2025\/09\/2025_adfc_biebricher_fahrradtage_ntannreuther_044-200x133.jpg 200w, https:\/\/www.adfc-wiesbaden.de\/wp-content\/uploads\/2025\/09\/2025_adfc_biebricher_fahrradtage_ntannreuther_044-768x512.jpg 768w, https:\/\/www.adfc-wiesbaden.de\/wp-content\/uploads\/2025\/09\/2025_adfc_biebricher_fahrradtage_ntannreuther_044-1536x1024.jpg 1536w, https:\/\/www.adfc-wiesbaden.de\/wp-content\/uploads\/2025\/09\/2025_adfc_biebricher_fahrradtage_ntannreuther_044-2048x1365.jpg 2048w\" sizes=\"(max-width: 2560px) 100vw, 2560px\" \/> <h3> Demoplakat Kidical Mass | &copy; Nadine Tannreuther <\/h3>\n<h1>Du willst die Kidical Mass unterst\u00fctzen? Gro\u00dfartig!<\/h1> <p>Wir haben Spa\u00df daran, einen sch\u00f6nen und sicheren Fahrradevent f\u00fcr Kinder zu organisieren und gemeinsam an einem fahrradfreundlichen Wiesbaden zu arbeiten.<\/p> <p><strong>Sei Ordner w\u00e4hrend der Demonstration<\/strong><br \/>Als Ordner achtest du darauf, dass die Regeln der Demonstration eingehalten werden \u2013 zum Beispiel, dass niemand auf dem Gehweg f\u00e4hrt und rechts etwa eine Radspurbreite frei bleibt. Ordner sind an roten Leibchen und einer Ordnerbinde erkennbar. Bei Interesse melde dich unter <a href=\"mailto:guenni@adfc-wiesbaden.de\">guenni@adfc-wiesbaden.de<\/a>.<\/p> <p><strong>Biete einen Zubringer an<\/strong><br \/>Damit noch mehr Kinder an der Kidical Mass Wiesbaden teilnehmen, m\u00f6chten wir Zubringer aus den Stadtteilen anbieten. Dabei fahrt ihr gemeinsam von eurem Stadtteil aus zum Startpunkt der Kidical Mass. Wenn du eine solche Tour anleiten m\u00f6chtest, melde dich unter <a href=\"mailto:kidicalmass@adfc-wiesbaden.de\">kidicalmass@adfc-wiesbaden.de<\/a>.<\/p> <p><strong>Werde Teil des Teams<\/strong><br \/>Wir freuen uns immer \u00fcber Zuwachs im Orga-Team. Wenn du Interesse hast, bei der Organisation der Kidical Mass mitzuwirken oder einfach einmal reinschnuppern m\u00f6chtest, melde dich unter <a href=\"mailto:kidicalmass@adfc-wiesbaden.de\">kidicalmass@adfc-wiesbaden.de<\/a>.<\/p> <p><strong>Lass uns Wiesbaden zur Fahrradstadt machen<\/strong><br \/>Wir unterst\u00fctzen euch, wenn ihr die Schule eurer Kinder fahrradfreundlicher machen wollt \u2013 zum Beispiel, wenn Tempo 30 vor der Schule eingerichtet werden soll, Fahrradst\u00e4nder fehlen, Eltern-Taxis morgens f\u00fcr Unsicherheit sorgen oder ihr eine Schulstra\u00dfe einrichten m\u00f6chtet. Kommt gerne mit euren Anliegen auf uns zu unter <a href=\"mailto:kidicalmass@adfc-wiesbaden.de\">kidicalmass@adfc-wiesbaden.de<\/a>.<\/p>","_links":{"self":[{"href":"https:\/\/www.adfc-wiesbaden.de\/en\/wp-json\/wp\/v2\/pages\/74832","targetHints":{"allow":["GET"]}}],"collection":[{"href":"https:\/\/www.adfc-wiesbaden.de\/en\/wp-json\/wp\/v2\/pages"}],"about":[{"href":"https:\/\/www.adfc-wiesbaden.de\/en\/wp-json\/wp\/v2\/types\/page"}],"author":[{"embeddable":true,"href":"https:\/\/www.adfc-wiesbaden.de\/en\/wp-json\/wp\/v2\/users\/50"}],"replies":[{"embeddable":true,"href":"https:\/\/www.adfc-wiesbaden.de\/en\/wp-json\/wp\/v2\/comments?post=74832"}],"version-history":[{"count":19,"href":"https:\/\/www.adfc-wiesbaden.de\/en\/wp-json\/wp\/v2\/pages\/74832\/revisions"}],"predecessor-version":[{"id":75604,"href":"https:\/\/www.adfc-wiesbaden.de\/en\/wp-json\/wp\/v2\/pages\/74832\/revisions\/75604"}],"up":[{"embeddable":true,"href":"https:\/\/www.adfc-wiesbaden.de\/en\/wp-json\/wp\/v2\/pages\/74799"}],"wp:featuredmedia":[{"embeddable":true,"href":"https:\/\/www.adfc-wiesbaden.de\/en\/wp-json\/wp\/v2\/media\/75249"}],"wp:attachment":[{"href":"https:\/\/www.adfc-wiesbaden.de\/en\/wp-json\/wp\/v2\/media?parent=74832"}],"wp:term":[{"taxonomy":"post_tag","embeddable":true,"href":"https:\/\/www.adfc-wiesbaden.de\/en\/wp-json\/wp\/v2\/tags?post=74832"}],"curies":[{"name":"wp","href":"https:\/\/api.w.org\/{rel}","templated":true}]}}