{"id":69440,"date":"2025-02-14T21:38:20","date_gmt":"2025-02-14T20:38:20","guid":{"rendered":"https:\/\/www2.adfc-wiesbaden.de\/?page_id=69440"},"modified":"2025-05-17T07:52:04","modified_gmt":"2025-05-17T05:52:04","slug":"adfc-rennradgruppe","status":"publish","type":"page","link":"https:\/\/www.adfc-wiesbaden.de\/es\/radtouren\/adfc-rennradgruppe\/","title":{"rendered":"ADFC Grupo de Bicicletas de Carretera"},"content":{"rendered":"<!--themify_builder_content-->\n<div id=\"themify_builder_content-69440\" data-postid=\"69440\" class=\"themify_builder_content themify_builder_content-69440 themify_builder tf_clear\">\n                    <div  data-lazy=\"1\" class=\"module_row themify_builder_row tb_31ds282 tb_first tf_w\">\n                        <div class=\"row_inner col_align_top tb_col_count_1 tf_box tf_rel\">\n                        <div  data-lazy=\"1\" class=\"module_column tb-column col-full tb_qe3j282 first\">\n                    <!-- module image -->\n<div  class=\"module module-image tb_tffq282 image-top   tf_mw\" data-lazy=\"1\">\n        <div class=\"image-wrap tf_rel tf_mw\">\n            <img decoding=\"async\" src=\"\/wp-content\/uploads\/2025\/02\/ennradgruppe_2_w1600.webp\" title=\"ADFC Grupo de Bicicletas de Carretera\" alt=\"ADFC Grupo de Bicicletas de Carretera\">    \n        <\/div>\n    <!-- \/image-wrap -->\n    \n        <\/div>\n<!-- \/module image -->        <div  data-lazy=\"1\" class=\"module_subrow themify_builder_sub_row tf_w col_align_top tb_col_count_3 tb_4b00282\">\n                <div  data-lazy=\"1\" class=\"module_column sub_column col3-1 tb_z7r0282 first\">\n                    <!-- module image -->\n<div  class=\"module module-image tb_olyz282 image-center   tf_mw\" data-lazy=\"1\">\n        <div class=\"image-wrap tf_rel tf_mw\">\n            <img decoding=\"async\" src=\"\/wp-content\/uploads\/2025\/02\/Dreieck_Orange.png\" width=\"44\" title=\"ADFC Grupo de Bicicletas de Carretera\" alt=\"ADFC Grupo de Bicicletas de Carretera\">    \n        <\/div>\n    <!-- \/image-wrap -->\n    \n        <\/div>\n<!-- \/module image -->        <\/div>\n                    <div  data-lazy=\"1\" class=\"module_column sub_column col3-1 tb_z2iv282\">\n                            <\/div>\n                    <div  data-lazy=\"1\" class=\"module_column sub_column col3-1 tb_u5bq282 last\">\n                            <\/div>\n                    <\/div>\n        <!-- module plain text -->\n<div  class=\"module module-plain-text tb_t527282 bild_header_h1 adfc_orange tb_gs4151609\" data-lazy=\"1\">\n        <div class=\"tb_text_wrap\">\n    <span style=\"font-size:28px; line-height:34px;\" >Grupo de bicicletas de carretera<\/span><span style=\"float:right;font-size:14px; line-height:34px;margin-right:5px;\">\u00a9 Ansgar Schiffler <\/span>    <\/div>\n<\/div>\n<!-- \/module plain text -->        <\/div>\n                        <\/div>\n        <\/div>\n                        <div  data-lazy=\"1\" class=\"module_row themify_builder_row tb_5se3623 tf_w\">\n                        <div class=\"row_inner col_align_top tb_col_count_1 tf_box tf_rel\">\n                        <div  data-lazy=\"1\" class=\"module_column tb-column col-full tb_q1la623 first\">\n                    <!-- module text -->\n<div  class=\"module module-text tb_ugre579\" data-lazy=\"1\">\n        <div  class=\"tb_text_wrap\">\n        <h1 class=\"\">ADFC Grupo de Bicicletas de Carretera<\/h1>    <\/div>\n<\/div>\n<!-- \/module text -->        <\/div>\n                        <\/div>\n        <\/div>\n                        <div  data-lazy=\"1\" class=\"module_row themify_builder_row tb_8qf0372 tf_w\">\n                        <div class=\"row_inner col_align_top tb_col_count_2 tf_box tf_rel\">\n                        <div  data-lazy=\"1\" class=\"module_column tb-column col4-2 tb_olh5372 first\">\n                    <!-- module text -->\n<div  class=\"module module-text tb_763t663\" data-lazy=\"1\">\n        <div  class=\"tb_text_wrap\">\n        <p><b>Desde 2014, ha habido un grupo de bicicletas de carretera en nuestra asociaci\u00f3n de distrito de ADFC que se re\u00fane regularmente para paseos. Dentro del ADFC, un grupo de bicicletas de carretera sigue siendo algo especial. Nuestra iniciativa de Wiesbaden es la \u00fanica en Hesse hasta ahora.<\/b><\/p>\n<h2>Reuni\u00f3n peri\u00f3dica en bicicleta de carretera a orillas del Rin en Biebrich<\/h2>\n<p>El grupo de bicicletas de carretera se re\u00fane:<\/p>\n<p style=\"text-align: left;\"><strong>En el medio a\u00f1o de verano generalmente 1-2 veces a la semana en las orillas del Rin en Biebrich (en el embarcadero \/ torre de nivel KD). Las fechas y rutas se distribuir\u00e1n por correo electr\u00f3nico con antelaci\u00f3n.<\/strong><\/p>\n<p>El punto de partida en el Rin tambi\u00e9n fue elegido para incluir a los entusiastas de la bicicleta de carretera de Maguncia. Como regla general, de 40 a 70 kil\u00f3metros se conducen en los recorridos despu\u00e9s del trabajo. Al hacerlo, se seleccionan principalmente rutas planas y se evitan inclinaciones m\u00e1s grandes. El ritmo es moderado y tambi\u00e9n adecuado para principiantes en bicicleta de carretera. Se trata de diversi\u00f3n sobre ruedas r\u00e1pidas, no de competencia. Los destinos m\u00e1s populares son Rheingau, Ried, Rheinhessen y Wiesbaden \"L\u00e4ndchen\".<\/p>\n<p>Los fines de semana, ocasionalmente se organizan viajes en bicicleta de carretera m\u00e1s largos en el semestre de verano. Por un lado, se ofrecen tours propios, que son dirigidos por personas activas del grupo de bicicletas de carretera. Por otro lado, tambi\u00e9n nos gusta participar en los tours de ciclismo (RTF) y maratones de ciclismo de los clubes de ciclismo.<\/p>\n<p style=\"text-align: left;\"><strong>En el medio a\u00f1o de invierno (con condiciones clim\u00e1ticas adecuadas) se realizan recorridos en bicicleta de carretera m\u00e1s peque\u00f1os<br \/>Inicio: Biebricher Rheinufer (en KD-Anleger\/Pegelturm)<br \/><\/strong><\/p>\n<p>No hay un descanso de temporada adecuado.<\/p>\n<h3>Persona de contacto:<\/h3>\n<p>Si est\u00e1 interesado en el grupo de bicicletas de carretera, puede registrarse en nuestra lista de correo electr\u00f3nico.<br \/>Simplemente env\u00ede un correo electr\u00f3nico a:<br \/><strong>Correo electr\u00f3nico:\u00a0 <a href=\"\/es\/&\/#109;a&#x69;l&#x74;o&#x3a;r&#x65;n&#x6e;r&#x61;&#100;\u200d&#64;&#x61;&#100;&#x66;&#99;&#x2d;&#119;&#x69;&#101;s&#x62;a&#x64;e&#x6e;&#46;&#x64;e\">rennrad\u200d(at)adfc-wiesbaden.de<\/a><\/strong><\/p>\n<p>Este distribuidor le informar\u00e1 de cada tour con antelaci\u00f3n. Puede obtener m\u00e1s informaci\u00f3n sobre las ofertas de bicicletas de carretera de ADFC llamando al <strong>Thomas Fuchs (tel. n.o 0160\/94837314).<\/strong><\/p>\n<h2>Reuni\u00f3n regular en bicicleta de carretera en Mainz en Fort Malakoff<\/h2>\n<p>Desde 2019 hay una segunda reuni\u00f3n de bicicletas de carretera:<\/p>\n<p style=\"text-align: left;\"><strong> En verano <\/strong><strong>Mi\u00e9rcoles a las 6 p.m. <\/strong><strong>el Fuerte Malakoff en Maguncia<\/strong><\/p>\n<p>Estos tours son ofrecidos por Heike Lang. Si desea viajar con ella, p\u00f3ngase en contacto con ella:<br \/><strong>Correo electr\u00f3nico: <a href=\"\/es\/&\/#x6d;&#97;i&#x6c;&#116;&#111;&#x3a;&#x68;&#101;i&#x6b;&#101;-&#x6c;&#x61;&#110;g&#x2e;&#54;8\u200d&#64;&#x74;&#45;o&#x6e;&#x6c;&#105;n&#x65;&#46;d&#x65;\">68\u20ac (\u200cat \u200c)\u00act-online.de<\/a> o tel.: 01578 1798799<\/strong><\/p>    <\/div>\n<\/div>\n<!-- \/module text -->        <\/div>\n                    <div  data-lazy=\"1\" class=\"module_column tb-column col4-2 tb_zy7v353 last\">\n                    <!-- module box -->\n<div  class=\"module module-box tb_qgt6649  tb_gs678604\" data-lazy=\"1\">\n    <div class=\"module-box-content ui  tb_default_color\">\n                <div class=\"tb_text_wrap\"><div class=\"tb_layout_part_wrap tf_w\"><!--themify_builder_content-->\n    <div  class=\"themify_builder_content themify_builder_content-69641 themify_builder not_editable_builder in_the_loop\" data-postid=\"69641\">\n                        <div  data-lazy=\"1\" class=\"module_row themify_builder_row blue_right_menu_box tb_pon9441 tf_w\">\n                        <div class=\"row_inner col_align_top tb_col_count_1 tf_box tf_rel\">\n                        <div  data-lazy=\"1\" class=\"module_column tb-column col-full tb_imf9000 first\">\n                    <!-- module text -->\n<div  class=\"module module-text tb_ozup006\" data-lazy=\"1\">\n        <div  class=\"tb_text_wrap\">\n        <h2>Otros enlaces<\/h2>    <\/div>\n<\/div>\n<!-- \/module text --><!-- module buttons -->\n<div  class=\"module module-buttons tb_7dgc555 buttons-horizontal transparent\" data-lazy=\"1\">\n        <div class=\"module-buttons-item tf_in_flx\">\n                        <a href=\"https:\/\/www.adfc-wiesbaden.de\/es\/radtouren\/adfc-rennradgruppe\/\" class=\"ui builder_button tf_in_flx tb_default_color\" >\n                                    <em><svg  class=\"tf_fa tf-ti-new-window\" xmlns:xlink=\"http:\/\/www.w3.org\/1999\/xlink\" aria-hidden=\"true\"><use href=\"#tf-ti-new-window\" xlink:href=\"#tf-ti-new-window\"><\/use><\/svg><\/em>                                        Grupo de bicicletas de carretera                                        <\/a>\n                <\/div>\n            <\/div>\n<!-- \/module buttons -->\n        <div  data-lazy=\"1\" class=\"module_subrow themify_builder_sub_row tf_w col_align_top tb_col_count_1 tb_it7n050\">\n                <div  data-lazy=\"1\" class=\"module_column sub_column col-full tb_umat066 first\">\n                    <!-- module divider -->\n<div  class=\"module tf_mw module-divider tb_vly7050 solid\" style=\"border-width: 1px;border-color: #ffffff;margin-top: 1px;margin-bottom: 1px;\" data-lazy=\"1\">\n    <\/div>\n<!-- \/module divider -->\n        <\/div>\n                    <\/div>\n        <!-- module buttons -->\n<div  class=\"module module-buttons tb_qhca060 buttons-horizontal transparent\" data-lazy=\"1\">\n        <div class=\"module-buttons-item tf_in_flx\">\n                        <a href=\"https:\/\/www.adfc-wiesbaden.de\/es\/radtouren\/die-adfc-mittwochsradler-in-wiesbaden\/\" class=\"ui builder_button tf_in_flx tb_default_color\" >\n                                    <em><svg  class=\"tf_fa tf-ti-new-window\" xmlns:xlink=\"http:\/\/www.w3.org\/1999\/xlink\" aria-hidden=\"true\"><use href=\"#tf-ti-new-window\" xlink:href=\"#tf-ti-new-window\"><\/use><\/svg><\/em>                                        Mi\u00e9rcoles ciclistas                                        <\/a>\n                <\/div>\n            <\/div>\n<!-- \/module buttons -->\n        <div  data-lazy=\"1\" class=\"module_subrow themify_builder_sub_row tf_w col_align_top tb_col_count_1 tb_625t600\">\n                <div  data-lazy=\"1\" class=\"module_column sub_column col-full tb_fr90130 first\">\n                    <!-- module divider -->\n<div  class=\"module tf_mw module-divider tb_s4pu150 solid\" style=\"border-width: 1px;border-color: #ffffff;margin-top: 1px;margin-bottom: 1px;\" data-lazy=\"1\">\n    <\/div>\n<!-- \/module divider -->\n        <\/div>\n                    <\/div>\n        <!-- module buttons -->\n<div  class=\"module module-buttons tb_e0xb166 buttons-horizontal transparent\" data-lazy=\"1\">\n        <div class=\"module-buttons-item tf_in_flx\">\n                        <a href=\"\/es\/tag\/radtourenbericht\/\" class=\"ui builder_button tf_in_flx tb_default_color\" >\n                                    <em><svg  class=\"tf_fa tf-ti-new-window\" xmlns:xlink=\"http:\/\/www.w3.org\/1999\/xlink\" aria-hidden=\"true\"><use href=\"#tf-ti-new-window\" xlink:href=\"#tf-ti-new-window\"><\/use><\/svg><\/em>                                        Informes de recorridos en bicicleta                                        <\/a>\n                <\/div>\n            <\/div>\n<!-- \/module buttons -->\n        <div  data-lazy=\"1\" class=\"module_subrow themify_builder_sub_row tf_w col_align_top tb_col_count_1 tb_gd7v606\">\n                <div  data-lazy=\"1\" class=\"module_column sub_column col-full tb_owtx005 first\">\n                    <!-- module divider -->\n<div  class=\"module tf_mw module-divider tb_w7u6006 solid\" style=\"border-width: 1px;border-color: #ffffff;margin-top: 1px;margin-bottom: 1px;\" data-lazy=\"1\">\n    <\/div>\n<!-- \/module divider -->\n        <\/div>\n                    <\/div>\n        <!-- module buttons -->\n<div  class=\"module module-buttons tb_n5xl376 buttons-horizontal transparent\" data-lazy=\"1\">\n        <div class=\"module-buttons-item tf_in_flx\">\n                        <a href=\"\/es\/tourenprogramm\/\" class=\"ui builder_button tf_in_flx tb_default_color\" >\n                                    <em><svg  class=\"tf_fa tf-ti-new-window\" xmlns:xlink=\"http:\/\/www.w3.org\/1999\/xlink\" aria-hidden=\"true\"><use href=\"#tf-ti-new-window\" xlink:href=\"#tf-ti-new-window\"><\/use><\/svg><\/em>                                        Programa de tour en bicicleta                                        <\/a>\n                <\/div>\n            <\/div>\n<!-- \/module buttons -->\n        <div  data-lazy=\"1\" class=\"module_subrow themify_builder_sub_row tf_w col_align_top tb_col_count_1 tb_jzkx459\">\n                <div  data-lazy=\"1\" class=\"module_column sub_column col-full tb_g1gs459 first\">\n                    <!-- module divider -->\n<div  class=\"module tf_mw module-divider tb_qhro459 solid\" style=\"border-width: 1px;border-color: #ffffff;margin-top: 1px;margin-bottom: 1px;\" data-lazy=\"1\">\n    <\/div>\n<!-- \/module divider -->\n        <\/div>\n                    <\/div>\n        <!-- module buttons -->\n<div  class=\"module module-buttons tb_nvai813 buttons-horizontal transparent\" data-lazy=\"1\">\n        <div class=\"module-buttons-item tf_in_flx\">\n                        <a href=\"https:\/\/www.adfc-wiesbaden.de\/es\/tourenprogramm-als-pdf\/\" class=\"ui builder_button tf_in_flx tb_default_color\" >\n                                    <em><svg  class=\"tf_fa tf-ti-new-window\" xmlns:xlink=\"http:\/\/www.w3.org\/1999\/xlink\" aria-hidden=\"true\"><use href=\"#tf-ti-new-window\" xlink:href=\"#tf-ti-new-window\"><\/use><\/svg><\/em>                                        Programa de recorridos en bicicleta como PDF                                        <\/a>\n                <\/div>\n            <\/div>\n<!-- \/module buttons -->\n        <div  data-lazy=\"1\" class=\"module_subrow themify_builder_sub_row tf_w col_align_top tb_col_count_1 tb_ww1w469\">\n                <div  data-lazy=\"1\" class=\"module_column sub_column col-full tb_xm56469 first\">\n                    <!-- module divider -->\n<div  class=\"module tf_mw module-divider tb_gdt0469 solid\" style=\"border-width: 1px;border-color: #ffffff;margin-top: 1px;margin-bottom: 1px;\" data-lazy=\"1\">\n    <\/div>\n<!-- \/module divider -->\n        <\/div>\n                    <\/div>\n        <!-- module buttons -->\n<div  class=\"module module-buttons tb_367r972 buttons-horizontal transparent\" data-lazy=\"1\">\n        <div class=\"module-buttons-item tf_in_flx\">\n                        <a href=\"https:\/\/www.adfc-wiesbaden.de\/es\/radtouren\/tourenprogramm\/teilnahmebedingungen\/\" class=\"ui builder_button tf_in_flx tb_default_color\" >\n                                    <em><svg  class=\"tf_fa tf-ti-new-window\" xmlns:xlink=\"http:\/\/www.w3.org\/1999\/xlink\" aria-hidden=\"true\"><use href=\"#tf-ti-new-window\" xlink:href=\"#tf-ti-new-window\"><\/use><\/svg><\/em>                                        Condiciones de participaci\u00f3n Bike tours                                        <\/a>\n                <\/div>\n            <\/div>\n<!-- \/module buttons -->\n        <div  data-lazy=\"1\" class=\"module_subrow themify_builder_sub_row tf_w col_align_top tb_col_count_1 tb_nrr0578\">\n                <div  data-lazy=\"1\" class=\"module_column sub_column col-full tb_6fo6578 first\">\n                    <!-- module divider -->\n<div  class=\"module tf_mw module-divider tb_yoja578 solid\" style=\"border-width: 1px;border-color: #ffffff;margin-top: 1px;margin-bottom: 1px;\" data-lazy=\"1\">\n    <\/div>\n<!-- \/module divider -->\n        <\/div>\n                    <\/div>\n                <\/div>\n                        <\/div>\n        <\/div>\n            <\/div>\n<!--\/themify_builder_content--><\/div>\n<\/div>\n    <\/div>\n<\/div>\n<!-- \/module box -->\n        <\/div>\n                        <\/div>\n        <\/div>\n        <\/div>\n<!--\/themify_builder_content-->\n\n\n<p><\/p>","protected":false},"excerpt":{"rendered":"<p><b>Desde 2014, ha habido un grupo de bicicletas de carretera en nuestra asociaci\u00f3n de distrito de ADFC que se re\u00fane regularmente para paseos.<\/b><br \/>\nDentro del ADFC, un grupo de bicicletas de carretera sigue siendo algo especial. Nuestra iniciativa de Wiesbaden es la \u00fanica en Hesse hasta ahora.<\/p>","protected":false},"author":18,"featured_media":69668,"parent":69427,"menu_order":7,"comment_status":"closed","ping_status":"closed","template":"","meta":{"footnotes":""},"tags":[762,763],"class_list":["post-69440","page","type-page","status-publish","has-post-thumbnail","hentry","tag-radfahren","tag-rennrad","has-post-title","has-post-date","has-post-category","has-post-tag","has-post-comment","has-post-author",""],"builder_content":"<img src=\"\/wp-content\/uploads\/2025\/02\/ennradgruppe_2_w1600.webp\" title=\"ADFC Rennradgruppe\" alt=\"ADFC Rennradgruppe\">\n<img src=\"\/wp-content\/uploads\/2025\/02\/Dreieck_Orange.png\" width=\"44\" title=\"ADFC Rennradgruppe\" alt=\"ADFC Rennradgruppe\">\nRennradgruppe&copy; Ansgar Schiffler\n<h1>ADFC Rennradgruppe<\/h1>\n<p><b>Seit 2014 gibt es in unserem ADFC-Kreisverband eine Rennradgruppe, die sich regelm\u00e4\u00dfig zu Ausfahrten trifft. Innerhalb des ADFC ist eine Rennradgruppe immer noch etwas Besonderes. Unsere Wiesbadener Initiative ist bislang die einzige in Hessen.<\/b><\/p> <h2>Regelm\u00e4\u00dfiger Rennradtreff am Biebricher Rheinufer<\/h2> <p>Die Rennradgruppe trifft sich:<\/p> <p style=\"text-align: left;\"><strong>Im Sommerhalbjahr in der Regel 1-2 mal pro Woche am Biebricher Rheinufer (am KD-Anleger\/Pegelturm). Termine und Routen werden vorher per E-Mail verteilt.<\/strong><\/p> <p>Der Startort am Rhein wurde auch gew\u00e4hlt, um die Rennradfreunde aus Mainz einzubeziehen. In der Regel werden bei den Feierabendtouren 40 bis 70 Kilometer gefahren. Dabei werden vorwiegend flache Strecken ausgew\u00e4hlt und gr\u00f6\u00dfere Steigungen vermieden. Das Tempo ist moderat und auch f\u00fcr Rennrad-Anf\u00e4nger geeignet. Es geht dabei um Spa\u00df auf flotten R\u00e4dern, nicht um Wettkampf. Beliebte Ziele sind der Rheingau, das Ried, Rheinhessen und das Wiesbadener \u201eL\u00e4ndchen\u201c.<\/p> <p>An den Wochenenden werden im Sommerhalbjahr vereinzelt l\u00e4ngere Rennradausfl\u00fcge veranstaltet. Zum einen werden eigene Touren angeboten, die die von Aktiven aus der Rennradgruppe gef\u00fchrt werden. Zum anderen fahren wir auch gerne bei den Radtourenfahrten (RTF) und Radmarathons der Radsportvereine mit.<\/p> <p style=\"text-align: left;\"><strong>Im Winterhalbjahr (bei geeigneten Witterungsbedingungen) werden kleinere Rennradtouren gefahren<br \/>Start: Biebricher Rheinufer (am KD-Anleger\/Pegelturm)<br \/><\/strong><\/p> <p>Eine richtige Saisonpause gibt es nicht.<\/p> <h3>Kontakt:<\/h3> <p>Wer Interesse an der Rennradgruppe hat, kann sich in unserer E-Mail-Verteiler eintragen lassen.<br \/>Einfach Mail an:<br \/><strong>E-Mail:\u00a0 <a href=\"mailto:rennrad\u200d@adfc-wiesbaden.de\">rennrad\u200d(at)adfc-wiesbaden.de<\/a><\/strong><\/p> <p>\u00dcber diesen Verteiler wird vorab \u00fcber jede Tour informiert. Weitere Informationen zu den Rennrad-Angeboten des ADFC k\u00f6nnen telefonisch erfragt werden bei <strong>Thomas Fuchs (Tel.-Nr. 0160\/94837314).<\/strong><\/p> <h2>Regelm\u00e4\u00dfiger Rennradtreff in Mainz am Fort Malakoff<\/h2> <p>Seit 2019 gibt es einen zweiten Rennradtreff:<\/p> <p style=\"text-align: left;\"><strong> In der Sommerzeit <\/strong><strong>mittwochs um 18 Uhr <\/strong><strong>am Fort Malakoff in Mainz<\/strong><\/p> <p>Diese Touren werden von Heike Lang angeboten. Wenn Du mitfahren m\u00f6chtest, nimm bitte mit ihr Kontakt auf:<br \/><strong>E-Mail: <a href=\"mailto:heike-lang.68\u200d@t-online.de\">Heike-Lang.68\u200d(\u200cat\u200c)\u200dt-online.de<\/a> oder Tel.: 01578 1798799<\/strong><\/p>\n<p>[themify_layout_part id=\"69641\"]<\/p>","_links":{"self":[{"href":"https:\/\/www.adfc-wiesbaden.de\/es\/wp-json\/wp\/v2\/pages\/69440","targetHints":{"allow":["GET"]}}],"collection":[{"href":"https:\/\/www.adfc-wiesbaden.de\/es\/wp-json\/wp\/v2\/pages"}],"about":[{"href":"https:\/\/www.adfc-wiesbaden.de\/es\/wp-json\/wp\/v2\/types\/page"}],"author":[{"embeddable":true,"href":"https:\/\/www.adfc-wiesbaden.de\/es\/wp-json\/wp\/v2\/users\/18"}],"replies":[{"embeddable":true,"href":"https:\/\/www.adfc-wiesbaden.de\/es\/wp-json\/wp\/v2\/comments?post=69440"}],"version-history":[{"count":79,"href":"https:\/\/www.adfc-wiesbaden.de\/es\/wp-json\/wp\/v2\/pages\/69440\/revisions"}],"predecessor-version":[{"id":72504,"href":"https:\/\/www.adfc-wiesbaden.de\/es\/wp-json\/wp\/v2\/pages\/69440\/revisions\/72504"}],"up":[{"embeddable":true,"href":"https:\/\/www.adfc-wiesbaden.de\/es\/wp-json\/wp\/v2\/pages\/69427"}],"wp:featuredmedia":[{"embeddable":true,"href":"https:\/\/www.adfc-wiesbaden.de\/es\/wp-json\/wp\/v2\/media\/69668"}],"wp:attachment":[{"href":"https:\/\/www.adfc-wiesbaden.de\/es\/wp-json\/wp\/v2\/media?parent=69440"}],"wp:term":[{"taxonomy":"post_tag","embeddable":true,"href":"https:\/\/www.adfc-wiesbaden.de\/es\/wp-json\/wp\/v2\/tags?post=69440"}],"curies":[{"name":"wp","href":"https:\/\/api.w.org\/{rel}","templated":true}]}}