{"id":69552,"date":"2025-02-15T12:26:32","date_gmt":"2025-02-15T11:26:32","guid":{"rendered":"https:\/\/www2.adfc-wiesbaden.de\/?page_id=69552"},"modified":"2026-04-15T21:33:20","modified_gmt":"2026-04-15T19:33:20","slug":"verleih","status":"publish","type":"page","link":"https:\/\/www.adfc-wiesbaden.de\/es\/service\/verleih\/","title":{"rendered":"contratar"},"content":{"rendered":"<!--themify_builder_content-->\n<div id=\"themify_builder_content-69552\" data-postid=\"69552\" class=\"themify_builder_content themify_builder_content-69552 themify_builder tf_clear\">\n                    <div  data-lazy=\"1\" class=\"module_row themify_builder_row tb_fuip376 tb_first tf_w\">\n                        <div class=\"row_inner col_align_top tb_col_count_1 tf_box tf_rel\">\n                        <div  data-lazy=\"1\" class=\"module_column tb-column col-full tb_rup4376 first\">\n                    <!-- module image -->\n<div  class=\"module module-image tb_oeuh376 image-top   tf_mw\" data-lazy=\"1\">\n        <div class=\"image-wrap tf_rel tf_mw\">\n            <img decoding=\"async\" src=\"\/wp-content\/uploads\/2025\/02\/Tandem_Goebenstrasse-scaled.jpg\" alt=\"Nuestro t\u00e1ndem frente a la oficina\">    \n        <\/div>\n    <!-- \/image-wrap -->\n    \n        <\/div>\n<!-- \/module image -->        <div  data-lazy=\"1\" class=\"module_subrow themify_builder_sub_row tf_w col_align_top tb_col_count_3 tb_rzxv376\">\n                <div  data-lazy=\"1\" class=\"module_column sub_column col3-1 tb_9fe9376 first\">\n                    <!-- module image -->\n<div  class=\"module module-image tb_mwa1191 image-center   tf_mw\" data-lazy=\"1\">\n        <div class=\"image-wrap tf_rel tf_mw\">\n            <img decoding=\"async\" src=\"\/wp-content\/uploads\/2025\/02\/Dreieck_Orange.png\" width=\"44\" title=\"contratar\" alt=\"contratar\">    \n        <\/div>\n    <!-- \/image-wrap -->\n    \n        <\/div>\n<!-- \/module image -->        <\/div>\n                    <div  data-lazy=\"1\" class=\"module_column sub_column col3-1 tb_royb376\">\n                            <\/div>\n                    <div  data-lazy=\"1\" class=\"module_column sub_column col3-1 tb_j6ht376 last\">\n                            <\/div>\n                    <\/div>\n        <!-- module plain text -->\n<div  class=\"module module-plain-text tb_889e376 bild_header_h1 adfc_orange tb_gs4151609\" data-lazy=\"1\">\n        <div class=\"tb_text_wrap\">\n    <span style=\"font-size:28px; line-height:34px;\" >Nuestro t\u00e1ndem frente a la oficina<\/span>\n<span style=\"float:right;font-size:14px; line-height:34px;margin-right:5px;\">\u00a9 Michele Fleckenstein<\/span>    <\/div>\n<\/div>\n<!-- \/module plain text -->        <\/div>\n                        <\/div>\n        <\/div>\n                        <div  data-lazy=\"1\" class=\"module_row themify_builder_row tb_kp6l556 tf_w\">\n                        <div class=\"row_inner col_align_top tb_col_count_1 tf_box tf_rel\">\n                        <div  data-lazy=\"1\" class=\"module_column tb-column col-full tb_757k556 first\">\n                    <!-- module text -->\n<div  class=\"module module-text tb_dzgl486    tb_gs678604\" data-lazy=\"1\">\n        <div  class=\"tb_text_wrap\">\n        <h1>Alquiler en t\u00e1ndem<\/h1>\n<p><b>\u00bfTe gustar\u00eda pedalear sincronizado para dos? \u00a1No hay problema con el t\u00e1ndem del ADFC Wiesbaden\/Rheingau-Taunus!<\/b><\/p>\n<p>Puedes probar la extraordinaria experiencia de montar en t\u00e1ndem con el t\u00e1ndem ADFC. Recogida en el centro de Wiesbaden.<\/p>\n<p><strong>Costes:<\/strong><\/p>\n<ul>\n<li><b>para los miembros del ADFC<\/b><br \/>20 euros por d\u00eda Mo-Fr \/ 40 euros para el fin de semana*<\/li>\n<li><b>para los no miembros<\/b><br \/>40 euros por d\u00eda Mo-Fr \/ 70 euros para el fin de semana*<br \/><br \/>*fin de semana: De viernes por la tarde a lunes por la ma\u00f1ana<\/li>\n<\/ul>\n<p>Un dep\u00f3sito de 200 euros debe ser depositado.<br \/>Recomendamos la preinscripci\u00f3n oportuna.<\/p>\n<p>Persona de contacto: <a href=\"\/es\/&\/#x6d;&#x61;&#x69;&#x6c;&#x74;&#x6f;&#x3a;&#x69;&#x6e;&#x66;&#x6f;&#64;&#97;&#100;&#102;&#99;&#45;&#119;iesbad&#x65;&#x6e;&#x2e;&#x64;&#x65;\">info\u200d@adfc-wiesbaden.de<\/a><\/p>    <\/div>\n<\/div>\n<!-- \/module text -->        <\/div>\n                        <\/div>\n        <\/div>\n                        <div  data-lazy=\"1\" class=\"module_row themify_builder_row tb_3e2x50 tf_w\">\n                        <div class=\"row_inner col_align_top tb_col_count_2 tf_box tf_rel\">\n                        <div  data-lazy=\"1\" class=\"module_column tb-column col4-2 tb_gecn50 first\">\n                    <!-- module text -->\n<div  class=\"module module-text tb_83sk100    tb_gs678604\" data-lazy=\"1\">\n        <div  class=\"tb_text_wrap\">\n        <h1 class=\"\">Alquiler de bolsas de embalaje<\/h1>\n<p><b>\u00bfVas a hacer un tour en bicicleta y necesitas maletas? No tienes que comprarlos de inmediato. \u00a1Prestamos bolsas ADFC, individualmente o en pareja!<\/b><\/p>\n<p>El Kreisverband Wiesbaden\/Rheingau-Taunus ofrece bolsas robustas y resistentes a la intemperie, modelo BackRoller cl\u00e1sico de la empresa ORTLIEB.<br \/><br \/>Los bolsos est\u00e1n en los colores ADFC azul\/naranja, son impermeables y caben en cualquier portaequipajes. M\u00e1s informaci\u00f3n del producto: <a href=\"https:\/\/www.ortlieb.com\/de\/back-roller-classic\" target=\"_blank\" rel=\"noopener\">https:\/\/www.ortlieb.com\/de\/back-roller-classic<\/a><br \/><br \/>Puede pedir prestados los bolsos individualmente o como un par.<\/p>\n<p><strong>Costes:<\/strong><\/p>\n<ul>\n<li><b>para los miembros del ADFC<\/b><br \/>2 euros por d\u00eda \/ 5 euros por semana por bolsa<\/li>\n<li><b>para los no miembros<\/b><br \/>4 euros por d\u00eda \/ 8 euros por semana por bolsa<\/li>\n<\/ul>\n<p>Un dep\u00f3sito de 100 euros debe ser depositado.<br \/>Recomendamos la preinscripci\u00f3n oportuna.<br \/><br \/>Persona de contacto: <a href=\"\/es\/mai&\/#108;&#116;&#111;&#x3a;&#x69;&#x6e;&#x66;&#x6f;&#x40;adf&#99;&#45;&#119;&#105;&#x65;&#x73;&#x62;&#x61;&#x64;&#x65;n&#46;d&#101;\">info\u200d@adfc-wiesbaden.de<\/a><\/p>    <\/div>\n<\/div>\n<!-- \/module text -->        <\/div>\n                    <div  data-lazy=\"1\" class=\"module_column tb-column col4-2 tb_jgdb583 last\">\n                    <!-- module image -->\n<div  class=\"module module-image tb_ux8l583 image-top   tf_mw tb_gs2677162d\" data-lazy=\"1\">\n        <div class=\"image-wrap tf_rel tf_mw\">\n            <img decoding=\"async\" src=\"\/wp-content\/uploads\/2025\/02\/FahrradMitPacktasche.jpg\" title=\"Bicicleta con bolsas \u00a9 Ulla Bai\" alt=\"Bicicleta con bolsas \u00a9 Ulla Bai\">    \n        <\/div>\n    <!-- \/image-wrap -->\n    \n        <div class=\"image-content\">\n                    <h3 class=\"image-title\">\n                                    Bicicleta con bolsas \u00a9 Ulla Bai                            <\/h3>\n                    <\/div>\n    <!-- \/image-content -->\n        <\/div>\n<!-- \/module image -->        <\/div>\n                        <\/div>\n        <\/div>\n        <\/div>\n<!--\/themify_builder_content-->","protected":false},"excerpt":{"rendered":"<p>Informaci\u00f3n sobre el alquiler de bolsas y t\u00e1ndems de ADFC Wiesbaden <\/p>","protected":false},"author":50,"featured_media":69554,"parent":69773,"menu_order":0,"comment_status":"closed","ping_status":"closed","template":"","meta":{"footnotes":""},"tags":[],"class_list":["post-69552","page","type-page","status-publish","has-post-thumbnail","hentry","has-post-title","has-post-date","has-post-category","has-post-tag","has-post-comment","has-post-author",""],"builder_content":"<img src=\"\/wp-content\/uploads\/2025\/02\/Tandem_Goebenstrasse-scaled.jpg\" alt=\"Unser Tandem vor der Gesch\u00e4ftsstelle\">\n<img src=\"\/wp-content\/uploads\/2025\/02\/Dreieck_Orange.png\" width=\"44\" title=\"Verleih\" alt=\"Verleih\">\nUnser Tandem vor der Gesch\u00e4ftsstelle \u00a9 Michele Fleckenstein\n<h1>Tandem-Verleih<\/h1> <p><b>Lust, mal zu zweit synchron in die Pedale zu treten? Mit dem Tandem des ADFC Wiesbaden\/Rheingau-Taunus kein Problem!<\/b><\/p> <p>Das au\u00dfergew\u00f6hnliche Erlebnis, mal Tandem zu fahren, k\u00f6nnen Sie mit dem ADFC-Tandem ausprobieren. Abholung in der Innenstadt von Wiesbaden.<\/p> <p><strong>Kosten:<\/strong><\/p> <ul> <li><b>f\u00fcr ADFC-Mitglieder<\/b><br \/>20 Euro pro Tag Mo\u2013Fr\u00a0 \u00a0\/\u00a0 40 Euro f\u00fcr das Wochenende*<\/li> <li><b>f\u00fcr Nicht-Mitglieder<\/b><br \/>40 Euro pro Tag Mo\u2013Fr\u00a0 \u00a0\/\u00a0 70 Euro f\u00fcr das Wochenende*<br \/><br \/>*Wochenende: Freitag Nachmittag bis Montag Vormittag<\/li> <\/ul> <p>Hinterlegt werden muss eine Kaution von 200 Euro.<br \/>Wir empfehlen rechtzeitige Voranmeldung.<\/p> <p>Kontakt: <a href=\"mailto:info@adfc-wiesbaden.de\">info\u200d@adfc-wiesbaden.de<\/a><\/p>\n<h1>Packtaschen-Verleih<\/h1> <p><b>Sie gehen auf eine Radtour und ben\u00f6tigen Packtaschen? Die m\u00fcssen Sie sich nicht gleich kaufen. Wir verleihen ADFC-Packtaschen, einzeln oder als Paar!<\/b><\/p> <p>Der Kreisverband Wiesbaden\/Rheingau-Taunus verleiht robuste und wetterfeste Packtaschen - Modell BackRoller classic von der Firma ORTLIEB.<br \/><br \/>Die Packtaschen sind in den ADFC-Farben blau\/orange, sie sind wasserdicht und passen auf jeden Gep\u00e4cktr\u00e4ger. Mehr Produktinfos: <a href=\"https:\/\/www.ortlieb.com\/de\/back-roller-classic\" target=\"_blank\" rel=\"noopener\">https:\/\/www.ortlieb.com\/de\/back-roller-classic<\/a><br \/><br \/>Sie k\u00f6nnen die Packtaschen einzeln oder als Paar leihen.<\/p> <p><strong>Kosten:<\/strong><\/p> <ul> <li><b>f\u00fcr ADFC-Mitglieder<\/b><br \/>2 Euro pro Tag\u00a0 \/\u00a0 5 Euro pro Woche je Tasche<\/li> <li><b>f\u00fcr Nicht-Mitglieder<\/b><br \/>4 Euro pro Tag\u00a0 \/\u00a0 8 Euro pro Woche je Tasche<\/li> <\/ul> <p>Hinterlegt werden muss eine Kaution von 100 Euro.<br \/>Wir empfehlen rechtzeitige Voranmeldung.<br \/><br \/>Kontakt: <a href=\"mailto:info@adfc-wiesbaden.de\">info\u200d@adfc-wiesbaden.de<\/a><\/p>\n<img src=\"\/wp-content\/uploads\/2025\/02\/FahrradMitPacktasche.jpg\" title=\"Fahrrad mit Packtaschen &copy; Ulla Bai\" alt=\"Fahrrad mit Packtaschen &copy; Ulla Bai\"> <h3> Fahrrad mit Packtaschen &copy; Ulla Bai <\/h3>","_links":{"self":[{"href":"https:\/\/www.adfc-wiesbaden.de\/es\/wp-json\/wp\/v2\/pages\/69552","targetHints":{"allow":["GET"]}}],"collection":[{"href":"https:\/\/www.adfc-wiesbaden.de\/es\/wp-json\/wp\/v2\/pages"}],"about":[{"href":"https:\/\/www.adfc-wiesbaden.de\/es\/wp-json\/wp\/v2\/types\/page"}],"author":[{"embeddable":true,"href":"https:\/\/www.adfc-wiesbaden.de\/es\/wp-json\/wp\/v2\/users\/50"}],"replies":[{"embeddable":true,"href":"https:\/\/www.adfc-wiesbaden.de\/es\/wp-json\/wp\/v2\/comments?post=69552"}],"version-history":[{"count":39,"href":"https:\/\/www.adfc-wiesbaden.de\/es\/wp-json\/wp\/v2\/pages\/69552\/revisions"}],"predecessor-version":[{"id":75868,"href":"https:\/\/www.adfc-wiesbaden.de\/es\/wp-json\/wp\/v2\/pages\/69552\/revisions\/75868"}],"up":[{"embeddable":true,"href":"https:\/\/www.adfc-wiesbaden.de\/es\/wp-json\/wp\/v2\/pages\/69773"}],"wp:featuredmedia":[{"embeddable":true,"href":"https:\/\/www.adfc-wiesbaden.de\/es\/wp-json\/wp\/v2\/media\/69554"}],"wp:attachment":[{"href":"https:\/\/www.adfc-wiesbaden.de\/es\/wp-json\/wp\/v2\/media?parent=69552"}],"wp:term":[{"taxonomy":"post_tag","embeddable":true,"href":"https:\/\/www.adfc-wiesbaden.de\/es\/wp-json\/wp\/v2\/tags?post=69552"}],"curies":[{"name":"wp","href":"https:\/\/api.w.org\/{rel}","templated":true}]}}