{"id":69567,"date":"2025-02-15T12:33:50","date_gmt":"2025-02-15T11:33:50","guid":{"rendered":"https:\/\/www2.adfc-wiesbaden.de\/?page_id=69567"},"modified":"2026-05-08T07:00:37","modified_gmt":"2026-05-08T05:00:37","slug":"tourenprogramm","status":"publish","type":"page","link":"https:\/\/www.adfc-wiesbaden.de\/es\/radtouren\/tourenprogramm\/","title":{"rendered":"Tours en bicicleta Programa de aventura"},"content":{"rendered":"<!--themify_builder_content-->\n<div id=\"themify_builder_content-69567\" data-postid=\"69567\" class=\"themify_builder_content themify_builder_content-69567 themify_builder tf_clear\">\n                    <div  data-lazy=\"1\" class=\"module_row themify_builder_row tb_ty3a239 tb_first tf_w\">\n                        <div class=\"row_inner col_align_top tb_col_count_2 tf_box tf_rel\">\n                        <div  data-lazy=\"1\" class=\"module_column tb-column col4-2 tb_hswj239 first\">\n                    <!-- module text -->\n<div  class=\"module module-text tb_9hr7146    tb_gs678604\" data-lazy=\"1\">\n        <div  class=\"tb_text_wrap\">\n        <h1>Visitas guiadas<\/h1>\n<p>En esta \u00e1rea tiene la posibilidad de buscar recorridos en bicicleta espec\u00edficos en l\u00ednea y mostrarlos en detalle.<\/p>\n<p>Tenga en cuenta que la informaci\u00f3n en el \u00e1rea en l\u00ednea siempre se mantiene actualizada: los ajustes o adiciones se tienen en cuenta all\u00ed de manera oportuna. Por lo tanto, siempre prefiera el contenido en l\u00ednea actualizado a la informaci\u00f3n en el folleto anual del programa de la gira (en formato PDF o edici\u00f3n en papel).<\/p>    <\/div>\n<\/div>\n<!-- \/module text --><!-- module text -->\n<div  class=\"module module-text tb_ms4o239 adfc-tour-tourenliste   tb_gs678604\" data-lazy=\"1\">\n        <div  class=\"tb_text_wrap\">\n        <div class=\"veranstaltung_auswahlmenue\"><form action=\"\/es\/.\/\" data-etm-original-action=\".\"><div class=\"parameterTage\"><h4>d\u00edas<\/h4><div><input type=\"radio\" id=\"tage14\" name=\"tage\" value=\"14\" ><label for=\"tage14\">2 semanas<\/label><\/div>\n<div><input type=\"radio\" id=\"tage56\" name=\"tage\" value=\"56\" ><label for=\"tage56\">6 semanas<\/label><\/div>\n<\/div>\n<div class=\"parameter Schwierigkeit\"><h4>dificultad<\/h4><input type=\"checkbox\" id=\"schwierigkeit_id[263]\" name=\"schwierigkeit_id[263]\"  checked=\"checked\" >&nbsp;<label for=\"schwierigkeit_id[263]\">1*<\/label><br\/>\n<input type=\"checkbox\" id=\"schwierigkeit_id[264]\" name=\"schwierigkeit_id[264]\"  checked=\"checked\" >&nbsp;<label for=\"schwierigkeit_id[264]\">2*<\/label><br\/>\n<input type=\"checkbox\" id=\"schwierigkeit_id[268]\" name=\"schwierigkeit_id[268]\"  checked=\"checked\" >&nbsp;<label for=\"schwierigkeit_id[268]\">3*<\/label><br\/>\n<input type=\"checkbox\" id=\"schwierigkeit_id[265]\" name=\"schwierigkeit_id[265]\"  checked=\"checked\" >&nbsp;<label for=\"schwierigkeit_id[265]\">4*<\/label><br\/>\n<\/div>\n<div class=\"parameter Kategorie\"><h4>categor\u00eda<\/h4><input type=\"checkbox\" id=\"kategorie_id[861]\" name=\"kategorie_id[861]\"  checked=\"checked\" >&nbsp;<label for=\"kategorie_id[861]\">Tour en familia<\/label><br\/>\n<input type=\"checkbox\" id=\"kategorie_id[860]\" name=\"kategorie_id[860]\"  checked=\"checked\" >&nbsp;<label for=\"kategorie_id[860]\">Tour despu\u00e9s del trabajo<\/label><br\/>\n<input type=\"checkbox\" id=\"kategorie_id[826]\" name=\"kategorie_id[826]\"  checked=\"checked\" >&nbsp;<label for=\"kategorie_id[826]\">Excursi\u00f3n de medio d\u00eda (fin de semana)<\/label><br\/>\n<input type=\"checkbox\" id=\"kategorie_id[754]\" name=\"kategorie_id[754]\"  checked=\"checked\" >&nbsp;<label for=\"kategorie_id[754]\">Ciclismo urbano<\/label><br\/>\n<input type=\"checkbox\" id=\"kategorie_id[756]\" name=\"kategorie_id[756]\"  checked=\"checked\" >&nbsp;<label for=\"kategorie_id[756]\">Excursi\u00f3n de un d\u00eda (fin de semana \/ vacaciones)<\/label><br\/>\n<\/div>\n<input name=\"anzeigen\" value=\"mostrar\" type=\"submit\"><input type=\"hidden\" name=\"etm-form-language\" value=\"es\"\/><\/form><\/div>\n<hr \/>\n<div class=\"veranstaltungsliste\"><p>Se han encontrado 13 eventos.<\/p><div class=\"veranstaltung\"><h4>E-bike round \"viaje al Aar\"<\/h4><div class=\"datum\">Eso es todo. 31.05.2026<\/div> <div class=\"datumZeit\">10:00<\/div><div class=\"organisation\">ADFC Wiesbaden \/ Rheingau-Taunus<\/div><div class=\"startort\">Mercado de Idstein\/fuente del mercado <\/div><p class=\"SchwierigkeitKategorie\"><span class=\"schwierigkeit\">3*<\/span><span class=\"kategorie\">Excursi\u00f3n de un d\u00eda (fin de semana \/ vacaciones)<\/span><\/p><div class=\"strecke\">63<\/div><div  class=\"Leiter\">Karen Hellmund<a href=\"tel:01712156099\"\">0171 2156099<\/a>) (<a href=\"https:\/\/www.adfc-tour.de\/botschaft.php?person_id=3243&datum_id=88317\">mensaje<\/a>)<\/div><p class=\"DetailsAnmeldung\"><a class=\"Details\" href=\"\/radtouren\/tourenprogramm\/tour-details?veranstaltung_id=88317\" target=\"_blank\" data-no-translation=\"\">Details<\/a><\/p>\n<\/div>\n<div class=\"veranstaltung\"><h4>Recorrido por Rheingau<\/h4><div class=\"datum\">Eso es todo. 31.05.2026<\/div> <div class=\"datumZeit\">10:00<\/div><div class=\"organisation\">EL RADLER<\/div><div class=\"startort\">La estaci\u00f3n principal de Radler WI, v\u00eda 11<\/div><p class=\"SchwierigkeitKategorie\"><span class=\"schwierigkeit\">3*<\/span><span class=\"kategorie\">Excursi\u00f3n de un d\u00eda (fin de semana \/ vacaciones)<\/span><\/p><div class=\"strecke\">55<\/div><div  class=\"Leiter\">Ronny Pietsch<a href=\"tel:061198819555\"\">0611\/98819555<\/a>) (<a href=\"https:\/\/www.adfc-tour.de\/botschaft.php?person_id=3045&datum_id=88370\">mensaje<\/a>)<\/div><p class=\"DetailsAnmeldung\"><a class=\"Details\" href=\"\/radtouren\/tourenprogramm\/tour-details?veranstaltung_id=88370\" target=\"_blank\" data-no-translation=\"\">Details<\/a><\/p>\n<\/div>\n<div class=\"veranstaltung\"><h4>Gran Tour al D\u00eda Mundial de la Bicicleta con Fiesta en Bicicleta<\/h4><div class=\"datum\">Mi\u00e9rcoles. 03.06.2026<\/div> <div class=\"datumZeit\">17:00<\/div><div class=\"organisation\">ADFC Wiesbaden \/ Rheingau-Taunus<\/div><div class=\"startort\">Wiesbaden Hauptbahnhof (Tribunal de Primera Instancia) <\/div><p class=\"SchwierigkeitKategorie\"><span class=\"schwierigkeit\">2*<\/span><span class=\"kategorie\">Tour despu\u00e9s del trabajo<\/span><\/p><div class=\"strecke\">25<\/div><div  class=\"Leiter\">Karoline Dei\u00dfner (<a href=\"https:\/\/www.adfc-tour.de\/botschaft.php?person_id=3336&datum_id=88373\">mensaje<\/a>), Amelie D\u00f6res (<a href=\"https:\/\/www.adfc-tour.de\/botschaft.php?person_id=2749&datum_id=88373\">mensaje<\/a>)<\/div><p class=\"DetailsAnmeldung\"><a class=\"Details\" href=\"\/radtouren\/tourenprogramm\/tour-details?veranstaltung_id=88373\" target=\"_blank\" data-no-translation=\"\">Details<\/a><\/p>\n<\/div>\n<div class=\"veranstaltung\"><h4>Gran Tour al D\u00eda Mundial de la Bicicleta con Fiesta en Bicicleta<\/h4><div class=\"datum\">Mi\u00e9rcoles. 03.06.2026<\/div> <div class=\"datumZeit\">17:00<\/div><div class=\"organisation\">ADFC Wiesbaden \/ Rheingau-Taunus<\/div><div class=\"startort\">a vela MZ-Kastel | <\/div><p class=\"SchwierigkeitKategorie\"><span class=\"schwierigkeit\">2*<\/span><span class=\"kategorie\">Tour despu\u00e9s del trabajo<\/span><\/p><div class=\"strecke\">25<\/div><div  class=\"Leiter\">Karoline Dei\u00dfner (<a href=\"https:\/\/www.adfc-tour.de\/botschaft.php?person_id=3336&datum_id=88373\">mensaje<\/a>), Amelie D\u00f6res (<a href=\"https:\/\/www.adfc-tour.de\/botschaft.php?person_id=2749&datum_id=88373\">mensaje<\/a>)<\/div><p class=\"DetailsAnmeldung\"><a class=\"Details\" href=\"\/radtouren\/tourenprogramm\/tour-details?veranstaltung_id=88373\" target=\"_blank\" data-no-translation=\"\">Details<\/a><\/p>\n<\/div>\n<div class=\"veranstaltung\"><h4>Wiesbadener Radachter - Nord- &amp; S\u00fcdschleife<\/h4><div class=\"datum\">Hazlo. 04.06.2026<\/div> <div class=\"datumZeit\">10:00<\/div><div class=\"organisation\">ADFC Wiesbaden \/ Rheingau-Taunus<\/div><div class=\"startort\">Monumento de Schiller <\/div><p class=\"SchwierigkeitKategorie\"><span class=\"schwierigkeit\">4*<\/span><span class=\"kategorie\">Ciclismo urbano<\/span><\/p><div class=\"strecke\">60<\/div><div  class=\"Leiter\">Michael Ebert (<a href=\"tel:01602240735\"\">0160\/2240735<\/a>) (<a href=\"https:\/\/www.adfc-tour.de\/botschaft.php?person_id=3275&datum_id=88374\">mensaje<\/a>)<\/div><p class=\"DetailsAnmeldung\"><a class=\"Details\" href=\"\/radtouren\/tourenprogramm\/tour-details?veranstaltung_id=88374\" target=\"_blank\" data-no-translation=\"\">Details<\/a><\/p>\n<\/div>\n<div class=\"veranstaltung\"><h4>Al pastel de fresa en el Scholzenhof<\/h4><div class=\"datum\">Sa. 06.06.2026<\/div> <div class=\"datumZeit\">14:00<\/div><div class=\"organisation\">ADFC Wiesbaden \/ Rheingau-Taunus<\/div><div class=\"startort\">WI-Westend | Sede ADFC <\/div><p class=\"SchwierigkeitKategorie\"><span class=\"schwierigkeit\">1*<\/span><span class=\"kategorie\">Tour en familia<\/span><\/p><div class=\"strecke\">22<\/div><div  class=\"Leiter\">Ulla Bai (<a href=\"https:\/\/www.adfc-tour.de\/botschaft.php?person_id=2201&datum_id=88375\">mensaje<\/a>)<\/div><p class=\"DetailsAnmeldung\"><a class=\"Details\" href=\"\/radtouren\/tourenprogramm\/tour-details?veranstaltung_id=88375\" target=\"_blank\" data-no-translation=\"\">Details<\/a><\/p>\n<\/div>\n<div class=\"veranstaltung\"><h4>Tour de 10 puentes entre Wiesbaden &amp; Mainz<\/h4><div class=\"datum\">Eso es todo. 07.06.2026<\/div> <div class=\"datumZeit\">14:00<\/div><div class=\"organisation\">ADFC Wiesbaden \/ Rheingau-Taunus<\/div><div class=\"startort\">a vela MZ-Kastel | <\/div><p class=\"SchwierigkeitKategorie\"><span class=\"schwierigkeit\">2*<\/span><span class=\"kategorie\">Excursi\u00f3n de medio d\u00eda (fin de semana)<\/span><\/p><div class=\"strecke\">32<\/div><div  class=\"Leiter\">Karoline Dei\u00dfner (<a href=\"https:\/\/www.adfc-tour.de\/botschaft.php?person_id=3336&datum_id=88376\">mensaje<\/a>)<\/div><p class=\"DetailsAnmeldung\"><a class=\"Details\" href=\"\/radtouren\/tourenprogramm\/tour-details?veranstaltung_id=88376\" target=\"_blank\" data-no-translation=\"\">Details<\/a><\/p>\n<\/div>\n<div class=\"veranstaltung\"><h4>De la bicicleta al Rin - conducir &amp; pura diversi\u00f3n de ba\u00f1o<\/h4><div class=\"datum\">Eso es todo. 21.06.2026<\/div> <div class=\"datumZeit\">11:00<\/div><div class=\"organisation\">ADFC Wiesbaden \/ Rheingau-Taunus<\/div><div class=\"startort\">a vela MZ-Kastel | <\/div><p class=\"SchwierigkeitKategorie\"><span class=\"schwierigkeit\">3*<\/span><span class=\"kategorie\">Excursi\u00f3n de un d\u00eda (fin de semana \/ vacaciones)<\/span><\/p><div class=\"strecke\">60<\/div><div  class=\"Leiter\"><\/div><p class=\"DetailsAnmeldung\"><a class=\"Details\" href=\"\/radtouren\/tourenprogramm\/tour-details?veranstaltung_id=88380\" target=\"_blank\" data-no-translation=\"\">Details<\/a><\/p>\n<\/div>\n<div class=\"veranstaltung\"><h4>Tour de Mainspitz<\/h4><div class=\"datum\">Eso es todo. 28.06.2026<\/div> <div class=\"datumZeit\">10:00<\/div><div class=\"organisation\">EL RADLER<\/div><div class=\"startort\">El ciclista  <\/div><p class=\"SchwierigkeitKategorie\"><span class=\"schwierigkeit\">2*<\/span><span class=\"kategorie\">Excursi\u00f3n de un d\u00eda (fin de semana \/ vacaciones)<\/span><\/p><div class=\"strecke\">45<\/div><div  class=\"Leiter\">Ronny Pietsch<a href=\"https:\/\/www.adfc-tour.de\/botschaft.php?person_id=3045&datum_id=88309\">mensaje<\/a>)<\/div><p class=\"DetailsAnmeldung\"><a class=\"Details\" href=\"\/radtouren\/tourenprogramm\/tour-details?veranstaltung_id=88309\" target=\"_blank\" data-no-translation=\"\">Details<\/a><\/p>\n<\/div>\n<div class=\"veranstaltung\"><h4>Tour en bicicleta el\u00e9ctrica por el Taunus<\/h4><div class=\"datum\">Eso es todo. 05.07.2026<\/div> <div class=\"datumZeit\">11:00<\/div><div class=\"organisation\">ADFC Wiesbaden \/ Rheingau-Taunus<\/div><div class=\"startort\">Mercado de Idstein\/fuente del mercado <\/div><p class=\"SchwierigkeitKategorie\"><span class=\"schwierigkeit\">3*<\/span><span class=\"kategorie\">Excursi\u00f3n de un d\u00eda (fin de semana \/ vacaciones)<\/span><\/p><div class=\"strecke\">42<\/div><div  class=\"Leiter\">Michael Ebert (<a href=\"tel:01602240735\"\">0160\/2240735<\/a>) (<a href=\"https:\/\/www.adfc-tour.de\/botschaft.php?person_id=3275&datum_id=88381\">mensaje<\/a>)<\/div><p class=\"DetailsAnmeldung\"><a class=\"Details\" href=\"\/radtouren\/tourenprogramm\/tour-details?veranstaltung_id=88381\" target=\"_blank\" data-no-translation=\"\">Details<\/a><\/p>\n<\/div>\n<div class=\"veranstaltung\"><h4>Tour de Maguncia<\/h4><div class=\"datum\">Eso es todo. 12.07.2026<\/div> <div class=\"datumZeit\">10:00<\/div><div class=\"organisation\">EL RADLER<\/div><div class=\"startort\">El ciclista  <\/div><p class=\"SchwierigkeitKategorie\"><span class=\"schwierigkeit\">3*<\/span><span class=\"kategorie\">Excursi\u00f3n de un d\u00eda (fin de semana \/ vacaciones)<\/span><\/p><div class=\"strecke\">55<\/div><div  class=\"Leiter\">Ronny Pietsch<a href=\"tel:061198819555\"\">0611\/98819555<\/a>) (<a href=\"https:\/\/www.adfc-tour.de\/botschaft.php?person_id=3045&datum_id=88382\">mensaje<\/a>)<\/div><p class=\"DetailsAnmeldung\"><a class=\"Details\" href=\"\/radtouren\/tourenprogramm\/tour-details?veranstaltung_id=88382\" target=\"_blank\" data-no-translation=\"\">Details<\/a><\/p>\n<\/div>\n<div class=\"veranstaltung\"><h4>Patinaje en l\u00ednea o ciclismo: A trav\u00e9s del Rheingau a R\u00fcdesheim<\/h4><div class=\"datum\">Sa. 25.07.2026<\/div> <div class=\"datumZeit\">15:30<\/div><div class=\"organisation\">ADFC Wiesbaden \/ Rheingau-Taunus<\/div><div class=\"startort\">WI-Biebrich | Rheinufer (Pegelturm) <\/div><p class=\"SchwierigkeitKategorie\"><span class=\"schwierigkeit\">3*<\/span><span class=\"kategorie\">Excursi\u00f3n de medio d\u00eda (fin de semana)<\/span><\/p><div class=\"strecke\">45<\/div><div  class=\"Leiter\">Alfred Siegmund (<a href=\"https:\/\/www.adfc-tour.de\/botschaft.php?person_id=3188&datum_id=88383\">mensaje<\/a>), Marianne Siegmund (<a href=\"https:\/\/www.adfc-tour.de\/botschaft.php?person_id=2582&datum_id=88383\">mensaje<\/a>)<\/div><p class=\"DetailsAnmeldung\"><a class=\"Details\" href=\"\/radtouren\/tourenprogramm\/tour-details?veranstaltung_id=88383\" target=\"_blank\" data-no-translation=\"\">Details<\/a><\/p>\n<\/div>\n<div class=\"veranstaltung\"><h4>Circuito de bicicletas el\u00e9ctricas Mensfelder Kopf, W\u00f6rsbach, Emsbach<\/h4><div class=\"datum\">Eso es todo. 26.07.2026<\/div> <div class=\"datumZeit\">10:00<\/div><div class=\"organisation\">ADFC Wiesbaden \/ Rheingau-Taunus<\/div><div class=\"startort\">Mercado de Idstein\/fuente del mercado <\/div><p class=\"SchwierigkeitKategorie\"><span class=\"schwierigkeit\">3*<\/span><span class=\"kategorie\">Excursi\u00f3n de un d\u00eda (fin de semana \/ vacaciones)<\/span><\/p><div class=\"strecke\">60<\/div><div  class=\"Leiter\">Karen Hellmund<a href=\"tel:01712156099\"\">0171 2156099<\/a>) (<a href=\"https:\/\/www.adfc-tour.de\/botschaft.php?person_id=3243&datum_id=88384\">mensaje<\/a>)<\/div><p class=\"DetailsAnmeldung\"><a class=\"Details\" href=\"\/radtouren\/tourenprogramm\/tour-details?veranstaltung_id=88384\" target=\"_blank\" data-no-translation=\"\">Details<\/a><\/p>\n<\/div>\n<\/div>    <\/div>\n<\/div>\n<!-- \/module text -->        <\/div>\n                    <div  data-lazy=\"1\" class=\"module_column tb-column col4-2 tb_yjww370 last\">\n                    <!-- module box -->\n<div  class=\"module module-box tb_qwmq370  tb_gs678604\" data-lazy=\"1\">\n    <div class=\"module-box-content ui  tb_default_color\">\n                <div class=\"tb_text_wrap\"><div class=\"tb_layout_part_wrap tf_w\"><!--themify_builder_content-->\n    <div  class=\"themify_builder_content themify_builder_content-69641 themify_builder not_editable_builder in_the_loop\" data-postid=\"69641\">\n                        <div  data-lazy=\"1\" class=\"module_row themify_builder_row blue_right_menu_box tb_pon9441 tf_w\">\n                        <div class=\"row_inner col_align_top tb_col_count_1 tf_box tf_rel\">\n                        <div  data-lazy=\"1\" class=\"module_column tb-column col-full tb_imf9000 first\">\n                    <!-- module text -->\n<div  class=\"module module-text tb_ozup006\" data-lazy=\"1\">\n        <div  class=\"tb_text_wrap\">\n        <h2>Otros enlaces<\/h2>    <\/div>\n<\/div>\n<!-- \/module text --><!-- module buttons -->\n<div  class=\"module module-buttons tb_7dgc555 buttons-horizontal transparent\" data-lazy=\"1\">\n        <div class=\"module-buttons-item tf_in_flx\">\n                        <a href=\"https:\/\/www.adfc-wiesbaden.de\/es\/radtouren\/adfc-rennradgruppe\/\" class=\"ui builder_button tf_in_flx tb_default_color\" >\n                                    <em><svg  class=\"tf_fa tf-ti-new-window\" xmlns:xlink=\"http:\/\/www.w3.org\/1999\/xlink\" aria-hidden=\"true\"><use href=\"#tf-ti-new-window\" xlink:href=\"#tf-ti-new-window\"><\/use><\/svg><\/em>                                        Grupo de bicicletas de carretera                                        <\/a>\n                <\/div>\n            <\/div>\n<!-- \/module buttons -->\n        <div  data-lazy=\"1\" class=\"module_subrow themify_builder_sub_row tf_w col_align_top tb_col_count_1 tb_it7n050\">\n                <div  data-lazy=\"1\" class=\"module_column sub_column col-full tb_umat066 first\">\n                    <!-- module divider -->\n<div  class=\"module tf_mw module-divider tb_vly7050 solid\" style=\"border-width: 1px;border-color: #ffffff;margin-top: 1px;margin-bottom: 1px;\" data-lazy=\"1\">\n    <\/div>\n<!-- \/module divider -->\n        <\/div>\n                    <\/div>\n        <!-- module buttons -->\n<div  class=\"module module-buttons tb_qhca060 buttons-horizontal transparent\" data-lazy=\"1\">\n        <div class=\"module-buttons-item tf_in_flx\">\n                        <a href=\"https:\/\/www.adfc-wiesbaden.de\/es\/radtouren\/die-adfc-mittwochsradler-in-wiesbaden\/\" class=\"ui builder_button tf_in_flx tb_default_color\" >\n                                    <em><svg  class=\"tf_fa tf-ti-new-window\" xmlns:xlink=\"http:\/\/www.w3.org\/1999\/xlink\" aria-hidden=\"true\"><use href=\"#tf-ti-new-window\" xlink:href=\"#tf-ti-new-window\"><\/use><\/svg><\/em>                                        Mi\u00e9rcoles ciclistas                                        <\/a>\n                <\/div>\n            <\/div>\n<!-- \/module buttons -->\n        <div  data-lazy=\"1\" class=\"module_subrow themify_builder_sub_row tf_w col_align_top tb_col_count_1 tb_625t600\">\n                <div  data-lazy=\"1\" class=\"module_column sub_column col-full tb_fr90130 first\">\n                    <!-- module divider -->\n<div  class=\"module tf_mw module-divider tb_s4pu150 solid\" style=\"border-width: 1px;border-color: #ffffff;margin-top: 1px;margin-bottom: 1px;\" data-lazy=\"1\">\n    <\/div>\n<!-- \/module divider -->\n        <\/div>\n                    <\/div>\n        <!-- module buttons -->\n<div  class=\"module module-buttons tb_e0xb166 buttons-horizontal transparent\" data-lazy=\"1\">\n        <div class=\"module-buttons-item tf_in_flx\">\n                        <a href=\"\/es\/tag\/radtourenbericht\/\" class=\"ui builder_button tf_in_flx tb_default_color\" >\n                                    <em><svg  class=\"tf_fa tf-ti-new-window\" xmlns:xlink=\"http:\/\/www.w3.org\/1999\/xlink\" aria-hidden=\"true\"><use href=\"#tf-ti-new-window\" xlink:href=\"#tf-ti-new-window\"><\/use><\/svg><\/em>                                        Informes de recorridos en bicicleta                                        <\/a>\n                <\/div>\n            <\/div>\n<!-- \/module buttons -->\n        <div  data-lazy=\"1\" class=\"module_subrow themify_builder_sub_row tf_w col_align_top tb_col_count_1 tb_gd7v606\">\n                <div  data-lazy=\"1\" class=\"module_column sub_column col-full tb_owtx005 first\">\n                    <!-- module divider -->\n<div  class=\"module tf_mw module-divider tb_w7u6006 solid\" style=\"border-width: 1px;border-color: #ffffff;margin-top: 1px;margin-bottom: 1px;\" data-lazy=\"1\">\n    <\/div>\n<!-- \/module divider -->\n        <\/div>\n                    <\/div>\n        <!-- module buttons -->\n<div  class=\"module module-buttons tb_n5xl376 buttons-horizontal transparent\" data-lazy=\"1\">\n        <div class=\"module-buttons-item tf_in_flx\">\n                        <a href=\"\/es\/tourenprogramm\/\" class=\"ui builder_button tf_in_flx tb_default_color\" >\n                                    <em><svg  class=\"tf_fa tf-ti-new-window\" xmlns:xlink=\"http:\/\/www.w3.org\/1999\/xlink\" aria-hidden=\"true\"><use href=\"#tf-ti-new-window\" xlink:href=\"#tf-ti-new-window\"><\/use><\/svg><\/em>                                        Programa de tour en bicicleta                                        <\/a>\n                <\/div>\n            <\/div>\n<!-- \/module buttons -->\n        <div  data-lazy=\"1\" class=\"module_subrow themify_builder_sub_row tf_w col_align_top tb_col_count_1 tb_jzkx459\">\n                <div  data-lazy=\"1\" class=\"module_column sub_column col-full tb_g1gs459 first\">\n                    <!-- module divider -->\n<div  class=\"module tf_mw module-divider tb_qhro459 solid\" style=\"border-width: 1px;border-color: #ffffff;margin-top: 1px;margin-bottom: 1px;\" data-lazy=\"1\">\n    <\/div>\n<!-- \/module divider -->\n        <\/div>\n                    <\/div>\n        <!-- module buttons -->\n<div  class=\"module module-buttons tb_nvai813 buttons-horizontal transparent\" data-lazy=\"1\">\n        <div class=\"module-buttons-item tf_in_flx\">\n                        <a href=\"https:\/\/www.adfc-wiesbaden.de\/es\/tourenprogramm-als-pdf\/\" class=\"ui builder_button tf_in_flx tb_default_color\" >\n                                    <em><svg  class=\"tf_fa tf-ti-new-window\" xmlns:xlink=\"http:\/\/www.w3.org\/1999\/xlink\" aria-hidden=\"true\"><use href=\"#tf-ti-new-window\" xlink:href=\"#tf-ti-new-window\"><\/use><\/svg><\/em>                                        Programa de recorridos en bicicleta como PDF                                        <\/a>\n                <\/div>\n            <\/div>\n<!-- \/module buttons -->\n        <div  data-lazy=\"1\" class=\"module_subrow themify_builder_sub_row tf_w col_align_top tb_col_count_1 tb_ww1w469\">\n                <div  data-lazy=\"1\" class=\"module_column sub_column col-full tb_xm56469 first\">\n                    <!-- module divider -->\n<div  class=\"module tf_mw module-divider tb_gdt0469 solid\" style=\"border-width: 1px;border-color: #ffffff;margin-top: 1px;margin-bottom: 1px;\" data-lazy=\"1\">\n    <\/div>\n<!-- \/module divider -->\n        <\/div>\n                    <\/div>\n        <!-- module buttons -->\n<div  class=\"module module-buttons tb_367r972 buttons-horizontal transparent\" data-lazy=\"1\">\n        <div class=\"module-buttons-item tf_in_flx\">\n                        <a href=\"https:\/\/www.adfc-wiesbaden.de\/es\/radtouren\/tourenprogramm\/teilnahmebedingungen\/\" class=\"ui builder_button tf_in_flx tb_default_color\" >\n                                    <em><svg  class=\"tf_fa tf-ti-new-window\" xmlns:xlink=\"http:\/\/www.w3.org\/1999\/xlink\" aria-hidden=\"true\"><use href=\"#tf-ti-new-window\" xlink:href=\"#tf-ti-new-window\"><\/use><\/svg><\/em>                                        Condiciones de participaci\u00f3n Bike tours                                        <\/a>\n                <\/div>\n            <\/div>\n<!-- \/module buttons -->\n        <div  data-lazy=\"1\" class=\"module_subrow themify_builder_sub_row tf_w col_align_top tb_col_count_1 tb_nrr0578\">\n                <div  data-lazy=\"1\" class=\"module_column sub_column col-full tb_6fo6578 first\">\n                    <!-- module divider -->\n<div  class=\"module tf_mw module-divider tb_yoja578 solid\" style=\"border-width: 1px;border-color: #ffffff;margin-top: 1px;margin-bottom: 1px;\" data-lazy=\"1\">\n    <\/div>\n<!-- \/module divider -->\n        <\/div>\n                    <\/div>\n                <\/div>\n                        <\/div>\n        <\/div>\n            <\/div>\n<!--\/themify_builder_content--><\/div>\n<\/div>\n    <\/div>\n<\/div>\n<!-- \/module box -->\n        <\/div>\n                        <\/div>\n        <\/div>\n        <\/div>\n<!--\/themify_builder_content-->\n\n\n<p><\/p>","protected":false},"excerpt":{"rendered":"<p>Programa de aventura ciclista del ADFC Wiesbaden \/ Rheingau-Taunus en cooperaci\u00f3n con el ADFC Mainz-Bingen<\/p>","protected":false},"author":50,"featured_media":76939,"parent":69427,"menu_order":8,"comment_status":"closed","ping_status":"closed","template":"","meta":{"footnotes":""},"tags":[206,806],"class_list":["post-69567","page","type-page","status-publish","has-post-thumbnail","hentry","tag-radtouren","tag-verein","has-post-title","has-post-date","has-post-category","has-post-tag","has-post-comment","has-post-author",""],"builder_content":"<h1>Gef\u00fchrte Touren<\/h1> <p>In diesem Bereich haben Sie die M\u00f6glichkeit, gezielt online nach bestimmten Radtouren zu suchen und sich diese im Detail anzeigen zu lassen.<\/p> <p>Bitte beachten Sie, dass die Informationen im Onlinebereich stets aktuell gehalten werden: Anpassungen oder Erg\u00e4nzungen werden dort zeitnah ber\u00fccksichtigt. Deshalb bitte immer die aktualisierten Online-Inhalte den Informationen im einmal j\u00e4hrlich erstellten Tourenprogramm-Heft (als PDF- oder Papierausgabe) vorziehen.<\/p>\n<p>[adfc_tour_auswahlmenue parameter=\"Schwierigkeit,Kategorie\" tage=\"90\" ultrakategorie=\"radtour\"]<\/p> <hr \/> <p>[adfc_tour_liste mandant_id=\"51\" maxanzahl=\"200\"\u00a0 zeige_anmeldung=\"true\"\u00a0 ultrakategorie=\"radtour\"\u00a0url_parameter=\"tage,kategorie_id,schwierigkeit_id\" tage=\"90\"]<\/p>\n<p>[themify_layout_part id=\"69641\"]<\/p>","_links":{"self":[{"href":"https:\/\/www.adfc-wiesbaden.de\/es\/wp-json\/wp\/v2\/pages\/69567","targetHints":{"allow":["GET"]}}],"collection":[{"href":"https:\/\/www.adfc-wiesbaden.de\/es\/wp-json\/wp\/v2\/pages"}],"about":[{"href":"https:\/\/www.adfc-wiesbaden.de\/es\/wp-json\/wp\/v2\/types\/page"}],"author":[{"embeddable":true,"href":"https:\/\/www.adfc-wiesbaden.de\/es\/wp-json\/wp\/v2\/users\/50"}],"replies":[{"embeddable":true,"href":"https:\/\/www.adfc-wiesbaden.de\/es\/wp-json\/wp\/v2\/comments?post=69567"}],"version-history":[{"count":81,"href":"https:\/\/www.adfc-wiesbaden.de\/es\/wp-json\/wp\/v2\/pages\/69567\/revisions"}],"predecessor-version":[{"id":76945,"href":"https:\/\/www.adfc-wiesbaden.de\/es\/wp-json\/wp\/v2\/pages\/69567\/revisions\/76945"}],"up":[{"embeddable":true,"href":"https:\/\/www.adfc-wiesbaden.de\/es\/wp-json\/wp\/v2\/pages\/69427"}],"wp:featuredmedia":[{"embeddable":true,"href":"https:\/\/www.adfc-wiesbaden.de\/es\/wp-json\/wp\/v2\/media\/76939"}],"wp:attachment":[{"href":"https:\/\/www.adfc-wiesbaden.de\/es\/wp-json\/wp\/v2\/media?parent=69567"}],"wp:term":[{"taxonomy":"post_tag","embeddable":true,"href":"https:\/\/www.adfc-wiesbaden.de\/es\/wp-json\/wp\/v2\/tags?post=69567"}],"curies":[{"name":"wp","href":"https:\/\/api.w.org\/{rel}","templated":true}]}}