{"id":69709,"date":"2025-02-16T16:16:13","date_gmt":"2025-02-16T15:16:13","guid":{"rendered":"https:\/\/www2.adfc-wiesbaden.de\/?page_id=69709"},"modified":"2026-05-01T20:28:01","modified_gmt":"2026-05-01T18:28:01","slug":"datenschutzerklaerung","status":"publish","type":"page","link":"https:\/\/www.adfc-wiesbaden.de\/es\/ueber-uns\/datenschutzerklaerung\/","title":{"rendered":"Pol\u00edtica de privacidad"},"content":{"rendered":"<!--themify_builder_content-->\n<div id=\"themify_builder_content-69709\" data-postid=\"69709\" class=\"themify_builder_content themify_builder_content-69709 themify_builder tf_clear\">\n                    <div  data-lazy=\"1\" class=\"module_row themify_builder_row tb_xq28284 tb_first tf_w\">\n                        <div class=\"row_inner col_align_top tb_col_count_1 tf_box tf_rel\">\n                        <div  data-lazy=\"1\" class=\"module_column tb-column col-full tb_8svc284 first\">\n                    <!-- module text -->\n<div  class=\"module module-text tb_62yw31    tb_gs678604\" data-lazy=\"1\">\n        <div  class=\"tb_text_wrap\">\n        <h1>Pol\u00edtica de privacidad<\/h1>\n<h2>Informaci\u00f3n sobre el responsable<\/h2>\n<p>ADFC Wiesbaden\/Rheingau-Taunus e.V.<br \/>Goebenstra\u00dfe 1<br \/>65195 Wiesbaden<br \/><a href=\"\/es\/&\/#x6d;&#97;i&#x6c;&#x74;&#111;:&#x69;&#x6e;&#102;o&#x40;&#97;d&#x66;&#x63;&#45;w&#x69;&#x65;&#115;b&#x61;&#100;&#101;&#x6e;&#x2e;&#100;e\">info@adfc-wiesbaden.de<\/a><\/p>\n<p>Si tiene alguna pregunta sobre la protecci\u00f3n de datos, p\u00f3ngase en contacto con nosotros en la direcci\u00f3n de correo electr\u00f3nico o direcci\u00f3n postal proporcionada anteriormente.<\/p>\n<h2>Tratamiento de sus datos personales - fines y bases legales<\/h2>\n<h2>Procesamiento de datos al utilizar el sitio web de nuestra asociaci\u00f3n:<\/h2>\n<h3>a) Archivos de registro<\/h3>\n<p>El uso de nuestro sitio web de asociaci\u00f3n es posible sin que usted ingrese activamente datos personales. Sin embargo, cada vez que utiliza nuestro sitio web de asociaci\u00f3n, los archivos de registro se registran en los servidores proporcionados por ADFC Hessen e.V.. En los archivos de registro, el proveedor de las p\u00e1ginas recopila y almacena autom\u00e1ticamente la informaci\u00f3n que su navegador transmite autom\u00e1ticamente al proveedor de las p\u00e1ginas. Estos son:<\/p>\n<ul>\n<li>direcci\u00f3n IP fija o din\u00e1mica del usuario que efect\u00faa la llamada,<\/li>\n<li>p\u00e1ginas a las que se ha accedido,<\/li>\n<li>Tipo de navegador\/versi\u00f3n del navegador,<\/li>\n<li>direcciones de referencia (URL),<\/li>\n<li>sistema operativo utilizado,<\/li>\n<li>nombre de host del ordenador que accede,<\/li>\n<li>Fecha y hora de acceso.<\/li>\n<\/ul>\n<p>El ADFC Hessen e.V. puede recuperar estos datos. Los datos contenidos en los archivos de registro se utilizan exclusivamente con fines estad\u00edsticos. La identificaci\u00f3n del usuario no tiene lugar, a menos que lo exija la ley. Para nosotros, los datos no se pueden asignar a personas espec\u00edficas. Nos reservamos el derecho de inspeccionar y comprobar estos datos si tenemos conocimiento de indicios concretos de uso ilegal del sitio web de la asociaci\u00f3n. La base jur\u00eddica es un inter\u00e9s leg\u00edtimo, de conformidad con el art\u00edculo 6, apartado 1, frase 1, letra b), del RGPD, en poder detectar y defenderse contra el uso il\u00edcito o los ataques.<\/p>\n<h3>b) Acceso a los datos \/ archivos de registro del servidor<\/h3>\n<p>Nuestro proveedor de espacio web recopila datos sobre cada acceso a la oferta (los llamados archivos de registro del servidor). Los datos de acceso incluyen:<\/p>\n<ul>\n<li>el nombre del sitio web al que se ha accedido,<\/li>\n<li>expediente,<\/li>\n<li>Fecha y hora de la recuperaci\u00f3n<\/li>\n<li>Cantidad de datos transferidos<\/li>\n<li>Notificaci\u00f3n de recuperaci\u00f3n exitosa<\/li>\n<li>Tipo y versi\u00f3n del navegador<\/li>\n<li>el sistema operativo del usuario<\/li>\n<li>URL de referencia (la p\u00e1gina visitada anteriormente)<\/li>\n<li>direcci\u00f3n IP y<\/li>\n<li>el proveedor solicitante<\/li>\n<\/ul>\n<p>Utilizamos los datos de registro solo para evaluaciones estad\u00edsticas con fines de operaci\u00f3n, seguridad y optimizaci\u00f3n de la oferta. Sin embargo, nos reservamos el derecho de verificar posteriormente los datos del registro si existe una sospecha justificada de uso ilegal sobre la base de indicaciones concretas.<\/p>\n<h3>c) Uso de cookies<\/h3>\n<p>Las cookies son peque\u00f1os archivos de texto que su navegador almacena en su dispositivo. Nos abstenemos deliberadamente del uso de cookies de an\u00e1lisis, marketing o seguimiento, as\u00ed como de cookies de terceros. Las cookies que utilizamos son puramente funcionales y estrictamente necesarias para garantizar el funcionamiento, la seguridad y las funciones b\u00e1sicas de nuestro sitio web (por ejemplo, para almacenar la configuraci\u00f3n de idioma, el estado de inicio de sesi\u00f3n o para distribuir la carga de los servidores).<\/p>\n<p>La base legal es nuestro inter\u00e9s leg\u00edtimo en la provisi\u00f3n t\u00e9cnicamente libre de errores y el dise\u00f1o optimizado de nuestro sitio web (Art. 6 (1) (f) GDPR).\u00a0<\/p>\n<p>Puede configurar su navegador para que se le informe sobre la configuraci\u00f3n de cookies, solo permita cookies en casos individuales o excluya la aceptaci\u00f3n de cookies para ciertos casos o en general.<\/p>\n<h3>d) Bolet\u00edn de noticias<\/h3>\n<p>Si se ha suscrito al bolet\u00edn informativo en el sitio web de nuestra asociaci\u00f3n, los datos personales se recopilar\u00e1n, procesar\u00e1n y utilizar\u00e1n. Procesado:<\/p>\n<ul>\n<li>Nombre y apellidos<\/li>\n<li>Su direcci\u00f3n de correo electr\u00f3nico<\/li>\n<li>residencia<\/li>\n<\/ul>\n<p>Utilizamos su direcci\u00f3n de correo electr\u00f3nico para enviarle regularmente el bolet\u00edn informativo y para proporcionarle informaci\u00f3n interesante sobre la asociaci\u00f3n. Utilizamos la informaci\u00f3n del lugar de residencia para proporcionarle informaci\u00f3n relevante a nivel local. La base legal para enviar el bolet\u00edn es su consentimiento (art\u00edculo 6, apartado 1, frase 1, letra a) del RGPD). Este consentimiento puede ser revocado en cualquier momento para el futuro. Para ello, puede hacer clic en \"darse de baja del bolet\u00edn\" en la parte inferior del correo electr\u00f3nico del bolet\u00edn o ponerse en contacto con nosotros en <a href=\"\/es\/&\/#x6d;a&#x69;&#108;&#x74;&#111;:&#x69;n&#x66;&#111;&#x40;&#97;d&#x66;&#99;&#x2d;&#119;i&#x65;s&#x62;&#97;&#x64;&#101;n&#x2e;d&#x65;\">info@adfc-wiesbaden.de<\/a> por escrito.<\/p>\n<p>Utilizamos la herramienta de env\u00edo Brevo para enviar el bolet\u00edn.<\/p>\n<h3>Fotos y v\u00eddeos<\/h3>\n<p>Las fotos y v\u00eddeos sobre nuestra asociaci\u00f3n y los eventos en los que participa la asociaci\u00f3n se graban, almacenan y publican con el fin de informar a nuestros miembros o al p\u00fablico o para su presentaci\u00f3n externa, por ejemplo, en nuestro sitio web, en medios tradicionales o digitales.<\/p>\n<p>La grabaci\u00f3n, el almacenamiento y la publicaci\u00f3n de fotos o v\u00eddeos se llevan a cabo generalmente con el consentimiento de la persona afectada, es decir, la persona fotografiada o filmada (art\u00edculo 6, apartado 1, frase 1, letra a) del RGPD). Este consentimiento puede ser revocado en cualquier momento para el futuro.<\/p>\n<p>La grabaci\u00f3n, almacenamiento y publicaci\u00f3n de fotos o videos es<strong>En ciertos casos posibles sin consentimiento<\/strong>, si se basa en un inter\u00e9s leg\u00edtimo del ADFC Wiesbaden\/Rheingau-Taunus [art\u00edculo 6, apartado 1, letra f), del RGPD]. Este es generalmente el caso de las fotos o videos en los que las personas aparecen solo como un suplemento, o para fotos o videos de eventos p\u00fablicos o eventos en los que las personas representadas han participado. El <strong>expectativas razonables<\/strong>\u00a0se tendr\u00e1 en cuenta a las personas afectadas, si tienen que esperar ser incluidas en el contexto respectivo y si las grabaciones ser\u00e1n publicadas.<\/p>\n<p>Tiene la posibilidad de oponerse al uso de una foto o v\u00eddeo en el que pueda verse de conformidad con el art\u00edculo 21, apartado 1, del RGPD. La asociaci\u00f3n verificar\u00e1 si existen motivos leg\u00edtimos convincentes para el procesamiento que superen sus intereses, derechos y libertades. De lo contrario, se eliminar\u00e1 la foto o el video correspondiente.<\/p>\n<h3>Gesti\u00f3n de los participantes<\/h3>\n<p>Cuando se registra en nuestros eventos o participa en nuestras actividades, a veces se recopilan, procesan y utilizan datos personales. Procesado en funci\u00f3n del tipo de evento o actividad:<\/p>\n<ul>\n<li>Nombre y apellidos<\/li>\n<li>Su direcci\u00f3n de correo electr\u00f3nico<\/li>\n<li>Lugar de residencia con c\u00f3digo postal<\/li>\n<li>Conocimientos previos<\/li>\n<li>Detalles de la cuenta e informaci\u00f3n de pago<\/li>\n<li>Preferencias por la comida (por ejemplo, vegetarianos)<\/li>\n<li>Datos de la bicicleta (por ejemplo, fabricante, n\u00famero de cuadro)<\/li>\n<\/ul>\n<p>Utilizamos esta informaci\u00f3n para organizar el evento o actividad. La base jur\u00eddica es su consentimiento (art\u00edculo 6, apartado 1, primera frase, letra a) del RGPD). Este consentimiento puede ser revocado en cualquier momento para el futuro. Para ello, puede ponerse en contacto con nosotros en: <a href=\"\/es\/&\/#x6d;&#97;&#105;&#x6c;&#x74;&#111;&#58;&#x69;&#x6e;&#102;&#111;&#x40;&#x61;&#100;&#102;&#x63;&#x2d;&#119;&#105;&#x65;&#x73;&#98;&#97;&#x64;&#x65;&#110;&#46;&#x64;&#x65;\">info@adfc-wiesbaden.de<\/a> por escrito.<\/p>\n<h3>Tratamiento de los datos de los miembros<\/h3>\n<p>Los datos de membres\u00eda ser\u00e1n proporcionados por<\/p>\n<p>General German Bicycle Club e.V. (ADFC (Berl\u00edn))<br \/>Calle de la habitaci\u00f3n 26\/27<br \/>10969 Berl\u00edn<br \/>Tel\u00e9fono: +49 30 2091498-0<br \/><a href=\"https:\/\/www.adfc.de\/datenschutz\">kontakt@adfc.de<\/a>\u00a0<\/p>\n<p>procesado como persona responsable.<\/p>\n<p>Los datos de los miembros solo ser\u00e1n procesados por ADFC Wiesbaden\/Rheingau-Taunus para la tarea que se le asigne.<\/p>\n<p>La finalidad del tratamiento de los datos de los miembros por parte de ADFC Wiesbaden\/Rheingau-Taunus es la consecuci\u00f3n de la finalidad de la asociaci\u00f3n, en particular la organizaci\u00f3n de eventos, la cooperaci\u00f3n de los miembros en grupos de proyecto, la creaci\u00f3n de redes de miembros en grupos de medios digitales como \u00abSe\u00f1al\u00bb, la informaci\u00f3n sobre las actividades de la asociaci\u00f3n, por ejemplo, con un bolet\u00edn informativo. La base jur\u00eddica es la pertenencia a la asociaci\u00f3n [art\u00edculo 6, apartado 1, letra b), del RGPD] o un inter\u00e9s leg\u00edtimo [art\u00edculo 6, apartado 1, letra f), del RGPD].<\/p>\n<h2>Per\u00edodo de almacenamiento<\/h2>\n<ul>\n<li>Al utilizar nuestro sitio web de asociaci\u00f3n, ADFC Hessen e.V. almacena temporalmente las direcciones IP y los archivos de registro durante un m\u00e1ximo de 14 d\u00edas.<\/li>\n<li>La mayor\u00eda de las cookies que utilizamos son las llamadas \"cookies de sesi\u00f3n\", que se eliminan autom\u00e1ticamente al final de su visita. Otros permanecen almacenados en su dispositivo hasta que los elimine manualmente o el per\u00edodo de almacenamiento expire.<\/li>\n<li>Los datos que haya proporcionado para la suscripci\u00f3n al bolet\u00edn informativo (por ejemplo, nombre, direcci\u00f3n de correo electr\u00f3nico) se eliminar\u00e1n tan pronto como revoque su consentimiento al bolet\u00edn informativo.<\/li>\n<li>Los datos recopilados para eventos o actividades se eliminar\u00e1n a m\u00e1s tardar 2 a\u00f1os despu\u00e9s del evento, a menos que haya razones especiales para almacenarlos por m\u00e1s tiempo.<\/li>\n<li>El ADFC a nivel federal (Berl\u00edn) es responsable de la eliminaci\u00f3n de los datos de los miembros.<\/li>\n<\/ul>\n<h2>Derechos de los interesados<\/h2>\n<p>Si procesamos datos personales sobre usted, tiene los siguientes derechos de los interesados:<\/p>\n<ul>\n<li>derecho a la informaci\u00f3n sobre los datos tratados y a una copia,<\/li>\n<li>un derecho de rectificaci\u00f3n si procesamos datos incorrectos sobre usted,<\/li>\n<li>un derecho de supresi\u00f3n, a menos que todav\u00eda existan excepciones a la raz\u00f3n por la que a\u00fan conservamos los datos, por ejemplo, obligaciones de conservaci\u00f3n o plazos de prescripci\u00f3n;<\/li>\n<li>el derecho a la limitaci\u00f3n del tratamiento,<\/li>\n<li>derecho a retirar el consentimiento para el tratamiento de datos en cualquier momento,<\/li>\n<li>derecho a oponerse al tratamiento en inter\u00e9s p\u00fablico o leg\u00edtimo,<\/li>\n<li>el derecho a la portabilidad de los datos,<\/li>\n<li>derecho a presentar una queja ante una autoridad supervisora de protecci\u00f3n de datos si descubre que no estamos procesando sus datos correctamente.<\/li>\n<\/ul>\n<p>La autoridad competente ser\u00e1:<\/p>\n<p><strong>para los datos de los miembros:<\/strong><br \/>Comisaria de Protecci\u00f3n de Datos y Libertad de Informaci\u00f3n de Berl\u00edn<br \/>Alt-Moabit 59-61, 10555 Berl\u00edn<br \/><a href=\"\/es\/&\/#109;&#x61;&#105;&#x6c;&#116;&#x6f;&#58;&#x6d;a&#x69;l&#x62;o&#x78;&#64;&#100;&#x61;&#116;&#x65;&#110;&#x73;&#99;&#x68;&#117;&#x74;z&#x2d;b&#x65;r&#x6c;i&#110;&#x2e;&#100;&#x65;\">mailbox@datenschutz-berlin.de<\/a><\/p>\n<p><strong>para todos los dem\u00e1s datos personales:<\/strong><br \/>Comisario de Protecci\u00f3n de Datos y Libertad de Informaci\u00f3n de Hesse<br \/>Wilhelmstra\u00dfe 7, 65185 Wiesbaden<br \/><a href=\"https:\/\/datenschutz.hessen.de\/kontakt\">https:\/\/datenschutz.hessen.de\/kontakt<\/a><\/p>    <\/div>\n<\/div>\n<!-- \/module text -->        <\/div>\n                        <\/div>\n        <\/div>\n                        <div  data-lazy=\"1\" class=\"module_row themify_builder_row tb_ztji159 tf_w\">\n                        <div class=\"row_inner col_align_top tb_col_count_1 tf_box tf_rel\">\n                        <div  data-lazy=\"1\" class=\"module_column tb-column col-full tb_q2mt159 first\">\n                            <\/div>\n                        <\/div>\n        <\/div>\n        <\/div>\n<!--\/themify_builder_content-->\n\n\n<p><\/p>","protected":false},"excerpt":{"rendered":"","protected":false},"author":50,"featured_media":0,"parent":69915,"menu_order":6,"comment_status":"closed","ping_status":"closed","template":"","meta":{"footnotes":""},"tags":[],"class_list":["post-69709","page","type-page","status-publish","hentry","has-post-title","has-post-date","has-post-category","has-post-tag","has-post-comment","has-post-author",""],"builder_content":"<h1>Datenschutzerkl\u00e4rung<\/h1> <h2>Angaben zum Verantwortlichen<\/h2> <p>ADFC Wiesbaden\/Rheingau-Taunus e.V.<br \/>Goebenstra\u00dfe 1<br \/>65195 Wiesbaden<br \/><a href=\"mailto:info@adfc-wiesbaden.de\">info@adfc-wiesbaden.de<\/a><\/p> <p>Bei Fragen zum Datenschutz stehen wir Ihnen unter der oben angegebenen E-Mail-Adresse oder postalischen Anschrift zur Verf\u00fcgung.<\/p> <h2>Verarbeitung Ihrer personenbezogenen Daten \u2013 Zwecke und Rechtsgrundlagen<\/h2> <h2>Datenverarbeitung bei Nutzung unserer Vereinswebsite:<\/h2> <h3>a) Logfiles<\/h3> <p>Die Nutzung unserer Vereinswebseite ist m\u00f6glich, ohne dass Sie aktiv personenbezogene Daten eingeben. Allerdings werden bei jeder Nutzung unserer Vereinswebseite auf den Servern, die vom ADFC Hessen e.V. bereitgestellt werden, Logfiles aufgezeichnet. In den Logfiles erhebt und speichert der Provider der Seiten automatisch Informationen, die Ihr Browser automatisch an den Provider der Seiten \u00fcbermittelt. Dies sind:<\/p> <ul> <li>feste bzw. dynamische IP-Adresse des aufrufenden Nutzers,<\/li> <li>aufgerufene Seiten,<\/li> <li>Browser-Typ\/Browserversion,<\/li> <li>Referrer-Adressen (URL),<\/li> <li>verwendetes Betriebssystem,<\/li> <li>Hostname des zugreifenden Rechners,<\/li> <li>Zugriffsdatum und Zugriffszeit.<\/li> <\/ul> <p>Der ADFC Hessen e.V. kann diese Daten abrufen. Die in den Logfiles enthaltenen Daten werden ausschlie\u00dflich zu statistischen Zwecken verwendet. Eine Identifizierung des Nutzers findet, sofern nicht gesetzlich vorgeschrieben, nicht statt. F\u00fcr uns sind die Daten nicht bestimmten Personen zuordenbar. Wir behalten uns vor, diese Daten einzusehen und zu pr\u00fcfen, wenn uns konkrete Anhaltspunkte f\u00fcr eine rechtswidrige Nutzung der Vereinswebsite bekannt werden. Rechtsgrundlage ist ein berechtigtes Interesse nach Art. 6 Abs. 1 S. 1 lit. b) DSGVO daran, eine rechtswidrige Nutzung oder Angriffe erkennen und abwehren zu k\u00f6nnen.<\/p> <h3>b) Zugriffsdaten\/ Server-Logfiles<\/h3> <p>Unser Webspace-Provider erhebt Daten \u00fcber jeden Zugriff auf das Angebot (so genannte Serverlogfiles). Zu den Zugriffsdaten geh\u00f6ren:<\/p> <ul> <li>Name der abgerufenen Webseite,<\/li> <li>Datei,<\/li> <li>Datum und Uhrzeit des Abrufs<\/li> <li>\u00fcbertragene Datenmenge<\/li> <li>Meldung \u00fcber erfolgreichen Abruf<\/li> <li>Browsertyp nebst Version<\/li> <li>das Betriebssystem des Nutzers<\/li> <li>Referrer URL (die zuvor besuchte Seite)<\/li> <li>IP-Adresse und<\/li> <li>der anfragende Provider<\/li> <\/ul> <p>Wir verwenden die Protokolldaten nur f\u00fcr statistische Auswertungen zum Zweck des Betriebs, der Sicherheit und der Optimierung des Angebotes. Wir behalten uns jedoch vor, die Protokolldaten nachtr\u00e4glich zu \u00fcberpr\u00fcfen, wenn aufgrund konkreter Anhaltspunkte der berechtigte Verdacht einer rechtswidrigen Nutzung besteht.<\/p> <h3>c) Verwendung von Cookies<\/h3> <p>Cookies sind kleine Textdateien, die durch Ihren Browser auf Ihrem Endger\u00e4t gespeichert werden. Wir verzichten bewusst auf den Einsatz von Analyse-, Marketing- oder Tracking-Cookies sowie auf Cookies von Drittanbietern. Die von uns eingesetzten Cookies sind rein funktionaler Natur und zwingend erforderlich, um den Betrieb, die Sicherheit und die grundlegenden Funktionen unserer Website zu gew\u00e4hrleisten (z. B. zur Speicherung von Spracheinstellungen, Log-in-Status oder zur Lastverteilung der Server).<\/p> <p>Rechtsgrundlage ist unser berechtigtes Interesse an der technisch fehlerfreien Bereitstellung und optimierten Gestaltung unserer Website (Art. 6 Abs. 1 lit. f DSGVO).\u00a0<\/p> <p>Sie k\u00f6nnen Ihren Browser so einstellen, dass Sie \u00fcber das Setzen von Cookies informiert werden, Cookies nur im Einzelfall erlauben oder die Annahme von Cookies f\u00fcr bestimmte F\u00e4lle oder generell ausschlie\u00dfen.<\/p> <h3>d) Newsletter<\/h3> <p>Wenn Sie auf unserer Vereinswebseite den Newsletter abonniert haben, werden personenbezogene Daten erhoben, verarbeitet und genutzt. Verarbeitet werden:<\/p> <ul> <li>Vorname, Name<\/li> <li>Ihre E-Mail-Adresse<\/li> <li>Wohnort<\/li> <\/ul> <p>Wir verwenden Ihre E-Mail-Adresse, um Ihnen regelm\u00e4\u00dfig den Newsletter zuzusenden und Sie mit Wissenswertem \u00fcber den Verein zu versorgen. Die Angaben des Wohnortes nutzen wir, um Ihnen gezielt \u00f6rtlich relevante Informationen zukommen zu lassen. Die Rechtsgrundlage f\u00fcr den Newsletter-Versand ist Ihre Einwilligung (Artikel 6 Absatz 1 Satz 1 a) DSGVO). Diese Einwilligung kann jederzeit f\u00fcr die Zukunft widerrufen werden. Dazu k\u00f6nnen Sie unten in der Newsletter-E-Mail auf \u201evom Newsletter abmelden\u201c klicken oder uns an <a href=\"mailto:info@adfc-wiesbaden.de\">info@adfc-wiesbaden.de<\/a> schreiben.<\/p> <p>F\u00fcr den Versand des Newsletters verwenden wir das Versandtool Brevo.<\/p> <h3>Fotos und Videos<\/h3> <p>Fotos und Videos \u00fcber unser Vereinsgeschehen und Veranstaltungen, an denen der Verein mitwirkt, werden zum Zweck der Information unserer Mitglieder oder der \u00d6ffentlichkeit oder zur Au\u00dfendarstellung z.B. auf unserer Webseite, in traditionellen oder digitalen Medien aufgenommen, gespeichert und ver\u00f6ffentlicht.<\/p> <p>Die Aufnahme, Speicherung und Ver\u00f6ffentlichung von Fotos oder Videos geschieht grunds\u00e4tzlich mit einer Einwilligung des Betroffenen, also der Person, die fotografiert oder gefilmt wird (Art. 6 Abs. 1 S. 1 Buchstabe a) DSGVO). Diese Einwilligung kann jederzeit f\u00fcr die Zukunft widerrufen werden.<\/p> <p>Die Aufnahme, Speicherung und Ver\u00f6ffentlichung von Fotos oder Videos ist i<strong>n bestimmten F\u00e4llen ohne Einwilligung m\u00f6glich<\/strong>, wenn sie auf einem berechtigten Interesse des ADFC Wiesbaden\/Rheingau-Taunus beruht (Art. 6 Abs. 1 lit. f DSGVO). Dies ist im Allgemeinen der Fall bei Fotos oder Videos, auf denen Personen nur als Beiwerk erscheinen, oder bei Fotos oder Videos von \u00f6ffentlichen Veranstaltungen oder Events an denen die dargestellten Personen teilgenommen haben. Die <strong>vern\u00fcnftigen Erwartungen<\/strong>\u00a0der betroffenen Personen, ob sie damit rechnen m\u00fcssen, dass sie in dem jeweiligen Kontext aufgenommen zu werden und dass Aufnahmen ver\u00f6ffentlicht werden, sind zu ber\u00fccksichtigen.<\/p> <p>Sie haben die M\u00f6glichkeit, der Verwendung eines Fotos oder Videos, auf dem Sie zu sehen sind, gem\u00e4\u00df Artikel 21 Absatz 1 DSGVO zu widersprechen. Der Verein wird pr\u00fcfen, ob es zwingende schutzw\u00fcrdige Gr\u00fcnde f\u00fcr die Verarbeitung gibt, die Ihre Interessen, Rechte und Freiheiten \u00fcberwiegen. Wenn nicht, wird das entsprechende Foto oder Video gel\u00f6scht.<\/p> <h3>Teilnehmerverwaltung<\/h3> <p>Wenn Sie sich zu unseren Veranstaltungen anmelden oder an unseren Aktivit\u00e4ten teilnehmen, werden manchmal personenbezogene Daten erhoben, verarbeitet und genutzt. Verarbeitet werden abh\u00e4ngig von der Art der Veranstaltung oder der Aktivit\u00e4t:<\/p> <ul> <li>Vorname, Name<\/li> <li>Ihre E-Mail-Adresse<\/li> <li>Wohnort mit Postleitzahl<\/li> <li>Vorkenntnisse<\/li> <li>Kontoverbindung und Zahlungsinformationen<\/li> <li>Pr\u00e4ferenzen bei Nahrungsmitteln (z.B. Vegetarier)<\/li> <li>Fahrraddaten (z.B. Hersteller, Rahmennummer)<\/li> <\/ul> <p>Wir verwenden diese Informationen um die Veranstaltung oder Aktivit\u00e4t zu organisieren. Die Rechtsgrundlage ist Ihre Einwilligung (Artikel 6 Absatz 1 Satz 1 a) DSGVO). Diese Einwilligung kann jederzeit f\u00fcr die Zukunft widerrufen werden. Dazu k\u00f6nnen Sie uns an <a href=\"mailto:info@adfc-wiesbaden.de\">info@adfc-wiesbaden.de<\/a> schreiben.<\/p> <h3>Datenverarbeitung der Mitgliedsdaten<\/h3> <p>Die Mitgliedsdaten werden vom<\/p> <p>Allgemeiner Deutscher Fahrrad-Club e. V. (ADFC (Berlin))<br \/>Zimmerstra\u00dfe 26\/27<br \/>10969 Berlin<br \/>Tel.: +49 30 2091498-0<br \/><a href=\"https:\/\/www.adfc.de\/datenschutz\">kontakt@adfc.de<\/a>\u00a0<\/p> <p>als Verantwortlichem verarbeitet.<\/p> <p>Mitgliedsdaten werden vom ADFC\u00a0Wiesbaden\/Rheingau-Taunus nur f\u00fcr die ihm zugeordnete Aufgabenerf\u00fcllung verarbeitet.<\/p> <p>Zweck f\u00fcr die Verarbeitung der Mitgliedsdaten durch den ADFC Wiesbaden\/Rheingau-Taunus ist die Verfolgung des Vereinszwecks, insbesondere die Organisation von Veranstaltungen, die Zusammenarbeit von Mitgliedern in Projektgruppen, die Vernetzung von Mitgliedern in Gruppen digitaler Medien wie \"Signal\", Information \u00fcber das Vereinsgeschehen, z.B. mit einem Newsletter. Rechtsgrundlage ist die Vereinsmitgliedschaft (Artikel 6 Absatz 1 b) DS-GVO) oder ein berechtigtes Interesse (Art. 6 Abs. 1 lit f. DSGVO).<\/p> <h2>Speicherdauer<\/h2> <ul> <li>Bei der Nutzung unserer Vereinswebseite speichert der ADFC Hessen e.V. vor\u00fcbergehend die IP-Adressen und die Logfiles f\u00fcr l\u00e4ngstens 14 Tage.<\/li> <li>Die meisten der von uns verwendeten Cookies sind sogenannte \u201eSession-Cookies\u201c, die nach Ende Ihres Besuchs automatisch gel\u00f6scht werden. Andere bleiben auf Ihrem Endger\u00e4t gespeichert, bis Sie diese manuell l\u00f6schen oder die Speicherdauer abl\u00e4uft.<\/li> <li>Daten, die sie f\u00fcr das Abonnement des Newsletters angegeben haben (z.B. Name, E-Mail-Adresse) werden gel\u00f6scht, sobald Sie Ihre Einwilligung in den Newsletter widerrufen.<\/li> <li>Daten, die f\u00fcr Veranstaltungen oder Aktivit\u00e4ten erhoben wurden, werden sp\u00e4testens 2 Jahre nach der Veranstaltung gel\u00f6scht, es sei denn es gibt besondere Gr\u00fcnde, sie l\u00e4nger zu speichern.<\/li> <li>Der ADFC auf Bundesebene (Berlin) ist f\u00fcr die L\u00f6schung der Mitgliedsdaten zust\u00e4ndig.<\/li> <\/ul> <h2>Betroffenenrechte<\/h2> <p>Wenn wir personenbezogene Daten von Ihnen verarbeiten, haben Sie folgende Betroffenenrechte:<\/p> <ul> <li>ein Recht auf Auskunft \u00fcber die verarbeiteten Daten und auf Kopie,<\/li> <li>ein Berichtigungsrecht, wenn wir falsche Daten \u00fcber Sie verarbeiten,<\/li> <li>ein Recht auf L\u00f6schung, es sei denn, dass noch Ausnahmen greifen, warum wir die Daten noch speichern, also zum Beispiel Aufbewahrungspflichten oder Verj\u00e4hrungsfristen<\/li> <li>ein Recht auf Einschr\u00e4nkung der Verarbeitung,<\/li> <li>ein jederzeitiges Recht, Einwilligungen in die Datenverarbeitung zu widerrufen,<\/li> <li>ein Widerspruchsrecht gegen eine Verarbeitung im \u00f6ffentlichen oder bei berechtigtem Interesse,<\/li> <li>ein Recht auf Daten\u00fcbertragbarkeit,<\/li> <li>ein Beschwerderecht bei einer Datenschutz-Aufsichtsbeh\u00f6rde, wenn Sie finden, dass wir Ihre Daten nicht ordnungsgem\u00e4\u00df verarbeiten.<\/li> <\/ul> <p>Zust\u00e4ndig ist<\/p> <p><strong>f\u00fcr Mitgliederdaten:<\/strong><br \/>Berliner Beauftragte f\u00fcr Datenschutz und Informationsfreiheit<br \/>Alt-Moabit 59-61, 10555 Berlin<br \/><a href=\"mailto:mailbox@datenschutz-berlin.de\">mailbox@datenschutz-berlin.de<\/a><\/p> <p><strong>f\u00fcr alle anderen personenbezogenen Daten:<\/strong><br \/>Hessische Beauftragte f\u00fcr Datenschutz und Informationsfreiheit<br \/>Wilhelmstra\u00dfe 7, 65185 Wiesbaden<br \/><a href=\"https:\/\/datenschutz.hessen.de\/kontakt\">https:\/\/datenschutz.hessen.de\/kontakt<\/a><\/p>","_links":{"self":[{"href":"https:\/\/www.adfc-wiesbaden.de\/es\/wp-json\/wp\/v2\/pages\/69709","targetHints":{"allow":["GET"]}}],"collection":[{"href":"https:\/\/www.adfc-wiesbaden.de\/es\/wp-json\/wp\/v2\/pages"}],"about":[{"href":"https:\/\/www.adfc-wiesbaden.de\/es\/wp-json\/wp\/v2\/types\/page"}],"author":[{"embeddable":true,"href":"https:\/\/www.adfc-wiesbaden.de\/es\/wp-json\/wp\/v2\/users\/50"}],"replies":[{"embeddable":true,"href":"https:\/\/www.adfc-wiesbaden.de\/es\/wp-json\/wp\/v2\/comments?post=69709"}],"version-history":[{"count":31,"href":"https:\/\/www.adfc-wiesbaden.de\/es\/wp-json\/wp\/v2\/pages\/69709\/revisions"}],"predecessor-version":[{"id":76685,"href":"https:\/\/www.adfc-wiesbaden.de\/es\/wp-json\/wp\/v2\/pages\/69709\/revisions\/76685"}],"up":[{"embeddable":true,"href":"https:\/\/www.adfc-wiesbaden.de\/es\/wp-json\/wp\/v2\/pages\/69915"}],"wp:attachment":[{"href":"https:\/\/www.adfc-wiesbaden.de\/es\/wp-json\/wp\/v2\/media?parent=69709"}],"wp:term":[{"taxonomy":"post_tag","embeddable":true,"href":"https:\/\/www.adfc-wiesbaden.de\/es\/wp-json\/wp\/v2\/tags?post=69709"}],"curies":[{"name":"wp","href":"https:\/\/api.w.org\/{rel}","templated":true}]}}