{"id":69777,"date":"2025-02-17T07:55:11","date_gmt":"2025-02-17T06:55:11","guid":{"rendered":"https:\/\/www2.adfc-wiesbaden.de\/?page_id=69777"},"modified":"2025-03-28T18:35:43","modified_gmt":"2025-03-28T17:35:43","slug":"radverkehr","status":"publish","type":"page","link":"https:\/\/www.adfc-wiesbaden.de\/es\/radverkehr\/","title":{"rendered":"Ciclismo"},"content":{"rendered":"<!--themify_builder_content-->\n<div id=\"themify_builder_content-69777\" data-postid=\"69777\" class=\"themify_builder_content themify_builder_content-69777 themify_builder tf_clear\">\n                    <div  data-lazy=\"1\" class=\"module_row themify_builder_row tb_hoer239 tb_first tf_w\">\n                        <div class=\"row_inner col_align_top tb_col_count_2 tf_box tf_rel\">\n                        <div  data-lazy=\"1\" class=\"module_column tb-column col4-2 tb_e56p240 first\">\n                    <!-- module text -->\n<div  class=\"module module-text tb_8ila913    tb_gs678604\" data-lazy=\"1\">\n        <div  class=\"tb_text_wrap\">\n        <h1>Ciclismo<\/h1>\n<p>Aqu\u00ed encontrar\u00e1 una visi\u00f3n general de nuestras p\u00e1ginas sobre el tema de la pol\u00edtica &amp; ciclismo<\/p>    <\/div>\n<\/div>\n<!-- \/module text -->        <\/div>\n                    <div  data-lazy=\"1\" class=\"module_column tb-column col4-2 tb_0edp524 last\">\n                    <!-- module box -->\n<div  class=\"module module-box tb_55pt524  tb_gs678604\" data-lazy=\"1\">\n    <div class=\"module-box-content ui  tb_default_color\">\n                <div class=\"tb_text_wrap\"><div class=\"tb_layout_part_wrap tf_w\"><!--themify_builder_content-->\n    <div  class=\"themify_builder_content themify_builder_content-71780 themify_builder not_editable_builder in_the_loop\" data-postid=\"71780\">\n                        <div  data-lazy=\"1\" class=\"module_row themify_builder_row blue_right_menu_box tb_jyte099 tf_w\">\n                        <div class=\"row_inner col_align_top tb_col_count_1 tf_box tf_rel\">\n                        <div  data-lazy=\"1\" class=\"module_column tb-column col-full tb_f1y3004 first\">\n                    <!-- module text -->\n<div  class=\"module module-text tb_k1ct806\" data-lazy=\"1\">\n        <div  class=\"tb_text_wrap\">\n        <h2>Otros enlaces<\/h2>    <\/div>\n<\/div>\n<!-- \/module text --><!-- module buttons -->\n<div  class=\"module module-buttons tb_og9q817 buttons-horizontal transparent\" data-lazy=\"1\">\n        <div class=\"module-buttons-item tf_in_flx\">\n                        <a href=\"https:\/\/www.adfc-wiesbaden.de\/es\/radverkehr\/radpolitik\/\" class=\"ui builder_button tf_in_flx tb_default_color\" >\n                                    <em><svg  class=\"tf_fa tf-ti-new-window\" xmlns:xlink=\"http:\/\/www.w3.org\/1999\/xlink\" aria-hidden=\"true\"><use href=\"#tf-ti-new-window\" xlink:href=\"#tf-ti-new-window\"><\/use><\/svg><\/em>                                        Pol\u00edtica radical                                        <\/a>\n                <\/div>\n            <\/div>\n<!-- \/module buttons -->\n        <div  data-lazy=\"1\" class=\"module_subrow themify_builder_sub_row tf_w col_align_top tb_col_count_1 tb_7bn7470\">\n                <div  data-lazy=\"1\" class=\"module_column sub_column col-full tb_fxdw000 first\">\n                    <!-- module divider -->\n<div  class=\"module tf_mw module-divider tb_b3w5048 solid\" style=\"border-width: 1px;border-color: #ffffff;margin-top: 1px;margin-bottom: 1px;\" data-lazy=\"1\">\n    <\/div>\n<!-- \/module divider -->\n        <\/div>\n                    <\/div>\n        <!-- module buttons -->\n<div  class=\"module module-buttons tb_659s080 buttons-horizontal transparent\" data-lazy=\"1\">\n        <div class=\"module-buttons-item tf_in_flx\">\n                        <a href=\"https:\/\/www.adfc-wiesbaden.de\/es\/radverkehr\/radstern\/\" class=\"ui builder_button tf_in_flx tb_default_color\" >\n                                    <em><svg  class=\"tf_fa tf-ti-new-window\" xmlns:xlink=\"http:\/\/www.w3.org\/1999\/xlink\" aria-hidden=\"true\"><use href=\"#tf-ti-new-window\" xlink:href=\"#tf-ti-new-window\"><\/use><\/svg><\/em>                                        Estrella de rueda                                        <\/a>\n                <\/div>\n            <\/div>\n<!-- \/module buttons -->\n        <div  data-lazy=\"1\" class=\"module_subrow themify_builder_sub_row tf_w col_align_top tb_col_count_1 tb_3iqd444\">\n                <div  data-lazy=\"1\" class=\"module_column sub_column col-full tb_0ast081 first\">\n                    <!-- module divider -->\n<div  class=\"module tf_mw module-divider tb_fmx5888 solid\" style=\"border-width: 1px;border-color: #ffffff;margin-top: 1px;margin-bottom: 1px;\" data-lazy=\"1\">\n    <\/div>\n<!-- \/module divider -->\n        <\/div>\n                    <\/div>\n        <!-- module buttons -->\n<div  class=\"module module-buttons tb_m51h088 buttons-horizontal transparent\" data-lazy=\"1\">\n        <div class=\"module-buttons-item tf_in_flx\">\n                        <a href=\"\/es\/tag\/politik-verkehr\/\" class=\"ui builder_button tf_in_flx tb_default_color\" >\n                                    <em><svg  class=\"tf_fa tf-ti-new-window\" xmlns:xlink=\"http:\/\/www.w3.org\/1999\/xlink\" aria-hidden=\"true\"><use href=\"#tf-ti-new-window\" xlink:href=\"#tf-ti-new-window\"><\/use><\/svg><\/em>                                        Tr\u00e1fico de archivo de noticias                                        <\/a>\n                <\/div>\n            <\/div>\n<!-- \/module buttons -->\n        <div  data-lazy=\"1\" class=\"module_subrow themify_builder_sub_row tf_w col_align_top tb_col_count_1 tb_6y2e881\">\n                <div  data-lazy=\"1\" class=\"module_column sub_column col-full tb_vaie400 first\">\n                    <!-- module divider -->\n<div  class=\"module tf_mw module-divider tb_s9p2144 solid\" style=\"border-width: 1px;border-color: #ffffff;margin-top: 1px;margin-bottom: 1px;\" data-lazy=\"1\">\n    <\/div>\n<!-- \/module divider -->\n        <\/div>\n                    <\/div>\n        <!-- module buttons -->\n<div  class=\"module module-buttons tb_s6lb300 buttons-horizontal transparent\" data-lazy=\"1\">\n        <div class=\"module-buttons-item tf_in_flx\">\n                        <a href=\"https:\/\/www.wiesbaden.de\/leben-in-wiesbaden\/mobilitaet\/radbuero\/\" class=\"ui builder_button tf_in_flx tb_default_color\" target=\"_blank\" rel=\"noopener\">\n                                    <em><svg  class=\"tf_fa tf-ti-new-window\" xmlns:xlink=\"http:\/\/www.w3.org\/1999\/xlink\" aria-hidden=\"true\"><use href=\"#tf-ti-new-window\" xlink:href=\"#tf-ti-new-window\"><\/use><\/svg><\/em>                                        Oficina ciclista de Wiesbaden                                        <\/a>\n                <\/div>\n            <\/div>\n<!-- \/module buttons -->\n        <div  data-lazy=\"1\" class=\"module_subrow themify_builder_sub_row tf_w col_align_top tb_col_count_1 tb_oruf540\">\n                <div  data-lazy=\"1\" class=\"module_column sub_column col-full tb_t76y009 first\">\n                    <!-- module divider -->\n<div  class=\"module tf_mw module-divider tb_pqq4408 solid\" style=\"border-width: 1px;border-color: #ffffff;margin-top: 1px;margin-bottom: 1px;\" data-lazy=\"1\">\n    <\/div>\n<!-- \/module divider -->\n        <\/div>\n                    <\/div>\n        <!-- module buttons -->\n<div  class=\"module module-buttons tb_bdve741 buttons-horizontal transparent\" data-lazy=\"1\">\n        <div class=\"module-buttons-item tf_in_flx\">\n                        <a href=\"https:\/\/meldeplattform-radverkehr.de\/index.html?action=map&#038;x=474431.38&#038;y=5554198.49&#038;z=7\" class=\"ui builder_button tf_in_flx tb_default_color\" target=\"_blank\" rel=\"noopener\">\n                                    <em><svg  class=\"tf_fa tf-ti-new-window\" xmlns:xlink=\"http:\/\/www.w3.org\/1999\/xlink\" aria-hidden=\"true\"><use href=\"#tf-ti-new-window\" xlink:href=\"#tf-ti-new-window\"><\/use><\/svg><\/em>                                        Plataforma de informes para el ciclismo                                        <\/a>\n                <\/div>\n            <\/div>\n<!-- \/module buttons -->\n        <div  data-lazy=\"1\" class=\"module_subrow themify_builder_sub_row tf_w col_align_top tb_col_count_1 tb_b32b345\">\n                <div  data-lazy=\"1\" class=\"module_column sub_column col-full tb_1r61345 first\">\n                    <!-- module divider -->\n<div  class=\"module tf_mw module-divider tb_f1ca345 solid\" style=\"border-width: 1px;border-color: #ffffff;margin-top: 1px;margin-bottom: 1px;\" data-lazy=\"1\">\n    <\/div>\n<!-- \/module divider -->\n        <\/div>\n                    <\/div>\n        <!-- module buttons -->\n<div  class=\"module module-buttons tb_kan2828 buttons-horizontal transparent\" data-lazy=\"1\">\n        <div class=\"module-buttons-item tf_in_flx\">\n                        <a href=\"https:\/\/mobil.hessen.de\/mobilitaet-und-zukunft\/radwege\" class=\"ui builder_button tf_in_flx tb_default_color\" target=\"_blank\" rel=\"noopener\">\n                                    <em><svg  class=\"tf_fa tf-ti-new-window\" xmlns:xlink=\"http:\/\/www.w3.org\/1999\/xlink\" aria-hidden=\"true\"><use href=\"#tf-ti-new-window\" xlink:href=\"#tf-ti-new-window\"><\/use><\/svg><\/em>                                        Hessen Mobil                                        <\/a>\n                <\/div>\n            <\/div>\n<!-- \/module buttons -->\n        <div  data-lazy=\"1\" class=\"module_subrow themify_builder_sub_row tf_w col_align_top tb_col_count_1 tb_ys4e591\">\n                <div  data-lazy=\"1\" class=\"module_column sub_column col-full tb_3mn6591 first\">\n                    <!-- module divider -->\n<div  class=\"module tf_mw module-divider tb_vpqx591 solid\" style=\"border-width: 1px;border-color: #ffffff;margin-top: 1px;margin-bottom: 1px;\" data-lazy=\"1\">\n    <\/div>\n<!-- \/module divider -->\n        <\/div>\n                    <\/div>\n                <\/div>\n                        <\/div>\n        <\/div>\n            <\/div>\n<!--\/themify_builder_content--><\/div>\n<\/div>\n    <\/div>\n<\/div>\n<!-- \/module box -->\n        <\/div>\n                        <\/div>\n        <\/div>\n        <\/div>\n<!--\/themify_builder_content-->","protected":false},"excerpt":{"rendered":"<p>Ciclismo Aqu\u00ed encontrar\u00e1 una visi\u00f3n general de nuestras p\u00e1ginas sobre el tema de la pol\u00edtica &amp; ciclismo<\/p>","protected":false},"author":50,"featured_media":0,"parent":0,"menu_order":15,"comment_status":"closed","ping_status":"closed","template":"","meta":{"footnotes":""},"tags":[],"class_list":["post-69777","page","type-page","status-publish","hentry","has-post-title","has-post-date","has-post-category","has-post-tag","has-post-comment","has-post-author",""],"builder_content":"<h1>Radverkehr<\/h1> <p>Hier finden Sie eine \u00dcbersicht \u00fcber unsere Seiten zum Thema Politik &amp; Radverkehr<\/p>\n<p>[themify_layout_part id=\"71780\"]<\/p>","_links":{"self":[{"href":"https:\/\/www.adfc-wiesbaden.de\/es\/wp-json\/wp\/v2\/pages\/69777","targetHints":{"allow":["GET"]}}],"collection":[{"href":"https:\/\/www.adfc-wiesbaden.de\/es\/wp-json\/wp\/v2\/pages"}],"about":[{"href":"https:\/\/www.adfc-wiesbaden.de\/es\/wp-json\/wp\/v2\/types\/page"}],"author":[{"embeddable":true,"href":"https:\/\/www.adfc-wiesbaden.de\/es\/wp-json\/wp\/v2\/users\/50"}],"replies":[{"embeddable":true,"href":"https:\/\/www.adfc-wiesbaden.de\/es\/wp-json\/wp\/v2\/comments?post=69777"}],"version-history":[{"count":9,"href":"https:\/\/www.adfc-wiesbaden.de\/es\/wp-json\/wp\/v2\/pages\/69777\/revisions"}],"predecessor-version":[{"id":71798,"href":"https:\/\/www.adfc-wiesbaden.de\/es\/wp-json\/wp\/v2\/pages\/69777\/revisions\/71798"}],"wp:attachment":[{"href":"https:\/\/www.adfc-wiesbaden.de\/es\/wp-json\/wp\/v2\/media?parent=69777"}],"wp:term":[{"taxonomy":"post_tag","embeddable":true,"href":"https:\/\/www.adfc-wiesbaden.de\/es\/wp-json\/wp\/v2\/tags?post=69777"}],"curies":[{"name":"wp","href":"https:\/\/api.w.org\/{rel}","templated":true}]}}