{"id":69915,"date":"2025-02-17T19:18:43","date_gmt":"2025-02-17T18:18:43","guid":{"rendered":"https:\/\/www2.adfc-wiesbaden.de\/?page_id=69915"},"modified":"2026-02-02T10:34:30","modified_gmt":"2026-02-02T09:34:30","slug":"ueber-uns","status":"publish","type":"page","link":"https:\/\/www.adfc-wiesbaden.de\/es\/ueber-uns\/","title":{"rendered":"Acerca de nosotros"},"content":{"rendered":"<!--themify_builder_content-->\n<div id=\"themify_builder_content-69915\" data-postid=\"69915\" class=\"themify_builder_content themify_builder_content-69915 themify_builder tf_clear\">\n                    <div  data-lazy=\"1\" class=\"module_row themify_builder_row tb_r5mf387 tb_first tf_w\">\n                        <div class=\"row_inner col_align_top tb_col_count_1 tf_box tf_rel\">\n                        <div  data-lazy=\"1\" class=\"module_column tb-column col-full tb_dqo1387 first\">\n                    <!-- module image -->\n<div  class=\"module module-image tb_5ly9178 image-top   tf_mw tb_gs2677162d\" data-lazy=\"1\">\n        <div class=\"image-wrap tf_rel tf_mw\">\n            <img decoding=\"async\" src=\"https:\/\/www.adfc-wiesbaden.de\/wp-content\/uploads\/2025\/02\/Logo_banner.png.jpeg\" title=\"\u00a9 Felix Maucher\" alt=\"\u00a9 Felix Maucher\">    \n        <\/div>\n    <!-- \/image-wrap -->\n    \n        <div class=\"image-content\">\n                    <h3 class=\"image-title\">\n                                    \u00a9 Felix Maucher                            <\/h3>\n                    <\/div>\n    <!-- \/image-content -->\n        <\/div>\n<!-- \/module image --><!-- module text -->\n<div  class=\"module module-text tb_l55g973    tb_gs678604\" data-lazy=\"1\">\n        <div  class=\"tb_text_wrap\">\n        <h1>Qui\u00e9nes somos y qu\u00e9 queremos \u2026<\/h1>\n<p>Nuestros miembros activos est\u00e1n comprometidos con los intereses del ocio y los ciclistas cotidianos. Especialmente en este \u00e1mbito, todav\u00eda queda mucho por hacer, por ejemplo, en lo que respecta a la ampliaci\u00f3n completa de las redes de carreteras en los municipios o a las direcciones de carril bici bien reconocidas.\u00a0<strong>Exigimos una infraestructura ciclista segura y c\u00f3moda para ciclistas de todas las edades.<\/strong><\/p>    <\/div>\n<\/div>\n<!-- \/module text -->        <div  data-lazy=\"1\" class=\"module_subrow themify_builder_sub_row tf_w col_align_top tb_col_count_2 tb_ueiz460\">\n                <div  data-lazy=\"1\" class=\"module_column sub_column col4-2 tb_9c4z460 first\">\n                    <!-- module text -->\n<div  class=\"module module-text tb_8tzn229    tb_gs678604\" data-lazy=\"1\">\n        <div  class=\"tb_text_wrap\">\n        <p>Para garantizar que llegue bien a su destino en sus rutas diarias y de vacaciones, hacemos lobbying para la bicicleta, en el sitio y en todo el pa\u00eds. El trabajo del ADFC abarca desde el cabildeo en el ayuntamiento hasta el recorrido en bicicleta de fin de semana hasta las discusiones en comit\u00e9s de expertos: siempre en inter\u00e9s de los ciclistas.<\/p>\n<p>En el lugar, trabajamos en estrecha colaboraci\u00f3n con la pol\u00edtica local, as\u00ed como con otras organizaciones del sector de la protecci\u00f3n del medio ambiente y el transporte.<\/p>\n<h3>Nos divertimos en bicicleta<\/h3>\n<p>Cada a\u00f1o, el ADFC Wiesbaden \/ Rheingau \u2013 Taunus, junto con nuestra asociaci\u00f3n vecina de Maguncia, ofrece un amplio programa de excursiones. Adem\u00e1s, tenemos grupos de turistas que realizan viajes semanales juntos en el semestre de verano. En nuestra oficina o en eventos, est\u00e1 la edici\u00f3n actual \u00abDiscover Germany by bike\u00bb (Descubre Alemania en bicicleta) para todos aquellos que quieran organizarse por su cuenta.\u00a0<\/p>\n<h3>Ofrecemos servicio e informaci\u00f3n<\/h3>\n<ul>\n<li>Con Lilja tenemos una oferta gratuita para bicicletas de carga<\/li>\n<li>Ofrecemos c\u00f3digos de bicicletas para la prevenci\u00f3n de robos<\/li>\n<li>Organizamos intercambios de bicicletas<\/li>\n<\/ul>\n<h3>Somos parte del ADFC<\/h3>\n<p>Como una asociaci\u00f3n independiente, sin fines de lucro, registrada con 1.400 miembros, somos una subdivisi\u00f3n de ADFC Hessen.<\/p>\n<p>La ADFC es una asociaci\u00f3n sin \u00e1nimo de lucro. La mayor parte del trabajo de la asociaci\u00f3n se realiza de forma voluntaria. Nuestros miembros utilizan su tiempo libre porque lo disfrutan y es importante para ellos promover el ciclismo junto con otros. Representamos los intereses de todos los ciclistas y estamos comprometidos a afirmarlos. Gracias al ADFC, ahora es posible llevar bicicletas contigo en la mayor\u00eda de los trenes. El ADFC tambi\u00e9n participa directamente en la revisi\u00f3n de las normas de tr\u00e1fico actuales y aporta sus ideas.\u00a0<\/p>\n<p>Los miembros del ADFC apoyan este trabajo con su cuota de membres\u00eda. Para ello, reciben gratuitamente la revista \u00abRadwelt\u00bb y el seguro de protecci\u00f3n jur\u00eddica si viajan en bicicleta.<\/p>\n<p>\u00a1Convertirse en miembro vale la pena!<\/p>\n<div class=\"button_container\">\n<div class=\"margin_0-16-8-0\"><a class=\"button1\" href=\"https:\/\/www.adfc.de\/mitgliedschaft\" target=\"_blank\" rel=\"noopener\"> Convi\u00e9rtase en miembro<\/a><\/div>\n<div class=\"margin_0-16-8-0\"><a class=\"button1\" href=\"https:\/\/www.adfc-hessen.de\/\" target=\"_blank\" rel=\"noopener\">ADFC Hesse<\/a><\/div>\n<div class=\"margin_0-16-8-0\"><a class=\"button1\" href=\"https:\/\/www.adfc.de\/\" target=\"_blank\" rel=\"noopener\">Asociaci\u00f3n Federal ADFC<\/a><\/div>\n<\/div>    <\/div>\n<\/div>\n<!-- \/module text -->        <\/div>\n                    <div  data-lazy=\"1\" class=\"module_column sub_column col4-2 tb_y8fz460 last\">\n                    <!-- module image -->\n<div  class=\"module module-image tb_iucr534 image-top   tf_mw tb_gs2677162d\" data-lazy=\"1\">\n        <div class=\"image-wrap tf_rel tf_mw\">\n            <img loading=\"lazy\" decoding=\"async\" width=\"1707\" height=\"2560\" src=\"https:\/\/www.adfc-wiesbaden.de\/wp-content\/uploads\/2025\/02\/2025-02-21_5661-scaled.jpg\" class=\"wp-post-image wp-image-70865\" title=\"\u00a9 Oliver Kessler\" alt=\"\u00a9 Oliver Kessler\" srcset=\"https:\/\/www.adfc-wiesbaden.de\/wp-content\/uploads\/2025\/02\/2025-02-21_5661-scaled.jpg 1707w, https:\/\/www.adfc-wiesbaden.de\/wp-content\/uploads\/2025\/02\/2025-02-21_5661-700x1050.jpg 700w, https:\/\/www.adfc-wiesbaden.de\/wp-content\/uploads\/2025\/02\/2025-02-21_5661-1400x2099.jpg 1400w, https:\/\/www.adfc-wiesbaden.de\/wp-content\/uploads\/2025\/02\/2025-02-21_5661-200x300.jpg 200w, https:\/\/www.adfc-wiesbaden.de\/wp-content\/uploads\/2025\/02\/2025-02-21_5661-768x1152.jpg 768w, https:\/\/www.adfc-wiesbaden.de\/wp-content\/uploads\/2025\/02\/2025-02-21_5661-1024x1536.jpg 1024w, https:\/\/www.adfc-wiesbaden.de\/wp-content\/uploads\/2025\/02\/2025-02-21_5661-1366x2048.jpg 1366w\" sizes=\"auto, (max-width: 1707px) 100vw, 1707px\" \/>    \n        <\/div>\n    <!-- \/image-wrap -->\n    \n        <div class=\"image-content\">\n                    <h3 class=\"image-title\">\n                                    \u00a9 Oliver Kessler                            <\/h3>\n                    <\/div>\n    <!-- \/image-content -->\n        <\/div>\n<!-- \/module image -->        <\/div>\n                    <\/div>\n                <\/div>\n                        <\/div>\n        <\/div>\n        <\/div>\n<!--\/themify_builder_content-->\n\n\n<p><\/p>","protected":false},"excerpt":{"rendered":"","protected":false},"author":53,"featured_media":69954,"parent":0,"menu_order":9,"comment_status":"closed","ping_status":"closed","template":"","meta":{"footnotes":""},"tags":[],"class_list":["post-69915","page","type-page","status-publish","has-post-thumbnail","hentry","has-post-title","has-post-date","has-post-category","has-post-tag","has-post-comment","has-post-author",""],"builder_content":"<img src=\"https:\/\/www.adfc-wiesbaden.de\/wp-content\/uploads\/2025\/02\/Logo_banner.png.jpeg\" title=\"&copy; Felix Maucher\" alt=\"&copy; Felix Maucher\"> <h3> &copy; Felix Maucher <\/h3>\n<h1>Wer wir sind und was wir wollen...<\/h1> <p>Unsere Aktiven engagieren sich f\u00fcr die Interessen der Freizeit- und Alltagsradfahrenden. Gerade in diesem Bereich gibt es noch viel zu erreichen, z.B. im Hinblick auf den l\u00fcckenlosen Ausbau der Wegenetze in den Gemeinden oder gut erkennbarer Fahrradwegweisungen.\u00a0<strong>Wir fordern sichere und komfortable Radverkehrs-Infrastruktur f\u00fcr Radlerinnen und Radler jeden Alters.<\/strong><\/p>\n<p>Damit ihr auf euren t\u00e4glichen Wegen und im Urlaub gut ans Ziel kommen, leisten wir\u00a0Lobbyarbeit f\u00fcr das Rad, vor Ort und bundesweit. Die Arbeit des ADFC reicht vom Lobbying im Rathaus \u00fcber die Radtour am Wochenende bis zu Gespr\u00e4chen in Fachgremien: immer im Interesse der Radfahrerinnen und Radfahrer.<\/p> <p>Vor Ort arbeiten wir vom Kreisverband Wiesbaden \/ Rheingau-Taunus daf\u00fcr eng mit der hiesigen Politik sowie mit anderen Organisationen aus dem Umweltschutz- und Verkehrsbereich zusammen.<\/p> <h3>Wir haben Spa\u00df am Radfahren<\/h3> <p>Jedes Jahr bietet der ADFC Wiesbaden \/ Rheingau - Taunus gemeinsam mit unserem Nachbarverband aus Mainz ein umfangreiches Tourenprogramm an. Zus\u00e4tzlich haben wir Tourengruppen, die im Sommerhalbjahr w\u00f6chentlich gemeinsam Ausfahrten unternehmen. In unserer Gesch\u00e4ftsstelle oder bei Veranstaltungen gibt es die aktuelle Ausgabe \"Deutschland per Rad entdecken\" f\u00fcr alle, die gerne selbst organisiert losziehen m\u00f6chten.\u00a0<\/p> <h3>Wir bieten Service und Informationen<\/h3> <ul> <li>Mit Lilja haben wir ein kostenloses Angebot f\u00fcr Lastenr\u00e4der<\/li> <li>Wir bieten Fahrradcodierungen zur Diebstahlpr\u00e4vention an<\/li> <li>Wir organisieren Fahrradb\u00f6rsen<\/li> <\/ul> <h3>Wir sind Teil des ADFC<\/h3> <p>Als selbst\u00e4ndiger, gemeinn\u00fctziger, eingetragener Verein mit 1.400 Mitgliedern sind wir eine Untergliederung des ADFC Hessen.<\/p> <p>Der ADFC ist ein gemeinn\u00fctziger Verein. Die Vereinsarbeit wird \u00fcberwiegend ehrenamtlich geleistet. Unsere Mitglieder verwenden ihre Freizeit, weil sie Spa\u00df daran haben und es ihnen wichtig ist, gemeinsam mit anderen den Radverkehr voranzubringen. Wir vertreten die Interessen aller Radfahrenden und engagieren uns, diese durchzusetzen. So ist es dem ADFC zu verdanken, dass man heute wieder in den meisten Z\u00fcgen Fahrr\u00e4der mitnehmen kann. Auch bei der \u00dcberarbeitung der aktuellen Stra\u00dfenverkehrsordnung ist der ADFC direkt beteiligt und bringt seine Vorstellungen ein.\u00a0<\/p> <p>Mitglieder im ADFC unterst\u00fctzen mit ihrem Mitgliedsbeitrag diese Arbeit. Daf\u00fcr erhalten sie kostenlos die Zeitschrift \"Radwelt\" und eine Rechtschutzversicherung, wenn sie mit dem Fahrrad unterwegs sind.<\/p> <p>Mitglied werden lohnt sich also!<\/p>\n<a href=\"https:\/\/www.adfc.de\/mitgliedschaft\" target=\"_blank\" rel=\"noopener\"> Mitglied werden<\/a> <a href=\"https:\/\/www.adfc-hessen.de\/\" target=\"_blank\" rel=\"noopener\">ADFC Hessen<\/a> <a href=\"https:\/\/www.adfc.de\/\" target=\"_blank\" rel=\"noopener\">ADFC Bundesverband<\/a>\n<img src=\"https:\/\/www.adfc-wiesbaden.de\/wp-content\/uploads\/2025\/02\/2025-02-21_5661-scaled.jpg\" title=\"&copy; Oliver Kessler\" alt=\"&copy; Oliver Kessler\" srcset=\"https:\/\/www.adfc-wiesbaden.de\/wp-content\/uploads\/2025\/02\/2025-02-21_5661-scaled.jpg 1707w, https:\/\/www.adfc-wiesbaden.de\/wp-content\/uploads\/2025\/02\/2025-02-21_5661-700x1050.jpg 700w, https:\/\/www.adfc-wiesbaden.de\/wp-content\/uploads\/2025\/02\/2025-02-21_5661-1400x2099.jpg 1400w, https:\/\/www.adfc-wiesbaden.de\/wp-content\/uploads\/2025\/02\/2025-02-21_5661-200x300.jpg 200w, https:\/\/www.adfc-wiesbaden.de\/wp-content\/uploads\/2025\/02\/2025-02-21_5661-768x1152.jpg 768w, https:\/\/www.adfc-wiesbaden.de\/wp-content\/uploads\/2025\/02\/2025-02-21_5661-1024x1536.jpg 1024w, https:\/\/www.adfc-wiesbaden.de\/wp-content\/uploads\/2025\/02\/2025-02-21_5661-1366x2048.jpg 1366w\" sizes=\"(max-width: 1707px) 100vw, 1707px\" \/> <h3> &copy; Oliver Kessler <\/h3>","_links":{"self":[{"href":"https:\/\/www.adfc-wiesbaden.de\/es\/wp-json\/wp\/v2\/pages\/69915","targetHints":{"allow":["GET"]}}],"collection":[{"href":"https:\/\/www.adfc-wiesbaden.de\/es\/wp-json\/wp\/v2\/pages"}],"about":[{"href":"https:\/\/www.adfc-wiesbaden.de\/es\/wp-json\/wp\/v2\/types\/page"}],"author":[{"embeddable":true,"href":"https:\/\/www.adfc-wiesbaden.de\/es\/wp-json\/wp\/v2\/users\/53"}],"replies":[{"embeddable":true,"href":"https:\/\/www.adfc-wiesbaden.de\/es\/wp-json\/wp\/v2\/comments?post=69915"}],"version-history":[{"count":54,"href":"https:\/\/www.adfc-wiesbaden.de\/es\/wp-json\/wp\/v2\/pages\/69915\/revisions"}],"predecessor-version":[{"id":74862,"href":"https:\/\/www.adfc-wiesbaden.de\/es\/wp-json\/wp\/v2\/pages\/69915\/revisions\/74862"}],"wp:featuredmedia":[{"embeddable":true,"href":"https:\/\/www.adfc-wiesbaden.de\/es\/wp-json\/wp\/v2\/media\/69954"}],"wp:attachment":[{"href":"https:\/\/www.adfc-wiesbaden.de\/es\/wp-json\/wp\/v2\/media?parent=69915"}],"wp:term":[{"taxonomy":"post_tag","embeddable":true,"href":"https:\/\/www.adfc-wiesbaden.de\/es\/wp-json\/wp\/v2\/tags?post=69915"}],"curies":[{"name":"wp","href":"https:\/\/api.w.org\/{rel}","templated":true}]}}