{"id":70024,"date":"2025-02-18T13:58:29","date_gmt":"2025-02-18T12:58:29","guid":{"rendered":"https:\/\/www2.adfc-wiesbaden.de\/?page_id=70024"},"modified":"2026-04-29T21:44:44","modified_gmt":"2026-04-29T19:44:44","slug":"mitmachen-im-adfc","status":"publish","type":"page","link":"https:\/\/www.adfc-wiesbaden.de\/es\/ueber-uns\/mitmachen-im-adfc\/","title":{"rendered":"Participar en el ADFC"},"content":{"rendered":"<!--themify_builder_content-->\n<div id=\"themify_builder_content-70024\" data-postid=\"70024\" class=\"themify_builder_content themify_builder_content-70024 themify_builder tf_clear\">\n                    <div  data-lazy=\"1\" class=\"module_row themify_builder_row tb_mkyj406 tb_first tf_w\">\n                        <div class=\"row_inner col_align_top tb_col_count_1 tf_box tf_rel\">\n                        <div  data-lazy=\"1\" class=\"module_column tb-column col-full tb_wn4a406 first\">\n                    <!-- module text -->\n<div  class=\"module module-text tb_2tji64    tb_gs678604\" data-lazy=\"1\">\n        <div  class=\"tb_text_wrap\">\n        <h1>Participa en el ADFC: \u00a1puedo marcar la diferencia aqu\u00ed!<\/h1>\n<h2>Proyectos para voluntarios en ADFC Wiesbaden \/ Rheingau-Taunus<\/h2>\n<p>\u00bfTe apasiona el ciclismo y est\u00e1s feliz de que cada vez m\u00e1s personas compartan este entusiasmo contigo?<br \/>\u00bfTe gusta el hecho de que nos estamos convirtiendo gradualmente en un pa\u00eds ciclista y te preguntas c\u00f3mo puedes contribuir al hecho de que los ciclistas de todo el mundo pueden ser buenos y felices en la carretera? \u00a1Entonces nos gustar\u00eda invitarlo a ser voluntario en ADFC Wiesbaden \/ Rheingau-Taunus!<\/p>\n<p>Usted mismo determina el alcance de su cooperaci\u00f3n. Puedes participar de forma permanente o simplemente en un proyecto peque\u00f1o y limitado en el tiempo: todo el mundo contribuye solo lo que quiere.<\/p>\n<p>Ya sea que se trate de ciclismo seguro, diversi\u00f3n en bicicleta, tecnolog\u00eda que funcione bien o prevenci\u00f3n de garras, la ADFC representa una movilidad ecol\u00f3gica, saludable y segura en bicicleta. Todo esto est\u00e1 respaldado por el compromiso de docenas de miembros activos de ADFC en Wiesbaden y el distrito de Rheingau-Taunus. \u00a1Nos gustar\u00eda ampliar la base de esta cooperaci\u00f3n voluntaria y esperamos su participaci\u00f3n como voluntarios!<\/p>\n<p>Los contactos sobre diversos temas se pueden encontrar aqu\u00ed:\u00a0<a href=\"https:\/\/www.adfc-wiesbaden.de\/es\/ueber-uns\/kontakt\/\">https:\/\/www.adfc-wiesbaden.de\/ueber-uns\/kontakt\/<\/a><\/p>    <\/div>\n<\/div>\n<!-- \/module text -->        <\/div>\n                        <\/div>\n        <\/div>\n                        <div  data-lazy=\"1\" class=\"module_row themify_builder_row tb_l6yg929 tf_w\">\n                        <div class=\"row_inner col_align_top tb_col_count_2 tf_box tf_rel\">\n                        <div  data-lazy=\"1\" class=\"module_column tb-column col4-2 tb_umy3930 first\">\n                    <!-- module text -->\n<div  class=\"module module-text tb_rqg4560    tb_gs678604\" data-lazy=\"1\">\n        <div  class=\"tb_text_wrap\">\n        <h3>Reuni\u00f3n activa el 1. Lunes del mes.<\/h3>\n<p>Si desea obtener una idea de lo que est\u00e1n haciendo las personas activas en el ADFC, la reuni\u00f3n activa mensual es el mejor lugar. Antes de la reuni\u00f3n activa, abrimos regularmente el clubhouse en Open-Door y ofrecemos informaci\u00f3n, chats en bicicleta o varias promociones. <a href=\"https:\/\/www.adfc-wiesbaden.de\/es\/termine\/\">Resumen de las fechas<\/a>. Cualquier persona interesada, ya sea miembro o no, es bienvenido a venir!<\/p>\n<p>Las reuniones peri\u00f3dicas sirven para intercambiar informaci\u00f3n sobre temas de actualidad, informaci\u00f3n de la Junta Ejecutiva y planificar las pr\u00f3ximas acciones.\u00a0<\/p>\n<p>Las pr\u00f3ximas reuniones est\u00e1n bajo\u00a0<b><a href=\"https:\/\/www.adfc-wiesbaden.de\/es\/termine\/\">nombramientos<\/a>\u00a0<\/b>anunciado. Las reuniones tienen lugar en nuestra oficina de Goebenstra\u00dfe 1.<br \/><br \/><br \/><\/p>    <\/div>\n<\/div>\n<!-- \/module text -->        <\/div>\n                    <div  data-lazy=\"1\" class=\"module_column tb-column col4-2 tb_oapl955 last\">\n                    <!-- module image -->\n<div  class=\"module module-image tb_m9od588 image-top   tf_mw tb_gs2677162d\" data-lazy=\"1\">\n        <div class=\"image-wrap tf_rel tf_mw\">\n            <img loading=\"lazy\" decoding=\"async\" width=\"2560\" height=\"1920\" src=\"https:\/\/www.adfc-wiesbaden.de\/wp-content\/uploads\/2025\/04\/Fahrradboerse_Infostand_mitmachen_2025_4_3-scaled.jpg\" class=\"wp-post-image wp-image-72147\" title=\"ADFC puesto de informaci\u00f3n en el intercambio de bicicletas | \u00a9 Oliver Kessler\" alt=\"Stand de informaci\u00f3n ADFC en el intercambio de bicicletas con 4 personas que ayudan\" srcset=\"https:\/\/www.adfc-wiesbaden.de\/wp-content\/uploads\/2025\/04\/Fahrradboerse_Infostand_mitmachen_2025_4_3-scaled.jpg 2560w, https:\/\/www.adfc-wiesbaden.de\/wp-content\/uploads\/2025\/04\/Fahrradboerse_Infostand_mitmachen_2025_4_3-700x525.jpg 700w, https:\/\/www.adfc-wiesbaden.de\/wp-content\/uploads\/2025\/04\/Fahrradboerse_Infostand_mitmachen_2025_4_3-1400x1050.jpg 1400w, https:\/\/www.adfc-wiesbaden.de\/wp-content\/uploads\/2025\/04\/Fahrradboerse_Infostand_mitmachen_2025_4_3-200x150.jpg 200w, https:\/\/www.adfc-wiesbaden.de\/wp-content\/uploads\/2025\/04\/Fahrradboerse_Infostand_mitmachen_2025_4_3-768x576.jpg 768w, https:\/\/www.adfc-wiesbaden.de\/wp-content\/uploads\/2025\/04\/Fahrradboerse_Infostand_mitmachen_2025_4_3-1536x1152.jpg 1536w, https:\/\/www.adfc-wiesbaden.de\/wp-content\/uploads\/2025\/04\/Fahrradboerse_Infostand_mitmachen_2025_4_3-2048x1536.jpg 2048w\" sizes=\"auto, (max-width: 2560px) 100vw, 2560px\" \/>    \n        <\/div>\n    <!-- \/image-wrap -->\n    \n        <div class=\"image-content\">\n                    <h3 class=\"image-title\">\n                                    ADFC puesto de informaci\u00f3n en el intercambio de bicicletas | \u00a9 Oliver Kessler                            <\/h3>\n                    <\/div>\n    <!-- \/image-content -->\n        <\/div>\n<!-- \/module image -->        <\/div>\n                        <\/div>\n        <\/div>\n                        <div  data-lazy=\"1\" class=\"module_row themify_builder_row tb_4k4t714 tf_w\">\n                        <div class=\"row_inner col_align_top tb_col_count_1 tf_box tf_rel\">\n                        <div  data-lazy=\"1\" class=\"module_column tb-column col-full tb_uwlo714 first\">\n                    <!-- module text -->\n<div  class=\"module module-text tb_hnau432\" data-lazy=\"1\">\n        <div  class=\"tb_text_wrap\">\n        <h3>Buena raz\u00f3n para participar<\/h3>    <\/div>\n<\/div>\n<!-- \/module text -->        <div  data-lazy=\"1\" class=\"module_subrow themify_builder_sub_row tf_w fill-column-content col_align_top gutter-narrow tb_col_count_3 tb_4270703\">\n                <div  data-lazy=\"1\" class=\"module_column sub_column col3-1 tb_wjqy703 first\">\n                    <!-- module image -->\n<div  class=\"module module-image tb_6vih703 image-card-layout   tf_mw\" data-lazy=\"1\">\n        <div class=\"image-wrap tf_rel tf_mw\">\n            <img loading=\"lazy\" decoding=\"async\" width=\"1600\" height=\"1200\" src=\"https:\/\/www.adfc-wiesbaden.de\/wp-content\/uploads\/2025\/06\/ADFC-Wiesbaden-Mainz_Sternfahrt-Schiersteiner-Bruecke-zum-Welttag-des-Fahrrads_beitragsbild.jpg\" class=\"wp-post-image wp-image-72699\" title=\"3-6-2025 ADFC Wiesbaden-Mainz _Sternfahrt-Schiersteiner-Bruecke-zum-Welttag-des-Bicycles\" alt=\"Schierstein Bridge - D\u00eda de la Bicicleta | \u00a9 Karoline Dei\u00dfnerConoces a personas de ideas afines\" srcset=\"https:\/\/www.adfc-wiesbaden.de\/wp-content\/uploads\/2025\/06\/ADFC-Wiesbaden-Mainz_Sternfahrt-Schiersteiner-Bruecke-zum-Welttag-des-Fahrrads_beitragsbild.jpg 1600w, https:\/\/www.adfc-wiesbaden.de\/wp-content\/uploads\/2025\/06\/ADFC-Wiesbaden-Mainz_Sternfahrt-Schiersteiner-Bruecke-zum-Welttag-des-Fahrrads_beitragsbild-700x525.jpg 700w, https:\/\/www.adfc-wiesbaden.de\/wp-content\/uploads\/2025\/06\/ADFC-Wiesbaden-Mainz_Sternfahrt-Schiersteiner-Bruecke-zum-Welttag-des-Fahrrads_beitragsbild-1400x1050.jpg 1400w, https:\/\/www.adfc-wiesbaden.de\/wp-content\/uploads\/2025\/06\/ADFC-Wiesbaden-Mainz_Sternfahrt-Schiersteiner-Bruecke-zum-Welttag-des-Fahrrads_beitragsbild-200x150.jpg 200w, https:\/\/www.adfc-wiesbaden.de\/wp-content\/uploads\/2025\/06\/ADFC-Wiesbaden-Mainz_Sternfahrt-Schiersteiner-Bruecke-zum-Welttag-des-Fahrrads_beitragsbild-768x576.jpg 768w, https:\/\/www.adfc-wiesbaden.de\/wp-content\/uploads\/2025\/06\/ADFC-Wiesbaden-Mainz_Sternfahrt-Schiersteiner-Bruecke-zum-Welttag-des-Fahrrads_beitragsbild-1536x1152.jpg 1536w\" sizes=\"auto, (max-width: 1600px) 100vw, 1600px\" \/>    \n        <\/div>\n    <!-- \/image-wrap -->\n    \n        <div class=\"image-content\">\n                        <div class=\"image-caption tb_text_wrap\">\n            <p style=\"font-size: 10px\">\u00ab Schierstein Bridge - Day of the Bicycle | \u00bb \u00a9 Karoline Dei\u00dfner<\/p>\n<p style=\"font-size: 25px\">Llegas a conocer gente de ideas afines<\/p>        <\/div>\n        <!-- \/image-caption -->\n            <\/div>\n    <!-- \/image-content -->\n        <\/div>\n<!-- \/module image -->        <\/div>\n                    <div  data-lazy=\"1\" class=\"module_column sub_column col3-1 tb_gvsk703\">\n                    <!-- module image -->\n<div  class=\"module module-image tb_wvtu703 image-card-layout   tf_mw\" data-lazy=\"1\">\n        <div class=\"image-wrap tf_rel tf_mw\">\n            <img loading=\"lazy\" decoding=\"async\" width=\"1576\" height=\"1182\" src=\"https:\/\/www.adfc-wiesbaden.de\/wp-content\/uploads\/2025\/10\/20250927_162105.jpg\" class=\"wp-post-image wp-image-74141\" title=\"20250927_162105\" alt=\"Abrigo de bicicletas en el festival de la ciudad | \u00a9 Oliver KesslerPuedes ayudar a otros ciclistas\" srcset=\"https:\/\/www.adfc-wiesbaden.de\/wp-content\/uploads\/2025\/10\/20250927_162105.jpg 1576w, https:\/\/www.adfc-wiesbaden.de\/wp-content\/uploads\/2025\/10\/20250927_162105-700x525.jpg 700w, https:\/\/www.adfc-wiesbaden.de\/wp-content\/uploads\/2025\/10\/20250927_162105-1400x1050.jpg 1400w, https:\/\/www.adfc-wiesbaden.de\/wp-content\/uploads\/2025\/10\/20250927_162105-200x150.jpg 200w, https:\/\/www.adfc-wiesbaden.de\/wp-content\/uploads\/2025\/10\/20250927_162105-768x576.jpg 768w, https:\/\/www.adfc-wiesbaden.de\/wp-content\/uploads\/2025\/10\/20250927_162105-1536x1152.jpg 1536w\" sizes=\"auto, (max-width: 1576px) 100vw, 1576px\" \/>    \n        <\/div>\n    <!-- \/image-wrap -->\n    \n        <div class=\"image-content\">\n                        <div class=\"image-caption tb_text_wrap\">\n            <p style=\"font-size: 10px\">Aparato de bicicletas en el festival de la ciudad de | \u00a9 Oliver Kessler<\/p>\n<p style=\"font-size: 25px\">Puedes ayudar a otros ciclistas<\/p>        <\/div>\n        <!-- \/image-caption -->\n            <\/div>\n    <!-- \/image-content -->\n        <\/div>\n<!-- \/module image -->        <\/div>\n                    <div  data-lazy=\"1\" class=\"module_column sub_column col3-1 tb_0w3b703 last\">\n                    <!-- module image -->\n<div  class=\"module module-image tb_70q7703 image-card-layout   tf_mw\" data-lazy=\"1\">\n        <div class=\"image-wrap tf_rel tf_mw\">\n            <img loading=\"lazy\" decoding=\"async\" width=\"1920\" height=\"1438\" src=\"https:\/\/www.adfc-wiesbaden.de\/wp-content\/uploads\/2025\/06\/2025_06_Mosbacher_Strasse_43.jpg\" class=\"wp-post-image wp-image-72749\" title=\"Mosbacher Stra\u00dfe\" alt=\"2 Bicicletas Ruta Mosbacher Stra\u00dfe | \u00a9 Oliver KesslerTe est\u00e1s moviendo por ciudades habitables\" srcset=\"https:\/\/www.adfc-wiesbaden.de\/wp-content\/uploads\/2025\/06\/2025_06_Mosbacher_Strasse_43.jpg 1920w, https:\/\/www.adfc-wiesbaden.de\/wp-content\/uploads\/2025\/06\/2025_06_Mosbacher_Strasse_43-700x524.jpg 700w, https:\/\/www.adfc-wiesbaden.de\/wp-content\/uploads\/2025\/06\/2025_06_Mosbacher_Strasse_43-1400x1049.jpg 1400w, https:\/\/www.adfc-wiesbaden.de\/wp-content\/uploads\/2025\/06\/2025_06_Mosbacher_Strasse_43-200x150.jpg 200w, https:\/\/www.adfc-wiesbaden.de\/wp-content\/uploads\/2025\/06\/2025_06_Mosbacher_Strasse_43-768x575.jpg 768w, https:\/\/www.adfc-wiesbaden.de\/wp-content\/uploads\/2025\/06\/2025_06_Mosbacher_Strasse_43-1536x1150.jpg 1536w\" sizes=\"auto, (max-width: 1920px) 100vw, 1920px\" \/>    \n        <\/div>\n    <!-- \/image-wrap -->\n    \n        <div class=\"image-content\">\n                        <div class=\"image-caption tb_text_wrap\">\n            <p style=\"font-size: 10px\"> 2 Bicicletas Mosbacher Stra\u00dfe | \u00a9 Oliver Kessler<\/p>\n<p style=\"font-size: 25px\">Mueves algo para ciudades habitables<\/p>        <\/div>\n        <!-- \/image-caption -->\n            <\/div>\n    <!-- \/image-content -->\n        <\/div>\n<!-- \/module image -->        <\/div>\n                    <\/div>\n                <\/div>\n                        <\/div>\n        <\/div>\n        <\/div>\n<!--\/themify_builder_content-->","protected":false},"excerpt":{"rendered":"<p>Participa en el ADFC: \u00a1puedo marcar la diferencia aqu\u00ed! Proyectos para voluntarios en ADFC Wiesbaden \/ Rheingau-Taunus \u00bfTe apasiona el ciclismo y te entusiasma el hecho de que cada vez m\u00e1s personas compartan este entusiasmo contigo?Te gusta que nos vayamos convirtiendo gradualmente en un pa\u00eds ciclista y te preguntes c\u00f3mo puedes contribuir a los ciclistas [\u2026]<\/p>","protected":false},"author":53,"featured_media":69215,"parent":69915,"menu_order":3,"comment_status":"closed","ping_status":"closed","template":"","meta":{"footnotes":""},"tags":[],"class_list":["post-70024","page","type-page","status-publish","has-post-thumbnail","hentry","has-post-title","has-post-date","has-post-category","has-post-tag","has-post-comment","has-post-author",""],"builder_content":"<h1>Mitmachen im ADFC - Hier kann ich was bewegen!<\/h1> <h2>Projekte f\u00fcr Freiwillige im ADFC Wiesbaden \/ Rheingau-Taunus<\/h2> <p>Du f\u00e4hrst leidenschaftlich gerne Rad und freust dich dar\u00fcber, dass immer mehr Menschen diese Begeisterung mit Dir teilen?<br \/>Du findest es gut, dass wir uns allm\u00e4hlich zum Fahrradland entwickeln und fragst dich, wie Du dazu beitragen kannst, dass Radfahrer:innen \u00fcberall gut und gerne unterwegs sein k\u00f6nnen? Dann m\u00f6chten wir Dich zur freiwilligen Mitarbeit im ADFC Wiesbaden \/ Rheingau-Taunus einladen!<\/p> <p>Den Umfang deiner Mitarbeit bestimmst Du dabei selbst. Du kannst Dich dauerhaft engagieren oder auch einfach in einem kleinen, zeitlich begrenzten Projekt \u2013 alle bringen sich nur so viel ein, wie sie m\u00f6chten.<\/p> <p>Ganz gleich, ob es um gefahrloses Radfahren, den Spa\u00df bei Radtouren, gut funktionierende Technik oder die Verhinderung von Fahrradklau geht \u2013 der ADFC steht f\u00fcr umweltfreundliche, gesunde und sichere Mobilit\u00e4t mit dem Fahrrad. Getragen wird all das vom Engagement dutzender aktiver ADFC-Mitglieder in Wiesbaden und dem Rheingau-Taunus Kreis. Wir m\u00f6chten die Basis dieser freiwilligen Mitarbeit gerne verbreitern und freuen uns, wenn Ihr als ehrenamtliche Aktive mit dabei seid!<\/p> <p>Kontakte zu verschiedenen Themen findest Du hier:\u00a0<a href=\"https:\/\/www.adfc-wiesbaden.de\/ueber-uns\/kontakt\/\">https:\/\/www.adfc-wiesbaden.de\/ueber-uns\/kontakt\/<\/a><\/p>\n<h3>Aktiventreffen am 1. Montag im Monat.<\/h3> <p>Falls Du gerne reinschnuppern m\u00f6chtest, was die Aktiven im ADFC so tun, ist das monatliche Aktiventreffen der beste Ort. Vor dem Aktiventreffen \u00f6ffnen wir bei Open-Door regelm\u00e4\u00dfig das Clubhaus und bieten dort Informationen, Radplausch oder verschiedene Aktionen an. die Termine stehen in der <a href=\"https:\/\/www.adfc-wiesbaden.de\/termine\/\">Termin\u00fcbersicht<\/a>. Jede:r Interessierte - ob Mitglied oder nicht - ist herzlich willkommen, vorbeizukommen!<\/p> <p>Die regelm\u00e4\u00dfigen Treffen dienen zum Austausch \u00fcber aktuelle Themen, Informationen des Vorstands und zum Planen anstehender Aktionen.\u00a0<\/p> <p>Die n\u00e4chsten Treffen sind unter\u00a0<b><a href=\"\/termine\">Termine<\/a>\u00a0<\/b>angek\u00fcndigt. Die Treffen finden in unserer Gesch\u00e4ftsstelle in der Goebenstra\u00dfe 1 statt.<br \/><br \/><br \/><\/p>\n<img src=\"https:\/\/www.adfc-wiesbaden.de\/wp-content\/uploads\/2025\/04\/Fahrradboerse_Infostand_mitmachen_2025_4_3-scaled.jpg\" title=\"ADFC Infostand an der Fahrradb\u00f6rse | &copy; Oliver Kessler\" alt=\"ADFC Infostand an der Fahrradb\u00f6rse mit 4 helfenden Personen\" srcset=\"https:\/\/www.adfc-wiesbaden.de\/wp-content\/uploads\/2025\/04\/Fahrradboerse_Infostand_mitmachen_2025_4_3-scaled.jpg 2560w, https:\/\/www.adfc-wiesbaden.de\/wp-content\/uploads\/2025\/04\/Fahrradboerse_Infostand_mitmachen_2025_4_3-700x525.jpg 700w, https:\/\/www.adfc-wiesbaden.de\/wp-content\/uploads\/2025\/04\/Fahrradboerse_Infostand_mitmachen_2025_4_3-1400x1050.jpg 1400w, https:\/\/www.adfc-wiesbaden.de\/wp-content\/uploads\/2025\/04\/Fahrradboerse_Infostand_mitmachen_2025_4_3-200x150.jpg 200w, https:\/\/www.adfc-wiesbaden.de\/wp-content\/uploads\/2025\/04\/Fahrradboerse_Infostand_mitmachen_2025_4_3-768x576.jpg 768w, https:\/\/www.adfc-wiesbaden.de\/wp-content\/uploads\/2025\/04\/Fahrradboerse_Infostand_mitmachen_2025_4_3-1536x1152.jpg 1536w, https:\/\/www.adfc-wiesbaden.de\/wp-content\/uploads\/2025\/04\/Fahrradboerse_Infostand_mitmachen_2025_4_3-2048x1536.jpg 2048w\" sizes=\"(max-width: 2560px) 100vw, 2560px\" \/> <h3> ADFC Infostand an der Fahrradb\u00f6rse | &copy; Oliver Kessler <\/h3>\n<h3>Gute Grunde f\u00fcrs Mitmachen<\/h3>\n<img src=\"https:\/\/www.adfc-wiesbaden.de\/wp-content\/uploads\/2025\/06\/ADFC-Wiesbaden-Mainz_Sternfahrt-Schiersteiner-Bruecke-zum-Welttag-des-Fahrrads_beitragsbild.jpg\" title=\"ADFC-Wiesbaden-Mainz_Sternfahrt-Schiersteiner-Bruecke-zum-Welttag-des-Fahrrads-3-6-2025\" alt=\"Schiersteiner Br\u00fccke - Tag des Fahrrads | &copy; Karoline Dei\u00dfner Du lernst Gleichgesinnte kennen\" srcset=\"https:\/\/www.adfc-wiesbaden.de\/wp-content\/uploads\/2025\/06\/ADFC-Wiesbaden-Mainz_Sternfahrt-Schiersteiner-Bruecke-zum-Welttag-des-Fahrrads_beitragsbild.jpg 1600w, https:\/\/www.adfc-wiesbaden.de\/wp-content\/uploads\/2025\/06\/ADFC-Wiesbaden-Mainz_Sternfahrt-Schiersteiner-Bruecke-zum-Welttag-des-Fahrrads_beitragsbild-700x525.jpg 700w, https:\/\/www.adfc-wiesbaden.de\/wp-content\/uploads\/2025\/06\/ADFC-Wiesbaden-Mainz_Sternfahrt-Schiersteiner-Bruecke-zum-Welttag-des-Fahrrads_beitragsbild-1400x1050.jpg 1400w, https:\/\/www.adfc-wiesbaden.de\/wp-content\/uploads\/2025\/06\/ADFC-Wiesbaden-Mainz_Sternfahrt-Schiersteiner-Bruecke-zum-Welttag-des-Fahrrads_beitragsbild-200x150.jpg 200w, https:\/\/www.adfc-wiesbaden.de\/wp-content\/uploads\/2025\/06\/ADFC-Wiesbaden-Mainz_Sternfahrt-Schiersteiner-Bruecke-zum-Welttag-des-Fahrrads_beitragsbild-768x576.jpg 768w, https:\/\/www.adfc-wiesbaden.de\/wp-content\/uploads\/2025\/06\/ADFC-Wiesbaden-Mainz_Sternfahrt-Schiersteiner-Bruecke-zum-Welttag-des-Fahrrads_beitragsbild-1536x1152.jpg 1536w\" sizes=\"(max-width: 1600px) 100vw, 1600px\" \/> <p style=\"font-size: 10px\">Schiersteiner Br\u00fccke - Tag des Fahrrads | &copy; Karoline Dei\u00dfner<\/p> <p style=\"font-size: 25px\">Du lernst Gleichgesinnte kennen<\/p>\n<img src=\"https:\/\/www.adfc-wiesbaden.de\/wp-content\/uploads\/2025\/10\/20250927_162105.jpg\" title=\"20250927_162105\" alt=\"Fahrradgarderobe am Stadtfest | &copy; Oliver Kessler Du kannst anderen Radelnden helfen\" srcset=\"https:\/\/www.adfc-wiesbaden.de\/wp-content\/uploads\/2025\/10\/20250927_162105.jpg 1576w, https:\/\/www.adfc-wiesbaden.de\/wp-content\/uploads\/2025\/10\/20250927_162105-700x525.jpg 700w, https:\/\/www.adfc-wiesbaden.de\/wp-content\/uploads\/2025\/10\/20250927_162105-1400x1050.jpg 1400w, https:\/\/www.adfc-wiesbaden.de\/wp-content\/uploads\/2025\/10\/20250927_162105-200x150.jpg 200w, https:\/\/www.adfc-wiesbaden.de\/wp-content\/uploads\/2025\/10\/20250927_162105-768x576.jpg 768w, https:\/\/www.adfc-wiesbaden.de\/wp-content\/uploads\/2025\/10\/20250927_162105-1536x1152.jpg 1536w\" sizes=\"(max-width: 1576px) 100vw, 1576px\" \/> <p style=\"font-size: 10px\">Fahrradgarderobe am Stadtfest | &copy; Oliver Kessler<\/p> <p style=\"font-size: 25px\">Du kannst anderen Radelnden helfen<\/p>\n<img src=\"https:\/\/www.adfc-wiesbaden.de\/wp-content\/uploads\/2025\/06\/2025_06_Mosbacher_Strasse_43.jpg\" title=\"Mosbacher Stra\u00dfe\" alt=\"Fahrradstra\u00dfe Mosbacher Stra\u00dfe | &copy; Oliver Kessler Du bewegst etwas f\u00fcr lebenswerte St\u00e4dte\" srcset=\"https:\/\/www.adfc-wiesbaden.de\/wp-content\/uploads\/2025\/06\/2025_06_Mosbacher_Strasse_43.jpg 1920w, https:\/\/www.adfc-wiesbaden.de\/wp-content\/uploads\/2025\/06\/2025_06_Mosbacher_Strasse_43-700x524.jpg 700w, https:\/\/www.adfc-wiesbaden.de\/wp-content\/uploads\/2025\/06\/2025_06_Mosbacher_Strasse_43-1400x1049.jpg 1400w, https:\/\/www.adfc-wiesbaden.de\/wp-content\/uploads\/2025\/06\/2025_06_Mosbacher_Strasse_43-200x150.jpg 200w, https:\/\/www.adfc-wiesbaden.de\/wp-content\/uploads\/2025\/06\/2025_06_Mosbacher_Strasse_43-768x575.jpg 768w, https:\/\/www.adfc-wiesbaden.de\/wp-content\/uploads\/2025\/06\/2025_06_Mosbacher_Strasse_43-1536x1150.jpg 1536w\" sizes=\"(max-width: 1920px) 100vw, 1920px\" \/> <p style=\"font-size: 10px\"> Fahrradstra\u00dfe Mosbacher Stra\u00dfe | &copy; Oliver Kessler<\/p> <p style=\"font-size: 25px\">Du bewegst etwas f\u00fcr lebenswerte St\u00e4dte<\/p>\n<h2>Kontaktbox<\/h2> <p>Du willst dich bei uns einbringen? Dann f\u00fclle doch gerne diese Kontaktbox aus. Wir freuen uns auf Deine Nachricht und melden uns bei Dir.<\/p> [contact-form-7 id=\"ab7daa0\" title=\"Mitmachen im ADFC Wiesbaden\"]\n","_links":{"self":[{"href":"https:\/\/www.adfc-wiesbaden.de\/es\/wp-json\/wp\/v2\/pages\/70024","targetHints":{"allow":["GET"]}}],"collection":[{"href":"https:\/\/www.adfc-wiesbaden.de\/es\/wp-json\/wp\/v2\/pages"}],"about":[{"href":"https:\/\/www.adfc-wiesbaden.de\/es\/wp-json\/wp\/v2\/types\/page"}],"author":[{"embeddable":true,"href":"https:\/\/www.adfc-wiesbaden.de\/es\/wp-json\/wp\/v2\/users\/53"}],"replies":[{"embeddable":true,"href":"https:\/\/www.adfc-wiesbaden.de\/es\/wp-json\/wp\/v2\/comments?post=70024"}],"version-history":[{"count":79,"href":"https:\/\/www.adfc-wiesbaden.de\/es\/wp-json\/wp\/v2\/pages\/70024\/revisions"}],"predecessor-version":[{"id":76666,"href":"https:\/\/www.adfc-wiesbaden.de\/es\/wp-json\/wp\/v2\/pages\/70024\/revisions\/76666"}],"up":[{"embeddable":true,"href":"https:\/\/www.adfc-wiesbaden.de\/es\/wp-json\/wp\/v2\/pages\/69915"}],"wp:featuredmedia":[{"embeddable":true,"href":"https:\/\/www.adfc-wiesbaden.de\/es\/wp-json\/wp\/v2\/media\/69215"}],"wp:attachment":[{"href":"https:\/\/www.adfc-wiesbaden.de\/es\/wp-json\/wp\/v2\/media?parent=70024"}],"wp:term":[{"taxonomy":"post_tag","embeddable":true,"href":"https:\/\/www.adfc-wiesbaden.de\/es\/wp-json\/wp\/v2\/tags?post=70024"}],"curies":[{"name":"wp","href":"https:\/\/api.w.org\/{rel}","templated":true}]}}