{"id":70147,"date":"2025-02-19T12:02:17","date_gmt":"2025-02-19T11:02:17","guid":{"rendered":"https:\/\/www2.adfc-wiesbaden.de\/?page_id=70147"},"modified":"2025-10-15T09:24:15","modified_gmt":"2025-10-15T07:24:15","slug":"spenden","status":"publish","type":"page","link":"https:\/\/www.adfc-wiesbaden.de\/es\/den-adfc-unterstuetzen\/spenden\/","title":{"rendered":"donaciones"},"content":{"rendered":"<!--themify_builder_content-->\n<div id=\"themify_builder_content-70147\" data-postid=\"70147\" class=\"themify_builder_content themify_builder_content-70147 themify_builder tf_clear\">\n                    <div  data-lazy=\"1\" class=\"module_row themify_builder_row tb_xb3p997 tb_first tf_w\">\n                        <div class=\"row_inner col_align_top tb_col_count_2 tf_box tf_rel\">\n                        <div  data-lazy=\"1\" class=\"module_column tb-column col4-2 tb_jzsh998 first\">\n                    <!-- module text -->\n<div  class=\"module module-text tb_hvxn663    tb_gs678604\" data-lazy=\"1\">\n        <div  class=\"tb_text_wrap\">\n        <h1>Su donaci\u00f3n al ADFC: la voz de todos los ciclistas en la pol\u00edtica de transportes<\/h1>\n<p>Juntos, estamos marcando el rumbo para el futuro: la bicicleta debe convertirse finalmente en el centro de la pol\u00edtica de transportes, porque<strong>\u00a0Sin una bicicleta, no podemos hacer el cambio en el tr\u00e1fico.<\/strong>. \u00a1Necesitamos m\u00e1s espacio y m\u00e1s seguridad para nosotros y nuestros hijos! \u00a1Con su donaci\u00f3n, estamos avanzando en la revoluci\u00f3n del transporte!<\/p>\n<p><strong>Con su donaci\u00f3n, el ADFC defiende<\/strong><\/p>\n<ul class=\"listicon2\">\n<li>mucho m\u00e1s y mejores carriles bici<\/li>\n<li>un simple cambio de bicicleta a autob\u00fas o tren<\/li>\n<li>Ciclismo seguro y<\/li>\n<li>lugares habitables donde a la gente le gusta quedarse<\/li>\n<\/ul>\n<p>El ADFC necesita volantes y folletos para su trabajo, una sucursal y apoya campa\u00f1as publicitarias con materiales. Aunque la mayor parte del trabajo es realizado por voluntarios, dependemos de donaciones para estos gastos.<\/p>\n<p><strong>\u00a1Gracias por su apoyo!<\/strong><\/p>\n<p>\u00a0<\/p>\n<div class=\"textcontainer\">\n<h3>\u00bfC\u00f3mo puedo donar?\u00a0<\/h3>\n<p>Destinatario: ADFC Wiesbaden\/Reingau-Taunus e.V.<br \/>IBAN: DE56 5109 0000 0037 3117 07<br \/>BIC: WIBADE5W (Wiesbadener Volksbank eG)<\/p>\n<\/div>\n<div class=\"textcontainer no-p-margin\">\n<p>Su donaci\u00f3n para el ADFC Wiesbaden \/ Rheingau-Taunus es deducible de impuestos. A petici\u00f3n, emitimos recibos de donaci\u00f3n.<\/p>\n<p>Tenga en cuenta que hasta un importe de donaci\u00f3n de 300 euros existe una obligaci\u00f3n simplificada de presentar pruebas a la oficina de impuestos, es decir, un extracto bancario es suficiente como prueba y no es necesario un recibo de donaci\u00f3n.<\/p>\n<\/div>\n<div class=\"textcontainer no-p-margin\">\u00a0<\/div>    <\/div>\n<\/div>\n<!-- \/module text --><!-- module text -->\n<div  class=\"module module-text tb_c665721    tb_gs678604\" data-lazy=\"1\">\n        <div  class=\"tb_text_wrap\">\n        <h3>Aqu\u00ed puede donar directamente al ADFC Wiesbaden \/ Rheingau-Taunus e.V.:<\/h3>\n<script type=\"text\/javascript\">\n            (function() {\n                var u=\"https:\/\/spenden.twingle.de\/embed\/genericorganisation\/genericproject\/tw67cb4dd3157f5\/widget\";\n                var id = '_' + Math.random().toString(36).substr(2, 9);\n                var d=document, g=d.createElement('script'), s=d.getElementsByTagName('script')[0], t=d.createElement('div');\n                t.id = 'twingle-public-embed-' + id;\n                document.currentScript.after(t);\n                g.type='text\/javascript'; g.async=true; g.defer=true; g.src=u+'\/'+id; s.parentNode.insertBefore(g,s);\n            })();\n        <\/script>    <\/div>\n<\/div>\n<!-- \/module text -->        <\/div>\n                    <div  data-lazy=\"1\" class=\"module_column tb-column col4-2 tb_osd2465 last\">\n                    <!-- module image -->\n<div  class=\"module module-image tb_5vov610 image-top   tf_mw tb_gs2677162d\" data-lazy=\"1\">\n        <div class=\"image-wrap tf_rel tf_mw\">\n            <img loading=\"lazy\" decoding=\"async\" width=\"1707\" height=\"2560\" src=\"https:\/\/www.adfc-wiesbaden.de\/wp-content\/uploads\/2025\/04\/2025-04-05_7110-scaled.jpg\" class=\"wp-post-image wp-image-71986\" title=\"\u00a9 Oliver Kessler\" alt=\"Caja de donaci\u00f3n de ADFC en una mesa\" srcset=\"https:\/\/www.adfc-wiesbaden.de\/wp-content\/uploads\/2025\/04\/2025-04-05_7110-scaled.jpg 1707w, https:\/\/www.adfc-wiesbaden.de\/wp-content\/uploads\/2025\/04\/2025-04-05_7110-700x1050.jpg 700w, https:\/\/www.adfc-wiesbaden.de\/wp-content\/uploads\/2025\/04\/2025-04-05_7110-1400x2100.jpg 1400w, https:\/\/www.adfc-wiesbaden.de\/wp-content\/uploads\/2025\/04\/2025-04-05_7110-200x300.jpg 200w, https:\/\/www.adfc-wiesbaden.de\/wp-content\/uploads\/2025\/04\/2025-04-05_7110-768x1152.jpg 768w, https:\/\/www.adfc-wiesbaden.de\/wp-content\/uploads\/2025\/04\/2025-04-05_7110-1024x1536.jpg 1024w, https:\/\/www.adfc-wiesbaden.de\/wp-content\/uploads\/2025\/04\/2025-04-05_7110-1366x2048.jpg 1366w\" sizes=\"auto, (max-width: 1707px) 100vw, 1707px\" \/>    \n        <\/div>\n    <!-- \/image-wrap -->\n    \n        <div class=\"image-content\">\n                    <h3 class=\"image-title\">\n                                    \u00a9 Oliver Kessler                            <\/h3>\n                    <\/div>\n    <!-- \/image-content -->\n        <\/div>\n<!-- \/module image --><!-- module plain text -->\n<div  class=\"module module-plain-text tb_bat1838  tb_gs678604\" data-lazy=\"1\">\n        <div class=\"tb_text_wrap\">\n    <h3>\n\tCampa\u00f1as de recaudaci\u00f3n de fondos actuales:\n<\/h3>\n<iframe loading=\"lazy\" frameborder=\"0\" marginheight=\"0\" marginwidth=\"0\" src=\"https:\/\/project-widget.betterplace.org\/projects\/158771?l=de\" width=\"100%\" height=\"320\" style=\"border: 0; padding:0; margin:5px;\">Informar y donar: &lt;a href=&#039;https:\/\/www.betterplace.org\/de\/projects\/158771-saubere-fahrraeder-fuer-wiesbaden&#039; target=&#039;_blank&#039;&gt;&laquo;&iexcl;Bicicletas limpias para Wiesbaden!&raquo;&lt;\/a&gt; Abre en betterplace.org.<\/iframe>\n\n<iframe loading=\"lazy\" frameborder=\"0\" marginheight=\"0\" marginwidth=\"0\" src=\"https:\/\/project-widget.betterplace.org\/projects\/158073?l=de\" width=\"100%\" height=\"320\" style=\"border: 0; padding:0; margin:5px;\">Informar y donar: &lt;a href=&#039;https:\/\/www.betterplace.org\/de\/projects\/158073-lilja-dein-kostenloses-lastenrad-fuer-wiesbaden-rheingau-taunus&#039; target=&#039;_blank&#039;&gt;&laquo;LILJA &ndash; Tu bicicleta de carga gratuita para Wiesbaden \/ Rheingau-Taunus&raquo;&lt;\/a&gt; Abre en betterplace.org.<\/iframe>    <\/div>\n<\/div>\n<!-- \/module plain text -->        <\/div>\n                        <\/div>\n        <\/div>\n        <\/div>\n<!--\/themify_builder_content-->\n\n\n<p><\/p>","protected":false},"excerpt":{"rendered":"","protected":false},"author":53,"featured_media":0,"parent":70103,"menu_order":0,"comment_status":"closed","ping_status":"closed","template":"","meta":{"footnotes":""},"tags":[],"class_list":["post-70147","page","type-page","status-publish","hentry","has-post-title","has-post-date","has-post-category","has-post-tag","has-post-comment","has-post-author",""],"builder_content":"<h1>Ihre Spende f\u00fcr den ADFC \u2013 die Stimme aller Radfahrenden in der Verkehrspolitik<\/h1> <p>Gemeinsam stellen wir die Weichen f\u00fcr die Zukunft: Das Fahrrad muss endlich ins Zentrum der Verkehrspolitik r\u00fccken, denn<strong>\u00a0ohne Fahrrad k\u00f6nnen wir die Verkehrswende nicht schaffen<\/strong>. Wir brauchen mehr Platz und mehr Sicherheit f\u00fcr uns und unsere Kinder! Mit Ihrer Spende bringen wir die Verkehrswende voran!<\/p> <p><strong>Mit Ihrer Spende macht sich der ADFC stark f\u00fcr<\/strong><\/p> <ul> <li>viel mehr und bessere Fahrradwege<\/li> <li>einen einfachen Wechsel vom Rad in Bus oder Bahn<\/li> <li>sicheres Radfahren und<\/li> <li>lebenswerte Orte, in denen sich Menschen gerne aufhalten<\/li> <\/ul> <p>Der ADFC ben\u00f6tigt f\u00fcr seine Arbeit Flyer und Brosch\u00fcren, eine Gesch\u00e4ftsstelle und unterst\u00fctzt werbewirksame Kampagnen mit Materialien. Auch wenn die meiste Arbeit ehrenamtlich Aktive erledigen, sind wir bei diesen Ausgaben auf Spenden angewiesen.<\/p> <p><strong>Vielen Dank f\u00fcr Ihre Unterst\u00fctzung!<\/strong><\/p> <p>\u00a0<\/p>\n<h3>Wie kann ich spenden?\u00a0<\/h3> <p>Empf\u00e4nger: ADFC Wiesbaden\/Reingau-Taunus e.V.<br \/>IBAN: DE56 5109 0000 0037 3117 07<br \/>BIC: WIBADE5W (Wiesbadener Volksbank eG)<\/p>\n<p>Ihre Spende f\u00fcr den ADFC Wiesbaden\/Rheingau-Taunus ist steuerlich absetzbar. Auf Wunsch stellen wir Spendenquittungen aus.<\/p> <p>Bitte beachten Sie, dass bis zu einer Spendenh\u00f6he von 300 Euro eine vereinfachte Nachweispflicht gegen\u00fcber dem Finanzamt besteht, d.h. ein Kontoauszug als Nachweis gen\u00fcgt und es ist keine Spendenquittung notwendig.<\/p>\n\u00a0\n<h3>Hier k\u00f6nnen Sie direkt an den ADFC Wiesbaden \/ Rheingau-Taunus e.V. spenden:<\/h3> <p>[twingle project=\"tw67cb4dd3157f5\"]<\/p>\n<img src=\"https:\/\/www.adfc-wiesbaden.de\/wp-content\/uploads\/2025\/04\/2025-04-05_7110-scaled.jpg\" title=\"&copy; Oliver Kessler\" alt=\"ADFC Spendendose auf einem Tisch\" srcset=\"https:\/\/www.adfc-wiesbaden.de\/wp-content\/uploads\/2025\/04\/2025-04-05_7110-scaled.jpg 1707w, https:\/\/www.adfc-wiesbaden.de\/wp-content\/uploads\/2025\/04\/2025-04-05_7110-700x1050.jpg 700w, https:\/\/www.adfc-wiesbaden.de\/wp-content\/uploads\/2025\/04\/2025-04-05_7110-1400x2100.jpg 1400w, https:\/\/www.adfc-wiesbaden.de\/wp-content\/uploads\/2025\/04\/2025-04-05_7110-200x300.jpg 200w, https:\/\/www.adfc-wiesbaden.de\/wp-content\/uploads\/2025\/04\/2025-04-05_7110-768x1152.jpg 768w, https:\/\/www.adfc-wiesbaden.de\/wp-content\/uploads\/2025\/04\/2025-04-05_7110-1024x1536.jpg 1024w, https:\/\/www.adfc-wiesbaden.de\/wp-content\/uploads\/2025\/04\/2025-04-05_7110-1366x2048.jpg 1366w\" sizes=\"(max-width: 1707px) 100vw, 1707px\" \/> <h3> &copy; Oliver Kessler <\/h3>\n<h3> Aktuelle Spendenaktionen: <\/h3> <iframe loading=\"lazy\" frameborder=\"0\" marginheight=\"0\" marginwidth=\"0\" src=\"https:\/\/project-widget.betterplace.org\/projects\/158771?l=de\" width=\"100%\" height=\"320\" style=\"border: 0; padding:0; margin:5px;\">Informieren und spenden: &lt;a href=&#39;https:\/\/www.betterplace.org\/de\/projects\/158771-saubere-fahrraeder-fuer-wiesbaden&#39; target=&#39;_blank&#39;&gt;\u201eSaubere Fahrr\u00e4der f\u00fcr Wiesbaden!\u201c&lt;\/a&gt; auf betterplace.org \u00f6ffnen.<\/iframe>\n<iframe loading=\"lazy\" frameborder=\"0\" marginheight=\"0\" marginwidth=\"0\" src=\"https:\/\/project-widget.betterplace.org\/projects\/158073?l=de\" width=\"100%\" height=\"320\" style=\"border: 0; padding:0; margin:5px;\">Informieren und spenden: &lt;a href=&#39;https:\/\/www.betterplace.org\/de\/projects\/158073-lilja-dein-kostenloses-lastenrad-fuer-wiesbaden-rheingau-taunus&#39; target=&#39;_blank&#39;&gt;\u201eLILJA - Dein kostenloses Lastenrad f\u00fcr Wiesbaden \/ Rheingau-Taunus\"&lt;\/a&gt; auf betterplace.org \u00f6ffnen.<\/iframe>","_links":{"self":[{"href":"https:\/\/www.adfc-wiesbaden.de\/es\/wp-json\/wp\/v2\/pages\/70147","targetHints":{"allow":["GET"]}}],"collection":[{"href":"https:\/\/www.adfc-wiesbaden.de\/es\/wp-json\/wp\/v2\/pages"}],"about":[{"href":"https:\/\/www.adfc-wiesbaden.de\/es\/wp-json\/wp\/v2\/types\/page"}],"author":[{"embeddable":true,"href":"https:\/\/www.adfc-wiesbaden.de\/es\/wp-json\/wp\/v2\/users\/53"}],"replies":[{"embeddable":true,"href":"https:\/\/www.adfc-wiesbaden.de\/es\/wp-json\/wp\/v2\/comments?post=70147"}],"version-history":[{"count":44,"href":"https:\/\/www.adfc-wiesbaden.de\/es\/wp-json\/wp\/v2\/pages\/70147\/revisions"}],"predecessor-version":[{"id":74263,"href":"https:\/\/www.adfc-wiesbaden.de\/es\/wp-json\/wp\/v2\/pages\/70147\/revisions\/74263"}],"up":[{"embeddable":true,"href":"https:\/\/www.adfc-wiesbaden.de\/es\/wp-json\/wp\/v2\/pages\/70103"}],"wp:attachment":[{"href":"https:\/\/www.adfc-wiesbaden.de\/es\/wp-json\/wp\/v2\/media?parent=70147"}],"wp:term":[{"taxonomy":"post_tag","embeddable":true,"href":"https:\/\/www.adfc-wiesbaden.de\/es\/wp-json\/wp\/v2\/tags?post=70147"}],"curies":[{"name":"wp","href":"https:\/\/api.w.org\/{rel}","templated":true}]}}