{"id":71640,"date":"2025-03-16T16:26:16","date_gmt":"2025-03-16T15:26:16","guid":{"rendered":"https:\/\/www.adfc-wiesbaden.de\/?page_id=71640"},"modified":"2026-04-19T18:26:03","modified_gmt":"2026-04-19T16:26:03","slug":"teilnahmebedingungen","status":"publish","type":"page","link":"https:\/\/www.adfc-wiesbaden.de\/es\/radtouren\/tourenprogramm\/teilnahmebedingungen\/","title":{"rendered":"Condiciones de participaci\u00f3n"},"content":{"rendered":"<!--themify_builder_content-->\n<div id=\"themify_builder_content-71640\" data-postid=\"71640\" class=\"themify_builder_content themify_builder_content-71640 themify_builder tf_clear\">\n                    <div  data-lazy=\"1\" class=\"module_row themify_builder_row tb_tvvd17 tb_first tf_w\">\n                        <div class=\"row_inner col_align_top tb_col_count_1 tf_box tf_rel\">\n                        <div  data-lazy=\"1\" class=\"module_column tb-column col-full tb_88h517 first\">\n                    <!-- module text -->\n<div  class=\"module module-text tb_2cvr742    tb_gs678604\" data-lazy=\"1\">\n        <div  class=\"tb_text_wrap\">\n        <h1>Visitas guiadas en bicicleta con el ADFC<\/h1>\n<p>Queremos inspirar a la gente para la bicicleta y ofrecer muchos recorridos en bicicleta para descubrir los alrededores. Los tours en bicicleta son realizados por gu\u00edas tur\u00edsticos experimentados, muchos de los cuales est\u00e1n certificados ADFC TourGuides. Nuestros gu\u00edas tur\u00edsticos ofrecen una interesante gama de excursiones en bicicleta: para las familias, para los menos experimentados, para los deportistas, para los ciclistas recreativos, para los ciclistas electr\u00f3nicos, para los ciclistas de carretera y muchos otros. Todos los tours de aventura tambi\u00e9n se pueden montar en bicicleta el\u00e9ctrica. Sin embargo, la velocidad depende de los ciclistas que no tienen una bicicleta el\u00e9ctrica! <br \/>Con nuestro <strong>Recorridos en bicicleta el\u00e9ctrica<\/strong> El nivel de dificultad indicado se refiere a la participaci\u00f3n con una bicicleta el\u00e9ctrica. Los ciclistas experimentados tambi\u00e9n pueden participar en estos tours sin una bicicleta el\u00e9ctrica. Siempre que, sin embargo, es un buen estado.<\/p>\n<h2>Condiciones de participaci\u00f3n y datos interesantes<\/h2>\n<ul>\n<li>Todos los tours de ADFC est\u00e1n provistos de niveles de dificultad, longitudes de ruta e informaci\u00f3n de altitud. Si tiene alguna pregunta sobre el recorrido, comun\u00edquese con el gu\u00eda tur\u00edstico.<\/li>\n<li>Adultos y ni\u00f1os (hasta 16 a\u00f1os acompa\u00f1ados por adultos) pueden participar en los tours de aventura ADFC los fines de semana.<\/li>\n<li>\u00a1Solo los miembros de ADFC pueden participar en las giras de los \"ciclistas de carreras ADFC\" y los \"ciclistas de los mi\u00e9rcoles ADFC\" en Wiesbaden! <br \/>Si a\u00fan no es miembro de ADFC, puede participar en un recorrido de prueba gratuito de los respectivos grupos de ciclismo. Despu\u00e9s de eso, sin embargo, usted debe decidir convertirse en un miembro de la ADFC. Los beneficios para los miembros de ADFC se pueden encontrar en <a href=\"https:\/\/www.adfc.de\/mitgliedschaft\">www.adfc.de<\/a><\/li>\n<li>Todos los tours ADFC de nuestra asociaci\u00f3n de distrito son gratuitos. Se indican los costos adicionales, como viajes en tren, admisi\u00f3n, etc.<\/li>\n<li>La participaci\u00f3n en los tours es bajo su propio riesgo. Se aplican las normas de tr\u00e1fico.<\/li>\n<li>Para la seguridad vial (control de su propia bicicleta, tambi\u00e9n en relaci\u00f3n con el alcohol) cada:r es responsable.<\/li>\n<li>Le recomendamos que traiga ropa resistente a la intemperie, bebidas, provisiones, algo de dinero y una manguera de repuesto para cada recorrido.<\/li>\n<li>Se requiere registro para la mayor\u00eda de los tours. Por favor, p\u00f3ngase en contacto con el gu\u00eda tur\u00edstico.<\/li>\n<li>En casos individuales, puede haber ajustes a corto plazo o cancelaci\u00f3n de tours. Los cambios se comunican en nuestros sitios web.<\/li>\n<li>En condiciones clim\u00e1ticas extremas, los tours tambi\u00e9n se pueden acortar o modificar. Adem\u00e1s, el gu\u00eda tur\u00edstico puede excluir a los participantes del recorrido, si esto parece necesario para el curso adicional y seguro del recorrido.<\/li>\n<\/ul>\n<h2>Nuestros niveles de dificultad<\/h2>\n<p>\u2605: recorridos sin gradientes significativos, aptos para familias y tambi\u00e9n para principiantes.<br \/>\u2605\u2605: recorridos con pendientes y, en caso necesario, rutas m\u00e1s largas.<br \/>\u2605\u2605\u2605 \u2013 Recorridos y gradientes de larga distancia. \u00a1Se requiere condici\u00f3n!<br \/>\u2605\u2605\u2605\u2605: recorridos para ciclistas de alto rendimiento, con grandes diferencias de altitud, largas distancias y, si es necesario, mayor velocidad.<\/p>    <\/div>\n<\/div>\n<!-- \/module text -->        <\/div>\n                        <\/div>\n        <\/div>\n        <\/div>\n<!--\/themify_builder_content-->","protected":false},"excerpt":{"rendered":"<p>Visitas guiadas en bicicleta con el ADFC Queremos inspirar a la gente para la bicicleta y ofrecer muchas excursiones en bicicleta para descubrir los alrededores. Los tours en bicicleta son realizados por gu\u00edas tur\u00edsticos experimentados, muchos de los cuales est\u00e1n certificados ADFC TourGuides. Nuestros gu\u00edas tur\u00edsticos ofrecen una interesante gama de excursiones en bicicleta: para las familias, para los menos experimentados, para los deportistas, para los ciclistas recreativos, para los e-bikers, [\u2026]<\/p>","protected":false},"author":50,"featured_media":0,"parent":69567,"menu_order":0,"comment_status":"closed","ping_status":"closed","template":"","meta":{"footnotes":""},"tags":[],"class_list":["post-71640","page","type-page","status-publish","hentry","has-post-title","has-post-date","has-post-category","has-post-tag","has-post-comment","has-post-author",""],"builder_content":"<h1>Gef\u00fchrte Radtouren mit dem ADFC<\/h1> <p>Wir wollen Menschen f\u00fcr das Fahrrad begeistern und bieten viele Radtouren an, um so die Umgebung zu entdecken. Die Radtouren werden von erfahrenen Tourenleiter:innen durchgef\u00fchrt, viele davon sind zertifizierte ADFC-TourGuides. Unsere Tourenleiter:innen bieten ein interessantes Spektrum von Radtouren an: f\u00fcr Familien, f\u00fcr weniger Ge\u00fcbte, f\u00fcr Sportliche, f\u00fcr Genussradler:innen, f\u00fcr E-Biker:innen, f\u00fcr Rennradler:innen und viele andere. Alle Erlebnistouren k\u00f6nnen auch mit dem E-Bike gefahren werden. Die Geschwindigkeit richtet sich dann aber nach Radlern, die kein E-Bike haben! <br \/>Bei unseren <strong>E-Bike-Touren<\/strong> bezieht sich der angegebene Schwierigkeitsgrad auf die Teilnahme mit einem E-Bike. Ge\u00fcbte Radler:innen k\u00f6nnen aber auch ohne E-Bike an diesen Touren teilnehmen. Vorausgesetzt ist dann aber eine gute Kondition.<\/p> <h2>Teilnahmebedingungen und Wissenswertes<\/h2> <ul> <li>Alle ADFC-Touren sind mit Schwierigkeitsgraden, Streckenl\u00e4ngen und H\u00f6henangaben versehen. Bei Fragen rund um die Tour wenden Sie sich bitte an die Tourenleitung.<\/li> <li>An den ADFC-Erlebnistouren am Wochenende k\u00f6nnen Erwachsene und Kinder (bis 16 J. in Begleitung von Erwachsenen) teilnehmen.<\/li> <li>An den Touren der \u00bbADFC-Rennradler\u00ab und der \u00bbADFC-Mittwochsradler\u00ab in Wiesbaden k\u00f6nnen nur ADFC-Mitglieder teilnehmen! <br \/>Wenn Sie noch kein ADFC-Mitglied sind, k\u00f6nnen Sie aber gerne kostenlos an einer Schnuppertour der entsprechenden Radelgruppen teilnehmen. Danach sollten Sie sich aber f\u00fcr eine Mitgliedschaft im ADFC entscheiden. Die Vorteile f\u00fcr ADFC-Mitglieder finden Sie auf <a href=\"https:\/\/www.adfc.de\/mitgliedschaft\">www.adfc.de<\/a><\/li> <li>Alle ADFC-Touren unseres Kreisverbands sind kostenfrei. Zus\u00e4tzliche Kosten, wie Bahnfahrten, Eintritt etc. werden angegeben.<\/li> <li>Die Teilnahme an den Touren erfolgt auf eigene Gefahr. Es gilt die Stra\u00dfenverkehrsordnung.<\/li> <li>F\u00fcr die Verkehrssicherheit (Beherrschung des eigenen Fahrrads, auch in Verbindung mit Alkohol) ist jede:r selbst verantwortlich.<\/li> <li>Wir empfehlen f\u00fcr jede Tour die Mitnahme wetterfester Kleidung, Getr\u00e4nke, Proviant, etwas Geld und einen Ersatzschlauch.<\/li> <li>Bei den meisten Touren ist eine Anmeldung erforderlich. Bitte kontaktieren Sie hierzu die Tourenleitung.<\/li> <li>In einzelnen F\u00e4llen kann es zu kurzfristigen Anpassungen oder zum Entfall von Touren kommen. \u00c4nderungen werden auf unseren Websites kommuniziert.<\/li> <li>Bei extremen Wetterbedingungen k\u00f6nnen Touren auch verk\u00fcrzt oder abge\u00e4ndert werden. Au\u00dferdem kann die Tourenleitung Teilnehmende von der Tour ausschlie\u00dfen, sofern dies f\u00fcr den weiteren und sicheren Verlauf der Tour notwendig erscheint.<\/li> <\/ul> <h2>Unsere Schwierigkeitsstufen<\/h2> <p>\u2605\u00a0 - Touren ohne nennenswerte Steigungen, familienfreundlich und auch f\u00fcr Anf\u00e4nger:innen geeignet.<br \/>\u2605\u2605\u00a0 - Touren mit Steigungen und ggf. auch l\u00e4ngeren Strecken.<br \/>\u2605\u2605\u2605 \u00a0- Touren mit langen Strecken und Steigungen. Kondition erforderlich!<br \/>\u2605\u2605\u2605\u2605 \u00a0- Touren f\u00fcr konditionsstarke Fahrer:innen, mit gro\u00dfen H\u00f6henunterschieden, langen Strecken und ggf. auch erh\u00f6htem Tempo.<\/p>","_links":{"self":[{"href":"https:\/\/www.adfc-wiesbaden.de\/es\/wp-json\/wp\/v2\/pages\/71640","targetHints":{"allow":["GET"]}}],"collection":[{"href":"https:\/\/www.adfc-wiesbaden.de\/es\/wp-json\/wp\/v2\/pages"}],"about":[{"href":"https:\/\/www.adfc-wiesbaden.de\/es\/wp-json\/wp\/v2\/types\/page"}],"author":[{"embeddable":true,"href":"https:\/\/www.adfc-wiesbaden.de\/es\/wp-json\/wp\/v2\/users\/50"}],"replies":[{"embeddable":true,"href":"https:\/\/www.adfc-wiesbaden.de\/es\/wp-json\/wp\/v2\/comments?post=71640"}],"version-history":[{"count":25,"href":"https:\/\/www.adfc-wiesbaden.de\/es\/wp-json\/wp\/v2\/pages\/71640\/revisions"}],"predecessor-version":[{"id":76135,"href":"https:\/\/www.adfc-wiesbaden.de\/es\/wp-json\/wp\/v2\/pages\/71640\/revisions\/76135"}],"up":[{"embeddable":true,"href":"https:\/\/www.adfc-wiesbaden.de\/es\/wp-json\/wp\/v2\/pages\/69567"}],"wp:attachment":[{"href":"https:\/\/www.adfc-wiesbaden.de\/es\/wp-json\/wp\/v2\/media?parent=71640"}],"wp:term":[{"taxonomy":"post_tag","embeddable":true,"href":"https:\/\/www.adfc-wiesbaden.de\/es\/wp-json\/wp\/v2\/tags?post=71640"}],"curies":[{"name":"wp","href":"https:\/\/api.w.org\/{rel}","templated":true}]}}