{"id":71914,"date":"2025-04-05T09:43:29","date_gmt":"2025-04-05T07:43:29","guid":{"rendered":"https:\/\/www.adfc-wiesbaden.de\/weiterleitungen\/db-rad-copy\/"},"modified":"2026-03-16T19:15:12","modified_gmt":"2026-03-16T18:15:12","slug":"fahrradreparaturkurs","status":"publish","type":"page","link":"https:\/\/www.adfc-wiesbaden.de\/es\/service\/fahrradreparaturkurs\/","title":{"rendered":"Cursos de reparaci\u00f3n de bicicletas en Wiesbaden y alrededores"},"content":{"rendered":"<!--themify_builder_content-->\n<div id=\"themify_builder_content-71914\" data-postid=\"71914\" class=\"themify_builder_content themify_builder_content-71914 themify_builder tf_clear\">\n                    <div  data-lazy=\"1\" class=\"module_row themify_builder_row tb_gejo228 tb_first tf_w\">\n                        <div class=\"row_inner col_align_top tb_col_count_1 tf_box tf_rel\">\n                        <div  data-lazy=\"1\" class=\"module_column tb-column col-full tb_ecgh470 first\">\n                    <!-- module image -->\n<div  class=\"module module-image tb_8i6c671 image-top   tf_mw tb_gs2677162d\" data-lazy=\"1\">\n        <div class=\"image-wrap tf_rel tf_mw\">\n            <img loading=\"lazy\" decoding=\"async\" width=\"2048\" height=\"1671\" src=\"https:\/\/www.adfc-wiesbaden.de\/wp-content\/uploads\/2025\/01\/Selbsthilfewerkstatt.jpg\" class=\"wp-post-image wp-image-69176\" title=\"Aula de autoayuda Frankfurt | \u00a9 Eckehard Wolf\" alt=\"Imagen de un taller de autoayuda con una bicicleta y 2 hombres repar\u00e1ndola.\" srcset=\"https:\/\/www.adfc-wiesbaden.de\/wp-content\/uploads\/2025\/01\/Selbsthilfewerkstatt.jpg 2048w, https:\/\/www.adfc-wiesbaden.de\/wp-content\/uploads\/2025\/01\/Selbsthilfewerkstatt-700x571.jpg 700w, https:\/\/www.adfc-wiesbaden.de\/wp-content\/uploads\/2025\/01\/Selbsthilfewerkstatt-1400x1142.jpg 1400w, https:\/\/www.adfc-wiesbaden.de\/wp-content\/uploads\/2025\/01\/Selbsthilfewerkstatt-200x163.jpg 200w, https:\/\/www.adfc-wiesbaden.de\/wp-content\/uploads\/2025\/01\/Selbsthilfewerkstatt-768x627.jpg 768w, https:\/\/www.adfc-wiesbaden.de\/wp-content\/uploads\/2025\/01\/Selbsthilfewerkstatt-1536x1253.jpg 1536w\" sizes=\"auto, (max-width: 2048px) 100vw, 2048px\" \/>    \n        <\/div>\n    <!-- \/image-wrap -->\n    \n        <div class=\"image-content\">\n                    <h3 class=\"image-title\">\n                                    Aula de autoayuda Frankfurt | \u00a9 Eckehard Wolf                            <\/h3>\n                    <\/div>\n    <!-- \/image-content -->\n        <\/div>\n<!-- \/module image --><!-- module text -->\n<div  class=\"module module-text tb_cp7y070    tb_gs678604\" data-lazy=\"1\">\n        <div  class=\"tb_text_wrap\">\n        <h1>Curso de reparaci\u00f3n de bicicletas en Wiesbaden y alrededores<\/h1>\n<p>A menudo recibimos solicitudes de cursos de reparaci\u00f3n y chequeos de bicicletas. Actualmente no tenemos la capacidad de ofrecerlos nosotros mismos y, por lo tanto, hemos creado una colecci\u00f3n de lugares en Wiesbaden y sus alrededores donde puede participar en cursos de reparaci\u00f3n o reparar su bicicleta usted mismo con apoyo. <br \/>Si usted est\u00e1 al tanto de otros lugares donde hay tales ofertas?<br \/>Por favor, si\u00e9ntase libre de escribirnos alguna informaci\u00f3n <a href=\"\/es\/&\/#109;&#x61;&#x69;l&#116;&#x6f;:&#119;&#x65;&#x62;&#116;&#x65;&#x61;m&#64;&#x61;d&#102;&#x63;&#x2d;&#119;&#x69;&#x65;s&#98;&#x61;d&#101;&#x6e;&#x2e;&#100;&#x65;\">webteam@adfc-wiesbaden.de<\/a><br \/>\u00bfTe gustar\u00eda contribuir y te imaginas ofrecer tal oferta con el ADFC?<br \/>Por favor no dude en contactar con nosotros en <a href=\"\/es\/m&\/#97;&#105;&#x6c;&#x74;o&#58;&#105;&#x6e;&#x66;&#x6f;&#64;&#97;&#100;&#x66;&#x63;-w&#105;&#x65;&#x73;&#x62;a&#100;&#101;&#x6e;&#x2e;de\">info@adfc-wiesbaden.de<\/a> O venga a una reuni\u00f3n activa.<\/p>\n<h3>Tienda de medio ambiente Wiesbaden<\/h3>\n<p>El Umweltladen Wiesbaden, en cooperaci\u00f3n con \u00abder Radler\u00bb y el ADFC Mainz-Bingen, ofrece cursos de reparaci\u00f3n para principiantes y usuarios avanzados. M\u00e1s informaci\u00f3n sobre esta oferta se puede encontrar en <a href=\"https:\/\/www.wiesbaden.de\/leben-in-wiesbaden\/umwelt-natur-klima\/umweltberatung\/kurse-fahrradreparatur\" target=\"_blank\" rel=\"noopener\">Cursos de reparaci\u00f3n de la tienda ambiental.<\/a><\/p>\n<h3>viento de cola<\/h3>\n<p>Todos los viernes a partir de las 3 p.m. en la temporada c\u00e1lida, la asociaci\u00f3n tailwind en Wiesbaden lo invita al taller abierto en su contenedor en el Kulturparkam Schlachthof. M\u00e1s informaci\u00f3n sobre esta oferta se puede encontrar en <a href=\"http:\/\/www.rueckenwind-in-wiesbaden.de\/index.php\/fahrradwerkstatt\/\" target=\"_blank\" rel=\"noopener\">El viento de cola.<\/a><\/p>\n<h3>Taller pr\u00e1ctico Kiezwerkstatt<\/h3>\n<p>En el reci\u00e9n inaugurado Kiezwerkstatt en abril, existe la posibilidad de utilizar la infraestructura del taller por una peque\u00f1a tarifa para reparar su propia bicicleta. M\u00e1s informaci\u00f3n sobre esta oferta se puede encontrar en <a href=\"https:\/\/www.kiezkaufhaus.de\/#preisliste-unserer-mitmachwerkstatt\" target=\"_blank\" rel=\"noopener\">Taller de Kiez.<\/a><\/p>\n<h3>E-motion Walluf<\/h3>\n<p>En Walluf, E-Motion ofrece talleres sobre reparaci\u00f3n de bicicletas el\u00e9ctricas. Tambi\u00e9n hay otras ofertas que pueden ser de su inter\u00e9s. <a href=\"https:\/\/emotion-ebikes.de\/standorte\/he\/wiesbaden\/together?merchantId=12971137\" target=\"_blank\" rel=\"noopener\">https:\/\/emotion-ebikes.de\/standorte\/he\/wiesbaden\/together?merchantId=12971137<\/a><\/p>    <\/div>\n<\/div>\n<!-- \/module text -->        <\/div>\n                        <\/div>\n        <\/div>\n        <\/div>\n<!--\/themify_builder_content-->","protected":false},"excerpt":{"rendered":"<p>Aqu\u00ed encontrar\u00e1 una visi\u00f3n general de las ofertas conocidas por nosotros para cursos de reparaci\u00f3n de bicicletas y talleres de autoayuda<\/p>","protected":false},"author":53,"featured_media":69177,"parent":69773,"menu_order":0,"comment_status":"closed","ping_status":"closed","template":"","meta":{"footnotes":""},"tags":[790],"class_list":["post-71914","page","type-page","status-publish","has-post-thumbnail","hentry","tag-tipps","has-post-title","has-post-date","has-post-category","has-post-tag","has-post-comment","has-post-author",""],"builder_content":"<img src=\"https:\/\/www.adfc-wiesbaden.de\/wp-content\/uploads\/2025\/01\/Selbsthilfewerkstatt.jpg\" title=\"Selbsthilfewerkstatt Frankfurt | &copy; Eckehard Wolf\" alt=\"Bild von einer Selbsthilfewerkstatt mit einem Fahrrad und 2 M\u00e4nnern, die dieses reparieren.\" srcset=\"https:\/\/www.adfc-wiesbaden.de\/wp-content\/uploads\/2025\/01\/Selbsthilfewerkstatt.jpg 2048w, https:\/\/www.adfc-wiesbaden.de\/wp-content\/uploads\/2025\/01\/Selbsthilfewerkstatt-700x571.jpg 700w, https:\/\/www.adfc-wiesbaden.de\/wp-content\/uploads\/2025\/01\/Selbsthilfewerkstatt-1400x1142.jpg 1400w, https:\/\/www.adfc-wiesbaden.de\/wp-content\/uploads\/2025\/01\/Selbsthilfewerkstatt-200x163.jpg 200w, https:\/\/www.adfc-wiesbaden.de\/wp-content\/uploads\/2025\/01\/Selbsthilfewerkstatt-768x627.jpg 768w, https:\/\/www.adfc-wiesbaden.de\/wp-content\/uploads\/2025\/01\/Selbsthilfewerkstatt-1536x1253.jpg 1536w\" sizes=\"(max-width: 2048px) 100vw, 2048px\" \/> <h3> Selbsthilfewerkstatt Frankfurt | &copy; Eckehard Wolf <\/h3>\n<h1>Fahrradreparaturkurs ein Wiesbaden und Umgebung<\/h1> <p>Wir bekommen \u00f6fter Anfragen zu Reparaturkursen und Fahrrad-Checkups. Aktuell haben wir keine Kapazit\u00e4ten diese selbst anzubieten und haben daher hier eine Sammlung an Stellen in Wiesbaden und Umgebung erstellt, wo man an Reparaturkursen teilnehmen kann oder mit Unterst\u00fctzung sein Rad selbst reparieren kann. <br \/>Wenn euch weitere Orte bekannt sind, an denen es solche Angebote gibt?<br \/>Schreibt uns gerne ein paar Informationen dazu an <a href=\"mailto:webteam@adfc-wiesbaden.de\">webteam@adfc-wiesbaden.de<\/a><br \/>M\u00f6chtet ihr euch einbringen und k\u00f6nnt euch vorstellen ein solches Angebot mit dem ADFC anzubieten?<br \/>Meldet euch gerne unter <a href=\"mailto:info@adfc-wiesbaden.de\">info@adfc-wiesbaden.de<\/a> oder kommt bei einem Aktiventreffen vorbei.<\/p> <h3>Umweltladen Wiesbaden<\/h3> <p>Der Umweltladen Wiesbaden bietet in Zusammenarbeit mit \"der Radler\" und dem ADFC Mainz-Bingen Reperaturkurs f\u00fcr Anf\u00e4nger und Fortgeschrittene an. Weitere Informationen zu diesem Angebot findet ihr unter <a href=\"https:\/\/www.wiesbaden.de\/leben-in-wiesbaden\/umwelt-natur-klima\/umweltberatung\/kurse-fahrradreparatur\" target=\"_blank\" rel=\"noopener\">Reparaturkurse vom Umweltladen.<\/a><\/p> <h3>R\u00fcckenwind<\/h3> <p>Der Verein R\u00fcckenwind in Wiesbaden l\u00e4dt in der warmen Jahreszeit jeden Freitag ab 15 Uhr zur offenen Werkstatt an ihrem Container im Kulturparkam Schlachthof ein. Weitere Informationen zu diesem Angebot findet ihr unter <a href=\"http:\/\/www.rueckenwind-in-wiesbaden.de\/index.php\/fahrradwerkstatt\/\" target=\"_blank\" rel=\"noopener\">R\u00fcckenwind.<\/a><\/p> <h3>Mitmachwerkstatt Kiezwerkstatt<\/h3> <p>In der im April neu er\u00f6ffneten Kiezwerkstatt gibt es die M\u00f6glichkeit, die Infrastruktur der Werkstatt gegen eine kleine Geb\u00fchr zu nutzen, um sein eigenes Fahrrad zu reparieren. Weitere Informationen zu diesem Angebot findet ihr unter <a href=\"https:\/\/www.kiezkaufhaus.de\/#preisliste-unserer-mitmachwerkstatt\" target=\"_blank\" rel=\"noopener\">Kiezwerkstatt.<\/a><\/p> <h3>E-Motion Walluf<\/h3> <p>In Walluf bietet E-Motion Workshops zur E-Bike-Reperatur an. Hier gibt es ebenfalls andere Angebote, die f\u00fcr euch interessant sein k\u00f6nnten <a href=\"https:\/\/emotion-ebikes.de\/standorte\/he\/wiesbaden\/together?merchantId=12971137\" target=\"_blank\" rel=\"noopener\">https:\/\/emotion-ebikes.de\/standorte\/he\/wiesbaden\/together?merchantId=12971137<\/a><\/p>","_links":{"self":[{"href":"https:\/\/www.adfc-wiesbaden.de\/es\/wp-json\/wp\/v2\/pages\/71914","targetHints":{"allow":["GET"]}}],"collection":[{"href":"https:\/\/www.adfc-wiesbaden.de\/es\/wp-json\/wp\/v2\/pages"}],"about":[{"href":"https:\/\/www.adfc-wiesbaden.de\/es\/wp-json\/wp\/v2\/types\/page"}],"author":[{"embeddable":true,"href":"https:\/\/www.adfc-wiesbaden.de\/es\/wp-json\/wp\/v2\/users\/53"}],"replies":[{"embeddable":true,"href":"https:\/\/www.adfc-wiesbaden.de\/es\/wp-json\/wp\/v2\/comments?post=71914"}],"version-history":[{"count":19,"href":"https:\/\/www.adfc-wiesbaden.de\/es\/wp-json\/wp\/v2\/pages\/71914\/revisions"}],"predecessor-version":[{"id":75641,"href":"https:\/\/www.adfc-wiesbaden.de\/es\/wp-json\/wp\/v2\/pages\/71914\/revisions\/75641"}],"up":[{"embeddable":true,"href":"https:\/\/www.adfc-wiesbaden.de\/es\/wp-json\/wp\/v2\/pages\/69773"}],"wp:featuredmedia":[{"embeddable":true,"href":"https:\/\/www.adfc-wiesbaden.de\/es\/wp-json\/wp\/v2\/media\/69177"}],"wp:attachment":[{"href":"https:\/\/www.adfc-wiesbaden.de\/es\/wp-json\/wp\/v2\/media?parent=71914"}],"wp:term":[{"taxonomy":"post_tag","embeddable":true,"href":"https:\/\/www.adfc-wiesbaden.de\/es\/wp-json\/wp\/v2\/tags?post=71914"}],"curies":[{"name":"wp","href":"https:\/\/api.w.org\/{rel}","templated":true}]}}