{"id":73370,"date":"2025-08-30T09:25:46","date_gmt":"2025-08-30T07:25:46","guid":{"rendered":"https:\/\/www.adfc-wiesbaden.de\/?page_id=73370"},"modified":"2025-12-27T10:05:30","modified_gmt":"2025-12-27T09:05:30","slug":"einstiegsmitgliedschaft-im-adfc","status":"publish","type":"page","link":"https:\/\/www.adfc-wiesbaden.de\/es\/einstiegsmitgliedschaft-im-adfc\/","title":{"rendered":"Membres\u00eda de nivel de entrada en el ADFC"},"content":{"rendered":"<!--themify_builder_content-->\n<div id=\"themify_builder_content-73370\" data-postid=\"73370\" class=\"themify_builder_content themify_builder_content-73370 themify_builder tf_clear\">\n                    <div  data-lazy=\"1\" class=\"module_row themify_builder_row tb_r5mf387 tb_first tf_w\">\n                        <div class=\"row_inner col_align_top tb_col_count_1 tf_box tf_rel\">\n                        <div  data-lazy=\"1\" class=\"module_column tb-column col-full tb_dqo1387 first\">\n                    <!-- module image -->\n<div  class=\"module module-image tb_5ly9178 image-top   tf_mw tb_gs2677162d\" data-lazy=\"1\">\n        <div class=\"image-wrap tf_rel tf_mw\">\n            <img loading=\"lazy\" decoding=\"async\" width=\"2048\" height=\"1152\" src=\"https:\/\/www.adfc-wiesbaden.de\/wp-content\/uploads\/2025\/08\/Einstieg-Herbst-24_w2100-2048x1152-1.webp\" class=\"wp-post-image wp-image-73373\" title=\"\u00a1Hazte miembro del precio promocional ahora!\" alt=\"\u00a1Hazte miembro del precio promocional ahora!\" srcset=\"https:\/\/www.adfc-wiesbaden.de\/wp-content\/uploads\/2025\/08\/Einstieg-Herbst-24_w2100-2048x1152-1.webp 2048w, https:\/\/www.adfc-wiesbaden.de\/wp-content\/uploads\/2025\/08\/Einstieg-Herbst-24_w2100-2048x1152-1-700x394.webp 700w, https:\/\/www.adfc-wiesbaden.de\/wp-content\/uploads\/2025\/08\/Einstieg-Herbst-24_w2100-2048x1152-1-1400x788.webp 1400w, https:\/\/www.adfc-wiesbaden.de\/wp-content\/uploads\/2025\/08\/Einstieg-Herbst-24_w2100-2048x1152-1-200x113.webp 200w, https:\/\/www.adfc-wiesbaden.de\/wp-content\/uploads\/2025\/08\/Einstieg-Herbst-24_w2100-2048x1152-1-768x432.webp 768w, https:\/\/www.adfc-wiesbaden.de\/wp-content\/uploads\/2025\/08\/Einstieg-Herbst-24_w2100-2048x1152-1-1536x864.webp 1536w\" sizes=\"auto, (max-width: 2048px) 100vw, 2048px\" \/>    \n        <\/div>\n    <!-- \/image-wrap -->\n    \n        <div class=\"image-content\">\n                    <h1 class=\"image-title\">\n                                    \u00a1Hazte miembro del precio promocional ahora!                            <\/h1>\n                    <\/div>\n    <!-- \/image-content -->\n        <\/div>\n<!-- \/module image -->        <div  data-lazy=\"1\" class=\"module_subrow themify_builder_sub_row tf_w col_align_top tb_col_count_2 tb_mp1p690\">\n                <div  data-lazy=\"1\" class=\"module_column sub_column col4-2 tb_kn9n691 first\">\n                    <!-- module text -->\n<div  class=\"module module-text tb_l55g973    tb_gs678604\" data-lazy=\"1\">\n        <div  class=\"tb_text_wrap\">\n        <h1>Juntos por la transici\u00f3n del transporte<\/h1>\n<p>El verano est\u00e1 llegando a su fin, pero la diversi\u00f3n del ciclismo contin\u00faa. Comience su membres\u00eda ahora <b>ADFC<\/b>, El Club Alem\u00e1n de Bicicletas. Paralelamente a nuestros diversos eventos en septiembre, estamos lanzando una campa\u00f1a especial: <strong>Hasta el 31.10.2025 puede aprovechar la membres\u00eda ADFC en el 1. Disfruta del a\u00f1o por solo 19 \u20ac y apoya a la asociaci\u00f3n de lobby m\u00e1s importante en torno al ciclismo.\u00a0<\/strong><\/p>\n<p>El ADFC ha estado comprometido con la transici\u00f3n del transporte durante m\u00e1s de 40 a\u00f1os. Porque cuantas m\u00e1s personas ciclen, mejores ser\u00e1n las condiciones de vida para todos. M\u00e1s ciclismo significa menos autom\u00f3viles, menos atascos de tr\u00e1fico, menos contaminaci\u00f3n del aire. Y senderos para bicicletas m\u00e1s atractivos, intersecciones seguras, buen estacionamiento para bicicletas y mucho m\u00e1s. \u00danase a nosotros, ahora mismo: \u00a1cada miembro nos hace m\u00e1s fuertes!\u00a0<\/p>\n<p>Forme parte de una comunidad nacional fuerte y especialmente en Wiesbaden y Rheingau-Taunus-Kreis.\u00a0<\/p>\n<div class=\"module module-text tb_fmzq444 tb_gs678604\">\n<div class=\"tb_text_wrap\">\n<h5><a href=\"https:\/\/www.adfc.de\/formulare\/beitrittserklaerung-fuer-einstiegsmitglieder\/?aktionscode=60 B21\" data-wplink-url-error=\"true\">Convi\u00e9rtase en miembro de ADFC ahora a un precio especial<\/a><\/h5>\n<\/div>\n<\/div>\n<div class=\"module module-text tb_ssce97 post-absatz-bild-mittel tb_gs678604\">\n<div class=\"tb_text_wrap\">\n<p><strong>Beneficios para los miembros de ADFC<\/strong><\/p>\n<ul>\n<li>seguro de protecci\u00f3n legal para ciclistas y peatones<\/li>\n<li>Asistencia en carretera de ADFC con l\u00ednea directa las 24 horas<\/li>\n<li>revista ADFC Radwelt<\/li>\n<li>Descuentos en productos ADFC, viajes en bicicleta y excursiones en bicicleta de pago del ADFC Frankfurt<\/li>\n<\/ul>\n<p><a href=\"https:\/\/www.adfc.de\/mitgliedschaft\/adfc-mitgliedschaft-vorteile\">Beneficios para los miembros de ADFC<\/a><\/p>\n<div class=\"module_column tb-column col4-2 tb_0dr6993 first\">\n<div class=\"module module-text tb_ssce97 post-absatz-bild-mittel tb_gs678604\">\n<div class=\"tb_text_wrap\">\n<p>La tarifa de membres\u00eda con descuento de 19.00 euros en el primer a\u00f1o de membres\u00eda de ADFC se aplica a esta nueva promoci\u00f3n de miembros del Club General Alem\u00e1n de Bicicletas. Despu\u00e9s de eso, su membres\u00eda se extender\u00e1 al precio normal si no es terminada por usted de antemano.\u00a0<b>Con su membres\u00eda en ADFC, apoya el trabajo del Allgemeine Deutscher Fahrrad-Club en toda Alemania, para ciudades habitables y un verdadero cambio en el ciclismo.<\/b> Nota: Solo puedes usar el precio de entrada con descuento una vez. Despu\u00e9s de eso, con mucho gusto lo llevaremos de vuelta a la tarifa de miembro regular.<\/p>\n<\/div>\n<\/div>\n<\/div>\n<\/div>\n<\/div>\n<p>\u00a0<\/p>    <\/div>\n<\/div>\n<!-- \/module text -->        <\/div>\n                    <div  data-lazy=\"1\" class=\"module_column sub_column col4-2 tb_b2r1691 last\">\n                    <!-- module image -->\n<div  class=\"module module-image tb_k52t600 image-top   tf_mw\" data-lazy=\"1\">\n        <div class=\"image-wrap tf_rel tf_mw\">\n            <a href=\"https:\/\/www.adfc.de\/formulare\/beitrittserklaerung-fuer-einstiegsmitglieder\/?aktionscode=60%20B21\" rel=\"noopener\" target=\"_blank\">\n                   <img loading=\"lazy\" decoding=\"async\" width=\"1212\" height=\"736\" src=\"https:\/\/www.adfc-wiesbaden.de\/wp-content\/uploads\/2025\/08\/csm_Einstiegsmitgliedschaft_19_Euro.gif\" class=\"wp-post-image wp-image-73382\" title=\"csm _Membres\u00eda _19 _Euro\" alt=\"csm _Membres\u00eda _19 _Euro\">        <\/a>\n    \n        <\/div>\n    <!-- \/image-wrap -->\n    \n        <\/div>\n<!-- \/module image -->        <\/div>\n                    <\/div>\n                <\/div>\n                        <\/div>\n        <\/div>\n        <\/div>\n<!--\/themify_builder_content-->\n\n\n<p><\/p>","protected":false},"excerpt":{"rendered":"<p>Un a\u00f1o a un precio inicial de 19 \u20ac*, porque el ciclismo te hace feliz, incluso en invierno.<\/p>","protected":false},"author":50,"featured_media":73422,"parent":0,"menu_order":9,"comment_status":"closed","ping_status":"closed","template":"","meta":{"footnotes":""},"tags":[898,806],"class_list":["post-73370","page","type-page","status-publish","has-post-thumbnail","hentry","tag-aktion","tag-verein","has-post-title","has-post-date","has-post-category","has-post-tag","has-post-comment","has-post-author",""],"builder_content":"<img src=\"https:\/\/www.adfc-wiesbaden.de\/wp-content\/uploads\/2025\/08\/Einstieg-Herbst-24_w2100-2048x1152-1.webp\" title=\"Jetzt zum Aktionspreis Mitglied werden!\" alt=\"Jetzt zum Aktionspreis Mitglied werden!\" srcset=\"https:\/\/www.adfc-wiesbaden.de\/wp-content\/uploads\/2025\/08\/Einstieg-Herbst-24_w2100-2048x1152-1.webp 2048w, https:\/\/www.adfc-wiesbaden.de\/wp-content\/uploads\/2025\/08\/Einstieg-Herbst-24_w2100-2048x1152-1-700x394.webp 700w, https:\/\/www.adfc-wiesbaden.de\/wp-content\/uploads\/2025\/08\/Einstieg-Herbst-24_w2100-2048x1152-1-1400x788.webp 1400w, https:\/\/www.adfc-wiesbaden.de\/wp-content\/uploads\/2025\/08\/Einstieg-Herbst-24_w2100-2048x1152-1-200x113.webp 200w, https:\/\/www.adfc-wiesbaden.de\/wp-content\/uploads\/2025\/08\/Einstieg-Herbst-24_w2100-2048x1152-1-768x432.webp 768w, https:\/\/www.adfc-wiesbaden.de\/wp-content\/uploads\/2025\/08\/Einstieg-Herbst-24_w2100-2048x1152-1-1536x864.webp 1536w\" sizes=\"(max-width: 2048px) 100vw, 2048px\" \/> <h1> Jetzt zum Aktionspreis Mitglied werden! <\/h1>\n<h1>Gemeinsam f\u00fcr die Verkehrswende<\/h1> <p>Der Sommer neigt sich dem Ende zu, aber der Spa\u00df am Radfahren geht weiter. Starte jetzt deine Mitgliedschaft beim <b>ADFC<\/b>, dem Allgemeinen Deutschen Fahrrad-Club. Parallel zu unseren vielf\u00e4ltigen Events im September starten wir eine besondere Aktion: <strong>Bis zum 31.10.2025 k\u00f6nnt ihr die Vorteile der ADFC Mitgliedschaft im 1. Jahr f\u00fcr nur 19 \u20ac genie\u00dfen und dabei den wichtigsten Lobbyverband rund ums Radfahren unterst\u00fctzen.\u00a0<\/strong><\/p> <p>Der ADFC setzt sich seit \u00fcber 40 Jahren f\u00fcr die Verkehrswende ein. Denn: Je mehr Menschen Rad fahren, desto besser sind die Lebensbedingungen f\u00fcr alle. Mehr Radverkehr bedeutet weniger Autos, weniger Stau, weniger Luftverschmutzung. Und mehr attraktive Radwege, sichere Kreuzungen, gute Fahrradparkpl\u00e4tze und vieles mehr. Seien auch Sie dabei, gerade jetzt \u2013 jedes Mitglied macht uns st\u00e4rker!\u00a0<\/p> <p>Werde Teil einer starken bundesweiten Gemeinschaft und vor allem in Wiesbaden und dem Rheingau-Taunus-Kreis.\u00a0<\/p>\n<h5><a href=\"https:\/\/www.adfc.de\/formulare\/beitrittserklaerung-fuer-einstiegsmitglieder\/?aktionscode=60 B21\" data-wplink-url-error=\"true\">Jetzt ADFC-Mitglied werden zum Aktionspreis<\/a><\/h5>\n<p><strong>Vorteile f\u00fcr ADFC-Mitglieder<\/strong><\/p> <ul> <li>als Radfahrer und Fu\u00dfg\u00e4nger rechtsschutzversichert<\/li> <li>ADFC-Pannenhilfe mit 24-Stunden-Hotline<\/li> <li>ADFC-Magazin Radwelt<\/li> <li>Rabatte bei ADFC-Produkten, Radreisen und kostenpflichtigen Radtouren des ADFC Frankfurt<\/li> <\/ul> <p><a href=\"https:\/\/www.adfc.de\/mitgliedschaft\/adfc-mitgliedschaft-vorteile\">Vorteile f\u00fcr ADFC Mitglieder<\/a><\/p>\n<p>F\u00fcr diese Neumitglieder-Aktion des Allgemeinen Deutschen Fahrrad-Clubs gilt der verg\u00fcnstigten Mitgliedsbeitrag von 19,00 Euro im ersten Jahr der ADFC-Mitgliedschaft. Danach verl\u00e4ngert sich Ihre Mitgliedschaft zum Normalpreis, wenn sie nicht von Ihnen vorher gek\u00fcndigt wird.\u00a0<b>Mit Ihrer ADFC-Mitgliedschaft unterst\u00fctzen Sie die Arbeit des Allgemeinen Deutschen Fahrrad-Clubs in ganz Deutschland \u2013 f\u00fcr lebenswerte St\u00e4dte und eine echte Verkehrswende mit dem Fahrrad im Mittelpunkt.<\/b> Hinweis: Den verg\u00fcnstigten Einstiegspreis k\u00f6nnen Sie nur einmal in Anspruch nehmen. Danach nehmen wir Sie gerne zum regul\u00e4ren Mitglieder-Tarif erneut auf.<\/p>\n<p>\u00a0<\/p>\n<a href=\"https:\/\/www.adfc.de\/formulare\/beitrittserklaerung-fuer-einstiegsmitglieder\/?aktionscode=60%20B21\" rel=\"noopener\" target=\"_blank\"> <img src=\"https:\/\/www.adfc-wiesbaden.de\/wp-content\/uploads\/2025\/08\/csm_Einstiegsmitgliedschaft_19_Euro.gif\" title=\"csm_Einstiegsmitgliedschaft_19_Euro\" alt=\"csm_Einstiegsmitgliedschaft_19_Euro\"> <\/a>","_links":{"self":[{"href":"https:\/\/www.adfc-wiesbaden.de\/es\/wp-json\/wp\/v2\/pages\/73370","targetHints":{"allow":["GET"]}}],"collection":[{"href":"https:\/\/www.adfc-wiesbaden.de\/es\/wp-json\/wp\/v2\/pages"}],"about":[{"href":"https:\/\/www.adfc-wiesbaden.de\/es\/wp-json\/wp\/v2\/types\/page"}],"author":[{"embeddable":true,"href":"https:\/\/www.adfc-wiesbaden.de\/es\/wp-json\/wp\/v2\/users\/50"}],"replies":[{"embeddable":true,"href":"https:\/\/www.adfc-wiesbaden.de\/es\/wp-json\/wp\/v2\/comments?post=73370"}],"version-history":[{"count":24,"href":"https:\/\/www.adfc-wiesbaden.de\/es\/wp-json\/wp\/v2\/pages\/73370\/revisions"}],"predecessor-version":[{"id":74487,"href":"https:\/\/www.adfc-wiesbaden.de\/es\/wp-json\/wp\/v2\/pages\/73370\/revisions\/74487"}],"wp:featuredmedia":[{"embeddable":true,"href":"https:\/\/www.adfc-wiesbaden.de\/es\/wp-json\/wp\/v2\/media\/73422"}],"wp:attachment":[{"href":"https:\/\/www.adfc-wiesbaden.de\/es\/wp-json\/wp\/v2\/media?parent=73370"}],"wp:term":[{"taxonomy":"post_tag","embeddable":true,"href":"https:\/\/www.adfc-wiesbaden.de\/es\/wp-json\/wp\/v2\/tags?post=73370"}],"curies":[{"name":"wp","href":"https:\/\/api.w.org\/{rel}","templated":true}]}}