{"id":74324,"date":"2025-11-01T19:53:57","date_gmt":"2025-11-01T18:53:57","guid":{"rendered":"https:\/\/www.adfc-wiesbaden.de\/?page_id=74324"},"modified":"2025-11-01T19:56:09","modified_gmt":"2025-11-01T18:56:09","slug":"adfc-radreiseanalyse","status":"publish","type":"page","link":"https:\/\/www.adfc-wiesbaden.de\/es\/weiterleitungen\/adfc-radreiseanalyse\/","title":{"rendered":"An\u00e1lisis de ciclismo de ADFC: \u00a1se lanz\u00f3 una encuesta en l\u00ednea!"},"content":{"rendered":"<!-- wp:themify-builder\/canvas \/-->","protected":false},"excerpt":{"rendered":"<p>El an\u00e1lisis de viajes en bicicleta de ADFC examina el comportamiento en bicicleta y excursi\u00f3n de las personas en Alemania: \u00bfA d\u00f3nde van, cu\u00e1nto tiempo est\u00e1n en la carretera? La encuesta se llevar\u00e1 a cabo del 24 al 8 de octubre. Diciembre de 2025 y dura unos 15 minutos.<\/p>","protected":false},"author":50,"featured_media":74325,"parent":69913,"menu_order":0,"comment_status":"closed","ping_status":"closed","template":"","meta":{"footnotes":""},"tags":[918],"class_list":["post-74324","page","type-page","status-publish","has-post-thumbnail","hentry","tag-umfrage","has-post-title","has-post-date","has-post-category","has-post-tag","has-post-comment","has-post-author",""],"builder_content":"","_links":{"self":[{"href":"https:\/\/www.adfc-wiesbaden.de\/es\/wp-json\/wp\/v2\/pages\/74324","targetHints":{"allow":["GET"]}}],"collection":[{"href":"https:\/\/www.adfc-wiesbaden.de\/es\/wp-json\/wp\/v2\/pages"}],"about":[{"href":"https:\/\/www.adfc-wiesbaden.de\/es\/wp-json\/wp\/v2\/types\/page"}],"author":[{"embeddable":true,"href":"https:\/\/www.adfc-wiesbaden.de\/es\/wp-json\/wp\/v2\/users\/50"}],"replies":[{"embeddable":true,"href":"https:\/\/www.adfc-wiesbaden.de\/es\/wp-json\/wp\/v2\/comments?post=74324"}],"version-history":[{"count":3,"href":"https:\/\/www.adfc-wiesbaden.de\/es\/wp-json\/wp\/v2\/pages\/74324\/revisions"}],"predecessor-version":[{"id":74328,"href":"https:\/\/www.adfc-wiesbaden.de\/es\/wp-json\/wp\/v2\/pages\/74324\/revisions\/74328"}],"up":[{"embeddable":true,"href":"https:\/\/www.adfc-wiesbaden.de\/es\/wp-json\/wp\/v2\/pages\/69913"}],"wp:featuredmedia":[{"embeddable":true,"href":"https:\/\/www.adfc-wiesbaden.de\/es\/wp-json\/wp\/v2\/media\/74325"}],"wp:attachment":[{"href":"https:\/\/www.adfc-wiesbaden.de\/es\/wp-json\/wp\/v2\/media?parent=74324"}],"wp:term":[{"taxonomy":"post_tag","embeddable":true,"href":"https:\/\/www.adfc-wiesbaden.de\/es\/wp-json\/wp\/v2\/tags?post=74324"}],"curies":[{"name":"wp","href":"https:\/\/api.w.org\/{rel}","templated":true}]}}