{"id":74832,"date":"2026-01-07T16:58:00","date_gmt":"2026-01-07T15:58:00","guid":{"rendered":"https:\/\/www.adfc-wiesbaden.de\/?page_id=74832"},"modified":"2026-03-08T10:40:27","modified_gmt":"2026-03-08T09:40:27","slug":"kidical-mass-unterstuetzen","status":"publish","type":"page","link":"https:\/\/www.adfc-wiesbaden.de\/es\/kidical-mass\/kidical-mass-unterstuetzen\/","title":{"rendered":"Apoyar la masa infantil"},"content":{"rendered":"<!--themify_builder_content-->\n<div id=\"themify_builder_content-74832\" data-postid=\"74832\" class=\"themify_builder_content themify_builder_content-74832 themify_builder tf_clear\">\n                    <div  data-lazy=\"1\" class=\"module_row themify_builder_row tb_shct620 tb_first tf_w\">\n                        <div class=\"row_inner col_align_top tb_col_count_1 tf_box tf_rel\">\n                        <div  data-lazy=\"1\" class=\"module_column tb-column col-full tb_m93a620 first\">\n                    <!-- module image -->\n<div  class=\"module module-image tb_i76z378 image-top   tf_mw tb_gs2677162d\" data-lazy=\"1\">\n        <div class=\"image-wrap tf_rel tf_mw\">\n            <img loading=\"lazy\" decoding=\"async\" width=\"2560\" height=\"1707\" src=\"https:\/\/www.adfc-wiesbaden.de\/wp-content\/uploads\/2025\/09\/2025_adfc_biebricher_fahrradtage_ntannreuther_044-scaled.jpg\" class=\"wp-post-image wp-image-73634\" title=\"Afiche de demostraci\u00f3n Kidical Mass | \u00a9 Nadine Tannreuther\" alt=\"Afiche de demostraci\u00f3n Kidical Mass | \u00a9 Nadine Tannreuther\" srcset=\"https:\/\/www.adfc-wiesbaden.de\/wp-content\/uploads\/2025\/09\/2025_adfc_biebricher_fahrradtage_ntannreuther_044-scaled.jpg 2560w, https:\/\/www.adfc-wiesbaden.de\/wp-content\/uploads\/2025\/09\/2025_adfc_biebricher_fahrradtage_ntannreuther_044-700x467.jpg 700w, https:\/\/www.adfc-wiesbaden.de\/wp-content\/uploads\/2025\/09\/2025_adfc_biebricher_fahrradtage_ntannreuther_044-1400x933.jpg 1400w, https:\/\/www.adfc-wiesbaden.de\/wp-content\/uploads\/2025\/09\/2025_adfc_biebricher_fahrradtage_ntannreuther_044-200x133.jpg 200w, https:\/\/www.adfc-wiesbaden.de\/wp-content\/uploads\/2025\/09\/2025_adfc_biebricher_fahrradtage_ntannreuther_044-768x512.jpg 768w, https:\/\/www.adfc-wiesbaden.de\/wp-content\/uploads\/2025\/09\/2025_adfc_biebricher_fahrradtage_ntannreuther_044-1536x1024.jpg 1536w, https:\/\/www.adfc-wiesbaden.de\/wp-content\/uploads\/2025\/09\/2025_adfc_biebricher_fahrradtage_ntannreuther_044-2048x1365.jpg 2048w\" sizes=\"auto, (max-width: 2560px) 100vw, 2560px\" \/>    \n        <\/div>\n    <!-- \/image-wrap -->\n    \n        <div class=\"image-content\">\n                    <h3 class=\"image-title\">\n                                    Afiche de demostraci\u00f3n Kidical Mass | \u00a9 Nadine Tannreuther                            <\/h3>\n                    <\/div>\n    <!-- \/image-content -->\n        <\/div>\n<!-- \/module image --><!-- module text -->\n<div  class=\"module module-text tb_ug7g869    tb_gs678604\" data-lazy=\"1\">\n        <div  class=\"tb_text_wrap\">\n        <h1>\u00bfQuieres apoyar la misa infantil? \u00a1Es genial!<\/h1>\n<p>Nos divertimos organizando un hermoso y seguro evento de bicicleta para ni\u00f1os y trabajando juntos en un Wiesbaden amigable con la bicicleta.<\/p>\n<p><strong>Ser una carpeta durante la demostraci\u00f3n<\/strong><br \/>Como carpeta, aseg\u00farese de que se respetan las reglas de la demostraci\u00f3n, por ejemplo, que nadie conduce en la acera y que la anchura del carril de ruedas permanece libre a la derecha. Las carpetas son reconocibles por cuerpos rojos y una encuadernaci\u00f3n de carpetas. Si usted est\u00e1 interesado, por favor p\u00f3ngase en contacto con <a href=\"\/es\/mail&\/#116;&#111;&#58;&#103;&#117;&#x65;&#x6e;&#x6e;&#x69;&#x40;&#x61;&#x64;fc-w&#105;&#101;&#115;&#98;&#97;&#x64;&#x65;&#x6e;&#x2e;&#x64;&#x65;\">guenni@adfc-wiesbaden.de<\/a>.<\/p>\n<p><strong>Ofrecer un alimentador<\/strong><br \/>Para que a\u00fan m\u00e1s ni\u00f1os participen en la misa infantil de Wiesbaden, nos gustar\u00eda ofrecer comederos de los distritos. En el proceso, conducen juntos desde su distrito hasta el punto de partida de la Misa Kidical. Si desea guiar un tour de este tipo, por favor p\u00f3ngase en contacto con <a href=\"\/es\/&\/#109;&#x61;i&#108;&#x74;o&#x3a;&#x6b;&#105;&#x64;i&#99;&#x61;l&#109;&#x61;&#115;&#x73;&#64;&#97;&#x64;f&#99;&#x2d;&#119;&#x69;&#x65;&#115;&#x62;a&#100;&#x65;n&#x2e;&#x64;&#101;\">kidicalmass@adfc-wiesbaden.de<\/a>.<\/p>\n<p><strong>Forma parte del equipo<\/strong><br \/>Siempre estamos deseando crecer en el equipo de orga. Si est\u00e1 interesado en participar en la organizaci\u00f3n de la misa infantil o simplemente desea probarla, p\u00f3ngase en contacto con nosotros. <a href=\"\/es\/m&\/#97;&#x69;&#x6c;t&#111;&#x3a;&#x6b;i&#100;&#x69;&#x63;a&#108;&#x6d;&#x61;s&#115;&#x40;&#x61;d&#102;&#99;&#x2d;&#x77;i&#101;&#x73;&#x62;a&#100;&#x65;&#x6e;&#46;&#100;&#x65;\">kidicalmass@adfc-wiesbaden.de<\/a>.<\/p>\n<p><strong>Hagamos de Wiesbaden una ciudad de bicicletas<\/strong><br \/>Le apoyamos si desea que la escuela de sus hijos sea m\u00e1s amigable con las bicicletas, por ejemplo, si desea establecer un ritmo de 30 minutos antes de la escuela, si no hay portabicicletas, si los taxis de los padres causan inseguridad por la ma\u00f1ana o si desea establecer una calle escolar. Por favor no dude en ponerse en contacto con nosotros con sus preocupaciones <a href=\"\/es\/&\/#x6d;&#x61;&#x69;&#108;&#116;o:&#x6b;&#x69;&#x64;&#x69;&#99;&#97;lm&#x61;&#x73;&#x73;&#64;&#97;&#100;fc&#x2d;&#x77;&#x69;&#101;&#115;ba&#x64;&#x65;&#x6e;&#x2e;&#100;&#101;\">kidicalmass@adfc-wiesbaden.de<\/a>.<\/p>    <\/div>\n<\/div>\n<!-- \/module text -->        <\/div>\n                        <\/div>\n        <\/div>\n        <\/div>\n<!--\/themify_builder_content-->\n\n\n<p><\/p>","protected":false},"excerpt":{"rendered":"<p>\u00bfQuieres apoyar la misa infantil? \u00a1Es genial!<\/p>\n<p>Nos divertimos organizando un hermoso y seguro evento de bicicleta para ni\u00f1os y trabajando juntos en un Wiesbaden amigable con la bicicleta.<\/p>","protected":false},"author":50,"featured_media":75249,"parent":74799,"menu_order":0,"comment_status":"closed","ping_status":"closed","template":"","meta":{"footnotes":""},"tags":[516,206,807],"class_list":["post-74832","page","type-page","status-publish","has-post-thumbnail","hentry","tag-kidical-mass","tag-radtouren","tag-veranstaltung","has-post-title","has-post-date","has-post-category","has-post-tag","has-post-comment","has-post-author",""],"builder_content":"<img src=\"https:\/\/www.adfc-wiesbaden.de\/wp-content\/uploads\/2025\/09\/2025_adfc_biebricher_fahrradtage_ntannreuther_044-scaled.jpg\" title=\"Demoplakat Kidical Mass | &copy; Nadine Tannreuther\" alt=\"Demoplakat Kidical Mass | &copy; Nadine Tannreuther\" srcset=\"https:\/\/www.adfc-wiesbaden.de\/wp-content\/uploads\/2025\/09\/2025_adfc_biebricher_fahrradtage_ntannreuther_044-scaled.jpg 2560w, https:\/\/www.adfc-wiesbaden.de\/wp-content\/uploads\/2025\/09\/2025_adfc_biebricher_fahrradtage_ntannreuther_044-700x467.jpg 700w, https:\/\/www.adfc-wiesbaden.de\/wp-content\/uploads\/2025\/09\/2025_adfc_biebricher_fahrradtage_ntannreuther_044-1400x933.jpg 1400w, https:\/\/www.adfc-wiesbaden.de\/wp-content\/uploads\/2025\/09\/2025_adfc_biebricher_fahrradtage_ntannreuther_044-200x133.jpg 200w, https:\/\/www.adfc-wiesbaden.de\/wp-content\/uploads\/2025\/09\/2025_adfc_biebricher_fahrradtage_ntannreuther_044-768x512.jpg 768w, https:\/\/www.adfc-wiesbaden.de\/wp-content\/uploads\/2025\/09\/2025_adfc_biebricher_fahrradtage_ntannreuther_044-1536x1024.jpg 1536w, https:\/\/www.adfc-wiesbaden.de\/wp-content\/uploads\/2025\/09\/2025_adfc_biebricher_fahrradtage_ntannreuther_044-2048x1365.jpg 2048w\" sizes=\"(max-width: 2560px) 100vw, 2560px\" \/> <h3> Demoplakat Kidical Mass | &copy; Nadine Tannreuther <\/h3>\n<h1>Du willst die Kidical Mass unterst\u00fctzen? Gro\u00dfartig!<\/h1> <p>Wir haben Spa\u00df daran, einen sch\u00f6nen und sicheren Fahrradevent f\u00fcr Kinder zu organisieren und gemeinsam an einem fahrradfreundlichen Wiesbaden zu arbeiten.<\/p> <p><strong>Sei Ordner w\u00e4hrend der Demonstration<\/strong><br \/>Als Ordner achtest du darauf, dass die Regeln der Demonstration eingehalten werden \u2013 zum Beispiel, dass niemand auf dem Gehweg f\u00e4hrt und rechts etwa eine Radspurbreite frei bleibt. Ordner sind an roten Leibchen und einer Ordnerbinde erkennbar. Bei Interesse melde dich unter <a href=\"mailto:guenni@adfc-wiesbaden.de\">guenni@adfc-wiesbaden.de<\/a>.<\/p> <p><strong>Biete einen Zubringer an<\/strong><br \/>Damit noch mehr Kinder an der Kidical Mass Wiesbaden teilnehmen, m\u00f6chten wir Zubringer aus den Stadtteilen anbieten. Dabei fahrt ihr gemeinsam von eurem Stadtteil aus zum Startpunkt der Kidical Mass. Wenn du eine solche Tour anleiten m\u00f6chtest, melde dich unter <a href=\"mailto:kidicalmass@adfc-wiesbaden.de\">kidicalmass@adfc-wiesbaden.de<\/a>.<\/p> <p><strong>Werde Teil des Teams<\/strong><br \/>Wir freuen uns immer \u00fcber Zuwachs im Orga-Team. Wenn du Interesse hast, bei der Organisation der Kidical Mass mitzuwirken oder einfach einmal reinschnuppern m\u00f6chtest, melde dich unter <a href=\"mailto:kidicalmass@adfc-wiesbaden.de\">kidicalmass@adfc-wiesbaden.de<\/a>.<\/p> <p><strong>Lass uns Wiesbaden zur Fahrradstadt machen<\/strong><br \/>Wir unterst\u00fctzen euch, wenn ihr die Schule eurer Kinder fahrradfreundlicher machen wollt \u2013 zum Beispiel, wenn Tempo 30 vor der Schule eingerichtet werden soll, Fahrradst\u00e4nder fehlen, Eltern-Taxis morgens f\u00fcr Unsicherheit sorgen oder ihr eine Schulstra\u00dfe einrichten m\u00f6chtet. Kommt gerne mit euren Anliegen auf uns zu unter <a href=\"mailto:kidicalmass@adfc-wiesbaden.de\">kidicalmass@adfc-wiesbaden.de<\/a>.<\/p>","_links":{"self":[{"href":"https:\/\/www.adfc-wiesbaden.de\/es\/wp-json\/wp\/v2\/pages\/74832","targetHints":{"allow":["GET"]}}],"collection":[{"href":"https:\/\/www.adfc-wiesbaden.de\/es\/wp-json\/wp\/v2\/pages"}],"about":[{"href":"https:\/\/www.adfc-wiesbaden.de\/es\/wp-json\/wp\/v2\/types\/page"}],"author":[{"embeddable":true,"href":"https:\/\/www.adfc-wiesbaden.de\/es\/wp-json\/wp\/v2\/users\/50"}],"replies":[{"embeddable":true,"href":"https:\/\/www.adfc-wiesbaden.de\/es\/wp-json\/wp\/v2\/comments?post=74832"}],"version-history":[{"count":19,"href":"https:\/\/www.adfc-wiesbaden.de\/es\/wp-json\/wp\/v2\/pages\/74832\/revisions"}],"predecessor-version":[{"id":75604,"href":"https:\/\/www.adfc-wiesbaden.de\/es\/wp-json\/wp\/v2\/pages\/74832\/revisions\/75604"}],"up":[{"embeddable":true,"href":"https:\/\/www.adfc-wiesbaden.de\/es\/wp-json\/wp\/v2\/pages\/74799"}],"wp:featuredmedia":[{"embeddable":true,"href":"https:\/\/www.adfc-wiesbaden.de\/es\/wp-json\/wp\/v2\/media\/75249"}],"wp:attachment":[{"href":"https:\/\/www.adfc-wiesbaden.de\/es\/wp-json\/wp\/v2\/media?parent=74832"}],"wp:term":[{"taxonomy":"post_tag","embeddable":true,"href":"https:\/\/www.adfc-wiesbaden.de\/es\/wp-json\/wp\/v2\/tags?post=74832"}],"curies":[{"name":"wp","href":"https:\/\/api.w.org\/{rel}","templated":true}]}}