{"id":74863,"date":"2024-12-02T10:53:00","date_gmt":"2024-12-02T09:53:00","guid":{"rendered":"https:\/\/www.adfc-wiesbaden.de\/?page_id=74863"},"modified":"2026-03-30T21:40:36","modified_gmt":"2026-03-30T19:40:36","slug":"wichtige-dokumente","status":"publish","type":"page","link":"https:\/\/www.adfc-wiesbaden.de\/es\/ueber-uns\/wichtige-dokumente\/","title":{"rendered":"Documentos importantes de la asociaci\u00f3n"},"content":{"rendered":"<!--themify_builder_content-->\n<div id=\"themify_builder_content-74863\" data-postid=\"74863\" class=\"themify_builder_content themify_builder_content-74863 themify_builder tf_clear\">\n                    <div  data-lazy=\"1\" class=\"module_row themify_builder_row tb_kkn354 tb_first tf_w\">\n                        <div class=\"row_inner col_align_top tb_col_count_1 tf_box tf_rel\">\n                        <div  data-lazy=\"1\" class=\"module_column tb-column col-full tb_6sn754 first\">\n                    <!-- module text -->\n<div  class=\"module module-text tb_c3k0353    tb_gs678604\" data-lazy=\"1\">\n        <div  class=\"tb_text_wrap\">\n        <h1>Documentos importantes<\/h1>\n<p>Aqu\u00ed puede descargar los estatutos actuales del ADFC Kreisverband Wiesbaden\/Rheingau-Taunus e.V. y el reglamento del Consejo Ejecutivo en formato PDF.<\/p>\n<div class=\"button_container\">\n<div class=\"margin_0-16-8-0\"><a class=\"button1\" href=\"https:\/\/www.adfc-wiesbaden.de\/wp-content\/uploads\/2026\/01\/Satzung-ADFC-Wiesbaden-Rheingau-Taunus-07.01.2026.pdf\" target=\"_blank\" rel=\"noopener\">Descargar los Art\u00edculos de Asociaci\u00f3n<\/a><\/div>\n<div><a class=\"button1\" href=\"https:\/\/www.adfc-wiesbaden.de\/wp-content\/uploads\/2026\/02\/2602011.pdf\" target=\"_blank\" rel=\"noopener\">Descargar Reglamento interno<\/a><\/div>\n<\/div>\n<div>\u00a0<\/div>\n<div>Previa solicitud, los miembros pueden recibir el informe financiero actual, que se present\u00f3 en la junta general.<\/div>\n<div>\u00a0<\/div>\n<div style=\"display: none;\">\n<h2>Informes financieros<\/h2>\n<div class=\"button_container\">\n<div class=\"margin_0-16-8-0\">\n<div><a class=\"button1\" href=\"https:\/\/www.adfc-wiesbaden.de\/wp-content\/uploads\/2026\/02\/260209-Finanzbericht-2025-ADFC-Wiesbaden-Rheingau-Taunus-e.V.-final.pdf\" target=\"_blank\" rel=\"noopener\">Informe financiero 2025<\/a><\/div>\n<div>\u00a0<\/div>\n<\/div>\n<\/div>\n<\/div>    <\/div>\n<\/div>\n<!-- \/module text -->        <\/div>\n                        <\/div>\n        <\/div>\n        <\/div>\n<!--\/themify_builder_content-->","protected":false},"excerpt":{"rendered":"<p>Los documentos m\u00e1s importantes de nuestra asociaci\u00f3n distrital est\u00e1n disponibles para descargar aqu\u00ed.<\/p>","protected":false},"author":53,"featured_media":70604,"parent":69915,"menu_order":4,"comment_status":"closed","ping_status":"closed","template":"","meta":{"footnotes":""},"tags":[933,917,806],"class_list":["post-74863","page","type-page","status-publish","has-post-thumbnail","hentry","tag-geschaeftsordnung","tag-satzung","tag-verein","has-post-title","has-post-date","has-post-category","has-post-tag","has-post-comment","has-post-author",""],"builder_content":"<h1>Wichtige Dokumente<\/h1> <p>Hier k\u00f6nnt ihr die aktuelle Satzung des ADFC Kreisverband Wiesbaden\/Rheingau-Taunus e.V.\u00a0 und die Gesch\u00e4ftsordnung des Vorstands als PDF herunterladen.<\/p>\n<a href=\"https:\/\/www.adfc-wiesbaden.de\/wp-content\/uploads\/2026\/01\/Satzung-ADFC-Wiesbaden-Rheingau-Taunus-07.01.2026.pdf\" target=\"_blank\" rel=\"noopener\">Download Satzung<\/a> <a href=\"https:\/\/www.adfc-wiesbaden.de\/wp-content\/uploads\/2026\/02\/2602011.pdf\" target=\"_blank\" rel=\"noopener\">Download Gesch\u00e4ftsordnung<\/a>\n\u00a0 Auf Anfrage k\u00f6nnen Mitglieder den aktuellen Finanzbericht, der auf der Mitgliederversammlung vorgestellt wurde, erhalten. \u00a0\n<h2>Finanzberichte<\/h2>\n<a href=\"https:\/\/www.adfc-wiesbaden.de\/wp-content\/uploads\/2026\/02\/260209-Finanzbericht-2025-ADFC-Wiesbaden-Rheingau-Taunus-e.V.-final.pdf\" target=\"_blank\" rel=\"noopener\">Finanzbericht 2025<\/a> \u00a0","_links":{"self":[{"href":"https:\/\/www.adfc-wiesbaden.de\/es\/wp-json\/wp\/v2\/pages\/74863","targetHints":{"allow":["GET"]}}],"collection":[{"href":"https:\/\/www.adfc-wiesbaden.de\/es\/wp-json\/wp\/v2\/pages"}],"about":[{"href":"https:\/\/www.adfc-wiesbaden.de\/es\/wp-json\/wp\/v2\/types\/page"}],"author":[{"embeddable":true,"href":"https:\/\/www.adfc-wiesbaden.de\/es\/wp-json\/wp\/v2\/users\/53"}],"replies":[{"embeddable":true,"href":"https:\/\/www.adfc-wiesbaden.de\/es\/wp-json\/wp\/v2\/comments?post=74863"}],"version-history":[{"count":28,"href":"https:\/\/www.adfc-wiesbaden.de\/es\/wp-json\/wp\/v2\/pages\/74863\/revisions"}],"predecessor-version":[{"id":75737,"href":"https:\/\/www.adfc-wiesbaden.de\/es\/wp-json\/wp\/v2\/pages\/74863\/revisions\/75737"}],"up":[{"embeddable":true,"href":"https:\/\/www.adfc-wiesbaden.de\/es\/wp-json\/wp\/v2\/pages\/69915"}],"wp:featuredmedia":[{"embeddable":true,"href":"https:\/\/www.adfc-wiesbaden.de\/es\/wp-json\/wp\/v2\/media\/70604"}],"wp:attachment":[{"href":"https:\/\/www.adfc-wiesbaden.de\/es\/wp-json\/wp\/v2\/media?parent=74863"}],"wp:term":[{"taxonomy":"post_tag","embeddable":true,"href":"https:\/\/www.adfc-wiesbaden.de\/es\/wp-json\/wp\/v2\/tags?post=74863"}],"curies":[{"name":"wp","href":"https:\/\/api.w.org\/{rel}","templated":true}]}}