{"id":75117,"date":"2026-01-07T17:01:00","date_gmt":"2026-01-07T16:01:00","guid":{"rendered":"https:\/\/www.adfc-wiesbaden.de\/?page_id=75117"},"modified":"2026-03-08T10:37:20","modified_gmt":"2026-03-08T09:37:20","slug":"team-kidical-mass","status":"publish","type":"page","link":"https:\/\/www.adfc-wiesbaden.de\/es\/kidical-mass\/team-kidical-mass\/","title":{"rendered":"Masa infantil del equipo"},"content":{"rendered":"<!--themify_builder_content-->\n<div id=\"themify_builder_content-75117\" data-postid=\"75117\" class=\"themify_builder_content themify_builder_content-75117 themify_builder tf_clear\">\n                    <div  data-lazy=\"1\" class=\"module_row themify_builder_row tb_shct620 tb_first tf_w\">\n                        <div class=\"row_inner col_align_top tb_col_count_1 tf_box tf_rel\">\n                        <div  data-lazy=\"1\" class=\"module_column tb-column col-full tb_m93a620 first\">\n                    <!-- module image -->\n<div  class=\"module module-image tb_i76z378 image-top   tf_mw tb_gs2677162d\" data-lazy=\"1\">\n        <div class=\"image-wrap tf_rel tf_mw\">\n            <img loading=\"lazy\" decoding=\"async\" width=\"1600\" height=\"640\" src=\"https:\/\/www.adfc-wiesbaden.de\/wp-content\/uploads\/2026\/02\/kidical-mass-team-juni-2025_quer.jpg\" class=\"wp-post-image wp-image-75244\" title=\"| de la Misa Infantil \u00a9 Karoline Dei\u00dfner\" alt=\"| de la Misa Infantil \u00a9 Karoline Dei\u00dfner\" srcset=\"https:\/\/www.adfc-wiesbaden.de\/wp-content\/uploads\/2026\/02\/kidical-mass-team-juni-2025_quer.jpg 1600w, https:\/\/www.adfc-wiesbaden.de\/wp-content\/uploads\/2026\/02\/kidical-mass-team-juni-2025_quer-700x280.jpg 700w, https:\/\/www.adfc-wiesbaden.de\/wp-content\/uploads\/2026\/02\/kidical-mass-team-juni-2025_quer-1400x560.jpg 1400w, https:\/\/www.adfc-wiesbaden.de\/wp-content\/uploads\/2026\/02\/kidical-mass-team-juni-2025_quer-200x80.jpg 200w, https:\/\/www.adfc-wiesbaden.de\/wp-content\/uploads\/2026\/02\/kidical-mass-team-juni-2025_quer-768x307.jpg 768w, https:\/\/www.adfc-wiesbaden.de\/wp-content\/uploads\/2026\/02\/kidical-mass-team-juni-2025_quer-1536x614.jpg 1536w\" sizes=\"auto, (max-width: 1600px) 100vw, 1600px\" \/>    \n        <\/div>\n    <!-- \/image-wrap -->\n    \n        <div class=\"image-content\">\n                    <h3 class=\"image-title\">\n                                    | de la Misa Infantil \u00a9 Karoline Dei\u00dfner                            <\/h3>\n                    <\/div>\n    <!-- \/image-content -->\n        <\/div>\n<!-- \/module image --><!-- module text -->\n<div  class=\"module module-text tb_ug7g869    tb_gs678604\" data-lazy=\"1\">\n        <div  class=\"tb_text_wrap\">\n        <h1>Masa infantil del equipo<\/h1>\n<p>El equipo de Kidical Mass Wiesbaden est\u00e1 formado por padres comprometidos y amantes de la bicicleta. Entre nosotros se encuentran estudiantes y profesionales. Todos apreciamos la bicicleta como un medio de transporte pr\u00e1ctico en la ciudad, lo que reduce la b\u00fasqueda de un espacio de estacionamiento y ahorra tiempo que otros pasan en atascos de tr\u00e1fico. Algunos de nosotros usamos la bicicleta como un \u00abcarruaje familiar\u00bb para las rutas diarias hacia las compras, la guarder\u00eda y la escuela. Otros viajan muchos kil\u00f3metros en bicicleta o bicicleta el\u00e9ctrica para trabajar todos los d\u00edas, y a algunos de nosotros simplemente nos gusta andar deportivo en nuestro tiempo libre.<br \/>Tambi\u00e9n queremos transmitir nuestro entusiasmo por la movilidad activa en la vida cotidiana a nuestros hijos. Desafortunadamente, demasiados autos conducen a trav\u00e9s de la ciudad demasiado r\u00e1pido, por lo que el ni\u00f1o no puede conducir f\u00e1cilmente solo a la escuela.<\/p>\n<h2>Participar<\/h2>\n<p>Estamos encantados de compartir nuestro trabajo y esperamos nuevas ideas.<br \/>Cada a\u00f1o planeamos tres alegres corsos de bicicleta para ni\u00f1os con muchos recorridos de alimentaci\u00f3n desde las escuelas primarias de los diferentes distritos. Para esto todav\u00eda necesitamos ciclistas en el sitio.<br \/>Si est\u00e1s interesado escr\u00edbenos\u00a0<a href=\"\/es\/&\/#x6d;&#x61;&#x69;&#x6c;&#x74;&#x6f;&#x3a;&#x6b;&#105;&#100;&#105;&#99;&#97;&#108;&#109;ass&#64;&#x61;&#x64;&#x66;&#x63;&#x2d;&#x77;&#x69;&#x65;&#x73;&#98;&#97;&#100;&#101;&#110;&#46;&#100;e\">kidicalmass@adfc-wiesbaden.de<\/a><\/p>    <\/div>\n<\/div>\n<!-- \/module text -->        <\/div>\n                        <\/div>\n        <\/div>\n                        <div  data-lazy=\"1\" class=\"module_row themify_builder_row tb_xkpz284 tf_w\">\n                        <div class=\"row_inner col_align_top tb_col_count_1 tf_box tf_rel\">\n                        <div  data-lazy=\"1\" class=\"module_column tb-column col-full tb_2zxs284 first\">\n                    <!-- module plain text -->\n<div  class=\"module module-plain-text tb_g16n284\" data-lazy=\"1\">\n        <div class=\"tb_text_wrap\">\n    <div class=\"tb_layout_part_wrap tf_w\"><!--themify_builder_content-->\n    <div  class=\"themify_builder_content themify_builder_content-75393 themify_builder not_editable_builder in_the_loop\" data-postid=\"75393\">\n                        <div  data-css_id=\"ya26861\" data-lazy=\"1\" class=\"module_row themify_builder_row fullwidth tb_ya26861 tf_w\">\n                        <div class=\"row_inner col_align_top tb_col_count_1 tf_box tf_rel\">\n                        <div  data-lazy=\"1\" class=\"module_column tb-column col-full tb_hp60861 leitseite-banner first\">\n                    <!-- module plain text -->\n<div  class=\"module module-plain-text tb_4ow0861\" data-lazy=\"1\">\n        <div class=\"tb_text_wrap\">\n    <a href=\"https:\/\/www.adfc-wiesbaden.de\/es\/kidical-newsletter\/\" style=\"color:white;text-decoration: none !Important\" target=\"_blank\">\n<div class=\"banner_image-container\">\n\t\n<img decoding=\"async\" class=\"banner_image\" src=\"https:\/\/www.adfc-wiesbaden.de\/wp-content\/uploads\/2022\/02\/Bildschirmfoto_2022-02-26_01-33-56.png\" alt=\"Logotipo de la misa infantil\" >\n\t\n<\/div>\n<div class=\"banner_text-container\">\n<div style=\"font-size:32px;line-height:39px;font-weight:100;margin-bottom: 10px;text-decoration: none !Important\"><b>Reg\u00edstrese ahora:<\/b><br>Para el bolet\u00edn de Kidical Mass Wiesbaden<\/div>\n\n<div style=\"font-size:24px;line-height:29px;font-weight:300;margin-bottom:2%\">Informaci\u00f3n regular sobre la misa infantil en Wiesbaden y sus alrededores<\/div>\n<div class=\"button_container\">\n<div class=\"margin_16-16-16-0\"><a class=\"button1_blau\" href=\"https:\/\/www.adfc-wiesbaden.de\/es\/kidical-newsletter\/\" target=\"_blank\">A la suscripci\u00f3n al bolet\u00edn informativo<\/a><\/div>\n<\/div>\t\n<\/div>\n<\/a>\n\n\n\n\n    <\/div>\n<\/div>\n<!-- \/module plain text -->        <\/div>\n                        <\/div>\n        <\/div>\n            <\/div>\n<!--\/themify_builder_content--><\/div>\n    <\/div>\n<\/div>\n<!-- \/module plain text -->        <\/div>\n                        <\/div>\n        <\/div>\n        <\/div>\n<!--\/themify_builder_content-->","protected":false},"excerpt":{"rendered":"<p>El equipo de Kidical Mass Wiesbaden est\u00e1 formado por padres comprometidos y amantes de la bicicleta.<\/p>","protected":false},"author":53,"featured_media":75241,"parent":74799,"menu_order":0,"comment_status":"closed","ping_status":"closed","template":"","meta":{"footnotes":""},"tags":[516,206,807],"class_list":["post-75117","page","type-page","status-publish","has-post-thumbnail","hentry","tag-kidical-mass","tag-radtouren","tag-veranstaltung","has-post-title","has-post-date","has-post-category","has-post-tag","has-post-comment","has-post-author",""],"builder_content":"<img src=\"https:\/\/www.adfc-wiesbaden.de\/wp-content\/uploads\/2026\/02\/kidical-mass-team-juni-2025_quer.jpg\" title=\"Team Kidical Mass | &copy; Karoline Dei\u00dfner\" alt=\"Team Kidical Mass | &copy; Karoline Dei\u00dfner\" srcset=\"https:\/\/www.adfc-wiesbaden.de\/wp-content\/uploads\/2026\/02\/kidical-mass-team-juni-2025_quer.jpg 1600w, https:\/\/www.adfc-wiesbaden.de\/wp-content\/uploads\/2026\/02\/kidical-mass-team-juni-2025_quer-700x280.jpg 700w, https:\/\/www.adfc-wiesbaden.de\/wp-content\/uploads\/2026\/02\/kidical-mass-team-juni-2025_quer-1400x560.jpg 1400w, https:\/\/www.adfc-wiesbaden.de\/wp-content\/uploads\/2026\/02\/kidical-mass-team-juni-2025_quer-200x80.jpg 200w, https:\/\/www.adfc-wiesbaden.de\/wp-content\/uploads\/2026\/02\/kidical-mass-team-juni-2025_quer-768x307.jpg 768w, https:\/\/www.adfc-wiesbaden.de\/wp-content\/uploads\/2026\/02\/kidical-mass-team-juni-2025_quer-1536x614.jpg 1536w\" sizes=\"(max-width: 1600px) 100vw, 1600px\" \/> <h3> Team Kidical Mass | &copy; Karoline Dei\u00dfner <\/h3>\n<h1>Team Kidical Mass<\/h1> <p>Das Team der Kidical Mass Wiesbaden besteht aus engagierten, radliebenden Eltern. Unter uns sind Studierende und Berufst\u00e4tige. Alle von uns sch\u00e4tzen das Fahrrad als praktisches Verkehrsmittel in der Stadt, das einem die Parkplatzsuche abnimmt und Zeit spart, die andere im Stau verbringen. Manche von uns benutzen das Rad als \u201eFamilienkutsche\u201c f\u00fcr die allt\u00e4glichen Wege zum Einkaufen, zur Kita und zur Schule. Wiederum andere pendeln t\u00e4glich viele Kilometer mit dem Rad oder E-Bike zur Arbeit, und manche von uns fahren einfach gerne sportlich in der Freizeit.<br \/>Unsere Begeisterung bei der aktiven Mobilit\u00e4t im Alltag wollen wir unseren Kindern ebenfalls vermitteln. Nur leider fahren zu viele Autos, zu schnell durch die Stadt, so dass die Kind nicht problemlos alleine zur Schule fahren k\u00f6nnen.<\/p> <h2>Mitmachen<\/h2> <p>Wir teilen gerne unsere Arbeit auf und freuen uns \u00fcber neue Ideen.<br \/>Wir planen j\u00e4hrlich drei fr\u00f6hliche Kinder-Fahrrad-Korsos mit vielen Zubringertouren von den Grundschulen aus den unterschiedlichen Stadtteilen. Daf\u00fcr ben\u00f6tigen wir noch Radfahrende vor Ort.<br \/>Bei Interesse schreibe uns\u00a0<a href=\"mailto:kidicalmass@adfc-wiesbaden.de\">kidicalmass@adfc-wiesbaden.de<\/a><\/p>\n[themify_layout_part id=\"75393\"]","_links":{"self":[{"href":"https:\/\/www.adfc-wiesbaden.de\/es\/wp-json\/wp\/v2\/pages\/75117","targetHints":{"allow":["GET"]}}],"collection":[{"href":"https:\/\/www.adfc-wiesbaden.de\/es\/wp-json\/wp\/v2\/pages"}],"about":[{"href":"https:\/\/www.adfc-wiesbaden.de\/es\/wp-json\/wp\/v2\/types\/page"}],"author":[{"embeddable":true,"href":"https:\/\/www.adfc-wiesbaden.de\/es\/wp-json\/wp\/v2\/users\/53"}],"replies":[{"embeddable":true,"href":"https:\/\/www.adfc-wiesbaden.de\/es\/wp-json\/wp\/v2\/comments?post=75117"}],"version-history":[{"count":13,"href":"https:\/\/www.adfc-wiesbaden.de\/es\/wp-json\/wp\/v2\/pages\/75117\/revisions"}],"predecessor-version":[{"id":75406,"href":"https:\/\/www.adfc-wiesbaden.de\/es\/wp-json\/wp\/v2\/pages\/75117\/revisions\/75406"}],"up":[{"embeddable":true,"href":"https:\/\/www.adfc-wiesbaden.de\/es\/wp-json\/wp\/v2\/pages\/74799"}],"wp:featuredmedia":[{"embeddable":true,"href":"https:\/\/www.adfc-wiesbaden.de\/es\/wp-json\/wp\/v2\/media\/75241"}],"wp:attachment":[{"href":"https:\/\/www.adfc-wiesbaden.de\/es\/wp-json\/wp\/v2\/media?parent=75117"}],"wp:term":[{"taxonomy":"post_tag","embeddable":true,"href":"https:\/\/www.adfc-wiesbaden.de\/es\/wp-json\/wp\/v2\/tags?post=75117"}],"curies":[{"name":"wp","href":"https:\/\/api.w.org\/{rel}","templated":true}]}}