{"id":69277,"date":"2025-01-29T17:32:59","date_gmt":"2025-01-29T16:32:59","guid":{"rendered":"https:\/\/wi-test.adfc-frankfurt.de\/?page_id=69277"},"modified":"2025-05-23T05:22:31","modified_gmt":"2025-05-23T03:22:31","slug":"presseportal","status":"publish","type":"page","link":"https:\/\/www.adfc-wiesbaden.de\/fa\/ueber-uns\/presseportal\/","title":{"rendered":"Presseportal"},"content":{"rendered":"<!--themify_builder_content-->\n<div id=\"themify_builder_content-69277\" data-postid=\"69277\" class=\"themify_builder_content themify_builder_content-69277 themify_builder tf_clear\">\n                    <div  data-lazy=\"1\" class=\"module_row themify_builder_row tb_v0iz509 tb_first tf_w\">\n                        <div class=\"row_inner col_align_top tb_col_count_1 tf_box tf_rel\">\n                        <div  data-lazy=\"1\" class=\"module_column tb-column col-full tb_uqne509 first\">\n                    <!-- module text -->\n<div  class=\"module module-text tb_n0i9627    tb_gs678604\" data-lazy=\"1\">\n        <div  class=\"tb_text_wrap\">\n        <h1>Herzlich Willkommen im Presseportal<\/h1>\n<p>Journalistinnen und Journalisten finden hier Stellungnahmen, Hintergrundinformationen, Pressefotos und den Kontakt zu unseren Ansprechpartner:innen.<\/p>\n<h2>Ansprechpartner<\/h2>\n<p>Der ADFC Wiesbaden\/Rheingau-Taunus e.V. steht den Medien gern f\u00fcr Anfragen zur Verf\u00fcgung.<\/p>\n<p>Wenden Sie sich bitte an:<\/p>\n<p>Mich\u00e9le Fleckenstein<br \/>E-Mail: p&#114;&#x65;&#x73;&#x73;e&#64;&#97;&#x64;&#x66;c&#45;&#119;&#x69;&#x65;sb&#97;&#x64;&#x65;&#x6e;&#46;&#100;&#x65;<\/p>    <\/div>\n<\/div>\n<!-- \/module text -->        <\/div>\n                        <\/div>\n        <\/div>\n                        <div  data-anchor=\"Pressemitteilungen\" data-lazy=\"1\" class=\"module_row themify_builder_row tb_has_section tb_section-Pressemitteilungen tb_q7oj425 tf_w\">\n                        <div class=\"row_inner col_align_top tb_col_count_1 tf_box tf_rel\">\n                        <div  data-lazy=\"1\" class=\"module_column tb-column col-full tb_wvft425 first\">\n                    <!-- module plain text -->\n<div  class=\"module module-plain-text tb_o6yb973\" data-lazy=\"1\">\n        <div class=\"tb_text_wrap\">\n    <h5 style=\"margin-bottom:15px;\">Unsere aktuellsten Pressemitteilungen:<\/h5>\n\n<div class=\"posts_results_as_tiles\">\n\n<article class=\"menu_as_tiles_post post\"><div class=\"menu_as_tiles_image\"><a href=\"\/fa\/kidical-mass-2026-wiesbaden-macht-platz-fuer-die-naechste-generation\/\"><img decoding=\"async\" src=\"https:\/\/www.adfc-wiesbaden.de\/wp-content\/uploads\/2025\/04\/2025_kidical_Bahnhof_4_3_20220925_martin-kraft-700x525.jpg\" class=\"menu_as_tiles_image\" width=\"300\" srcset=\"https:\/\/www.adfc-wiesbaden.de\/wp-content\/uploads\/2025\/04\/2025_kidical_Bahnhof_4_3_20220925_martin-kraft-700x525.jpg 700w, https:\/\/www.adfc-wiesbaden.de\/wp-content\/uploads\/2025\/04\/2025_kidical_Bahnhof_4_3_20220925_martin-kraft-1400x1050.jpg 1400w, https:\/\/www.adfc-wiesbaden.de\/wp-content\/uploads\/2025\/04\/2025_kidical_Bahnhof_4_3_20220925_martin-kraft-200x150.jpg 200w, https:\/\/www.adfc-wiesbaden.de\/wp-content\/uploads\/2025\/04\/2025_kidical_Bahnhof_4_3_20220925_martin-kraft-768x576.jpg 768w, https:\/\/www.adfc-wiesbaden.de\/wp-content\/uploads\/2025\/04\/2025_kidical_Bahnhof_4_3_20220925_martin-kraft-1536x1152.jpg 1536w, https:\/\/www.adfc-wiesbaden.de\/wp-content\/uploads\/2025\/04\/2025_kidical_Bahnhof_4_3_20220925_martin-kraft-16x12.jpg 16w, https:\/\/www.adfc-wiesbaden.de\/wp-content\/uploads\/2025\/04\/2025_kidical_Bahnhof_4_3_20220925_martin-kraft-1400x1050-400x300.jpg 400w, https:\/\/www.adfc-wiesbaden.de\/wp-content\/uploads\/2025\/04\/2025_kidical_Bahnhof_4_3_20220925_martin-kraft-1400x1050-300x225.jpg 300w, https:\/\/www.adfc-wiesbaden.de\/wp-content\/uploads\/2025\/04\/2025_kidical_Bahnhof_4_3_20220925_martin-kraft.jpg 1600w\" sizes=\"auto, (max-width: 700px) 100vw, 700px\" loading=\"lazy\" \/><\/a><\/div><div class=\"menu_as_tiles_date\">24.04.2026<\/div><h3 class=\"menu_as_tiles_title\">Kidical Mass 2026: Wiesbaden macht Platz f\u00fcr die n\u00e4chste Generation<\/h3><div class=\"menu_as_tiles_details\">  <span class=\"menu_as_tiles_excerpt\">Der ADFC Wiesbaden l\u00e4dt zur bunten Fahrraddemo-Serie ein \u2013 Auftakt am 3. Mai am Dernschen Gel\u00e4nde f\u00fcr sicherere Stra\u00dfen und kinderleichte Mobilit\u00e4t<\/span><\/div><div class=\"menu_as_tiles_button\"><a href=\"\/fa\/kidical-mass-2026-wiesbaden-macht-platz-fuer-die-naechste-generation\/\">Weiterlesen<\/a><\/div><div class=\"menu_as_tiles_tag_category_container\"> <div class=\"menu_as_tiles_tag\"><a href=\"\/fa\/tag\/fahrraddemo\/\">Fahrraddemo<\/a><\/div> <div class=\"menu_as_tiles_tag\"><a href=\"\/fa\/tag\/kidical-mass\/\">Kidical Mass<\/a><\/div> <div class=\"menu_as_tiles_tag\"><a href=\"\/fa\/tag\/politik-verkehr\/\">Politik &amp; Verkehr<\/a><\/div> <div class=\"menu_as_tiles_tag\"><a href=\"\/fa\/tag\/pressemitteilung\/\">Pressemitteilung<\/a><\/div> <div class=\"menu_as_tiles_tag\"><a href=\"\/fa\/tag\/veranstaltung\/\">Veranstaltung<\/a><\/div><\/div><\/article>\n\n<article class=\"menu_as_tiles_post post\"><div class=\"menu_as_tiles_image\"><a href=\"\/fa\/wiesbaden-waehlt-verkehrspolitik-volles-haus-und-spannendes-format\/\"><img decoding=\"async\" src=\"https:\/\/www.adfc-wiesbaden.de\/wp-content\/uploads\/2026\/02\/2026-02-04_MG_3017_web_4x3_ollo-kessler-700x525.jpg\" class=\"menu_as_tiles_image\" width=\"300\" srcset=\"https:\/\/www.adfc-wiesbaden.de\/wp-content\/uploads\/2026\/02\/2026-02-04_MG_3017_web_4x3_ollo-kessler-700x525.jpg 700w, https:\/\/www.adfc-wiesbaden.de\/wp-content\/uploads\/2026\/02\/2026-02-04_MG_3017_web_4x3_ollo-kessler-1400x1050.jpg 1400w, https:\/\/www.adfc-wiesbaden.de\/wp-content\/uploads\/2026\/02\/2026-02-04_MG_3017_web_4x3_ollo-kessler-200x150.jpg 200w, https:\/\/www.adfc-wiesbaden.de\/wp-content\/uploads\/2026\/02\/2026-02-04_MG_3017_web_4x3_ollo-kessler-768x576.jpg 768w, https:\/\/www.adfc-wiesbaden.de\/wp-content\/uploads\/2026\/02\/2026-02-04_MG_3017_web_4x3_ollo-kessler-1536x1152.jpg 1536w, https:\/\/www.adfc-wiesbaden.de\/wp-content\/uploads\/2026\/02\/2026-02-04_MG_3017_web_4x3_ollo-kessler.jpg 1600w\" sizes=\"auto, (max-width: 700px) 100vw, 700px\" loading=\"lazy\" \/><\/a><\/div><div class=\"menu_as_tiles_date\">06.02.2026<\/div><h3 class=\"menu_as_tiles_title\">Wiesbaden w\u00e4hlt Verkehrspolitik: Volles Haus und\u00a0spannendes Format\u00a0<\/h3><div class=\"menu_as_tiles_details\">  <span class=\"menu_as_tiles_excerpt\">Ein Riesen-Erfolg war die Wahl-Arena der 4 Mobilit\u00e4ts-Vereine in Wiesbaden am 4. Februar. Vor der Kommunalwahl ging es darum, f\u00fcr die W\u00e4hlerinnen und W\u00e4hler die verkehrspolitischen Positionen der Parteien transparent zu machen.<\/span><\/div><div class=\"menu_as_tiles_button\"><a href=\"\/fa\/wiesbaden-waehlt-verkehrspolitik-volles-haus-und-spannendes-format\/\">Weiterlesen<\/a><\/div><div class=\"menu_as_tiles_tag_category_container\"> <div class=\"menu_as_tiles_tag\"><a href=\"\/fa\/tag\/kommunalwahl\/\">Kommunalwahl<\/a><\/div> <div class=\"menu_as_tiles_tag\"><a href=\"\/fa\/tag\/politik-verkehr\/\">Politik &amp; Verkehr<\/a><\/div> <div class=\"menu_as_tiles_tag\"><a href=\"\/fa\/tag\/pressemitteilung\/\">Pressemitteilung<\/a><\/div><\/div><\/article>\n\n<article class=\"menu_as_tiles_post post\"><div class=\"menu_as_tiles_image\"><a href=\"\/fa\/awahl-o-rad-zur-kommunalwahl-in-wiesbaden\/\"><img decoding=\"async\" src=\"https:\/\/www.adfc-wiesbaden.de\/wp-content\/uploads\/2026\/01\/Wahl-O-Rad_Beitragsbild_4x3-700x525.png\" class=\"menu_as_tiles_image\" width=\"300\" srcset=\"https:\/\/www.adfc-wiesbaden.de\/wp-content\/uploads\/2026\/01\/Wahl-O-Rad_Beitragsbild_4x3-700x525.png 700w, https:\/\/www.adfc-wiesbaden.de\/wp-content\/uploads\/2026\/01\/Wahl-O-Rad_Beitragsbild_4x3-1400x1050.png 1400w, https:\/\/www.adfc-wiesbaden.de\/wp-content\/uploads\/2026\/01\/Wahl-O-Rad_Beitragsbild_4x3-200x150.png 200w, https:\/\/www.adfc-wiesbaden.de\/wp-content\/uploads\/2026\/01\/Wahl-O-Rad_Beitragsbild_4x3-768x576.png 768w, https:\/\/www.adfc-wiesbaden.de\/wp-content\/uploads\/2026\/01\/Wahl-O-Rad_Beitragsbild_4x3-1536x1152.png 1536w, https:\/\/www.adfc-wiesbaden.de\/wp-content\/uploads\/2026\/01\/Wahl-O-Rad_Beitragsbild_4x3.png 2000w\" sizes=\"auto, (max-width: 700px) 100vw, 700px\" loading=\"lazy\" \/><\/a><\/div><div class=\"menu_as_tiles_date\">29.01.2026<\/div><h3 class=\"menu_as_tiles_title\">ADFC Wiesbaden\/Rheingau-Taunus ver\u00f6ffentlicht Wahl-o-Rad zur Kommunalwahl in Wiesbaden<\/h3><div class=\"menu_as_tiles_details\">  <span class=\"menu_as_tiles_excerpt\">Am Sonntag, den 15. M\u00e4rz, werden in Wiesbaden die Stadtverordnetenversammlung und die Ortsbeir\u00e4te neu gew\u00e4hlt. Als Entscheidungshilfe und Einblick in die Ziele der Parteien hat der ADFC f\u00fcr Wiesbaden seinen interaktiven \"Wahl-o-Rad\" ver\u00f6ffentlicht.<\/span><\/div><div class=\"menu_as_tiles_button\"><a href=\"\/fa\/awahl-o-rad-zur-kommunalwahl-in-wiesbaden\/\">Weiterlesen<\/a><\/div><div class=\"menu_as_tiles_tag_category_container\"> <div class=\"menu_as_tiles_tag\"><a href=\"\/fa\/tag\/kommunalwahl\/\">Kommunalwahl<\/a><\/div> <div class=\"menu_as_tiles_tag\"><a href=\"\/fa\/tag\/politik-verkehr\/\">Politik &amp; Verkehr<\/a><\/div> <div class=\"menu_as_tiles_tag\"><a href=\"\/fa\/tag\/pressemitteilung\/\">Pressemitteilung<\/a><\/div><\/div><\/article>\n\n<article class=\"menu_as_tiles_post post\"><div class=\"menu_as_tiles_image\"><a href=\"\/fa\/adfc-wiesbaden-rheingau-taunus-fordert-woerthstrasse-in-eltville-muss-fuer-den-radverkehr-in-gegenrichtung-offen-bleiben\/\"><img decoding=\"async\" src=\"https:\/\/www.adfc-wiesbaden.de\/wp-content\/uploads\/2026\/01\/Eltville_Woerthstrasse_2-700x525.jpg\" class=\"menu_as_tiles_image\" width=\"300\" srcset=\"https:\/\/www.adfc-wiesbaden.de\/wp-content\/uploads\/2026\/01\/Eltville_Woerthstrasse_2-700x525.jpg 700w, https:\/\/www.adfc-wiesbaden.de\/wp-content\/uploads\/2026\/01\/Eltville_Woerthstrasse_2-1400x1050.jpg 1400w, https:\/\/www.adfc-wiesbaden.de\/wp-content\/uploads\/2026\/01\/Eltville_Woerthstrasse_2-200x150.jpg 200w, https:\/\/www.adfc-wiesbaden.de\/wp-content\/uploads\/2026\/01\/Eltville_Woerthstrasse_2-768x576.jpg 768w, https:\/\/www.adfc-wiesbaden.de\/wp-content\/uploads\/2026\/01\/Eltville_Woerthstrasse_2-1536x1152.jpg 1536w, https:\/\/www.adfc-wiesbaden.de\/wp-content\/uploads\/2026\/01\/Eltville_Woerthstrasse_2-2048x1536.jpg 2048w\" sizes=\"auto, (max-width: 700px) 100vw, 700px\" loading=\"lazy\" \/><\/a><\/div><div class=\"menu_as_tiles_date\">19.01.2026<\/div><h3 class=\"menu_as_tiles_title\">ADFC Wiesbaden\/Rheingau-Taunus fordert:\u00a0 W\u00f6rthstra\u00dfe in Eltville muss f\u00fcr den Radverkehr in Gegenrichtung offen bleiben<\/h3><div class=\"menu_as_tiles_details\">  <span class=\"menu_as_tiles_excerpt\">Der ADFC Wiesbaden\/Rheingau-Taunus kritisiert, dass die Freigabe der W\u00f6rthstra\u00dfe f\u00fcr den Radverkehr in Gegenrichtung aufgehoben wurde und fordert die Stadt Eltville auf, die Ma\u00dfnahme umgehend r\u00fcckg\u00e4ngig zu machen.<\/span><\/div><div class=\"menu_as_tiles_button\"><a href=\"\/fa\/adfc-wiesbaden-rheingau-taunus-fordert-woerthstrasse-in-eltville-muss-fuer-den-radverkehr-in-gegenrichtung-offen-bleiben\/\">Weiterlesen<\/a><\/div><div class=\"menu_as_tiles_tag_category_container\"> <div class=\"menu_as_tiles_tag\"><a href=\"\/fa\/tag\/politik-verkehr\/\">Politik &amp; Verkehr<\/a><\/div> <div class=\"menu_as_tiles_tag\"><a href=\"\/fa\/tag\/pressemitteilung\/\">Pressemitteilung<\/a><\/div> <div class=\"menu_as_tiles_tag\"><a href=\"\/fa\/tag\/rheingau\/\">Rheingau<\/a><\/div><\/div><\/article>\n<\/div>\n\n<div class=\"button_container\">\n<div class=\"margin_16-16-8-0\"><a class=\"button-secondary\" href=\"\/fa\/tag\/pressemitteilung\/\" target=\"_blank\" rel=\"noopener\">Alle Pressemitteilungen anzeigen<\/a><\/div>\n<\/div>    <\/div>\n<\/div>\n<!-- \/module plain text -->        <\/div>\n                        <\/div>\n        <\/div>\n        <\/div>\n<!--\/themify_builder_content-->\n\n\n<p><\/p>","protected":false},"excerpt":{"rendered":"","protected":false},"author":18,"featured_media":0,"parent":69915,"menu_order":6,"comment_status":"closed","ping_status":"closed","template":"","meta":{"footnotes":""},"tags":[],"class_list":["post-69277","page","type-page","status-publish","hentry","has-post-title","has-post-date","has-post-category","has-post-tag","has-post-comment","has-post-author",""],"builder_content":"<h1>Herzlich Willkommen im Presseportal<\/h1> <p>Journalistinnen und Journalisten finden hier Stellungnahmen, Hintergrundinformationen, Pressefotos und den Kontakt zu unseren Ansprechpartner:innen.<\/p> <h2>Ansprechpartner<\/h2> <p>Der ADFC Wiesbaden\/Rheingau-Taunus e.V. steht den Medien gern f\u00fcr Anfragen zur Verf\u00fcgung.<\/p> <p>Wenden Sie sich bitte an:<\/p> <p>Mich\u00e9le Fleckenstein<br \/>E-Mail: presse@adfc-wiesbaden.de<\/p>\n<h5 style=\"margin-bottom:15px;\">Unsere aktuellsten Pressemitteilungen:<\/h5> [posts_as_tiles category=\"Pressemitteilung\" numberposts=\"4\"]\n<a href=\"\/tag\/pressemitteilung\/\" target=\"_blank\" rel=\"noopener\">Alle Pressemitteilungen anzeigen<\/a>","_links":{"self":[{"href":"https:\/\/www.adfc-wiesbaden.de\/fa\/wp-json\/wp\/v2\/pages\/69277","targetHints":{"allow":["GET"]}}],"collection":[{"href":"https:\/\/www.adfc-wiesbaden.de\/fa\/wp-json\/wp\/v2\/pages"}],"about":[{"href":"https:\/\/www.adfc-wiesbaden.de\/fa\/wp-json\/wp\/v2\/types\/page"}],"author":[{"embeddable":true,"href":"https:\/\/www.adfc-wiesbaden.de\/fa\/wp-json\/wp\/v2\/users\/18"}],"replies":[{"embeddable":true,"href":"https:\/\/www.adfc-wiesbaden.de\/fa\/wp-json\/wp\/v2\/comments?post=69277"}],"version-history":[{"count":27,"href":"https:\/\/www.adfc-wiesbaden.de\/fa\/wp-json\/wp\/v2\/pages\/69277\/revisions"}],"predecessor-version":[{"id":72527,"href":"https:\/\/www.adfc-wiesbaden.de\/fa\/wp-json\/wp\/v2\/pages\/69277\/revisions\/72527"}],"up":[{"embeddable":true,"href":"https:\/\/www.adfc-wiesbaden.de\/fa\/wp-json\/wp\/v2\/pages\/69915"}],"wp:attachment":[{"href":"https:\/\/www.adfc-wiesbaden.de\/fa\/wp-json\/wp\/v2\/media?parent=69277"}],"wp:term":[{"taxonomy":"post_tag","embeddable":true,"href":"https:\/\/www.adfc-wiesbaden.de\/fa\/wp-json\/wp\/v2\/tags?post=69277"}],"curies":[{"name":"wp","href":"https:\/\/api.w.org\/{rel}","templated":true}]}}