{"id":69277,"date":"2025-01-29T17:32:59","date_gmt":"2025-01-29T16:32:59","guid":{"rendered":"https:\/\/wi-test.adfc-frankfurt.de\/?page_id=69277"},"modified":"2025-05-23T05:22:31","modified_gmt":"2025-05-23T03:22:31","slug":"presseportal","status":"publish","type":"page","link":"https:\/\/www.adfc-wiesbaden.de\/fr\/ueber-uns\/presseportal\/","title":{"rendered":"Portail de presse"},"content":{"rendered":"<!--themify_builder_content-->\n<div id=\"themify_builder_content-69277\" data-postid=\"69277\" class=\"themify_builder_content themify_builder_content-69277 themify_builder tf_clear\">\n                    <div  data-lazy=\"1\" class=\"module_row themify_builder_row tb_v0iz509 tb_first tf_w\">\n                        <div class=\"row_inner col_align_top tb_col_count_1 tf_box tf_rel\">\n                        <div  data-lazy=\"1\" class=\"module_column tb-column col-full tb_uqne509 first\">\n                    <!-- module text -->\n<div  class=\"module module-text tb_n0i9627    tb_gs678604\" data-lazy=\"1\">\n        <div  class=\"tb_text_wrap\">\n        <h1>Bienvenue sur le portail de presse<\/h1>\n<p>Les journalistes trouveront ici des prises de position, des informations de fond, des photos de presse et le contact avec nos interlocuteurs.<\/p>\n<h2>interlocuteur<\/h2>\n<p>L'ADFC Wiesbaden\/Rheingau-Taunus e.V. se tient volontiers \u00e0 la disposition des m\u00e9dias pour toute question.<\/p>\n<p>Veuillez contacter:<\/p>\n<p>Mich\u00e9le Fleckenstein<br \/>Courriel: presse@adfc-wiesbaden.de<\/p>    <\/div>\n<\/div>\n<!-- \/module text -->        <\/div>\n                        <\/div>\n        <\/div>\n                        <div  data-anchor=\"Pressemitteilungen\" data-lazy=\"1\" class=\"module_row themify_builder_row tb_has_section tb_section-Pressemitteilungen tb_q7oj425 tf_w\">\n                        <div class=\"row_inner col_align_top tb_col_count_1 tf_box tf_rel\">\n                        <div  data-lazy=\"1\" class=\"module_column tb-column col-full tb_wvft425 first\">\n                    <!-- module plain text -->\n<div  class=\"module module-plain-text tb_o6yb973\" data-lazy=\"1\">\n        <div class=\"tb_text_wrap\">\n    <h5 style=\"margin-bottom:15px;\">Nos derniers communiqu\u00e9s de presse:<\/h5>\n\n<div class=\"posts_results_as_tiles\">\n\n<article class=\"menu_as_tiles_post post\"><div class=\"menu_as_tiles_image\"><a href=\"\/fr\/kidical-mass-2026-wiesbaden-macht-platz-fuer-die-naechste-generation\/\"><img decoding=\"async\" src=\"https:\/\/www.adfc-wiesbaden.de\/wp-content\/uploads\/2025\/04\/2025_kidical_Bahnhof_4_3_20220925_martin-kraft-700x525.jpg\" class=\"menu_as_tiles_image\" width=\"300\" srcset=\"https:\/\/www.adfc-wiesbaden.de\/wp-content\/uploads\/2025\/04\/2025_kidical_Bahnhof_4_3_20220925_martin-kraft-700x525.jpg 700w, https:\/\/www.adfc-wiesbaden.de\/wp-content\/uploads\/2025\/04\/2025_kidical_Bahnhof_4_3_20220925_martin-kraft-1400x1050.jpg 1400w, https:\/\/www.adfc-wiesbaden.de\/wp-content\/uploads\/2025\/04\/2025_kidical_Bahnhof_4_3_20220925_martin-kraft-200x150.jpg 200w, https:\/\/www.adfc-wiesbaden.de\/wp-content\/uploads\/2025\/04\/2025_kidical_Bahnhof_4_3_20220925_martin-kraft-768x576.jpg 768w, https:\/\/www.adfc-wiesbaden.de\/wp-content\/uploads\/2025\/04\/2025_kidical_Bahnhof_4_3_20220925_martin-kraft-1536x1152.jpg 1536w, https:\/\/www.adfc-wiesbaden.de\/wp-content\/uploads\/2025\/04\/2025_kidical_Bahnhof_4_3_20220925_martin-kraft-16x12.jpg 16w, https:\/\/www.adfc-wiesbaden.de\/wp-content\/uploads\/2025\/04\/2025_kidical_Bahnhof_4_3_20220925_martin-kraft-1400x1050-400x300.jpg 400w, https:\/\/www.adfc-wiesbaden.de\/wp-content\/uploads\/2025\/04\/2025_kidical_Bahnhof_4_3_20220925_martin-kraft-1400x1050-300x225.jpg 300w, https:\/\/www.adfc-wiesbaden.de\/wp-content\/uploads\/2025\/04\/2025_kidical_Bahnhof_4_3_20220925_martin-kraft.jpg 1600w\" sizes=\"auto, (max-width: 700px) 100vw, 700px\" loading=\"lazy\" \/><\/a><\/div><div class=\"menu_as_tiles_date\">24.04.2026<\/div><h3 class=\"menu_as_tiles_title\">Kidical Mass 2026: Wiesbaden fait place \u00e0 la prochaine g\u00e9n\u00e9ration<\/h3><div class=\"menu_as_tiles_details\">  <span class=\"menu_as_tiles_excerpt\">L\u2019ADFC Wiesbaden invite \u00e0 participer \u00e0 la s\u00e9rie color\u00e9e de d\u00e9monstrations \u00e0 v\u00e9lo, qui d\u00e9butera le 3 mai sur le site de Dern pour des routes plus s\u00fbres et une mobilit\u00e9 ais\u00e9e<\/span><\/div><div class=\"menu_as_tiles_button\"><a href=\"\/fr\/kidical-mass-2026-wiesbaden-macht-platz-fuer-die-naechste-generation\/\">Lire la suite<\/a><\/div><div class=\"menu_as_tiles_tag_category_container\"> <div class=\"menu_as_tiles_tag\"><a href=\"\/fr\/tag\/fahrraddemo\/\">D\u00e9monstration de v\u00e9lo<\/a><\/div> <div class=\"menu_as_tiles_tag\"><a href=\"\/fr\/tag\/kidical-mass\/\">Kidical Mass<\/a><\/div> <div class=\"menu_as_tiles_tag\"><a href=\"\/fr\/tag\/politik-verkehr\/\">Politique &amp; Transports<\/a><\/div> <div class=\"menu_as_tiles_tag\"><a href=\"\/fr\/tag\/pressemitteilung\/\">Communiqu\u00e9 de presse<\/a><\/div> <div class=\"menu_as_tiles_tag\"><a href=\"\/fr\/tag\/veranstaltung\/\">\u00e9v\u00e9nement<\/a><\/div><\/div><\/article>\n\n<article class=\"menu_as_tiles_post post\"><div class=\"menu_as_tiles_image\"><a href=\"\/fr\/wiesbaden-waehlt-verkehrspolitik-volles-haus-und-spannendes-format\/\"><img decoding=\"async\" src=\"https:\/\/www.adfc-wiesbaden.de\/wp-content\/uploads\/2026\/02\/2026-02-04_MG_3017_web_4x3_ollo-kessler-700x525.jpg\" class=\"menu_as_tiles_image\" width=\"300\" srcset=\"https:\/\/www.adfc-wiesbaden.de\/wp-content\/uploads\/2026\/02\/2026-02-04_MG_3017_web_4x3_ollo-kessler-700x525.jpg 700w, https:\/\/www.adfc-wiesbaden.de\/wp-content\/uploads\/2026\/02\/2026-02-04_MG_3017_web_4x3_ollo-kessler-1400x1050.jpg 1400w, https:\/\/www.adfc-wiesbaden.de\/wp-content\/uploads\/2026\/02\/2026-02-04_MG_3017_web_4x3_ollo-kessler-200x150.jpg 200w, https:\/\/www.adfc-wiesbaden.de\/wp-content\/uploads\/2026\/02\/2026-02-04_MG_3017_web_4x3_ollo-kessler-768x576.jpg 768w, https:\/\/www.adfc-wiesbaden.de\/wp-content\/uploads\/2026\/02\/2026-02-04_MG_3017_web_4x3_ollo-kessler-1536x1152.jpg 1536w, https:\/\/www.adfc-wiesbaden.de\/wp-content\/uploads\/2026\/02\/2026-02-04_MG_3017_web_4x3_ollo-kessler.jpg 1600w\" sizes=\"auto, (max-width: 700px) 100vw, 700px\" loading=\"lazy\" \/><\/a><\/div><div class=\"menu_as_tiles_date\">06.02.2026<\/div><h3 class=\"menu_as_tiles_title\">Wiesbaden choisit la politique des transports: maison pleine et format passionnant\u00a0<\/h3><div class=\"menu_as_tiles_details\">  <span class=\"menu_as_tiles_excerpt\">L'ar\u00e8ne \u00e9lectorale des 4 associations de mobilit\u00e9 \u00e0 Wiesbaden le 4 f\u00e9vrier a \u00e9t\u00e9 un \u00e9norme succ\u00e8s. Avant les \u00e9lections municipales, il s'agissait de rendre transparentes pour les \u00e9lecteurs les positions des partis en mati\u00e8re de politique des transports.<\/span><\/div><div class=\"menu_as_tiles_button\"><a href=\"\/fr\/wiesbaden-waehlt-verkehrspolitik-volles-haus-und-spannendes-format\/\">Lire la suite<\/a><\/div><div class=\"menu_as_tiles_tag_category_container\"> <div class=\"menu_as_tiles_tag\"><a href=\"\/fr\/tag\/kommunalwahl\/\">\u00c9lections municipales<\/a><\/div> <div class=\"menu_as_tiles_tag\"><a href=\"\/fr\/tag\/politik-verkehr\/\">Politique &amp; Transports<\/a><\/div> <div class=\"menu_as_tiles_tag\"><a href=\"\/fr\/tag\/pressemitteilung\/\">Communiqu\u00e9 de presse<\/a><\/div><\/div><\/article>\n\n<article class=\"menu_as_tiles_post post\"><div class=\"menu_as_tiles_image\"><a href=\"\/fr\/awahl-o-rad-zur-kommunalwahl-in-wiesbaden\/\"><img decoding=\"async\" src=\"https:\/\/www.adfc-wiesbaden.de\/wp-content\/uploads\/2026\/01\/Wahl-O-Rad_Beitragsbild_4x3-700x525.png\" class=\"menu_as_tiles_image\" width=\"300\" srcset=\"https:\/\/www.adfc-wiesbaden.de\/wp-content\/uploads\/2026\/01\/Wahl-O-Rad_Beitragsbild_4x3-700x525.png 700w, https:\/\/www.adfc-wiesbaden.de\/wp-content\/uploads\/2026\/01\/Wahl-O-Rad_Beitragsbild_4x3-1400x1050.png 1400w, https:\/\/www.adfc-wiesbaden.de\/wp-content\/uploads\/2026\/01\/Wahl-O-Rad_Beitragsbild_4x3-200x150.png 200w, https:\/\/www.adfc-wiesbaden.de\/wp-content\/uploads\/2026\/01\/Wahl-O-Rad_Beitragsbild_4x3-768x576.png 768w, https:\/\/www.adfc-wiesbaden.de\/wp-content\/uploads\/2026\/01\/Wahl-O-Rad_Beitragsbild_4x3-1536x1152.png 1536w, https:\/\/www.adfc-wiesbaden.de\/wp-content\/uploads\/2026\/01\/Wahl-O-Rad_Beitragsbild_4x3.png 2000w\" sizes=\"auto, (max-width: 700px) 100vw, 700px\" loading=\"lazy\" \/><\/a><\/div><div class=\"menu_as_tiles_date\">29.01.2026<\/div><h3 class=\"menu_as_tiles_title\">L'ADFC Wiesbaden\/Rheingau-Taunus publie le Wahl-o-Rad pour les \u00e9lections municipales \u00e0 Wiesbaden<\/h3><div class=\"menu_as_tiles_details\">  <span class=\"menu_as_tiles_excerpt\">Le dimanche 15 mars, l'assembl\u00e9e des conseillers municipaux et les conseils locaux seront r\u00e9\u00e9lus \u00e0 Wiesbaden. Afin d'aider \u00e0 la prise de d\u00e9cision et d'avoir un aper\u00e7u des objectifs des parties, l'ADFC a publi\u00e9 son \u00ab Wahl-o-Rad \u00bb interactif pour Wiesbaden.<\/span><\/div><div class=\"menu_as_tiles_button\"><a href=\"\/fr\/awahl-o-rad-zur-kommunalwahl-in-wiesbaden\/\">Lire la suite<\/a><\/div><div class=\"menu_as_tiles_tag_category_container\"> <div class=\"menu_as_tiles_tag\"><a href=\"\/fr\/tag\/kommunalwahl\/\">\u00c9lections municipales<\/a><\/div> <div class=\"menu_as_tiles_tag\"><a href=\"\/fr\/tag\/politik-verkehr\/\">Politique &amp; Transports<\/a><\/div> <div class=\"menu_as_tiles_tag\"><a href=\"\/fr\/tag\/pressemitteilung\/\">Communiqu\u00e9 de presse<\/a><\/div><\/div><\/article>\n\n<article class=\"menu_as_tiles_post post\"><div class=\"menu_as_tiles_image\"><a href=\"\/fr\/adfc-wiesbaden-rheingau-taunus-fordert-woerthstrasse-in-eltville-muss-fuer-den-radverkehr-in-gegenrichtung-offen-bleiben\/\"><img decoding=\"async\" src=\"https:\/\/www.adfc-wiesbaden.de\/wp-content\/uploads\/2026\/01\/Eltville_Woerthstrasse_2-700x525.jpg\" class=\"menu_as_tiles_image\" width=\"300\" srcset=\"https:\/\/www.adfc-wiesbaden.de\/wp-content\/uploads\/2026\/01\/Eltville_Woerthstrasse_2-700x525.jpg 700w, https:\/\/www.adfc-wiesbaden.de\/wp-content\/uploads\/2026\/01\/Eltville_Woerthstrasse_2-1400x1050.jpg 1400w, https:\/\/www.adfc-wiesbaden.de\/wp-content\/uploads\/2026\/01\/Eltville_Woerthstrasse_2-200x150.jpg 200w, https:\/\/www.adfc-wiesbaden.de\/wp-content\/uploads\/2026\/01\/Eltville_Woerthstrasse_2-768x576.jpg 768w, https:\/\/www.adfc-wiesbaden.de\/wp-content\/uploads\/2026\/01\/Eltville_Woerthstrasse_2-1536x1152.jpg 1536w, https:\/\/www.adfc-wiesbaden.de\/wp-content\/uploads\/2026\/01\/Eltville_Woerthstrasse_2-2048x1536.jpg 2048w\" sizes=\"auto, (max-width: 700px) 100vw, 700px\" loading=\"lazy\" \/><\/a><\/div><div class=\"menu_as_tiles_date\">19.01.2026<\/div><h3 class=\"menu_as_tiles_title\">L'ADFC Wiesbaden\/Rheingau-Taunus exige que la W\u00f6rthstra\u00dfe d'Eltville reste ouverte \u00e0 la circulation \u00e0 v\u00e9lo dans la direction oppos\u00e9e<\/h3><div class=\"menu_as_tiles_details\">  <span class=\"menu_as_tiles_excerpt\">L'ADFC Wiesbaden\/Rheingau-Taunus critique l'annulation de la lib\u00e9ration de la W\u00f6rthstra\u00dfe pour la circulation \u00e0 v\u00e9lo dans le sens inverse et demande \u00e0 la ville d'Eltville d'annuler imm\u00e9diatement la mesure.<\/span><\/div><div class=\"menu_as_tiles_button\"><a href=\"\/fr\/adfc-wiesbaden-rheingau-taunus-fordert-woerthstrasse-in-eltville-muss-fuer-den-radverkehr-in-gegenrichtung-offen-bleiben\/\">Lire la suite<\/a><\/div><div class=\"menu_as_tiles_tag_category_container\"> <div class=\"menu_as_tiles_tag\"><a href=\"\/fr\/tag\/politik-verkehr\/\">Politique &amp; Transports<\/a><\/div> <div class=\"menu_as_tiles_tag\"><a href=\"\/fr\/tag\/pressemitteilung\/\">Communiqu\u00e9 de presse<\/a><\/div> <div class=\"menu_as_tiles_tag\"><a href=\"\/fr\/tag\/rheingau\/\">Rheingau<\/a><\/div><\/div><\/article>\n<\/div>\n\n<div class=\"button_container\">\n<div class=\"margin_16-16-8-0\"><a class=\"button-secondary\" href=\"\/fr\/tag\/pressemitteilung\/\" target=\"_blank\" rel=\"noopener\">Voir tous les communiqu\u00e9s de presse<\/a><\/div>\n<\/div>    <\/div>\n<\/div>\n<!-- \/module plain text -->        <\/div>\n                        <\/div>\n        <\/div>\n        <\/div>\n<!--\/themify_builder_content-->\n\n\n<p><\/p>","protected":false},"excerpt":{"rendered":"","protected":false},"author":18,"featured_media":0,"parent":69915,"menu_order":6,"comment_status":"closed","ping_status":"closed","template":"","meta":{"footnotes":""},"tags":[],"class_list":["post-69277","page","type-page","status-publish","hentry","has-post-title","has-post-date","has-post-category","has-post-tag","has-post-comment","has-post-author",""],"builder_content":"<h1>Herzlich Willkommen im Presseportal<\/h1> <p>Journalistinnen und Journalisten finden hier Stellungnahmen, Hintergrundinformationen, Pressefotos und den Kontakt zu unseren Ansprechpartner:innen.<\/p> <h2>Ansprechpartner<\/h2> <p>Der ADFC Wiesbaden\/Rheingau-Taunus e.V. steht den Medien gern f\u00fcr Anfragen zur Verf\u00fcgung.<\/p> <p>Wenden Sie sich bitte an:<\/p> <p>Mich\u00e9le Fleckenstein<br \/>E-Mail: presse@adfc-wiesbaden.de<\/p>\n<h5 style=\"margin-bottom:15px;\">Unsere aktuellsten Pressemitteilungen:<\/h5> [posts_as_tiles category=\"Pressemitteilung\" numberposts=\"4\"]\n<a href=\"\/tag\/pressemitteilung\/\" target=\"_blank\" rel=\"noopener\">Alle Pressemitteilungen anzeigen<\/a>","_links":{"self":[{"href":"https:\/\/www.adfc-wiesbaden.de\/fr\/wp-json\/wp\/v2\/pages\/69277","targetHints":{"allow":["GET"]}}],"collection":[{"href":"https:\/\/www.adfc-wiesbaden.de\/fr\/wp-json\/wp\/v2\/pages"}],"about":[{"href":"https:\/\/www.adfc-wiesbaden.de\/fr\/wp-json\/wp\/v2\/types\/page"}],"author":[{"embeddable":true,"href":"https:\/\/www.adfc-wiesbaden.de\/fr\/wp-json\/wp\/v2\/users\/18"}],"replies":[{"embeddable":true,"href":"https:\/\/www.adfc-wiesbaden.de\/fr\/wp-json\/wp\/v2\/comments?post=69277"}],"version-history":[{"count":27,"href":"https:\/\/www.adfc-wiesbaden.de\/fr\/wp-json\/wp\/v2\/pages\/69277\/revisions"}],"predecessor-version":[{"id":72527,"href":"https:\/\/www.adfc-wiesbaden.de\/fr\/wp-json\/wp\/v2\/pages\/69277\/revisions\/72527"}],"up":[{"embeddable":true,"href":"https:\/\/www.adfc-wiesbaden.de\/fr\/wp-json\/wp\/v2\/pages\/69915"}],"wp:attachment":[{"href":"https:\/\/www.adfc-wiesbaden.de\/fr\/wp-json\/wp\/v2\/media?parent=69277"}],"wp:term":[{"taxonomy":"post_tag","embeddable":true,"href":"https:\/\/www.adfc-wiesbaden.de\/fr\/wp-json\/wp\/v2\/tags?post=69277"}],"curies":[{"name":"wp","href":"https:\/\/api.w.org\/{rel}","templated":true}]}}