{"id":69431,"date":"2025-02-14T21:34:37","date_gmt":"2025-02-14T20:34:37","guid":{"rendered":"https:\/\/www2.adfc-wiesbaden.de\/?page_id=69431"},"modified":"2025-05-17T07:52:13","modified_gmt":"2025-05-17T05:52:13","slug":"die-adfc-mittwochsradler-in-wiesbaden","status":"publish","type":"page","link":"https:\/\/www.adfc-wiesbaden.de\/fr\/radtouren\/die-adfc-mittwochsradler-in-wiesbaden\/","title":{"rendered":"Les v\u00e9los ADFC du mercredi \u00e0 Wiesbaden"},"content":{"rendered":"<!--themify_builder_content-->\n<div id=\"themify_builder_content-69431\" data-postid=\"69431\" class=\"themify_builder_content themify_builder_content-69431 themify_builder tf_clear\">\n                    <div  data-lazy=\"1\" class=\"module_row themify_builder_row tb_fuip376 tb_first tf_w\">\n                        <div class=\"row_inner col_align_top tb_col_count_1 tf_box tf_rel\">\n                        <div  data-lazy=\"1\" class=\"module_column tb-column col-full tb_rup4376 first\">\n                    <!-- module image -->\n<div  class=\"module module-image tb_oeuh376 image-top   tf_mw\" data-lazy=\"1\">\n        <div class=\"image-wrap tf_rel tf_mw\">\n            <img loading=\"lazy\" decoding=\"async\" width=\"2560\" height=\"1441\" src=\"https:\/\/www.adfc-wiesbaden.de\/wp-content\/uploads\/2025\/04\/20250409_Mittwochsradler-Bertramstrasse_Zuschnitt_Lukas-Fleckenstein-scaled.jpg\" class=\"wp-post-image wp-image-71992\" title=\"20250409_Route de Bertram du mercredi_D\u00e9coupe _Lukas Fleckenstein\" alt=\"Un groupe de cyclistes dans la ville qui attendent \u00e0 un feu de circulation\" srcset=\"https:\/\/www.adfc-wiesbaden.de\/wp-content\/uploads\/2025\/04\/20250409_Mittwochsradler-Bertramstrasse_Zuschnitt_Lukas-Fleckenstein-scaled.jpg 2560w, https:\/\/www.adfc-wiesbaden.de\/wp-content\/uploads\/2025\/04\/20250409_Mittwochsradler-Bertramstrasse_Zuschnitt_Lukas-Fleckenstein-700x394.jpg 700w, https:\/\/www.adfc-wiesbaden.de\/wp-content\/uploads\/2025\/04\/20250409_Mittwochsradler-Bertramstrasse_Zuschnitt_Lukas-Fleckenstein-1400x788.jpg 1400w, https:\/\/www.adfc-wiesbaden.de\/wp-content\/uploads\/2025\/04\/20250409_Mittwochsradler-Bertramstrasse_Zuschnitt_Lukas-Fleckenstein-200x113.jpg 200w, https:\/\/www.adfc-wiesbaden.de\/wp-content\/uploads\/2025\/04\/20250409_Mittwochsradler-Bertramstrasse_Zuschnitt_Lukas-Fleckenstein-768x432.jpg 768w, https:\/\/www.adfc-wiesbaden.de\/wp-content\/uploads\/2025\/04\/20250409_Mittwochsradler-Bertramstrasse_Zuschnitt_Lukas-Fleckenstein-1536x864.jpg 1536w, https:\/\/www.adfc-wiesbaden.de\/wp-content\/uploads\/2025\/04\/20250409_Mittwochsradler-Bertramstrasse_Zuschnitt_Lukas-Fleckenstein-2048x1153.jpg 2048w\" sizes=\"auto, (max-width: 2560px) 100vw, 2560px\" \/>    \n        <\/div>\n    <!-- \/image-wrap -->\n    \n        <\/div>\n<!-- \/module image -->        <div  data-lazy=\"1\" class=\"module_subrow themify_builder_sub_row tf_w col_align_top tb_col_count_3 tb_rzxv376\">\n                <div  data-lazy=\"1\" class=\"module_column sub_column col3-1 tb_9fe9376 first\">\n                    <!-- module image -->\n<div  class=\"module module-image tb_3pvk849 image-center   tf_mw\" data-lazy=\"1\">\n        <div class=\"image-wrap tf_rel tf_mw\">\n            <img decoding=\"async\" src=\"\/wp-content\/uploads\/2025\/02\/Dreieck_Orange.png\" width=\"44\" title=\"Les v\u00e9los ADFC du mercredi \u00e0 Wiesbaden\" alt=\"Les v\u00e9los ADFC du mercredi \u00e0 Wiesbaden\">    \n        <\/div>\n    <!-- \/image-wrap -->\n    \n        <\/div>\n<!-- \/module image -->        <\/div>\n                    <div  data-lazy=\"1\" class=\"module_column sub_column col3-1 tb_royb376\">\n                            <\/div>\n                    <div  data-lazy=\"1\" class=\"module_column sub_column col3-1 tb_j6ht376 last\">\n                            <\/div>\n                    <\/div>\n        <!-- module plain text -->\n<div  class=\"module module-plain-text tb_889e376 bild_header_h1 adfc_orange tb_gs4151609\" data-lazy=\"1\">\n        <div class=\"tb_text_wrap\">\n    <span style=\"font-size:28px; line-height:34px;\" >Tours de fin de journ\u00e9e avec les cyclistes du mercredi<\/span><span style=\"float:right;font-size:14px; line-height:34px;margin-right:5px;\">\u00a9 Lukas Fleckenstein<\/span>    <\/div>\n<\/div>\n<!-- \/module plain text -->        <\/div>\n                        <\/div>\n        <\/div>\n                        <div  data-lazy=\"1\" class=\"module_row themify_builder_row tb_kp6l556 tf_w\">\n                        <div class=\"row_inner col_align_top tb_col_count_1 tf_box tf_rel\">\n                        <div  data-lazy=\"1\" class=\"module_column tb-column col-full tb_757k556 first\">\n                    <!-- module text -->\n<div  class=\"module module-text tb_dzgl486    tb_gs678604\" data-lazy=\"1\">\n        <div  class=\"tb_text_wrap\">\n        <h1>Les v\u00e9los ADFC du mercredi \u00e0 Wiesbaden<\/h1>    <\/div>\n<\/div>\n<!-- \/module text -->        <\/div>\n                        <\/div>\n        <\/div>\n                        <div  data-lazy=\"1\" class=\"module_row themify_builder_row tb_3e2x50 tf_w\">\n                        <div class=\"row_inner col_align_top tb_col_count_2 tf_box tf_rel\">\n                        <div  data-lazy=\"1\" class=\"module_column tb-column col4-2 tb_gecn50 first\">\n                    <!-- module text -->\n<div  class=\"module module-text tb_83sk100    tb_gs678604\" data-lazy=\"1\">\n        <div  class=\"tb_text_wrap\">\n        <h5>Excursions hebdomadaires en fin de journ\u00e9e d'avril \u00e0 octobre<\/h5>\n<p>D'avril \u00e0 octobre, l'ADFC Wiesbaden organise chaque mercredi sa visite de fin de journ\u00e9e pour tous les membres de l'ADFC qui souhaitent profiter de leur fin de journ\u00e9e bien m\u00e9rit\u00e9e avec d'autres personnes \u00e0 v\u00e9lo. Ces excursions en fin de journ\u00e9e des \u00ab cyclistes du mercredi \u00bb sont des visites guid\u00e9es et durent environ 3 heures (repas compris).<\/p>\n<p><b>D\u00e9part: Mer, 17h30 (en Octobre. 16h30) au Schillerdenkmal (Warmer Damm) derri\u00e8re le Staatstheater.<\/b><\/p>\n<p><b>Les visites du mercredi sont exclusives aux membres de l'ADFC. Vous pouvez essayer \u00e0 tout moment \u2013 en cas de participation r\u00e9guli\u00e8re, l\u2019adh\u00e9sion \u00e0 l\u2019ADFC est une condition pr\u00e9alable \u00e0 la participation.<\/b><\/p>\n<p>Les sorties en fin de journ\u00e9e sont g\u00e9n\u00e9ralement organis\u00e9es tous les mercredis par un autre membre de l'ADFC. La destination du tour d\u00e9termine g\u00e9n\u00e9ralement la direction du tour.<\/p>\n<p>En r\u00e8gle g\u00e9n\u00e9rale, environ 25 \u00e0 30 kilom\u00e8tres sont parcourus un mercredi. Tout d\u00e9pend du parcours et de l'objectif. Cela signifie que tous les participants doivent avoir une condition de base ou un v\u00e9lo avec au moins 7 ou 21 vitesses.<\/p>\n<p>Il est conduit \u00e0 un rythme normal et pas trop \u00e9lev\u00e9. En cas de mont\u00e9es plus importantes, le groupe attendra ensemble jusqu'\u00e0 ce que tous les participants soient relev\u00e9s et r\u00e9unis. Pendant le trajet, il y a suffisamment de pauses pour boire.<\/p>\n<p>Apr\u00e8s le retour, le groupe retourne \u00e9galement ensemble en direction de Wiesbaden. Cependant, pas au point de d\u00e9part \"Schillerdenkmal\" mais chacun part l\u00e0 o\u00f9 il habite ou o\u00f9 le chemin du retour est le plus court pour lui.<\/p>\n<h2>Les conditions de participation \u00e0 une tourn\u00e9e de f\u00eate de l'ADFC<\/h2>\n<p>Seuls ceux qui am\u00e8nent un v\u00e9lo sans danger pour la circulation peuvent participer au tour. La lumi\u00e8re, les freins et la sonnette doivent absolument fonctionner. Il est recommand\u00e9 d'avoir toujours un tuyau de rechange appropri\u00e9, des v\u00eatements de pluie et une bouteille d'eau avec vous.<\/p>\n<p>Chaque participant doit respecter les r\u00e8gles de circulation et rouler \u00e0 ses risques et p\u00e9rils.<\/p>\n<p>Toute personne qui ne respecte pas les r\u00e8gles de la circulation pendant le tour ou qui se fait remarquer d'une autre mani\u00e8re et qui met peut-\u00eatre en danger d'autres passagers peut \u00eatre exclue du tour par la direction du tour.<\/p>    <\/div>\n<\/div>\n<!-- \/module text -->        <\/div>\n                    <div  data-lazy=\"1\" class=\"module_column tb-column col4-2 tb_jgdb583 last\">\n                    <!-- module box -->\n<div  class=\"module module-box tb_n5bs583  tb_gs678604\" data-lazy=\"1\">\n    <div class=\"module-box-content ui  tb_default_color\">\n                <div class=\"tb_text_wrap\"><div class=\"tb_layout_part_wrap tf_w\"><!--themify_builder_content-->\n    <div  class=\"themify_builder_content themify_builder_content-69641 themify_builder not_editable_builder in_the_loop\" data-postid=\"69641\">\n                        <div  data-lazy=\"1\" class=\"module_row themify_builder_row blue_right_menu_box tb_pon9441 tf_w\">\n                        <div class=\"row_inner col_align_top tb_col_count_1 tf_box tf_rel\">\n                        <div  data-lazy=\"1\" class=\"module_column tb-column col-full tb_imf9000 first\">\n                    <!-- module text -->\n<div  class=\"module module-text tb_ozup006\" data-lazy=\"1\">\n        <div  class=\"tb_text_wrap\">\n        <h2>Autres liens<\/h2>    <\/div>\n<\/div>\n<!-- \/module text --><!-- module buttons -->\n<div  class=\"module module-buttons tb_7dgc555 buttons-horizontal transparent\" data-lazy=\"1\">\n        <div class=\"module-buttons-item tf_in_flx\">\n                        <a href=\"https:\/\/www.adfc-wiesbaden.de\/fr\/radtouren\/adfc-rennradgruppe\/\" class=\"ui builder_button tf_in_flx tb_default_color\" >\n                                    <em><svg  class=\"tf_fa tf-ti-new-window\" xmlns:xlink=\"http:\/\/www.w3.org\/1999\/xlink\" aria-hidden=\"true\"><use href=\"#tf-ti-new-window\" xlink:href=\"#tf-ti-new-window\"><\/use><\/svg><\/em>                                        Groupe de v\u00e9los de route                                        <\/a>\n                <\/div>\n            <\/div>\n<!-- \/module buttons -->\n        <div  data-lazy=\"1\" class=\"module_subrow themify_builder_sub_row tf_w col_align_top tb_col_count_1 tb_it7n050\">\n                <div  data-lazy=\"1\" class=\"module_column sub_column col-full tb_umat066 first\">\n                    <!-- module divider -->\n<div  class=\"module tf_mw module-divider tb_vly7050 solid\" style=\"border-width: 1px;border-color: #ffffff;margin-top: 1px;margin-bottom: 1px;\" data-lazy=\"1\">\n    <\/div>\n<!-- \/module divider -->\n        <\/div>\n                    <\/div>\n        <!-- module buttons -->\n<div  class=\"module module-buttons tb_qhca060 buttons-horizontal transparent\" data-lazy=\"1\">\n        <div class=\"module-buttons-item tf_in_flx\">\n                        <a href=\"https:\/\/www.adfc-wiesbaden.de\/fr\/radtouren\/die-adfc-mittwochsradler-in-wiesbaden\/\" class=\"ui builder_button tf_in_flx tb_default_color\" >\n                                    <em><svg  class=\"tf_fa tf-ti-new-window\" xmlns:xlink=\"http:\/\/www.w3.org\/1999\/xlink\" aria-hidden=\"true\"><use href=\"#tf-ti-new-window\" xlink:href=\"#tf-ti-new-window\"><\/use><\/svg><\/em>                                        Randonn\u00e9e du mercredi                                        <\/a>\n                <\/div>\n            <\/div>\n<!-- \/module buttons -->\n        <div  data-lazy=\"1\" class=\"module_subrow themify_builder_sub_row tf_w col_align_top tb_col_count_1 tb_625t600\">\n                <div  data-lazy=\"1\" class=\"module_column sub_column col-full tb_fr90130 first\">\n                    <!-- module divider -->\n<div  class=\"module tf_mw module-divider tb_s4pu150 solid\" style=\"border-width: 1px;border-color: #ffffff;margin-top: 1px;margin-bottom: 1px;\" data-lazy=\"1\">\n    <\/div>\n<!-- \/module divider -->\n        <\/div>\n                    <\/div>\n        <!-- module buttons -->\n<div  class=\"module module-buttons tb_e0xb166 buttons-horizontal transparent\" data-lazy=\"1\">\n        <div class=\"module-buttons-item tf_in_flx\">\n                        <a href=\"\/fr\/tag\/radtourenbericht\/\" class=\"ui builder_button tf_in_flx tb_default_color\" >\n                                    <em><svg  class=\"tf_fa tf-ti-new-window\" xmlns:xlink=\"http:\/\/www.w3.org\/1999\/xlink\" aria-hidden=\"true\"><use href=\"#tf-ti-new-window\" xlink:href=\"#tf-ti-new-window\"><\/use><\/svg><\/em>                                        Rapports de cyclotourisme                                        <\/a>\n                <\/div>\n            <\/div>\n<!-- \/module buttons -->\n        <div  data-lazy=\"1\" class=\"module_subrow themify_builder_sub_row tf_w col_align_top tb_col_count_1 tb_gd7v606\">\n                <div  data-lazy=\"1\" class=\"module_column sub_column col-full tb_owtx005 first\">\n                    <!-- module divider -->\n<div  class=\"module tf_mw module-divider tb_w7u6006 solid\" style=\"border-width: 1px;border-color: #ffffff;margin-top: 1px;margin-bottom: 1px;\" data-lazy=\"1\">\n    <\/div>\n<!-- \/module divider -->\n        <\/div>\n                    <\/div>\n        <!-- module buttons -->\n<div  class=\"module module-buttons tb_n5xl376 buttons-horizontal transparent\" data-lazy=\"1\">\n        <div class=\"module-buttons-item tf_in_flx\">\n                        <a href=\"\/fr\/tourenprogramm\/\" class=\"ui builder_button tf_in_flx tb_default_color\" >\n                                    <em><svg  class=\"tf_fa tf-ti-new-window\" xmlns:xlink=\"http:\/\/www.w3.org\/1999\/xlink\" aria-hidden=\"true\"><use href=\"#tf-ti-new-window\" xlink:href=\"#tf-ti-new-window\"><\/use><\/svg><\/em>                                        Programme de cyclotourisme                                        <\/a>\n                <\/div>\n            <\/div>\n<!-- \/module buttons -->\n        <div  data-lazy=\"1\" class=\"module_subrow themify_builder_sub_row tf_w col_align_top tb_col_count_1 tb_jzkx459\">\n                <div  data-lazy=\"1\" class=\"module_column sub_column col-full tb_g1gs459 first\">\n                    <!-- module divider -->\n<div  class=\"module tf_mw module-divider tb_qhro459 solid\" style=\"border-width: 1px;border-color: #ffffff;margin-top: 1px;margin-bottom: 1px;\" data-lazy=\"1\">\n    <\/div>\n<!-- \/module divider -->\n        <\/div>\n                    <\/div>\n        <!-- module buttons -->\n<div  class=\"module module-buttons tb_nvai813 buttons-horizontal transparent\" data-lazy=\"1\">\n        <div class=\"module-buttons-item tf_in_flx\">\n                        <a href=\"https:\/\/www.adfc-wiesbaden.de\/fr\/tourenprogramm-als-pdf\/\" class=\"ui builder_button tf_in_flx tb_default_color\" >\n                                    <em><svg  class=\"tf_fa tf-ti-new-window\" xmlns:xlink=\"http:\/\/www.w3.org\/1999\/xlink\" aria-hidden=\"true\"><use href=\"#tf-ti-new-window\" xlink:href=\"#tf-ti-new-window\"><\/use><\/svg><\/em>                                        Programme de cyclotourisme au format PDF                                        <\/a>\n                <\/div>\n            <\/div>\n<!-- \/module buttons -->\n        <div  data-lazy=\"1\" class=\"module_subrow themify_builder_sub_row tf_w col_align_top tb_col_count_1 tb_ww1w469\">\n                <div  data-lazy=\"1\" class=\"module_column sub_column col-full tb_xm56469 first\">\n                    <!-- module divider -->\n<div  class=\"module tf_mw module-divider tb_gdt0469 solid\" style=\"border-width: 1px;border-color: #ffffff;margin-top: 1px;margin-bottom: 1px;\" data-lazy=\"1\">\n    <\/div>\n<!-- \/module divider -->\n        <\/div>\n                    <\/div>\n        <!-- module buttons -->\n<div  class=\"module module-buttons tb_367r972 buttons-horizontal transparent\" data-lazy=\"1\">\n        <div class=\"module-buttons-item tf_in_flx\">\n                        <a href=\"https:\/\/www.adfc-wiesbaden.de\/fr\/radtouren\/tourenprogramm\/teilnahmebedingungen\/\" class=\"ui builder_button tf_in_flx tb_default_color\" >\n                                    <em><svg  class=\"tf_fa tf-ti-new-window\" xmlns:xlink=\"http:\/\/www.w3.org\/1999\/xlink\" aria-hidden=\"true\"><use href=\"#tf-ti-new-window\" xlink:href=\"#tf-ti-new-window\"><\/use><\/svg><\/em>                                        Conditions de participation Tours \u00e0 v\u00e9lo                                        <\/a>\n                <\/div>\n            <\/div>\n<!-- \/module buttons -->\n        <div  data-lazy=\"1\" class=\"module_subrow themify_builder_sub_row tf_w col_align_top tb_col_count_1 tb_nrr0578\">\n                <div  data-lazy=\"1\" class=\"module_column sub_column col-full tb_6fo6578 first\">\n                    <!-- module divider -->\n<div  class=\"module tf_mw module-divider tb_yoja578 solid\" style=\"border-width: 1px;border-color: #ffffff;margin-top: 1px;margin-bottom: 1px;\" data-lazy=\"1\">\n    <\/div>\n<!-- \/module divider -->\n        <\/div>\n                    <\/div>\n                <\/div>\n                        <\/div>\n        <\/div>\n            <\/div>\n<!--\/themify_builder_content--><\/div>\n<\/div>\n    <\/div>\n<\/div>\n<!-- \/module box -->\n        <\/div>\n                        <\/div>\n        <\/div>\n        <\/div>\n<!--\/themify_builder_content-->\n\n\n<p><\/p>","protected":false},"excerpt":{"rendered":"<p><b>Excursions hebdomadaires en fin de journ\u00e9e d'avril \u00e0 octobre<\/b><\/p>\n<p>D\u00e9part: MI, 17h30 (en oct. 16h30) au Schillerdenkmal (Warmer Damm) derri\u00e8re le Staatstheater.<\/p>","protected":false},"author":18,"featured_media":69681,"parent":69427,"menu_order":12,"comment_status":"closed","ping_status":"closed","template":"","meta":{"footnotes":""},"tags":[761,206],"class_list":["post-69431","page","type-page","status-publish","has-post-thumbnail","hentry","tag-mittwochsradler","tag-radtouren","has-post-title","has-post-date","has-post-category","has-post-tag","has-post-comment","has-post-author",""],"builder_content":"<img src=\"https:\/\/www.adfc-wiesbaden.de\/wp-content\/uploads\/2025\/04\/20250409_Mittwochsradler-Bertramstrasse_Zuschnitt_Lukas-Fleckenstein-scaled.jpg\" title=\"20250409_Mittwochsradler-Bertramstra\u00dfe_Zuschnitt_Lukas Fleckenstein\" alt=\"Eine Gruppe Radfahrende in der Stadt, die an einer Ampel warten\" srcset=\"https:\/\/www.adfc-wiesbaden.de\/wp-content\/uploads\/2025\/04\/20250409_Mittwochsradler-Bertramstrasse_Zuschnitt_Lukas-Fleckenstein-scaled.jpg 2560w, https:\/\/www.adfc-wiesbaden.de\/wp-content\/uploads\/2025\/04\/20250409_Mittwochsradler-Bertramstrasse_Zuschnitt_Lukas-Fleckenstein-700x394.jpg 700w, https:\/\/www.adfc-wiesbaden.de\/wp-content\/uploads\/2025\/04\/20250409_Mittwochsradler-Bertramstrasse_Zuschnitt_Lukas-Fleckenstein-1400x788.jpg 1400w, https:\/\/www.adfc-wiesbaden.de\/wp-content\/uploads\/2025\/04\/20250409_Mittwochsradler-Bertramstrasse_Zuschnitt_Lukas-Fleckenstein-200x113.jpg 200w, https:\/\/www.adfc-wiesbaden.de\/wp-content\/uploads\/2025\/04\/20250409_Mittwochsradler-Bertramstrasse_Zuschnitt_Lukas-Fleckenstein-768x432.jpg 768w, https:\/\/www.adfc-wiesbaden.de\/wp-content\/uploads\/2025\/04\/20250409_Mittwochsradler-Bertramstrasse_Zuschnitt_Lukas-Fleckenstein-1536x864.jpg 1536w, https:\/\/www.adfc-wiesbaden.de\/wp-content\/uploads\/2025\/04\/20250409_Mittwochsradler-Bertramstrasse_Zuschnitt_Lukas-Fleckenstein-2048x1153.jpg 2048w\" sizes=\"(max-width: 2560px) 100vw, 2560px\" \/>\n<img src=\"\/wp-content\/uploads\/2025\/02\/Dreieck_Orange.png\" width=\"44\" title=\"Die ADFC-Mittwochsradler in Wiesbaden\" alt=\"Die ADFC-Mittwochsradler in Wiesbaden\">\nFeierabendtouren mit den Mittwochsradlern&copy; Lukas Fleckenstein\n<h1>Die ADFC-Mittwochsradler in Wiesbaden<\/h1>\n<h5>W\u00f6chentliche Feierabendtouren von April bis Oktober<\/h5> <p>Von April bis Oktober veranstaltet der ADFC Wiesbaden jeden Mittwoch seine Feierabendtour f\u00fcr alle ADFC-Mitglieder, die gerne zusammen mit anderen auf dem Fahrrad ihren verdienten Feierabend genie\u00dfen wollen. Diese Feierabendtouren der \u00bbMittwochsradler\u00ab sind gef\u00fchrte Touren und dauern ca. 3 Stunden (inkl. Einkehr).<\/p> <p><b>Start: Mi, 17.30 Uhr (im Okt. 16.30 Uhr) am Schillerdenkmal (Warmer Damm) hinter dem Staatstheater.<\/b><\/p> <p><b>Die Mittwochstouren sind exklusiv f\u00fcr ADFC-Mitglieder. Schnuppern kann jede\/r mal - bei regelm\u00e4\u00dfiger Teilnahme ist die ADFC-Mitgliedschaft Voraussetzung f\u00fcrs Mitfahren.<\/b><\/p> <p>Die Feierabendtouren werden in der Regel jeden Mittwoch von einem anderen ADFC-Mitglied gef\u00fchrt. Das Touren-Ziel bestimmt in der Regel die Tourenleitung.<\/p> <p>In der Regel werden an einem Mittwoch etwa 25 bis 30 Kilometer gefahren. Das h\u00e4ngt ganz von der Strecke und dem Ziel ab. Das bedeutet, dass alle Teilnehmer eine Grundkondition haben sollten bzw. ein Fahrrad mit mindestens 7 oder 21 G\u00e4ngen.<\/p> <p>Es wird mit normalem und nicht zu hohem Tempo gefahren. Bei gr\u00f6\u00dferen Anstiegen wartet die Gruppe gemeinsam, bis alle Teilnehmer aufger\u00fcckt und wieder beisammen sind. W\u00e4hrend der Fahrt werden ausreichend Trinkpausen gemacht.<\/p> <p>Nach der Einkehr f\u00e4hrt die Gruppe auch gemeinsam wieder in Richtung Wiesbaden zur\u00fcck. Allerdings nicht zum Ausgangspunkt \u00bbSchillerdenkmal\u00ab sondern jeder f\u00e4hrt da ab, wo er wohnt bzw. wo der Heimweg f\u00fcr ihn am k\u00fcrzesten ist.<\/p> <h2>Die Teilnahmebedingungen an einer ADFC-Feierabendtour<\/h2> <p>Teilnehmen kann nur, wer ein verkehrssicheres Fahrrad zur Tour mitbringt. Licht, Bremsen und die Klingel sollten unbedingt funktionieren. Es empfiehlt sich, immer einen passenden Ersatzschlauch, Regenkleidung und eine Trinkflasche dabei zu haben.<\/p> <p>Jeder Teilnehmer muss sich an die Verkehrsregeln halten und f\u00e4hrt auf eigene Gefahr.<\/p> <p>Wer sich w\u00e4hrend der Tour nicht an die Verkehrsregeln h\u00e4lt oder sonst auff\u00e4llig wird und vielleicht dadurch andere Mitfahrer gef\u00e4hrdet, kann von der Tour von der Tourenleitung ausgeschlossen werden.<\/p>\n<p>[themify_layout_part id=\"69641\"]<\/p>","_links":{"self":[{"href":"https:\/\/www.adfc-wiesbaden.de\/fr\/wp-json\/wp\/v2\/pages\/69431","targetHints":{"allow":["GET"]}}],"collection":[{"href":"https:\/\/www.adfc-wiesbaden.de\/fr\/wp-json\/wp\/v2\/pages"}],"about":[{"href":"https:\/\/www.adfc-wiesbaden.de\/fr\/wp-json\/wp\/v2\/types\/page"}],"author":[{"embeddable":true,"href":"https:\/\/www.adfc-wiesbaden.de\/fr\/wp-json\/wp\/v2\/users\/18"}],"replies":[{"embeddable":true,"href":"https:\/\/www.adfc-wiesbaden.de\/fr\/wp-json\/wp\/v2\/comments?post=69431"}],"version-history":[{"count":62,"href":"https:\/\/www.adfc-wiesbaden.de\/fr\/wp-json\/wp\/v2\/pages\/69431\/revisions"}],"predecessor-version":[{"id":72508,"href":"https:\/\/www.adfc-wiesbaden.de\/fr\/wp-json\/wp\/v2\/pages\/69431\/revisions\/72508"}],"up":[{"embeddable":true,"href":"https:\/\/www.adfc-wiesbaden.de\/fr\/wp-json\/wp\/v2\/pages\/69427"}],"wp:featuredmedia":[{"embeddable":true,"href":"https:\/\/www.adfc-wiesbaden.de\/fr\/wp-json\/wp\/v2\/media\/69681"}],"wp:attachment":[{"href":"https:\/\/www.adfc-wiesbaden.de\/fr\/wp-json\/wp\/v2\/media?parent=69431"}],"wp:term":[{"taxonomy":"post_tag","embeddable":true,"href":"https:\/\/www.adfc-wiesbaden.de\/fr\/wp-json\/wp\/v2\/tags?post=69431"}],"curies":[{"name":"wp","href":"https:\/\/api.w.org\/{rel}","templated":true}]}}