{"id":69440,"date":"2025-02-14T21:38:20","date_gmt":"2025-02-14T20:38:20","guid":{"rendered":"https:\/\/www2.adfc-wiesbaden.de\/?page_id=69440"},"modified":"2025-05-17T07:52:04","modified_gmt":"2025-05-17T05:52:04","slug":"adfc-rennradgruppe","status":"publish","type":"page","link":"https:\/\/www.adfc-wiesbaden.de\/fr\/radtouren\/adfc-rennradgruppe\/","title":{"rendered":"Groupe de v\u00e9los de route ADFC"},"content":{"rendered":"<!--themify_builder_content-->\n<div id=\"themify_builder_content-69440\" data-postid=\"69440\" class=\"themify_builder_content themify_builder_content-69440 themify_builder tf_clear\">\n                    <div  data-lazy=\"1\" class=\"module_row themify_builder_row tb_31ds282 tb_first tf_w\">\n                        <div class=\"row_inner col_align_top tb_col_count_1 tf_box tf_rel\">\n                        <div  data-lazy=\"1\" class=\"module_column tb-column col-full tb_qe3j282 first\">\n                    <!-- module image -->\n<div  class=\"module module-image tb_tffq282 image-top   tf_mw\" data-lazy=\"1\">\n        <div class=\"image-wrap tf_rel tf_mw\">\n            <img decoding=\"async\" src=\"\/wp-content\/uploads\/2025\/02\/ennradgruppe_2_w1600.webp\" title=\"Groupe de v\u00e9los de route ADFC\" alt=\"Groupe de v\u00e9los de route ADFC\">    \n        <\/div>\n    <!-- \/image-wrap -->\n    \n        <\/div>\n<!-- \/module image -->        <div  data-lazy=\"1\" class=\"module_subrow themify_builder_sub_row tf_w col_align_top tb_col_count_3 tb_4b00282\">\n                <div  data-lazy=\"1\" class=\"module_column sub_column col3-1 tb_z7r0282 first\">\n                    <!-- module image -->\n<div  class=\"module module-image tb_olyz282 image-center   tf_mw\" data-lazy=\"1\">\n        <div class=\"image-wrap tf_rel tf_mw\">\n            <img decoding=\"async\" src=\"\/wp-content\/uploads\/2025\/02\/Dreieck_Orange.png\" width=\"44\" title=\"Groupe de v\u00e9los de route ADFC\" alt=\"Groupe de v\u00e9los de route ADFC\">    \n        <\/div>\n    <!-- \/image-wrap -->\n    \n        <\/div>\n<!-- \/module image -->        <\/div>\n                    <div  data-lazy=\"1\" class=\"module_column sub_column col3-1 tb_z2iv282\">\n                            <\/div>\n                    <div  data-lazy=\"1\" class=\"module_column sub_column col3-1 tb_u5bq282 last\">\n                            <\/div>\n                    <\/div>\n        <!-- module plain text -->\n<div  class=\"module module-plain-text tb_t527282 bild_header_h1 adfc_orange tb_gs4151609\" data-lazy=\"1\">\n        <div class=\"tb_text_wrap\">\n    <span style=\"font-size:28px; line-height:34px;\" >Groupe de v\u00e9los de route<\/span><span style=\"float:right;font-size:14px; line-height:34px;margin-right:5px;\">\u00a9 Ansgar Schiffler <\/span>    <\/div>\n<\/div>\n<!-- \/module plain text -->        <\/div>\n                        <\/div>\n        <\/div>\n                        <div  data-lazy=\"1\" class=\"module_row themify_builder_row tb_5se3623 tf_w\">\n                        <div class=\"row_inner col_align_top tb_col_count_1 tf_box tf_rel\">\n                        <div  data-lazy=\"1\" class=\"module_column tb-column col-full tb_q1la623 first\">\n                    <!-- module text -->\n<div  class=\"module module-text tb_ugre579\" data-lazy=\"1\">\n        <div  class=\"tb_text_wrap\">\n        <h1 class=\"\">Groupe de v\u00e9los de route ADFC<\/h1>    <\/div>\n<\/div>\n<!-- \/module text -->        <\/div>\n                        <\/div>\n        <\/div>\n                        <div  data-lazy=\"1\" class=\"module_row themify_builder_row tb_8qf0372 tf_w\">\n                        <div class=\"row_inner col_align_top tb_col_count_2 tf_box tf_rel\">\n                        <div  data-lazy=\"1\" class=\"module_column tb-column col4-2 tb_olh5372 first\">\n                    <!-- module text -->\n<div  class=\"module module-text tb_763t663\" data-lazy=\"1\">\n        <div  class=\"tb_text_wrap\">\n        <p><b>Depuis 2014, il existe dans notre cercle ADFC un groupe de v\u00e9los de route qui se r\u00e9unit r\u00e9guli\u00e8rement pour des sorties. Au sein de l'ADFC, un groupe de v\u00e9los de route est toujours sp\u00e9cial. Notre initiative de Wiesbaden est jusqu'\u00e0 pr\u00e9sent la seule en Hesse.<\/b><\/p>\n<h2>Rencontre r\u00e9guli\u00e8re de v\u00e9los de route sur les rives du Rhin Biebricher<\/h2>\n<p>Le groupe de v\u00e9los de route se r\u00e9unit:<\/p>\n<p style=\"text-align: left;\"><strong>En \u00e9t\u00e9, en r\u00e8gle g\u00e9n\u00e9rale, 1 \u00e0 2 fois par semaine sur les rives du Rhin \u00e0 Biebrich (au KD-Anleger\/Pegelturm). Les rendez-vous et les itin\u00e9raires sont distribu\u00e9s \u00e0 l'avance par e-mail.<\/strong><\/p>\n<p>Le lieu de d\u00e9part sur le Rhin a \u00e9galement \u00e9t\u00e9 choisi pour impliquer les amateurs de v\u00e9lo de route de Mayence. En r\u00e8gle g\u00e9n\u00e9rale, 40 \u00e0 70 kilom\u00e8tres sont parcourus lors des sorties de fin de journ\u00e9e. Les pistes sont principalement plates et les pentes plus grandes sont \u00e9vit\u00e9es. Le rythme est mod\u00e9r\u00e9 et convient \u00e9galement aux d\u00e9butants en v\u00e9lo de route. Il s'agit de s'amuser sur des roues rapides, pas de comp\u00e9tition. Les destinations populaires sont le Rheingau, le Ried, la Hesse rh\u00e9nane et le \u00abL\u00e4ndchen\u00bb de Wiesbaden.<\/p>\n<p>Pendant les week-ends, des excursions \u00e0 v\u00e9lo de route plus longues sont organis\u00e9es occasionnellement pendant le semestre d'\u00e9t\u00e9. D'une part, nous proposons nos propres visites guid\u00e9es par des personnes actives du groupe de v\u00e9los de route. D'autre part, nous aimons aussi participer aux randonn\u00e9es \u00e0 v\u00e9lo (RTF) et aux marathons cyclistes des clubs de cyclisme.<\/p>\n<p style=\"text-align: left;\"><strong>Pendant le semestre d'hiver (dans des conditions m\u00e9t\u00e9orologiques appropri\u00e9es), de petits tours \u00e0 v\u00e9lo de route sont effectu\u00e9s<br \/>D\u00e9part: Rive du Rhin Biebricher (\u00e0 l'embarcad\u00e8re KD\/tour de niveau)<br \/><\/strong><\/p>\n<p>Il n'y a pas de v\u00e9ritable pause saisonni\u00e8re.<\/p>\n<h3>Contact :<\/h3>\n<p>Toute personne int\u00e9ress\u00e9e par le groupe de v\u00e9los de route peut s'inscrire dans notre liste de diffusion par e-mail.<br \/>Il suffit d'envoyer un e-mail \u00e0:<br \/><strong>Courriel:\u00a0 <a href=\"\/fr\/&\/#x6d;&#97;i&#x6c;&#116;o&#x3a;&#114;e&#x6e;&#110;r&#x61;&#100;\u200d&#64;&#x61;&#x64;&#102;&#x63;&#x2d;&#119;&#x69;&#x65;&#115;b&#x61;&#100;e&#x6e;&#46;d&#x65;\">rennrad\u200d(at)adfc-wiesbaden.de<\/a><\/strong><\/p>\n<p>Ce distributeur vous informera \u00e0 l'avance de chaque visite. De plus amples informations sur les offres de v\u00e9los de route de l'ADFC peuvent \u00eatre obtenues par t\u00e9l\u00e9phone \u00e0 l'adresse suivante: <strong>Thomas Fuchs (t\u00e9l. 0160\/94837314).<\/strong><\/p>\n<h2>Rencontre r\u00e9guli\u00e8re de v\u00e9los de route \u00e0 Mayence au Fort Malakoff<\/h2>\n<p>Depuis 2019, il y a un deuxi\u00e8me rendez-vous cycliste:<\/p>\n<p style=\"text-align: left;\"><strong> Pendant l'heure d'\u00e9t\u00e9 <\/strong><strong>mercredi \u00e0 18h <\/strong><strong>Fort Malakoff \u00e0 Mayence<\/strong><\/p>\n<p>Ces visites sont propos\u00e9es par Heike Lang. Si vous souhaitez voyager avec elle, veuillez la contacter:<br \/><strong>Courriel: <a href=\"\/fr\/&\/#x6d;&#97;i&#x6c;&#116;o&#x3a;&#x68;&#101;&#x69;&#x6b;&#101;-&#x6c;&#97;n&#x67;&#x2e;&#54;&#x38;\u200d&#x40;&#116;-&#x6f;&#x6e;&#108;&#x69;&#x6e;&#101;&#46;&#x64;&#101;\">Heike-Lang.68\u200d(\u200cat \u200c)\u200dt-online.de<\/a> ou t\u00e9l.: 01578 1798799<\/strong><\/p>    <\/div>\n<\/div>\n<!-- \/module text -->        <\/div>\n                    <div  data-lazy=\"1\" class=\"module_column tb-column col4-2 tb_zy7v353 last\">\n                    <!-- module box -->\n<div  class=\"module module-box tb_qgt6649  tb_gs678604\" data-lazy=\"1\">\n    <div class=\"module-box-content ui  tb_default_color\">\n                <div class=\"tb_text_wrap\"><div class=\"tb_layout_part_wrap tf_w\"><!--themify_builder_content-->\n    <div  class=\"themify_builder_content themify_builder_content-69641 themify_builder not_editable_builder in_the_loop\" data-postid=\"69641\">\n                        <div  data-lazy=\"1\" class=\"module_row themify_builder_row blue_right_menu_box tb_pon9441 tf_w\">\n                        <div class=\"row_inner col_align_top tb_col_count_1 tf_box tf_rel\">\n                        <div  data-lazy=\"1\" class=\"module_column tb-column col-full tb_imf9000 first\">\n                    <!-- module text -->\n<div  class=\"module module-text tb_ozup006\" data-lazy=\"1\">\n        <div  class=\"tb_text_wrap\">\n        <h2>Autres liens<\/h2>    <\/div>\n<\/div>\n<!-- \/module text --><!-- module buttons -->\n<div  class=\"module module-buttons tb_7dgc555 buttons-horizontal transparent\" data-lazy=\"1\">\n        <div class=\"module-buttons-item tf_in_flx\">\n                        <a href=\"https:\/\/www.adfc-wiesbaden.de\/fr\/radtouren\/adfc-rennradgruppe\/\" class=\"ui builder_button tf_in_flx tb_default_color\" >\n                                    <em><svg  class=\"tf_fa tf-ti-new-window\" xmlns:xlink=\"http:\/\/www.w3.org\/1999\/xlink\" aria-hidden=\"true\"><use href=\"#tf-ti-new-window\" xlink:href=\"#tf-ti-new-window\"><\/use><\/svg><\/em>                                        Groupe de v\u00e9los de route                                        <\/a>\n                <\/div>\n            <\/div>\n<!-- \/module buttons -->\n        <div  data-lazy=\"1\" class=\"module_subrow themify_builder_sub_row tf_w col_align_top tb_col_count_1 tb_it7n050\">\n                <div  data-lazy=\"1\" class=\"module_column sub_column col-full tb_umat066 first\">\n                    <!-- module divider -->\n<div  class=\"module tf_mw module-divider tb_vly7050 solid\" style=\"border-width: 1px;border-color: #ffffff;margin-top: 1px;margin-bottom: 1px;\" data-lazy=\"1\">\n    <\/div>\n<!-- \/module divider -->\n        <\/div>\n                    <\/div>\n        <!-- module buttons -->\n<div  class=\"module module-buttons tb_qhca060 buttons-horizontal transparent\" data-lazy=\"1\">\n        <div class=\"module-buttons-item tf_in_flx\">\n                        <a href=\"https:\/\/www.adfc-wiesbaden.de\/fr\/radtouren\/die-adfc-mittwochsradler-in-wiesbaden\/\" class=\"ui builder_button tf_in_flx tb_default_color\" >\n                                    <em><svg  class=\"tf_fa tf-ti-new-window\" xmlns:xlink=\"http:\/\/www.w3.org\/1999\/xlink\" aria-hidden=\"true\"><use href=\"#tf-ti-new-window\" xlink:href=\"#tf-ti-new-window\"><\/use><\/svg><\/em>                                        Randonn\u00e9e du mercredi                                        <\/a>\n                <\/div>\n            <\/div>\n<!-- \/module buttons -->\n        <div  data-lazy=\"1\" class=\"module_subrow themify_builder_sub_row tf_w col_align_top tb_col_count_1 tb_625t600\">\n                <div  data-lazy=\"1\" class=\"module_column sub_column col-full tb_fr90130 first\">\n                    <!-- module divider -->\n<div  class=\"module tf_mw module-divider tb_s4pu150 solid\" style=\"border-width: 1px;border-color: #ffffff;margin-top: 1px;margin-bottom: 1px;\" data-lazy=\"1\">\n    <\/div>\n<!-- \/module divider -->\n        <\/div>\n                    <\/div>\n        <!-- module buttons -->\n<div  class=\"module module-buttons tb_e0xb166 buttons-horizontal transparent\" data-lazy=\"1\">\n        <div class=\"module-buttons-item tf_in_flx\">\n                        <a href=\"\/fr\/tag\/radtourenbericht\/\" class=\"ui builder_button tf_in_flx tb_default_color\" >\n                                    <em><svg  class=\"tf_fa tf-ti-new-window\" xmlns:xlink=\"http:\/\/www.w3.org\/1999\/xlink\" aria-hidden=\"true\"><use href=\"#tf-ti-new-window\" xlink:href=\"#tf-ti-new-window\"><\/use><\/svg><\/em>                                        Rapports de cyclotourisme                                        <\/a>\n                <\/div>\n            <\/div>\n<!-- \/module buttons -->\n        <div  data-lazy=\"1\" class=\"module_subrow themify_builder_sub_row tf_w col_align_top tb_col_count_1 tb_gd7v606\">\n                <div  data-lazy=\"1\" class=\"module_column sub_column col-full tb_owtx005 first\">\n                    <!-- module divider -->\n<div  class=\"module tf_mw module-divider tb_w7u6006 solid\" style=\"border-width: 1px;border-color: #ffffff;margin-top: 1px;margin-bottom: 1px;\" data-lazy=\"1\">\n    <\/div>\n<!-- \/module divider -->\n        <\/div>\n                    <\/div>\n        <!-- module buttons -->\n<div  class=\"module module-buttons tb_n5xl376 buttons-horizontal transparent\" data-lazy=\"1\">\n        <div class=\"module-buttons-item tf_in_flx\">\n                        <a href=\"\/fr\/tourenprogramm\/\" class=\"ui builder_button tf_in_flx tb_default_color\" >\n                                    <em><svg  class=\"tf_fa tf-ti-new-window\" xmlns:xlink=\"http:\/\/www.w3.org\/1999\/xlink\" aria-hidden=\"true\"><use href=\"#tf-ti-new-window\" xlink:href=\"#tf-ti-new-window\"><\/use><\/svg><\/em>                                        Programme de cyclotourisme                                        <\/a>\n                <\/div>\n            <\/div>\n<!-- \/module buttons -->\n        <div  data-lazy=\"1\" class=\"module_subrow themify_builder_sub_row tf_w col_align_top tb_col_count_1 tb_jzkx459\">\n                <div  data-lazy=\"1\" class=\"module_column sub_column col-full tb_g1gs459 first\">\n                    <!-- module divider -->\n<div  class=\"module tf_mw module-divider tb_qhro459 solid\" style=\"border-width: 1px;border-color: #ffffff;margin-top: 1px;margin-bottom: 1px;\" data-lazy=\"1\">\n    <\/div>\n<!-- \/module divider -->\n        <\/div>\n                    <\/div>\n        <!-- module buttons -->\n<div  class=\"module module-buttons tb_nvai813 buttons-horizontal transparent\" data-lazy=\"1\">\n        <div class=\"module-buttons-item tf_in_flx\">\n                        <a href=\"https:\/\/www.adfc-wiesbaden.de\/fr\/tourenprogramm-als-pdf\/\" class=\"ui builder_button tf_in_flx tb_default_color\" >\n                                    <em><svg  class=\"tf_fa tf-ti-new-window\" xmlns:xlink=\"http:\/\/www.w3.org\/1999\/xlink\" aria-hidden=\"true\"><use href=\"#tf-ti-new-window\" xlink:href=\"#tf-ti-new-window\"><\/use><\/svg><\/em>                                        Programme de cyclotourisme au format PDF                                        <\/a>\n                <\/div>\n            <\/div>\n<!-- \/module buttons -->\n        <div  data-lazy=\"1\" class=\"module_subrow themify_builder_sub_row tf_w col_align_top tb_col_count_1 tb_ww1w469\">\n                <div  data-lazy=\"1\" class=\"module_column sub_column col-full tb_xm56469 first\">\n                    <!-- module divider -->\n<div  class=\"module tf_mw module-divider tb_gdt0469 solid\" style=\"border-width: 1px;border-color: #ffffff;margin-top: 1px;margin-bottom: 1px;\" data-lazy=\"1\">\n    <\/div>\n<!-- \/module divider -->\n        <\/div>\n                    <\/div>\n        <!-- module buttons -->\n<div  class=\"module module-buttons tb_367r972 buttons-horizontal transparent\" data-lazy=\"1\">\n        <div class=\"module-buttons-item tf_in_flx\">\n                        <a href=\"https:\/\/www.adfc-wiesbaden.de\/fr\/radtouren\/tourenprogramm\/teilnahmebedingungen\/\" class=\"ui builder_button tf_in_flx tb_default_color\" >\n                                    <em><svg  class=\"tf_fa tf-ti-new-window\" xmlns:xlink=\"http:\/\/www.w3.org\/1999\/xlink\" aria-hidden=\"true\"><use href=\"#tf-ti-new-window\" xlink:href=\"#tf-ti-new-window\"><\/use><\/svg><\/em>                                        Conditions de participation Tours \u00e0 v\u00e9lo                                        <\/a>\n                <\/div>\n            <\/div>\n<!-- \/module buttons -->\n        <div  data-lazy=\"1\" class=\"module_subrow themify_builder_sub_row tf_w col_align_top tb_col_count_1 tb_nrr0578\">\n                <div  data-lazy=\"1\" class=\"module_column sub_column col-full tb_6fo6578 first\">\n                    <!-- module divider -->\n<div  class=\"module tf_mw module-divider tb_yoja578 solid\" style=\"border-width: 1px;border-color: #ffffff;margin-top: 1px;margin-bottom: 1px;\" data-lazy=\"1\">\n    <\/div>\n<!-- \/module divider -->\n        <\/div>\n                    <\/div>\n                <\/div>\n                        <\/div>\n        <\/div>\n            <\/div>\n<!--\/themify_builder_content--><\/div>\n<\/div>\n    <\/div>\n<\/div>\n<!-- \/module box -->\n        <\/div>\n                        <\/div>\n        <\/div>\n        <\/div>\n<!--\/themify_builder_content-->\n\n\n<p><\/p>","protected":false},"excerpt":{"rendered":"<p><b>Depuis 2014, il existe dans notre cercle ADFC un groupe de v\u00e9los de route qui se r\u00e9unit r\u00e9guli\u00e8rement pour des sorties.<\/b><br \/>\nAu sein de l'ADFC, un groupe de v\u00e9los de route est toujours sp\u00e9cial. Notre initiative de Wiesbaden est jusqu'\u00e0 pr\u00e9sent la seule en Hesse.<\/p>","protected":false},"author":18,"featured_media":69668,"parent":69427,"menu_order":7,"comment_status":"closed","ping_status":"closed","template":"","meta":{"footnotes":""},"tags":[762,763],"class_list":["post-69440","page","type-page","status-publish","has-post-thumbnail","hentry","tag-radfahren","tag-rennrad","has-post-title","has-post-date","has-post-category","has-post-tag","has-post-comment","has-post-author",""],"builder_content":"<img src=\"\/wp-content\/uploads\/2025\/02\/ennradgruppe_2_w1600.webp\" title=\"ADFC Rennradgruppe\" alt=\"ADFC Rennradgruppe\">\n<img src=\"\/wp-content\/uploads\/2025\/02\/Dreieck_Orange.png\" width=\"44\" title=\"ADFC Rennradgruppe\" alt=\"ADFC Rennradgruppe\">\nRennradgruppe&copy; Ansgar Schiffler\n<h1>ADFC Rennradgruppe<\/h1>\n<p><b>Seit 2014 gibt es in unserem ADFC-Kreisverband eine Rennradgruppe, die sich regelm\u00e4\u00dfig zu Ausfahrten trifft. Innerhalb des ADFC ist eine Rennradgruppe immer noch etwas Besonderes. Unsere Wiesbadener Initiative ist bislang die einzige in Hessen.<\/b><\/p> <h2>Regelm\u00e4\u00dfiger Rennradtreff am Biebricher Rheinufer<\/h2> <p>Die Rennradgruppe trifft sich:<\/p> <p style=\"text-align: left;\"><strong>Im Sommerhalbjahr in der Regel 1-2 mal pro Woche am Biebricher Rheinufer (am KD-Anleger\/Pegelturm). Termine und Routen werden vorher per E-Mail verteilt.<\/strong><\/p> <p>Der Startort am Rhein wurde auch gew\u00e4hlt, um die Rennradfreunde aus Mainz einzubeziehen. In der Regel werden bei den Feierabendtouren 40 bis 70 Kilometer gefahren. Dabei werden vorwiegend flache Strecken ausgew\u00e4hlt und gr\u00f6\u00dfere Steigungen vermieden. Das Tempo ist moderat und auch f\u00fcr Rennrad-Anf\u00e4nger geeignet. Es geht dabei um Spa\u00df auf flotten R\u00e4dern, nicht um Wettkampf. Beliebte Ziele sind der Rheingau, das Ried, Rheinhessen und das Wiesbadener \u201eL\u00e4ndchen\u201c.<\/p> <p>An den Wochenenden werden im Sommerhalbjahr vereinzelt l\u00e4ngere Rennradausfl\u00fcge veranstaltet. Zum einen werden eigene Touren angeboten, die die von Aktiven aus der Rennradgruppe gef\u00fchrt werden. Zum anderen fahren wir auch gerne bei den Radtourenfahrten (RTF) und Radmarathons der Radsportvereine mit.<\/p> <p style=\"text-align: left;\"><strong>Im Winterhalbjahr (bei geeigneten Witterungsbedingungen) werden kleinere Rennradtouren gefahren<br \/>Start: Biebricher Rheinufer (am KD-Anleger\/Pegelturm)<br \/><\/strong><\/p> <p>Eine richtige Saisonpause gibt es nicht.<\/p> <h3>Kontakt:<\/h3> <p>Wer Interesse an der Rennradgruppe hat, kann sich in unserer E-Mail-Verteiler eintragen lassen.<br \/>Einfach Mail an:<br \/><strong>E-Mail:\u00a0 <a href=\"mailto:rennrad\u200d@adfc-wiesbaden.de\">rennrad\u200d(at)adfc-wiesbaden.de<\/a><\/strong><\/p> <p>\u00dcber diesen Verteiler wird vorab \u00fcber jede Tour informiert. Weitere Informationen zu den Rennrad-Angeboten des ADFC k\u00f6nnen telefonisch erfragt werden bei <strong>Thomas Fuchs (Tel.-Nr. 0160\/94837314).<\/strong><\/p> <h2>Regelm\u00e4\u00dfiger Rennradtreff in Mainz am Fort Malakoff<\/h2> <p>Seit 2019 gibt es einen zweiten Rennradtreff:<\/p> <p style=\"text-align: left;\"><strong> In der Sommerzeit <\/strong><strong>mittwochs um 18 Uhr <\/strong><strong>am Fort Malakoff in Mainz<\/strong><\/p> <p>Diese Touren werden von Heike Lang angeboten. Wenn Du mitfahren m\u00f6chtest, nimm bitte mit ihr Kontakt auf:<br \/><strong>E-Mail: <a href=\"mailto:heike-lang.68\u200d@t-online.de\">Heike-Lang.68\u200d(\u200cat\u200c)\u200dt-online.de<\/a> oder Tel.: 01578 1798799<\/strong><\/p>\n<p>[themify_layout_part id=\"69641\"]<\/p>","_links":{"self":[{"href":"https:\/\/www.adfc-wiesbaden.de\/fr\/wp-json\/wp\/v2\/pages\/69440","targetHints":{"allow":["GET"]}}],"collection":[{"href":"https:\/\/www.adfc-wiesbaden.de\/fr\/wp-json\/wp\/v2\/pages"}],"about":[{"href":"https:\/\/www.adfc-wiesbaden.de\/fr\/wp-json\/wp\/v2\/types\/page"}],"author":[{"embeddable":true,"href":"https:\/\/www.adfc-wiesbaden.de\/fr\/wp-json\/wp\/v2\/users\/18"}],"replies":[{"embeddable":true,"href":"https:\/\/www.adfc-wiesbaden.de\/fr\/wp-json\/wp\/v2\/comments?post=69440"}],"version-history":[{"count":79,"href":"https:\/\/www.adfc-wiesbaden.de\/fr\/wp-json\/wp\/v2\/pages\/69440\/revisions"}],"predecessor-version":[{"id":72504,"href":"https:\/\/www.adfc-wiesbaden.de\/fr\/wp-json\/wp\/v2\/pages\/69440\/revisions\/72504"}],"up":[{"embeddable":true,"href":"https:\/\/www.adfc-wiesbaden.de\/fr\/wp-json\/wp\/v2\/pages\/69427"}],"wp:featuredmedia":[{"embeddable":true,"href":"https:\/\/www.adfc-wiesbaden.de\/fr\/wp-json\/wp\/v2\/media\/69668"}],"wp:attachment":[{"href":"https:\/\/www.adfc-wiesbaden.de\/fr\/wp-json\/wp\/v2\/media?parent=69440"}],"wp:term":[{"taxonomy":"post_tag","embeddable":true,"href":"https:\/\/www.adfc-wiesbaden.de\/fr\/wp-json\/wp\/v2\/tags?post=69440"}],"curies":[{"name":"wp","href":"https:\/\/api.w.org\/{rel}","templated":true}]}}