{"id":69516,"date":"2025-02-15T11:53:51","date_gmt":"2025-02-15T10:53:51","guid":{"rendered":"https:\/\/www2.adfc-wiesbaden.de\/?page_id=69516"},"modified":"2025-03-14T14:34:05","modified_gmt":"2025-03-14T13:34:05","slug":"geschaeftsstelle","status":"publish","type":"page","link":"https:\/\/www.adfc-wiesbaden.de\/fr\/ueber-uns\/geschaeftsstelle\/","title":{"rendered":"Secr\u00e9tariat"},"content":{"rendered":"<!--themify_builder_content-->\n<div id=\"themify_builder_content-69516\" data-postid=\"69516\" class=\"themify_builder_content themify_builder_content-69516 themify_builder tf_clear\">\n                    <div  data-lazy=\"1\" class=\"module_row themify_builder_row tb_a6sz702 tb_first tf_w\">\n                        <div class=\"row_inner col_align_top tb_col_count_1 tf_box tf_rel\">\n                        <div  data-lazy=\"1\" class=\"module_column tb-column col-full tb_cv8d702 first\">\n                    <!-- module image -->\n<div  class=\"module module-image tb_0kqh702 image-top   tf_mw\" data-lazy=\"1\">\n        <div class=\"image-wrap tf_rel tf_mw\">\n            <img decoding=\"async\" src=\"\/wp-content\/uploads\/2024\/12\/Leuchtreklame_4_3-scaled.jpg\" title=\"Secr\u00e9tariat\" alt=\"Secr\u00e9tariat\">    \n        <\/div>\n    <!-- \/image-wrap -->\n    \n        <\/div>\n<!-- \/module image -->        <div  data-lazy=\"1\" class=\"module_subrow themify_builder_sub_row tf_w col_align_top tb_col_count_3 tb_mur4702\">\n                <div  data-lazy=\"1\" class=\"module_column sub_column col3-1 tb_qwjb702 first\">\n                    <!-- module image -->\n<div  class=\"module module-image tb_c1f1319 image-center   tf_mw\" data-lazy=\"1\">\n        <div class=\"image-wrap tf_rel tf_mw\">\n            <img decoding=\"async\" src=\"\/wp-content\/uploads\/2025\/02\/Dreieck_Orange.png\" width=\"44\" title=\"Secr\u00e9tariat\" alt=\"Secr\u00e9tariat\">    \n        <\/div>\n    <!-- \/image-wrap -->\n    \n        <\/div>\n<!-- \/module image -->        <\/div>\n                    <div  data-lazy=\"1\" class=\"module_column sub_column col3-1 tb_h61v702\">\n                            <\/div>\n                    <div  data-lazy=\"1\" class=\"module_column sub_column col3-1 tb_0j6h702 last\">\n                            <\/div>\n                    <\/div>\n        <!-- module plain text -->\n<div  class=\"module module-plain-text tb_paab702 bild_header_h1 adfc_orange tb_gs4151609\" data-lazy=\"1\">\n        <div class=\"tb_text_wrap\">\n    <span style=\"font-size:28px; line-height:34px;\" >Le bureau ADFC sur la piste cyclable<\/span><span style=\"float:right;font-size:14px; line-height:34px;margin-right:5px;\">\u00a9 Oliver Kessler<\/span>    <\/div>\n<\/div>\n<!-- \/module plain text --><!-- module text -->\n<div  class=\"module module-text tb_gk9o426\" data-lazy=\"1\">\n        <div  class=\"tb_text_wrap\">\n        <h1>Secr\u00e9tariat<\/h1>\n<p>L'ADFC Wiesbaden\/Rheingau-Taunus g\u00e8re le secr\u00e9tariat en tant que lieu central du travail de l'association. Elle fournit l'espace de bureau et est la base de campagne. C'est ici que nos groupes de travail et nos \u00e9v\u00e9nements se pr\u00e9parent.\u00a0<\/p>    <\/div>\n<\/div>\n<!-- \/module text -->        <\/div>\n                        <\/div>\n        <\/div>\n                        <div  data-lazy=\"1\" class=\"module_row themify_builder_row tb_nvxw454 tf_w\">\n                        <div class=\"row_inner col_align_top tb_col_count_2 tf_box tf_rel\">\n                        <div  data-lazy=\"1\" class=\"module_column tb-column col4-2 tb_eo54454 first\">\n                            <div  data-lazy=\"1\" class=\"module_subrow themify_builder_sub_row tf_w col_align_top tb_col_count_2 tb_zl7y849\">\n                <div  data-lazy=\"1\" class=\"module_column sub_column col4-2 tb_uk2t849 first\">\n                    <!-- module text -->\n<div  class=\"module module-text tb_topf499    tb_gs678604\" data-lazy=\"1\">\n        <div  class=\"tb_text_wrap\">\n        <p><strong>adresse<\/strong><\/p>    <\/div>\n<\/div>\n<!-- \/module text -->        <\/div>\n                    <div  data-lazy=\"1\" class=\"module_column sub_column col4-2 tb_pxe4849 last\">\n                    <!-- module text -->\n<div  class=\"module module-text tb_17hf698    tb_gs678604\" data-lazy=\"1\">\n        <div  class=\"tb_text_wrap\">\n        <p>ADFC Wiesbaden\/Rheingau-Taunus e.V.<br \/>Goebenstra\u00dfe 1<br \/>65195 Wiesbaden<\/p>    <\/div>\n<\/div>\n<!-- \/module text -->        <\/div>\n                    <\/div>\n                <div  data-lazy=\"1\" class=\"module_subrow themify_builder_sub_row tf_w col_align_top tb_col_count_2 tb_buqf75\">\n                <div  data-lazy=\"1\" class=\"module_column sub_column col4-2 tb_mcym75 first\">\n                    <!-- module text -->\n<div  class=\"module module-text tb_0i32602    tb_gs678604\" data-lazy=\"1\">\n        <div  class=\"tb_text_wrap\">\n        <p><strong>Courriel<\/strong><\/p>    <\/div>\n<\/div>\n<!-- \/module text -->        <\/div>\n                    <div  data-lazy=\"1\" class=\"module_column sub_column col4-2 tb_g9n375 last\">\n                    <!-- module text -->\n<div  class=\"module module-text tb_g3p9602    tb_gs678604\" data-lazy=\"1\">\n        <div  class=\"tb_text_wrap\">\n        <p>info@adfc-wiesbaden.de<\/p>    <\/div>\n<\/div>\n<!-- \/module text -->        <\/div>\n                    <\/div>\n                <div  data-lazy=\"1\" class=\"module_subrow themify_builder_sub_row tf_w col_align_top tb_col_count_2 tb_r4lj142\">\n                <div  data-lazy=\"1\" class=\"module_column sub_column col4-2 tb_zqkh142 first\">\n                    <!-- module text -->\n<div  class=\"module module-text tb_gof9649    tb_gs678604\" data-lazy=\"1\">\n        <div  class=\"tb_text_wrap\">\n        <div class=\"module_column sub_column tb_d41a164 first\">\n<div class=\"module module-plain-text tb_g4s8164 tb_gs678604\">\n<div class=\"tb_text_wrap\"><strong>Ils nous expliquent:<\/strong><\/div>\n<\/div>\n<\/div>    <\/div>\n<\/div>\n<!-- \/module text -->        <\/div>\n                    <div  data-lazy=\"1\" class=\"module_column sub_column col4-2 tb_a8ai142 last\">\n                    <!-- module text -->\n<div  class=\"module module-text tb_9p7a649    tb_gs678604\" data-lazy=\"1\">\n        <div  class=\"tb_text_wrap\">\n        <p><b>Avec le v\u00e9lo, bien s\u00fbr!<br \/>Mais aussi par les transports en commun:<\/b><br \/>Prendre les lignes 4, 17, 18, 23, 24, 27 et 45 jusqu'\u00e0 l'arr\u00eat Dreiweidenstra\u00dfe\/Eltviller Stra\u00dfe<br \/>Prendre les lignes 1 et 14 jusqu'\u00e0 l'arr\u00eat Bleichstra\u00dfe<\/p>    <\/div>\n<\/div>\n<!-- \/module text -->        <\/div>\n                    <\/div>\n                <\/div>\n                    <div  data-lazy=\"1\" class=\"module_column tb-column col4-2 tb_2x57454 last\">\n                    <!-- module plain text -->\n<div  class=\"module module-plain-text tb_l7z6916\" data-lazy=\"1\">\n        <div class=\"tb_text_wrap\">\n    <iframe loading=\"lazy\" width=\"425\" height=\"350\" src=\"https:\/\/www.openstreetmap.org\/export\/embed.html?bbox=8.221989870071413%2C50.07658012048094%2C8.236151933670046%2C50.08247363643105&amp;layer=mapnik&amp;marker=50.07952696901827%2C8.229070901870728\" style=\"border: 1px solid black\"><\/iframe><br\/><small><a href=\"https:\/\/www.openstreetmap.org\/?mlat=50.079527&amp;mlon=8.229071#map=17\/50.079527\/8.229071\">Afficher une carte plus grande<\/a><\/small>    <\/div>\n<\/div>\n<!-- \/module plain text -->        <\/div>\n                        <\/div>\n        <\/div>\n        <\/div>\n<!--\/themify_builder_content-->\n\n\n<p><\/p>","protected":false},"excerpt":{"rendered":"<p>Informations sur notre bureau de la Goebenstra\u00dfe 1 \u00e0 Wiesbaden.<\/p>","protected":false},"author":50,"featured_media":69851,"parent":69915,"menu_order":6,"comment_status":"closed","ping_status":"closed","template":"","meta":{"footnotes":""},"tags":[],"class_list":["post-69516","page","type-page","status-publish","has-post-thumbnail","hentry","has-post-title","has-post-date","has-post-category","has-post-tag","has-post-comment","has-post-author",""],"builder_content":"<img src=\"\/wp-content\/uploads\/2024\/12\/Leuchtreklame_4_3-scaled.jpg\" title=\"Gesch\u00e4ftsstelle\" alt=\"Gesch\u00e4ftsstelle\">\n<img src=\"\/wp-content\/uploads\/2025\/02\/Dreieck_Orange.png\" width=\"44\" title=\"Gesch\u00e4ftsstelle\" alt=\"Gesch\u00e4ftsstelle\">\nDie ADFC Gesch\u00e4ftsstelle in der Fahrradstra\u00dfe&copy; Oliver Kessler\n<h1>Gesch\u00e4ftsstelle<\/h1> <p>Der ADFC Wiesbaden\/Rheingau-Taunus betreibt die Gesch\u00e4ftsstelle als zentralen Ort der Vereinsarbeit. Sie stellt B\u00fcroraum bereit und ist Kampagnen-St\u00fctzpunkt. Hier tagen unsere Arbeitsgruppen und Veranstaltungen werden vorbereitet.\u00a0<\/p>\n<p><strong>Adresse<\/strong><\/p>\n<p>ADFC Wiesbaden\/Rheingau-Taunus e.V.<br \/>Goebenstra\u00dfe 1<br \/>65195 Wiesbaden<\/p>\n<p><strong>E-Mail<\/strong><\/p>\n<p>info@adfc-wiesbaden.de<\/p>\n<strong>Sie errei\u00adchen uns:<\/strong>\n<p><b>Nat\u00fcrlich mit dem Fahrrad!<br \/>Aber auch per \u00d6PNV:<\/b><br \/>Mit den Linien 4, 17, 18, 23, 24, 27 und 45 zur Haltestelle Dreiweidenstra\u00dfe\/Eltviller Stra\u00dfe<br \/>Mit den Linien 1 und 14 zur Haltestelle Bleichstra\u00dfe<\/p>\n<iframe loading=\"lazy\" width=\"425\" height=\"350\" src=\"https:\/\/www.openstreetmap.org\/export\/embed.html?bbox=8.221989870071413%2C50.07658012048094%2C8.236151933670046%2C50.08247363643105&amp;layer=mapnik&amp;marker=50.07952696901827%2C8.229070901870728\" style=\"border: 1px solid black\"><\/iframe><br\/><small><a href=\"https:\/\/www.openstreetmap.org\/?mlat=50.079527&amp;mlon=8.229071#map=17\/50.079527\/8.229071\">Gr\u00f6\u00dfere Karte anzeigen<\/a><\/small>","_links":{"self":[{"href":"https:\/\/www.adfc-wiesbaden.de\/fr\/wp-json\/wp\/v2\/pages\/69516","targetHints":{"allow":["GET"]}}],"collection":[{"href":"https:\/\/www.adfc-wiesbaden.de\/fr\/wp-json\/wp\/v2\/pages"}],"about":[{"href":"https:\/\/www.adfc-wiesbaden.de\/fr\/wp-json\/wp\/v2\/types\/page"}],"author":[{"embeddable":true,"href":"https:\/\/www.adfc-wiesbaden.de\/fr\/wp-json\/wp\/v2\/users\/50"}],"replies":[{"embeddable":true,"href":"https:\/\/www.adfc-wiesbaden.de\/fr\/wp-json\/wp\/v2\/comments?post=69516"}],"version-history":[{"count":47,"href":"https:\/\/www.adfc-wiesbaden.de\/fr\/wp-json\/wp\/v2\/pages\/69516\/revisions"}],"predecessor-version":[{"id":71520,"href":"https:\/\/www.adfc-wiesbaden.de\/fr\/wp-json\/wp\/v2\/pages\/69516\/revisions\/71520"}],"up":[{"embeddable":true,"href":"https:\/\/www.adfc-wiesbaden.de\/fr\/wp-json\/wp\/v2\/pages\/69915"}],"wp:featuredmedia":[{"embeddable":true,"href":"https:\/\/www.adfc-wiesbaden.de\/fr\/wp-json\/wp\/v2\/media\/69851"}],"wp:attachment":[{"href":"https:\/\/www.adfc-wiesbaden.de\/fr\/wp-json\/wp\/v2\/media?parent=69516"}],"wp:term":[{"taxonomy":"post_tag","embeddable":true,"href":"https:\/\/www.adfc-wiesbaden.de\/fr\/wp-json\/wp\/v2\/tags?post=69516"}],"curies":[{"name":"wp","href":"https:\/\/api.w.org\/{rel}","templated":true}]}}