{"id":69545,"date":"2025-02-15T12:22:05","date_gmt":"2025-02-15T11:22:05","guid":{"rendered":"https:\/\/www2.adfc-wiesbaden.de\/?page_id=69545"},"modified":"2025-04-06T18:54:28","modified_gmt":"2025-04-06T16:54:28","slug":"radfahrkurse","status":"publish","type":"page","link":"https:\/\/www.adfc-wiesbaden.de\/fr\/service\/radfahrkurse\/","title":{"rendered":"Cours de cyclisme"},"content":{"rendered":"<!--themify_builder_content-->\n<div id=\"themify_builder_content-69545\" data-postid=\"69545\" class=\"themify_builder_content themify_builder_content-69545 themify_builder tf_clear\">\n                    <div  data-lazy=\"1\" class=\"module_row themify_builder_row tb_fuip376 tb_first tf_w\">\n                        <div class=\"row_inner col_align_top tb_col_count_1 tf_box tf_rel\">\n                        <div  data-lazy=\"1\" class=\"module_column tb-column col-full tb_rup4376 first\">\n                    <!-- module image -->\n<div  class=\"module module-image tb_oeuh376 image-top   tf_mw tb_gs2677162d\" data-lazy=\"1\">\n        <div class=\"image-wrap tf_rel tf_mw\">\n            <img loading=\"lazy\" decoding=\"async\" width=\"2560\" height=\"1920\" src=\"https:\/\/www.adfc-wiesbaden.de\/wp-content\/uploads\/2025\/04\/PedelecKurs4_3-scaled.jpg\" class=\"wp-post-image wp-image-71897\" title=\"PedelecKurs4 _3\" alt=\"Un groupe de cyclistes dans la cour du R\u00e9duit avec des pedelecs en demi-cercle sous le soleil.\" srcset=\"https:\/\/www.adfc-wiesbaden.de\/wp-content\/uploads\/2025\/04\/PedelecKurs4_3-scaled.jpg 2560w, https:\/\/www.adfc-wiesbaden.de\/wp-content\/uploads\/2025\/04\/PedelecKurs4_3-700x525.jpg 700w, https:\/\/www.adfc-wiesbaden.de\/wp-content\/uploads\/2025\/04\/PedelecKurs4_3-1400x1050.jpg 1400w, https:\/\/www.adfc-wiesbaden.de\/wp-content\/uploads\/2025\/04\/PedelecKurs4_3-200x150.jpg 200w, https:\/\/www.adfc-wiesbaden.de\/wp-content\/uploads\/2025\/04\/PedelecKurs4_3-768x576.jpg 768w, https:\/\/www.adfc-wiesbaden.de\/wp-content\/uploads\/2025\/04\/PedelecKurs4_3-1536x1152.jpg 1536w\" sizes=\"auto, (max-width: 2560px) 100vw, 2560px\" \/>    \n        <\/div>\n    <!-- \/image-wrap -->\n    \n        <\/div>\n<!-- \/module image -->        <div  data-lazy=\"1\" class=\"module_subrow themify_builder_sub_row tf_w col_align_top tb_col_count_3 tb_rzxv376\">\n                <div  data-lazy=\"1\" class=\"module_column sub_column col3-1 tb_9fe9376 first\">\n                    <!-- module image -->\n<div  class=\"module module-image tb_3pvk849 image-center   tf_mw\" data-lazy=\"1\">\n        <div class=\"image-wrap tf_rel tf_mw\">\n            <img decoding=\"async\" src=\"\/wp-content\/uploads\/2025\/02\/Dreieck_Orange.png\" width=\"44\" title=\"Cours de cyclisme\" alt=\"Cours de cyclisme\">    \n        <\/div>\n    <!-- \/image-wrap -->\n    \n        <\/div>\n<!-- \/module image -->        <\/div>\n                    <div  data-lazy=\"1\" class=\"module_column sub_column col3-1 tb_royb376\">\n                            <\/div>\n                    <div  data-lazy=\"1\" class=\"module_column sub_column col3-1 tb_j6ht376 last\">\n                            <\/div>\n                    <\/div>\n        <!-- module plain text -->\n<div  class=\"module module-plain-text tb_889e376 bild_header_h1 adfc_orange tb_gs4151609\" data-lazy=\"1\">\n        <div class=\"tb_text_wrap\">\n    <span style=\"font-size:28px; line-height:34px;\" >Cours de Pedelec dans le R\u00e9duit en coop\u00e9ration avec la VHS AKK<\/span><span style=\"float:right;font-size:14px; line-height:34px;margin-right:5px;\">\u00a9 Andrew Maher<\/span>    <\/div>\n<\/div>\n<!-- \/module plain text --><!-- module text -->\n<div  class=\"module module-text tb_nmzl288    tb_gs678604\" data-lazy=\"1\">\n        <div  class=\"tb_text_wrap\">\n        <h1>Cours de cyclisme de l'ADFC<\/h1>\n<div class=\"textcontainer-article\">\n<p><b>Il n\u2019est jamais trop tard pour apprendre \u00e0 faire du v\u00e9lo avec l\u2019ADFC!<\/b><\/p>\n<p>Cependant, beaucoup d'adultes ne le peuvent pas ou pas assez bien. Que ce soit parce qu'ils n'avaient pas de v\u00e9lo \u00e0 disposition lorsqu'ils \u00e9taient enfants ou parce qu'ils venaient de milieux culturels o\u00f9 le cyclisme n'est pas courant. Mais beaucoup de ceux qui l'ont appris plus t\u00f4t sont souvent incertains parce qu'ils ont eu tr\u00e8s peu de pratique de la conduite ou se sentent d\u00e9pass\u00e9s dans des situations avec de nombreux autres usagers de la route.<\/p>\n<p>Nous proposons des cours de cyclisme sur place \u00e0 diff\u00e9rentes occasions, ceux-ci peuvent \u00eatre trouv\u00e9s dans notre <a href=\"https:\/\/www.adfc-wiesbaden.de\/fr\/termine\/\">Aper\u00e7u des rendez-vous.<\/a><\/p>\n<p>De plus, l'ADFC-Hessen propose des cours de cyclisme pour adultes. Vous trouverez de plus amples informations sur le concept des cours, d'autres offres (p. ex. cours de v\u00e9lo \u00e0 assistance \u00e9lectrique ou de circulation) et les informations de contact correspondantes sur les pages Internet des moniteurs de cyclisme. Vous y trouverez \u00e9galement les dates des cours et les possibilit\u00e9s d'inscription.<\/p>\n<p><a href=\"https:\/\/www.fahrrad-cr.de\/radfahrschule\/kurstemine\/\">Dates de cours de FahrRad!<\/a><\/p>\n<p><a href=\"https:\/\/radfahrschule-hessen.de\/\">\u00c9cole de cyclisme de Hesse<\/a><\/p>\n<\/div>\n<p>Si vous avez d'autres questions ou si vous souhaitez organiser vous-m\u00eame un cours, n'h\u00e9sitez pas \u00e0 nous contacter \u00e0 l'adresse suivante:<a href=\"\/fr\/&\/#x6d;&#x61;&#x69;&#x6c;&#x74;&#x6f;&#x3a;&#x69;&#x6e;&#x66;&#x6f;&#x40;&#x61;&#x64;&#102;&#99;&#45;&#119;&#105;&#101;&#115;&#98;&#97;&#100;&#101;n&#46;de\"> info@adfc-wiesbaden.de<\/a>.<\/p>    <\/div>\n<\/div>\n<!-- \/module text -->        <\/div>\n                        <\/div>\n        <\/div>\n        <\/div>\n<!--\/themify_builder_content-->","protected":false},"excerpt":{"rendered":"<p>Il n\u2019est jamais trop tard pour apprendre \u00e0 faire du v\u00e9lo avec l\u2019ADFC!<\/p>","protected":false},"author":50,"featured_media":71897,"parent":69773,"menu_order":0,"comment_status":"closed","ping_status":"closed","template":"","meta":{"footnotes":""},"tags":[],"class_list":["post-69545","page","type-page","status-publish","has-post-thumbnail","hentry","has-post-title","has-post-date","has-post-category","has-post-tag","has-post-comment","has-post-author",""],"builder_content":"<img src=\"https:\/\/www.adfc-wiesbaden.de\/wp-content\/uploads\/2025\/04\/PedelecKurs4_3-scaled.jpg\" title=\"PedelecKurs4_3\" alt=\"Eine im Innenhof der Reduit stehende Gruppe Radfahrer mit Pedelecs im Halbkreis bei Sonnenschein.\" srcset=\"https:\/\/www.adfc-wiesbaden.de\/wp-content\/uploads\/2025\/04\/PedelecKurs4_3-scaled.jpg 2560w, https:\/\/www.adfc-wiesbaden.de\/wp-content\/uploads\/2025\/04\/PedelecKurs4_3-700x525.jpg 700w, https:\/\/www.adfc-wiesbaden.de\/wp-content\/uploads\/2025\/04\/PedelecKurs4_3-1400x1050.jpg 1400w, https:\/\/www.adfc-wiesbaden.de\/wp-content\/uploads\/2025\/04\/PedelecKurs4_3-200x150.jpg 200w, https:\/\/www.adfc-wiesbaden.de\/wp-content\/uploads\/2025\/04\/PedelecKurs4_3-768x576.jpg 768w, https:\/\/www.adfc-wiesbaden.de\/wp-content\/uploads\/2025\/04\/PedelecKurs4_3-1536x1152.jpg 1536w\" sizes=\"(max-width: 2560px) 100vw, 2560px\" \/>\n<img src=\"\/wp-content\/uploads\/2025\/02\/Dreieck_Orange.png\" width=\"44\" title=\"Radfahrkurse\" alt=\"Radfahrkurse\">\nPedelec-Kurs in der Reduit in Kooperation mit der VHS AKK&copy; Andrew Maher\n<h1>Radfahrkurse des ADFC<\/h1>\n<p><b>Zum Lernen ist es nie zu sp\u00e4t - Radfahren lernen mit dem ADFC!<\/b><\/p> <p>Viele Erwachsene k\u00f6nnen es aber nicht oder nicht gut genug. Sei es, dass sie als Kind kein Fahrrad zur Verf\u00fcgung hatten oder aus Kulturkreisen kommen, in denen das Radfahren nicht \u00fcblich ist. Aber auch viele, die es fr\u00fcher gelernt haben, sind h\u00e4ufig unsicher, weil sie nur sehr wenig Fahrpraxis hatten oder sich in Situationen mit vielen anderen Verkehrsteilnehmern \u00fcberfordert f\u00fchlen.<\/p> <p>Wir bieten vor Ort zu verschiedenen Gelegenheiten Radfahrkurse an, diese finden sich in unserer <a href=\"https:\/\/www.adfc-wiesbaden.de\/termine\/\">Termin\u00fcbersicht.<\/a><\/p> <p>Zus\u00e4tzlich bietet der ADFC-Hessen Radfahrkurse f\u00fcr Erwachsene an. Weitergehende Informationen \u00fcber das Konzept der Kurse, weitere Angebote (wie z.B. Pedelec- oder Verkehrskurse) und die entsprechenden Kontaktinformationen finden Sie \u00fcber die Internet-Seiten der Radfahrlehrkr\u00e4fte. Dort finden Sie auch die Kurstermine und die Anmeldem\u00f6glichkeiten.<\/p> <p><a href=\"https:\/\/www.fahrrad-cr.de\/radfahrschule\/kurstemine\/\">Kurstermine von FahrRad!<\/a><\/p> <p><a href=\"https:\/\/radfahrschule-hessen.de\/\">Radfahrschule Hessen<\/a><\/p>\n<p>Wenn Sie weitere Fragen oder Interesse haben, selbst einen Kurs zu organisieren, melden Sie sich gerne unter<a href=\"mailto:info@adfc-wiesbaden.de\"> info@adfc-wiesbaden.de<\/a>.<\/p>","_links":{"self":[{"href":"https:\/\/www.adfc-wiesbaden.de\/fr\/wp-json\/wp\/v2\/pages\/69545","targetHints":{"allow":["GET"]}}],"collection":[{"href":"https:\/\/www.adfc-wiesbaden.de\/fr\/wp-json\/wp\/v2\/pages"}],"about":[{"href":"https:\/\/www.adfc-wiesbaden.de\/fr\/wp-json\/wp\/v2\/types\/page"}],"author":[{"embeddable":true,"href":"https:\/\/www.adfc-wiesbaden.de\/fr\/wp-json\/wp\/v2\/users\/50"}],"replies":[{"embeddable":true,"href":"https:\/\/www.adfc-wiesbaden.de\/fr\/wp-json\/wp\/v2\/comments?post=69545"}],"version-history":[{"count":30,"href":"https:\/\/www.adfc-wiesbaden.de\/fr\/wp-json\/wp\/v2\/pages\/69545\/revisions"}],"predecessor-version":[{"id":71927,"href":"https:\/\/www.adfc-wiesbaden.de\/fr\/wp-json\/wp\/v2\/pages\/69545\/revisions\/71927"}],"up":[{"embeddable":true,"href":"https:\/\/www.adfc-wiesbaden.de\/fr\/wp-json\/wp\/v2\/pages\/69773"}],"wp:featuredmedia":[{"embeddable":true,"href":"https:\/\/www.adfc-wiesbaden.de\/fr\/wp-json\/wp\/v2\/media\/71897"}],"wp:attachment":[{"href":"https:\/\/www.adfc-wiesbaden.de\/fr\/wp-json\/wp\/v2\/media?parent=69545"}],"wp:term":[{"taxonomy":"post_tag","embeddable":true,"href":"https:\/\/www.adfc-wiesbaden.de\/fr\/wp-json\/wp\/v2\/tags?post=69545"}],"curies":[{"name":"wp","href":"https:\/\/api.w.org\/{rel}","templated":true}]}}