{"id":69567,"date":"2025-02-15T12:33:50","date_gmt":"2025-02-15T11:33:50","guid":{"rendered":"https:\/\/www2.adfc-wiesbaden.de\/?page_id=69567"},"modified":"2026-05-08T07:00:37","modified_gmt":"2026-05-08T05:00:37","slug":"tourenprogramm","status":"publish","type":"page","link":"https:\/\/www.adfc-wiesbaden.de\/fr\/radtouren\/tourenprogramm\/","title":{"rendered":"Cyclotourisme Programme d'exp\u00e9riences"},"content":{"rendered":"<!--themify_builder_content-->\n<div id=\"themify_builder_content-69567\" data-postid=\"69567\" class=\"themify_builder_content themify_builder_content-69567 themify_builder tf_clear\">\n                    <div  data-lazy=\"1\" class=\"module_row themify_builder_row tb_ty3a239 tb_first tf_w\">\n                        <div class=\"row_inner col_align_top tb_col_count_2 tf_box tf_rel\">\n                        <div  data-lazy=\"1\" class=\"module_column tb-column col4-2 tb_hswj239 first\">\n                    <!-- module text -->\n<div  class=\"module module-text tb_9hr7146    tb_gs678604\" data-lazy=\"1\">\n        <div  class=\"tb_text_wrap\">\n        <h1>Visites guid\u00e9es<\/h1>\n<p>Dans cette zone, vous avez la possibilit\u00e9 de rechercher sp\u00e9cifiquement en ligne des randonn\u00e9es \u00e0 v\u00e9lo sp\u00e9cifiques et de les afficher en d\u00e9tail.<\/p>\n<p>Veuillez noter que les informations dans l'espace en ligne sont toujours \u00e0 jour: les adaptations ou les ajouts y sont pris en compte dans les meilleurs d\u00e9lais. C'est pourquoi nous vous prions de toujours privil\u00e9gier le contenu en ligne mis \u00e0 jour par rapport aux informations contenues dans le carnet de programme de tourn\u00e9es \u00e9tabli une fois par an (en version PDF ou papier).<\/p>    <\/div>\n<\/div>\n<!-- \/module text --><!-- module text -->\n<div  class=\"module module-text tb_ms4o239 adfc-tour-tourenliste   tb_gs678604\" data-lazy=\"1\">\n        <div  class=\"tb_text_wrap\">\n        <div class=\"veranstaltung_auswahlmenue\"><form action=\"\/fr\/.\/\" data-etm-original-action=\".\"><div class=\"parameterTage\"><h4>jours<\/h4><div><input type=\"radio\" id=\"tage14\" name=\"tage\" value=\"14\" ><label for=\"tage14\">2 semaines<\/label><\/div>\n<div><input type=\"radio\" id=\"tage56\" name=\"tage\" value=\"56\" ><label for=\"tage56\">6 semaines<\/label><\/div>\n<\/div>\n<div class=\"parameter Schwierigkeit\"><h4>difficult\u00e9<\/h4><input type=\"checkbox\" id=\"schwierigkeit_id[263]\" name=\"schwierigkeit_id[263]\"  checked=\"checked\" >&nbsp;<label for=\"schwierigkeit_id[263]\">1*<\/label><br\/>\n<input type=\"checkbox\" id=\"schwierigkeit_id[264]\" name=\"schwierigkeit_id[264]\"  checked=\"checked\" >&nbsp;<label for=\"schwierigkeit_id[264]\">2*<\/label><br\/>\n<input type=\"checkbox\" id=\"schwierigkeit_id[268]\" name=\"schwierigkeit_id[268]\"  checked=\"checked\" >&nbsp;<label for=\"schwierigkeit_id[268]\">3*<\/label><br\/>\n<input type=\"checkbox\" id=\"schwierigkeit_id[265]\" name=\"schwierigkeit_id[265]\"  checked=\"checked\" >&nbsp;<label for=\"schwierigkeit_id[265]\">4*<\/label><br\/>\n<\/div>\n<div class=\"parameter Kategorie\"><h4>cat\u00e9gorie<\/h4><input type=\"checkbox\" id=\"kategorie_id[861]\" name=\"kategorie_id[861]\"  checked=\"checked\" >&nbsp;<label for=\"kategorie_id[861]\">Tour en famille<\/label><br\/>\n<input type=\"checkbox\" id=\"kategorie_id[860]\" name=\"kategorie_id[860]\"  checked=\"checked\" >&nbsp;<label for=\"kategorie_id[860]\">Tour du soir<\/label><br\/>\n<input type=\"checkbox\" id=\"kategorie_id[826]\" name=\"kategorie_id[826]\"  checked=\"checked\" >&nbsp;<label for=\"kategorie_id[826]\">Demi-journ\u00e9e (week-end)<\/label><br\/>\n<input type=\"checkbox\" id=\"kategorie_id[754]\" name=\"kategorie_id[754]\"  checked=\"checked\" >&nbsp;<label for=\"kategorie_id[754]\">Cano\u00eb-kayak<\/label><br\/>\n<input type=\"checkbox\" id=\"kategorie_id[756]\" name=\"kategorie_id[756]\"  checked=\"checked\" >&nbsp;<label for=\"kategorie_id[756]\">Excursion d'une journ\u00e9e (week-end \/ jour f\u00e9ri\u00e9)<\/label><br\/>\n<\/div>\n<input name=\"anzeigen\" value=\"afficher\" type=\"submit\"><input type=\"hidden\" name=\"etm-form-language\" value=\"fr\"\/><\/form><\/div>\n<hr \/>\n<div class=\"veranstaltungsliste\"><p>13 \u00e9v\u00e9nements trouv\u00e9s.<\/p><div class=\"veranstaltung\"><h4>Tour E-Bike \"Conduire \u00e0 l'Aar\"<\/h4><div class=\"datum\">C'est \u00e7a. 31.05.2026<\/div> <div class=\"datumZeit\">10:00<\/div><div class=\"organisation\">ADFC Wiesbaden \/ Rheingau-Taunus<\/div><div class=\"startort\">Place du march\u00e9 d'Idstein\/Fontaine du march\u00e9 <\/div><p class=\"SchwierigkeitKategorie\"><span class=\"schwierigkeit\">3*<\/span><span class=\"kategorie\">Excursion d'une journ\u00e9e (week-end \/ jour f\u00e9ri\u00e9)<\/span><\/p><div class=\"strecke\">63<\/div><div  class=\"Leiter\">Karen Hellmund (<a href=\"tel:01712156099\"\">0171 2156099<\/a>) (<a href=\"https:\/\/www.adfc-tour.de\/botschaft.php?person_id=3243&datum_id=88317\">message<\/a>)<\/div><p class=\"DetailsAnmeldung\"><a class=\"Details\" href=\"\/radtouren\/tourenprogramm\/tour-details?veranstaltung_id=88317\" target=\"_blank\" data-no-translation=\"\">Details<\/a><\/p>\n<\/div>\n<div class=\"veranstaltung\"><h4>Tour du Rheingau<\/h4><div class=\"datum\">C'est \u00e7a. 31.05.2026<\/div> <div class=\"datumZeit\">10:00<\/div><div class=\"organisation\">LE RADLER<\/div><div class=\"startort\">Radler WI Hbf, voie 11<\/div><p class=\"SchwierigkeitKategorie\"><span class=\"schwierigkeit\">3*<\/span><span class=\"kategorie\">Excursion d'une journ\u00e9e (week-end \/ jour f\u00e9ri\u00e9)<\/span><\/p><div class=\"strecke\">55<\/div><div  class=\"Leiter\">Ronny Pietsch (<a href=\"tel:061198819555\"\">0611\/98819555<\/a>) (<a href=\"https:\/\/www.adfc-tour.de\/botschaft.php?person_id=3045&datum_id=88370\">message<\/a>)<\/div><p class=\"DetailsAnmeldung\"><a class=\"Details\" href=\"\/radtouren\/tourenprogramm\/tour-details?veranstaltung_id=88370\" target=\"_blank\" data-no-translation=\"\">Details<\/a><\/p>\n<\/div>\n<div class=\"veranstaltung\"><h4>Grand tour de fin d'ann\u00e9e \u00e0 la Journ\u00e9e mondiale du v\u00e9lo avec f\u00eate \u00e0 v\u00e9lo<\/h4><div class=\"datum\">Mi. 03.06.2026<\/div> <div class=\"datumZeit\">17:00<\/div><div class=\"organisation\">ADFC Wiesbaden \/ Rheingau-Taunus<\/div><div class=\"startort\">Gare centrale de Wiesbaden (parvis) <\/div><p class=\"SchwierigkeitKategorie\"><span class=\"schwierigkeit\">2*<\/span><span class=\"kategorie\">Tour du soir<\/span><\/p><div class=\"strecke\">25<\/div><div  class=\"Leiter\">Karoline Dei\u00dfner (<a href=\"https:\/\/www.adfc-tour.de\/botschaft.php?person_id=3336&datum_id=88373\">message<\/a>), Amelie D\u00f6res (<a href=\"https:\/\/www.adfc-tour.de\/botschaft.php?person_id=2749&datum_id=88373\">message<\/a>)<\/div><p class=\"DetailsAnmeldung\"><a class=\"Details\" href=\"\/radtouren\/tourenprogramm\/tour-details?veranstaltung_id=88373\" target=\"_blank\" data-no-translation=\"\">Details<\/a><\/p>\n<\/div>\n<div class=\"veranstaltung\"><h4>Grand tour de fin d'ann\u00e9e \u00e0 la Journ\u00e9e mondiale du v\u00e9lo avec f\u00eate \u00e0 v\u00e9lo<\/h4><div class=\"datum\">Mi. 03.06.2026<\/div> <div class=\"datumZeit\">17:00<\/div><div class=\"organisation\">ADFC Wiesbaden \/ Rheingau-Taunus<\/div><div class=\"startort\">MZ-Kastel | voilier <\/div><p class=\"SchwierigkeitKategorie\"><span class=\"schwierigkeit\">2*<\/span><span class=\"kategorie\">Tour du soir<\/span><\/p><div class=\"strecke\">25<\/div><div  class=\"Leiter\">Karoline Dei\u00dfner (<a href=\"https:\/\/www.adfc-tour.de\/botschaft.php?person_id=3336&datum_id=88373\">message<\/a>), Amelie D\u00f6res (<a href=\"https:\/\/www.adfc-tour.de\/botschaft.php?person_id=2749&datum_id=88373\">message<\/a>)<\/div><p class=\"DetailsAnmeldung\"><a class=\"Details\" href=\"\/radtouren\/tourenprogramm\/tour-details?veranstaltung_id=88373\" target=\"_blank\" data-no-translation=\"\">Details<\/a><\/p>\n<\/div>\n<div class=\"veranstaltung\"><h4>Wiesbadener Radachter \u2013 Nord &amp; Boucle sud<\/h4><div class=\"datum\">Do. 04.06.2026<\/div> <div class=\"datumZeit\">10:00<\/div><div class=\"organisation\">ADFC Wiesbaden \/ Rheingau-Taunus<\/div><div class=\"startort\">Monument de Schiller <\/div><p class=\"SchwierigkeitKategorie\"><span class=\"schwierigkeit\">4*<\/span><span class=\"kategorie\">Cano\u00eb-kayak<\/span><\/p><div class=\"strecke\">60<\/div><div  class=\"Leiter\">Michael Ebert (<a href=\"tel:01602240735\"\">0160\/2240735<\/a>) (<a href=\"https:\/\/www.adfc-tour.de\/botschaft.php?person_id=3275&datum_id=88374\">message<\/a>)<\/div><p class=\"DetailsAnmeldung\"><a class=\"Details\" href=\"\/radtouren\/tourenprogramm\/tour-details?veranstaltung_id=88374\" target=\"_blank\" data-no-translation=\"\">Details<\/a><\/p>\n<\/div>\n<div class=\"veranstaltung\"><h4>G\u00e2teau aux fraises au Scholzenhof<\/h4><div class=\"datum\">Sa. 06.06.2026<\/div> <div class=\"datumZeit\">14:00<\/div><div class=\"organisation\">ADFC Wiesbaden \/ Rheingau-Taunus<\/div><div class=\"startort\">WI-Westend | Bureau de l'ADFC <\/div><p class=\"SchwierigkeitKategorie\"><span class=\"schwierigkeit\">1*<\/span><span class=\"kategorie\">Tour en famille<\/span><\/p><div class=\"strecke\">22<\/div><div  class=\"Leiter\">Ulla Bai (<a href=\"https:\/\/www.adfc-tour.de\/botschaft.php?person_id=2201&datum_id=88375\">message<\/a>)<\/div><p class=\"DetailsAnmeldung\"><a class=\"Details\" href=\"\/radtouren\/tourenprogramm\/tour-details?veranstaltung_id=88375\" target=\"_blank\" data-no-translation=\"\">Details<\/a><\/p>\n<\/div>\n<div class=\"veranstaltung\"><h4>Circuit de 10 ponts entre Wiesbaden &amp; Mayence<\/h4><div class=\"datum\">C'est \u00e7a. 07.06.2026<\/div> <div class=\"datumZeit\">14:00<\/div><div class=\"organisation\">ADFC Wiesbaden \/ Rheingau-Taunus<\/div><div class=\"startort\">MZ-Kastel | voilier <\/div><p class=\"SchwierigkeitKategorie\"><span class=\"schwierigkeit\">2*<\/span><span class=\"kategorie\">Demi-journ\u00e9e (week-end)<\/span><\/p><div class=\"strecke\">32<\/div><div  class=\"Leiter\">Karoline Dei\u00dfner (<a href=\"https:\/\/www.adfc-tour.de\/botschaft.php?person_id=3336&datum_id=88376\">message<\/a>)<\/div><p class=\"DetailsAnmeldung\"><a class=\"Details\" href=\"\/radtouren\/tourenprogramm\/tour-details?veranstaltung_id=88376\" target=\"_blank\" data-no-translation=\"\">Details<\/a><\/p>\n<\/div>\n<div class=\"veranstaltung\"><h4>Du v\u00e9lo au Rhin - Conduire &amp; Baignade \u00e0 l'\u00e9tat pur<\/h4><div class=\"datum\">C'est \u00e7a. 21.06.2026<\/div> <div class=\"datumZeit\">11:00<\/div><div class=\"organisation\">ADFC Wiesbaden \/ Rheingau-Taunus<\/div><div class=\"startort\">MZ-Kastel | voilier <\/div><p class=\"SchwierigkeitKategorie\"><span class=\"schwierigkeit\">3*<\/span><span class=\"kategorie\">Excursion d'une journ\u00e9e (week-end \/ jour f\u00e9ri\u00e9)<\/span><\/p><div class=\"strecke\">60<\/div><div  class=\"Leiter\"><\/div><p class=\"DetailsAnmeldung\"><a class=\"Details\" href=\"\/radtouren\/tourenprogramm\/tour-details?veranstaltung_id=88380\" target=\"_blank\" data-no-translation=\"\">Details<\/a><\/p>\n<\/div>\n<div class=\"veranstaltung\"><h4>Tour de Mainspitz<\/h4><div class=\"datum\">C'est \u00e7a. 28.06.2026<\/div> <div class=\"datumZeit\">10:00<\/div><div class=\"organisation\">LE RADLER<\/div><div class=\"startort\">Le cycliste  <\/div><p class=\"SchwierigkeitKategorie\"><span class=\"schwierigkeit\">2*<\/span><span class=\"kategorie\">Excursion d'une journ\u00e9e (week-end \/ jour f\u00e9ri\u00e9)<\/span><\/p><div class=\"strecke\">45<\/div><div  class=\"Leiter\">Ronny Pietsch (<a href=\"https:\/\/www.adfc-tour.de\/botschaft.php?person_id=3045&datum_id=88309\">message<\/a>)<\/div><p class=\"DetailsAnmeldung\"><a class=\"Details\" href=\"\/radtouren\/tourenprogramm\/tour-details?veranstaltung_id=88309\" target=\"_blank\" data-no-translation=\"\">Details<\/a><\/p>\n<\/div>\n<div class=\"veranstaltung\"><h4>Tour en v\u00e9lo \u00e9lectrique \u00e0 travers le Taunus<\/h4><div class=\"datum\">C'est \u00e7a. 05.07.2026<\/div> <div class=\"datumZeit\">11:00<\/div><div class=\"organisation\">ADFC Wiesbaden \/ Rheingau-Taunus<\/div><div class=\"startort\">Place du march\u00e9 d'Idstein\/Fontaine du march\u00e9 <\/div><p class=\"SchwierigkeitKategorie\"><span class=\"schwierigkeit\">3*<\/span><span class=\"kategorie\">Excursion d'une journ\u00e9e (week-end \/ jour f\u00e9ri\u00e9)<\/span><\/p><div class=\"strecke\">42<\/div><div  class=\"Leiter\">Michael Ebert (<a href=\"tel:01602240735\"\">0160\/2240735<\/a>) (<a href=\"https:\/\/www.adfc-tour.de\/botschaft.php?person_id=3275&datum_id=88381\">message<\/a>)<\/div><p class=\"DetailsAnmeldung\"><a class=\"Details\" href=\"\/radtouren\/tourenprogramm\/tour-details?veranstaltung_id=88381\" target=\"_blank\" data-no-translation=\"\">Details<\/a><\/p>\n<\/div>\n<div class=\"veranstaltung\"><h4>Tour de Mayence<\/h4><div class=\"datum\">C'est \u00e7a. 12.07.2026<\/div> <div class=\"datumZeit\">10:00<\/div><div class=\"organisation\">LE RADLER<\/div><div class=\"startort\">Le cycliste  <\/div><p class=\"SchwierigkeitKategorie\"><span class=\"schwierigkeit\">3*<\/span><span class=\"kategorie\">Excursion d'une journ\u00e9e (week-end \/ jour f\u00e9ri\u00e9)<\/span><\/p><div class=\"strecke\">55<\/div><div  class=\"Leiter\">Ronny Pietsch (<a href=\"tel:061198819555\"\">0611\/98819555<\/a>) (<a href=\"https:\/\/www.adfc-tour.de\/botschaft.php?person_id=3045&datum_id=88382\">message<\/a>)<\/div><p class=\"DetailsAnmeldung\"><a class=\"Details\" href=\"\/radtouren\/tourenprogramm\/tour-details?veranstaltung_id=88382\" target=\"_blank\" data-no-translation=\"\">Details<\/a><\/p>\n<\/div>\n<div class=\"veranstaltung\"><h4>patinage ou cyclisme en ligne: Travers\u00e9e du Rheingau jusqu'\u00e0 R\u00fcdesheim<\/h4><div class=\"datum\">Sa. 25.07.2026<\/div> <div class=\"datumZeit\">15:30<\/div><div class=\"organisation\">ADFC Wiesbaden \/ Rheingau-Taunus<\/div><div class=\"startort\">WI-Biebrich | Rheinufer (tour de niveau) <\/div><p class=\"SchwierigkeitKategorie\"><span class=\"schwierigkeit\">3*<\/span><span class=\"kategorie\">Demi-journ\u00e9e (week-end)<\/span><\/p><div class=\"strecke\">45<\/div><div  class=\"Leiter\">Alfred Siegmund (<a href=\"https:\/\/www.adfc-tour.de\/botschaft.php?person_id=3188&datum_id=88383\">message<\/a>), Marianne Siegmund (<a href=\"https:\/\/www.adfc-tour.de\/botschaft.php?person_id=2582&datum_id=88383\">message<\/a>)<\/div><p class=\"DetailsAnmeldung\"><a class=\"Details\" href=\"\/radtouren\/tourenprogramm\/tour-details?veranstaltung_id=88383\" target=\"_blank\" data-no-translation=\"\">Details<\/a><\/p>\n<\/div>\n<div class=\"veranstaltung\"><h4>Tour de v\u00e9lo \u00e9lectrique Mensfelder Kopf, W\u00f6rsbach, Emsbach<\/h4><div class=\"datum\">C'est \u00e7a. 26.07.2026<\/div> <div class=\"datumZeit\">10:00<\/div><div class=\"organisation\">ADFC Wiesbaden \/ Rheingau-Taunus<\/div><div class=\"startort\">Place du march\u00e9 d'Idstein\/Fontaine du march\u00e9 <\/div><p class=\"SchwierigkeitKategorie\"><span class=\"schwierigkeit\">3*<\/span><span class=\"kategorie\">Excursion d'une journ\u00e9e (week-end \/ jour f\u00e9ri\u00e9)<\/span><\/p><div class=\"strecke\">60<\/div><div  class=\"Leiter\">Karen Hellmund (<a href=\"tel:01712156099\"\">0171 2156099<\/a>) (<a href=\"https:\/\/www.adfc-tour.de\/botschaft.php?person_id=3243&datum_id=88384\">message<\/a>)<\/div><p class=\"DetailsAnmeldung\"><a class=\"Details\" href=\"\/radtouren\/tourenprogramm\/tour-details?veranstaltung_id=88384\" target=\"_blank\" data-no-translation=\"\">Details<\/a><\/p>\n<\/div>\n<\/div>    <\/div>\n<\/div>\n<!-- \/module text -->        <\/div>\n                    <div  data-lazy=\"1\" class=\"module_column tb-column col4-2 tb_yjww370 last\">\n                    <!-- module box -->\n<div  class=\"module module-box tb_qwmq370  tb_gs678604\" data-lazy=\"1\">\n    <div class=\"module-box-content ui  tb_default_color\">\n                <div class=\"tb_text_wrap\"><div class=\"tb_layout_part_wrap tf_w\"><!--themify_builder_content-->\n    <div  class=\"themify_builder_content themify_builder_content-69641 themify_builder not_editable_builder in_the_loop\" data-postid=\"69641\">\n                        <div  data-lazy=\"1\" class=\"module_row themify_builder_row blue_right_menu_box tb_pon9441 tf_w\">\n                        <div class=\"row_inner col_align_top tb_col_count_1 tf_box tf_rel\">\n                        <div  data-lazy=\"1\" class=\"module_column tb-column col-full tb_imf9000 first\">\n                    <!-- module text -->\n<div  class=\"module module-text tb_ozup006\" data-lazy=\"1\">\n        <div  class=\"tb_text_wrap\">\n        <h2>Autres liens<\/h2>    <\/div>\n<\/div>\n<!-- \/module text --><!-- module buttons -->\n<div  class=\"module module-buttons tb_7dgc555 buttons-horizontal transparent\" data-lazy=\"1\">\n        <div class=\"module-buttons-item tf_in_flx\">\n                        <a href=\"https:\/\/www.adfc-wiesbaden.de\/fr\/radtouren\/adfc-rennradgruppe\/\" class=\"ui builder_button tf_in_flx tb_default_color\" >\n                                    <em><svg  class=\"tf_fa tf-ti-new-window\" xmlns:xlink=\"http:\/\/www.w3.org\/1999\/xlink\" aria-hidden=\"true\"><use href=\"#tf-ti-new-window\" xlink:href=\"#tf-ti-new-window\"><\/use><\/svg><\/em>                                        Groupe de v\u00e9los de route                                        <\/a>\n                <\/div>\n            <\/div>\n<!-- \/module buttons -->\n        <div  data-lazy=\"1\" class=\"module_subrow themify_builder_sub_row tf_w col_align_top tb_col_count_1 tb_it7n050\">\n                <div  data-lazy=\"1\" class=\"module_column sub_column col-full tb_umat066 first\">\n                    <!-- module divider -->\n<div  class=\"module tf_mw module-divider tb_vly7050 solid\" style=\"border-width: 1px;border-color: #ffffff;margin-top: 1px;margin-bottom: 1px;\" data-lazy=\"1\">\n    <\/div>\n<!-- \/module divider -->\n        <\/div>\n                    <\/div>\n        <!-- module buttons -->\n<div  class=\"module module-buttons tb_qhca060 buttons-horizontal transparent\" data-lazy=\"1\">\n        <div class=\"module-buttons-item tf_in_flx\">\n                        <a href=\"https:\/\/www.adfc-wiesbaden.de\/fr\/radtouren\/die-adfc-mittwochsradler-in-wiesbaden\/\" class=\"ui builder_button tf_in_flx tb_default_color\" >\n                                    <em><svg  class=\"tf_fa tf-ti-new-window\" xmlns:xlink=\"http:\/\/www.w3.org\/1999\/xlink\" aria-hidden=\"true\"><use href=\"#tf-ti-new-window\" xlink:href=\"#tf-ti-new-window\"><\/use><\/svg><\/em>                                        Randonn\u00e9e du mercredi                                        <\/a>\n                <\/div>\n            <\/div>\n<!-- \/module buttons -->\n        <div  data-lazy=\"1\" class=\"module_subrow themify_builder_sub_row tf_w col_align_top tb_col_count_1 tb_625t600\">\n                <div  data-lazy=\"1\" class=\"module_column sub_column col-full tb_fr90130 first\">\n                    <!-- module divider -->\n<div  class=\"module tf_mw module-divider tb_s4pu150 solid\" style=\"border-width: 1px;border-color: #ffffff;margin-top: 1px;margin-bottom: 1px;\" data-lazy=\"1\">\n    <\/div>\n<!-- \/module divider -->\n        <\/div>\n                    <\/div>\n        <!-- module buttons -->\n<div  class=\"module module-buttons tb_e0xb166 buttons-horizontal transparent\" data-lazy=\"1\">\n        <div class=\"module-buttons-item tf_in_flx\">\n                        <a href=\"\/fr\/tag\/radtourenbericht\/\" class=\"ui builder_button tf_in_flx tb_default_color\" >\n                                    <em><svg  class=\"tf_fa tf-ti-new-window\" xmlns:xlink=\"http:\/\/www.w3.org\/1999\/xlink\" aria-hidden=\"true\"><use href=\"#tf-ti-new-window\" xlink:href=\"#tf-ti-new-window\"><\/use><\/svg><\/em>                                        Rapports de cyclotourisme                                        <\/a>\n                <\/div>\n            <\/div>\n<!-- \/module buttons -->\n        <div  data-lazy=\"1\" class=\"module_subrow themify_builder_sub_row tf_w col_align_top tb_col_count_1 tb_gd7v606\">\n                <div  data-lazy=\"1\" class=\"module_column sub_column col-full tb_owtx005 first\">\n                    <!-- module divider -->\n<div  class=\"module tf_mw module-divider tb_w7u6006 solid\" style=\"border-width: 1px;border-color: #ffffff;margin-top: 1px;margin-bottom: 1px;\" data-lazy=\"1\">\n    <\/div>\n<!-- \/module divider -->\n        <\/div>\n                    <\/div>\n        <!-- module buttons -->\n<div  class=\"module module-buttons tb_n5xl376 buttons-horizontal transparent\" data-lazy=\"1\">\n        <div class=\"module-buttons-item tf_in_flx\">\n                        <a href=\"\/fr\/tourenprogramm\/\" class=\"ui builder_button tf_in_flx tb_default_color\" >\n                                    <em><svg  class=\"tf_fa tf-ti-new-window\" xmlns:xlink=\"http:\/\/www.w3.org\/1999\/xlink\" aria-hidden=\"true\"><use href=\"#tf-ti-new-window\" xlink:href=\"#tf-ti-new-window\"><\/use><\/svg><\/em>                                        Programme de cyclotourisme                                        <\/a>\n                <\/div>\n            <\/div>\n<!-- \/module buttons -->\n        <div  data-lazy=\"1\" class=\"module_subrow themify_builder_sub_row tf_w col_align_top tb_col_count_1 tb_jzkx459\">\n                <div  data-lazy=\"1\" class=\"module_column sub_column col-full tb_g1gs459 first\">\n                    <!-- module divider -->\n<div  class=\"module tf_mw module-divider tb_qhro459 solid\" style=\"border-width: 1px;border-color: #ffffff;margin-top: 1px;margin-bottom: 1px;\" data-lazy=\"1\">\n    <\/div>\n<!-- \/module divider -->\n        <\/div>\n                    <\/div>\n        <!-- module buttons -->\n<div  class=\"module module-buttons tb_nvai813 buttons-horizontal transparent\" data-lazy=\"1\">\n        <div class=\"module-buttons-item tf_in_flx\">\n                        <a href=\"https:\/\/www.adfc-wiesbaden.de\/fr\/tourenprogramm-als-pdf\/\" class=\"ui builder_button tf_in_flx tb_default_color\" >\n                                    <em><svg  class=\"tf_fa tf-ti-new-window\" xmlns:xlink=\"http:\/\/www.w3.org\/1999\/xlink\" aria-hidden=\"true\"><use href=\"#tf-ti-new-window\" xlink:href=\"#tf-ti-new-window\"><\/use><\/svg><\/em>                                        Programme de cyclotourisme au format PDF                                        <\/a>\n                <\/div>\n            <\/div>\n<!-- \/module buttons -->\n        <div  data-lazy=\"1\" class=\"module_subrow themify_builder_sub_row tf_w col_align_top tb_col_count_1 tb_ww1w469\">\n                <div  data-lazy=\"1\" class=\"module_column sub_column col-full tb_xm56469 first\">\n                    <!-- module divider -->\n<div  class=\"module tf_mw module-divider tb_gdt0469 solid\" style=\"border-width: 1px;border-color: #ffffff;margin-top: 1px;margin-bottom: 1px;\" data-lazy=\"1\">\n    <\/div>\n<!-- \/module divider -->\n        <\/div>\n                    <\/div>\n        <!-- module buttons -->\n<div  class=\"module module-buttons tb_367r972 buttons-horizontal transparent\" data-lazy=\"1\">\n        <div class=\"module-buttons-item tf_in_flx\">\n                        <a href=\"https:\/\/www.adfc-wiesbaden.de\/fr\/radtouren\/tourenprogramm\/teilnahmebedingungen\/\" class=\"ui builder_button tf_in_flx tb_default_color\" >\n                                    <em><svg  class=\"tf_fa tf-ti-new-window\" xmlns:xlink=\"http:\/\/www.w3.org\/1999\/xlink\" aria-hidden=\"true\"><use href=\"#tf-ti-new-window\" xlink:href=\"#tf-ti-new-window\"><\/use><\/svg><\/em>                                        Conditions de participation Tours \u00e0 v\u00e9lo                                        <\/a>\n                <\/div>\n            <\/div>\n<!-- \/module buttons -->\n        <div  data-lazy=\"1\" class=\"module_subrow themify_builder_sub_row tf_w col_align_top tb_col_count_1 tb_nrr0578\">\n                <div  data-lazy=\"1\" class=\"module_column sub_column col-full tb_6fo6578 first\">\n                    <!-- module divider -->\n<div  class=\"module tf_mw module-divider tb_yoja578 solid\" style=\"border-width: 1px;border-color: #ffffff;margin-top: 1px;margin-bottom: 1px;\" data-lazy=\"1\">\n    <\/div>\n<!-- \/module divider -->\n        <\/div>\n                    <\/div>\n                <\/div>\n                        <\/div>\n        <\/div>\n            <\/div>\n<!--\/themify_builder_content--><\/div>\n<\/div>\n    <\/div>\n<\/div>\n<!-- \/module box -->\n        <\/div>\n                        <\/div>\n        <\/div>\n        <\/div>\n<!--\/themify_builder_content-->\n\n\n<p><\/p>","protected":false},"excerpt":{"rendered":"<p>Programme d'exp\u00e9riences cyclistes de l'ADFC Wiesbaden \/ Rheingau-Taunus en collaboration avec l'ADFC Mainz-Bingen<\/p>","protected":false},"author":50,"featured_media":76939,"parent":69427,"menu_order":8,"comment_status":"closed","ping_status":"closed","template":"","meta":{"footnotes":""},"tags":[206,806],"class_list":["post-69567","page","type-page","status-publish","has-post-thumbnail","hentry","tag-radtouren","tag-verein","has-post-title","has-post-date","has-post-category","has-post-tag","has-post-comment","has-post-author",""],"builder_content":"<h1>Gef\u00fchrte Touren<\/h1> <p>In diesem Bereich haben Sie die M\u00f6glichkeit, gezielt online nach bestimmten Radtouren zu suchen und sich diese im Detail anzeigen zu lassen.<\/p> <p>Bitte beachten Sie, dass die Informationen im Onlinebereich stets aktuell gehalten werden: Anpassungen oder Erg\u00e4nzungen werden dort zeitnah ber\u00fccksichtigt. Deshalb bitte immer die aktualisierten Online-Inhalte den Informationen im einmal j\u00e4hrlich erstellten Tourenprogramm-Heft (als PDF- oder Papierausgabe) vorziehen.<\/p>\n<p>[adfc_tour_auswahlmenue parameter=\"Schwierigkeit,Kategorie\" tage=\"90\" ultrakategorie=\"radtour\"]<\/p> <hr \/> <p>[adfc_tour_liste mandant_id=\"51\" maxanzahl=\"200\"\u00a0 zeige_anmeldung=\"true\"\u00a0 ultrakategorie=\"radtour\"\u00a0url_parameter=\"tage,kategorie_id,schwierigkeit_id\" tage=\"90\"]<\/p>\n<p>[themify_layout_part id=\"69641\"]<\/p>","_links":{"self":[{"href":"https:\/\/www.adfc-wiesbaden.de\/fr\/wp-json\/wp\/v2\/pages\/69567","targetHints":{"allow":["GET"]}}],"collection":[{"href":"https:\/\/www.adfc-wiesbaden.de\/fr\/wp-json\/wp\/v2\/pages"}],"about":[{"href":"https:\/\/www.adfc-wiesbaden.de\/fr\/wp-json\/wp\/v2\/types\/page"}],"author":[{"embeddable":true,"href":"https:\/\/www.adfc-wiesbaden.de\/fr\/wp-json\/wp\/v2\/users\/50"}],"replies":[{"embeddable":true,"href":"https:\/\/www.adfc-wiesbaden.de\/fr\/wp-json\/wp\/v2\/comments?post=69567"}],"version-history":[{"count":81,"href":"https:\/\/www.adfc-wiesbaden.de\/fr\/wp-json\/wp\/v2\/pages\/69567\/revisions"}],"predecessor-version":[{"id":76945,"href":"https:\/\/www.adfc-wiesbaden.de\/fr\/wp-json\/wp\/v2\/pages\/69567\/revisions\/76945"}],"up":[{"embeddable":true,"href":"https:\/\/www.adfc-wiesbaden.de\/fr\/wp-json\/wp\/v2\/pages\/69427"}],"wp:featuredmedia":[{"embeddable":true,"href":"https:\/\/www.adfc-wiesbaden.de\/fr\/wp-json\/wp\/v2\/media\/76939"}],"wp:attachment":[{"href":"https:\/\/www.adfc-wiesbaden.de\/fr\/wp-json\/wp\/v2\/media?parent=69567"}],"wp:term":[{"taxonomy":"post_tag","embeddable":true,"href":"https:\/\/www.adfc-wiesbaden.de\/fr\/wp-json\/wp\/v2\/tags?post=69567"}],"curies":[{"name":"wp","href":"https:\/\/api.w.org\/{rel}","templated":true}]}}