{"id":73469,"date":"2025-09-09T21:33:23","date_gmt":"2025-09-09T19:33:23","guid":{"rendered":"https:\/\/www.adfc-wiesbaden.de\/?page_id=73469"},"modified":"2025-09-09T21:35:12","modified_gmt":"2025-09-09T19:35:12","slug":"dossier-mit-dem-rad-zur-schule","status":"publish","type":"page","link":"https:\/\/www.adfc-wiesbaden.de\/fr\/dossier-mit-dem-rad-zur-schule\/","title":{"rendered":"Dossier: Aller \u00e0 l'\u00e9cole \u00e0 v\u00e9lo"},"content":{"rendered":"<!-- wp:themify-builder\/canvas \/-->","protected":false},"excerpt":{"rendered":"<p>Les parents consid\u00e8rent souvent le chemin de l'\u00e9cole comme dangereux et am\u00e8nent souvent leurs enfants en voiture. Mais cela n'aide pas les enfants \u00e0 ma\u00eetriser eux-m\u00eames le chemin de l'\u00e9cole. Le dossier de l'ADFC montre comment les parents peuvent pr\u00e9parer leurs enfants au chemin de l'\u00e9cole.<\/p>","protected":false},"author":50,"featured_media":73470,"parent":0,"menu_order":1,"comment_status":"closed","ping_status":"closed","template":"","meta":{"footnotes":""},"tags":[899],"class_list":["post-73469","page","type-page","status-publish","has-post-thumbnail","hentry","tag-schule","has-post-title","has-post-date","has-post-category","has-post-tag","has-post-comment","has-post-author",""],"builder_content":"","_links":{"self":[{"href":"https:\/\/www.adfc-wiesbaden.de\/fr\/wp-json\/wp\/v2\/pages\/73469","targetHints":{"allow":["GET"]}}],"collection":[{"href":"https:\/\/www.adfc-wiesbaden.de\/fr\/wp-json\/wp\/v2\/pages"}],"about":[{"href":"https:\/\/www.adfc-wiesbaden.de\/fr\/wp-json\/wp\/v2\/types\/page"}],"author":[{"embeddable":true,"href":"https:\/\/www.adfc-wiesbaden.de\/fr\/wp-json\/wp\/v2\/users\/50"}],"replies":[{"embeddable":true,"href":"https:\/\/www.adfc-wiesbaden.de\/fr\/wp-json\/wp\/v2\/comments?post=73469"}],"version-history":[{"count":5,"href":"https:\/\/www.adfc-wiesbaden.de\/fr\/wp-json\/wp\/v2\/pages\/73469\/revisions"}],"predecessor-version":[{"id":73475,"href":"https:\/\/www.adfc-wiesbaden.de\/fr\/wp-json\/wp\/v2\/pages\/73469\/revisions\/73475"}],"wp:featuredmedia":[{"embeddable":true,"href":"https:\/\/www.adfc-wiesbaden.de\/fr\/wp-json\/wp\/v2\/media\/73470"}],"wp:attachment":[{"href":"https:\/\/www.adfc-wiesbaden.de\/fr\/wp-json\/wp\/v2\/media?parent=73469"}],"wp:term":[{"taxonomy":"post_tag","embeddable":true,"href":"https:\/\/www.adfc-wiesbaden.de\/fr\/wp-json\/wp\/v2\/tags?post=73469"}],"curies":[{"name":"wp","href":"https:\/\/api.w.org\/{rel}","templated":true}]}}