{"id":75117,"date":"2026-01-07T17:01:00","date_gmt":"2026-01-07T16:01:00","guid":{"rendered":"https:\/\/www.adfc-wiesbaden.de\/?page_id=75117"},"modified":"2026-03-08T10:37:20","modified_gmt":"2026-03-08T09:37:20","slug":"team-kidical-mass","status":"publish","type":"page","link":"https:\/\/www.adfc-wiesbaden.de\/fr\/kidical-mass\/team-kidical-mass\/","title":{"rendered":"L'\u00e9quipe Kidical Mass"},"content":{"rendered":"<!--themify_builder_content-->\n<div id=\"themify_builder_content-75117\" data-postid=\"75117\" class=\"themify_builder_content themify_builder_content-75117 themify_builder tf_clear\">\n                    <div  data-lazy=\"1\" class=\"module_row themify_builder_row tb_shct620 tb_first tf_w\">\n                        <div class=\"row_inner col_align_top tb_col_count_1 tf_box tf_rel\">\n                        <div  data-lazy=\"1\" class=\"module_column tb-column col-full tb_m93a620 first\">\n                    <!-- module image -->\n<div  class=\"module module-image tb_i76z378 image-top   tf_mw tb_gs2677162d\" data-lazy=\"1\">\n        <div class=\"image-wrap tf_rel tf_mw\">\n            <img loading=\"lazy\" decoding=\"async\" width=\"1600\" height=\"640\" src=\"https:\/\/www.adfc-wiesbaden.de\/wp-content\/uploads\/2026\/02\/kidical-mass-team-juni-2025_quer.jpg\" class=\"wp-post-image wp-image-75244\" title=\"Team Kidical Mass | \u00a9 Karoline Dei\u00dfner\" alt=\"Team Kidical Mass | \u00a9 Karoline Dei\u00dfner\" srcset=\"https:\/\/www.adfc-wiesbaden.de\/wp-content\/uploads\/2026\/02\/kidical-mass-team-juni-2025_quer.jpg 1600w, https:\/\/www.adfc-wiesbaden.de\/wp-content\/uploads\/2026\/02\/kidical-mass-team-juni-2025_quer-700x280.jpg 700w, https:\/\/www.adfc-wiesbaden.de\/wp-content\/uploads\/2026\/02\/kidical-mass-team-juni-2025_quer-1400x560.jpg 1400w, https:\/\/www.adfc-wiesbaden.de\/wp-content\/uploads\/2026\/02\/kidical-mass-team-juni-2025_quer-200x80.jpg 200w, https:\/\/www.adfc-wiesbaden.de\/wp-content\/uploads\/2026\/02\/kidical-mass-team-juni-2025_quer-768x307.jpg 768w, https:\/\/www.adfc-wiesbaden.de\/wp-content\/uploads\/2026\/02\/kidical-mass-team-juni-2025_quer-1536x614.jpg 1536w\" sizes=\"auto, (max-width: 1600px) 100vw, 1600px\" \/>    \n        <\/div>\n    <!-- \/image-wrap -->\n    \n        <div class=\"image-content\">\n                    <h3 class=\"image-title\">\n                                    Team Kidical Mass | \u00a9 Karoline Dei\u00dfner                            <\/h3>\n                    <\/div>\n    <!-- \/image-content -->\n        <\/div>\n<!-- \/module image --><!-- module text -->\n<div  class=\"module module-text tb_ug7g869    tb_gs678604\" data-lazy=\"1\">\n        <div  class=\"tb_text_wrap\">\n        <h1>L'\u00e9quipe Kidical Mass<\/h1>\n<p>L'\u00e9quipe de Kidical Mass Wiesbaden est compos\u00e9e de parents d\u00e9vou\u00e9s et passionn\u00e9s de cyclisme. Parmi nous, il y a des \u00e9tudiants et des professionnels. Nous appr\u00e9cions tous le v\u00e9lo comme moyen de transport pratique dans la ville, ce qui permet de r\u00e9duire la recherche d'une place de parking et de gagner du temps que les autres passent dans les embouteillages. Certains d\u2019entre nous utilisent le v\u00e9lo comme \u00abvoiture familiale\u00bb pour les d\u00e9placements quotidiens pour faire du shopping, aller \u00e0 la cr\u00e8che et \u00e0 l\u2019\u00e9cole. D'autres encore font quotidiennement de nombreux kilom\u00e8tres en v\u00e9lo ou en v\u00e9lo \u00e9lectrique pour se rendre au travail, et certains d'entre nous aiment tout simplement faire du sport pendant leurs loisirs.<br \/>Nous voulons \u00e9galement transmettre \u00e0 nos enfants notre enthousiasme pour la mobilit\u00e9 active au quotidien. Malheureusement, il y a trop de voitures, trop de vitesse dans la ville, de sorte que l'enfant ne peut pas facilement aller seul \u00e0 l'\u00e9cole.<\/p>\n<h2>Participer<\/h2>\n<p>Nous aimons partager notre travail et nous attendons avec impatience de nouvelles id\u00e9es.<br \/>Nous planifions chaque ann\u00e9e trois corsos joyeuses pour les enfants avec de nombreuses visites guid\u00e9es depuis les \u00e9coles primaires des diff\u00e9rents quartiers de la ville. Pour cela, nous avons encore besoin de cyclistes sur place.<br \/>Si vous \u00eates int\u00e9ress\u00e9, \u00e9crivez-nous\u00a0<a href=\"\/fr\/&\/#109;a&#x69;l&#x74;&#111;&#x3a;&#107;&#x69;&#100;i&#x63;a&#x6c;&#109;&#x61;&#115;&#x73;&#64;&#x61;&#100;f&#x63;-&#x77;&#105;&#x65;&#115;&#x62;&#97;d&#x65;n&#x2e;&#100;&#x65;\">kidicalmass@adfc-wiesbaden.de<\/a><\/p>    <\/div>\n<\/div>\n<!-- \/module text -->        <\/div>\n                        <\/div>\n        <\/div>\n                        <div  data-lazy=\"1\" class=\"module_row themify_builder_row tb_xkpz284 tf_w\">\n                        <div class=\"row_inner col_align_top tb_col_count_1 tf_box tf_rel\">\n                        <div  data-lazy=\"1\" class=\"module_column tb-column col-full tb_2zxs284 first\">\n                    <!-- module plain text -->\n<div  class=\"module module-plain-text tb_g16n284\" data-lazy=\"1\">\n        <div class=\"tb_text_wrap\">\n    <div class=\"tb_layout_part_wrap tf_w\"><!--themify_builder_content-->\n    <div  class=\"themify_builder_content themify_builder_content-75393 themify_builder not_editable_builder in_the_loop\" data-postid=\"75393\">\n                        <div  data-css_id=\"ya26861\" data-lazy=\"1\" class=\"module_row themify_builder_row fullwidth tb_ya26861 tf_w\">\n                        <div class=\"row_inner col_align_top tb_col_count_1 tf_box tf_rel\">\n                        <div  data-lazy=\"1\" class=\"module_column tb-column col-full tb_hp60861 leitseite-banner first\">\n                    <!-- module plain text -->\n<div  class=\"module module-plain-text tb_4ow0861\" data-lazy=\"1\">\n        <div class=\"tb_text_wrap\">\n    <a href=\"https:\/\/www.adfc-wiesbaden.de\/fr\/kidical-newsletter\/\" style=\"color:white;text-decoration: none !Important\" target=\"_blank\">\n<div class=\"banner_image-container\">\n\t\n<img decoding=\"async\" class=\"banner_image\" src=\"https:\/\/www.adfc-wiesbaden.de\/wp-content\/uploads\/2022\/02\/Bildschirmfoto_2022-02-26_01-33-56.png\" alt=\"Logo de masse Kidical\" >\n\t\n<\/div>\n<div class=\"banner_text-container\">\n<div style=\"font-size:32px;line-height:39px;font-weight:100;margin-bottom: 10px;text-decoration: none !Important\"><b>Inscrivez-vous maintenant:<\/b><br>Pour la newsletter de Kidical Mass Wiesbaden<\/div>\n\n<div style=\"font-size:24px;line-height:29px;font-weight:300;margin-bottom:2%\">Informations r\u00e9guli\u00e8res sur la Kidical Mass \u00e0 Wiesbaden et ses environs<\/div>\n<div class=\"button_container\">\n<div class=\"margin_16-16-16-0\"><a class=\"button1_blau\" href=\"https:\/\/www.adfc-wiesbaden.de\/fr\/kidical-newsletter\/\" target=\"_blank\">Pour vous inscrire \u00e0 la newsletter<\/a><\/div>\n<\/div>\t\n<\/div>\n<\/a>\n\n\n\n\n    <\/div>\n<\/div>\n<!-- \/module plain text -->        <\/div>\n                        <\/div>\n        <\/div>\n            <\/div>\n<!--\/themify_builder_content--><\/div>\n    <\/div>\n<\/div>\n<!-- \/module plain text -->        <\/div>\n                        <\/div>\n        <\/div>\n        <\/div>\n<!--\/themify_builder_content-->","protected":false},"excerpt":{"rendered":"<p>L'\u00e9quipe de Kidical Mass Wiesbaden est compos\u00e9e de parents d\u00e9vou\u00e9s et passionn\u00e9s de cyclisme.<\/p>","protected":false},"author":53,"featured_media":75241,"parent":74799,"menu_order":0,"comment_status":"closed","ping_status":"closed","template":"","meta":{"footnotes":""},"tags":[516,206,807],"class_list":["post-75117","page","type-page","status-publish","has-post-thumbnail","hentry","tag-kidical-mass","tag-radtouren","tag-veranstaltung","has-post-title","has-post-date","has-post-category","has-post-tag","has-post-comment","has-post-author",""],"builder_content":"<img src=\"https:\/\/www.adfc-wiesbaden.de\/wp-content\/uploads\/2026\/02\/kidical-mass-team-juni-2025_quer.jpg\" title=\"Team Kidical Mass | &copy; Karoline Dei\u00dfner\" alt=\"Team Kidical Mass | &copy; Karoline Dei\u00dfner\" srcset=\"https:\/\/www.adfc-wiesbaden.de\/wp-content\/uploads\/2026\/02\/kidical-mass-team-juni-2025_quer.jpg 1600w, https:\/\/www.adfc-wiesbaden.de\/wp-content\/uploads\/2026\/02\/kidical-mass-team-juni-2025_quer-700x280.jpg 700w, https:\/\/www.adfc-wiesbaden.de\/wp-content\/uploads\/2026\/02\/kidical-mass-team-juni-2025_quer-1400x560.jpg 1400w, https:\/\/www.adfc-wiesbaden.de\/wp-content\/uploads\/2026\/02\/kidical-mass-team-juni-2025_quer-200x80.jpg 200w, https:\/\/www.adfc-wiesbaden.de\/wp-content\/uploads\/2026\/02\/kidical-mass-team-juni-2025_quer-768x307.jpg 768w, https:\/\/www.adfc-wiesbaden.de\/wp-content\/uploads\/2026\/02\/kidical-mass-team-juni-2025_quer-1536x614.jpg 1536w\" sizes=\"(max-width: 1600px) 100vw, 1600px\" \/> <h3> Team Kidical Mass | &copy; Karoline Dei\u00dfner <\/h3>\n<h1>Team Kidical Mass<\/h1> <p>Das Team der Kidical Mass Wiesbaden besteht aus engagierten, radliebenden Eltern. Unter uns sind Studierende und Berufst\u00e4tige. Alle von uns sch\u00e4tzen das Fahrrad als praktisches Verkehrsmittel in der Stadt, das einem die Parkplatzsuche abnimmt und Zeit spart, die andere im Stau verbringen. Manche von uns benutzen das Rad als \u201eFamilienkutsche\u201c f\u00fcr die allt\u00e4glichen Wege zum Einkaufen, zur Kita und zur Schule. Wiederum andere pendeln t\u00e4glich viele Kilometer mit dem Rad oder E-Bike zur Arbeit, und manche von uns fahren einfach gerne sportlich in der Freizeit.<br \/>Unsere Begeisterung bei der aktiven Mobilit\u00e4t im Alltag wollen wir unseren Kindern ebenfalls vermitteln. Nur leider fahren zu viele Autos, zu schnell durch die Stadt, so dass die Kind nicht problemlos alleine zur Schule fahren k\u00f6nnen.<\/p> <h2>Mitmachen<\/h2> <p>Wir teilen gerne unsere Arbeit auf und freuen uns \u00fcber neue Ideen.<br \/>Wir planen j\u00e4hrlich drei fr\u00f6hliche Kinder-Fahrrad-Korsos mit vielen Zubringertouren von den Grundschulen aus den unterschiedlichen Stadtteilen. Daf\u00fcr ben\u00f6tigen wir noch Radfahrende vor Ort.<br \/>Bei Interesse schreibe uns\u00a0<a href=\"mailto:kidicalmass@adfc-wiesbaden.de\">kidicalmass@adfc-wiesbaden.de<\/a><\/p>\n[themify_layout_part id=\"75393\"]","_links":{"self":[{"href":"https:\/\/www.adfc-wiesbaden.de\/fr\/wp-json\/wp\/v2\/pages\/75117","targetHints":{"allow":["GET"]}}],"collection":[{"href":"https:\/\/www.adfc-wiesbaden.de\/fr\/wp-json\/wp\/v2\/pages"}],"about":[{"href":"https:\/\/www.adfc-wiesbaden.de\/fr\/wp-json\/wp\/v2\/types\/page"}],"author":[{"embeddable":true,"href":"https:\/\/www.adfc-wiesbaden.de\/fr\/wp-json\/wp\/v2\/users\/53"}],"replies":[{"embeddable":true,"href":"https:\/\/www.adfc-wiesbaden.de\/fr\/wp-json\/wp\/v2\/comments?post=75117"}],"version-history":[{"count":13,"href":"https:\/\/www.adfc-wiesbaden.de\/fr\/wp-json\/wp\/v2\/pages\/75117\/revisions"}],"predecessor-version":[{"id":75406,"href":"https:\/\/www.adfc-wiesbaden.de\/fr\/wp-json\/wp\/v2\/pages\/75117\/revisions\/75406"}],"up":[{"embeddable":true,"href":"https:\/\/www.adfc-wiesbaden.de\/fr\/wp-json\/wp\/v2\/pages\/74799"}],"wp:featuredmedia":[{"embeddable":true,"href":"https:\/\/www.adfc-wiesbaden.de\/fr\/wp-json\/wp\/v2\/media\/75241"}],"wp:attachment":[{"href":"https:\/\/www.adfc-wiesbaden.de\/fr\/wp-json\/wp\/v2\/media?parent=75117"}],"wp:term":[{"taxonomy":"post_tag","embeddable":true,"href":"https:\/\/www.adfc-wiesbaden.de\/fr\/wp-json\/wp\/v2\/tags?post=75117"}],"curies":[{"name":"wp","href":"https:\/\/api.w.org\/{rel}","templated":true}]}}