{"id":69277,"date":"2025-01-29T17:32:59","date_gmt":"2025-01-29T16:32:59","guid":{"rendered":"https:\/\/wi-test.adfc-frankfurt.de\/?page_id=69277"},"modified":"2025-05-23T05:22:31","modified_gmt":"2025-05-23T03:22:31","slug":"presseportal","status":"publish","type":"page","link":"https:\/\/www.adfc-wiesbaden.de\/it\/ueber-uns\/presseportal\/","title":{"rendered":"Portale stampa"},"content":{"rendered":"<!--themify_builder_content-->\n<div id=\"themify_builder_content-69277\" data-postid=\"69277\" class=\"themify_builder_content themify_builder_content-69277 themify_builder tf_clear\">\n                    <div  data-lazy=\"1\" class=\"module_row themify_builder_row tb_v0iz509 tb_first tf_w\">\n                        <div class=\"row_inner col_align_top tb_col_count_1 tf_box tf_rel\">\n                        <div  data-lazy=\"1\" class=\"module_column tb-column col-full tb_uqne509 first\">\n                    <!-- module text -->\n<div  class=\"module module-text tb_n0i9627    tb_gs678604\" data-lazy=\"1\">\n        <div  class=\"tb_text_wrap\">\n        <h1>Benvenuti nel Portale Stampa<\/h1>\n<p>I giornalisti possono trovare dichiarazioni, informazioni di base, foto della stampa e contatti con le nostre persone di contatto qui.<\/p>\n<h2>contatti<\/h2>\n<p>L'ADFC Wiesbaden\/Rheingau-Taunus e.V. \u00e8 a disposizione dei media per richieste di informazioni.<\/p>\n<p>Si prega di contattare:<\/p>\n<p>Mich\u00e9le Fleckenstein<br \/>E-Mail: presse@adfc-wiesbaden.de<\/p>    <\/div>\n<\/div>\n<!-- \/module text -->        <\/div>\n                        <\/div>\n        <\/div>\n                        <div  data-anchor=\"Pressemitteilungen\" data-lazy=\"1\" class=\"module_row themify_builder_row tb_has_section tb_section-Pressemitteilungen tb_q7oj425 tf_w\">\n                        <div class=\"row_inner col_align_top tb_col_count_1 tf_box tf_rel\">\n                        <div  data-lazy=\"1\" class=\"module_column tb-column col-full tb_wvft425 first\">\n                    <!-- module plain text -->\n<div  class=\"module module-plain-text tb_o6yb973\" data-lazy=\"1\">\n        <div class=\"tb_text_wrap\">\n    <h5 style=\"margin-bottom:15px;\">I nostri ultimi comunicati stampa:<\/h5>\n\n<div class=\"posts_results_as_tiles\">\n\n<article class=\"menu_as_tiles_post post\"><div class=\"menu_as_tiles_image\"><a href=\"\/it\/kidical-mass-2026-wiesbaden-macht-platz-fuer-die-naechste-generation\/\"><img decoding=\"async\" src=\"https:\/\/www.adfc-wiesbaden.de\/wp-content\/uploads\/2025\/04\/2025_kidical_Bahnhof_4_3_20220925_martin-kraft-700x525.jpg\" class=\"menu_as_tiles_image\" width=\"300\" srcset=\"https:\/\/www.adfc-wiesbaden.de\/wp-content\/uploads\/2025\/04\/2025_kidical_Bahnhof_4_3_20220925_martin-kraft-700x525.jpg 700w, https:\/\/www.adfc-wiesbaden.de\/wp-content\/uploads\/2025\/04\/2025_kidical_Bahnhof_4_3_20220925_martin-kraft-1400x1050.jpg 1400w, https:\/\/www.adfc-wiesbaden.de\/wp-content\/uploads\/2025\/04\/2025_kidical_Bahnhof_4_3_20220925_martin-kraft-200x150.jpg 200w, https:\/\/www.adfc-wiesbaden.de\/wp-content\/uploads\/2025\/04\/2025_kidical_Bahnhof_4_3_20220925_martin-kraft-768x576.jpg 768w, https:\/\/www.adfc-wiesbaden.de\/wp-content\/uploads\/2025\/04\/2025_kidical_Bahnhof_4_3_20220925_martin-kraft-1536x1152.jpg 1536w, https:\/\/www.adfc-wiesbaden.de\/wp-content\/uploads\/2025\/04\/2025_kidical_Bahnhof_4_3_20220925_martin-kraft-16x12.jpg 16w, https:\/\/www.adfc-wiesbaden.de\/wp-content\/uploads\/2025\/04\/2025_kidical_Bahnhof_4_3_20220925_martin-kraft-1400x1050-400x300.jpg 400w, https:\/\/www.adfc-wiesbaden.de\/wp-content\/uploads\/2025\/04\/2025_kidical_Bahnhof_4_3_20220925_martin-kraft-1400x1050-300x225.jpg 300w, https:\/\/www.adfc-wiesbaden.de\/wp-content\/uploads\/2025\/04\/2025_kidical_Bahnhof_4_3_20220925_martin-kraft.jpg 1600w\" sizes=\"auto, (max-width: 700px) 100vw, 700px\" loading=\"lazy\" \/><\/a><\/div><div class=\"menu_as_tiles_date\">24.04.2026<\/div><h3 class=\"menu_as_tiles_title\">Massa renale 2026: Wiesbaden lascia spazio alla prossima generazione<\/h3><div class=\"menu_as_tiles_details\">  <span class=\"menu_as_tiles_excerpt\">L'ADFC Wiesbaden vi invita alla colorata serie dimostrativa di biciclette - inizio il 3 maggio alla Dernsche Gel\u00e4nde per strade pi\u00f9 sicure e mobilit\u00e0 facile<\/span><\/div><div class=\"menu_as_tiles_button\"><a href=\"\/it\/kidical-mass-2026-wiesbaden-macht-platz-fuer-die-naechste-generation\/\">Leggi di pi\u00f9<\/a><\/div><div class=\"menu_as_tiles_tag_category_container\"> <div class=\"menu_as_tiles_tag\"><a href=\"\/it\/tag\/fahrraddemo\/\">Demo della bicicletta<\/a><\/div> <div class=\"menu_as_tiles_tag\"><a href=\"\/it\/tag\/kidical-mass\/\">Massa renale<\/a><\/div> <div class=\"menu_as_tiles_tag\"><a href=\"\/it\/tag\/politik-verkehr\/\">Politica &amp; Trasporti<\/a><\/div> <div class=\"menu_as_tiles_tag\"><a href=\"\/it\/tag\/pressemitteilung\/\">Comunicato stampa<\/a><\/div> <div class=\"menu_as_tiles_tag\"><a href=\"\/it\/tag\/veranstaltung\/\">evento<\/a><\/div><\/div><\/article>\n\n<article class=\"menu_as_tiles_post post\"><div class=\"menu_as_tiles_image\"><a href=\"\/it\/wiesbaden-waehlt-verkehrspolitik-volles-haus-und-spannendes-format\/\"><img decoding=\"async\" src=\"https:\/\/www.adfc-wiesbaden.de\/wp-content\/uploads\/2026\/02\/2026-02-04_MG_3017_web_4x3_ollo-kessler-700x525.jpg\" class=\"menu_as_tiles_image\" width=\"300\" srcset=\"https:\/\/www.adfc-wiesbaden.de\/wp-content\/uploads\/2026\/02\/2026-02-04_MG_3017_web_4x3_ollo-kessler-700x525.jpg 700w, https:\/\/www.adfc-wiesbaden.de\/wp-content\/uploads\/2026\/02\/2026-02-04_MG_3017_web_4x3_ollo-kessler-1400x1050.jpg 1400w, https:\/\/www.adfc-wiesbaden.de\/wp-content\/uploads\/2026\/02\/2026-02-04_MG_3017_web_4x3_ollo-kessler-200x150.jpg 200w, https:\/\/www.adfc-wiesbaden.de\/wp-content\/uploads\/2026\/02\/2026-02-04_MG_3017_web_4x3_ollo-kessler-768x576.jpg 768w, https:\/\/www.adfc-wiesbaden.de\/wp-content\/uploads\/2026\/02\/2026-02-04_MG_3017_web_4x3_ollo-kessler-1536x1152.jpg 1536w, https:\/\/www.adfc-wiesbaden.de\/wp-content\/uploads\/2026\/02\/2026-02-04_MG_3017_web_4x3_ollo-kessler.jpg 1600w\" sizes=\"auto, (max-width: 700px) 100vw, 700px\" loading=\"lazy\" \/><\/a><\/div><div class=\"menu_as_tiles_date\">06.02.2026<\/div><h3 class=\"menu_as_tiles_title\">Wiesbaden sceglie la politica dei trasporti: full house e format entusiasmante\u00a0<\/h3><div class=\"menu_as_tiles_details\">  <span class=\"menu_as_tiles_excerpt\">Un enorme successo \u00e8 stato l'arena elettorale delle 4 associazioni di mobilit\u00e0 a Wiesbaden il 4 febbraio. Prima delle elezioni locali, l'obiettivo era quello di rendere trasparenti per gli elettori le posizioni dei partiti in materia di politica dei trasporti.<\/span><\/div><div class=\"menu_as_tiles_button\"><a href=\"\/it\/wiesbaden-waehlt-verkehrspolitik-volles-haus-und-spannendes-format\/\">Leggi di pi\u00f9<\/a><\/div><div class=\"menu_as_tiles_tag_category_container\"> <div class=\"menu_as_tiles_tag\"><a href=\"\/it\/tag\/kommunalwahl\/\">Elezioni locali<\/a><\/div> <div class=\"menu_as_tiles_tag\"><a href=\"\/it\/tag\/politik-verkehr\/\">Politica &amp; Trasporti<\/a><\/div> <div class=\"menu_as_tiles_tag\"><a href=\"\/it\/tag\/pressemitteilung\/\">Comunicato stampa<\/a><\/div><\/div><\/article>\n\n<article class=\"menu_as_tiles_post post\"><div class=\"menu_as_tiles_image\"><a href=\"\/it\/awahl-o-rad-zur-kommunalwahl-in-wiesbaden\/\"><img decoding=\"async\" src=\"https:\/\/www.adfc-wiesbaden.de\/wp-content\/uploads\/2026\/01\/Wahl-O-Rad_Beitragsbild_4x3-700x525.png\" class=\"menu_as_tiles_image\" width=\"300\" srcset=\"https:\/\/www.adfc-wiesbaden.de\/wp-content\/uploads\/2026\/01\/Wahl-O-Rad_Beitragsbild_4x3-700x525.png 700w, https:\/\/www.adfc-wiesbaden.de\/wp-content\/uploads\/2026\/01\/Wahl-O-Rad_Beitragsbild_4x3-1400x1050.png 1400w, https:\/\/www.adfc-wiesbaden.de\/wp-content\/uploads\/2026\/01\/Wahl-O-Rad_Beitragsbild_4x3-200x150.png 200w, https:\/\/www.adfc-wiesbaden.de\/wp-content\/uploads\/2026\/01\/Wahl-O-Rad_Beitragsbild_4x3-768x576.png 768w, https:\/\/www.adfc-wiesbaden.de\/wp-content\/uploads\/2026\/01\/Wahl-O-Rad_Beitragsbild_4x3-1536x1152.png 1536w, https:\/\/www.adfc-wiesbaden.de\/wp-content\/uploads\/2026\/01\/Wahl-O-Rad_Beitragsbild_4x3.png 2000w\" sizes=\"auto, (max-width: 700px) 100vw, 700px\" loading=\"lazy\" \/><\/a><\/div><div class=\"menu_as_tiles_date\">29.01.2026<\/div><h3 class=\"menu_as_tiles_title\">ADFC Wiesbaden\/Rheingau-Taunus pubblica elezioni a ruota per le elezioni comunali a Wiesbaden<\/h3><div class=\"menu_as_tiles_details\">  <span class=\"menu_as_tiles_excerpt\">Domenica 15 marzo, il consiglio comunale e i consigli consultivi locali saranno rieletti a Wiesbaden. Come aiuto decisionale e comprensione degli obiettivi delle parti, l'ADFC ha pubblicato il suo \"Wahl-o-Rad\" interattivo per Wiesbaden.<\/span><\/div><div class=\"menu_as_tiles_button\"><a href=\"\/it\/awahl-o-rad-zur-kommunalwahl-in-wiesbaden\/\">Leggi di pi\u00f9<\/a><\/div><div class=\"menu_as_tiles_tag_category_container\"> <div class=\"menu_as_tiles_tag\"><a href=\"\/it\/tag\/kommunalwahl\/\">Elezioni locali<\/a><\/div> <div class=\"menu_as_tiles_tag\"><a href=\"\/it\/tag\/politik-verkehr\/\">Politica &amp; Trasporti<\/a><\/div> <div class=\"menu_as_tiles_tag\"><a href=\"\/it\/tag\/pressemitteilung\/\">Comunicato stampa<\/a><\/div><\/div><\/article>\n\n<article class=\"menu_as_tiles_post post\"><div class=\"menu_as_tiles_image\"><a href=\"\/it\/adfc-wiesbaden-rheingau-taunus-fordert-woerthstrasse-in-eltville-muss-fuer-den-radverkehr-in-gegenrichtung-offen-bleiben\/\"><img decoding=\"async\" src=\"https:\/\/www.adfc-wiesbaden.de\/wp-content\/uploads\/2026\/01\/Eltville_Woerthstrasse_2-700x525.jpg\" class=\"menu_as_tiles_image\" width=\"300\" srcset=\"https:\/\/www.adfc-wiesbaden.de\/wp-content\/uploads\/2026\/01\/Eltville_Woerthstrasse_2-700x525.jpg 700w, https:\/\/www.adfc-wiesbaden.de\/wp-content\/uploads\/2026\/01\/Eltville_Woerthstrasse_2-1400x1050.jpg 1400w, https:\/\/www.adfc-wiesbaden.de\/wp-content\/uploads\/2026\/01\/Eltville_Woerthstrasse_2-200x150.jpg 200w, https:\/\/www.adfc-wiesbaden.de\/wp-content\/uploads\/2026\/01\/Eltville_Woerthstrasse_2-768x576.jpg 768w, https:\/\/www.adfc-wiesbaden.de\/wp-content\/uploads\/2026\/01\/Eltville_Woerthstrasse_2-1536x1152.jpg 1536w, https:\/\/www.adfc-wiesbaden.de\/wp-content\/uploads\/2026\/01\/Eltville_Woerthstrasse_2-2048x1536.jpg 2048w\" sizes=\"auto, (max-width: 700px) 100vw, 700px\" loading=\"lazy\" \/><\/a><\/div><div class=\"menu_as_tiles_date\">19.01.2026<\/div><h3 class=\"menu_as_tiles_title\">ADFC Wiesbaden\/Rheingau-Taunus richiede: W\u00f6rthstra\u00dfe a Eltville deve rimanere aperto per il ciclismo nella direzione opposta<\/h3><div class=\"menu_as_tiles_details\">  <span class=\"menu_as_tiles_excerpt\">L'ADFC Wiesbaden\/Rheingau-Taunus critica il fatto che il rilascio di W\u00f6rthstra\u00dfe per il ciclismo nella direzione opposta sia stato revocato e invita la citt\u00e0 di Eltville a invertire immediatamente la misura.<\/span><\/div><div class=\"menu_as_tiles_button\"><a href=\"\/it\/adfc-wiesbaden-rheingau-taunus-fordert-woerthstrasse-in-eltville-muss-fuer-den-radverkehr-in-gegenrichtung-offen-bleiben\/\">Leggi di pi\u00f9<\/a><\/div><div class=\"menu_as_tiles_tag_category_container\"> <div class=\"menu_as_tiles_tag\"><a href=\"\/it\/tag\/politik-verkehr\/\">Politica &amp; Trasporti<\/a><\/div> <div class=\"menu_as_tiles_tag\"><a href=\"\/it\/tag\/pressemitteilung\/\">Comunicato stampa<\/a><\/div> <div class=\"menu_as_tiles_tag\"><a href=\"\/it\/tag\/rheingau\/\">Rheingau<\/a><\/div><\/div><\/article>\n<\/div>\n\n<div class=\"button_container\">\n<div class=\"margin_16-16-8-0\"><a class=\"button-secondary\" href=\"\/it\/tag\/pressemitteilung\/\" target=\"_blank\" rel=\"noopener\">Visualizza tutti i comunicati stampa<\/a><\/div>\n<\/div>    <\/div>\n<\/div>\n<!-- \/module plain text -->        <\/div>\n                        <\/div>\n        <\/div>\n        <\/div>\n<!--\/themify_builder_content-->\n\n\n<p><\/p>","protected":false},"excerpt":{"rendered":"","protected":false},"author":18,"featured_media":0,"parent":69915,"menu_order":6,"comment_status":"closed","ping_status":"closed","template":"","meta":{"footnotes":""},"tags":[],"class_list":["post-69277","page","type-page","status-publish","hentry","has-post-title","has-post-date","has-post-category","has-post-tag","has-post-comment","has-post-author",""],"builder_content":"<h1>Herzlich Willkommen im Presseportal<\/h1> <p>Journalistinnen und Journalisten finden hier Stellungnahmen, Hintergrundinformationen, Pressefotos und den Kontakt zu unseren Ansprechpartner:innen.<\/p> <h2>Ansprechpartner<\/h2> <p>Der ADFC Wiesbaden\/Rheingau-Taunus e.V. steht den Medien gern f\u00fcr Anfragen zur Verf\u00fcgung.<\/p> <p>Wenden Sie sich bitte an:<\/p> <p>Mich\u00e9le Fleckenstein<br \/>E-Mail: presse@adfc-wiesbaden.de<\/p>\n<h5 style=\"margin-bottom:15px;\">Unsere aktuellsten Pressemitteilungen:<\/h5> [posts_as_tiles category=\"Pressemitteilung\" numberposts=\"4\"]\n<a href=\"\/tag\/pressemitteilung\/\" target=\"_blank\" rel=\"noopener\">Alle Pressemitteilungen anzeigen<\/a>","_links":{"self":[{"href":"https:\/\/www.adfc-wiesbaden.de\/it\/wp-json\/wp\/v2\/pages\/69277","targetHints":{"allow":["GET"]}}],"collection":[{"href":"https:\/\/www.adfc-wiesbaden.de\/it\/wp-json\/wp\/v2\/pages"}],"about":[{"href":"https:\/\/www.adfc-wiesbaden.de\/it\/wp-json\/wp\/v2\/types\/page"}],"author":[{"embeddable":true,"href":"https:\/\/www.adfc-wiesbaden.de\/it\/wp-json\/wp\/v2\/users\/18"}],"replies":[{"embeddable":true,"href":"https:\/\/www.adfc-wiesbaden.de\/it\/wp-json\/wp\/v2\/comments?post=69277"}],"version-history":[{"count":27,"href":"https:\/\/www.adfc-wiesbaden.de\/it\/wp-json\/wp\/v2\/pages\/69277\/revisions"}],"predecessor-version":[{"id":72527,"href":"https:\/\/www.adfc-wiesbaden.de\/it\/wp-json\/wp\/v2\/pages\/69277\/revisions\/72527"}],"up":[{"embeddable":true,"href":"https:\/\/www.adfc-wiesbaden.de\/it\/wp-json\/wp\/v2\/pages\/69915"}],"wp:attachment":[{"href":"https:\/\/www.adfc-wiesbaden.de\/it\/wp-json\/wp\/v2\/media?parent=69277"}],"wp:term":[{"taxonomy":"post_tag","embeddable":true,"href":"https:\/\/www.adfc-wiesbaden.de\/it\/wp-json\/wp\/v2\/tags?post=69277"}],"curies":[{"name":"wp","href":"https:\/\/api.w.org\/{rel}","templated":true}]}}