{"id":69431,"date":"2025-02-14T21:34:37","date_gmt":"2025-02-14T20:34:37","guid":{"rendered":"https:\/\/www2.adfc-wiesbaden.de\/?page_id=69431"},"modified":"2025-05-17T07:52:13","modified_gmt":"2025-05-17T05:52:13","slug":"die-adfc-mittwochsradler-in-wiesbaden","status":"publish","type":"page","link":"https:\/\/www.adfc-wiesbaden.de\/it\/radtouren\/die-adfc-mittwochsradler-in-wiesbaden\/","title":{"rendered":"I ciclisti del mercoled\u00ec ADFC a Wiesbaden"},"content":{"rendered":"<!--themify_builder_content-->\n<div id=\"themify_builder_content-69431\" data-postid=\"69431\" class=\"themify_builder_content themify_builder_content-69431 themify_builder tf_clear\">\n                    <div  data-lazy=\"1\" class=\"module_row themify_builder_row tb_fuip376 tb_first tf_w\">\n                        <div class=\"row_inner col_align_top tb_col_count_1 tf_box tf_rel\">\n                        <div  data-lazy=\"1\" class=\"module_column tb-column col-full tb_rup4376 first\">\n                    <!-- module image -->\n<div  class=\"module module-image tb_oeuh376 image-top   tf_mw\" data-lazy=\"1\">\n        <div class=\"image-wrap tf_rel tf_mw\">\n            <img loading=\"lazy\" decoding=\"async\" width=\"2560\" height=\"1441\" src=\"https:\/\/www.adfc-wiesbaden.de\/wp-content\/uploads\/2025\/04\/20250409_Mittwochsradler-Bertramstrasse_Zuschnitt_Lukas-Fleckenstein-scaled.jpg\" class=\"wp-post-image wp-image-71992\" title=\"20250409 _Ciclisti di mercoled\u00ec-Bertramstra\u00dfe _Cutting _Lukas Fleckenstein\" alt=\"Un gruppo di ciclisti in citt\u00e0 in attesa di un semaforo\" srcset=\"https:\/\/www.adfc-wiesbaden.de\/wp-content\/uploads\/2025\/04\/20250409_Mittwochsradler-Bertramstrasse_Zuschnitt_Lukas-Fleckenstein-scaled.jpg 2560w, https:\/\/www.adfc-wiesbaden.de\/wp-content\/uploads\/2025\/04\/20250409_Mittwochsradler-Bertramstrasse_Zuschnitt_Lukas-Fleckenstein-700x394.jpg 700w, https:\/\/www.adfc-wiesbaden.de\/wp-content\/uploads\/2025\/04\/20250409_Mittwochsradler-Bertramstrasse_Zuschnitt_Lukas-Fleckenstein-1400x788.jpg 1400w, https:\/\/www.adfc-wiesbaden.de\/wp-content\/uploads\/2025\/04\/20250409_Mittwochsradler-Bertramstrasse_Zuschnitt_Lukas-Fleckenstein-200x113.jpg 200w, https:\/\/www.adfc-wiesbaden.de\/wp-content\/uploads\/2025\/04\/20250409_Mittwochsradler-Bertramstrasse_Zuschnitt_Lukas-Fleckenstein-768x432.jpg 768w, https:\/\/www.adfc-wiesbaden.de\/wp-content\/uploads\/2025\/04\/20250409_Mittwochsradler-Bertramstrasse_Zuschnitt_Lukas-Fleckenstein-1536x864.jpg 1536w, https:\/\/www.adfc-wiesbaden.de\/wp-content\/uploads\/2025\/04\/20250409_Mittwochsradler-Bertramstrasse_Zuschnitt_Lukas-Fleckenstein-2048x1153.jpg 2048w\" sizes=\"auto, (max-width: 2560px) 100vw, 2560px\" \/>    \n        <\/div>\n    <!-- \/image-wrap -->\n    \n        <\/div>\n<!-- \/module image -->        <div  data-lazy=\"1\" class=\"module_subrow themify_builder_sub_row tf_w col_align_top tb_col_count_3 tb_rzxv376\">\n                <div  data-lazy=\"1\" class=\"module_column sub_column col3-1 tb_9fe9376 first\">\n                    <!-- module image -->\n<div  class=\"module module-image tb_3pvk849 image-center   tf_mw\" data-lazy=\"1\">\n        <div class=\"image-wrap tf_rel tf_mw\">\n            <img decoding=\"async\" src=\"\/wp-content\/uploads\/2025\/02\/Dreieck_Orange.png\" width=\"44\" title=\"I ciclisti del mercoled\u00ec ADFC a Wiesbaden\" alt=\"I ciclisti del mercoled\u00ec ADFC a Wiesbaden\">    \n        <\/div>\n    <!-- \/image-wrap -->\n    \n        <\/div>\n<!-- \/module image -->        <\/div>\n                    <div  data-lazy=\"1\" class=\"module_column sub_column col3-1 tb_royb376\">\n                            <\/div>\n                    <div  data-lazy=\"1\" class=\"module_column sub_column col3-1 tb_j6ht376 last\">\n                            <\/div>\n                    <\/div>\n        <!-- module plain text -->\n<div  class=\"module module-plain-text tb_889e376 bild_header_h1 adfc_orange tb_gs4151609\" data-lazy=\"1\">\n        <div class=\"tb_text_wrap\">\n    <span style=\"font-size:28px; line-height:34px;\" >Tour dopo il lavoro con i ciclisti del mercoled\u00ec<\/span><span style=\"float:right;font-size:14px; line-height:34px;margin-right:5px;\">\u00a9 Lukas Fleckenstein<\/span>    <\/div>\n<\/div>\n<!-- \/module plain text -->        <\/div>\n                        <\/div>\n        <\/div>\n                        <div  data-lazy=\"1\" class=\"module_row themify_builder_row tb_kp6l556 tf_w\">\n                        <div class=\"row_inner col_align_top tb_col_count_1 tf_box tf_rel\">\n                        <div  data-lazy=\"1\" class=\"module_column tb-column col-full tb_757k556 first\">\n                    <!-- module text -->\n<div  class=\"module module-text tb_dzgl486    tb_gs678604\" data-lazy=\"1\">\n        <div  class=\"tb_text_wrap\">\n        <h1>I ciclisti del mercoled\u00ec ADFC a Wiesbaden<\/h1>    <\/div>\n<\/div>\n<!-- \/module text -->        <\/div>\n                        <\/div>\n        <\/div>\n                        <div  data-lazy=\"1\" class=\"module_row themify_builder_row tb_3e2x50 tf_w\">\n                        <div class=\"row_inner col_align_top tb_col_count_2 tf_box tf_rel\">\n                        <div  data-lazy=\"1\" class=\"module_column tb-column col4-2 tb_gecn50 first\">\n                    <!-- module text -->\n<div  class=\"module module-text tb_83sk100    tb_gs678604\" data-lazy=\"1\">\n        <div  class=\"tb_text_wrap\">\n        <h5>Tour settimanali dopo il lavoro da aprile a ottobre<\/h5>\n<p>Da aprile a ottobre, l'ADFC Wiesbaden organizza il suo tour post-lavoro ogni mercoled\u00ec per tutti i membri ADFC che vogliono godersi il loro meritato dopo-lavoro insieme ad altri sulla moto. Questi tour post-lavoro dei \"ciclisti del mercoled\u00ec\" sono visite guidate e durano circa 3 ore (compresa la sosta).<\/p>\n<p><b>Inizio: mer, 17.30 (ottobre. 16:30) allo Schillerdenkmal (Warmer Damm) dietro lo Staatstheater.<\/b><\/p>\n<p><b>I tour del mercoled\u00ec sono esclusivi per i membri ADFC. Chiunque ne pu\u00f2 avere un assaggio: con la partecipazione regolare, l'adesione all'ADFC \u00e8 un prerequisito per partecipare alla gara.<\/b><\/p>\n<p>I tour post-lavoro sono di solito guidati da un membro ADFC diverso ogni mercoled\u00ec. La destinazione del tour di solito determina la guida turistica.<\/p>\n<p>Di solito, circa 25-30 chilometri vengono percorsi di mercoled\u00ec. Tutto dipende dal percorso e dalla destinazione. Ci\u00f2 significa che tutti i partecipanti devono avere una condizione di base o una bicicletta con almeno 7 o 21 marce.<\/p>\n<p>\u00c8 guidato a una velocit\u00e0 normale e non troppo alta. Per salite pi\u00f9 grandi, il gruppo aspetta insieme fino a quando tutti i partecipanti non si sono spostati e si sono ricongiunti. Durante il viaggio, vengono effettuate sufficienti pause per bere.<\/p>\n<p>Dopo la sosta, il gruppo torna insieme in direzione di Wiesbaden. Tuttavia, non al punto di partenza \"Schillerdenkmal\", ma ognuno lascia dove vive o dove la strada di casa \u00e8 la pi\u00f9 breve per lui.<\/p>\n<h2>Le condizioni di partecipazione a un tour serale festivo ADFC<\/h2>\n<p>Possono partecipare solo coloro che portano una bici sicura per la strada al tour. La luce, i freni e la campana dovrebbero sicuramente funzionare. Si consiglia di avere sempre con s\u00e9 un tubo di ricambio adatto, indumenti antipioggia e una bottiglia da bere.<\/p>\n<p>Ogni partecipante deve rispettare le regole del traffico e guidare a proprio rischio.<\/p>\n<p>Se non segui le regole del traffico durante il tour o altrimenti diventi evidente e possibilmente metta in pericolo altri passeggeri, puoi essere escluso dal tour dalla direzione del tour.<\/p>    <\/div>\n<\/div>\n<!-- \/module text -->        <\/div>\n                    <div  data-lazy=\"1\" class=\"module_column tb-column col4-2 tb_jgdb583 last\">\n                    <!-- module box -->\n<div  class=\"module module-box tb_n5bs583  tb_gs678604\" data-lazy=\"1\">\n    <div class=\"module-box-content ui  tb_default_color\">\n                <div class=\"tb_text_wrap\"><div class=\"tb_layout_part_wrap tf_w\"><!--themify_builder_content-->\n    <div  class=\"themify_builder_content themify_builder_content-69641 themify_builder not_editable_builder in_the_loop\" data-postid=\"69641\">\n                        <div  data-lazy=\"1\" class=\"module_row themify_builder_row blue_right_menu_box tb_pon9441 tf_w\">\n                        <div class=\"row_inner col_align_top tb_col_count_1 tf_box tf_rel\">\n                        <div  data-lazy=\"1\" class=\"module_column tb-column col-full tb_imf9000 first\">\n                    <!-- module text -->\n<div  class=\"module module-text tb_ozup006\" data-lazy=\"1\">\n        <div  class=\"tb_text_wrap\">\n        <h2>Altri link<\/h2>    <\/div>\n<\/div>\n<!-- \/module text --><!-- module buttons -->\n<div  class=\"module module-buttons tb_7dgc555 buttons-horizontal transparent\" data-lazy=\"1\">\n        <div class=\"module-buttons-item tf_in_flx\">\n                        <a href=\"https:\/\/www.adfc-wiesbaden.de\/it\/radtouren\/adfc-rennradgruppe\/\" class=\"ui builder_button tf_in_flx tb_default_color\" >\n                                    <em><svg  class=\"tf_fa tf-ti-new-window\" xmlns:xlink=\"http:\/\/www.w3.org\/1999\/xlink\" aria-hidden=\"true\"><use href=\"#tf-ti-new-window\" xlink:href=\"#tf-ti-new-window\"><\/use><\/svg><\/em>                                        Gruppo bici da strada                                        <\/a>\n                <\/div>\n            <\/div>\n<!-- \/module buttons -->\n        <div  data-lazy=\"1\" class=\"module_subrow themify_builder_sub_row tf_w col_align_top tb_col_count_1 tb_it7n050\">\n                <div  data-lazy=\"1\" class=\"module_column sub_column col-full tb_umat066 first\">\n                    <!-- module divider -->\n<div  class=\"module tf_mw module-divider tb_vly7050 solid\" style=\"border-width: 1px;border-color: #ffffff;margin-top: 1px;margin-bottom: 1px;\" data-lazy=\"1\">\n    <\/div>\n<!-- \/module divider -->\n        <\/div>\n                    <\/div>\n        <!-- module buttons -->\n<div  class=\"module module-buttons tb_qhca060 buttons-horizontal transparent\" data-lazy=\"1\">\n        <div class=\"module-buttons-item tf_in_flx\">\n                        <a href=\"https:\/\/www.adfc-wiesbaden.de\/it\/radtouren\/die-adfc-mittwochsradler-in-wiesbaden\/\" class=\"ui builder_button tf_in_flx tb_default_color\" >\n                                    <em><svg  class=\"tf_fa tf-ti-new-window\" xmlns:xlink=\"http:\/\/www.w3.org\/1999\/xlink\" aria-hidden=\"true\"><use href=\"#tf-ti-new-window\" xlink:href=\"#tf-ti-new-window\"><\/use><\/svg><\/em>                                        Mercoled\u00ec ciclisti                                        <\/a>\n                <\/div>\n            <\/div>\n<!-- \/module buttons -->\n        <div  data-lazy=\"1\" class=\"module_subrow themify_builder_sub_row tf_w col_align_top tb_col_count_1 tb_625t600\">\n                <div  data-lazy=\"1\" class=\"module_column sub_column col-full tb_fr90130 first\">\n                    <!-- module divider -->\n<div  class=\"module tf_mw module-divider tb_s4pu150 solid\" style=\"border-width: 1px;border-color: #ffffff;margin-top: 1px;margin-bottom: 1px;\" data-lazy=\"1\">\n    <\/div>\n<!-- \/module divider -->\n        <\/div>\n                    <\/div>\n        <!-- module buttons -->\n<div  class=\"module module-buttons tb_e0xb166 buttons-horizontal transparent\" data-lazy=\"1\">\n        <div class=\"module-buttons-item tf_in_flx\">\n                        <a href=\"\/it\/tag\/radtourenbericht\/\" class=\"ui builder_button tf_in_flx tb_default_color\" >\n                                    <em><svg  class=\"tf_fa tf-ti-new-window\" xmlns:xlink=\"http:\/\/www.w3.org\/1999\/xlink\" aria-hidden=\"true\"><use href=\"#tf-ti-new-window\" xlink:href=\"#tf-ti-new-window\"><\/use><\/svg><\/em>                                        Rapporti di tour in bicicletta                                        <\/a>\n                <\/div>\n            <\/div>\n<!-- \/module buttons -->\n        <div  data-lazy=\"1\" class=\"module_subrow themify_builder_sub_row tf_w col_align_top tb_col_count_1 tb_gd7v606\">\n                <div  data-lazy=\"1\" class=\"module_column sub_column col-full tb_owtx005 first\">\n                    <!-- module divider -->\n<div  class=\"module tf_mw module-divider tb_w7u6006 solid\" style=\"border-width: 1px;border-color: #ffffff;margin-top: 1px;margin-bottom: 1px;\" data-lazy=\"1\">\n    <\/div>\n<!-- \/module divider -->\n        <\/div>\n                    <\/div>\n        <!-- module buttons -->\n<div  class=\"module module-buttons tb_n5xl376 buttons-horizontal transparent\" data-lazy=\"1\">\n        <div class=\"module-buttons-item tf_in_flx\">\n                        <a href=\"\/it\/tourenprogramm\/\" class=\"ui builder_button tf_in_flx tb_default_color\" >\n                                    <em><svg  class=\"tf_fa tf-ti-new-window\" xmlns:xlink=\"http:\/\/www.w3.org\/1999\/xlink\" aria-hidden=\"true\"><use href=\"#tf-ti-new-window\" xlink:href=\"#tf-ti-new-window\"><\/use><\/svg><\/em>                                        Programma di tour in bicicletta                                        <\/a>\n                <\/div>\n            <\/div>\n<!-- \/module buttons -->\n        <div  data-lazy=\"1\" class=\"module_subrow themify_builder_sub_row tf_w col_align_top tb_col_count_1 tb_jzkx459\">\n                <div  data-lazy=\"1\" class=\"module_column sub_column col-full tb_g1gs459 first\">\n                    <!-- module divider -->\n<div  class=\"module tf_mw module-divider tb_qhro459 solid\" style=\"border-width: 1px;border-color: #ffffff;margin-top: 1px;margin-bottom: 1px;\" data-lazy=\"1\">\n    <\/div>\n<!-- \/module divider -->\n        <\/div>\n                    <\/div>\n        <!-- module buttons -->\n<div  class=\"module module-buttons tb_nvai813 buttons-horizontal transparent\" data-lazy=\"1\">\n        <div class=\"module-buttons-item tf_in_flx\">\n                        <a href=\"https:\/\/www.adfc-wiesbaden.de\/it\/tourenprogramm-als-pdf\/\" class=\"ui builder_button tf_in_flx tb_default_color\" >\n                                    <em><svg  class=\"tf_fa tf-ti-new-window\" xmlns:xlink=\"http:\/\/www.w3.org\/1999\/xlink\" aria-hidden=\"true\"><use href=\"#tf-ti-new-window\" xlink:href=\"#tf-ti-new-window\"><\/use><\/svg><\/em>                                        Programma di tour in bicicletta in PDF                                        <\/a>\n                <\/div>\n            <\/div>\n<!-- \/module buttons -->\n        <div  data-lazy=\"1\" class=\"module_subrow themify_builder_sub_row tf_w col_align_top tb_col_count_1 tb_ww1w469\">\n                <div  data-lazy=\"1\" class=\"module_column sub_column col-full tb_xm56469 first\">\n                    <!-- module divider -->\n<div  class=\"module tf_mw module-divider tb_gdt0469 solid\" style=\"border-width: 1px;border-color: #ffffff;margin-top: 1px;margin-bottom: 1px;\" data-lazy=\"1\">\n    <\/div>\n<!-- \/module divider -->\n        <\/div>\n                    <\/div>\n        <!-- module buttons -->\n<div  class=\"module module-buttons tb_367r972 buttons-horizontal transparent\" data-lazy=\"1\">\n        <div class=\"module-buttons-item tf_in_flx\">\n                        <a href=\"https:\/\/www.adfc-wiesbaden.de\/it\/radtouren\/tourenprogramm\/teilnahmebedingungen\/\" class=\"ui builder_button tf_in_flx tb_default_color\" >\n                                    <em><svg  class=\"tf_fa tf-ti-new-window\" xmlns:xlink=\"http:\/\/www.w3.org\/1999\/xlink\" aria-hidden=\"true\"><use href=\"#tf-ti-new-window\" xlink:href=\"#tf-ti-new-window\"><\/use><\/svg><\/em>                                        Condizioni di partecipazione Bike tours                                        <\/a>\n                <\/div>\n            <\/div>\n<!-- \/module buttons -->\n        <div  data-lazy=\"1\" class=\"module_subrow themify_builder_sub_row tf_w col_align_top tb_col_count_1 tb_nrr0578\">\n                <div  data-lazy=\"1\" class=\"module_column sub_column col-full tb_6fo6578 first\">\n                    <!-- module divider -->\n<div  class=\"module tf_mw module-divider tb_yoja578 solid\" style=\"border-width: 1px;border-color: #ffffff;margin-top: 1px;margin-bottom: 1px;\" data-lazy=\"1\">\n    <\/div>\n<!-- \/module divider -->\n        <\/div>\n                    <\/div>\n                <\/div>\n                        <\/div>\n        <\/div>\n            <\/div>\n<!--\/themify_builder_content--><\/div>\n<\/div>\n    <\/div>\n<\/div>\n<!-- \/module box -->\n        <\/div>\n                        <\/div>\n        <\/div>\n        <\/div>\n<!--\/themify_builder_content-->\n\n\n<p><\/p>","protected":false},"excerpt":{"rendered":"<p><b>Tour settimanali dopo il lavoro da aprile a ottobre<\/b><\/p>\n<p>Inizio: MI, ore 17.30 (Ott. 16:30) allo Schillerdenkmal (Warmer Damm) dietro lo Staatstheater.<\/p>","protected":false},"author":18,"featured_media":69681,"parent":69427,"menu_order":12,"comment_status":"closed","ping_status":"closed","template":"","meta":{"footnotes":""},"tags":[761,206],"class_list":["post-69431","page","type-page","status-publish","has-post-thumbnail","hentry","tag-mittwochsradler","tag-radtouren","has-post-title","has-post-date","has-post-category","has-post-tag","has-post-comment","has-post-author",""],"builder_content":"<img src=\"https:\/\/www.adfc-wiesbaden.de\/wp-content\/uploads\/2025\/04\/20250409_Mittwochsradler-Bertramstrasse_Zuschnitt_Lukas-Fleckenstein-scaled.jpg\" title=\"20250409_Mittwochsradler-Bertramstra\u00dfe_Zuschnitt_Lukas Fleckenstein\" alt=\"Eine Gruppe Radfahrende in der Stadt, die an einer Ampel warten\" srcset=\"https:\/\/www.adfc-wiesbaden.de\/wp-content\/uploads\/2025\/04\/20250409_Mittwochsradler-Bertramstrasse_Zuschnitt_Lukas-Fleckenstein-scaled.jpg 2560w, https:\/\/www.adfc-wiesbaden.de\/wp-content\/uploads\/2025\/04\/20250409_Mittwochsradler-Bertramstrasse_Zuschnitt_Lukas-Fleckenstein-700x394.jpg 700w, https:\/\/www.adfc-wiesbaden.de\/wp-content\/uploads\/2025\/04\/20250409_Mittwochsradler-Bertramstrasse_Zuschnitt_Lukas-Fleckenstein-1400x788.jpg 1400w, https:\/\/www.adfc-wiesbaden.de\/wp-content\/uploads\/2025\/04\/20250409_Mittwochsradler-Bertramstrasse_Zuschnitt_Lukas-Fleckenstein-200x113.jpg 200w, https:\/\/www.adfc-wiesbaden.de\/wp-content\/uploads\/2025\/04\/20250409_Mittwochsradler-Bertramstrasse_Zuschnitt_Lukas-Fleckenstein-768x432.jpg 768w, https:\/\/www.adfc-wiesbaden.de\/wp-content\/uploads\/2025\/04\/20250409_Mittwochsradler-Bertramstrasse_Zuschnitt_Lukas-Fleckenstein-1536x864.jpg 1536w, https:\/\/www.adfc-wiesbaden.de\/wp-content\/uploads\/2025\/04\/20250409_Mittwochsradler-Bertramstrasse_Zuschnitt_Lukas-Fleckenstein-2048x1153.jpg 2048w\" sizes=\"(max-width: 2560px) 100vw, 2560px\" \/>\n<img src=\"\/wp-content\/uploads\/2025\/02\/Dreieck_Orange.png\" width=\"44\" title=\"Die ADFC-Mittwochsradler in Wiesbaden\" alt=\"Die ADFC-Mittwochsradler in Wiesbaden\">\nFeierabendtouren mit den Mittwochsradlern&copy; Lukas Fleckenstein\n<h1>Die ADFC-Mittwochsradler in Wiesbaden<\/h1>\n<h5>W\u00f6chentliche Feierabendtouren von April bis Oktober<\/h5> <p>Von April bis Oktober veranstaltet der ADFC Wiesbaden jeden Mittwoch seine Feierabendtour f\u00fcr alle ADFC-Mitglieder, die gerne zusammen mit anderen auf dem Fahrrad ihren verdienten Feierabend genie\u00dfen wollen. Diese Feierabendtouren der \u00bbMittwochsradler\u00ab sind gef\u00fchrte Touren und dauern ca. 3 Stunden (inkl. Einkehr).<\/p> <p><b>Start: Mi, 17.30 Uhr (im Okt. 16.30 Uhr) am Schillerdenkmal (Warmer Damm) hinter dem Staatstheater.<\/b><\/p> <p><b>Die Mittwochstouren sind exklusiv f\u00fcr ADFC-Mitglieder. Schnuppern kann jede\/r mal - bei regelm\u00e4\u00dfiger Teilnahme ist die ADFC-Mitgliedschaft Voraussetzung f\u00fcrs Mitfahren.<\/b><\/p> <p>Die Feierabendtouren werden in der Regel jeden Mittwoch von einem anderen ADFC-Mitglied gef\u00fchrt. Das Touren-Ziel bestimmt in der Regel die Tourenleitung.<\/p> <p>In der Regel werden an einem Mittwoch etwa 25 bis 30 Kilometer gefahren. Das h\u00e4ngt ganz von der Strecke und dem Ziel ab. Das bedeutet, dass alle Teilnehmer eine Grundkondition haben sollten bzw. ein Fahrrad mit mindestens 7 oder 21 G\u00e4ngen.<\/p> <p>Es wird mit normalem und nicht zu hohem Tempo gefahren. Bei gr\u00f6\u00dferen Anstiegen wartet die Gruppe gemeinsam, bis alle Teilnehmer aufger\u00fcckt und wieder beisammen sind. W\u00e4hrend der Fahrt werden ausreichend Trinkpausen gemacht.<\/p> <p>Nach der Einkehr f\u00e4hrt die Gruppe auch gemeinsam wieder in Richtung Wiesbaden zur\u00fcck. Allerdings nicht zum Ausgangspunkt \u00bbSchillerdenkmal\u00ab sondern jeder f\u00e4hrt da ab, wo er wohnt bzw. wo der Heimweg f\u00fcr ihn am k\u00fcrzesten ist.<\/p> <h2>Die Teilnahmebedingungen an einer ADFC-Feierabendtour<\/h2> <p>Teilnehmen kann nur, wer ein verkehrssicheres Fahrrad zur Tour mitbringt. Licht, Bremsen und die Klingel sollten unbedingt funktionieren. Es empfiehlt sich, immer einen passenden Ersatzschlauch, Regenkleidung und eine Trinkflasche dabei zu haben.<\/p> <p>Jeder Teilnehmer muss sich an die Verkehrsregeln halten und f\u00e4hrt auf eigene Gefahr.<\/p> <p>Wer sich w\u00e4hrend der Tour nicht an die Verkehrsregeln h\u00e4lt oder sonst auff\u00e4llig wird und vielleicht dadurch andere Mitfahrer gef\u00e4hrdet, kann von der Tour von der Tourenleitung ausgeschlossen werden.<\/p>\n<p>[themify_layout_part id=\"69641\"]<\/p>","_links":{"self":[{"href":"https:\/\/www.adfc-wiesbaden.de\/it\/wp-json\/wp\/v2\/pages\/69431","targetHints":{"allow":["GET"]}}],"collection":[{"href":"https:\/\/www.adfc-wiesbaden.de\/it\/wp-json\/wp\/v2\/pages"}],"about":[{"href":"https:\/\/www.adfc-wiesbaden.de\/it\/wp-json\/wp\/v2\/types\/page"}],"author":[{"embeddable":true,"href":"https:\/\/www.adfc-wiesbaden.de\/it\/wp-json\/wp\/v2\/users\/18"}],"replies":[{"embeddable":true,"href":"https:\/\/www.adfc-wiesbaden.de\/it\/wp-json\/wp\/v2\/comments?post=69431"}],"version-history":[{"count":62,"href":"https:\/\/www.adfc-wiesbaden.de\/it\/wp-json\/wp\/v2\/pages\/69431\/revisions"}],"predecessor-version":[{"id":72508,"href":"https:\/\/www.adfc-wiesbaden.de\/it\/wp-json\/wp\/v2\/pages\/69431\/revisions\/72508"}],"up":[{"embeddable":true,"href":"https:\/\/www.adfc-wiesbaden.de\/it\/wp-json\/wp\/v2\/pages\/69427"}],"wp:featuredmedia":[{"embeddable":true,"href":"https:\/\/www.adfc-wiesbaden.de\/it\/wp-json\/wp\/v2\/media\/69681"}],"wp:attachment":[{"href":"https:\/\/www.adfc-wiesbaden.de\/it\/wp-json\/wp\/v2\/media?parent=69431"}],"wp:term":[{"taxonomy":"post_tag","embeddable":true,"href":"https:\/\/www.adfc-wiesbaden.de\/it\/wp-json\/wp\/v2\/tags?post=69431"}],"curies":[{"name":"wp","href":"https:\/\/api.w.org\/{rel}","templated":true}]}}