{"id":69552,"date":"2025-02-15T12:26:32","date_gmt":"2025-02-15T11:26:32","guid":{"rendered":"https:\/\/www2.adfc-wiesbaden.de\/?page_id=69552"},"modified":"2026-04-15T21:33:20","modified_gmt":"2026-04-15T19:33:20","slug":"verleih","status":"publish","type":"page","link":"https:\/\/www.adfc-wiesbaden.de\/it\/service\/verleih\/","title":{"rendered":"noleggio"},"content":{"rendered":"<!--themify_builder_content-->\n<div id=\"themify_builder_content-69552\" data-postid=\"69552\" class=\"themify_builder_content themify_builder_content-69552 themify_builder tf_clear\">\n                    <div  data-lazy=\"1\" class=\"module_row themify_builder_row tb_fuip376 tb_first tf_w\">\n                        <div class=\"row_inner col_align_top tb_col_count_1 tf_box tf_rel\">\n                        <div  data-lazy=\"1\" class=\"module_column tb-column col-full tb_rup4376 first\">\n                    <!-- module image -->\n<div  class=\"module module-image tb_oeuh376 image-top   tf_mw\" data-lazy=\"1\">\n        <div class=\"image-wrap tf_rel tf_mw\">\n            <img decoding=\"async\" src=\"\/wp-content\/uploads\/2025\/02\/Tandem_Goebenstrasse-scaled.jpg\" alt=\"Il nostro tandem davanti all&#039;ufficio\">    \n        <\/div>\n    <!-- \/image-wrap -->\n    \n        <\/div>\n<!-- \/module image -->        <div  data-lazy=\"1\" class=\"module_subrow themify_builder_sub_row tf_w col_align_top tb_col_count_3 tb_rzxv376\">\n                <div  data-lazy=\"1\" class=\"module_column sub_column col3-1 tb_9fe9376 first\">\n                    <!-- module image -->\n<div  class=\"module module-image tb_mwa1191 image-center   tf_mw\" data-lazy=\"1\">\n        <div class=\"image-wrap tf_rel tf_mw\">\n            <img decoding=\"async\" src=\"\/wp-content\/uploads\/2025\/02\/Dreieck_Orange.png\" width=\"44\" title=\"noleggio\" alt=\"noleggio\">    \n        <\/div>\n    <!-- \/image-wrap -->\n    \n        <\/div>\n<!-- \/module image -->        <\/div>\n                    <div  data-lazy=\"1\" class=\"module_column sub_column col3-1 tb_royb376\">\n                            <\/div>\n                    <div  data-lazy=\"1\" class=\"module_column sub_column col3-1 tb_j6ht376 last\">\n                            <\/div>\n                    <\/div>\n        <!-- module plain text -->\n<div  class=\"module module-plain-text tb_889e376 bild_header_h1 adfc_orange tb_gs4151609\" data-lazy=\"1\">\n        <div class=\"tb_text_wrap\">\n    <span style=\"font-size:28px; line-height:34px;\" >Il nostro tandem davanti all'ufficio<\/span>\n<span style=\"float:right;font-size:14px; line-height:34px;margin-right:5px;\">\u00a9 Michele Fleckenstein<\/span>    <\/div>\n<\/div>\n<!-- \/module plain text -->        <\/div>\n                        <\/div>\n        <\/div>\n                        <div  data-lazy=\"1\" class=\"module_row themify_builder_row tb_kp6l556 tf_w\">\n                        <div class=\"row_inner col_align_top tb_col_count_1 tf_box tf_rel\">\n                        <div  data-lazy=\"1\" class=\"module_column tb-column col-full tb_757k556 first\">\n                    <!-- module text -->\n<div  class=\"module module-text tb_dzgl486    tb_gs678604\" data-lazy=\"1\">\n        <div  class=\"tb_text_wrap\">\n        <h1>Noleggio tandem<\/h1>\n<p><b>Vuoi pedalare in sincronia per due? Nessun problema con il tandem dell'ADFC Wiesbaden\/Rheingau-Taunus!<\/b><\/p>\n<p>Puoi provare la straordinaria esperienza di guida in tandem con il tandem ADFC. Pick-up nel centro di Wiesbaden.<\/p>\n<p><strong>Costi:<\/strong><\/p>\n<ul>\n<li><b>per i membri dell'ADFC<\/b><br \/>20 euro al giorno Mo-Fr \/ 40 euro per il fine settimana*<\/li>\n<li><b>per i non soci<\/b><br \/>40 euro al giorno Mo-Fr \/ 70 euro per il fine settimana*<br \/><br \/>*fine settimana: Da venerd\u00ec pomeriggio a luned\u00ec mattina<\/li>\n<\/ul>\n<p>Un deposito di 200 euro deve essere depositato.<br \/>Raccomandiamo una pre-registrazione tempestiva.<\/p>\n<p>Contatto: <a href=\"mailto:info&#64;adfc-wiesbad&#101;&#110;&#46;&#100;&#101;\">info@adfc-wiesbaden.de<\/a><\/p>    <\/div>\n<\/div>\n<!-- \/module text -->        <\/div>\n                        <\/div>\n        <\/div>\n                        <div  data-lazy=\"1\" class=\"module_row themify_builder_row tb_3e2x50 tf_w\">\n                        <div class=\"row_inner col_align_top tb_col_count_2 tf_box tf_rel\">\n                        <div  data-lazy=\"1\" class=\"module_column tb-column col4-2 tb_gecn50 first\">\n                    <!-- module text -->\n<div  class=\"module module-text tb_83sk100    tb_gs678604\" data-lazy=\"1\">\n        <div  class=\"tb_text_wrap\">\n        <h1 class=\"\">Noleggio di sacchetti da imballaggio<\/h1>\n<p><b>Stai andando in un tour in bicicletta e hai bisogno di borse? Non devi comprarli subito. Prestiamo borse ADFC, singolarmente o in coppia!<\/b><\/p>\n<p>Il Kreisverband Wiesbaden\/Rheingau-Taunus offre borse robuste e resistenti alle intemperie, modello BackRoller classic dell'azienda ORTLIEB.<br \/><br \/>Le borse sono nei colori ADFC blu\/arancione, sono impermeabili e si adattano a qualsiasi portapacchi. Maggiori informazioni sul prodotto: <a href=\"https:\/\/www.ortlieb.com\/de\/back-roller-classic\" target=\"_blank\" rel=\"noopener\">https:\/\/www.ortlieb.com\/de\/back-roller-classic<\/a><br \/><br \/>Puoi prendere in prestito le borse singolarmente o in coppia.<\/p>\n<p><strong>Costi:<\/strong><\/p>\n<ul>\n<li><b>per i membri dell'ADFC<\/b><br \/>2 euro al giorno \/ 5 euro a settimana per borsa<\/li>\n<li><b>per i non soci<\/b><br \/>4 euro al giorno \/ 8 euro a settimana per borsa<\/li>\n<\/ul>\n<p>Un deposito di 100 euro deve essere depositato.<br \/>Raccomandiamo una pre-registrazione tempestiva.<br \/><br \/>Contatto: <a href=\"\/it\/&\/#109;&#x61;&#105;&#x6c;t&#x6f;:&#105;&#x6e;&#102;&#x6f;&#64;&#x61;d&#x66;c&#45;&#x77;&#105;&#x65;s&#x62;a&#x64;&#x65;&#110;&#x2e;&#100;&#x65;\">info@adfc-wiesbaden.de<\/a><\/p>    <\/div>\n<\/div>\n<!-- \/module text -->        <\/div>\n                    <div  data-lazy=\"1\" class=\"module_column tb-column col4-2 tb_jgdb583 last\">\n                    <!-- module image -->\n<div  class=\"module module-image tb_ux8l583 image-top   tf_mw tb_gs2677162d\" data-lazy=\"1\">\n        <div class=\"image-wrap tf_rel tf_mw\">\n            <img decoding=\"async\" src=\"\/wp-content\/uploads\/2025\/02\/FahrradMitPacktasche.jpg\" title=\"Bicicletta con borse \u00a9 Ulla Bai\" alt=\"Bicicletta con borse \u00a9 Ulla Bai\">    \n        <\/div>\n    <!-- \/image-wrap -->\n    \n        <div class=\"image-content\">\n                    <h3 class=\"image-title\">\n                                    Bicicletta con borse \u00a9 Ulla Bai                            <\/h3>\n                    <\/div>\n    <!-- \/image-content -->\n        <\/div>\n<!-- \/module image -->        <\/div>\n                        <\/div>\n        <\/div>\n        <\/div>\n<!--\/themify_builder_content-->","protected":false},"excerpt":{"rendered":"<p>Informazioni sul noleggio di borse e tandem da ADFC Wiesbaden <\/p>","protected":false},"author":50,"featured_media":69554,"parent":69773,"menu_order":0,"comment_status":"closed","ping_status":"closed","template":"","meta":{"footnotes":""},"tags":[],"class_list":["post-69552","page","type-page","status-publish","has-post-thumbnail","hentry","has-post-title","has-post-date","has-post-category","has-post-tag","has-post-comment","has-post-author",""],"builder_content":"<img src=\"\/wp-content\/uploads\/2025\/02\/Tandem_Goebenstrasse-scaled.jpg\" alt=\"Unser Tandem vor der Gesch\u00e4ftsstelle\">\n<img src=\"\/wp-content\/uploads\/2025\/02\/Dreieck_Orange.png\" width=\"44\" title=\"Verleih\" alt=\"Verleih\">\nUnser Tandem vor der Gesch\u00e4ftsstelle \u00a9 Michele Fleckenstein\n<h1>Tandem-Verleih<\/h1> <p><b>Lust, mal zu zweit synchron in die Pedale zu treten? Mit dem Tandem des ADFC Wiesbaden\/Rheingau-Taunus kein Problem!<\/b><\/p> <p>Das au\u00dfergew\u00f6hnliche Erlebnis, mal Tandem zu fahren, k\u00f6nnen Sie mit dem ADFC-Tandem ausprobieren. Abholung in der Innenstadt von Wiesbaden.<\/p> <p><strong>Kosten:<\/strong><\/p> <ul> <li><b>f\u00fcr ADFC-Mitglieder<\/b><br \/>20 Euro pro Tag Mo\u2013Fr\u00a0 \u00a0\/\u00a0 40 Euro f\u00fcr das Wochenende*<\/li> <li><b>f\u00fcr Nicht-Mitglieder<\/b><br \/>40 Euro pro Tag Mo\u2013Fr\u00a0 \u00a0\/\u00a0 70 Euro f\u00fcr das Wochenende*<br \/><br \/>*Wochenende: Freitag Nachmittag bis Montag Vormittag<\/li> <\/ul> <p>Hinterlegt werden muss eine Kaution von 200 Euro.<br \/>Wir empfehlen rechtzeitige Voranmeldung.<\/p> <p>Kontakt: <a href=\"mailto:info@adfc-wiesbaden.de\">info\u200d@adfc-wiesbaden.de<\/a><\/p>\n<h1>Packtaschen-Verleih<\/h1> <p><b>Sie gehen auf eine Radtour und ben\u00f6tigen Packtaschen? Die m\u00fcssen Sie sich nicht gleich kaufen. Wir verleihen ADFC-Packtaschen, einzeln oder als Paar!<\/b><\/p> <p>Der Kreisverband Wiesbaden\/Rheingau-Taunus verleiht robuste und wetterfeste Packtaschen - Modell BackRoller classic von der Firma ORTLIEB.<br \/><br \/>Die Packtaschen sind in den ADFC-Farben blau\/orange, sie sind wasserdicht und passen auf jeden Gep\u00e4cktr\u00e4ger. Mehr Produktinfos: <a href=\"https:\/\/www.ortlieb.com\/de\/back-roller-classic\" target=\"_blank\" rel=\"noopener\">https:\/\/www.ortlieb.com\/de\/back-roller-classic<\/a><br \/><br \/>Sie k\u00f6nnen die Packtaschen einzeln oder als Paar leihen.<\/p> <p><strong>Kosten:<\/strong><\/p> <ul> <li><b>f\u00fcr ADFC-Mitglieder<\/b><br \/>2 Euro pro Tag\u00a0 \/\u00a0 5 Euro pro Woche je Tasche<\/li> <li><b>f\u00fcr Nicht-Mitglieder<\/b><br \/>4 Euro pro Tag\u00a0 \/\u00a0 8 Euro pro Woche je Tasche<\/li> <\/ul> <p>Hinterlegt werden muss eine Kaution von 100 Euro.<br \/>Wir empfehlen rechtzeitige Voranmeldung.<br \/><br \/>Kontakt: <a href=\"mailto:info@adfc-wiesbaden.de\">info\u200d@adfc-wiesbaden.de<\/a><\/p>\n<img src=\"\/wp-content\/uploads\/2025\/02\/FahrradMitPacktasche.jpg\" title=\"Fahrrad mit Packtaschen &copy; Ulla Bai\" alt=\"Fahrrad mit Packtaschen &copy; Ulla Bai\"> <h3> Fahrrad mit Packtaschen &copy; Ulla Bai <\/h3>","_links":{"self":[{"href":"https:\/\/www.adfc-wiesbaden.de\/it\/wp-json\/wp\/v2\/pages\/69552","targetHints":{"allow":["GET"]}}],"collection":[{"href":"https:\/\/www.adfc-wiesbaden.de\/it\/wp-json\/wp\/v2\/pages"}],"about":[{"href":"https:\/\/www.adfc-wiesbaden.de\/it\/wp-json\/wp\/v2\/types\/page"}],"author":[{"embeddable":true,"href":"https:\/\/www.adfc-wiesbaden.de\/it\/wp-json\/wp\/v2\/users\/50"}],"replies":[{"embeddable":true,"href":"https:\/\/www.adfc-wiesbaden.de\/it\/wp-json\/wp\/v2\/comments?post=69552"}],"version-history":[{"count":39,"href":"https:\/\/www.adfc-wiesbaden.de\/it\/wp-json\/wp\/v2\/pages\/69552\/revisions"}],"predecessor-version":[{"id":75868,"href":"https:\/\/www.adfc-wiesbaden.de\/it\/wp-json\/wp\/v2\/pages\/69552\/revisions\/75868"}],"up":[{"embeddable":true,"href":"https:\/\/www.adfc-wiesbaden.de\/it\/wp-json\/wp\/v2\/pages\/69773"}],"wp:featuredmedia":[{"embeddable":true,"href":"https:\/\/www.adfc-wiesbaden.de\/it\/wp-json\/wp\/v2\/media\/69554"}],"wp:attachment":[{"href":"https:\/\/www.adfc-wiesbaden.de\/it\/wp-json\/wp\/v2\/media?parent=69552"}],"wp:term":[{"taxonomy":"post_tag","embeddable":true,"href":"https:\/\/www.adfc-wiesbaden.de\/it\/wp-json\/wp\/v2\/tags?post=69552"}],"curies":[{"name":"wp","href":"https:\/\/api.w.org\/{rel}","templated":true}]}}