{"id":69559,"date":"2025-02-15T12:29:44","date_gmt":"2025-02-15T11:29:44","guid":{"rendered":"https:\/\/www2.adfc-wiesbaden.de\/?page_id=69559"},"modified":"2025-03-14T14:36:43","modified_gmt":"2025-03-14T13:36:43","slug":"radpolitik","status":"publish","type":"page","link":"https:\/\/www.adfc-wiesbaden.de\/it\/radverkehr\/radpolitik\/","title":{"rendered":"Politica radicale"},"content":{"rendered":"<!--themify_builder_content-->\n<div id=\"themify_builder_content-69559\" data-postid=\"69559\" class=\"themify_builder_content themify_builder_content-69559 themify_builder tf_clear\">\n                    <div  data-lazy=\"1\" class=\"module_row themify_builder_row tb_5m86973 tb_first tf_w\">\n                        <div class=\"row_inner col_align_top tb_col_count_1 tf_box tf_rel\">\n                        <div  data-lazy=\"1\" class=\"module_column tb-column col-full tb_gsi7973 first\">\n                            <div  data-lazy=\"1\" class=\"module_subrow themify_builder_sub_row tf_w col_align_top tb_col_count_2 tb_ufrz936\">\n                <div  data-lazy=\"1\" class=\"module_column sub_column col4-2 tb_lbtx937 first\">\n                    <!-- module text -->\n<div  class=\"module module-text tb_deay81    tb_gs678604\" data-lazy=\"1\">\n        <div  class=\"tb_text_wrap\">\n        <h1>Gruppo di lavoro sulla politica ciclistica<\/h1>\n<p>Alcuni anni fa, presso l'ADFC Wiesbaden \/ Rheingau-Taunus, \u00e8 stato costituito un gruppo di lavoro che vuole contribuire a migliorare il ciclismo e renderlo pi\u00f9 sicuro per tutti i ciclisti con azioni, comunicati stampa e proposte ai comitati consultivi locali.\u00a0<\/p>\n<p>Un grande progetto del WG Radpolitik \u00e8 il\u00a0<a href=\"https:\/\/www2.adfc-wiesbaden.de\/radverkehr\/radstern\/\">Stella della ruota<\/a>. Ulteriori informazioni sono disponibili nella pagina collegata.\u00a0<\/p>\n<p>Se siete interessati a migliorare le condizioni del ciclismo, si prega di contattare\u00a0<a href=\"\/it\/r&\/#97;&#100;&#x70;&#x6f;li&#116;&#105;&#x6b;&#x40;ad&#102;&#99;&#x2d;&#x77;ie&#115;&#x62;&#x61;&#x64;e&#110;&#46;&#x64;&#x65;\">radpolitik@adfc-wiesbaden.de<\/a><\/p>    <\/div>\n<\/div>\n<!-- \/module text -->        <\/div>\n                    <div  data-lazy=\"1\" class=\"module_column sub_column col4-2 tb_9kbr937 last\">\n                    <!-- module image -->\n<div  class=\"module module-image tb_zjtf344 image-top   tf_mw tb_gs2677162d\" data-lazy=\"1\">\n        <div class=\"image-wrap tf_rel tf_mw\">\n            <img decoding=\"async\" src=\"\/wp-content\/uploads\/2025\/02\/EOS_4_3.jpg\" title=\"Immagine della nuova pista ciclabile in Erich Ollenauer Stra\u00dfe | \u00a9 Michele Fleckenstein\" alt=\"Immagine della nuova pista ciclabile in Erich Ollenauer Stra\u00dfe | \u00a9 Michele Fleckenstein\">    \n        <\/div>\n    <!-- \/image-wrap -->\n    \n        <div class=\"image-content\">\n                    <h3 class=\"image-title\">\n                                    Immagine della nuova pista ciclabile in Erich Ollenauer Stra\u00dfe | \u00a9 Michele Fleckenstein                            <\/h3>\n                    <\/div>\n    <!-- \/image-content -->\n        <\/div>\n<!-- \/module image -->        <\/div>\n                    <\/div>\n                <\/div>\n                        <\/div>\n        <\/div>\n        <\/div>\n<!--\/themify_builder_content-->","protected":false},"excerpt":{"rendered":"<p>Gruppo di lavoro sulla politica ciclistica presso ADFC Wiesbaden \/ Rheingau-Taunus<\/p>","protected":false},"author":50,"featured_media":70034,"parent":69777,"menu_order":0,"comment_status":"closed","ping_status":"closed","template":"","meta":{"footnotes":""},"tags":[],"class_list":["post-69559","page","type-page","status-publish","has-post-thumbnail","hentry","has-post-title","has-post-date","has-post-category","has-post-tag","has-post-comment","has-post-author",""],"builder_content":"<h1>AG Radpolitik<\/h1> <p>Im ADFC Wiesbaden \/ Rheingau-Taunus hat sich vor einigen Jahren eine Arbeitsgruppe gebildet, die mit Aktionen, Pressemitteilungen und Vorschl\u00e4gen an Ortsbeir\u00e4te dazu beitragen m\u00f6chte, den Radverkehr zu verbessern und f\u00fcr alle Radfahrenden sicherer zu machen.\u00a0<\/p> <p>Ein gro\u00dfes Projekt der AG Radpolitik ist der\u00a0<a href=\"https:\/\/www2.adfc-wiesbaden.de\/radverkehr\/radstern\/\">Radstern<\/a>. Weitere Informationen dazu finden Sie auf der verlinkten Seite.\u00a0<\/p> <p>Wenn sie Interesse daran haben, die Gegebenheiten des Radverkehrs zu verbessern, melden Sie sich gerne unter\u00a0<a href=\"radpolitik@adfc-wiesbaden.de\">radpolitik@adfc-wiesbaden.de<\/a><\/p>\n<img src=\"\/wp-content\/uploads\/2025\/02\/EOS_4_3.jpg\" title=\"Bild des neuen Radwegs in der Erich Ollenauer Stra\u00dfe | &copy; Michele Fleckenstein\" alt=\"Bild des neuen Radwegs in der Erich Ollenauer Stra\u00dfe | &copy; Michele Fleckenstein\"> <h3> Bild des neuen Radwegs in der Erich Ollenauer Stra\u00dfe | &copy; Michele Fleckenstein <\/h3>\n[mat_show_tile postid=\"69562\"]","_links":{"self":[{"href":"https:\/\/www.adfc-wiesbaden.de\/it\/wp-json\/wp\/v2\/pages\/69559","targetHints":{"allow":["GET"]}}],"collection":[{"href":"https:\/\/www.adfc-wiesbaden.de\/it\/wp-json\/wp\/v2\/pages"}],"about":[{"href":"https:\/\/www.adfc-wiesbaden.de\/it\/wp-json\/wp\/v2\/types\/page"}],"author":[{"embeddable":true,"href":"https:\/\/www.adfc-wiesbaden.de\/it\/wp-json\/wp\/v2\/users\/50"}],"replies":[{"embeddable":true,"href":"https:\/\/www.adfc-wiesbaden.de\/it\/wp-json\/wp\/v2\/comments?post=69559"}],"version-history":[{"count":29,"href":"https:\/\/www.adfc-wiesbaden.de\/it\/wp-json\/wp\/v2\/pages\/69559\/revisions"}],"predecessor-version":[{"id":71526,"href":"https:\/\/www.adfc-wiesbaden.de\/it\/wp-json\/wp\/v2\/pages\/69559\/revisions\/71526"}],"up":[{"embeddable":true,"href":"https:\/\/www.adfc-wiesbaden.de\/it\/wp-json\/wp\/v2\/pages\/69777"}],"wp:featuredmedia":[{"embeddable":true,"href":"https:\/\/www.adfc-wiesbaden.de\/it\/wp-json\/wp\/v2\/media\/70034"}],"wp:attachment":[{"href":"https:\/\/www.adfc-wiesbaden.de\/it\/wp-json\/wp\/v2\/media?parent=69559"}],"wp:term":[{"taxonomy":"post_tag","embeddable":true,"href":"https:\/\/www.adfc-wiesbaden.de\/it\/wp-json\/wp\/v2\/tags?post=69559"}],"curies":[{"name":"wp","href":"https:\/\/api.w.org\/{rel}","templated":true}]}}