{"id":69567,"date":"2025-02-15T12:33:50","date_gmt":"2025-02-15T11:33:50","guid":{"rendered":"https:\/\/www2.adfc-wiesbaden.de\/?page_id=69567"},"modified":"2026-05-08T07:00:37","modified_gmt":"2026-05-08T05:00:37","slug":"tourenprogramm","status":"publish","type":"page","link":"https:\/\/www.adfc-wiesbaden.de\/it\/radtouren\/tourenprogramm\/","title":{"rendered":"Bike tours Programma di avventura"},"content":{"rendered":"<!--themify_builder_content-->\n<div id=\"themify_builder_content-69567\" data-postid=\"69567\" class=\"themify_builder_content themify_builder_content-69567 themify_builder tf_clear\">\n                    <div  data-lazy=\"1\" class=\"module_row themify_builder_row tb_ty3a239 tb_first tf_w\">\n                        <div class=\"row_inner col_align_top tb_col_count_2 tf_box tf_rel\">\n                        <div  data-lazy=\"1\" class=\"module_column tb-column col4-2 tb_hswj239 first\">\n                    <!-- module text -->\n<div  class=\"module module-text tb_9hr7146    tb_gs678604\" data-lazy=\"1\">\n        <div  class=\"tb_text_wrap\">\n        <h1>Visite guidate<\/h1>\n<p>In quest'area hai la possibilit\u00e0 di cercare online specifici tour in bicicletta e di mostrarli in dettaglio.<\/p>\n<p>Si prega di notare che le informazioni nell'area online sono sempre aggiornate: le modifiche o le aggiunte sono prese in considerazione in modo tempestivo. Pertanto, si prega di preferire sempre il contenuto online aggiornato alle informazioni contenute nel libretto annuale del programma del tour (in formato PDF o cartaceo).<\/p>    <\/div>\n<\/div>\n<!-- \/module text --><!-- module text -->\n<div  class=\"module module-text tb_ms4o239 adfc-tour-tourenliste   tb_gs678604\" data-lazy=\"1\">\n        <div  class=\"tb_text_wrap\">\n        <div class=\"veranstaltung_auswahlmenue\"><form action=\"\/it\/.\/\" data-etm-original-action=\".\"><div class=\"parameterTage\"><h4>giorni<\/h4><div><input type=\"radio\" id=\"tage14\" name=\"tage\" value=\"14\" ><label for=\"tage14\">2 settimane<\/label><\/div>\n<div><input type=\"radio\" id=\"tage56\" name=\"tage\" value=\"56\" ><label for=\"tage56\">6 settimane<\/label><\/div>\n<\/div>\n<div class=\"parameter Schwierigkeit\"><h4>difficolt\u00e0<\/h4><input type=\"checkbox\" id=\"schwierigkeit_id[263]\" name=\"schwierigkeit_id[263]\"  checked=\"checked\" >&nbsp;<label for=\"schwierigkeit_id[263]\">1*<\/label><br\/>\n<input type=\"checkbox\" id=\"schwierigkeit_id[264]\" name=\"schwierigkeit_id[264]\"  checked=\"checked\" >&nbsp;<label for=\"schwierigkeit_id[264]\">2*<\/label><br\/>\n<input type=\"checkbox\" id=\"schwierigkeit_id[268]\" name=\"schwierigkeit_id[268]\"  checked=\"checked\" >&nbsp;<label for=\"schwierigkeit_id[268]\">3*<\/label><br\/>\n<input type=\"checkbox\" id=\"schwierigkeit_id[265]\" name=\"schwierigkeit_id[265]\"  checked=\"checked\" >&nbsp;<label for=\"schwierigkeit_id[265]\">4*<\/label><br\/>\n<\/div>\n<div class=\"parameter Kategorie\"><h4>categoria<\/h4><input type=\"checkbox\" id=\"kategorie_id[861]\" name=\"kategorie_id[861]\"  checked=\"checked\" >&nbsp;<label for=\"kategorie_id[861]\">Tour in famiglia<\/label><br\/>\n<input type=\"checkbox\" id=\"kategorie_id[860]\" name=\"kategorie_id[860]\"  checked=\"checked\" >&nbsp;<label for=\"kategorie_id[860]\">Tour post-lavoro<\/label><br\/>\n<input type=\"checkbox\" id=\"kategorie_id[826]\" name=\"kategorie_id[826]\"  checked=\"checked\" >&nbsp;<label for=\"kategorie_id[826]\">Tour di mezza giornata (fine settimana)<\/label><br\/>\n<input type=\"checkbox\" id=\"kategorie_id[754]\" name=\"kategorie_id[754]\"  checked=\"checked\" >&nbsp;<label for=\"kategorie_id[754]\">Ciclismo in citt\u00e0<\/label><br\/>\n<input type=\"checkbox\" id=\"kategorie_id[756]\" name=\"kategorie_id[756]\"  checked=\"checked\" >&nbsp;<label for=\"kategorie_id[756]\">Tour di un giorno (fine settimana \/ vacanza)<\/label><br\/>\n<\/div>\n<input name=\"anzeigen\" value=\"mostra\" type=\"submit\"><input type=\"hidden\" name=\"etm-form-language\" value=\"it\"\/><\/form><\/div>\n<hr \/>\n<div class=\"veranstaltungsliste\"><p>Trovati 13 eventi.<\/p><div class=\"veranstaltung\"><h4>E-bike rotondo \"ride to the Aar\"<\/h4><div class=\"datum\">Questo \u00e8 tutto. 31.05.2026<\/div> <div class=\"datumZeit\">10:00<\/div><div class=\"organisation\">ADFC Wiesbaden \/ Rheingau-Taunus<\/div><div class=\"startort\">Idstein mercato\/fontana di mercato <\/div><p class=\"SchwierigkeitKategorie\"><span class=\"schwierigkeit\">3*<\/span><span class=\"kategorie\">Tour di un giorno (fine settimana \/ vacanza)<\/span><\/p><div class=\"strecke\">63<\/div><div  class=\"Leiter\">Karen Hellmund<a href=\"tel:01712156099\"\">0171 2156099<\/a>) (<a href=\"https:\/\/www.adfc-tour.de\/botschaft.php?person_id=3243&datum_id=88317\">messaggio<\/a>)<\/div><p class=\"DetailsAnmeldung\"><a class=\"Details\" href=\"\/radtouren\/tourenprogramm\/tour-details?veranstaltung_id=88317\" target=\"_blank\" data-no-translation=\"\">Details<\/a><\/p>\n<\/div>\n<div class=\"veranstaltung\"><h4>Tour di Rheingau<\/h4><div class=\"datum\">Questo \u00e8 tutto. 31.05.2026<\/div> <div class=\"datumZeit\">10:00<\/div><div class=\"organisation\">IL RADLER<\/div><div class=\"startort\">La stazione principale Radler WI, binario 11<\/div><p class=\"SchwierigkeitKategorie\"><span class=\"schwierigkeit\">3*<\/span><span class=\"kategorie\">Tour di un giorno (fine settimana \/ vacanza)<\/span><\/p><div class=\"strecke\">55<\/div><div  class=\"Leiter\">Ronny Pietsch<a href=\"tel:061198819555\"\">0611\/98819555<\/a>) (<a href=\"https:\/\/www.adfc-tour.de\/botschaft.php?person_id=3045&datum_id=88370\">messaggio<\/a>)<\/div><p class=\"DetailsAnmeldung\"><a class=\"Details\" href=\"\/radtouren\/tourenprogramm\/tour-details?veranstaltung_id=88370\" target=\"_blank\" data-no-translation=\"\">Details<\/a><\/p>\n<\/div>\n<div class=\"veranstaltung\"><h4>Grande tour post-ora al World Bike Day con Bike Party<\/h4><div class=\"datum\">Il mer. 03.06.2026<\/div> <div class=\"datumZeit\">17:00<\/div><div class=\"organisation\">ADFC Wiesbaden \/ Rheingau-Taunus<\/div><div class=\"startort\">Wiesbaden Hauptbahnhof (tribunale) <\/div><p class=\"SchwierigkeitKategorie\"><span class=\"schwierigkeit\">2*<\/span><span class=\"kategorie\">Tour post-lavoro<\/span><\/p><div class=\"strecke\">25<\/div><div  class=\"Leiter\">Karoline Dei\u00dfner (<a href=\"https:\/\/www.adfc-tour.de\/botschaft.php?person_id=3336&datum_id=88373\">messaggio<\/a>), Amelie D\u00f6res (<a href=\"https:\/\/www.adfc-tour.de\/botschaft.php?person_id=2749&datum_id=88373\">messaggio<\/a>)<\/div><p class=\"DetailsAnmeldung\"><a class=\"Details\" href=\"\/radtouren\/tourenprogramm\/tour-details?veranstaltung_id=88373\" target=\"_blank\" data-no-translation=\"\">Details<\/a><\/p>\n<\/div>\n<div class=\"veranstaltung\"><h4>Grande tour post-ora al World Bike Day con Bike Party<\/h4><div class=\"datum\">Il mer. 03.06.2026<\/div> <div class=\"datumZeit\">17:00<\/div><div class=\"organisation\">ADFC Wiesbaden \/ Rheingau-Taunus<\/div><div class=\"startort\">Nave a vela MZ-Kastel | <\/div><p class=\"SchwierigkeitKategorie\"><span class=\"schwierigkeit\">2*<\/span><span class=\"kategorie\">Tour post-lavoro<\/span><\/p><div class=\"strecke\">25<\/div><div  class=\"Leiter\">Karoline Dei\u00dfner (<a href=\"https:\/\/www.adfc-tour.de\/botschaft.php?person_id=3336&datum_id=88373\">messaggio<\/a>), Amelie D\u00f6res (<a href=\"https:\/\/www.adfc-tour.de\/botschaft.php?person_id=2749&datum_id=88373\">messaggio<\/a>)<\/div><p class=\"DetailsAnmeldung\"><a class=\"Details\" href=\"\/radtouren\/tourenprogramm\/tour-details?veranstaltung_id=88373\" target=\"_blank\" data-no-translation=\"\">Details<\/a><\/p>\n<\/div>\n<div class=\"veranstaltung\"><h4>Wiesbadener Radachter - Nord- &amp; Castiglione della Pescaia<\/h4><div class=\"datum\">Fatelo. 04.06.2026<\/div> <div class=\"datumZeit\">10:00<\/div><div class=\"organisation\">ADFC Wiesbaden \/ Rheingau-Taunus<\/div><div class=\"startort\">Monumento di Schiller <\/div><p class=\"SchwierigkeitKategorie\"><span class=\"schwierigkeit\">4*<\/span><span class=\"kategorie\">Ciclismo in citt\u00e0<\/span><\/p><div class=\"strecke\">60<\/div><div  class=\"Leiter\">Michael Ebert (<a href=\"tel:01602240735\"\">0160\/2240735<\/a>) (<a href=\"https:\/\/www.adfc-tour.de\/botschaft.php?person_id=3275&datum_id=88374\">messaggio<\/a>)<\/div><p class=\"DetailsAnmeldung\"><a class=\"Details\" href=\"\/radtouren\/tourenprogramm\/tour-details?veranstaltung_id=88374\" target=\"_blank\" data-no-translation=\"\">Details<\/a><\/p>\n<\/div>\n<div class=\"veranstaltung\"><h4>Alla torta di fragole sullo Scholzenhof<\/h4><div class=\"datum\">Sa. 06.06.2026<\/div> <div class=\"datumZeit\">14:00<\/div><div class=\"organisation\">ADFC Wiesbaden \/ Rheingau-Taunus<\/div><div class=\"startort\">Sede centrale WI-Westend | ADFC <\/div><p class=\"SchwierigkeitKategorie\"><span class=\"schwierigkeit\">1*<\/span><span class=\"kategorie\">Tour in famiglia<\/span><\/p><div class=\"strecke\">22<\/div><div  class=\"Leiter\">Ulla Bai (<a href=\"https:\/\/www.adfc-tour.de\/botschaft.php?person_id=2201&datum_id=88375\">messaggio<\/a>)<\/div><p class=\"DetailsAnmeldung\"><a class=\"Details\" href=\"\/radtouren\/tourenprogramm\/tour-details?veranstaltung_id=88375\" target=\"_blank\" data-no-translation=\"\">Details<\/a><\/p>\n<\/div>\n<div class=\"veranstaltung\"><h4>Tour di 10 ponti tra Wiesbaden e Magonza<\/h4><div class=\"datum\">Questo \u00e8 tutto. 07.06.2026<\/div> <div class=\"datumZeit\">14:00<\/div><div class=\"organisation\">ADFC Wiesbaden \/ Rheingau-Taunus<\/div><div class=\"startort\">Nave a vela MZ-Kastel | <\/div><p class=\"SchwierigkeitKategorie\"><span class=\"schwierigkeit\">2*<\/span><span class=\"kategorie\">Tour di mezza giornata (fine settimana)<\/span><\/p><div class=\"strecke\">32<\/div><div  class=\"Leiter\">Karoline Dei\u00dfner (<a href=\"https:\/\/www.adfc-tour.de\/botschaft.php?person_id=3336&datum_id=88376\">messaggio<\/a>)<\/div><p class=\"DetailsAnmeldung\"><a class=\"Details\" href=\"\/radtouren\/tourenprogramm\/tour-details?veranstaltung_id=88376\" target=\"_blank\" data-no-translation=\"\">Details<\/a><\/p>\n<\/div>\n<div class=\"veranstaltung\"><h4>Dalla bici al Reno - guida &amp; puro divertimento balneare<\/h4><div class=\"datum\">Questo \u00e8 tutto. 21.06.2026<\/div> <div class=\"datumZeit\">11:00<\/div><div class=\"organisation\">ADFC Wiesbaden \/ Rheingau-Taunus<\/div><div class=\"startort\">Nave a vela MZ-Kastel | <\/div><p class=\"SchwierigkeitKategorie\"><span class=\"schwierigkeit\">3*<\/span><span class=\"kategorie\">Tour di un giorno (fine settimana \/ vacanza)<\/span><\/p><div class=\"strecke\">60<\/div><div  class=\"Leiter\"><\/div><p class=\"DetailsAnmeldung\"><a class=\"Details\" href=\"\/radtouren\/tourenprogramm\/tour-details?veranstaltung_id=88380\" target=\"_blank\" data-no-translation=\"\">Details<\/a><\/p>\n<\/div>\n<div class=\"veranstaltung\"><h4>Tour di Mainspitz<\/h4><div class=\"datum\">Questo \u00e8 tutto. 28.06.2026<\/div> <div class=\"datumZeit\">10:00<\/div><div class=\"organisation\">IL RADLER<\/div><div class=\"startort\">Il ciclista  <\/div><p class=\"SchwierigkeitKategorie\"><span class=\"schwierigkeit\">2*<\/span><span class=\"kategorie\">Tour di un giorno (fine settimana \/ vacanza)<\/span><\/p><div class=\"strecke\">45<\/div><div  class=\"Leiter\">Ronny Pietsch<a href=\"https:\/\/www.adfc-tour.de\/botschaft.php?person_id=3045&datum_id=88309\">messaggio<\/a>)<\/div><p class=\"DetailsAnmeldung\"><a class=\"Details\" href=\"\/radtouren\/tourenprogramm\/tour-details?veranstaltung_id=88309\" target=\"_blank\" data-no-translation=\"\">Details<\/a><\/p>\n<\/div>\n<div class=\"veranstaltung\"><h4>Tour in E-bike attraverso il Taunus<\/h4><div class=\"datum\">Questo \u00e8 tutto. 05.07.2026<\/div> <div class=\"datumZeit\">11:00<\/div><div class=\"organisation\">ADFC Wiesbaden \/ Rheingau-Taunus<\/div><div class=\"startort\">Idstein mercato\/fontana di mercato <\/div><p class=\"SchwierigkeitKategorie\"><span class=\"schwierigkeit\">3*<\/span><span class=\"kategorie\">Tour di un giorno (fine settimana \/ vacanza)<\/span><\/p><div class=\"strecke\">42<\/div><div  class=\"Leiter\">Michael Ebert (<a href=\"tel:01602240735\"\">0160\/2240735<\/a>) (<a href=\"https:\/\/www.adfc-tour.de\/botschaft.php?person_id=3275&datum_id=88381\">messaggio<\/a>)<\/div><p class=\"DetailsAnmeldung\"><a class=\"Details\" href=\"\/radtouren\/tourenprogramm\/tour-details?veranstaltung_id=88381\" target=\"_blank\" data-no-translation=\"\">Details<\/a><\/p>\n<\/div>\n<div class=\"veranstaltung\"><h4>Tour di Magonza<\/h4><div class=\"datum\">Questo \u00e8 tutto. 12.07.2026<\/div> <div class=\"datumZeit\">10:00<\/div><div class=\"organisation\">IL RADLER<\/div><div class=\"startort\">Il ciclista  <\/div><p class=\"SchwierigkeitKategorie\"><span class=\"schwierigkeit\">3*<\/span><span class=\"kategorie\">Tour di un giorno (fine settimana \/ vacanza)<\/span><\/p><div class=\"strecke\">55<\/div><div  class=\"Leiter\">Ronny Pietsch<a href=\"tel:061198819555\"\">0611\/98819555<\/a>) (<a href=\"https:\/\/www.adfc-tour.de\/botschaft.php?person_id=3045&datum_id=88382\">messaggio<\/a>)<\/div><p class=\"DetailsAnmeldung\"><a class=\"Details\" href=\"\/radtouren\/tourenprogramm\/tour-details?veranstaltung_id=88382\" target=\"_blank\" data-no-translation=\"\">Details<\/a><\/p>\n<\/div>\n<div class=\"veranstaltung\"><h4>Pattinaggio in linea o ciclismo: Attraverso il Rheingau fino a R\u00fcdesheim<\/h4><div class=\"datum\">Sa. 25.07.2026<\/div> <div class=\"datumZeit\">15:30<\/div><div class=\"organisation\">ADFC Wiesbaden \/ Rheingau-Taunus<\/div><div class=\"startort\">WI-Biebrich | Rheinufer (Pegelturm) <\/div><p class=\"SchwierigkeitKategorie\"><span class=\"schwierigkeit\">3*<\/span><span class=\"kategorie\">Tour di mezza giornata (fine settimana)<\/span><\/p><div class=\"strecke\">45<\/div><div  class=\"Leiter\">Alfred Siegmund (<a href=\"https:\/\/www.adfc-tour.de\/botschaft.php?person_id=3188&datum_id=88383\">messaggio<\/a>), Marianne Siegmund (<a href=\"https:\/\/www.adfc-tour.de\/botschaft.php?person_id=2582&datum_id=88383\">messaggio<\/a>)<\/div><p class=\"DetailsAnmeldung\"><a class=\"Details\" href=\"\/radtouren\/tourenprogramm\/tour-details?veranstaltung_id=88383\" target=\"_blank\" data-no-translation=\"\">Details<\/a><\/p>\n<\/div>\n<div class=\"veranstaltung\"><h4>Circuito E-bike Mensfelder Kopf, W\u00f6rsbach, Emsbach<\/h4><div class=\"datum\">Questo \u00e8 tutto. 26.07.2026<\/div> <div class=\"datumZeit\">10:00<\/div><div class=\"organisation\">ADFC Wiesbaden \/ Rheingau-Taunus<\/div><div class=\"startort\">Idstein mercato\/fontana di mercato <\/div><p class=\"SchwierigkeitKategorie\"><span class=\"schwierigkeit\">3*<\/span><span class=\"kategorie\">Tour di un giorno (fine settimana \/ vacanza)<\/span><\/p><div class=\"strecke\">60<\/div><div  class=\"Leiter\">Karen Hellmund<a href=\"tel:01712156099\"\">0171 2156099<\/a>) (<a href=\"https:\/\/www.adfc-tour.de\/botschaft.php?person_id=3243&datum_id=88384\">messaggio<\/a>)<\/div><p class=\"DetailsAnmeldung\"><a class=\"Details\" href=\"\/radtouren\/tourenprogramm\/tour-details?veranstaltung_id=88384\" target=\"_blank\" data-no-translation=\"\">Details<\/a><\/p>\n<\/div>\n<\/div>    <\/div>\n<\/div>\n<!-- \/module text -->        <\/div>\n                    <div  data-lazy=\"1\" class=\"module_column tb-column col4-2 tb_yjww370 last\">\n                    <!-- module box -->\n<div  class=\"module module-box tb_qwmq370  tb_gs678604\" data-lazy=\"1\">\n    <div class=\"module-box-content ui  tb_default_color\">\n                <div class=\"tb_text_wrap\"><div class=\"tb_layout_part_wrap tf_w\"><!--themify_builder_content-->\n    <div  class=\"themify_builder_content themify_builder_content-69641 themify_builder not_editable_builder in_the_loop\" data-postid=\"69641\">\n                        <div  data-lazy=\"1\" class=\"module_row themify_builder_row blue_right_menu_box tb_pon9441 tf_w\">\n                        <div class=\"row_inner col_align_top tb_col_count_1 tf_box tf_rel\">\n                        <div  data-lazy=\"1\" class=\"module_column tb-column col-full tb_imf9000 first\">\n                    <!-- module text -->\n<div  class=\"module module-text tb_ozup006\" data-lazy=\"1\">\n        <div  class=\"tb_text_wrap\">\n        <h2>Altri link<\/h2>    <\/div>\n<\/div>\n<!-- \/module text --><!-- module buttons -->\n<div  class=\"module module-buttons tb_7dgc555 buttons-horizontal transparent\" data-lazy=\"1\">\n        <div class=\"module-buttons-item tf_in_flx\">\n                        <a href=\"https:\/\/www.adfc-wiesbaden.de\/it\/radtouren\/adfc-rennradgruppe\/\" class=\"ui builder_button tf_in_flx tb_default_color\" >\n                                    <em><svg  class=\"tf_fa tf-ti-new-window\" xmlns:xlink=\"http:\/\/www.w3.org\/1999\/xlink\" aria-hidden=\"true\"><use href=\"#tf-ti-new-window\" xlink:href=\"#tf-ti-new-window\"><\/use><\/svg><\/em>                                        Gruppo bici da strada                                        <\/a>\n                <\/div>\n            <\/div>\n<!-- \/module buttons -->\n        <div  data-lazy=\"1\" class=\"module_subrow themify_builder_sub_row tf_w col_align_top tb_col_count_1 tb_it7n050\">\n                <div  data-lazy=\"1\" class=\"module_column sub_column col-full tb_umat066 first\">\n                    <!-- module divider -->\n<div  class=\"module tf_mw module-divider tb_vly7050 solid\" style=\"border-width: 1px;border-color: #ffffff;margin-top: 1px;margin-bottom: 1px;\" data-lazy=\"1\">\n    <\/div>\n<!-- \/module divider -->\n        <\/div>\n                    <\/div>\n        <!-- module buttons -->\n<div  class=\"module module-buttons tb_qhca060 buttons-horizontal transparent\" data-lazy=\"1\">\n        <div class=\"module-buttons-item tf_in_flx\">\n                        <a href=\"https:\/\/www.adfc-wiesbaden.de\/it\/radtouren\/die-adfc-mittwochsradler-in-wiesbaden\/\" class=\"ui builder_button tf_in_flx tb_default_color\" >\n                                    <em><svg  class=\"tf_fa tf-ti-new-window\" xmlns:xlink=\"http:\/\/www.w3.org\/1999\/xlink\" aria-hidden=\"true\"><use href=\"#tf-ti-new-window\" xlink:href=\"#tf-ti-new-window\"><\/use><\/svg><\/em>                                        Mercoled\u00ec ciclisti                                        <\/a>\n                <\/div>\n            <\/div>\n<!-- \/module buttons -->\n        <div  data-lazy=\"1\" class=\"module_subrow themify_builder_sub_row tf_w col_align_top tb_col_count_1 tb_625t600\">\n                <div  data-lazy=\"1\" class=\"module_column sub_column col-full tb_fr90130 first\">\n                    <!-- module divider -->\n<div  class=\"module tf_mw module-divider tb_s4pu150 solid\" style=\"border-width: 1px;border-color: #ffffff;margin-top: 1px;margin-bottom: 1px;\" data-lazy=\"1\">\n    <\/div>\n<!-- \/module divider -->\n        <\/div>\n                    <\/div>\n        <!-- module buttons -->\n<div  class=\"module module-buttons tb_e0xb166 buttons-horizontal transparent\" data-lazy=\"1\">\n        <div class=\"module-buttons-item tf_in_flx\">\n                        <a href=\"\/it\/tag\/radtourenbericht\/\" class=\"ui builder_button tf_in_flx tb_default_color\" >\n                                    <em><svg  class=\"tf_fa tf-ti-new-window\" xmlns:xlink=\"http:\/\/www.w3.org\/1999\/xlink\" aria-hidden=\"true\"><use href=\"#tf-ti-new-window\" xlink:href=\"#tf-ti-new-window\"><\/use><\/svg><\/em>                                        Rapporti di tour in bicicletta                                        <\/a>\n                <\/div>\n            <\/div>\n<!-- \/module buttons -->\n        <div  data-lazy=\"1\" class=\"module_subrow themify_builder_sub_row tf_w col_align_top tb_col_count_1 tb_gd7v606\">\n                <div  data-lazy=\"1\" class=\"module_column sub_column col-full tb_owtx005 first\">\n                    <!-- module divider -->\n<div  class=\"module tf_mw module-divider tb_w7u6006 solid\" style=\"border-width: 1px;border-color: #ffffff;margin-top: 1px;margin-bottom: 1px;\" data-lazy=\"1\">\n    <\/div>\n<!-- \/module divider -->\n        <\/div>\n                    <\/div>\n        <!-- module buttons -->\n<div  class=\"module module-buttons tb_n5xl376 buttons-horizontal transparent\" data-lazy=\"1\">\n        <div class=\"module-buttons-item tf_in_flx\">\n                        <a href=\"\/it\/tourenprogramm\/\" class=\"ui builder_button tf_in_flx tb_default_color\" >\n                                    <em><svg  class=\"tf_fa tf-ti-new-window\" xmlns:xlink=\"http:\/\/www.w3.org\/1999\/xlink\" aria-hidden=\"true\"><use href=\"#tf-ti-new-window\" xlink:href=\"#tf-ti-new-window\"><\/use><\/svg><\/em>                                        Programma di tour in bicicletta                                        <\/a>\n                <\/div>\n            <\/div>\n<!-- \/module buttons -->\n        <div  data-lazy=\"1\" class=\"module_subrow themify_builder_sub_row tf_w col_align_top tb_col_count_1 tb_jzkx459\">\n                <div  data-lazy=\"1\" class=\"module_column sub_column col-full tb_g1gs459 first\">\n                    <!-- module divider -->\n<div  class=\"module tf_mw module-divider tb_qhro459 solid\" style=\"border-width: 1px;border-color: #ffffff;margin-top: 1px;margin-bottom: 1px;\" data-lazy=\"1\">\n    <\/div>\n<!-- \/module divider -->\n        <\/div>\n                    <\/div>\n        <!-- module buttons -->\n<div  class=\"module module-buttons tb_nvai813 buttons-horizontal transparent\" data-lazy=\"1\">\n        <div class=\"module-buttons-item tf_in_flx\">\n                        <a href=\"https:\/\/www.adfc-wiesbaden.de\/it\/tourenprogramm-als-pdf\/\" class=\"ui builder_button tf_in_flx tb_default_color\" >\n                                    <em><svg  class=\"tf_fa tf-ti-new-window\" xmlns:xlink=\"http:\/\/www.w3.org\/1999\/xlink\" aria-hidden=\"true\"><use href=\"#tf-ti-new-window\" xlink:href=\"#tf-ti-new-window\"><\/use><\/svg><\/em>                                        Programma di tour in bicicletta in PDF                                        <\/a>\n                <\/div>\n            <\/div>\n<!-- \/module buttons -->\n        <div  data-lazy=\"1\" class=\"module_subrow themify_builder_sub_row tf_w col_align_top tb_col_count_1 tb_ww1w469\">\n                <div  data-lazy=\"1\" class=\"module_column sub_column col-full tb_xm56469 first\">\n                    <!-- module divider -->\n<div  class=\"module tf_mw module-divider tb_gdt0469 solid\" style=\"border-width: 1px;border-color: #ffffff;margin-top: 1px;margin-bottom: 1px;\" data-lazy=\"1\">\n    <\/div>\n<!-- \/module divider -->\n        <\/div>\n                    <\/div>\n        <!-- module buttons -->\n<div  class=\"module module-buttons tb_367r972 buttons-horizontal transparent\" data-lazy=\"1\">\n        <div class=\"module-buttons-item tf_in_flx\">\n                        <a href=\"https:\/\/www.adfc-wiesbaden.de\/it\/radtouren\/tourenprogramm\/teilnahmebedingungen\/\" class=\"ui builder_button tf_in_flx tb_default_color\" >\n                                    <em><svg  class=\"tf_fa tf-ti-new-window\" xmlns:xlink=\"http:\/\/www.w3.org\/1999\/xlink\" aria-hidden=\"true\"><use href=\"#tf-ti-new-window\" xlink:href=\"#tf-ti-new-window\"><\/use><\/svg><\/em>                                        Condizioni di partecipazione Bike tours                                        <\/a>\n                <\/div>\n            <\/div>\n<!-- \/module buttons -->\n        <div  data-lazy=\"1\" class=\"module_subrow themify_builder_sub_row tf_w col_align_top tb_col_count_1 tb_nrr0578\">\n                <div  data-lazy=\"1\" class=\"module_column sub_column col-full tb_6fo6578 first\">\n                    <!-- module divider -->\n<div  class=\"module tf_mw module-divider tb_yoja578 solid\" style=\"border-width: 1px;border-color: #ffffff;margin-top: 1px;margin-bottom: 1px;\" data-lazy=\"1\">\n    <\/div>\n<!-- \/module divider -->\n        <\/div>\n                    <\/div>\n                <\/div>\n                        <\/div>\n        <\/div>\n            <\/div>\n<!--\/themify_builder_content--><\/div>\n<\/div>\n    <\/div>\n<\/div>\n<!-- \/module box -->\n        <\/div>\n                        <\/div>\n        <\/div>\n        <\/div>\n<!--\/themify_builder_content-->\n\n\n<p><\/p>","protected":false},"excerpt":{"rendered":"<p>Programma di avventura ciclistica dell'ADFC Wiesbaden \/ Rheingau-Taunus in collaborazione con l'ADFC Mainz-Bingen<\/p>","protected":false},"author":50,"featured_media":76939,"parent":69427,"menu_order":8,"comment_status":"closed","ping_status":"closed","template":"","meta":{"footnotes":""},"tags":[206,806],"class_list":["post-69567","page","type-page","status-publish","has-post-thumbnail","hentry","tag-radtouren","tag-verein","has-post-title","has-post-date","has-post-category","has-post-tag","has-post-comment","has-post-author",""],"builder_content":"<h1>Gef\u00fchrte Touren<\/h1> <p>In diesem Bereich haben Sie die M\u00f6glichkeit, gezielt online nach bestimmten Radtouren zu suchen und sich diese im Detail anzeigen zu lassen.<\/p> <p>Bitte beachten Sie, dass die Informationen im Onlinebereich stets aktuell gehalten werden: Anpassungen oder Erg\u00e4nzungen werden dort zeitnah ber\u00fccksichtigt. Deshalb bitte immer die aktualisierten Online-Inhalte den Informationen im einmal j\u00e4hrlich erstellten Tourenprogramm-Heft (als PDF- oder Papierausgabe) vorziehen.<\/p>\n<p>[adfc_tour_auswahlmenue parameter=\"Schwierigkeit,Kategorie\" tage=\"90\" ultrakategorie=\"radtour\"]<\/p> <hr \/> <p>[adfc_tour_liste mandant_id=\"51\" maxanzahl=\"200\"\u00a0 zeige_anmeldung=\"true\"\u00a0 ultrakategorie=\"radtour\"\u00a0url_parameter=\"tage,kategorie_id,schwierigkeit_id\" tage=\"90\"]<\/p>\n<p>[themify_layout_part id=\"69641\"]<\/p>","_links":{"self":[{"href":"https:\/\/www.adfc-wiesbaden.de\/it\/wp-json\/wp\/v2\/pages\/69567","targetHints":{"allow":["GET"]}}],"collection":[{"href":"https:\/\/www.adfc-wiesbaden.de\/it\/wp-json\/wp\/v2\/pages"}],"about":[{"href":"https:\/\/www.adfc-wiesbaden.de\/it\/wp-json\/wp\/v2\/types\/page"}],"author":[{"embeddable":true,"href":"https:\/\/www.adfc-wiesbaden.de\/it\/wp-json\/wp\/v2\/users\/50"}],"replies":[{"embeddable":true,"href":"https:\/\/www.adfc-wiesbaden.de\/it\/wp-json\/wp\/v2\/comments?post=69567"}],"version-history":[{"count":81,"href":"https:\/\/www.adfc-wiesbaden.de\/it\/wp-json\/wp\/v2\/pages\/69567\/revisions"}],"predecessor-version":[{"id":76945,"href":"https:\/\/www.adfc-wiesbaden.de\/it\/wp-json\/wp\/v2\/pages\/69567\/revisions\/76945"}],"up":[{"embeddable":true,"href":"https:\/\/www.adfc-wiesbaden.de\/it\/wp-json\/wp\/v2\/pages\/69427"}],"wp:featuredmedia":[{"embeddable":true,"href":"https:\/\/www.adfc-wiesbaden.de\/it\/wp-json\/wp\/v2\/media\/76939"}],"wp:attachment":[{"href":"https:\/\/www.adfc-wiesbaden.de\/it\/wp-json\/wp\/v2\/media?parent=69567"}],"wp:term":[{"taxonomy":"post_tag","embeddable":true,"href":"https:\/\/www.adfc-wiesbaden.de\/it\/wp-json\/wp\/v2\/tags?post=69567"}],"curies":[{"name":"wp","href":"https:\/\/api.w.org\/{rel}","templated":true}]}}