{"id":69702,"date":"2025-02-16T16:04:36","date_gmt":"2025-02-16T15:04:36","guid":{"rendered":"https:\/\/www2.adfc-wiesbaden.de\/?page_id=69702"},"modified":"2025-10-22T17:55:08","modified_gmt":"2025-10-22T15:55:08","slug":"impressum","status":"publish","type":"page","link":"https:\/\/www.adfc-wiesbaden.de\/it\/ueber-uns\/impressum\/","title":{"rendered":"Disclaimer"},"content":{"rendered":"<!--themify_builder_content-->\n<div id=\"themify_builder_content-69702\" data-postid=\"69702\" class=\"themify_builder_content themify_builder_content-69702 themify_builder tf_clear\">\n                    <div  data-lazy=\"1\" class=\"module_row themify_builder_row tb_vpjr783 tb_first tf_w\">\n                        <div class=\"row_inner col_align_top tb_col_count_1 tf_box tf_rel\">\n                        <div  data-lazy=\"1\" class=\"module_column tb-column col-full tb_ts1t784 first\">\n                    <!-- module text -->\n<div  class=\"module module-text tb_cmse696    tb_gs678604\" data-lazy=\"1\">\n        <div  class=\"tb_text_wrap\">\n        <p>Proprietari ed editori del sito ai sensi del \u00a7 5 della legge sui media telematici (TMG):<br \/>Deutscher Fahrrad-Club Kreisverband Wiesbaden \/ Rheingau-Taunus e.V.<\/p>\n<p><strong>legalmente rappresentato dal Consiglio di Amministrazione<br \/><\/strong>Goebenstra\u00dfe 1<br \/>65195 Wiesbaden<br \/>info@adfc-wiesbaden.de<\/p>\n<p><strong>Responsabile ai sensi del \u00a7 6 MStV:<br \/><\/strong>Mich\u00e9le Fleckenstein (membro del consiglio di amministrazione, indirizzo come sopra)<\/p>\n<p><b>Registro delle Associazioni Wiesbaden Numero di registrazione: VR 6087<\/b><\/p>\n<p><strong>Gruppo editoriale Internet:<br \/><\/strong>Email: webteam@adfc-wiesbaden.de<br \/>Mich\u00e9le Fleckenstein<\/p>\n<p><strong>Sviluppo di reti e applicazioni<br \/><\/strong>Michael Klemme<\/p>\n<p>Qui trovate la nostra politica sulla privacy:<\/p>\n<div class=\"button_container\">\n<div class=\"margin_0-16-8-0\"><a class=\"button1\" href=\"\/it\/datenschutzerkl\u00e4rung\/\" rel=\"noopener\"> Informativa sulla privacy<\/a><\/div>\n<\/div>    <\/div>\n<\/div>\n<!-- \/module text --><!-- module text -->\n<div  class=\"module module-text tb_f1gi13    tb_gs678604\" data-lazy=\"1\">\n        <div  class=\"tb_text_wrap\">\n        <div class=\"module module-text tb_8q9w22 tb_gs678604\">\n<div class=\"tb_text_wrap\">\n<h2><strong>Responsabilit\u00e0 per i contenuti<\/strong><\/h2>\n<p>I contenuti delle nostre pagine sono stati creati con la massima cura. Tuttavia, non possiamo assumerci alcuna responsabilit\u00e0 per la correttezza, la completezza e l'aggiornamento dei contenuti. Come fornitore di servizi, siamo responsabili ai sensi del \u00a7 7 Abs.1 TMG per i nostri contenuti su queste pagine secondo le leggi generali. Ai sensi dei \u00a7\u00a7 da 8 a 10 TMG, tuttavia, come fornitore di servizi non siamo obbligati a monitorare le informazioni di terzi trasmesse o memorizzate o a indagare su circostanze che indicano un'attivit\u00e0 illegale. Gli obblighi di rimuovere o bloccare l'uso delle informazioni ai sensi delle leggi generali rimangono inalterati. Tuttavia, la responsabilit\u00e0 a tale riguardo \u00e8 possibile solo dal momento in cui si viene a conoscenza di una specifica violazione. Se veniamo a conoscenza di corrispondenti violazioni legali, rimuoveremo immediatamente questo contenuto.<\/p>\n<h2><strong>Responsabilit\u00e0 per i link<\/strong><\/h2>\n<p>La nostra offerta contiene link a siti web esterni di terzi sui cui contenuti non abbiamo alcuna influenza. Pertanto, non possiamo assumerci alcuna responsabilit\u00e0 per questo contenuto esterno. Il rispettivo fornitore o gestore delle pagine \u00e8 sempre responsabile del contenuto delle pagine collegate. Le pagine collegate sono state controllate per eventuali violazioni legali al momento del collegamento. I contenuti illegali non erano riconoscibili al momento del collegamento. Tuttavia, un controllo permanente dei contenuti delle pagine collegate non \u00e8 ragionevole senza indicazioni concrete di una violazione della legge. Dopo essere venuti a conoscenza di violazioni legali, rimuoveremo immediatamente tali collegamenti.<\/p>\n<p>\u00c8 esclusa qualsiasi responsabilit\u00e0 o garanzia per l'attualit\u00e0, la correttezza e la completezza delle informazioni e dei dati forniti. In nessun caso saremo responsabili nei confronti dell'utente o di terzi per eventuali danni diretti, indiretti, speciali o altri danni consequenziali derivanti dall'uso di questo o di qualsiasi sito Web collegato. \u00c8 altres\u00ec esclusa qualsiasi responsabilit\u00e0 per perdita di profitto, interruzione dell'attivit\u00e0, perdita di programmi o altri dati nei sistemi informatici dell'utente.<\/p>\n<\/div>\n<\/div>\n<div class=\"module module-text tb_21n6721 tb_gs678604\">\n<div class=\"tb_text_wrap\">\n<h2><strong>diritti d'autore<\/strong><\/h2>\n<p>Queste pagine possono essere collegate senza autorizzazione.<br \/>I contenuti e le opere create dai gestori del sito su queste pagine sono soggetti alla legge tedesca sul diritto d'autore. La riproduzione, l'elaborazione, la distribuzione e qualsiasi tipo di sfruttamento al di fuori dei limiti della legge sul copyright richiedono il consenso scritto del rispettivo autore o creatore. I download e le copie di questa pagina sono consentiti solo per uso privato e non commerciale, indicando la fonte. Qualsiasi altro utilizzo in qualsiasi modo, duplicazione, modifica, distribuzione nonch\u00e9 qualsiasi tipo di sfruttamento dei contenuti al di fuori dei limiti del diritto d'autore - anche in estratti - richiede il consenso scritto dell'Allgemeine Deutscher Fahrrad-Club Wiesbaden\/Rheingau-Taunus e.V. e pu\u00f2 essere fatto solo con riferimento alla fonte. Nella misura in cui il contenuto di questa pagina non \u00e8 stato creato dal gestore, vengono rispettati i diritti d'autore di terzi. In particolare, i contenuti di terze parti sono contrassegnati come tali. Qualora dovessi comunque venire a conoscenza di una violazione del copyright, ti chiediamo un avviso corrispondente. Dopo essere venuti a conoscenza di violazioni legali, rimuoveremo immediatamente tali contenuti.<\/p>\n<p><i>Fonti:\u00a0<a href=\"http:\/\/www.e-recht24.de\/muster-disclaimer.htm\" target=\"_blank\" rel=\"noopener\">Disclaimer di eRecht24<\/a>, il portale Internet di diritto dell'avvocato S\u00f6ren Siebert.<\/i><\/p>\n<\/div>\n<\/div>    <\/div>\n<\/div>\n<!-- \/module text -->        <\/div>\n                        <\/div>\n        <\/div>\n        <\/div>\n<!--\/themify_builder_content-->","protected":false},"excerpt":{"rendered":"<p>Titolare del sito ed editore ai sensi del \u00a7 5 Telemediengesetz (TMG):Allgemeiner Deutscher Fahrrad-Club Kreisverband Wiesbaden \/ Rheingau-Taunus e.V. legalmente rappresentato dal consiglio di amministrazioneGoebenstra\u00dfe 165195 Wiesbadeninfo@adfc-wiesbaden.de Responsabile ai sensi del \u00a7 6 MStV:Mich\u00e9le Fleckenstein (Membro del consiglio di amministrazione, indirizzo come sopra) Registro delle associazioni Wiesbaden Numero di registrazione: Gruppo editoriale di VR 6087 Internet: E-Mail: webteam@adfc-wiesbaden.deMich\u00e9le Fleckenstein Sviluppo di reti e applicazioniMichael Klemme Qui troverai la nostra politica sulla privacy: Informativa sulla privacy<\/p>","protected":false},"author":50,"featured_media":0,"parent":69915,"menu_order":6,"comment_status":"closed","ping_status":"closed","template":"","meta":{"footnotes":""},"tags":[],"class_list":["post-69702","page","type-page","status-publish","hentry","has-post-title","has-post-date","has-post-category","has-post-tag","has-post-comment","has-post-author",""],"builder_content":"<p>Seiteneigent\u00fcmer und Herausgeber gem\u00e4\u00df \u00a7 5 Telemediengesetz (TMG):<br \/>Allgemeiner Deutscher Fahrrad-Club Kreisverband Wiesbaden \/ Rheingau-Taunus e.V.<\/p> <p><strong>gesetzlich vertreten durch den Vorstand<br \/><\/strong>Goebenstra\u00dfe 1<br \/>65195 Wiesbaden<br \/>info@adfc-wiesbaden.de<\/p> <p><strong>Verantwortlich gem\u00e4\u00df \u00a7 6 MStV:<br \/><\/strong>Mich\u00e9le Fleckenstein (Mitglied des Vorstands, Adresse wie oben)<\/p> <p><b>Vereinsregister Wiesbaden Registernummer: VR 6087<\/b><\/p> <p><strong>Internet-Redaktion:<br \/><\/strong>E-Mail: webteam@adfc-wiesbaden.de<br \/>Mich\u00e9le Fleckenstein<\/p> <p><strong>Netzwerk und Anwendungsentwicklung<br \/><\/strong>Michael Klemme<\/p> <p>Hier finden Sie unsere Datenschutzerkl\u00e4rung:<\/p>\n<a href=\"\/datenschutzerkl\u00e4rung\" rel=\"noopener\"> Datenschutzerkl\u00e4rung<\/a>\n<h2><strong>Haftung f\u00fcr Inhalte<\/strong><\/h2> <p>Die Inhalte unserer Seiten wurden mit gr\u00f6\u00dfter Sorgfalt erstellt. F\u00fcr die Richtigkeit, Vollst\u00e4ndigkeit und Aktualit\u00e4t der Inhalte k\u00f6nnen wir jedoch keine Gew\u00e4hr \u00fcbernehmen. Als Diensteanbieter sind wir gem\u00e4\u00df \u00a7 7 Abs.1 TMG f\u00fcr eigene Inhalte auf diesen Seiten nach den allgemeinen Gesetzen verantwortlich. Nach \u00a7\u00a7 8 bis 10 TMG sind wir als Diensteanbieter jedoch nicht verpflichtet, \u00fcbermittelte oder gespeicherte fremde Informationen zu \u00fcberwachen oder nach Umst\u00e4nden zu forschen, die auf eine rechtswidrige T\u00e4tigkeit hinweisen. Verpflichtungen zur Entfernung oder Sperrung der Nutzung von Informationen nach den allgemeinen Gesetzen bleiben hiervon unber\u00fchrt. Eine diesbez\u00fcgliche Haftung ist jedoch erst ab dem Zeitpunkt der Kenntnis einer konkreten Rechtsverletzung m\u00f6glich. Bei Bekanntwerden von entsprechenden Rechtsverletzungen werden wir diese Inhalte umgehend entfernen.<\/p> <h2><strong>Haftung f\u00fcr Links<\/strong><\/h2> <p>Unser Angebot enth\u00e4lt Links zu externen Webseiten Dritter, auf deren Inhalte wir keinen Einfluss haben. Deshalb k\u00f6nnen wir f\u00fcr diese fremden Inhalte auch keine Gew\u00e4hr \u00fcbernehmen. F\u00fcr die Inhalte der verlinkten Seiten ist stets der jeweilige Anbieter oder Betreiber der Seiten verantwortlich. Die verlinkten Seiten wurden zum Zeitpunkt der Verlinkung auf m\u00f6gliche Rechtsverst\u00f6\u00dfe \u00fcberpr\u00fcft. Rechtswidrige Inhalte waren zum Zeitpunkt der Verlinkung nicht erkennbar. Eine permanente inhaltliche Kontrolle der verlinkten Seiten ist jedoch ohne konkrete Anhaltspunkte einer Rechtsverletzung nicht zumutbar. Bei Bekanntwerden von Rechtsverletzungen werden wir derartige Links umgehend entfernen.<\/p> <p>Eine Haftung oder Garantie f\u00fcr die Aktualit\u00e4t, Richtigkeit und Vollst\u00e4ndigkeit der zur Verf\u00fcgung gestellten Informationen und Daten ist ausgeschlossen. In keinem Fall haften wir Ihnen oder Dritten gegen\u00fcber f\u00fcr irgendwelche direkten, indirekten, speziellen oder sonstigen Folgesch\u00e4den, die sich aus der Nutzung dieser oder einer damit verlinkten Website ergeben. Ausgeschlossen ist auch jegliche Haftung f\u00fcr entgangenen Gewinn, Betriebsunterbrechung, Verlust von Programmen oder sonstigen Daten in Ihren Informationssystemen.<\/p>\n<h2><strong>Urheberrecht<\/strong><\/h2> <p>Auf diese Seiten darf ohne Genehmigung gelinkt werden.<br \/>Die durch die Seitenbetreiber erstellten Inhalte und Werke auf diesen Seiten unterliegen dem deutschen Urheberrecht. Die Vervielf\u00e4ltigung, Bearbeitung, Verbreitung und jede Art der Verwertung au\u00dferhalb der Grenzen des Urheberrechtes bed\u00fcrfen der schriftlichen Zustimmung des jeweiligen Autors bzw. Erstellers. Downloads und Kopien dieser Seite sind nur f\u00fcr den privaten, nicht kommerziellen Gebrauch unter Angabe der Quelle gestattet. Jedwede sonstige Verwendung in jedweder Art und Weise, Vervielf\u00e4ltigung, Bearbeitung, Verbreitung sowie jede Art der Verwertung der Inhalte au\u00dferhalb der Grenzen des Urheberrechts \u2013 auch auszugsweise \u2013, bedarf der schriftlichen Zustimmung durch den Allgemeine Deutscher Fahrrad-Club Wiesbaden\/Rheingau-Taunus e.V. und darf nur unter Hinweis auf die Quelle erfolgen. Soweit die Inhalte auf dieser Seite nicht vom Betreiber erstellt wurden, werden die Urheberrechte Dritter beachtet. Insbesondere werden Inhalte Dritter als solche gekennzeichnet. Sollten Sie trotzdem auf eine Urheberrechtsverletzung aufmerksam werden, bitten wir um einen entsprechenden Hinweis. Bei Bekanntwerden von Rechtsverletzungen werden wir derartige Inhalte umgehend entfernen.<\/p> <p><i>Quellenangaben:\u00a0<a href=\"http:\/\/www.e-recht24.de\/muster-disclaimer.htm\" target=\"_blank\" rel=\"noopener\">Disclaimer von eRecht24<\/a>, dem Portal zum Internetrecht von Rechtsanwalt S\u00f6ren Siebert.<\/i><\/p>","_links":{"self":[{"href":"https:\/\/www.adfc-wiesbaden.de\/it\/wp-json\/wp\/v2\/pages\/69702","targetHints":{"allow":["GET"]}}],"collection":[{"href":"https:\/\/www.adfc-wiesbaden.de\/it\/wp-json\/wp\/v2\/pages"}],"about":[{"href":"https:\/\/www.adfc-wiesbaden.de\/it\/wp-json\/wp\/v2\/types\/page"}],"author":[{"embeddable":true,"href":"https:\/\/www.adfc-wiesbaden.de\/it\/wp-json\/wp\/v2\/users\/50"}],"replies":[{"embeddable":true,"href":"https:\/\/www.adfc-wiesbaden.de\/it\/wp-json\/wp\/v2\/comments?post=69702"}],"version-history":[{"count":33,"href":"https:\/\/www.adfc-wiesbaden.de\/it\/wp-json\/wp\/v2\/pages\/69702\/revisions"}],"predecessor-version":[{"id":74275,"href":"https:\/\/www.adfc-wiesbaden.de\/it\/wp-json\/wp\/v2\/pages\/69702\/revisions\/74275"}],"up":[{"embeddable":true,"href":"https:\/\/www.adfc-wiesbaden.de\/it\/wp-json\/wp\/v2\/pages\/69915"}],"wp:attachment":[{"href":"https:\/\/www.adfc-wiesbaden.de\/it\/wp-json\/wp\/v2\/media?parent=69702"}],"wp:term":[{"taxonomy":"post_tag","embeddable":true,"href":"https:\/\/www.adfc-wiesbaden.de\/it\/wp-json\/wp\/v2\/tags?post=69702"}],"curies":[{"name":"wp","href":"https:\/\/api.w.org\/{rel}","templated":true}]}}