{"id":69709,"date":"2025-02-16T16:16:13","date_gmt":"2025-02-16T15:16:13","guid":{"rendered":"https:\/\/www2.adfc-wiesbaden.de\/?page_id=69709"},"modified":"2026-05-01T20:28:01","modified_gmt":"2026-05-01T18:28:01","slug":"datenschutzerklaerung","status":"publish","type":"page","link":"https:\/\/www.adfc-wiesbaden.de\/it\/ueber-uns\/datenschutzerklaerung\/","title":{"rendered":"Informativa sulla privacy"},"content":{"rendered":"<!--themify_builder_content-->\n<div id=\"themify_builder_content-69709\" data-postid=\"69709\" class=\"themify_builder_content themify_builder_content-69709 themify_builder tf_clear\">\n                    <div  data-lazy=\"1\" class=\"module_row themify_builder_row tb_xq28284 tb_first tf_w\">\n                        <div class=\"row_inner col_align_top tb_col_count_1 tf_box tf_rel\">\n                        <div  data-lazy=\"1\" class=\"module_column tb-column col-full tb_8svc284 first\">\n                    <!-- module text -->\n<div  class=\"module module-text tb_62yw31    tb_gs678604\" data-lazy=\"1\">\n        <div  class=\"tb_text_wrap\">\n        <h1>Informativa sulla privacy<\/h1>\n<h2>Informazioni sulla persona responsabile<\/h2>\n<p>ADFC Wiesbaden\/Rheingau-Taunus e.V.<br \/>Goebenstra\u00dfe 1<br \/>65195 Wiesbaden<br \/><a href=\"\/it\/&\/#109;&#x61;i&#x6c;t&#111;&#x3a;&#105;&#x6e;f&#111;&#x40;&#97;&#x64;f&#x63;&#x2d;&#119;&#x69;e&#x73;b&#97;&#x64;&#101;&#x6e;&#46;&#100;&#x65;\">info@adfc-wiesbaden.de<\/a><\/p>\n<p>In caso di domande sulla protezione dei dati, vi preghiamo di contattarci all'indirizzo e-mail o all'indirizzo postale di cui sopra.<\/p>\n<h2>Trattamento dei Suoi dati personali - finalit\u00e0 e basi giuridiche<\/h2>\n<h2>Trattamento dei dati durante l'utilizzo del nostro sito web di associazione:<\/h2>\n<h3>a) File di registro<\/h3>\n<p>L'utilizzo del nostro sito web di associazione \u00e8 possibile senza l'inserimento attivo di dati personali. Tuttavia, ogni volta che si utilizza il nostro sito web di associazione, i file di registro vengono registrati sui server forniti da ADFC Hessen e.V.. Nei file di registro, il fornitore delle pagine raccoglie e memorizza automaticamente le informazioni che il browser trasmette automaticamente al fornitore delle pagine. Si tratta di:<\/p>\n<ul>\n<li>indirizzo IP fisso o dinamico dell'utente chiamante,<\/li>\n<li>pagine consultate,<\/li>\n<li>Tipo di browser\/versione del browser,<\/li>\n<li>indirizzi del referrer (URL),<\/li>\n<li>sistema operativo utilizzato,<\/li>\n<li>hostname del computer che accede,<\/li>\n<li>Data e ora di accesso.<\/li>\n<\/ul>\n<p>L'ADFC Hessen e.V. pu\u00f2 recuperare questi dati. I dati contenuti nei file di log sono utilizzati esclusivamente a fini statistici. L'identificazione dell'utente non ha luogo, a meno che non sia richiesto dalla legge. Per noi, i dati non possono essere assegnati a persone specifiche. Ci riserviamo il diritto di ispezionare e controllare questi dati se veniamo a conoscenza di indicazioni concrete di uso illegale del sito web dell'associazione. La base giuridica \u00e8 un interesse legittimo ai sensi dell'articolo 6, paragrafo 1, prima frase, lettera b), del GDPR a essere in grado di rilevare e difendersi da usi o attacchi illeciti.<\/p>\n<h3>b) Accesso ai dati\/file di log del server<\/h3>\n<p>Il nostro provider di spazio web raccoglie dati su ogni accesso all'offerta (i cosiddetti file di log del server). I dati di accesso includono:<\/p>\n<ul>\n<li>il nome del sito web a cui si accede,<\/li>\n<li>fascicolo,<\/li>\n<li>Data e ora del recupero<\/li>\n<li>Quantit\u00e0 di dati trasferiti<\/li>\n<li>Notifica dell'avvenuto recupero<\/li>\n<li>Tipo e versione del browser<\/li>\n<li>il sistema operativo dell'utente<\/li>\n<li>URL del referrer (la pagina visitata in precedenza)<\/li>\n<li>Indirizzo IP e<\/li>\n<li>il prestatore richiedente<\/li>\n<\/ul>\n<p>Utilizziamo i dati di log solo per valutazioni statistiche ai fini del funzionamento, della sicurezza e dell'ottimizzazione dell'offerta. Tuttavia, ci riserviamo il diritto di verificare successivamente i dati di registro se vi \u00e8 un sospetto giustificato di uso illecito sulla base di indicazioni concrete.<\/p>\n<h3>c) Utilizzo dei cookie<\/h3>\n<p>I cookie sono piccoli file di testo che vengono memorizzati sul tuo dispositivo dal tuo browser. Ci asteniamo deliberatamente dall'uso di cookie di analisi, marketing o tracciamento, nonch\u00e9 cookie di terze parti. I cookie che utilizziamo sono puramente funzionali e strettamente necessari per garantire il funzionamento, la sicurezza e le funzioni di base del nostro sito web (ad esempio per memorizzare le impostazioni della lingua, lo stato di accesso o per distribuire il carico dei server).<\/p>\n<p>La base giuridica \u00e8 il nostro legittimo interesse alla fornitura tecnicamente esente da errori e alla progettazione ottimizzata del nostro sito web (articolo 6, paragrafo 1, lettera f), GDPR).\u00a0<\/p>\n<p>\u00c8 possibile impostare il browser in modo da essere informati sull'impostazione dei cookie, consentire i cookie solo in singoli casi o escludere l'accettazione dei cookie per determinati casi o in generale.<\/p>\n<h3>d) Newsletter<\/h3>\n<p>Se ti sei iscritto alla newsletter sul nostro sito web di associazione, i dati personali saranno raccolti, elaborati e utilizzati. Trasformato:<\/p>\n<ul>\n<li>Nome, cognome<\/li>\n<li>Il tuo indirizzo e-mail<\/li>\n<li>residenza<\/li>\n<\/ul>\n<p>Utilizziamo il tuo indirizzo e-mail per inviarti regolarmente la newsletter e per fornirti informazioni interessanti sull'associazione. Utilizziamo le informazioni del luogo di residenza per fornirti informazioni pertinenti a livello locale. La base giuridica per l'invio della newsletter \u00e8 il tuo consenso (Articolo 6 (1) frase 1 a) GDPR). Questo consenso pu\u00f2 essere revocato in qualsiasi momento per il futuro. Per fare ci\u00f2, puoi cliccare su \"annulla iscrizione alla newsletter\" in fondo all'e-mail della newsletter o contattarci all'indirizzo <a href=\"mailto:info&#64;&#97;&#100;&#102;&#99;&#45;&#119;&#105;&#101;&#115;&#98;&#97;&#100;&#101;&#110;&#46;&#x64;&#x65;\">info@adfc-wiesbaden.de<\/a> scrivere.<\/p>\n<p>Utilizziamo lo strumento di invio Brevo per l'invio della newsletter.<\/p>\n<h3>Foto e video<\/h3>\n<p>Le foto e i video della nostra associazione e degli eventi a cui l'associazione partecipa sono registrati, archiviati e pubblicati allo scopo di informare i nostri membri o il pubblico o per presentazioni esterne, ad esempio sul nostro sito web, in media tradizionali o digitali.<\/p>\n<p>La registrazione, l'archiviazione e la pubblicazione di foto o video avviene generalmente con il consenso dell'interessato, ossia della persona fotografata o filmata (articolo 6, paragrafo 1, frase 1, lettera a), GDPR). Questo consenso pu\u00f2 essere revocato in qualsiasi momento per il futuro.<\/p>\n<p>La registrazione, l'archiviazione e la pubblicazione di foto o video \u00e8<strong>in alcuni casi possibili senza consenso<\/strong>, se si basa su un interesse legittimo dell'ADFC Wiesbaden\/Rheingau-Taunus (articolo 6, paragrafo 1, lettera f), GDPR). Questo \u00e8 generalmente il caso di foto o video a cui le persone appaiono solo come supplemento, o per foto o video di eventi pubblici o eventi a cui le persone raffigurate hanno partecipato. Il <strong>aspettative ragionevoli<\/strong>\u00a0le persone interessate, se devono aspettarsi di essere incluse nel rispettivo contesto e che le registrazioni saranno pubblicate, sono prese in considerazione.<\/p>\n<p>Hai la possibilit\u00e0 di opporti all'uso di una foto o di un video su cui puoi essere visto ai sensi dell'articolo 21, paragrafo 1, GDPR. L'associazione verificher\u00e0 se vi sono motivi legittimi impellenti per il trattamento che prevalgono sui tuoi interessi, diritti e libert\u00e0. In caso contrario, la foto o il video corrispondente verranno eliminati.<\/p>\n<h3>Gestione dei partecipanti<\/h3>\n<p>Quando ti registri per i nostri eventi o partecipi alle nostre attivit\u00e0, i dati personali vengono talvolta raccolti, elaborati e utilizzati. Elaborato a seconda del tipo di evento o attivit\u00e0:<\/p>\n<ul>\n<li>Nome, cognome<\/li>\n<li>Il tuo indirizzo e-mail<\/li>\n<li>Luogo di residenza con codice postale<\/li>\n<li>Conoscenze precedenti<\/li>\n<li>Dettagli del conto e informazioni di pagamento<\/li>\n<li>Preferenze per il cibo (ad esempio vegetariani)<\/li>\n<li>Dati della bicicletta (ad es. produttore, numero di telaio)<\/li>\n<\/ul>\n<p>Utilizziamo queste informazioni per organizzare l'evento o l'attivit\u00e0. La base giuridica \u00e8 il tuo consenso (Articolo 6 (1) frase 1 a) GDPR). Questo consenso pu\u00f2 essere revocato in qualsiasi momento per il futuro. A tal fine, potete contattarci all'indirizzo <a href=\"\/it\/&\/#109;&#x61;&#x69;&#108;&#x74;&#x6f;&#58;&#x69;&#x6e;&#102;&#x6f;&#x40;&#97;&#x64;&#x66;&#99;&#x2d;&#x77;&#105;&#x65;&#x73;&#98;&#x61;&#x64;&#101;&#x6e;&#x2e;d&#x65;\">info@adfc-wiesbaden.de<\/a> scrivere.<\/p>\n<h3>Trattamento dei dati dei membri<\/h3>\n<p>I dati di adesione saranno forniti da<\/p>\n<p>General German Bicycle Club e.V. (ADFC (Berlino))<br \/>Via della camera 26\/27<br \/>10969 Berlino<br \/>Tel.: +49 30 2091498-0<br \/><a href=\"https:\/\/www.adfc.de\/datenschutz\">kontakt@adfc.de<\/a>\u00a0<\/p>\n<p>trattati in qualit\u00e0 di responsabili.<\/p>\n<p>I dati dei membri saranno trattati solo da ADFC Wiesbaden\/Rheingau-Taunus per il compito ad esso assegnato.<\/p>\n<p>Lo scopo del trattamento dei dati dei membri da parte dell'ADFC Wiesbaden\/Rheingau-Taunus \u00e8 il perseguimento dello scopo dell'associazione, in particolare l'organizzazione di eventi, la cooperazione dei membri nei gruppi di progetto, il networking dei membri in gruppi di media digitali come \"Segnale\", informazioni sulle attivit\u00e0 dell'associazione, ad esempio con una newsletter. La base giuridica \u00e8 l'appartenenza all'associazione (articolo 6, paragrafo 1, lettera b), GDPR) o un interesse legittimo (articolo 6, paragrafo 1, lettera f), GDPR).<\/p>\n<h2>Periodo di magazzinaggio<\/h2>\n<ul>\n<li>Quando si utilizza il nostro sito Web di associazione, ADFC Hessen e.V. memorizza temporaneamente gli indirizzi IP e i file di registro per un massimo di 14 giorni.<\/li>\n<li>La maggior parte dei cookie che utilizziamo sono i cosiddetti \"cookie di sessione\", che vengono cancellati automaticamente al termine della visita. Altri rimangono memorizzati sul tuo dispositivo fino a quando non li elimini manualmente o il periodo di archiviazione scade.<\/li>\n<li>I dati che hai fornito per l'iscrizione alla newsletter (ad esempio nome, indirizzo e-mail) saranno cancellati non appena revochi il tuo consenso alla newsletter.<\/li>\n<li>I dati raccolti per eventi o attivit\u00e0 saranno cancellati entro e non oltre 2 anni dall'evento, a meno che non vi siano motivi speciali per conservarli pi\u00f9 a lungo.<\/li>\n<li>L'ADFC a livello federale (Berlino) \u00e8 responsabile della cancellazione dei dati dei membri.<\/li>\n<\/ul>\n<h2>Diritti degli interessati<\/h2>\n<p>Se trattiamo dati personali su di te, hai i seguenti diritti dell'interessato:<\/p>\n<ul>\n<li>il diritto all'informazione sui dati trattati e a una copia,<\/li>\n<li>un diritto di rettifica se trattiamo dati errati su di te,<\/li>\n<li>un diritto alla cancellazione, a meno che non vi siano ancora eccezioni al motivo per cui conserviamo ancora i dati, ad esempio obblighi di conservazione o termini di prescrizione<\/li>\n<li>il diritto alla limitazione del trattamento,<\/li>\n<li>il diritto di revocare il consenso al trattamento dei dati in qualsiasi momento,<\/li>\n<li>il diritto di opporsi al trattamento nell'interesse pubblico o legittimo,<\/li>\n<li>il diritto alla portabilit\u00e0 dei dati,<\/li>\n<li>il diritto di presentare un reclamo a un'autorit\u00e0 di controllo della protezione dei dati se ritieni che non stiamo elaborando correttamente i tuoi dati.<\/li>\n<\/ul>\n<p>L'autorit\u00e0 competente \u00e8:<\/p>\n<p><strong>per i dati dei membri:<\/strong><br \/>Commissario di Berlino per la protezione dei dati e la libert\u00e0 di informazione<br \/>Alt-Moabit 59-61, 10555 Berlino<br \/><a href=\"\/it\/&\/#109;&#x61;i&#x6c;&#x74;&#111;&#x3a;m&#x61;&#x69;&#108;&#x62;o&#x78;&#x40;&#100;&#x61;t&#x65;&#x6e;&#115;&#x63;h&#x75;&#x74;&#122;&#x2d;b&#x65;&#x72;&#108;&#x69;n&#x2e;&#x64;&#101;\">mailbox@datenschutz-berlin.de<\/a><\/p>\n<p><strong>per tutti gli altri dati personali:<\/strong><br \/>Commissario dell'Assia per la protezione dei dati e la libert\u00e0 di informazione<br \/>Wilhelmstra\u00dfe 7, 65185 Wiesbaden<br \/><a href=\"https:\/\/datenschutz.hessen.de\/kontakt\">https:\/\/datenschutz.hessen.de\/kontakt<\/a><\/p>    <\/div>\n<\/div>\n<!-- \/module text -->        <\/div>\n                        <\/div>\n        <\/div>\n                        <div  data-lazy=\"1\" class=\"module_row themify_builder_row tb_ztji159 tf_w\">\n                        <div class=\"row_inner col_align_top tb_col_count_1 tf_box tf_rel\">\n                        <div  data-lazy=\"1\" class=\"module_column tb-column col-full tb_q2mt159 first\">\n                            <\/div>\n                        <\/div>\n        <\/div>\n        <\/div>\n<!--\/themify_builder_content-->\n\n\n<p><\/p>","protected":false},"excerpt":{"rendered":"","protected":false},"author":50,"featured_media":0,"parent":69915,"menu_order":6,"comment_status":"closed","ping_status":"closed","template":"","meta":{"footnotes":""},"tags":[],"class_list":["post-69709","page","type-page","status-publish","hentry","has-post-title","has-post-date","has-post-category","has-post-tag","has-post-comment","has-post-author",""],"builder_content":"<h1>Datenschutzerkl\u00e4rung<\/h1> <h2>Angaben zum Verantwortlichen<\/h2> <p>ADFC Wiesbaden\/Rheingau-Taunus e.V.<br \/>Goebenstra\u00dfe 1<br \/>65195 Wiesbaden<br \/><a href=\"mailto:info@adfc-wiesbaden.de\">info@adfc-wiesbaden.de<\/a><\/p> <p>Bei Fragen zum Datenschutz stehen wir Ihnen unter der oben angegebenen E-Mail-Adresse oder postalischen Anschrift zur Verf\u00fcgung.<\/p> <h2>Verarbeitung Ihrer personenbezogenen Daten \u2013 Zwecke und Rechtsgrundlagen<\/h2> <h2>Datenverarbeitung bei Nutzung unserer Vereinswebsite:<\/h2> <h3>a) Logfiles<\/h3> <p>Die Nutzung unserer Vereinswebseite ist m\u00f6glich, ohne dass Sie aktiv personenbezogene Daten eingeben. Allerdings werden bei jeder Nutzung unserer Vereinswebseite auf den Servern, die vom ADFC Hessen e.V. bereitgestellt werden, Logfiles aufgezeichnet. In den Logfiles erhebt und speichert der Provider der Seiten automatisch Informationen, die Ihr Browser automatisch an den Provider der Seiten \u00fcbermittelt. Dies sind:<\/p> <ul> <li>feste bzw. dynamische IP-Adresse des aufrufenden Nutzers,<\/li> <li>aufgerufene Seiten,<\/li> <li>Browser-Typ\/Browserversion,<\/li> <li>Referrer-Adressen (URL),<\/li> <li>verwendetes Betriebssystem,<\/li> <li>Hostname des zugreifenden Rechners,<\/li> <li>Zugriffsdatum und Zugriffszeit.<\/li> <\/ul> <p>Der ADFC Hessen e.V. kann diese Daten abrufen. Die in den Logfiles enthaltenen Daten werden ausschlie\u00dflich zu statistischen Zwecken verwendet. Eine Identifizierung des Nutzers findet, sofern nicht gesetzlich vorgeschrieben, nicht statt. F\u00fcr uns sind die Daten nicht bestimmten Personen zuordenbar. Wir behalten uns vor, diese Daten einzusehen und zu pr\u00fcfen, wenn uns konkrete Anhaltspunkte f\u00fcr eine rechtswidrige Nutzung der Vereinswebsite bekannt werden. Rechtsgrundlage ist ein berechtigtes Interesse nach Art. 6 Abs. 1 S. 1 lit. b) DSGVO daran, eine rechtswidrige Nutzung oder Angriffe erkennen und abwehren zu k\u00f6nnen.<\/p> <h3>b) Zugriffsdaten\/ Server-Logfiles<\/h3> <p>Unser Webspace-Provider erhebt Daten \u00fcber jeden Zugriff auf das Angebot (so genannte Serverlogfiles). Zu den Zugriffsdaten geh\u00f6ren:<\/p> <ul> <li>Name der abgerufenen Webseite,<\/li> <li>Datei,<\/li> <li>Datum und Uhrzeit des Abrufs<\/li> <li>\u00fcbertragene Datenmenge<\/li> <li>Meldung \u00fcber erfolgreichen Abruf<\/li> <li>Browsertyp nebst Version<\/li> <li>das Betriebssystem des Nutzers<\/li> <li>Referrer URL (die zuvor besuchte Seite)<\/li> <li>IP-Adresse und<\/li> <li>der anfragende Provider<\/li> <\/ul> <p>Wir verwenden die Protokolldaten nur f\u00fcr statistische Auswertungen zum Zweck des Betriebs, der Sicherheit und der Optimierung des Angebotes. Wir behalten uns jedoch vor, die Protokolldaten nachtr\u00e4glich zu \u00fcberpr\u00fcfen, wenn aufgrund konkreter Anhaltspunkte der berechtigte Verdacht einer rechtswidrigen Nutzung besteht.<\/p> <h3>c) Verwendung von Cookies<\/h3> <p>Cookies sind kleine Textdateien, die durch Ihren Browser auf Ihrem Endger\u00e4t gespeichert werden. Wir verzichten bewusst auf den Einsatz von Analyse-, Marketing- oder Tracking-Cookies sowie auf Cookies von Drittanbietern. Die von uns eingesetzten Cookies sind rein funktionaler Natur und zwingend erforderlich, um den Betrieb, die Sicherheit und die grundlegenden Funktionen unserer Website zu gew\u00e4hrleisten (z. B. zur Speicherung von Spracheinstellungen, Log-in-Status oder zur Lastverteilung der Server).<\/p> <p>Rechtsgrundlage ist unser berechtigtes Interesse an der technisch fehlerfreien Bereitstellung und optimierten Gestaltung unserer Website (Art. 6 Abs. 1 lit. f DSGVO).\u00a0<\/p> <p>Sie k\u00f6nnen Ihren Browser so einstellen, dass Sie \u00fcber das Setzen von Cookies informiert werden, Cookies nur im Einzelfall erlauben oder die Annahme von Cookies f\u00fcr bestimmte F\u00e4lle oder generell ausschlie\u00dfen.<\/p> <h3>d) Newsletter<\/h3> <p>Wenn Sie auf unserer Vereinswebseite den Newsletter abonniert haben, werden personenbezogene Daten erhoben, verarbeitet und genutzt. Verarbeitet werden:<\/p> <ul> <li>Vorname, Name<\/li> <li>Ihre E-Mail-Adresse<\/li> <li>Wohnort<\/li> <\/ul> <p>Wir verwenden Ihre E-Mail-Adresse, um Ihnen regelm\u00e4\u00dfig den Newsletter zuzusenden und Sie mit Wissenswertem \u00fcber den Verein zu versorgen. Die Angaben des Wohnortes nutzen wir, um Ihnen gezielt \u00f6rtlich relevante Informationen zukommen zu lassen. Die Rechtsgrundlage f\u00fcr den Newsletter-Versand ist Ihre Einwilligung (Artikel 6 Absatz 1 Satz 1 a) DSGVO). Diese Einwilligung kann jederzeit f\u00fcr die Zukunft widerrufen werden. Dazu k\u00f6nnen Sie unten in der Newsletter-E-Mail auf \u201evom Newsletter abmelden\u201c klicken oder uns an <a href=\"mailto:info@adfc-wiesbaden.de\">info@adfc-wiesbaden.de<\/a> schreiben.<\/p> <p>F\u00fcr den Versand des Newsletters verwenden wir das Versandtool Brevo.<\/p> <h3>Fotos und Videos<\/h3> <p>Fotos und Videos \u00fcber unser Vereinsgeschehen und Veranstaltungen, an denen der Verein mitwirkt, werden zum Zweck der Information unserer Mitglieder oder der \u00d6ffentlichkeit oder zur Au\u00dfendarstellung z.B. auf unserer Webseite, in traditionellen oder digitalen Medien aufgenommen, gespeichert und ver\u00f6ffentlicht.<\/p> <p>Die Aufnahme, Speicherung und Ver\u00f6ffentlichung von Fotos oder Videos geschieht grunds\u00e4tzlich mit einer Einwilligung des Betroffenen, also der Person, die fotografiert oder gefilmt wird (Art. 6 Abs. 1 S. 1 Buchstabe a) DSGVO). Diese Einwilligung kann jederzeit f\u00fcr die Zukunft widerrufen werden.<\/p> <p>Die Aufnahme, Speicherung und Ver\u00f6ffentlichung von Fotos oder Videos ist i<strong>n bestimmten F\u00e4llen ohne Einwilligung m\u00f6glich<\/strong>, wenn sie auf einem berechtigten Interesse des ADFC Wiesbaden\/Rheingau-Taunus beruht (Art. 6 Abs. 1 lit. f DSGVO). Dies ist im Allgemeinen der Fall bei Fotos oder Videos, auf denen Personen nur als Beiwerk erscheinen, oder bei Fotos oder Videos von \u00f6ffentlichen Veranstaltungen oder Events an denen die dargestellten Personen teilgenommen haben. Die <strong>vern\u00fcnftigen Erwartungen<\/strong>\u00a0der betroffenen Personen, ob sie damit rechnen m\u00fcssen, dass sie in dem jeweiligen Kontext aufgenommen zu werden und dass Aufnahmen ver\u00f6ffentlicht werden, sind zu ber\u00fccksichtigen.<\/p> <p>Sie haben die M\u00f6glichkeit, der Verwendung eines Fotos oder Videos, auf dem Sie zu sehen sind, gem\u00e4\u00df Artikel 21 Absatz 1 DSGVO zu widersprechen. Der Verein wird pr\u00fcfen, ob es zwingende schutzw\u00fcrdige Gr\u00fcnde f\u00fcr die Verarbeitung gibt, die Ihre Interessen, Rechte und Freiheiten \u00fcberwiegen. Wenn nicht, wird das entsprechende Foto oder Video gel\u00f6scht.<\/p> <h3>Teilnehmerverwaltung<\/h3> <p>Wenn Sie sich zu unseren Veranstaltungen anmelden oder an unseren Aktivit\u00e4ten teilnehmen, werden manchmal personenbezogene Daten erhoben, verarbeitet und genutzt. Verarbeitet werden abh\u00e4ngig von der Art der Veranstaltung oder der Aktivit\u00e4t:<\/p> <ul> <li>Vorname, Name<\/li> <li>Ihre E-Mail-Adresse<\/li> <li>Wohnort mit Postleitzahl<\/li> <li>Vorkenntnisse<\/li> <li>Kontoverbindung und Zahlungsinformationen<\/li> <li>Pr\u00e4ferenzen bei Nahrungsmitteln (z.B. Vegetarier)<\/li> <li>Fahrraddaten (z.B. Hersteller, Rahmennummer)<\/li> <\/ul> <p>Wir verwenden diese Informationen um die Veranstaltung oder Aktivit\u00e4t zu organisieren. Die Rechtsgrundlage ist Ihre Einwilligung (Artikel 6 Absatz 1 Satz 1 a) DSGVO). Diese Einwilligung kann jederzeit f\u00fcr die Zukunft widerrufen werden. Dazu k\u00f6nnen Sie uns an <a href=\"mailto:info@adfc-wiesbaden.de\">info@adfc-wiesbaden.de<\/a> schreiben.<\/p> <h3>Datenverarbeitung der Mitgliedsdaten<\/h3> <p>Die Mitgliedsdaten werden vom<\/p> <p>Allgemeiner Deutscher Fahrrad-Club e. V. (ADFC (Berlin))<br \/>Zimmerstra\u00dfe 26\/27<br \/>10969 Berlin<br \/>Tel.: +49 30 2091498-0<br \/><a href=\"https:\/\/www.adfc.de\/datenschutz\">kontakt@adfc.de<\/a>\u00a0<\/p> <p>als Verantwortlichem verarbeitet.<\/p> <p>Mitgliedsdaten werden vom ADFC\u00a0Wiesbaden\/Rheingau-Taunus nur f\u00fcr die ihm zugeordnete Aufgabenerf\u00fcllung verarbeitet.<\/p> <p>Zweck f\u00fcr die Verarbeitung der Mitgliedsdaten durch den ADFC Wiesbaden\/Rheingau-Taunus ist die Verfolgung des Vereinszwecks, insbesondere die Organisation von Veranstaltungen, die Zusammenarbeit von Mitgliedern in Projektgruppen, die Vernetzung von Mitgliedern in Gruppen digitaler Medien wie \"Signal\", Information \u00fcber das Vereinsgeschehen, z.B. mit einem Newsletter. Rechtsgrundlage ist die Vereinsmitgliedschaft (Artikel 6 Absatz 1 b) DS-GVO) oder ein berechtigtes Interesse (Art. 6 Abs. 1 lit f. DSGVO).<\/p> <h2>Speicherdauer<\/h2> <ul> <li>Bei der Nutzung unserer Vereinswebseite speichert der ADFC Hessen e.V. vor\u00fcbergehend die IP-Adressen und die Logfiles f\u00fcr l\u00e4ngstens 14 Tage.<\/li> <li>Die meisten der von uns verwendeten Cookies sind sogenannte \u201eSession-Cookies\u201c, die nach Ende Ihres Besuchs automatisch gel\u00f6scht werden. Andere bleiben auf Ihrem Endger\u00e4t gespeichert, bis Sie diese manuell l\u00f6schen oder die Speicherdauer abl\u00e4uft.<\/li> <li>Daten, die sie f\u00fcr das Abonnement des Newsletters angegeben haben (z.B. Name, E-Mail-Adresse) werden gel\u00f6scht, sobald Sie Ihre Einwilligung in den Newsletter widerrufen.<\/li> <li>Daten, die f\u00fcr Veranstaltungen oder Aktivit\u00e4ten erhoben wurden, werden sp\u00e4testens 2 Jahre nach der Veranstaltung gel\u00f6scht, es sei denn es gibt besondere Gr\u00fcnde, sie l\u00e4nger zu speichern.<\/li> <li>Der ADFC auf Bundesebene (Berlin) ist f\u00fcr die L\u00f6schung der Mitgliedsdaten zust\u00e4ndig.<\/li> <\/ul> <h2>Betroffenenrechte<\/h2> <p>Wenn wir personenbezogene Daten von Ihnen verarbeiten, haben Sie folgende Betroffenenrechte:<\/p> <ul> <li>ein Recht auf Auskunft \u00fcber die verarbeiteten Daten und auf Kopie,<\/li> <li>ein Berichtigungsrecht, wenn wir falsche Daten \u00fcber Sie verarbeiten,<\/li> <li>ein Recht auf L\u00f6schung, es sei denn, dass noch Ausnahmen greifen, warum wir die Daten noch speichern, also zum Beispiel Aufbewahrungspflichten oder Verj\u00e4hrungsfristen<\/li> <li>ein Recht auf Einschr\u00e4nkung der Verarbeitung,<\/li> <li>ein jederzeitiges Recht, Einwilligungen in die Datenverarbeitung zu widerrufen,<\/li> <li>ein Widerspruchsrecht gegen eine Verarbeitung im \u00f6ffentlichen oder bei berechtigtem Interesse,<\/li> <li>ein Recht auf Daten\u00fcbertragbarkeit,<\/li> <li>ein Beschwerderecht bei einer Datenschutz-Aufsichtsbeh\u00f6rde, wenn Sie finden, dass wir Ihre Daten nicht ordnungsgem\u00e4\u00df verarbeiten.<\/li> <\/ul> <p>Zust\u00e4ndig ist<\/p> <p><strong>f\u00fcr Mitgliederdaten:<\/strong><br \/>Berliner Beauftragte f\u00fcr Datenschutz und Informationsfreiheit<br \/>Alt-Moabit 59-61, 10555 Berlin<br \/><a href=\"mailto:mailbox@datenschutz-berlin.de\">mailbox@datenschutz-berlin.de<\/a><\/p> <p><strong>f\u00fcr alle anderen personenbezogenen Daten:<\/strong><br \/>Hessische Beauftragte f\u00fcr Datenschutz und Informationsfreiheit<br \/>Wilhelmstra\u00dfe 7, 65185 Wiesbaden<br \/><a href=\"https:\/\/datenschutz.hessen.de\/kontakt\">https:\/\/datenschutz.hessen.de\/kontakt<\/a><\/p>","_links":{"self":[{"href":"https:\/\/www.adfc-wiesbaden.de\/it\/wp-json\/wp\/v2\/pages\/69709","targetHints":{"allow":["GET"]}}],"collection":[{"href":"https:\/\/www.adfc-wiesbaden.de\/it\/wp-json\/wp\/v2\/pages"}],"about":[{"href":"https:\/\/www.adfc-wiesbaden.de\/it\/wp-json\/wp\/v2\/types\/page"}],"author":[{"embeddable":true,"href":"https:\/\/www.adfc-wiesbaden.de\/it\/wp-json\/wp\/v2\/users\/50"}],"replies":[{"embeddable":true,"href":"https:\/\/www.adfc-wiesbaden.de\/it\/wp-json\/wp\/v2\/comments?post=69709"}],"version-history":[{"count":31,"href":"https:\/\/www.adfc-wiesbaden.de\/it\/wp-json\/wp\/v2\/pages\/69709\/revisions"}],"predecessor-version":[{"id":76685,"href":"https:\/\/www.adfc-wiesbaden.de\/it\/wp-json\/wp\/v2\/pages\/69709\/revisions\/76685"}],"up":[{"embeddable":true,"href":"https:\/\/www.adfc-wiesbaden.de\/it\/wp-json\/wp\/v2\/pages\/69915"}],"wp:attachment":[{"href":"https:\/\/www.adfc-wiesbaden.de\/it\/wp-json\/wp\/v2\/media?parent=69709"}],"wp:term":[{"taxonomy":"post_tag","embeddable":true,"href":"https:\/\/www.adfc-wiesbaden.de\/it\/wp-json\/wp\/v2\/tags?post=69709"}],"curies":[{"name":"wp","href":"https:\/\/api.w.org\/{rel}","templated":true}]}}