{"id":70147,"date":"2025-02-19T12:02:17","date_gmt":"2025-02-19T11:02:17","guid":{"rendered":"https:\/\/www2.adfc-wiesbaden.de\/?page_id=70147"},"modified":"2025-10-15T09:24:15","modified_gmt":"2025-10-15T07:24:15","slug":"spenden","status":"publish","type":"page","link":"https:\/\/www.adfc-wiesbaden.de\/it\/den-adfc-unterstuetzen\/spenden\/","title":{"rendered":"donazioni"},"content":{"rendered":"<!--themify_builder_content-->\n<div id=\"themify_builder_content-70147\" data-postid=\"70147\" class=\"themify_builder_content themify_builder_content-70147 themify_builder tf_clear\">\n                    <div  data-lazy=\"1\" class=\"module_row themify_builder_row tb_xb3p997 tb_first tf_w\">\n                        <div class=\"row_inner col_align_top tb_col_count_2 tf_box tf_rel\">\n                        <div  data-lazy=\"1\" class=\"module_column tb-column col4-2 tb_jzsh998 first\">\n                    <!-- module text -->\n<div  class=\"module module-text tb_hvxn663    tb_gs678604\" data-lazy=\"1\">\n        <div  class=\"tb_text_wrap\">\n        <h1>La tua donazione all'ADFC - la voce di tutti i ciclisti nella politica dei trasporti<\/h1>\n<p>Insieme, stiamo tracciando la strada per il futuro: la bicicletta deve finalmente diventare il centro della politica dei trasporti, perch\u00e9<strong>\u00a0Senza una bicicletta, non possiamo fare il cambiamento nel traffico.<\/strong>. Abbiamo bisogno di pi\u00f9 spazio e pi\u00f9 sicurezza per noi stessi e per i nostri figli! Con la tua donazione, stiamo portando avanti la rivoluzione dei trasporti!<\/p>\n<p><strong>Con la tua donazione, l'ADFC si batte per<\/strong><\/p>\n<ul class=\"listicon2\">\n<li>molto di pi\u00f9 e migliori piste ciclabili<\/li>\n<li>un semplice cambio dalla bici all'autobus o al treno<\/li>\n<li>Ciclismo sicuro e<\/li>\n<li>luoghi vivibili dove le persone amano stare<\/li>\n<\/ul>\n<p>L'ADFC ha bisogno di volantini e brochure per il suo lavoro, una filiale e supporta campagne pubblicitarie con materiali. Anche se la maggior parte del lavoro \u00e8 svolto da volontari, dipendiamo dalle donazioni per queste spese.<\/p>\n<p><strong>Grazie per il vostro sostegno!<\/strong><\/p>\n<p>\u00a0<\/p>\n<div class=\"textcontainer\">\n<h3>Come posso donare?\u00a0<\/h3>\n<p>Destinatario: ADFC Wiesbaden\/Reingau-Taunus e.V.<br \/>IBAN: DE56 5109 0000 0037 3117 07<br \/>BIC: WIBADE5W (Wiesbadener Volksbank eG)<\/p>\n<\/div>\n<div class=\"textcontainer no-p-margin\">\n<p>La tua donazione per l'ADFC Wiesbaden\/Rheingau-Taunus \u00e8 deducibile dalle tasse. Su richiesta, emettiamo ricevute di donazione.<\/p>\n<p>Si prega di notare che fino a un importo di donazione di 300 euro vi \u00e8 un obbligo semplificato di fornire la prova all'ufficio delle imposte, vale a dire un estratto conto bancario \u00e8 sufficiente come prova e non \u00e8 necessaria alcuna ricevuta di donazione.<\/p>\n<\/div>\n<div class=\"textcontainer no-p-margin\">\u00a0<\/div>    <\/div>\n<\/div>\n<!-- \/module text --><!-- module text -->\n<div  class=\"module module-text tb_c665721    tb_gs678604\" data-lazy=\"1\">\n        <div  class=\"tb_text_wrap\">\n        <h3>Qui puoi donare direttamente all'ADFC Wiesbaden \/ Rheingau-Taunus e.V.:<\/h3>\n<script type=\"text\/javascript\">\n            (function() {\n                var u=\"https:\/\/spenden.twingle.de\/embed\/genericorganisation\/genericproject\/tw67cb4dd3157f5\/widget\";\n                var id = '_' + Math.random().toString(36).substr(2, 9);\n                var d=document, g=d.createElement('script'), s=d.getElementsByTagName('script')[0], t=d.createElement('div');\n                t.id = 'twingle-public-embed-' + id;\n                document.currentScript.after(t);\n                g.type='text\/javascript'; g.async=true; g.defer=true; g.src=u+'\/'+id; s.parentNode.insertBefore(g,s);\n            })();\n        <\/script>    <\/div>\n<\/div>\n<!-- \/module text -->        <\/div>\n                    <div  data-lazy=\"1\" class=\"module_column tb-column col4-2 tb_osd2465 last\">\n                    <!-- module image -->\n<div  class=\"module module-image tb_5vov610 image-top   tf_mw tb_gs2677162d\" data-lazy=\"1\">\n        <div class=\"image-wrap tf_rel tf_mw\">\n            <img loading=\"lazy\" decoding=\"async\" width=\"1707\" height=\"2560\" src=\"https:\/\/www.adfc-wiesbaden.de\/wp-content\/uploads\/2025\/04\/2025-04-05_7110-scaled.jpg\" class=\"wp-post-image wp-image-71986\" title=\"Informazioni su Oliver Kessler\" alt=\"Scatola di donazione ADFC su un tavolo\" srcset=\"https:\/\/www.adfc-wiesbaden.de\/wp-content\/uploads\/2025\/04\/2025-04-05_7110-scaled.jpg 1707w, https:\/\/www.adfc-wiesbaden.de\/wp-content\/uploads\/2025\/04\/2025-04-05_7110-700x1050.jpg 700w, https:\/\/www.adfc-wiesbaden.de\/wp-content\/uploads\/2025\/04\/2025-04-05_7110-1400x2100.jpg 1400w, https:\/\/www.adfc-wiesbaden.de\/wp-content\/uploads\/2025\/04\/2025-04-05_7110-200x300.jpg 200w, https:\/\/www.adfc-wiesbaden.de\/wp-content\/uploads\/2025\/04\/2025-04-05_7110-768x1152.jpg 768w, https:\/\/www.adfc-wiesbaden.de\/wp-content\/uploads\/2025\/04\/2025-04-05_7110-1024x1536.jpg 1024w, https:\/\/www.adfc-wiesbaden.de\/wp-content\/uploads\/2025\/04\/2025-04-05_7110-1366x2048.jpg 1366w\" sizes=\"auto, (max-width: 1707px) 100vw, 1707px\" \/>    \n        <\/div>\n    <!-- \/image-wrap -->\n    \n        <div class=\"image-content\">\n                    <h3 class=\"image-title\">\n                                    Informazioni su Oliver Kessler                            <\/h3>\n                    <\/div>\n    <!-- \/image-content -->\n        <\/div>\n<!-- \/module image --><!-- module plain text -->\n<div  class=\"module module-plain-text tb_bat1838  tb_gs678604\" data-lazy=\"1\">\n        <div class=\"tb_text_wrap\">\n    <h3>\n\tAttuali campagne di raccolta fondi:\n<\/h3>\n<iframe loading=\"lazy\" frameborder=\"0\" marginheight=\"0\" marginwidth=\"0\" src=\"https:\/\/project-widget.betterplace.org\/projects\/158771?l=de\" width=\"100%\" height=\"320\" style=\"border: 0; padding:0; margin:5px;\">Informare e donare: &lt;a href=&#039;https:\/\/www.betterplace.org\/de\/projects\/158771-saubere-fahrraeder-fuer-wiesbaden&#039; target=&#039;_blank&#039;&gt;&quot;Biciclette pulite per Wiesbaden!&quot;&lt;\/a&gt; Apri su betterplace.org.<\/iframe>\n\n<iframe loading=\"lazy\" frameborder=\"0\" marginheight=\"0\" marginwidth=\"0\" src=\"https:\/\/project-widget.betterplace.org\/projects\/158073?l=de\" width=\"100%\" height=\"320\" style=\"border: 0; padding:0; margin:5px;\">Informare e donare: &lt;a href=&#039;https:\/\/www.betterplace.org\/de\/projects\/158073-lilja-dein-kostenloses-lastenrad-fuer-wiesbaden-rheingau-taunus&#039; target=&#039;_blank&#039;&gt;&quot;LILJA &ndash; La tua cargo bike gratuita per Wiesbaden \/ Rheingau-Taunus&quot;&lt;\/a&gt; Apri su betterplace.org.<\/iframe>    <\/div>\n<\/div>\n<!-- \/module plain text -->        <\/div>\n                        <\/div>\n        <\/div>\n        <\/div>\n<!--\/themify_builder_content-->\n\n\n<p><\/p>","protected":false},"excerpt":{"rendered":"","protected":false},"author":53,"featured_media":0,"parent":70103,"menu_order":0,"comment_status":"closed","ping_status":"closed","template":"","meta":{"footnotes":""},"tags":[],"class_list":["post-70147","page","type-page","status-publish","hentry","has-post-title","has-post-date","has-post-category","has-post-tag","has-post-comment","has-post-author",""],"builder_content":"<h1>Ihre Spende f\u00fcr den ADFC \u2013 die Stimme aller Radfahrenden in der Verkehrspolitik<\/h1> <p>Gemeinsam stellen wir die Weichen f\u00fcr die Zukunft: Das Fahrrad muss endlich ins Zentrum der Verkehrspolitik r\u00fccken, denn<strong>\u00a0ohne Fahrrad k\u00f6nnen wir die Verkehrswende nicht schaffen<\/strong>. Wir brauchen mehr Platz und mehr Sicherheit f\u00fcr uns und unsere Kinder! Mit Ihrer Spende bringen wir die Verkehrswende voran!<\/p> <p><strong>Mit Ihrer Spende macht sich der ADFC stark f\u00fcr<\/strong><\/p> <ul> <li>viel mehr und bessere Fahrradwege<\/li> <li>einen einfachen Wechsel vom Rad in Bus oder Bahn<\/li> <li>sicheres Radfahren und<\/li> <li>lebenswerte Orte, in denen sich Menschen gerne aufhalten<\/li> <\/ul> <p>Der ADFC ben\u00f6tigt f\u00fcr seine Arbeit Flyer und Brosch\u00fcren, eine Gesch\u00e4ftsstelle und unterst\u00fctzt werbewirksame Kampagnen mit Materialien. Auch wenn die meiste Arbeit ehrenamtlich Aktive erledigen, sind wir bei diesen Ausgaben auf Spenden angewiesen.<\/p> <p><strong>Vielen Dank f\u00fcr Ihre Unterst\u00fctzung!<\/strong><\/p> <p>\u00a0<\/p>\n<h3>Wie kann ich spenden?\u00a0<\/h3> <p>Empf\u00e4nger: ADFC Wiesbaden\/Reingau-Taunus e.V.<br \/>IBAN: DE56 5109 0000 0037 3117 07<br \/>BIC: WIBADE5W (Wiesbadener Volksbank eG)<\/p>\n<p>Ihre Spende f\u00fcr den ADFC Wiesbaden\/Rheingau-Taunus ist steuerlich absetzbar. Auf Wunsch stellen wir Spendenquittungen aus.<\/p> <p>Bitte beachten Sie, dass bis zu einer Spendenh\u00f6he von 300 Euro eine vereinfachte Nachweispflicht gegen\u00fcber dem Finanzamt besteht, d.h. ein Kontoauszug als Nachweis gen\u00fcgt und es ist keine Spendenquittung notwendig.<\/p>\n\u00a0\n<h3>Hier k\u00f6nnen Sie direkt an den ADFC Wiesbaden \/ Rheingau-Taunus e.V. spenden:<\/h3> <p>[twingle project=\"tw67cb4dd3157f5\"]<\/p>\n<img src=\"https:\/\/www.adfc-wiesbaden.de\/wp-content\/uploads\/2025\/04\/2025-04-05_7110-scaled.jpg\" title=\"&copy; Oliver Kessler\" alt=\"ADFC Spendendose auf einem Tisch\" srcset=\"https:\/\/www.adfc-wiesbaden.de\/wp-content\/uploads\/2025\/04\/2025-04-05_7110-scaled.jpg 1707w, https:\/\/www.adfc-wiesbaden.de\/wp-content\/uploads\/2025\/04\/2025-04-05_7110-700x1050.jpg 700w, https:\/\/www.adfc-wiesbaden.de\/wp-content\/uploads\/2025\/04\/2025-04-05_7110-1400x2100.jpg 1400w, https:\/\/www.adfc-wiesbaden.de\/wp-content\/uploads\/2025\/04\/2025-04-05_7110-200x300.jpg 200w, https:\/\/www.adfc-wiesbaden.de\/wp-content\/uploads\/2025\/04\/2025-04-05_7110-768x1152.jpg 768w, https:\/\/www.adfc-wiesbaden.de\/wp-content\/uploads\/2025\/04\/2025-04-05_7110-1024x1536.jpg 1024w, https:\/\/www.adfc-wiesbaden.de\/wp-content\/uploads\/2025\/04\/2025-04-05_7110-1366x2048.jpg 1366w\" sizes=\"(max-width: 1707px) 100vw, 1707px\" \/> <h3> &copy; Oliver Kessler <\/h3>\n<h3> Aktuelle Spendenaktionen: <\/h3> <iframe loading=\"lazy\" frameborder=\"0\" marginheight=\"0\" marginwidth=\"0\" src=\"https:\/\/project-widget.betterplace.org\/projects\/158771?l=de\" width=\"100%\" height=\"320\" style=\"border: 0; padding:0; margin:5px;\">Informieren und spenden: &lt;a href=&#39;https:\/\/www.betterplace.org\/de\/projects\/158771-saubere-fahrraeder-fuer-wiesbaden&#39; target=&#39;_blank&#39;&gt;\u201eSaubere Fahrr\u00e4der f\u00fcr Wiesbaden!\u201c&lt;\/a&gt; auf betterplace.org \u00f6ffnen.<\/iframe>\n<iframe loading=\"lazy\" frameborder=\"0\" marginheight=\"0\" marginwidth=\"0\" src=\"https:\/\/project-widget.betterplace.org\/projects\/158073?l=de\" width=\"100%\" height=\"320\" style=\"border: 0; padding:0; margin:5px;\">Informieren und spenden: &lt;a href=&#39;https:\/\/www.betterplace.org\/de\/projects\/158073-lilja-dein-kostenloses-lastenrad-fuer-wiesbaden-rheingau-taunus&#39; target=&#39;_blank&#39;&gt;\u201eLILJA - Dein kostenloses Lastenrad f\u00fcr Wiesbaden \/ Rheingau-Taunus\"&lt;\/a&gt; auf betterplace.org \u00f6ffnen.<\/iframe>","_links":{"self":[{"href":"https:\/\/www.adfc-wiesbaden.de\/it\/wp-json\/wp\/v2\/pages\/70147","targetHints":{"allow":["GET"]}}],"collection":[{"href":"https:\/\/www.adfc-wiesbaden.de\/it\/wp-json\/wp\/v2\/pages"}],"about":[{"href":"https:\/\/www.adfc-wiesbaden.de\/it\/wp-json\/wp\/v2\/types\/page"}],"author":[{"embeddable":true,"href":"https:\/\/www.adfc-wiesbaden.de\/it\/wp-json\/wp\/v2\/users\/53"}],"replies":[{"embeddable":true,"href":"https:\/\/www.adfc-wiesbaden.de\/it\/wp-json\/wp\/v2\/comments?post=70147"}],"version-history":[{"count":44,"href":"https:\/\/www.adfc-wiesbaden.de\/it\/wp-json\/wp\/v2\/pages\/70147\/revisions"}],"predecessor-version":[{"id":74263,"href":"https:\/\/www.adfc-wiesbaden.de\/it\/wp-json\/wp\/v2\/pages\/70147\/revisions\/74263"}],"up":[{"embeddable":true,"href":"https:\/\/www.adfc-wiesbaden.de\/it\/wp-json\/wp\/v2\/pages\/70103"}],"wp:attachment":[{"href":"https:\/\/www.adfc-wiesbaden.de\/it\/wp-json\/wp\/v2\/media?parent=70147"}],"wp:term":[{"taxonomy":"post_tag","embeddable":true,"href":"https:\/\/www.adfc-wiesbaden.de\/it\/wp-json\/wp\/v2\/tags?post=70147"}],"curies":[{"name":"wp","href":"https:\/\/api.w.org\/{rel}","templated":true}]}}