{"id":71640,"date":"2025-03-16T16:26:16","date_gmt":"2025-03-16T15:26:16","guid":{"rendered":"https:\/\/www.adfc-wiesbaden.de\/?page_id=71640"},"modified":"2026-04-19T18:26:03","modified_gmt":"2026-04-19T16:26:03","slug":"teilnahmebedingungen","status":"publish","type":"page","link":"https:\/\/www.adfc-wiesbaden.de\/it\/radtouren\/tourenprogramm\/teilnahmebedingungen\/","title":{"rendered":"Condizioni di partecipazione"},"content":{"rendered":"<!--themify_builder_content-->\n<div id=\"themify_builder_content-71640\" data-postid=\"71640\" class=\"themify_builder_content themify_builder_content-71640 themify_builder tf_clear\">\n                    <div  data-lazy=\"1\" class=\"module_row themify_builder_row tb_tvvd17 tb_first tf_w\">\n                        <div class=\"row_inner col_align_top tb_col_count_1 tf_box tf_rel\">\n                        <div  data-lazy=\"1\" class=\"module_column tb-column col-full tb_88h517 first\">\n                    <!-- module text -->\n<div  class=\"module module-text tb_2cvr742    tb_gs678604\" data-lazy=\"1\">\n        <div  class=\"tb_text_wrap\">\n        <h1>Escursioni guidate in bicicletta con l'ADFC<\/h1>\n<p>Vogliamo ispirare le persone per la bicicletta e offrire molti tour in bicicletta per scoprire i dintorni. I tour in bicicletta sono effettuati da guide turistiche esperte, molte delle quali sono certificate ADFC TourGuides. Le nostre guide turistiche offrono un'interessante gamma di tour in bicicletta: per le famiglie, per i meno esperti, per gli sportivi, per i ciclisti ricreativi, per gli e-biker, per i ciclisti su strada e molti altri. Tutti i tour avventura possono anche essere guidati in e-bike. Tuttavia, la velocit\u00e0 dipende dai ciclisti che non hanno una e-bike! <br \/>Con il nostro <strong>Tour in e-bike<\/strong> Il livello di difficolt\u00e0 indicato si riferisce alla partecipazione con una e-bike. Anche i ciclisti esperti possono partecipare a questi tour senza e-bike. Purch\u00e9, tuttavia, sia una buona condizione.<\/p>\n<h2>Condizioni di partecipazione e fatti interessanti<\/h2>\n<ul>\n<li>Tutti i tour ADFC sono forniti con livelli di difficolt\u00e0, lunghezza del percorso e informazioni sull'altitudine. Se avete domande sul tour, si prega di contattare la guida turistica.<\/li>\n<li>Adulti e bambini (fino a 16 anni accompagnati da adulti) possono partecipare ai tour avventura ADFC nei fine settimana.<\/li>\n<li>Solo i membri ADFC possono partecipare ai tour dei \"ciclisti da corsa ADFC\" e dei \"ciclisti del mercoled\u00ec ADFC\" a Wiesbaden! <br \/>Se non sei ancora un membro ADFC, sei il benvenuto a prendere parte a un tour di prova gratuito dei rispettivi gruppi ciclistici. Dopo di che, tuttavia, si dovrebbe decidere di diventare un membro del ADFC. I vantaggi per i membri dell'ADFC sono disponibili all'indirizzo <a href=\"https:\/\/www.adfc.de\/mitgliedschaft\">www.adfc.de<\/a><\/li>\n<li>Tutti i tour ADFC della nostra associazione distrettuale sono gratuiti. Sono indicati costi aggiuntivi, come corse in treno, ammissione, ecc.<\/li>\n<li>La partecipazione ai tour \u00e8 a vostro rischio e pericolo. Si applicano le norme sulla circolazione stradale.<\/li>\n<li>Per la sicurezza stradale (controllo della propria bicicletta, anche in relazione all'alcol) ciascuno:r \u00e8 responsabile personalmente.<\/li>\n<li>Ti consigliamo di portare vestiti resistenti alle intemperie, bevande, provviste, un po 'di denaro e un tubo di ricambio per ogni tour.<\/li>\n<li>La registrazione \u00e8 richiesta per la maggior parte dei tour. Si prega di contattare la guida turistica.<\/li>\n<li>In singoli casi, ci possono essere aggiustamenti a breve termine o la cancellazione dei tour. Le modifiche vengono comunicate sui nostri siti web.<\/li>\n<li>In condizioni meteorologiche estreme, i tour possono anche essere abbreviati o modificati. Inoltre, la guida turistica pu\u00f2 escludere i partecipanti dal tour, se questo sembra necessario per l'ulteriore e sicuro corso del tour.<\/li>\n<\/ul>\n<h2>I nostri livelli di difficolt\u00e0<\/h2>\n<p>\u2605 \u2013 tour senza pendenze significative, adatti alle famiglie e anche ai principianti.<br \/>\u2605\u2605 \u2013 tour con pendenze e, se necessario, percorsi pi\u00f9 lunghi.<br \/>\u2605\u2605\u2605 \u2013 Percorsi e dislivelli a lunga distanza. La condizione \u00e8 richiesta!<br \/>\u2605\u2605\u2605\u2605 - tour per piloti ad alte prestazioni, con grandi dislivelli, lunghe distanze e, se necessario, maggiore velocit\u00e0.<\/p>    <\/div>\n<\/div>\n<!-- \/module text -->        <\/div>\n                        <\/div>\n        <\/div>\n        <\/div>\n<!--\/themify_builder_content-->","protected":false},"excerpt":{"rendered":"<p>Tour guidati in bicicletta con l'ADFC Vogliamo ispirare le persone per la bici e offrire molti tour in bicicletta per scoprire i dintorni. I tour in bicicletta sono effettuati da guide turistiche esperte, molte delle quali sono certificate ADFC TourGuides. Le nostre guide turistiche offrono un'interessante gamma di tour in bicicletta: per le famiglie, per i meno esperti, per gli sportivi, per i ciclisti ricreativi, per gli e-bikers, [\u2026]<\/p>","protected":false},"author":50,"featured_media":0,"parent":69567,"menu_order":0,"comment_status":"closed","ping_status":"closed","template":"","meta":{"footnotes":""},"tags":[],"class_list":["post-71640","page","type-page","status-publish","hentry","has-post-title","has-post-date","has-post-category","has-post-tag","has-post-comment","has-post-author",""],"builder_content":"<h1>Gef\u00fchrte Radtouren mit dem ADFC<\/h1> <p>Wir wollen Menschen f\u00fcr das Fahrrad begeistern und bieten viele Radtouren an, um so die Umgebung zu entdecken. Die Radtouren werden von erfahrenen Tourenleiter:innen durchgef\u00fchrt, viele davon sind zertifizierte ADFC-TourGuides. Unsere Tourenleiter:innen bieten ein interessantes Spektrum von Radtouren an: f\u00fcr Familien, f\u00fcr weniger Ge\u00fcbte, f\u00fcr Sportliche, f\u00fcr Genussradler:innen, f\u00fcr E-Biker:innen, f\u00fcr Rennradler:innen und viele andere. Alle Erlebnistouren k\u00f6nnen auch mit dem E-Bike gefahren werden. Die Geschwindigkeit richtet sich dann aber nach Radlern, die kein E-Bike haben! <br \/>Bei unseren <strong>E-Bike-Touren<\/strong> bezieht sich der angegebene Schwierigkeitsgrad auf die Teilnahme mit einem E-Bike. Ge\u00fcbte Radler:innen k\u00f6nnen aber auch ohne E-Bike an diesen Touren teilnehmen. Vorausgesetzt ist dann aber eine gute Kondition.<\/p> <h2>Teilnahmebedingungen und Wissenswertes<\/h2> <ul> <li>Alle ADFC-Touren sind mit Schwierigkeitsgraden, Streckenl\u00e4ngen und H\u00f6henangaben versehen. Bei Fragen rund um die Tour wenden Sie sich bitte an die Tourenleitung.<\/li> <li>An den ADFC-Erlebnistouren am Wochenende k\u00f6nnen Erwachsene und Kinder (bis 16 J. in Begleitung von Erwachsenen) teilnehmen.<\/li> <li>An den Touren der \u00bbADFC-Rennradler\u00ab und der \u00bbADFC-Mittwochsradler\u00ab in Wiesbaden k\u00f6nnen nur ADFC-Mitglieder teilnehmen! <br \/>Wenn Sie noch kein ADFC-Mitglied sind, k\u00f6nnen Sie aber gerne kostenlos an einer Schnuppertour der entsprechenden Radelgruppen teilnehmen. Danach sollten Sie sich aber f\u00fcr eine Mitgliedschaft im ADFC entscheiden. Die Vorteile f\u00fcr ADFC-Mitglieder finden Sie auf <a href=\"https:\/\/www.adfc.de\/mitgliedschaft\">www.adfc.de<\/a><\/li> <li>Alle ADFC-Touren unseres Kreisverbands sind kostenfrei. Zus\u00e4tzliche Kosten, wie Bahnfahrten, Eintritt etc. werden angegeben.<\/li> <li>Die Teilnahme an den Touren erfolgt auf eigene Gefahr. Es gilt die Stra\u00dfenverkehrsordnung.<\/li> <li>F\u00fcr die Verkehrssicherheit (Beherrschung des eigenen Fahrrads, auch in Verbindung mit Alkohol) ist jede:r selbst verantwortlich.<\/li> <li>Wir empfehlen f\u00fcr jede Tour die Mitnahme wetterfester Kleidung, Getr\u00e4nke, Proviant, etwas Geld und einen Ersatzschlauch.<\/li> <li>Bei den meisten Touren ist eine Anmeldung erforderlich. Bitte kontaktieren Sie hierzu die Tourenleitung.<\/li> <li>In einzelnen F\u00e4llen kann es zu kurzfristigen Anpassungen oder zum Entfall von Touren kommen. \u00c4nderungen werden auf unseren Websites kommuniziert.<\/li> <li>Bei extremen Wetterbedingungen k\u00f6nnen Touren auch verk\u00fcrzt oder abge\u00e4ndert werden. Au\u00dferdem kann die Tourenleitung Teilnehmende von der Tour ausschlie\u00dfen, sofern dies f\u00fcr den weiteren und sicheren Verlauf der Tour notwendig erscheint.<\/li> <\/ul> <h2>Unsere Schwierigkeitsstufen<\/h2> <p>\u2605\u00a0 - Touren ohne nennenswerte Steigungen, familienfreundlich und auch f\u00fcr Anf\u00e4nger:innen geeignet.<br \/>\u2605\u2605\u00a0 - Touren mit Steigungen und ggf. auch l\u00e4ngeren Strecken.<br \/>\u2605\u2605\u2605 \u00a0- Touren mit langen Strecken und Steigungen. Kondition erforderlich!<br \/>\u2605\u2605\u2605\u2605 \u00a0- Touren f\u00fcr konditionsstarke Fahrer:innen, mit gro\u00dfen H\u00f6henunterschieden, langen Strecken und ggf. auch erh\u00f6htem Tempo.<\/p>","_links":{"self":[{"href":"https:\/\/www.adfc-wiesbaden.de\/it\/wp-json\/wp\/v2\/pages\/71640","targetHints":{"allow":["GET"]}}],"collection":[{"href":"https:\/\/www.adfc-wiesbaden.de\/it\/wp-json\/wp\/v2\/pages"}],"about":[{"href":"https:\/\/www.adfc-wiesbaden.de\/it\/wp-json\/wp\/v2\/types\/page"}],"author":[{"embeddable":true,"href":"https:\/\/www.adfc-wiesbaden.de\/it\/wp-json\/wp\/v2\/users\/50"}],"replies":[{"embeddable":true,"href":"https:\/\/www.adfc-wiesbaden.de\/it\/wp-json\/wp\/v2\/comments?post=71640"}],"version-history":[{"count":25,"href":"https:\/\/www.adfc-wiesbaden.de\/it\/wp-json\/wp\/v2\/pages\/71640\/revisions"}],"predecessor-version":[{"id":76135,"href":"https:\/\/www.adfc-wiesbaden.de\/it\/wp-json\/wp\/v2\/pages\/71640\/revisions\/76135"}],"up":[{"embeddable":true,"href":"https:\/\/www.adfc-wiesbaden.de\/it\/wp-json\/wp\/v2\/pages\/69567"}],"wp:attachment":[{"href":"https:\/\/www.adfc-wiesbaden.de\/it\/wp-json\/wp\/v2\/media?parent=71640"}],"wp:term":[{"taxonomy":"post_tag","embeddable":true,"href":"https:\/\/www.adfc-wiesbaden.de\/it\/wp-json\/wp\/v2\/tags?post=71640"}],"curies":[{"name":"wp","href":"https:\/\/api.w.org\/{rel}","templated":true}]}}