{"id":71914,"date":"2025-04-05T09:43:29","date_gmt":"2025-04-05T07:43:29","guid":{"rendered":"https:\/\/www.adfc-wiesbaden.de\/weiterleitungen\/db-rad-copy\/"},"modified":"2026-03-16T19:15:12","modified_gmt":"2026-03-16T18:15:12","slug":"fahrradreparaturkurs","status":"publish","type":"page","link":"https:\/\/www.adfc-wiesbaden.de\/it\/service\/fahrradreparaturkurs\/","title":{"rendered":"Corsi di riparazione biciclette a Wiesbaden e dintorni"},"content":{"rendered":"<!--themify_builder_content-->\n<div id=\"themify_builder_content-71914\" data-postid=\"71914\" class=\"themify_builder_content themify_builder_content-71914 themify_builder tf_clear\">\n                    <div  data-lazy=\"1\" class=\"module_row themify_builder_row tb_gejo228 tb_first tf_w\">\n                        <div class=\"row_inner col_align_top tb_col_count_1 tf_box tf_rel\">\n                        <div  data-lazy=\"1\" class=\"module_column tb-column col-full tb_ecgh470 first\">\n                    <!-- module image -->\n<div  class=\"module module-image tb_8i6c671 image-top   tf_mw tb_gs2677162d\" data-lazy=\"1\">\n        <div class=\"image-wrap tf_rel tf_mw\">\n            <img loading=\"lazy\" decoding=\"async\" width=\"2048\" height=\"1671\" src=\"https:\/\/www.adfc-wiesbaden.de\/wp-content\/uploads\/2025\/01\/Selbsthilfewerkstatt.jpg\" class=\"wp-post-image wp-image-69176\" title=\"Workshop di auto-aiuto Francoforte | \u00a9 Eckehard Wolf\" alt=\"Immagine di un laboratorio di auto-aiuto con una bicicletta e 2 uomini che la riparano.\" srcset=\"https:\/\/www.adfc-wiesbaden.de\/wp-content\/uploads\/2025\/01\/Selbsthilfewerkstatt.jpg 2048w, https:\/\/www.adfc-wiesbaden.de\/wp-content\/uploads\/2025\/01\/Selbsthilfewerkstatt-700x571.jpg 700w, https:\/\/www.adfc-wiesbaden.de\/wp-content\/uploads\/2025\/01\/Selbsthilfewerkstatt-1400x1142.jpg 1400w, https:\/\/www.adfc-wiesbaden.de\/wp-content\/uploads\/2025\/01\/Selbsthilfewerkstatt-200x163.jpg 200w, https:\/\/www.adfc-wiesbaden.de\/wp-content\/uploads\/2025\/01\/Selbsthilfewerkstatt-768x627.jpg 768w, https:\/\/www.adfc-wiesbaden.de\/wp-content\/uploads\/2025\/01\/Selbsthilfewerkstatt-1536x1253.jpg 1536w\" sizes=\"auto, (max-width: 2048px) 100vw, 2048px\" \/>    \n        <\/div>\n    <!-- \/image-wrap -->\n    \n        <div class=\"image-content\">\n                    <h3 class=\"image-title\">\n                                    Workshop di auto-aiuto Francoforte | \u00a9 Eckehard Wolf                            <\/h3>\n                    <\/div>\n    <!-- \/image-content -->\n        <\/div>\n<!-- \/module image --><!-- module text -->\n<div  class=\"module module-text tb_cp7y070    tb_gs678604\" data-lazy=\"1\">\n        <div  class=\"tb_text_wrap\">\n        <h1>Corso di riparazione biciclette a Wiesbaden e dintorni<\/h1>\n<p>Spesso riceviamo richieste di corsi di riparazione e controlli in bicicletta. Al momento non abbiamo la capacit\u00e0 di offrirli noi stessi e abbiamo quindi creato una collezione di luoghi a Wiesbaden e dintorni dove \u00e8 possibile partecipare a corsi di riparazione o riparare la bicicletta da soli con il supporto. <br \/>Se siete a conoscenza di altri luoghi dove ci sono tali offerte?<br \/>Non esitate a scriverci alcune informazioni <a href=\"\/it\/mai&\/#108;&#116;&#111;&#x3a;&#x77;&#x65;&#x62;&#x74;&#x65;am&#64;&#97;&#100;&#102;&#99;&#x2d;&#x77;&#x69;&#x65;&#x73;&#x62;ade&#110;&#46;&#100;&#x65;\">webteam@adfc-wiesbaden.de<\/a><br \/>Ti piacerebbe contribuire e puoi immaginare di offrire un'offerta del genere con l'ADFC?<br \/>Non esitate a contattarci all'indirizzo <a href=\"\/it\/&\/#x6d;&#x61;&#x69;&#x6c;&#116;&#111;&#58;&#105;nfo&#x40;&#x61;&#x64;&#x66;&#x63;&#45;&#119;&#105;esb&#x61;&#x64;&#x65;&#x6e;&#x2e;&#100;&#101;\">info@adfc-wiesbaden.de<\/a> O venire a una riunione attiva.<\/p>\n<h3>Negozio ambientale Wiesbaden<\/h3>\n<p>L\u2019Umweltladen Wiesbaden, in collaborazione con \u00abder Radler\u00bb e l\u2019ADFC Mainz-Bingen, offre corsi di riparazione per principianti e utenti avanzati. Maggiori informazioni su questa offerta sono disponibili all'indirizzo <a href=\"https:\/\/www.wiesbaden.de\/leben-in-wiesbaden\/umwelt-natur-klima\/umweltberatung\/kurse-fahrradreparatur\" target=\"_blank\" rel=\"noopener\">Corsi di riparazione dal negozio ambientale.<\/a><\/p>\n<h3>vento di coda<\/h3>\n<p>Ogni venerd\u00ec dalle 15:00 nella stagione calda, l'associazione vento di coda a Wiesbaden vi invita al laboratorio aperto presso il loro contenitore nel Kulturparkam Schlachthof. Maggiori informazioni su questa offerta sono disponibili all'indirizzo <a href=\"http:\/\/www.rueckenwind-in-wiesbaden.de\/index.php\/fahrradwerkstatt\/\" target=\"_blank\" rel=\"noopener\">Vento di coda.<\/a><\/p>\n<h3>Laboratorio pratico Kiezwerkstatt<\/h3>\n<p>Nel Kiezwerkstatt di recente apertura ad aprile, c'\u00e8 la possibilit\u00e0 di utilizzare l'infrastruttura dell'officina per una piccola tassa per riparare la propria bicicletta. Maggiori informazioni su questa offerta sono disponibili all'indirizzo <a href=\"https:\/\/www.kiezkaufhaus.de\/#preisliste-unserer-mitmachwerkstatt\" target=\"_blank\" rel=\"noopener\">Laboratorio di Kiez.<\/a><\/p>\n<h3>E-motion Walluf<\/h3>\n<p>A Walluf, E-Motion offre workshop sulla riparazione di e-bike. Ci sono anche altre offerte che potrebbero interessarti. <a href=\"https:\/\/emotion-ebikes.de\/standorte\/he\/wiesbaden\/together?merchantId=12971137\" target=\"_blank\" rel=\"noopener\">https:\/\/emotion-ebikes.de\/standorte\/he\/wiesbaden\/together?merchantId=12971137<\/a><\/p>    <\/div>\n<\/div>\n<!-- \/module text -->        <\/div>\n                        <\/div>\n        <\/div>\n        <\/div>\n<!--\/themify_builder_content-->","protected":false},"excerpt":{"rendered":"<p>Qui troverai una panoramica delle offerte a noi note per corsi di riparazione di biciclette e laboratori di auto-aiuto<\/p>","protected":false},"author":53,"featured_media":69177,"parent":69773,"menu_order":0,"comment_status":"closed","ping_status":"closed","template":"","meta":{"footnotes":""},"tags":[790],"class_list":["post-71914","page","type-page","status-publish","has-post-thumbnail","hentry","tag-tipps","has-post-title","has-post-date","has-post-category","has-post-tag","has-post-comment","has-post-author",""],"builder_content":"<img src=\"https:\/\/www.adfc-wiesbaden.de\/wp-content\/uploads\/2025\/01\/Selbsthilfewerkstatt.jpg\" title=\"Selbsthilfewerkstatt Frankfurt | &copy; Eckehard Wolf\" alt=\"Bild von einer Selbsthilfewerkstatt mit einem Fahrrad und 2 M\u00e4nnern, die dieses reparieren.\" srcset=\"https:\/\/www.adfc-wiesbaden.de\/wp-content\/uploads\/2025\/01\/Selbsthilfewerkstatt.jpg 2048w, https:\/\/www.adfc-wiesbaden.de\/wp-content\/uploads\/2025\/01\/Selbsthilfewerkstatt-700x571.jpg 700w, https:\/\/www.adfc-wiesbaden.de\/wp-content\/uploads\/2025\/01\/Selbsthilfewerkstatt-1400x1142.jpg 1400w, https:\/\/www.adfc-wiesbaden.de\/wp-content\/uploads\/2025\/01\/Selbsthilfewerkstatt-200x163.jpg 200w, https:\/\/www.adfc-wiesbaden.de\/wp-content\/uploads\/2025\/01\/Selbsthilfewerkstatt-768x627.jpg 768w, https:\/\/www.adfc-wiesbaden.de\/wp-content\/uploads\/2025\/01\/Selbsthilfewerkstatt-1536x1253.jpg 1536w\" sizes=\"(max-width: 2048px) 100vw, 2048px\" \/> <h3> Selbsthilfewerkstatt Frankfurt | &copy; Eckehard Wolf <\/h3>\n<h1>Fahrradreparaturkurs ein Wiesbaden und Umgebung<\/h1> <p>Wir bekommen \u00f6fter Anfragen zu Reparaturkursen und Fahrrad-Checkups. Aktuell haben wir keine Kapazit\u00e4ten diese selbst anzubieten und haben daher hier eine Sammlung an Stellen in Wiesbaden und Umgebung erstellt, wo man an Reparaturkursen teilnehmen kann oder mit Unterst\u00fctzung sein Rad selbst reparieren kann. <br \/>Wenn euch weitere Orte bekannt sind, an denen es solche Angebote gibt?<br \/>Schreibt uns gerne ein paar Informationen dazu an <a href=\"mailto:webteam@adfc-wiesbaden.de\">webteam@adfc-wiesbaden.de<\/a><br \/>M\u00f6chtet ihr euch einbringen und k\u00f6nnt euch vorstellen ein solches Angebot mit dem ADFC anzubieten?<br \/>Meldet euch gerne unter <a href=\"mailto:info@adfc-wiesbaden.de\">info@adfc-wiesbaden.de<\/a> oder kommt bei einem Aktiventreffen vorbei.<\/p> <h3>Umweltladen Wiesbaden<\/h3> <p>Der Umweltladen Wiesbaden bietet in Zusammenarbeit mit \"der Radler\" und dem ADFC Mainz-Bingen Reperaturkurs f\u00fcr Anf\u00e4nger und Fortgeschrittene an. Weitere Informationen zu diesem Angebot findet ihr unter <a href=\"https:\/\/www.wiesbaden.de\/leben-in-wiesbaden\/umwelt-natur-klima\/umweltberatung\/kurse-fahrradreparatur\" target=\"_blank\" rel=\"noopener\">Reparaturkurse vom Umweltladen.<\/a><\/p> <h3>R\u00fcckenwind<\/h3> <p>Der Verein R\u00fcckenwind in Wiesbaden l\u00e4dt in der warmen Jahreszeit jeden Freitag ab 15 Uhr zur offenen Werkstatt an ihrem Container im Kulturparkam Schlachthof ein. Weitere Informationen zu diesem Angebot findet ihr unter <a href=\"http:\/\/www.rueckenwind-in-wiesbaden.de\/index.php\/fahrradwerkstatt\/\" target=\"_blank\" rel=\"noopener\">R\u00fcckenwind.<\/a><\/p> <h3>Mitmachwerkstatt Kiezwerkstatt<\/h3> <p>In der im April neu er\u00f6ffneten Kiezwerkstatt gibt es die M\u00f6glichkeit, die Infrastruktur der Werkstatt gegen eine kleine Geb\u00fchr zu nutzen, um sein eigenes Fahrrad zu reparieren. Weitere Informationen zu diesem Angebot findet ihr unter <a href=\"https:\/\/www.kiezkaufhaus.de\/#preisliste-unserer-mitmachwerkstatt\" target=\"_blank\" rel=\"noopener\">Kiezwerkstatt.<\/a><\/p> <h3>E-Motion Walluf<\/h3> <p>In Walluf bietet E-Motion Workshops zur E-Bike-Reperatur an. Hier gibt es ebenfalls andere Angebote, die f\u00fcr euch interessant sein k\u00f6nnten <a href=\"https:\/\/emotion-ebikes.de\/standorte\/he\/wiesbaden\/together?merchantId=12971137\" target=\"_blank\" rel=\"noopener\">https:\/\/emotion-ebikes.de\/standorte\/he\/wiesbaden\/together?merchantId=12971137<\/a><\/p>","_links":{"self":[{"href":"https:\/\/www.adfc-wiesbaden.de\/it\/wp-json\/wp\/v2\/pages\/71914","targetHints":{"allow":["GET"]}}],"collection":[{"href":"https:\/\/www.adfc-wiesbaden.de\/it\/wp-json\/wp\/v2\/pages"}],"about":[{"href":"https:\/\/www.adfc-wiesbaden.de\/it\/wp-json\/wp\/v2\/types\/page"}],"author":[{"embeddable":true,"href":"https:\/\/www.adfc-wiesbaden.de\/it\/wp-json\/wp\/v2\/users\/53"}],"replies":[{"embeddable":true,"href":"https:\/\/www.adfc-wiesbaden.de\/it\/wp-json\/wp\/v2\/comments?post=71914"}],"version-history":[{"count":19,"href":"https:\/\/www.adfc-wiesbaden.de\/it\/wp-json\/wp\/v2\/pages\/71914\/revisions"}],"predecessor-version":[{"id":75641,"href":"https:\/\/www.adfc-wiesbaden.de\/it\/wp-json\/wp\/v2\/pages\/71914\/revisions\/75641"}],"up":[{"embeddable":true,"href":"https:\/\/www.adfc-wiesbaden.de\/it\/wp-json\/wp\/v2\/pages\/69773"}],"wp:featuredmedia":[{"embeddable":true,"href":"https:\/\/www.adfc-wiesbaden.de\/it\/wp-json\/wp\/v2\/media\/69177"}],"wp:attachment":[{"href":"https:\/\/www.adfc-wiesbaden.de\/it\/wp-json\/wp\/v2\/media?parent=71914"}],"wp:term":[{"taxonomy":"post_tag","embeddable":true,"href":"https:\/\/www.adfc-wiesbaden.de\/it\/wp-json\/wp\/v2\/tags?post=71914"}],"curies":[{"name":"wp","href":"https:\/\/api.w.org\/{rel}","templated":true}]}}