{"id":69440,"date":"2025-02-14T21:38:20","date_gmt":"2025-02-14T20:38:20","guid":{"rendered":"https:\/\/www2.adfc-wiesbaden.de\/?page_id=69440"},"modified":"2025-05-17T07:52:04","modified_gmt":"2025-05-17T05:52:04","slug":"adfc-rennradgruppe","status":"publish","type":"page","link":"https:\/\/www.adfc-wiesbaden.de\/ro\/radtouren\/adfc-rennradgruppe\/","title":{"rendered":"ADFC Road Bike Group"},"content":{"rendered":"<!--themify_builder_content-->\n<div id=\"themify_builder_content-69440\" data-postid=\"69440\" class=\"themify_builder_content themify_builder_content-69440 themify_builder tf_clear\">\n                    <div  data-lazy=\"1\" class=\"module_row themify_builder_row tb_31ds282 tb_first tf_w\">\n                        <div class=\"row_inner col_align_top tb_col_count_1 tf_box tf_rel\">\n                        <div  data-lazy=\"1\" class=\"module_column tb-column col-full tb_qe3j282 first\">\n                    <!-- module image -->\n<div  class=\"module module-image tb_tffq282 image-top   tf_mw\" data-lazy=\"1\">\n        <div class=\"image-wrap tf_rel tf_mw\">\n            <img decoding=\"async\" src=\"\/wp-content\/uploads\/2025\/02\/ennradgruppe_2_w1600.webp\" title=\"ADFC Road Bike Group\" alt=\"ADFC Road Bike Group\">    \n        <\/div>\n    <!-- \/image-wrap -->\n    \n        <\/div>\n<!-- \/module image -->        <div  data-lazy=\"1\" class=\"module_subrow themify_builder_sub_row tf_w col_align_top tb_col_count_3 tb_4b00282\">\n                <div  data-lazy=\"1\" class=\"module_column sub_column col3-1 tb_z7r0282 first\">\n                    <!-- module image -->\n<div  class=\"module module-image tb_olyz282 image-center   tf_mw\" data-lazy=\"1\">\n        <div class=\"image-wrap tf_rel tf_mw\">\n            <img decoding=\"async\" src=\"\/wp-content\/uploads\/2025\/02\/Dreieck_Orange.png\" width=\"44\" title=\"ADFC Road Bike Group\" alt=\"ADFC Road Bike Group\">    \n        <\/div>\n    <!-- \/image-wrap -->\n    \n        <\/div>\n<!-- \/module image -->        <\/div>\n                    <div  data-lazy=\"1\" class=\"module_column sub_column col3-1 tb_z2iv282\">\n                            <\/div>\n                    <div  data-lazy=\"1\" class=\"module_column sub_column col3-1 tb_u5bq282 last\">\n                            <\/div>\n                    <\/div>\n        <!-- module plain text -->\n<div  class=\"module module-plain-text tb_t527282 bild_header_h1 adfc_orange tb_gs4151609\" data-lazy=\"1\">\n        <div class=\"tb_text_wrap\">\n    <span style=\"font-size:28px; line-height:34px;\" >Grupul de biciclete rutiere<\/span><span style=\"float:right;font-size:14px; line-height:34px;margin-right:5px;\">\u00a9 Ansgar Schiffler <\/span>    <\/div>\n<\/div>\n<!-- \/module plain text -->        <\/div>\n                        <\/div>\n        <\/div>\n                        <div  data-lazy=\"1\" class=\"module_row themify_builder_row tb_5se3623 tf_w\">\n                        <div class=\"row_inner col_align_top tb_col_count_1 tf_box tf_rel\">\n                        <div  data-lazy=\"1\" class=\"module_column tb-column col-full tb_q1la623 first\">\n                    <!-- module text -->\n<div  class=\"module module-text tb_ugre579\" data-lazy=\"1\">\n        <div  class=\"tb_text_wrap\">\n        <h1 class=\"\">ADFC Road Bike Group<\/h1>    <\/div>\n<\/div>\n<!-- \/module text -->        <\/div>\n                        <\/div>\n        <\/div>\n                        <div  data-lazy=\"1\" class=\"module_row themify_builder_row tb_8qf0372 tf_w\">\n                        <div class=\"row_inner col_align_top tb_col_count_2 tf_box tf_rel\">\n                        <div  data-lazy=\"1\" class=\"module_column tb-column col4-2 tb_olh5372 first\">\n                    <!-- module text -->\n<div  class=\"module module-text tb_763t663\" data-lazy=\"1\">\n        <div  class=\"tb_text_wrap\">\n        <p><b>Din 2014, exist\u0103 un grup de biciclete rutiere \u00een asocia\u021bia noastr\u0103 districtual\u0103 ADFC care se \u00eent\u00e2lne\u0219te \u00een mod regulat pentru plimb\u0103ri. \u00cen cadrul ADFC, un grup de biciclete rutiere este \u00eenc\u0103 ceva special. Ini\u021biativa noastr\u0103 Wiesbaden este singura din Hesse de p\u00e2n\u0103 acum.<\/b><\/p>\n<h2>Reuniune regulat\u0103 a motocicli\u0219tilor pe malurile Rinului, la Biebrich<\/h2>\n<p>Grupul de motocicli\u0219ti se \u00eent\u00e2lne\u0219te cu:<\/p>\n<p style=\"text-align: left;\"><strong>\u00cen semestrul de var\u0103, de obicei de 1-2 ori pe s\u0103pt\u0103m\u00e2n\u0103, pe malurile Rinului, \u00een Biebrich (la debarcaderul KD\/turnul de nivel). Datele \u0219i rutele vor fi distribuite prin e-mail \u00een avans.<\/strong><\/p>\n<p>Punctul de plecare de pe Rin a fost, de asemenea, ales pentru a include pasiona\u021bii de biciclete rutiere din Mainz. De regul\u0103, 40 p\u00e2n\u0103 la 70 de kilometri sunt conduse \u00een turele dup\u0103 locul de munc\u0103. \u00cen acest sens, sunt selectate \u00een principal rute plate \u0219i sunt evitate pantele mai mari. Ritmul este moderat \u0219i, de asemenea, potrivit pentru \u00eencep\u0103torii de biciclete rutiere. Este vorba despre distrac\u021bie pe ro\u021bi rapide, nu despre concuren\u021b\u0103. Destina\u021bii populare sunt Rheingau, Ried, Rheinhessen \u0219i Wiesbaden \"L\u00e4ndchen\".<\/p>\n<p>La sf\u00e2r\u0219it de s\u0103pt\u0103m\u00e2n\u0103, ocazional, se organizeaz\u0103 excursii cu bicicleta pe \u0219osea mai lungi \u00een semestrul de var\u0103. Pe de o parte, sunt oferite tururi proprii, care sunt conduse de persoane active din grupul de biciclete rutiere. Pe de alt\u0103 parte, ne place s\u0103 particip\u0103m \u0219i la tururile de ciclism (RTF) \u0219i la maratoanele de ciclism ale cluburilor de ciclism.<\/p>\n<p style=\"text-align: left;\"><strong>\u00cen timpul iernii, jum\u0103tate de an (cu condi\u021bii meteorologice adecvate) sunt conduse excursii cu bicicleta mai mici.<br \/>\u00cenceput: Biebricher Rheinufer (la KD-Anleger\/Pegelturm)<br \/><\/strong><\/p>\n<p>Nu exist\u0103 o pauz\u0103 de sezon adecvat\u0103.<\/p>\n<h3>Persoan\u0103 de contact:<\/h3>\n<p>Dac\u0103 sunte\u021bi interesat de grupul de biciclete rutiere, v\u0103 pute\u021bi \u00eenregistra \u00een lista noastr\u0103 de coresponden\u021b\u0103 prin e-mail.<br \/>Pur \u0219i simplu trimite\u021bi un e-mail la:<br \/><strong>E-mail:\u00a0 <a href=\"\/ro\/&\/#109;&#x61;i&#108;&#x74;o&#58;&#x72;e&#110;&#x6e;r&#97;&#x64;\u200d&#64;&#97;&#x64;f&#99;&#x2d;w&#105;&#x65;s&#98;&#x61;d&#101;&#x6e;&#46;&#x64;&#x65;\">rennrad (at)adfc-wiesbaden.de<\/a><\/strong><\/p>\n<p>Acest distribuitor v\u0103 va informa \u00een prealabil despre fiecare tur. Mai multe informa\u021bii despre ofertele ADFC de biciclete rutiere pot fi ob\u021binute apel\u00e2nd <strong>Thomas Fuchs (tel. nr. 0160\/94837314).<\/strong><\/p>\n<h2>\u00cent\u00e2lnire regulat\u0103 de biciclete rutiere \u00een Mainz la Fort Malakoff<\/h2>\n<p>Din 2019 exist\u0103 o a doua \u00eent\u00e2lnire de biciclete rutiere:<\/p>\n<p style=\"text-align: left;\"><strong> \u00cen timpul verii <\/strong><strong>Miercuri la ora 18:00 <\/strong><strong>Fortul Malakoff din Mainz<\/strong><\/p>\n<p>Aceste tururi sunt oferite de Heike Lang. Dac\u0103 dori\u021bi s\u0103 c\u0103l\u0103tori\u021bi cu ea, v\u0103 rug\u0103m s\u0103 o contacta\u021bi:<br \/><strong>E-mail: <a href=\"\/ro\/&\/#109;&#x61;&#105;&#x6c;&#116;&#x6f;&#58;&#x68;&#101;&#x69;&#107;&#x65;-&#x6c;a&#x6e;g&#x2e;6&#x38;\u200d&#64;&#x74;&#45;&#x6f;&#110;&#x6c;&#105;&#x6e;&#101;&#x2e;&#100;&#x65;\">Heike-Lang.68\u00ac(\u200cat \u200c)\u00act-online.de<\/a> sau la tel.: 01578 1798799<\/strong><\/p>    <\/div>\n<\/div>\n<!-- \/module text -->        <\/div>\n                    <div  data-lazy=\"1\" class=\"module_column tb-column col4-2 tb_zy7v353 last\">\n                    <!-- module box -->\n<div  class=\"module module-box tb_qgt6649  tb_gs678604\" data-lazy=\"1\">\n    <div class=\"module-box-content ui  tb_default_color\">\n                <div class=\"tb_text_wrap\"><div class=\"tb_layout_part_wrap tf_w\"><!--themify_builder_content-->\n    <div  class=\"themify_builder_content themify_builder_content-69641 themify_builder not_editable_builder in_the_loop\" data-postid=\"69641\">\n                        <div  data-lazy=\"1\" class=\"module_row themify_builder_row blue_right_menu_box tb_pon9441 tf_w\">\n                        <div class=\"row_inner col_align_top tb_col_count_1 tf_box tf_rel\">\n                        <div  data-lazy=\"1\" class=\"module_column tb-column col-full tb_imf9000 first\">\n                    <!-- module text -->\n<div  class=\"module module-text tb_ozup006\" data-lazy=\"1\">\n        <div  class=\"tb_text_wrap\">\n        <h2>Alte leg\u0103turi<\/h2>    <\/div>\n<\/div>\n<!-- \/module text --><!-- module buttons -->\n<div  class=\"module module-buttons tb_7dgc555 buttons-horizontal transparent\" data-lazy=\"1\">\n        <div class=\"module-buttons-item tf_in_flx\">\n                        <a href=\"https:\/\/www.adfc-wiesbaden.de\/ro\/radtouren\/adfc-rennradgruppe\/\" class=\"ui builder_button tf_in_flx tb_default_color\" >\n                                    <em><svg  class=\"tf_fa tf-ti-new-window\" xmlns:xlink=\"http:\/\/www.w3.org\/1999\/xlink\" aria-hidden=\"true\"><use href=\"#tf-ti-new-window\" xlink:href=\"#tf-ti-new-window\"><\/use><\/svg><\/em>                                        Grupul de biciclete rutiere                                        <\/a>\n                <\/div>\n            <\/div>\n<!-- \/module buttons -->\n        <div  data-lazy=\"1\" class=\"module_subrow themify_builder_sub_row tf_w col_align_top tb_col_count_1 tb_it7n050\">\n                <div  data-lazy=\"1\" class=\"module_column sub_column col-full tb_umat066 first\">\n                    <!-- module divider -->\n<div  class=\"module tf_mw module-divider tb_vly7050 solid\" style=\"border-width: 1px;border-color: #ffffff;margin-top: 1px;margin-bottom: 1px;\" data-lazy=\"1\">\n    <\/div>\n<!-- \/module divider -->\n        <\/div>\n                    <\/div>\n        <!-- module buttons -->\n<div  class=\"module module-buttons tb_qhca060 buttons-horizontal transparent\" data-lazy=\"1\">\n        <div class=\"module-buttons-item tf_in_flx\">\n                        <a href=\"https:\/\/www.adfc-wiesbaden.de\/ro\/radtouren\/die-adfc-mittwochsradler-in-wiesbaden\/\" class=\"ui builder_button tf_in_flx tb_default_color\" >\n                                    <em><svg  class=\"tf_fa tf-ti-new-window\" xmlns:xlink=\"http:\/\/www.w3.org\/1999\/xlink\" aria-hidden=\"true\"><use href=\"#tf-ti-new-window\" xlink:href=\"#tf-ti-new-window\"><\/use><\/svg><\/em>                                        Cicli\u0219ti de miercuri                                        <\/a>\n                <\/div>\n            <\/div>\n<!-- \/module buttons -->\n        <div  data-lazy=\"1\" class=\"module_subrow themify_builder_sub_row tf_w col_align_top tb_col_count_1 tb_625t600\">\n                <div  data-lazy=\"1\" class=\"module_column sub_column col-full tb_fr90130 first\">\n                    <!-- module divider -->\n<div  class=\"module tf_mw module-divider tb_s4pu150 solid\" style=\"border-width: 1px;border-color: #ffffff;margin-top: 1px;margin-bottom: 1px;\" data-lazy=\"1\">\n    <\/div>\n<!-- \/module divider -->\n        <\/div>\n                    <\/div>\n        <!-- module buttons -->\n<div  class=\"module module-buttons tb_e0xb166 buttons-horizontal transparent\" data-lazy=\"1\">\n        <div class=\"module-buttons-item tf_in_flx\">\n                        <a href=\"\/ro\/tag\/radtourenbericht\/\" class=\"ui builder_button tf_in_flx tb_default_color\" >\n                                    <em><svg  class=\"tf_fa tf-ti-new-window\" xmlns:xlink=\"http:\/\/www.w3.org\/1999\/xlink\" aria-hidden=\"true\"><use href=\"#tf-ti-new-window\" xlink:href=\"#tf-ti-new-window\"><\/use><\/svg><\/em>                                        Rapoarte privind turele de ciclism                                        <\/a>\n                <\/div>\n            <\/div>\n<!-- \/module buttons -->\n        <div  data-lazy=\"1\" class=\"module_subrow themify_builder_sub_row tf_w col_align_top tb_col_count_1 tb_gd7v606\">\n                <div  data-lazy=\"1\" class=\"module_column sub_column col-full tb_owtx005 first\">\n                    <!-- module divider -->\n<div  class=\"module tf_mw module-divider tb_w7u6006 solid\" style=\"border-width: 1px;border-color: #ffffff;margin-top: 1px;margin-bottom: 1px;\" data-lazy=\"1\">\n    <\/div>\n<!-- \/module divider -->\n        <\/div>\n                    <\/div>\n        <!-- module buttons -->\n<div  class=\"module module-buttons tb_n5xl376 buttons-horizontal transparent\" data-lazy=\"1\">\n        <div class=\"module-buttons-item tf_in_flx\">\n                        <a href=\"\/ro\/tourenprogramm\/\" class=\"ui builder_button tf_in_flx tb_default_color\" >\n                                    <em><svg  class=\"tf_fa tf-ti-new-window\" xmlns:xlink=\"http:\/\/www.w3.org\/1999\/xlink\" aria-hidden=\"true\"><use href=\"#tf-ti-new-window\" xlink:href=\"#tf-ti-new-window\"><\/use><\/svg><\/em>                                        Programul turului cu bicicleta                                        <\/a>\n                <\/div>\n            <\/div>\n<!-- \/module buttons -->\n        <div  data-lazy=\"1\" class=\"module_subrow themify_builder_sub_row tf_w col_align_top tb_col_count_1 tb_jzkx459\">\n                <div  data-lazy=\"1\" class=\"module_column sub_column col-full tb_g1gs459 first\">\n                    <!-- module divider -->\n<div  class=\"module tf_mw module-divider tb_qhro459 solid\" style=\"border-width: 1px;border-color: #ffffff;margin-top: 1px;margin-bottom: 1px;\" data-lazy=\"1\">\n    <\/div>\n<!-- \/module divider -->\n        <\/div>\n                    <\/div>\n        <!-- module buttons -->\n<div  class=\"module module-buttons tb_nvai813 buttons-horizontal transparent\" data-lazy=\"1\">\n        <div class=\"module-buttons-item tf_in_flx\">\n                        <a href=\"https:\/\/www.adfc-wiesbaden.de\/ro\/tourenprogramm-als-pdf\/\" class=\"ui builder_button tf_in_flx tb_default_color\" >\n                                    <em><svg  class=\"tf_fa tf-ti-new-window\" xmlns:xlink=\"http:\/\/www.w3.org\/1999\/xlink\" aria-hidden=\"true\"><use href=\"#tf-ti-new-window\" xlink:href=\"#tf-ti-new-window\"><\/use><\/svg><\/em>                                        Program de tur cu bicicleta ca PDF                                        <\/a>\n                <\/div>\n            <\/div>\n<!-- \/module buttons -->\n        <div  data-lazy=\"1\" class=\"module_subrow themify_builder_sub_row tf_w col_align_top tb_col_count_1 tb_ww1w469\">\n                <div  data-lazy=\"1\" class=\"module_column sub_column col-full tb_xm56469 first\">\n                    <!-- module divider -->\n<div  class=\"module tf_mw module-divider tb_gdt0469 solid\" style=\"border-width: 1px;border-color: #ffffff;margin-top: 1px;margin-bottom: 1px;\" data-lazy=\"1\">\n    <\/div>\n<!-- \/module divider -->\n        <\/div>\n                    <\/div>\n        <!-- module buttons -->\n<div  class=\"module module-buttons tb_367r972 buttons-horizontal transparent\" data-lazy=\"1\">\n        <div class=\"module-buttons-item tf_in_flx\">\n                        <a href=\"https:\/\/www.adfc-wiesbaden.de\/ro\/radtouren\/tourenprogramm\/teilnahmebedingungen\/\" class=\"ui builder_button tf_in_flx tb_default_color\" >\n                                    <em><svg  class=\"tf_fa tf-ti-new-window\" xmlns:xlink=\"http:\/\/www.w3.org\/1999\/xlink\" aria-hidden=\"true\"><use href=\"#tf-ti-new-window\" xlink:href=\"#tf-ti-new-window\"><\/use><\/svg><\/em>                                        Condi\u021bii de participare Tururi cu bicicleta                                        <\/a>\n                <\/div>\n            <\/div>\n<!-- \/module buttons -->\n        <div  data-lazy=\"1\" class=\"module_subrow themify_builder_sub_row tf_w col_align_top tb_col_count_1 tb_nrr0578\">\n                <div  data-lazy=\"1\" class=\"module_column sub_column col-full tb_6fo6578 first\">\n                    <!-- module divider -->\n<div  class=\"module tf_mw module-divider tb_yoja578 solid\" style=\"border-width: 1px;border-color: #ffffff;margin-top: 1px;margin-bottom: 1px;\" data-lazy=\"1\">\n    <\/div>\n<!-- \/module divider -->\n        <\/div>\n                    <\/div>\n                <\/div>\n                        <\/div>\n        <\/div>\n            <\/div>\n<!--\/themify_builder_content--><\/div>\n<\/div>\n    <\/div>\n<\/div>\n<!-- \/module box -->\n        <\/div>\n                        <\/div>\n        <\/div>\n        <\/div>\n<!--\/themify_builder_content-->\n\n\n<p><\/p>","protected":false},"excerpt":{"rendered":"<p><b>Din 2014, exist\u0103 un grup de biciclete rutiere \u00een asocia\u021bia noastr\u0103 districtual\u0103 ADFC care se \u00eent\u00e2lne\u0219te \u00een mod regulat pentru plimb\u0103ri.<\/b><br \/>\n\u00cen cadrul ADFC, un grup de biciclete rutiere este \u00eenc\u0103 ceva special. Ini\u021biativa noastr\u0103 Wiesbaden este singura din Hesse de p\u00e2n\u0103 acum.<\/p>","protected":false},"author":18,"featured_media":69668,"parent":69427,"menu_order":7,"comment_status":"closed","ping_status":"closed","template":"","meta":{"footnotes":""},"tags":[762,763],"class_list":["post-69440","page","type-page","status-publish","has-post-thumbnail","hentry","tag-radfahren","tag-rennrad","has-post-title","has-post-date","has-post-category","has-post-tag","has-post-comment","has-post-author",""],"builder_content":"<img src=\"\/wp-content\/uploads\/2025\/02\/ennradgruppe_2_w1600.webp\" title=\"ADFC Rennradgruppe\" alt=\"ADFC Rennradgruppe\">\n<img src=\"\/wp-content\/uploads\/2025\/02\/Dreieck_Orange.png\" width=\"44\" title=\"ADFC Rennradgruppe\" alt=\"ADFC Rennradgruppe\">\nRennradgruppe&copy; Ansgar Schiffler\n<h1>ADFC Rennradgruppe<\/h1>\n<p><b>Seit 2014 gibt es in unserem ADFC-Kreisverband eine Rennradgruppe, die sich regelm\u00e4\u00dfig zu Ausfahrten trifft. Innerhalb des ADFC ist eine Rennradgruppe immer noch etwas Besonderes. Unsere Wiesbadener Initiative ist bislang die einzige in Hessen.<\/b><\/p> <h2>Regelm\u00e4\u00dfiger Rennradtreff am Biebricher Rheinufer<\/h2> <p>Die Rennradgruppe trifft sich:<\/p> <p style=\"text-align: left;\"><strong>Im Sommerhalbjahr in der Regel 1-2 mal pro Woche am Biebricher Rheinufer (am KD-Anleger\/Pegelturm). Termine und Routen werden vorher per E-Mail verteilt.<\/strong><\/p> <p>Der Startort am Rhein wurde auch gew\u00e4hlt, um die Rennradfreunde aus Mainz einzubeziehen. In der Regel werden bei den Feierabendtouren 40 bis 70 Kilometer gefahren. Dabei werden vorwiegend flache Strecken ausgew\u00e4hlt und gr\u00f6\u00dfere Steigungen vermieden. Das Tempo ist moderat und auch f\u00fcr Rennrad-Anf\u00e4nger geeignet. Es geht dabei um Spa\u00df auf flotten R\u00e4dern, nicht um Wettkampf. Beliebte Ziele sind der Rheingau, das Ried, Rheinhessen und das Wiesbadener \u201eL\u00e4ndchen\u201c.<\/p> <p>An den Wochenenden werden im Sommerhalbjahr vereinzelt l\u00e4ngere Rennradausfl\u00fcge veranstaltet. Zum einen werden eigene Touren angeboten, die die von Aktiven aus der Rennradgruppe gef\u00fchrt werden. Zum anderen fahren wir auch gerne bei den Radtourenfahrten (RTF) und Radmarathons der Radsportvereine mit.<\/p> <p style=\"text-align: left;\"><strong>Im Winterhalbjahr (bei geeigneten Witterungsbedingungen) werden kleinere Rennradtouren gefahren<br \/>Start: Biebricher Rheinufer (am KD-Anleger\/Pegelturm)<br \/><\/strong><\/p> <p>Eine richtige Saisonpause gibt es nicht.<\/p> <h3>Kontakt:<\/h3> <p>Wer Interesse an der Rennradgruppe hat, kann sich in unserer E-Mail-Verteiler eintragen lassen.<br \/>Einfach Mail an:<br \/><strong>E-Mail:\u00a0 <a href=\"mailto:rennrad\u200d@adfc-wiesbaden.de\">rennrad\u200d(at)adfc-wiesbaden.de<\/a><\/strong><\/p> <p>\u00dcber diesen Verteiler wird vorab \u00fcber jede Tour informiert. Weitere Informationen zu den Rennrad-Angeboten des ADFC k\u00f6nnen telefonisch erfragt werden bei <strong>Thomas Fuchs (Tel.-Nr. 0160\/94837314).<\/strong><\/p> <h2>Regelm\u00e4\u00dfiger Rennradtreff in Mainz am Fort Malakoff<\/h2> <p>Seit 2019 gibt es einen zweiten Rennradtreff:<\/p> <p style=\"text-align: left;\"><strong> In der Sommerzeit <\/strong><strong>mittwochs um 18 Uhr <\/strong><strong>am Fort Malakoff in Mainz<\/strong><\/p> <p>Diese Touren werden von Heike Lang angeboten. Wenn Du mitfahren m\u00f6chtest, nimm bitte mit ihr Kontakt auf:<br \/><strong>E-Mail: <a href=\"mailto:heike-lang.68\u200d@t-online.de\">Heike-Lang.68\u200d(\u200cat\u200c)\u200dt-online.de<\/a> oder Tel.: 01578 1798799<\/strong><\/p>\n<p>[themify_layout_part id=\"69641\"]<\/p>","_links":{"self":[{"href":"https:\/\/www.adfc-wiesbaden.de\/ro\/wp-json\/wp\/v2\/pages\/69440","targetHints":{"allow":["GET"]}}],"collection":[{"href":"https:\/\/www.adfc-wiesbaden.de\/ro\/wp-json\/wp\/v2\/pages"}],"about":[{"href":"https:\/\/www.adfc-wiesbaden.de\/ro\/wp-json\/wp\/v2\/types\/page"}],"author":[{"embeddable":true,"href":"https:\/\/www.adfc-wiesbaden.de\/ro\/wp-json\/wp\/v2\/users\/18"}],"replies":[{"embeddable":true,"href":"https:\/\/www.adfc-wiesbaden.de\/ro\/wp-json\/wp\/v2\/comments?post=69440"}],"version-history":[{"count":79,"href":"https:\/\/www.adfc-wiesbaden.de\/ro\/wp-json\/wp\/v2\/pages\/69440\/revisions"}],"predecessor-version":[{"id":72504,"href":"https:\/\/www.adfc-wiesbaden.de\/ro\/wp-json\/wp\/v2\/pages\/69440\/revisions\/72504"}],"up":[{"embeddable":true,"href":"https:\/\/www.adfc-wiesbaden.de\/ro\/wp-json\/wp\/v2\/pages\/69427"}],"wp:featuredmedia":[{"embeddable":true,"href":"https:\/\/www.adfc-wiesbaden.de\/ro\/wp-json\/wp\/v2\/media\/69668"}],"wp:attachment":[{"href":"https:\/\/www.adfc-wiesbaden.de\/ro\/wp-json\/wp\/v2\/media?parent=69440"}],"wp:term":[{"taxonomy":"post_tag","embeddable":true,"href":"https:\/\/www.adfc-wiesbaden.de\/ro\/wp-json\/wp\/v2\/tags?post=69440"}],"curies":[{"name":"wp","href":"https:\/\/api.w.org\/{rel}","templated":true}]}}