{"id":69523,"date":"2025-02-15T12:10:25","date_gmt":"2025-02-15T11:10:25","guid":{"rendered":"https:\/\/www2.adfc-wiesbaden.de\/?page_id=69523"},"modified":"2026-05-10T22:37:20","modified_gmt":"2026-05-10T20:37:20","slug":"codierung","status":"publish","type":"page","link":"https:\/\/www.adfc-wiesbaden.de\/ro\/service\/codierung\/","title":{"rendered":"codificare"},"content":{"rendered":"<!--themify_builder_content-->\n<div id=\"themify_builder_content-69523\" data-postid=\"69523\" class=\"themify_builder_content themify_builder_content-69523 themify_builder tf_clear\">\n                    <div  data-lazy=\"1\" class=\"module_row themify_builder_row tb_31ds282 tb_first tf_w\">\n                        <div class=\"row_inner col_align_top tb_col_count_1 tf_box tf_rel\">\n                        <div  data-lazy=\"1\" class=\"module_column tb-column col-full tb_qe3j282 first\">\n                    <!-- module image -->\n<div  class=\"module module-image tb_tffq282 image-top   tf_mw tb_gs2677162d\" data-lazy=\"1\">\n        <div class=\"image-wrap tf_rel tf_mw\">\n            <img loading=\"lazy\" decoding=\"async\" width=\"1920\" height=\"1280\" src=\"https:\/\/www.adfc-wiesbaden.de\/wp-content\/uploads\/2026\/04\/2025-fahrrad-codierung_ok.jpg\" class=\"wp-post-image wp-image-76211\" title=\"Codificator de ace pentru codificarea bicicletelor\" alt=\"Codificator de ace pentru codificarea bicicletelor\" srcset=\"https:\/\/www.adfc-wiesbaden.de\/wp-content\/uploads\/2026\/04\/2025-fahrrad-codierung_ok.jpg 1920w, https:\/\/www.adfc-wiesbaden.de\/wp-content\/uploads\/2026\/04\/2025-fahrrad-codierung_ok-700x467.jpg 700w, https:\/\/www.adfc-wiesbaden.de\/wp-content\/uploads\/2026\/04\/2025-fahrrad-codierung_ok-1400x933.jpg 1400w, https:\/\/www.adfc-wiesbaden.de\/wp-content\/uploads\/2026\/04\/2025-fahrrad-codierung_ok-200x133.jpg 200w, https:\/\/www.adfc-wiesbaden.de\/wp-content\/uploads\/2026\/04\/2025-fahrrad-codierung_ok-768x512.jpg 768w, https:\/\/www.adfc-wiesbaden.de\/wp-content\/uploads\/2026\/04\/2025-fahrrad-codierung_ok-1536x1024.jpg 1536w, https:\/\/www.adfc-wiesbaden.de\/wp-content\/uploads\/2026\/04\/2025-fahrrad-codierung_ok-18x12.jpg 18w\" sizes=\"auto, (max-width: 1920px) 100vw, 1920px\" \/>    \n        <\/div>\n    <!-- \/image-wrap -->\n    \n        <div class=\"image-content\">\n                    <h3 class=\"image-title\">\n                                    Codificator de ace pentru codificarea bicicletelor                            <\/h3>\n                    <\/div>\n    <!-- \/image-content -->\n        <\/div>\n<!-- \/module image -->        <\/div>\n                        <\/div>\n        <\/div>\n                        <div  data-lazy=\"1\" class=\"module_row themify_builder_row tb_5se3623 tf_w\">\n                        <div class=\"row_inner col_align_top tb_col_count_1 tf_box tf_rel\">\n                        <div  data-lazy=\"1\" class=\"module_column tb-column col-full tb_q1la623 first\">\n                    <!-- module text -->\n<div  class=\"module module-text tb_763t663\" data-lazy=\"1\">\n        <div  class=\"tb_text_wrap\">\n        <h1 class=\"\">Codificarea bicicletelor<\/h1>\n<p><strong>ADFC Wiesbaden ofer\u0103 \u00een mod regulat codificarea bicicletelor. Aici v\u0103 explic\u0103m ce este codificarea \u0219i de ce este logic s\u0103 v\u0103 codifica\u021bi bicicleta.<\/strong><\/p>    <\/div>\n<\/div>\n<!-- \/module text -->        <\/div>\n                        <\/div>\n        <\/div>\n                        <div  data-lazy=\"1\" class=\"module_row themify_builder_row tb_8qf0372 tf_w\">\n                        <div class=\"row_inner col_align_top tb_col_count_2 tf_box tf_rel\">\n                        <div  data-lazy=\"1\" class=\"module_column tb-column col4-2 tb_olh5372 first\">\n                    <!-- module text -->\n<div  class=\"module module-text tb_ugre579    tb_gs678604\" data-lazy=\"1\">\n        <div  class=\"tb_text_wrap\">\n        <h6>Ce este codificarea bicicletelor?<\/h6>\n<p>Codificarea bicicletelor este un sistem dezvoltat de poli\u021bie \u0219i utilizat la nivel na\u021bional pentru a-\u0219i proteja proprietatea de pierderi. Un cod format din adresa criptat\u0103 \u0219i ini\u021bialele proprietarului este gravat vizibil \u00een cadrul bicicletei \u0219i sigilat \u00eempotriva coroziunii. Eliminarea acestui cod necesit\u0103 mult efort.<\/p>\n<h6>De ce ar trebui s\u0103 ave\u021bi bicicleta codificat\u0103?<\/h6>\n<p>Dac\u0103 ave\u021bi bicicleta codificat\u0103, degetele lungi fac via\u021ba dificil\u0103. F\u0103r\u0103 dovada dreptului de proprietate, ei nu pot ajunge departe cu bunurile furate pe dou\u0103 ro\u021bi: codificarea arat\u0103 imediat cine este proprietarul ro\u021bii furate. Prin urmare, codificarea face mai dificil\u0103 dec\u00e2t simpla rev\u00e2nzare, \u00een special prin intermediul pie\u021belor de vechituri sau prin internet.<\/p>\n<p>Valoarea de v\u00e2nzare a bunurilor furate scade semnificativ, \u00een timp ce gradul de descurajare \u0219i pragul de inhibare pentru poten\u021bialii ho\u021bi cresc. Dup\u0103 cum a ar\u0103tat experien\u021ba, codificarea poate reduce \u00een mod semnificativ num\u0103rul de furturi \u0219i poate cre\u0219te rata de recunoa\u0219tere.<\/p>\n<h6>Unde \u0219i c\u00e2nd pot avea bicicleta codificat\u0103?<\/h6>\n<p>ADFC Wiesbaden \/ Rheingau-Taunus ofer\u0103 de obicei codificarea bicicletelor la schimburile de biciclete. Toate datele de codificare viitoare pot fi g\u0103site \u00een partea de jos a acestei pagini.<\/p>\n<p>Partenerul nostru de cooperare \u201eDER RADLER\u201d poate fi contactat \u00een perioada aprilie-octombrie, la data de 1 a fiec\u0103rui an. Asigura\u021bi-v\u0103 c\u0103 bicicleta dvs. este codificat\u0103 \u00een ziua de s\u00e2mb\u0103t\u0103 a lunii prin programare. Persoan\u0103 de contact: 0611 98819555, der-radler@bauhaus-wiesbaden.de (\u00een limba englez\u0103)<br><br>Aici ve\u021bi g\u0103si o <a href=\"\/wp-content\/uploads\/2025\/02\/2022er_Codierauftrag-vom-Bundesverband-1.pdf\">Ordinea de codificare a formularului<\/a>, pe care \u00eel pute\u021bi aduce cu dumneavoastr\u0103 de dou\u0103 ori \u0219i preumplut, scurt\u00e2ndu-v\u0103 astfel timpul de a\u0219teptare.<\/p>\n<h6>C\u00e2t cost\u0103 s\u0103-mi codific motocicleta?<\/h6>\n<p>Pre\u021burile pentru codificare sunt urm\u0103toarele:<br>10,- EUR pentru membrii ADFC (\u00eempotriva ID)<br>15,- EUR pentru nemembri.<\/p>\n<p>Este posibil\u0103 o codificare separat\u0103 a bateriilor pedelec \u0219i se pl\u0103te\u0219te la 5 EUR \u00een plus.<\/p>\n<p>Este codificat cu un embosser de unghii care seam\u0103n\u0103 cu o imprimant\u0103 cu ac, cu excep\u021bia faptului c\u0103 scrie pe metal \u0219i nu pe h\u00e2rtie.<\/p>\n<p>Din p\u0103cate, nu putem codifica ro\u021bi cu cadre de carbon \u0219i ro\u021bi de leasing.<\/p>    <\/div>\n<\/div>\n<!-- \/module text -->        <\/div>\n                    <div  data-lazy=\"1\" class=\"module_column tb-column col4-2 tb_zy7v353 last\">\n                    <!-- module box -->\n<div  class=\"module module-box tb_qgt6649  tb_gs678604\" data-lazy=\"1\">\n    <div class=\"module-box-content ui  tb_default_color\">\n                <div class=\"tb_text_wrap\"><div class=\"tb_layout_part_wrap tf_w\"><!--themify_builder_content-->\n    <div  class=\"themify_builder_content themify_builder_content-70491 themify_builder not_editable_builder in_the_loop\" data-postid=\"70491\">\n                        <div  data-lazy=\"1\" class=\"module_row themify_builder_row blue_right_menu_box tb_eys8121 tf_w\">\n                        <div class=\"row_inner col_align_top tb_col_count_1 tf_box tf_rel\">\n                        <div  data-lazy=\"1\" class=\"module_column tb-column col-full tb_os8l212 first\">\n                    <!-- module text -->\n<div  class=\"module module-text tb_sgrx519\" data-lazy=\"1\">\n        <div  class=\"tb_text_wrap\">\n        <h2>Alte leg\u0103turi<\/h2>    <\/div>\n<\/div>\n<!-- \/module text --><!-- module buttons -->\n<div  class=\"module module-buttons tb_d38f121 buttons-horizontal transparent\" data-lazy=\"1\">\n        <div class=\"module-buttons-item tf_in_flx\">\n                        <a href=\"\/wp-content\/uploads\/2025\/02\/2022er_Codierauftrag-vom-Bundesverband-1.pdf\" class=\"ui builder_button tf_in_flx tb_default_color\" target=\"_blank\" rel=\"noopener\">\n                                    <em><svg  class=\"tf_fa tf-ti-download\" xmlns:xlink=\"http:\/\/www.w3.org\/1999\/xlink\" aria-hidden=\"true\"><use href=\"#tf-ti-download\" xlink:href=\"#tf-ti-download\"><\/use><\/svg><\/em>                                        Ordinea de codificare                                        <\/a>\n                <\/div>\n            <\/div>\n<!-- \/module buttons -->\n        <div  data-lazy=\"1\" class=\"module_subrow themify_builder_sub_row tf_w col_align_top tb_col_count_1 tb_2rvk030\">\n                <div  data-lazy=\"1\" class=\"module_column sub_column col-full tb_o44r031 first\">\n                    <!-- module divider -->\n<div  class=\"module tf_mw module-divider tb_6ql2022 solid\" style=\"border-width: 1px;border-color: #ffffff;margin-top: 1px;margin-bottom: 1px;\" data-lazy=\"1\">\n    <\/div>\n<!-- \/module divider -->\n        <\/div>\n                    <\/div>\n        <!-- module buttons -->\n<div  class=\"module module-buttons tb_dr82109 buttons-horizontal transparent\" data-lazy=\"1\">\n        <div class=\"module-buttons-item tf_in_flx\">\n                        <a href=\"https:\/\/www.fa-technik-adfc.de\/ein\" class=\"ui builder_button tf_in_flx tb_default_color\" target=\"_blank\" rel=\"noopener\">\n                                    <em><svg  class=\"tf_fa tf-ti-new-window\" xmlns:xlink=\"http:\/\/www.w3.org\/1999\/xlink\" aria-hidden=\"true\"><use href=\"#tf-ti-new-window\" xlink:href=\"#tf-ti-new-window\"><\/use><\/svg><\/em>                                        Generator de coduri                                        <\/a>\n                <\/div>\n            <\/div>\n<!-- \/module buttons -->\n        <div  data-lazy=\"1\" class=\"module_subrow themify_builder_sub_row tf_w col_align_top tb_col_count_1 tb_53gd77\">\n                <div  data-lazy=\"1\" class=\"module_column sub_column col-full tb_miag77 first\">\n                    <!-- module divider -->\n<div  class=\"module tf_mw module-divider tb_sxz177 solid\" style=\"border-width: 1px;border-color: #ffffff;margin-top: 1px;margin-bottom: 1px;\" data-lazy=\"1\">\n    <\/div>\n<!-- \/module divider -->\n        <\/div>\n                    <\/div>\n        <!-- module buttons -->\n<div  class=\"module module-buttons tb_ppca222 buttons-horizontal transparent\" data-lazy=\"1\">\n        <div class=\"module-buttons-item tf_in_flx\">\n                        <a href=\"http:\/\/codierung.adfc.de\/\" class=\"ui builder_button tf_in_flx tb_default_color\" target=\"_blank\" rel=\"noopener\">\n                                    <em><svg  class=\"tf_fa tf-ti-new-window\" xmlns:xlink=\"http:\/\/www.w3.org\/1999\/xlink\" aria-hidden=\"true\"><use href=\"#tf-ti-new-window\" xlink:href=\"#tf-ti-new-window\"><\/use><\/svg><\/em>                                        WG Asocia\u021bia Federal\u0103 de Codificare                                         <\/a>\n                <\/div>\n            <\/div>\n<!-- \/module buttons -->\n        <div  data-lazy=\"1\" class=\"module_subrow themify_builder_sub_row tf_w col_align_top tb_col_count_1 tb_dfib58\">\n                <div  data-lazy=\"1\" class=\"module_column sub_column col-full tb_986w58 first\">\n                    <!-- module divider -->\n<div  class=\"module tf_mw module-divider tb_suk658 solid\" style=\"border-width: 1px;border-color: #ffffff;margin-top: 1px;margin-bottom: 1px;\" data-lazy=\"1\">\n    <\/div>\n<!-- \/module divider -->\n        <\/div>\n                    <\/div>\n        <!-- module buttons -->\n<div  class=\"module module-buttons tb_lecx007 buttons-horizontal transparent\" data-lazy=\"1\">\n        <div class=\"module-buttons-item tf_in_flx\">\n                        <a href=\"https:\/\/touren-termine.adfc.de\/suche?eventType=Termin&#038;includedTags=6\" class=\"ui builder_button tf_in_flx tb_default_color\" target=\"_blank\" rel=\"noopener\">\n                                    <em><svg  class=\"tf_fa tf-ti-new-window\" xmlns:xlink=\"http:\/\/www.w3.org\/1999\/xlink\" aria-hidden=\"true\"><use href=\"#tf-ti-new-window\" xlink:href=\"#tf-ti-new-window\"><\/use><\/svg><\/em>                                        Date de codificare la nivel na\u021bional                                        <\/a>\n                <\/div>\n            <\/div>\n<!-- \/module buttons -->\n        <div  data-lazy=\"1\" class=\"module_subrow themify_builder_sub_row tf_w col_align_top tb_col_count_1 tb_s503101\">\n                <div  data-lazy=\"1\" class=\"module_column sub_column col-full tb_h04r001 first\">\n                    <!-- module divider -->\n<div  class=\"module tf_mw module-divider tb_mx94244 solid\" style=\"border-width: 1px;border-color: #ffffff;margin-top: 1px;margin-bottom: 1px;\" data-lazy=\"1\">\n    <\/div>\n<!-- \/module divider -->\n        <\/div>\n                    <\/div>\n        <!-- module buttons -->\n<div  class=\"module module-buttons tb_71aq604 buttons-horizontal transparent\" data-lazy=\"1\">\n        <div class=\"module-buttons-item tf_in_flx\">\n                        <a href=\"https:\/\/mainz-bingen.adfc.de\/ueber-uns#c58891\" class=\"ui builder_button tf_in_flx tb_default_color\" >\n                                    <em><svg  class=\"tf_fa tf-ti-new-window\" xmlns:xlink=\"http:\/\/www.w3.org\/1999\/xlink\" aria-hidden=\"true\"><use href=\"#tf-ti-new-window\" xlink:href=\"#tf-ti-new-window\"><\/use><\/svg><\/em>                                        Codificare ADFC Mainz-Bingen                                        <\/a>\n                <\/div>\n            <\/div>\n<!-- \/module buttons -->\n        <div  data-lazy=\"1\" class=\"module_subrow themify_builder_sub_row tf_w col_align_top tb_col_count_1 tb_2imb102\">\n                <div  data-lazy=\"1\" class=\"module_column sub_column col-full tb_9plj000 first\">\n                    <!-- module divider -->\n<div  class=\"module tf_mw module-divider tb_iyh1212 solid\" style=\"border-width: 1px;border-color: #ffffff;margin-top: 1px;margin-bottom: 1px;\" data-lazy=\"1\">\n    <\/div>\n<!-- \/module divider -->\n        <\/div>\n                    <\/div>\n        <!-- module buttons -->\n<div  class=\"module module-buttons tb_zqnw111 buttons-horizontal transparent\" data-lazy=\"1\">\n        <div class=\"module-buttons-item tf_in_flx\">\n                        <a href=\"https:\/\/hessen.adfc.de\/artikel\/alles-zur-fahrrad-codierung\" class=\"ui builder_button tf_in_flx tb_default_color\" >\n                                    <em><svg  class=\"tf_fa tf-ti-new-window\" xmlns:xlink=\"http:\/\/www.w3.org\/1999\/xlink\" aria-hidden=\"true\"><use href=\"#tf-ti-new-window\" xlink:href=\"#tf-ti-new-window\"><\/use><\/svg><\/em>                                        Informa\u021bii din partea ADFC Hessen                                        <\/a>\n                <\/div>\n            <\/div>\n<!-- \/module buttons -->\n        <div  data-lazy=\"1\" class=\"module_subrow themify_builder_sub_row tf_w col_align_top tb_col_count_1 tb_m2dn512\">\n                <div  data-lazy=\"1\" class=\"module_column sub_column col-full tb_9xa1851 first\">\n                    <!-- module divider -->\n<div  class=\"module tf_mw module-divider tb_ij2s111 solid\" style=\"border-width: 1px;border-color: #ffffff;margin-top: 1px;margin-bottom: 1px;\" data-lazy=\"1\">\n    <\/div>\n<!-- \/module divider -->\n        <\/div>\n                    <\/div>\n                <\/div>\n                        <\/div>\n        <\/div>\n            <\/div>\n<!--\/themify_builder_content--><\/div>\n<\/div>\n    <\/div>\n<\/div>\n<!-- \/module box -->\n        <\/div>\n                        <\/div>\n        <\/div>\n                        <div  data-lazy=\"1\" class=\"module_row themify_builder_row tb_lxtv192 tf_w\">\n                        <div class=\"row_inner col_align_top tb_col_count_1 tf_box tf_rel\">\n                        <div  data-lazy=\"1\" class=\"module_column tb-column col-full tb_xrvv193 first\">\n                    <!-- module text -->\n<div  class=\"module module-text tb_ofox322\" data-lazy=\"1\" id=\"Codiertermine\">\n        <div  class=\"tb_text_wrap\">\n        <h3>Prezentare general\u0103 a urm\u0103toarelor date de codificare ale ADFC Wiesbaden \/ Rheingau-Taunus<\/h3>    <\/div>\n<\/div>\n<!-- \/module text --><!-- module plain text -->\n<div  class=\"module module-plain-text tb_md2z722 cloud-kalender\" data-lazy=\"1\">\n        <div class=\"tb_text_wrap\">\n    <div class=\"veranstaltungsliste\"><!--Start Veranstaltungsliste-->\n<div class=\"veranstaltung\"  itemscope=\"itemscope\" itemtype=\"http:\/\/schema.org\/Event\">\n<h3 itemprop=\"name\">U\u0218A DESCHIS\u0102 \u00een ADFC cu ofert\u0103 de codificare<\/h3>\n<!--20260601T160000 - 20260601T190000-->\n<meta itemprop=\"startDate\" content=\"2026-06-01T16:00:00+0200\"><meta itemprop=\"endDate\" content=\"2026-06-01T19:00:00+0200\">\n<p class=\"datum\"><span class=\"start\">Mo.\u00a001.06.2026 16:00<\/span> \uff0d <span class=\"ende\">19:00<\/span>, <span class=\"kategorie\">web _ codificare<\/span><\/p> <p class=\"ort\" itemprop=\"location\" itemscope=\"itemscope\" itemtype=\"http:\/\/schema.org\/Place\">Biroul ADFC, Goebenstra\u00dfe 1, 65195 Wiesbaden, Germania<\/p><p class=\"beschreibung\" itemprop=\"description\"><a href=\"https:\/\/www.adfc-wiesbaden.de\/ro\/service\/codierung\/\" target=\"_blank\">Informa\u021bii privind codificarea<\/a><\/p>\n\n<\/div>\n<div class=\"veranstaltung\"  itemscope=\"itemscope\" itemtype=\"http:\/\/schema.org\/Event\">\n<h3 itemprop=\"name\">Schimb de biciclete cu codificare<\/h3>\n<!--20260606T100000 - 20260606T140000-->\n<meta itemprop=\"startDate\" content=\"2026-06-06T10:00:00+0200\"><meta itemprop=\"endDate\" content=\"2026-06-06T14:00:00+0200\">\n<p class=\"datum\"><span class=\"start\">Sa.\u00a006.06.2026 10:00<\/span> \uff0d <span class=\"ende\">14:00<\/span>, <span class=\"kategorie\">web_general, web_b\u00f6rse, web_coding<\/span><\/p> <p class=\"ort\" itemprop=\"location\" itemscope=\"itemscope\" itemtype=\"http:\/\/schema.org\/Place\">T\u00e2rg de biciclete \u00een parcul cultural de la abator<\/p><p class=\"beschreibung\" itemprop=\"description\">Bicicletele uzate \u0219i piesele de biciclete pot fi cump\u0103rate \u0219i v\u00e2ndute, de la privat la privat. Pentru v\u00e2nz\u0103tori: Doar vino, g\u0103se\u0219te un loc, pune etichete de pre\u021b. Pentru cump\u0103r\u0103tori: Vino, alege, testeaz\u0103, ac\u021bioneaz\u0103. Este \u00eenc\u0103 neclar dac\u0103 poate fi codificat\u0103.<br\/><a href=\"https:\/\/www.adfc-wiesbaden.de\/ro\/service\/fahrradboersen\/\" target=\"_blank\">Mai multe informa\u021bii<\/a><\/p>\n\n<\/div>\n<div class=\"veranstaltung\"  itemscope=\"itemscope\" itemtype=\"http:\/\/schema.org\/Event\">\n<h3 itemprop=\"name\">Codificarea bicicletelor la festivalul bicicletelor din 20 iunie<\/h3>\n<!--20260620T160000 - 20260620T190000-->\n<meta itemprop=\"startDate\" content=\"2026-06-20T16:00:00+0200\"><meta itemprop=\"endDate\" content=\"2026-06-20T19:00:00+0200\">\n<p class=\"datum\"><span class=\"start\">Sa.\u00a020.06.2026 16:00<\/span> \uff0d <span class=\"ende\">19:00<\/span>, <span class=\"kategorie\">web_general, web_b\u00f6rse, web_coding<\/span><\/p> <p class=\"ort\" itemprop=\"location\" itemscope=\"itemscope\" itemtype=\"http:\/\/schema.org\/Place\">Dern'sches Gel\u00e4nde, Wiesbaden<\/p><p class=\"beschreibung\" itemprop=\"description\">La festivalul de biciclete pentru finalul STADTRADELN din Wiesbaden, oferim un stand de informare \u0219i codificare pentru biciclete.<br\/><a href=\"https:\/\/www.adfc-wiesbaden.de\/ro\/service\/codierung\/\" target=\"_blank\">Mai multe informa\u021bii<\/a><\/p>\n\n<\/div>\n<div class=\"veranstaltung\"  itemscope=\"itemscope\" itemtype=\"http:\/\/schema.org\/Event\">\n<h3 itemprop=\"name\">Schimb de biciclete cu codificare<\/h3>\n<!--20260905T100000 - 20260905T150000-->\n<meta itemprop=\"startDate\" content=\"2026-09-05T10:00:00+0200\"><meta itemprop=\"endDate\" content=\"2026-09-05T15:00:00+0200\">\n<p class=\"datum\"><span class=\"start\">Sa.\u00a005.09.2026 10:00<\/span> \uff0d <span class=\"ende\">15:00<\/span>, <span class=\"kategorie\">web_general, web_b\u00f6rse, web_coding<\/span><\/p> <p class=\"ort\" itemprop=\"location\" itemscope=\"itemscope\" itemtype=\"http:\/\/schema.org\/Place\">Pia\u021ba de vechituri din parcul cultural de la abator<\/p><p class=\"beschreibung\" itemprop=\"description\">Bicicletele uzate \u0219i piesele de biciclete pot fi cump\u0103rate \u0219i v\u00e2ndute, de la privat la privat. Pentru v\u00e2nz\u0103tori: veni\u021bi, c\u0103uta\u021bi spa\u021biu, ata\u0219a\u021bi etichete de pre\u021b. Pentru cump\u0103r\u0103tori: doar vino, alege, test drive, comer\u021b. \u00cen plus, oferim un stand de informa\u021bii \u0219i coduri pentru biciclete.<br\/><a href=\"https:\/\/www.adfc-wiesbaden.de\/ro\/service\/fahrradboersen\/\" target=\"_blank\">Mai multe informa\u021bii<\/a><\/p>\n\n<\/div>\n<p>4 evenimente g\u0103site<\/p>\n<\/div>\n<!--Ende Veranstaltungsliste-->\n    <\/div>\n<\/div>\n<!-- \/module plain text -->        <\/div>\n                        <\/div>\n        <\/div>\n        <\/div>\n<!--\/themify_builder_content-->","protected":false},"excerpt":{"rendered":"<p>ADFC Wiesbaden ofer\u0103 \u00een mod regulat codificarea bicicletelor. Aici v\u0103 explic\u0103m ce este codificarea \u0219i de ce este logic s\u0103 v\u0103 codifica\u021bi bicicleta.<\/p>","protected":false},"author":50,"featured_media":70201,"parent":69773,"menu_order":0,"comment_status":"closed","ping_status":"closed","template":"","meta":{"footnotes":""},"tags":[765],"class_list":["post-69523","page","type-page","status-publish","has-post-thumbnail","hentry","tag-codierung","has-post-title","has-post-date","has-post-category","has-post-tag","has-post-comment","has-post-author",""],"builder_content":"<img src=\"https:\/\/www.adfc-wiesbaden.de\/wp-content\/uploads\/2026\/04\/2025-fahrrad-codierung_ok.jpg\" title=\"Nadel-Codierger\u00e4t bei der Fahrrad-Codierung\" alt=\"Nadel-Codierger\u00e4t bei der Fahrrad-Codierung\" srcset=\"https:\/\/www.adfc-wiesbaden.de\/wp-content\/uploads\/2026\/04\/2025-fahrrad-codierung_ok.jpg 1920w, https:\/\/www.adfc-wiesbaden.de\/wp-content\/uploads\/2026\/04\/2025-fahrrad-codierung_ok-700x467.jpg 700w, https:\/\/www.adfc-wiesbaden.de\/wp-content\/uploads\/2026\/04\/2025-fahrrad-codierung_ok-1400x933.jpg 1400w, https:\/\/www.adfc-wiesbaden.de\/wp-content\/uploads\/2026\/04\/2025-fahrrad-codierung_ok-200x133.jpg 200w, https:\/\/www.adfc-wiesbaden.de\/wp-content\/uploads\/2026\/04\/2025-fahrrad-codierung_ok-768x512.jpg 768w, https:\/\/www.adfc-wiesbaden.de\/wp-content\/uploads\/2026\/04\/2025-fahrrad-codierung_ok-1536x1024.jpg 1536w, https:\/\/www.adfc-wiesbaden.de\/wp-content\/uploads\/2026\/04\/2025-fahrrad-codierung_ok-18x12.jpg 18w\" sizes=\"(max-width: 1920px) 100vw, 1920px\" \/> <h3> Nadel-Codierger\u00e4t bei der Fahrrad-Codierung <\/h3>\n<h1>Fahrrad-Codierung<\/h1> <p><strong>Der ADFC Wiesbaden bietet regelm\u00e4\u00dfig Fahrradcodierungen an. Hier erkl\u00e4ren wir, was die Codierung ist und warum es sinnvoll ist, sein Fahrrad codieren zu lassen.<\/strong><\/p>\n<h6>Was ist eine Fahrradcodierung?<\/h6> <p>Fahrradcodierung ist ein von der Polizei entwickeltes und bundesweit angewandtes System, um sein Eigentum vor Verlust zu sch\u00fctzen. Ein Code, bestehend aus der verschl\u00fcsselten Adresse und den Initialen des Eigent\u00fcmers, wird in den Fahrradrahmen deutlich sichtbar eingraviert und gegen Korrosion versiegelt. Diesen Code wieder zu entfernen bedarf eines gr\u00f6\u00dferen Aufwandes.<\/p> <h6>Wieso sollte man sein Fahrrad codieren lassen?<\/h6> <p>Wer sein Fahrrad codieren l\u00e4sst, macht Langfingern das Leben schwer. Denn ohne Eigentumsnachweis kommen sie mit dem zweir\u00e4drigen Diebesgut nicht weit: Die Codierung zeigt sofort, wer der Eigent\u00fcmer des geklauten Rads ist. Die Codierung erschwert also mehr als nur den Weiterverkauf, insbesondere den \u00fcber Flohm\u00e4rkte oder via Internet.<\/p> <p>Der Verkaufswert des Diebesguts sinkt erheblich, w\u00e4hrend der Grad der Abschreckung und die Hemmschwelle f\u00fcr potenzielle Diebe steigt. Eine Codierung kann, wie die bisherige Erfahrung lehrt, die Zahl der Diebst\u00e4hle also deutlich senken und die Aufkl\u00e4rungsquote erh\u00f6hen.<\/p> <h6>Wo und wann kann ich mein Fahrrad codieren lassen?<\/h6> <p>Der ADFC Wiesbaden \/ Rheingau-Taunus bietet in der Regel bei den Fahrradb\u00f6rsen die Fahrradcodierung an. Alle kommenden Codiertermine finden Sie unten auf dieser Seite.<\/p> <p>Bei unserem Kooperationspartner \"DER RADLER\" kann man von April bis Oktober\u00a0jeweils am 1. Samstag des Monats sein Fahrrad nach Voranmeldung codieren lassen. Kontakt: 0611 98819555, der-radler\u200d@bauhaus-wiesbaden.de<br><br>Hier finden Sie einen <a href=\"\/wp-content\/uploads\/2025\/02\/2022er_Codierauftrag-vom-Bundesverband-1.pdf\">Vordruck Codierauftrag<\/a>, den Sie zweifach und vorausgef\u00fcllt mitbringen und damit Ihre Wartezeit verk\u00fcrzen k\u00f6nnen.<\/p> <h6>Was kostet es, mein Fahrrad codieren zu lassen?<\/h6> <p>Die Preise f\u00fcr das Codieren sind wie folgt:<br>10,\u2013 EUR f\u00fcr ADFC-Mitglieder (gegen Ausweis)<br>15,\u2013 EUR f\u00fcr Nicht-Mitglieder.<\/p> <p>Eine separate Codierung von Pedelec-Akkus ist m\u00f6glich und wird mit 5 EUR extra berechnet.<\/p> <p>Codiert wird mit einem Nagelpr\u00e4ger, der einem Nadeldrucker \u00e4hnelt, nur dass er auf Metall und nicht auf Papier schreibt.<\/p> <p>R\u00e4der mit Carbon-Rahmen und Leasingr\u00e4der k\u00f6nnen wir leider nicht codieren.<\/p>\n<p>[themify_layout_part id=\"70491\"]<\/p>\n<h3>\u00dcbersicht der n\u00e4chsten Codiertermine des ADFC Wiesbaden \/ Rheingau-Taunus<\/h3>\n[adfc_kalender_liste interval=\"6 month\" kategorie=\"web_codierung\"]","_links":{"self":[{"href":"https:\/\/www.adfc-wiesbaden.de\/ro\/wp-json\/wp\/v2\/pages\/69523","targetHints":{"allow":["GET"]}}],"collection":[{"href":"https:\/\/www.adfc-wiesbaden.de\/ro\/wp-json\/wp\/v2\/pages"}],"about":[{"href":"https:\/\/www.adfc-wiesbaden.de\/ro\/wp-json\/wp\/v2\/types\/page"}],"author":[{"embeddable":true,"href":"https:\/\/www.adfc-wiesbaden.de\/ro\/wp-json\/wp\/v2\/users\/50"}],"replies":[{"embeddable":true,"href":"https:\/\/www.adfc-wiesbaden.de\/ro\/wp-json\/wp\/v2\/comments?post=69523"}],"version-history":[{"count":71,"href":"https:\/\/www.adfc-wiesbaden.de\/ro\/wp-json\/wp\/v2\/pages\/69523\/revisions"}],"predecessor-version":[{"id":77182,"href":"https:\/\/www.adfc-wiesbaden.de\/ro\/wp-json\/wp\/v2\/pages\/69523\/revisions\/77182"}],"up":[{"embeddable":true,"href":"https:\/\/www.adfc-wiesbaden.de\/ro\/wp-json\/wp\/v2\/pages\/69773"}],"wp:featuredmedia":[{"embeddable":true,"href":"https:\/\/www.adfc-wiesbaden.de\/ro\/wp-json\/wp\/v2\/media\/70201"}],"wp:attachment":[{"href":"https:\/\/www.adfc-wiesbaden.de\/ro\/wp-json\/wp\/v2\/media?parent=69523"}],"wp:term":[{"taxonomy":"post_tag","embeddable":true,"href":"https:\/\/www.adfc-wiesbaden.de\/ro\/wp-json\/wp\/v2\/tags?post=69523"}],"curies":[{"name":"wp","href":"https:\/\/api.w.org\/{rel}","templated":true}]}}